{"id":4234,"date":"2024-05-03T06:34:04","date_gmt":"2024-05-03T06:34:04","guid":{"rendered":"https:\/\/elfsight.com\/it\/?page_id=4234"},"modified":"2024-11-12T08:36:44","modified_gmt":"2024-11-12T08:36:44","slug":"iframe","status":"publish","type":"page","link":"https:\/\/elfsight.com\/it\/countdown-timer-widget\/iframe\/","title":{"rendered":"Countdown Timer &#8211; iFrame"},"content":{"rendered":"<div class=\"application-platform-content-item-description application-platform-content-item\" id=\"description\" data-nav-section=\"description\"> <h2>Incorpora il timer per il conto alla rovescia su iFrame con il widget Elfsight<\/h2><p>Aggiungi conteggi che attraggono le vendite al tuo sito con il timer per il conto alla rovescia Elfsight. Riscalda l&#8217;atmosfera e crea una sensazione di deficit delle tue offerte, mostrando quanto velocemente vengono esaurite davanti agli occhi dei clienti. Aumenta l&#8217;urgenza nell&#8217;acquisto con il tempo che scende fino alla fine del periodo di offerta speciale. Annuncia le tue future occasioni e mantieni la tua clientela in attesa dell&#8217;inizio con l&#8217;aiuto di un conto alla rovescia. <\/p> <p><b>Aumenta le vendite del tuo sito web grazie a timer e conteggi che creano urgenza. <\/b><\/p> <p><b>Stimola i clienti ad acquistare creando una sensazione di urgenza.<\/b><br> Fai provare ai tuoi utenti la paura di perdere la tua offerta speciale e la tua vendita, con il passare del tempo fino al suo ultimo giorno. Far\u00e0 s\u00ec che le persone acquistino pi\u00f9 velocemente e aumenteranno le vendite sul tuo sito. <\/p> <p><b>Dimostrare la riduzione delle scorte per aumentare il valore degli articoli. <\/b><br> Crea un sentimento di concorrenza per i tuoi prodotti mostrando come il livello degli acquisti aumenta e le scorte diminuiscono. Il valore percepito del prodotto aumenter\u00e0 e anche i visitatori vorranno acquistarlo. <\/p> <p><b>Attira pi\u00f9 attenzione alle vendite utilizzando una luminosa barra per il conto alla rovescia a tema natalizio. <\/b><br> Attraverso attraenti barre tematiche puoi pubblicizzare le tue fantastiche offerte e vendite stagionali. Rendici un festival per aumentare le vendite sul tuo sito.<\/p> <\/div><div class=\"application-platform-content-item-features application-platform-content-item\" id=\"features\" data-nav-section=\"features\"> <h2>Caratteristiche principali del widget Countdown Timer<\/h2> <p>Controlla il plugin premium per il sito iFrame gratuito! Crea un plugin individuale su Elfsight in soli 2 minuti. <\/p><ul> <li>Contatore su e gi\u00f9; <\/li> <li>Testo del messaggio modificabile con formattazione; <\/li> <li>Quattro unit\u00e0 di tempo: giorni, ore, minuti, secondi; <\/li> <li>Allinea le varianti per la posizione personalizzata: sinistra, destra, centro; <\/li> <li>Design pulito che garantisce una perfetta integrazione in qualsiasi concetto di sito web.<\/li><\/ul><p><a href=\"#demo\">Controlla le funzionalit\u00e0 pi\u00f9 importanti nella demo di Elfsight<\/a><\/p><\/div> <div class=\"application-platform-content-item-setup application-platform-content-item\" id=\"setup\" data-nav-section=\"setup\"> <h2>Come aggiungere il timer per il conto alla rovescia al sito Web iFrame<\/h2><p>Leggi il nostro manuale rapido sull&#8217;incorporamento e l&#8217;impostazione del plug-in. Non \u00e8 necessario avere competenze di programmazione e il tempo di riepilogo del processo sar\u00e0 di circa 70 secondi.<\/p><ol><li><b>Genera il tuo plugin Countdown personalizzato<\/b><br> Gestendo il nostro editor gratuito, ottieni un plugin con una composizione e caratteristiche funzionali preferite. <\/li><li><b>Copia il codice individuale per installare il plugin<\/b><br> Dopo aver creato il tuo plugin, acquisirai il codice univoco dalla finestra visualizzata su Elfsight Apps. Copialo per un ulteriore utilizzo. <\/li> <li><b> Il plugin sul tuo sito iFrame<\/b><br> Scegli l&#8217;area in cui desideri visualizzare il plugin e incolla l\u00ec il codice copiato. Salva le modifiche. <\/li> <li><b>Hai finito!<\/b><br> Vai alla pagina web per dare un&#8217;occhiata al tuo timer. <\/li> <\/ol><p>Hai difficolt\u00e0 durante lo svolgimento della guida? Invia un messaggio al centro di supporto Elfsight o controlla la variante dettagliata del manuale per provare a risolvere tu stesso il problema.<\/p><div class=\"faq\" data-component=\"FAQ\"> <div class=\"faq-item\">\r\n\t\t\t\t\t<div class=\"faq-item-question\">\r\n\t\t\t\t\t\t<h3 class=\"faq-item-question-text\">Come aggiungere un timer per il conto alla rovescia al mio sito Web iFrame senza competenze di codifica?<\/h3>\r\n\r\n\t\t\t\t\t\t<div class=\"faq-item-question-icon\"><\/div>\r\n\t\t\t\t\t<\/div>\r\n\r\n\t\t\t\t\t<div class=\"faq-item-answer\">\r\n\t\t\t\t\t\t<div class=\"faq-item-answer-text\"> <p>Elfsight fornisce una soluzione SaaS che ti consente di creare tu stesso un widget timer per il conto alla rovescia, scopri quanto \u00e8 semplice il processo: lavora direttamente nell&#8217;editor online per creare un widget timer per il conto alla rovescia che vorresti vedere sul tuo sito web iFrame. Scegli uno dei modelli predefiniti e regola le impostazioni del timer per il conto alla rovescia, aggiungi i tuoi contenuti, modifica il layout e la combinazione di colori senza alcuna competenza di codifica. Salva il timer per il conto alla rovescia e copia il suo codice di installazione, in modo da poterlo aggiungere facilmente al tuo sito iFrame senza acquistare un piano a pagamento. Con il nostro editor intuitivo qualsiasi utente di Internet pu\u00f2 creare un widget per il conto alla rovescia online e incorporarlo facilmente nel proprio sito Web iFrame. Non \u00e8 necessario pagare o inserire le credenziali della carta per accedere al servizio. In caso di problemi in qualsiasi momento, non esitate a contattare il nostro team di supporto tecnico.<\/p> <\/div>\r\n\t\t\t\t\t<\/div>\r\n\t\t\t\t<\/div> <\/div> <\/div>","protected":false},"excerpt":{"rendered":"","protected":false},"author":9,"featured_media":0,"parent":1109,"menu_order":0,"comment_status":"closed","ping_status":"closed","template":"templates\/template-application-platform.php","meta":{"publish_to_discourse":"","publish_post_category":"","wpdc_auto_publish_overridden":"","wpdc_topic_tags":"","wpdc_pin_topic":"","wpdc_pin_until":"","discourse_post_id":"","discourse_permalink":"","wpdc_publishing_response":"","wpdc_publishing_error":"","footnotes":""},"class_list":["post-4234","page","type-page","status-publish","hentry"],"yoast_head":"<!-- This site is optimized with the Yoast SEO plugin v25.3.1 - https:\/\/yoast.com\/wordpress\/plugins\/seo\/ -->\n<title>Plug-in iFrame Countdown Timer per il tuo sito web (gratuito e veloce)<\/title>\n<meta name=\"description\" content=\"Con Elfsight, progetta il tuo plug-in Countdown Timer e inseriscilo facilmente nel sito Web iFrame. Abbiamo assistenza clienti gratuita e pi\u00f9 bonus.\" \/>\n<meta name=\"robots\" content=\"index, follow, max-snippet:-1, max-image-preview:large, max-video-preview:-1\" \/>\n<link rel=\"canonical\" href=\"https:\/\/elfsight.com\/it\/countdown-timer-widget\/iframe\/\" \/>\n<meta property=\"og:locale\" content=\"it_IT\" \/>\n<meta property=\"og:type\" content=\"article\" \/>\n<meta property=\"og:title\" content=\"Plug-in iFrame Countdown Timer per il tuo sito web (gratuito e veloce)\" \/>\n<meta property=\"og:description\" content=\"Con Elfsight, progetta il tuo plug-in Countdown Timer e inseriscilo facilmente nel sito Web iFrame. Abbiamo assistenza clienti gratuita e pi\u00f9 bonus.\" \/>\n<meta property=\"og:url\" content=\"https:\/\/elfsight.com\/it\/countdown-timer-widget\/iframe\/\" \/>\n<meta property=\"og:site_name\" content=\"Elfsight IT\" \/>\n<meta property=\"article:modified_time\" content=\"2024-11-12T08:36:44+00:00\" \/>\n<meta name=\"twitter:card\" content=\"summary_large_image\" \/>\n<meta name=\"twitter:label1\" content=\"Tempo di lettura stimato\" \/>\n\t<meta name=\"twitter:data1\" content=\"3 minuti\" \/>\n<!-- \/ Yoast SEO plugin. -->","yoast_head_json":{"title":"Plug-in iFrame Countdown Timer per il tuo sito web (gratuito e veloce)","description":"Con Elfsight, progetta il tuo plug-in Countdown Timer e inseriscilo facilmente nel sito Web iFrame. Abbiamo assistenza clienti gratuita e pi\u00f9 bonus.","robots":{"index":"index","follow":"follow","max-snippet":"max-snippet:-1","max-image-preview":"max-image-preview:large","max-video-preview":"max-video-preview:-1"},"canonical":"https:\/\/elfsight.com\/it\/countdown-timer-widget\/iframe\/","og_locale":"it_IT","og_type":"article","og_title":"Plug-in iFrame Countdown Timer per il tuo sito web (gratuito e veloce)","og_description":"Con Elfsight, progetta il tuo plug-in Countdown Timer e inseriscilo facilmente nel sito Web iFrame. Abbiamo assistenza clienti gratuita e pi\u00f9 bonus.","og_url":"https:\/\/elfsight.com\/it\/countdown-timer-widget\/iframe\/","og_site_name":"Elfsight IT","article_modified_time":"2024-11-12T08:36:44+00:00","twitter_card":"summary_large_image","twitter_misc":{"Tempo di lettura stimato":"3 minuti"},"schema":{"@context":"https:\/\/schema.org","@graph":[{"@type":"WebPage","@id":"https:\/\/elfsight.com\/it\/countdown-timer-widget\/iframe\/","url":"https:\/\/elfsight.com\/it\/countdown-timer-widget\/iframe\/","name":"Plug-in iFrame Countdown Timer per il tuo sito web (gratuito e veloce)","isPartOf":{"@id":"https:\/\/elfsight.com\/it\/#website"},"datePublished":"2024-05-03T06:34:04+00:00","dateModified":"2024-11-12T08:36:44+00:00","description":"Con Elfsight, progetta il tuo plug-in Countdown Timer e inseriscilo facilmente nel sito Web iFrame. Abbiamo assistenza clienti gratuita e pi\u00f9 bonus.","breadcrumb":{"@id":"https:\/\/elfsight.com\/it\/countdown-timer-widget\/iframe\/#breadcrumb"},"inLanguage":"it-IT","potentialAction":[{"@type":"ReadAction","target":["https:\/\/elfsight.com\/it\/countdown-timer-widget\/iframe\/"]}]},{"@type":"BreadcrumbList","@id":"https:\/\/elfsight.com\/it\/countdown-timer-widget\/iframe\/#breadcrumb","itemListElement":[{"@type":"ListItem","position":1,"name":"Home","item":"https:\/\/elfsight.com\/it\/"},{"@type":"ListItem","position":2,"name":"Countdown Timer","item":"https:\/\/elfsight.com\/it\/countdown-timer-widget\/"},{"@type":"ListItem","position":3,"name":"Countdown Timer &#8211; iFrame"}]},{"@type":"WebSite","@id":"https:\/\/elfsight.com\/it\/#website","url":"https:\/\/elfsight.com\/it\/","name":"Elfsight IT","description":"Just another Elfsight Sites site","potentialAction":[{"@type":"SearchAction","target":{"@type":"EntryPoint","urlTemplate":"https:\/\/elfsight.com\/it\/?s={search_term_string}"},"query-input":{"@type":"PropertyValueSpecification","valueRequired":true,"valueName":"search_term_string"}}],"inLanguage":"it-IT"}]}},"meta_box":{"industry":"","seo_heading":"","heading":"","description":"","cta_heading":"","cta_description":"","application":"1108","h1":"Plug-in iFrame per il conto alla rovescia","h1_caption":"Imposta un conto alla rovescia per eventi o promozioni importanti, creando facilmente un senso di urgenza per i tuoi visitatori nel tuo sito web iFrame.","application_category":[],"applications_title":"","applications_request_title":"","applications_request_button_text":"","hero_text":"","hero_video":"","hero_video_schema_markup":"","selling_points_title":"","selling_points_caption":"","selling_points":[],"selling_points_cta_text":"","features_title":"","features":"","ed_cta_examples_text":"","ed_cta_examples_hidden":"","ed_cta_demo_text":"","ed_cta_demo_hidden":"","why_caption":"","why_editor_title":"","why_editor_text":"","why_team_title":"","why_team_text":"","why_service_title":"","why_service_text":"","template_catalog_visible":"","template_catalog_title":"","template_catalog_text":"","template_catalog_categories_visible":"","demo_title":"Crea il tuo widget Conto alla rovescia","demo_caption":"Configura il tuo timer per il conto alla rovescia e aggiungilo gratuitamente al tuo sito iFrame!","default_faq_hidden":"","app_template_category":[],"platform":"54","template_public_id":"","codecanyon_url":"","codecanyon_item_id":"","codecanyon_price":"","pricing_caption":"","pricing_elfsight_apps_hide_column":"","pricing_elfsight_apps_url":"","pricing_codecanyon_price_caption":"","integration_category":[],"integration_request_title":"","integration_request_cta":"","integration_platform":"","integrations":[],"platform_category":[],"video_schema_markup":"","price":"da $ 0 al mese","trial":"","benefits":[{"text":"Servizio di installazione gratuito"},{"text":"Supporto premium"},{"text":"Garanzia di rimborso di 14 giorni"},{"text":"Aggiornamenti gratuiti continui"}],"button_url":"#demo","button_target_blank":"","button_nofollow":"","attributes":[{"name":"Installazioni"},{"name":"Reattivo","content":"S\u00cc"},{"name":"Browser compatibili","content":"IE11, Firefox, Safari, Opera, Chrome, Edge"}],"tags":[],"tags_disable_links":"","hide_more_platforms":"","video_object":"","demo_hide_cta":"","demo_hide_cloud_options":"","pricing_title":"","pricing":[{"pricing_icon":"platform","pricing_title":"Elfsight Apps","pricing_title_caption":"Versione multipiattaforma che funziona su qualsiasi sito web","pricing_price":"da $ 0 \/ mese","pricing_price_caption":"inizia con il piano gratuito","pricing_benefits":[{"text":"Siti web illimitati"},{"text":"Supporto premium"},{"text":"Servizio di installazione gratuito"},{"text":"Offerta speciale per pi\u00f9 app"}],"pricing_button_text":"Aggiungi al sito web","pricing_button_url":"#demo"}],"related_apps_title":"","related_apps_hidden":"","author":"","image":[],"title":"","job":"","social_networks":[]},"_links":{"self":[{"href":"https:\/\/elfsight.com\/it\/wp-json\/wp\/v2\/pages\/4234","targetHints":{"allow":["GET"]}}],"collection":[{"href":"https:\/\/elfsight.com\/it\/wp-json\/wp\/v2\/pages"}],"about":[{"href":"https:\/\/elfsight.com\/it\/wp-json\/wp\/v2\/types\/page"}],"author":[{"embeddable":true,"href":"https:\/\/elfsight.com\/it\/wp-json\/wp\/v2\/users\/9"}],"replies":[{"embeddable":true,"href":"https:\/\/elfsight.com\/it\/wp-json\/wp\/v2\/comments?post=4234"}],"version-history":[{"count":1,"href":"https:\/\/elfsight.com\/it\/wp-json\/wp\/v2\/pages\/4234\/revisions"}],"predecessor-version":[{"id":4238,"href":"https:\/\/elfsight.com\/it\/wp-json\/wp\/v2\/pages\/4234\/revisions\/4238"}],"up":[{"embeddable":true,"href":"https:\/\/elfsight.com\/it\/wp-json\/wp\/v2\/pages\/1109"}],"wp:attachment":[{"href":"https:\/\/elfsight.com\/it\/wp-json\/wp\/v2\/media?parent=4234"}],"curies":[{"name":"wp","href":"https:\/\/api.w.org\/{rel}","templated":true}]}}