{"id":4229,"date":"2024-05-03T06:34:03","date_gmt":"2024-05-03T06:34:03","guid":{"rendered":"https:\/\/elfsight.com\/it\/?page_id=4229"},"modified":"2024-11-12T08:32:11","modified_gmt":"2024-11-12T08:32:11","slug":"facebook","status":"publish","type":"page","link":"https:\/\/elfsight.com\/it\/countdown-timer-widget\/facebook\/","title":{"rendered":"Countdown Timer &#8211; Facebook Page"},"content":{"rendered":"<div class=\"application-platform-content-item-description application-platform-content-item\" id=\"description\" data-nav-section=\"description\"><h2>Descrizione<\/h2><p>Ti stai preparando a organizzare una vendita o a ospitare un evento? Allora il Countdown Timer live \u00e8 lo strumento perfetto per promuoverlo, e Facebook la piattaforma ideale per raggiungere un pubblico pi\u00f9 ampio.<\/p> <p>Creare un senso di urgenza e anticipazione \u00e8 essenziale per qualsiasi evento aziendale o attivit\u00e0 promozionale. Una componente visiva \u00e8 fondamentale per raggiungere il pubblico e trasmettere i sensi necessari. E i social media sono probabilmente uno dei canali pi\u00f9 efficaci per diffondere le informazioni. Un conto alla rovescia animato sulla tua pagina Facebook sarebbe uno strumento perfetto per attirare pi\u00f9 persone e creare entusiasmo per le tue vendite, promozioni o eventi a tempo limitato.<\/p><p>Se non vuoi investire troppo nell&#8217;app orologio sviluppo, ma vorrei avere un timer con un design personalizzato, prova la migliore app Countdown per la pagina Facebook di Elfsight. Ti consente di costruire tutti i possibili tipi di conteggi e timer in modo indolore, veloce e fluido. Sono adatti a qualsiasi caso d&#8217;uso, che si tratti di esigenze aziendali, creative o no-profit. Incoraggiano gli utenti a effettuare acquisti, visitare un negozio fisico o un evento entro poche ore, giorni o settimane prima della fine del periodo di tempo specificato.<\/p><p>I contatori degli articoli rimasti in magazzino evocheranno un senso di mancanza e competizione. tra il pubblico, quindi si affrettavano a ordinare qualcosa di esclusivo e limitato. Questo trucco viene utilizzato dai pi\u00f9 grandi rivenditori di e-commerce, il che dimostra la sua efficacia.<\/p><p>Il conto alla rovescia delle vendite spinger\u00e0 i visitatori a effettuare un acquisto prima che scada il tempo della promozione e perderanno molto. Un timer personale mostra un conto alla rovescia per ogni visitatore con un&#8217;offerta individuale che di solito non dura pi\u00f9 di 1 ora. Stimoler\u00e0 gli acquirenti a utilizzare uno sconto personale da subito fino al termine.<\/p><p>I banner per il conto alla rovescia a tema festivo che offrono prezzi bassi durante gli eventi festivi attireranno l&#8217;attenzione con un design unico adatto all&#8217;occasione. Gli acquirenti solitamente si aspettano queste vendite, quindi dovresti renderle pi\u00f9 vivide e annunciarle in anticipo. L&#8217;editor online dell&#8217;app Elfsight offre una raccolta di modelli speciali di conto alla rovescia per l&#8217;esecuzione di promozioni ed eventi organizzati in tutte le festivit\u00e0 popolari. Scegli semplicemente un modello adatto e imposta il periodo di tempo.<\/p><p><b>Aumenta l&#8217;entusiasmo per lo shopping e spingi la clientela a fare pi\u00f9 acquisti con offerte a tempo limitato.<\/b><\/p><\/div><div class=\"application-platform-content-item-features application-platform-content-item\" id=\"features\" data-nav-section=\"features\"><h2>Caratteristiche<\/h2><p> I principali vantaggi dell&#8217;app Elfsight Countdown, che la rendono il modo perfetto per integrare il timer o l&#8217;orologio nella pagina Facebook: <\/p><ul><li>Scegli uno dei tre tipi di timer per il conto alla rovescia possibili: dall&#8217;inizio alla fine, orologio con tempo rimanente per visitatore, conteggio dei numeri dall&#8217;inizio alla fine;<\/li><li>Scrivi il tuo messaggio personalizzato chiamando a azione;<\/li><li>Tutto il testo del widget pu\u00f2 essere formattato per adattarsi al design generale del sito;<\/li><li>Crea timer con quattro unit\u00e0 di tempo: giorni, ore, minuti, secondi;<\/li> <li>Includi gli elementi o rimuovi quelli che non ti servono per ottenere l&#8217;aspetto richiesto del timer;<\/li><li>Imposta la posizione personalizzata con le varianti di allineamento disponibili: sinistra, destra, centro;<\/li><li>Oppure trasformalo in un banner mobile nella parte superiore o inferiore dello schermo;<\/li><li>Scegli uno dei tre tipi di animazione per il cambio dei numeri.<\/li><\/ul><p><a href=\"#demo\">Scopri ulteriori caratteristiche dell&#8217;app per il conto alla rovescia nel nostro editor gratuito.<\/a> \u00c8 super intuitiva e chiunque pu\u00f2 creare la propria app in pochi secondi.<\/p><\/div> <div class=\"application-platform-content-item- installazione application-platform-content-item\" id=\" installazione\" data-nav-section=\" installazione\"><h2>Come aggiungere il timer per il conto alla rovescia alla scheda della pagina Facebook<\/h2><p>Un tutorial semplice sulla configurazione di un&#8217;app orologio per la pagina Facebook senza esperienza di programmazione o conoscenza di codifica. Il tempo medio necessario per implementare questo tutorial per l&#8217;installazione del timer per il conto alla rovescia \u00e8 inferiore a 3 minuti.<\/p><ul><li><b>Genera il tuo orologio per il conto alla rovescia<\/b><br><p>Vai al nostro sito online configuratore per creare il tuo widget orologio. Per prima cosa devi scegliere un modello adatto. Ricorda, presenta solo un layout e tutto il resto pu\u00f2 essere modificato per ottenere un&#8217;app con un&#8217;interfaccia e funzioni preferibili.<\/p><p>Quindi avrai tre schede nell&#8217;editor: Timer, Pulsante e Aspetto. Ogni scheda presenta un elenco di impostazioni che puoi regolare a tuo piacimento e ottenere un risultato ottimale.<\/p><\/li><li><b>Acquisisci il codice individuale per incorporare il conto alla rovescia<\/b><br> Dopo aver generato il widget, fai clic sul pulsante &#8220;Aggiungi al sito web&#8221;. Riceverai il tuo codice personale nella notifica che apparir\u00e0 su Elfsight Apps. Copia questo codice.<\/li><li><b>Porta il widget sulla pagina Facebook<\/b><br> Qui devi prima creare una scheda personalizzata sulla tua pagina aziendale di Facebook per aggiungere l\u00ec la tua app per il conto alla rovescia. Inserisci il codice che hai copiato nelle app elfsight nella scheda. In caso di problemi, consulta la nostra guida su <a href=\"https:\/\/elfsight.com\/blog\/how-to-add-custom-tab-to-facebook-page\/\" target=\"_blank\" rel=\"noopener noreferrer\">creare una scheda Facebook personalizzata<\/a>, poich\u00e9 potrebbe essere un compito complicato.<\/li><li><b>Congratulazioni! Hai appena incorporato il widget! <\/b><br>Visualizza la tua pagina Facebook per vedere come sta funzionando il tuo widget.<\/li><\/ul><p>Hai difficolt\u00e0 con la formazione, la regolazione o la visualizzazione del widget per il conto alla rovescia su una pagina? Mettiti in contatto con il nostro team di supporto.<\/p><p>Offriamo anche una politica dei prezzi flessibile, che ti consente di creare e provare gratuitamente il conto alla rovescia sulla tua pagina Facebook Business. Inoltre, puoi scegliere un piano tariffario in base al traffico che ricevi sulla pagina e pagarlo mensilmente, se stai pianificando un evento o una promozione una tantum, oppure puoi avere un abbonamento annuale, se esegui vendite regolarmente durante tutto il periodo. anno.<\/p><div class=\"faq\" data-component=\"FAQ\"> <div class=\"faq-item\">\r\n\t\t\t\t\t<div class=\"faq-item-question\">\r\n\t\t\t\t\t\t<h3 class=\"faq-item-question-text\">Come posso aggiungere un timer per il conto alla rovescia al sito web della mia pagina Facebook senza competenze di programmazione?<\/h3>\r\n\r\n\t\t\t\t\t\t<div class=\"faq-item-question-icon\"><\/div>\r\n\t\t\t\t\t<\/div>\r\n\r\n\t\t\t\t\t<div class=\"faq-item-answer\">\r\n\t\t\t\t\t\t<div class=\"faq-item-answer-text\"> <p>Elfsight fornisce una soluzione SaaS che ti consente di creare tu stesso un widget per il timer per il conto alla rovescia, scopri quanto \u00e8 semplice il processo: lavora direttamente nell&#8217;editor online per creare un widget per il conto alla rovescia che vorresti vedere sul sito web della tua pagina Facebook. Scegli uno dei modelli predefiniti e regola le impostazioni del timer per il conto alla rovescia, aggiungi i tuoi contenuti, modifica il layout e la combinazione di colori senza alcuna competenza di codifica. Salva il timer per il conto alla rovescia e copia il codice di installazione, che potrai incorporare facilmente nel sito Web della tua pagina Facebook senza dover acquistare un abbonamento a pagamento. Con il nostro editor intuitivo qualsiasi utente di Internet pu\u00f2 creare un widget per il conto alla rovescia online e incorporarlo facilmente nel sito Web della propria pagina Facebook. Non \u00e8 necessario pagare o inserire le credenziali della carta per accedere al servizio. In caso di problemi in qualsiasi momento, non esitate a contattare il nostro team di supporto tecnico.<\/p> <\/div>\r\n\t\t\t\t\t<\/div>\r\n\t\t\t\t<\/div> <\/div> <\/div>","protected":false},"excerpt":{"rendered":"","protected":false},"author":9,"featured_media":0,"parent":1109,"menu_order":0,"comment_status":"closed","ping_status":"closed","template":"templates\/template-application-platform.php","meta":{"publish_to_discourse":"","publish_post_category":"","wpdc_auto_publish_overridden":"","wpdc_topic_tags":"","wpdc_pin_topic":"","wpdc_pin_until":"","discourse_post_id":"","discourse_permalink":"","wpdc_publishing_response":"","wpdc_publishing_error":"","footnotes":""},"class_list":["post-4229","page","type-page","status-publish","hentry"],"yoast_head":"<!-- This site is optimized with the Yoast SEO plugin v25.3.1 - https:\/\/yoast.com\/wordpress\/plugins\/seo\/ -->\n<title>Aggiungi il widget Conto alla rovescia o Orologio alla pagina Facebook (2025)<\/title>\n<meta name=\"description\" content=\"Crea un timer per il conto alla rovescia o un widget Orologio per la tua pagina Facebook in un minuto! Prova il pannello gratuito di Elfsight per creare il tuo orologio per il conto alla rovescia.\" \/>\n<meta name=\"robots\" content=\"index, follow, max-snippet:-1, max-image-preview:large, max-video-preview:-1\" \/>\n<link rel=\"canonical\" href=\"https:\/\/elfsight.com\/it\/countdown-timer-widget\/facebook\/\" \/>\n<meta property=\"og:locale\" content=\"it_IT\" \/>\n<meta property=\"og:type\" content=\"article\" \/>\n<meta property=\"og:title\" content=\"Aggiungi il widget Conto alla rovescia o Orologio alla pagina Facebook (2025)\" \/>\n<meta property=\"og:description\" content=\"Crea un timer per il conto alla rovescia o un widget Orologio per la tua pagina Facebook in un minuto! Prova il pannello gratuito di Elfsight per creare il tuo orologio per il conto alla rovescia.\" \/>\n<meta property=\"og:url\" content=\"https:\/\/elfsight.com\/it\/countdown-timer-widget\/facebook\/\" \/>\n<meta property=\"og:site_name\" content=\"Elfsight IT\" \/>\n<meta property=\"article:modified_time\" content=\"2024-11-12T08:32:11+00:00\" \/>\n<meta name=\"twitter:card\" content=\"summary_large_image\" \/>\n<meta name=\"twitter:label1\" content=\"Tempo di lettura stimato\" \/>\n\t<meta name=\"twitter:data1\" content=\"6 minuti\" \/>\n<!-- \/ Yoast SEO plugin. -->","yoast_head_json":{"title":"Aggiungi il widget Conto alla rovescia o Orologio alla pagina Facebook (2025)","description":"Crea un timer per il conto alla rovescia o un widget Orologio per la tua pagina Facebook in un minuto! Prova il pannello gratuito di Elfsight per creare il tuo orologio per il conto alla rovescia.","robots":{"index":"index","follow":"follow","max-snippet":"max-snippet:-1","max-image-preview":"max-image-preview:large","max-video-preview":"max-video-preview:-1"},"canonical":"https:\/\/elfsight.com\/it\/countdown-timer-widget\/facebook\/","og_locale":"it_IT","og_type":"article","og_title":"Aggiungi il widget Conto alla rovescia o Orologio alla pagina Facebook (2025)","og_description":"Crea un timer per il conto alla rovescia o un widget Orologio per la tua pagina Facebook in un minuto! Prova il pannello gratuito di Elfsight per creare il tuo orologio per il conto alla rovescia.","og_url":"https:\/\/elfsight.com\/it\/countdown-timer-widget\/facebook\/","og_site_name":"Elfsight IT","article_modified_time":"2024-11-12T08:32:11+00:00","twitter_card":"summary_large_image","twitter_misc":{"Tempo di lettura stimato":"6 minuti"},"schema":{"@context":"https:\/\/schema.org","@graph":[{"@type":"WebPage","@id":"https:\/\/elfsight.com\/it\/countdown-timer-widget\/facebook\/","url":"https:\/\/elfsight.com\/it\/countdown-timer-widget\/facebook\/","name":"Aggiungi il widget Conto alla rovescia o Orologio alla pagina Facebook (2025)","isPartOf":{"@id":"https:\/\/elfsight.com\/it\/#website"},"datePublished":"2024-05-03T06:34:03+00:00","dateModified":"2024-11-12T08:32:11+00:00","description":"Crea un timer per il conto alla rovescia o un widget Orologio per la tua pagina Facebook in un minuto! Prova il pannello gratuito di Elfsight per creare il tuo orologio per il conto alla rovescia.","breadcrumb":{"@id":"https:\/\/elfsight.com\/it\/countdown-timer-widget\/facebook\/#breadcrumb"},"inLanguage":"it-IT","potentialAction":[{"@type":"ReadAction","target":["https:\/\/elfsight.com\/it\/countdown-timer-widget\/facebook\/"]}]},{"@type":"BreadcrumbList","@id":"https:\/\/elfsight.com\/it\/countdown-timer-widget\/facebook\/#breadcrumb","itemListElement":[{"@type":"ListItem","position":1,"name":"Home","item":"https:\/\/elfsight.com\/it\/"},{"@type":"ListItem","position":2,"name":"Countdown Timer","item":"https:\/\/elfsight.com\/it\/countdown-timer-widget\/"},{"@type":"ListItem","position":3,"name":"Countdown Timer &#8211; Facebook Page"}]},{"@type":"WebSite","@id":"https:\/\/elfsight.com\/it\/#website","url":"https:\/\/elfsight.com\/it\/","name":"Elfsight IT","description":"Just another Elfsight Sites site","potentialAction":[{"@type":"SearchAction","target":{"@type":"EntryPoint","urlTemplate":"https:\/\/elfsight.com\/it\/?s={search_term_string}"},"query-input":{"@type":"PropertyValueSpecification","valueRequired":true,"valueName":"search_term_string"}}],"inLanguage":"it-IT"}]}},"meta_box":{"industry":"","seo_heading":"","heading":"","description":"","cta_heading":"","cta_description":"","application":"1108","h1":"Widget timer per il conto alla rovescia per la pagina Facebook","h1_caption":"Imposta un conto alla rovescia per eventi o promozioni importanti, creando facilmente un senso di urgenza per i tuoi visitatori nel sito web della tua Pagina Facebook.","application_category":[],"applications_title":"","applications_request_title":"","applications_request_button_text":"","hero_text":"","hero_video":"","hero_video_schema_markup":"","selling_points_title":"","selling_points_caption":"","selling_points":[],"selling_points_cta_text":"","features_title":"","features":"","ed_cta_examples_text":"","ed_cta_examples_hidden":"","ed_cta_demo_text":"","ed_cta_demo_hidden":"","why_caption":"","why_editor_title":"","why_editor_text":"","why_team_title":"","why_team_text":"","why_service_title":"","why_service_text":"","template_catalog_visible":"","template_catalog_title":"","template_catalog_text":"","template_catalog_categories_visible":"","demo_title":"Crea il tuo widget Conto alla rovescia","demo_caption":"Configura il tuo timer per il conto alla rovescia e aggiungilo gratuitamente al sito della tua pagina Facebook!","default_faq_hidden":"","app_template_category":[],"platform":"77","template_public_id":"","codecanyon_url":"","codecanyon_item_id":"","codecanyon_price":"","pricing_caption":"","pricing_elfsight_apps_hide_column":"","pricing_elfsight_apps_url":"","pricing_codecanyon_price_caption":"","integration_category":[],"integration_request_title":"","integration_request_cta":"","integration_platform":"","integrations":[],"platform_category":[],"video_schema_markup":"","price":"da $ 0 al mese","trial":"","benefits":[{"text":"Assistenza gratuita per l'installazione"},{"text":"Servizio clienti professionale"},{"text":"Garanzia di rimborso di 14 giorni"},{"text":"Aggiornamento costante"}],"button_url":"#demo","button_target_blank":"","button_nofollow":"","attributes":[{"name":"Installazioni"},{"name":"Reattivo","content":"S\u00cc"},{"name":"Browser compatibili","content":"Firefox, Safari, Opera, Chrome, Edge"}],"tags":[],"tags_disable_links":"","hide_more_platforms":"","video_object":"","demo_hide_cta":"","demo_hide_cloud_options":"","pricing_title":"","pricing":[{"pricing_icon":"platform","pricing_title":"Elfsight Apps","pricing_title_caption":"Software multipiattaforma","pricing_price":"da $ 0 \/ mese","pricing_price_caption":"inizia con il piano gratuito","pricing_benefits":[{"text":"Siti web illimitati"},{"text":"Supporto gratuito"},{"text":"Assistenza per l'installazione gratuita"},{"text":"100% personalizzabile"}],"pricing_button_text":"Aggiungi al sito web","pricing_button_url":"#demo"}],"related_apps_title":"","related_apps_hidden":"","author":"","image":[],"title":"","job":"","social_networks":[]},"_links":{"self":[{"href":"https:\/\/elfsight.com\/it\/wp-json\/wp\/v2\/pages\/4229","targetHints":{"allow":["GET"]}}],"collection":[{"href":"https:\/\/elfsight.com\/it\/wp-json\/wp\/v2\/pages"}],"about":[{"href":"https:\/\/elfsight.com\/it\/wp-json\/wp\/v2\/types\/page"}],"author":[{"embeddable":true,"href":"https:\/\/elfsight.com\/it\/wp-json\/wp\/v2\/users\/9"}],"replies":[{"embeddable":true,"href":"https:\/\/elfsight.com\/it\/wp-json\/wp\/v2\/comments?post=4229"}],"version-history":[{"count":1,"href":"https:\/\/elfsight.com\/it\/wp-json\/wp\/v2\/pages\/4229\/revisions"}],"predecessor-version":[{"id":4233,"href":"https:\/\/elfsight.com\/it\/wp-json\/wp\/v2\/pages\/4229\/revisions\/4233"}],"up":[{"embeddable":true,"href":"https:\/\/elfsight.com\/it\/wp-json\/wp\/v2\/pages\/1109"}],"wp:attachment":[{"href":"https:\/\/elfsight.com\/it\/wp-json\/wp\/v2\/media?parent=4229"}],"curies":[{"name":"wp","href":"https:\/\/api.w.org\/{rel}","templated":true}]}}