{"id":4228,"date":"2024-05-03T06:34:02","date_gmt":"2024-05-03T06:34:02","guid":{"rendered":"https:\/\/elfsight.com\/it\/?page_id=4228"},"modified":"2024-11-12T08:23:46","modified_gmt":"2024-11-12T08:23:46","slug":"woocommerce","status":"publish","type":"page","link":"https:\/\/elfsight.com\/it\/countdown-timer-widget\/woocommerce\/","title":{"rendered":"Countdown Timer &#8211; WooCommerce"},"content":{"rendered":"<div class=\"application-platform-content-item-description application-platform-content-item\" id=\"description\" data-nav-section=\"description\"> <h2>Descrizione<\/h2><p>Dimostra conti alla rovescia che attirano le vendite per il tuo sito con Elfsight Countdown Clock. Ravviva l&#8217;atmosfera e crea una sensazione di scarsit\u00e0 dei tuoi beni, dimostrando quanto velocemente vengono esauriti proprio davanti agli occhi degli utenti. Aumenta la pressione per l&#8217;acquisto con il passare del tempo fino alla fine del periodo dell&#8217;offerta speciale. Attira l&#8217;attenzione sui tuoi eventi o festivit\u00e0 futuri e fai s\u00ec che i tuoi clienti li aspettino con impazienza con un timer per il conto alla rovescia.<\/p><p><b>Integra il plug-in Countdown Clock per raggiungere i picchi di e-commerce con meno sforzo!<\/b><\/p><\/div> <div class=\"application-platform-content-item-features application-platform-content-item\" id=\"features\" data-nav-section=\"features\"><h2>Le funzionalit\u00e0 del widget centrale includono<\/h2><ul><li>Contatore su e gi\u00f9;<\/li><li>Opzione per mostrare un messaggio prima timer;<\/li><li>Testo modificabile del messaggio di fine timer;<\/li><li>5 temi festivi per le occasioni pi\u00f9 popolari;<\/li><li>Opzione per impostare la dimensione del carattere del messaggio.<\/li> <\/ul><p><a href=\"#demo\">Puoi vedere quanto vale il widget con l&#8217;aiuto della demo<\/a><\/p><\/div><div class=\"application-platform-content-item-installation application-platform-content-item\" id=\"installation\" data-nav-section=\"installation\"> <h2>Come posso incorporare il timer per il conto alla rovescia nel mio sito web WooCommerce?<\/h2><p>Basta seguire le linee guida riportate di seguito per aggiungere lo strumento.<\/p><ol><li><b>Gestire la nostra demo gratuita, inizia creando il tuo strumento personalizzato.<\/b><br>Specifica il layout personalizzato e le funzionalit\u00e0 del plugin e applica le modifiche.<\/li><li><b>Acquisisci il tuo codice personale esposto nella finestra su Elfsight Apps. <\/b><br>Una volta completata la configurazione del tuo strumento, copia il codice esclusivo nella casella emersa e salvalo per un&#8217;occasione successiva.<\/li><li><b>Accedi utilizzando il plug-in Countdown sul sito Web WooCommerce .<\/b><br>Inserisci il codice che hai salvato di recente nella tua home page e applica i miglioramenti.<\/li><li><b>Il gioco \u00e8 fatto! L&#8217;incorporamento \u00e8 stato eseguito con successo.<\/b><br>Visita la tua pagina web per verificare come funziona il plugin.<\/li><\/ol><p>A condizione di dover affrontare domande o di riscontrare eventuali complicazioni, sentiti libero di rivolgersi al nostro personale del servizio clienti. I nostri consulenti saranno entusiasti di risolvere tutte le domande che potresti avere con lo strumento.<\/p><\/div><div class=\"faq\" data-component=\"FAQ\"><div class=\"faq-item\">\r\n\t\t\t\t\t<div class=\"faq-item-question\">\r\n\t\t\t\t\t\t<h3 class=\"faq-item-question-text\">In che modo posso aggiungere un conto alla rovescia Timer per WooCommerce?<\/h3>\r\n\r\n\t\t\t\t\t\t<div class=\"faq-item-question-icon\"><\/div>\r\n\t\t\t\t\t<\/div>\r\n\r\n\t\t\t\t\t<div class=\"faq-item-answer\">\r\n\t\t\t\t\t\t<div class=\"faq-item-answer-text\"><p>La fondazione del widget viene eseguita all&#8217;interno del servizio Elfsight e non \u00e8 necessario scrivere codice. Utilizza la demo live per creare il tuo plugin personale, ottenere il codice e integrarlo nel tuo sito. <\/p><\/div>\r\n\t\t\t\t\t<\/div>\r\n\t\t\t\t<\/div><div class=\"faq-item\">\r\n\t\t\t\t\t<div class=\"faq-item-question\">\r\n\t\t\t\t\t\t<h3 class=\"faq-item-question-text\">I modi migliori per utilizzare l'integrazione del timer online<\/h3>\r\n\r\n\t\t\t\t\t\t<div class=\"faq-item-question-icon\"><\/div>\r\n\t\t\t\t\t<\/div>\r\n\r\n\t\t\t\t\t<div class=\"faq-item-answer\">\r\n\t\t\t\t\t\t<div class=\"faq-item-answer-text\"><p>Abbiamo tantissime possibilit\u00e0 di regolazione: widget a lunghezza intera da implementare nella zona dei contenuti, widget mobili per funzionalit\u00e0 di scorrimento, layout per pi\u00e8 di pagina, intestazione e tutti i tipi di opportunit\u00e0 verticali per barre laterali e menu. <\/p><\/div>\r\n\t\t\t\t\t<\/div>\r\n\t\t\t\t<\/div><div class=\"faq-item\">\r\n\t\t\t\t\t<div class=\"faq-item-question\">\r\n\t\t\t\t\t\t<h3 class=\"faq-item-question-text\">Posso creare un Coming Soon o un Trust Counter con l'aiuto dell'editor?<\/h3>\r\n\r\n\t\t\t\t\t\t<div class=\"faq-item-question-icon\"><\/div>\r\n\t\t\t\t\t<\/div>\r\n\r\n\t\t\t\t\t<div class=\"faq-item-answer\">\r\n\t\t\t\t\t\t<div class=\"faq-item-answer-text\"><p>Puoi creare qualsiasi modifica del widget. Ci sono molti layout disponibili nell&#8217;editor e tutti possono essere rapidamente personalizzati proprio come ti manca. <\/p><\/div>\r\n\t\t\t\t\t<\/div>\r\n\t\t\t\t<\/div><\/div>","protected":false},"excerpt":{"rendered":"","protected":false},"author":9,"featured_media":0,"parent":1109,"menu_order":0,"comment_status":"closed","ping_status":"closed","template":"templates\/template-application-platform.php","meta":{"publish_to_discourse":"","publish_post_category":"","wpdc_auto_publish_overridden":"","wpdc_topic_tags":"","wpdc_pin_topic":"","wpdc_pin_until":"","discourse_post_id":"","discourse_permalink":"","wpdc_publishing_response":"","wpdc_publishing_error":"","footnotes":""},"class_list":["post-4228","page","type-page","status-publish","hentry"],"yoast_head":"<!-- This site is optimized with the Yoast SEO plugin v25.3.1 - https:\/\/yoast.com\/wordpress\/plugins\/seo\/ -->\n<title>Plug-in WooCommerce Countdown Timer per il tuo sito web (2025)<\/title>\n<meta name=\"description\" content=\"Puoi regolare subito il plug-in Countdown Timer &amp; Clock e inserirlo nel tuo sito Web WooCommerce direttamente dalla demo live.\" \/>\n<meta name=\"robots\" content=\"index, follow, max-snippet:-1, max-image-preview:large, max-video-preview:-1\" \/>\n<link rel=\"canonical\" href=\"https:\/\/elfsight.com\/it\/countdown-timer-widget\/woocommerce\/\" \/>\n<meta property=\"og:locale\" content=\"it_IT\" \/>\n<meta property=\"og:type\" content=\"article\" \/>\n<meta property=\"og:title\" content=\"Plug-in WooCommerce Countdown Timer per il tuo sito web (2025)\" \/>\n<meta property=\"og:description\" content=\"Puoi regolare subito il plug-in Countdown Timer &amp; Clock e inserirlo nel tuo sito Web WooCommerce direttamente dalla demo live.\" \/>\n<meta property=\"og:url\" content=\"https:\/\/elfsight.com\/it\/countdown-timer-widget\/woocommerce\/\" \/>\n<meta property=\"og:site_name\" content=\"Elfsight IT\" \/>\n<meta property=\"article:modified_time\" content=\"2024-11-12T08:23:46+00:00\" \/>\n<meta name=\"twitter:card\" content=\"summary_large_image\" \/>\n<meta name=\"twitter:label1\" content=\"Tempo di lettura stimato\" \/>\n\t<meta name=\"twitter:data1\" content=\"2 minuti\" \/>\n<!-- \/ Yoast SEO plugin. -->","yoast_head_json":{"title":"Plug-in WooCommerce Countdown Timer per il tuo sito web (2025)","description":"Puoi regolare subito il plug-in Countdown Timer & Clock e inserirlo nel tuo sito Web WooCommerce direttamente dalla demo live.","robots":{"index":"index","follow":"follow","max-snippet":"max-snippet:-1","max-image-preview":"max-image-preview:large","max-video-preview":"max-video-preview:-1"},"canonical":"https:\/\/elfsight.com\/it\/countdown-timer-widget\/woocommerce\/","og_locale":"it_IT","og_type":"article","og_title":"Plug-in WooCommerce Countdown Timer per il tuo sito web (2025)","og_description":"Puoi regolare subito il plug-in Countdown Timer & Clock e inserirlo nel tuo sito Web WooCommerce direttamente dalla demo live.","og_url":"https:\/\/elfsight.com\/it\/countdown-timer-widget\/woocommerce\/","og_site_name":"Elfsight IT","article_modified_time":"2024-11-12T08:23:46+00:00","twitter_card":"summary_large_image","twitter_misc":{"Tempo di lettura stimato":"2 minuti"},"schema":{"@context":"https:\/\/schema.org","@graph":[{"@type":"WebPage","@id":"https:\/\/elfsight.com\/it\/countdown-timer-widget\/woocommerce\/","url":"https:\/\/elfsight.com\/it\/countdown-timer-widget\/woocommerce\/","name":"Plug-in WooCommerce Countdown Timer per il tuo sito web (2025)","isPartOf":{"@id":"https:\/\/elfsight.com\/it\/#website"},"datePublished":"2024-05-03T06:34:02+00:00","dateModified":"2024-11-12T08:23:46+00:00","description":"Puoi regolare subito il plug-in Countdown Timer & Clock e inserirlo nel tuo sito Web WooCommerce direttamente dalla demo live.","breadcrumb":{"@id":"https:\/\/elfsight.com\/it\/countdown-timer-widget\/woocommerce\/#breadcrumb"},"inLanguage":"it-IT","potentialAction":[{"@type":"ReadAction","target":["https:\/\/elfsight.com\/it\/countdown-timer-widget\/woocommerce\/"]}]},{"@type":"BreadcrumbList","@id":"https:\/\/elfsight.com\/it\/countdown-timer-widget\/woocommerce\/#breadcrumb","itemListElement":[{"@type":"ListItem","position":1,"name":"Home","item":"https:\/\/elfsight.com\/it\/"},{"@type":"ListItem","position":2,"name":"Countdown Timer","item":"https:\/\/elfsight.com\/it\/countdown-timer-widget\/"},{"@type":"ListItem","position":3,"name":"Countdown Timer &#8211; WooCommerce"}]},{"@type":"WebSite","@id":"https:\/\/elfsight.com\/it\/#website","url":"https:\/\/elfsight.com\/it\/","name":"Elfsight IT","description":"Just another Elfsight Sites site","potentialAction":[{"@type":"SearchAction","target":{"@type":"EntryPoint","urlTemplate":"https:\/\/elfsight.com\/it\/?s={search_term_string}"},"query-input":{"@type":"PropertyValueSpecification","valueRequired":true,"valueName":"search_term_string"}}],"inLanguage":"it-IT"}]}},"meta_box":{"industry":"","seo_heading":"","heading":"","description":"","cta_heading":"","cta_description":"","application":"1108","h1":"Plug-in timer per il conto alla rovescia di WooCommerce","h1_caption":"Crea una sensazione di urgenza e disponibilit\u00e0 limitata e aumenta gli acquisti sul tuo sito web","application_category":[],"applications_title":"","applications_request_title":"","applications_request_button_text":"","hero_text":"","hero_video":"","hero_video_schema_markup":"","selling_points_title":"","selling_points_caption":"","selling_points":[],"selling_points_cta_text":"","features_title":"","features":"","ed_cta_examples_text":"","ed_cta_examples_hidden":"","ed_cta_demo_text":"","ed_cta_demo_hidden":"","why_caption":"","why_editor_title":"","why_editor_text":"","why_team_title":"","why_team_text":"","why_service_title":"","why_service_text":"","template_catalog_visible":"","template_catalog_title":"","template_catalog_text":"","template_catalog_categories_visible":"","demo_title":"Crea la tua app per il conto alla rovescia","demo_caption":"Configura il tuo timer per il conto alla rovescia e aggiungilo gratuitamente al tuo sito WooCommerce!","default_faq_hidden":"","app_template_category":[],"platform":"80","template_public_id":"","codecanyon_url":"","codecanyon_item_id":"","codecanyon_price":"","pricing_caption":"","pricing_elfsight_apps_hide_column":"","pricing_elfsight_apps_url":"","pricing_codecanyon_price_caption":"","integration_category":[],"integration_request_title":"","integration_request_cta":"","integration_platform":"","integrations":[],"platform_category":[],"video_schema_markup":"","price":"da $ 0 al mese","trial":"","benefits":[{"text":"Servizio di installazione gratuito"},{"text":"Servizio clienti competente"},{"text":"Garanzia di rimborso di 14 giorni"},{"text":"Aggiornamento costante"}],"button_url":"#demo","button_target_blank":"","button_nofollow":"","attributes":[{"name":"Installazioni"},{"name":"Reattivo","content":"S\u00cc"},{"name":"Browser compatibili","content":"Chrome, Opera, Firefox, Edge, Safari"}],"tags":[],"tags_disable_links":"","hide_more_platforms":"","video_object":"","demo_hide_cta":"","demo_hide_cloud_options":"","pricing_title":"","pricing":[{"pricing_icon":"platform","pricing_title":"Elfsight Apps","pricing_title_caption":"Software multipiattaforma adatto a qualsiasi sito web","pricing_price":"da $ 0 \/ mese","pricing_price_caption":"inizia con un piano gratuito","pricing_benefits":[{"text":"Domini illimitati"},{"text":"Supporto aziendale 24 ore su 24, 7 giorni su 7 e ben documentato"},{"text":"Servizio di installazione gratuito"},{"text":"Completamente personalizzabile"}],"pricing_button_text":"Aggiungi al sito web","pricing_button_url":"#demo"}],"related_apps_title":"","related_apps_hidden":"","author":"","image":[],"title":"","job":"","social_networks":[]},"_links":{"self":[{"href":"https:\/\/elfsight.com\/it\/wp-json\/wp\/v2\/pages\/4228","targetHints":{"allow":["GET"]}}],"collection":[{"href":"https:\/\/elfsight.com\/it\/wp-json\/wp\/v2\/pages"}],"about":[{"href":"https:\/\/elfsight.com\/it\/wp-json\/wp\/v2\/types\/page"}],"author":[{"embeddable":true,"href":"https:\/\/elfsight.com\/it\/wp-json\/wp\/v2\/users\/9"}],"replies":[{"embeddable":true,"href":"https:\/\/elfsight.com\/it\/wp-json\/wp\/v2\/comments?post=4228"}],"version-history":[{"count":1,"href":"https:\/\/elfsight.com\/it\/wp-json\/wp\/v2\/pages\/4228\/revisions"}],"predecessor-version":[{"id":4232,"href":"https:\/\/elfsight.com\/it\/wp-json\/wp\/v2\/pages\/4228\/revisions\/4232"}],"up":[{"embeddable":true,"href":"https:\/\/elfsight.com\/it\/wp-json\/wp\/v2\/pages\/1109"}],"wp:attachment":[{"href":"https:\/\/elfsight.com\/it\/wp-json\/wp\/v2\/media?parent=4228"}],"curies":[{"name":"wp","href":"https:\/\/api.w.org\/{rel}","templated":true}]}}