{"id":4226,"date":"2024-05-03T06:34:00","date_gmt":"2024-05-03T06:34:00","guid":{"rendered":"https:\/\/elfsight.com\/it\/?page_id=4226"},"modified":"2025-03-13T06:16:24","modified_gmt":"2025-03-13T06:16:24","slug":"google-sites","status":"publish","type":"page","link":"https:\/\/elfsight.com\/it\/countdown-timer-widget\/google-sites\/","title":{"rendered":"Countdown Timer &#8211; Google Sites"},"content":{"rendered":"\n<div class=\"application-platform-content-item-description application-platform-content-item\" id=\"description\" data-nav-section=\"description\"> <h2>Incorpora il timer per il conto alla rovescia su Google Sites con il widget Elfsight<\/h2> <p>Utilizza Elfsight Countdown Clock per Google Sites per creare diversi conteggi e timer, che incoraggiano gli utenti ad acquistare sul tuo sito web. Il conteggio delle scorte o delle vendite evocher\u00e0 un senso di deficit e concorrenza; il conto alla rovescia delle vendite spinger\u00e0 i visitatori ad acquistare subito prima di perdere una grande occasione. Un conto alla rovescia personale stimoler\u00e0 ogni acquirente a utilizzare prima un&#8217;offerta personale; i banner dei saldi natalizi attireranno l&#8217;attenzione con un design a tema luminoso.<\/p> <p><b>Con il plug-in Countdown, ottieni un solido sviluppo del business e pi\u00f9 vendite <\/b><\/p> <\/div> <div class=\"application-platform-content-item-features  application-platform-content-item\" id=\"features \" data-nav-section=\"features \"> <h2>Offriamo funzionalit\u00e0 utili e facili, eccone alcune: <\/h2> <ul> <li>Tre tipi di timer: inizio-fine, tempo rimanente per visitatore, numero inizio-fine contare; <\/li> <li>Testo del messaggio modificabile con formattazione; <\/li> <li>Quattro unit\u00e0 di tempo: giorni, ore, minuti, secondi; <\/li> <li>Allinea le varianti per la posizione personalizzata: sinistra, destra, centro; <\/li> <li>Tre tipi di animazione per la modifica dei numeri. <\/li><\/ul><p><a href=\"#demo\">Puoi testare tutte le funzionalit\u00e0 del widget nella demo qui sotto<\/a><\/p> <\/div> <div class=\"application-platform-content-item- installazione application-platform-content-item\" id=\" installazione\" data-nav-section=\" installazione\"> <h2>Come incorporare il timer per il conto alla rovescia nei miei siti Google?<\/h2> <div class=\"video-container\"><iframe width=\"560\" height=\"315\" src=\"https:\/\/www.youtube.com\/embed\/WSY8A6lXYGs?si=jHv167BQb57P7R3W\" frameborder=\"0\" allow=\"accelerometer; autoplay; clipboard-write; encrypted-media; gyroscope; picture-in-picture; web-share\" allowfullscreen><\/iframe><\/div><p>Basta applicare le istruzioni seguenti per iniziare a utilizzare lo strumento. <\/p> <ol><li><b>Gestisci il nostro editor gratuito e inizia a dare forma al tuo plugin personalizzato. <\/b><br> Specifica l&#8217;aspetto e gli aspetti desiderati dello strumento e applica le modifiche. <\/li> <li><b>Acquisisci il tuo codice univoco esposto nell&#8217;apposito form su Elfsight Apps. <\/b><br> Dopo aver completato la creazione del plug-in, copia il codice esclusivo nel popup visualizzato e conservalo per ulteriori necessit\u00e0. <\/li> <li><b>Inizia a utilizzare il conto alla rovescia sui tuoi siti Google.<\/b><br> Incolla il codice che hai copiato di recente nella tua pagina web e applica le modifiche. <\/li> <li><b>Fatto! La configurazione \u00e8 stata eseguita con successo. <\/b><br> Vai al tuo sito per vedere come funziona lo strumento. <\/li><\/ol> <div class=\"tip-yellow tip\"><b>A causa delle peculiarit\u00e0 del funzionamento di Google Sites, il widget potrebbe avere un aspetto diverso dalla demo online. Ci scusiamo per gli eventuali disagi causati.<\/b><\/div><p>Se hai domande o riscontri difficolt\u00e0, non esitare a contattare il nostro team di assistenza clienti. Il nostro personale sar\u00e0 felice di risolvere tutti i problemi che potresti avere con il plugin. <\/p> <div class=\"faq\" data-component=\"FAQ\"> <div class=\"faq-item\">\r\n\t\t\t\t\t<div class=\"faq-item-question\">\r\n\t\t\t\t\t\t<h3 class=\"faq-item-question-text\">Come aggiungere un timer per il conto alla rovescia al mio sito web Google Sites senza competenze di programmazione?<\/h3>\r\n\r\n\t\t\t\t\t\t<div class=\"faq-item-question-icon\"><\/div>\r\n\t\t\t\t\t<\/div>\r\n\r\n\t\t\t\t\t<div class=\"faq-item-answer\">\r\n\t\t\t\t\t\t<div class=\"faq-item-answer-text\"> <p>Elfsight fornisce una soluzione SaaS che ti consente di creare tu stesso un widget per il conto alla rovescia, scopri quanto \u00e8 facile il processo \u00e8: lavora direttamente nell&#8217;editor online per creare un widget timer per il conto alla rovescia che vorresti vedere sul tuo sito web di Google Sites. Scegli uno dei modelli predefiniti e regola le impostazioni del timer per il conto alla rovescia, aggiungi i tuoi contenuti, modifica il layout e i colori senza alcuna competenza di codifica. Salva il timer per il conto alla rovescia e copia il codice di installazione, che potrai semplicemente incorporare nel tuo sito web di Google Sites senza acquistare una versione a pagamento. Con il nostro editor intuitivo qualsiasi utente di Internet pu\u00f2 creare un widget per il conto alla rovescia online e incorporarlo facilmente nel proprio sito Web di Google Sites. Non \u00e8 necessario pagare o inserire le credenziali della carta per accedere al servizio. In caso di problemi in qualsiasi momento, non esitate a contattare il nostro team di supporto tecnico.<\/p> <\/div>\r\n\t\t\t\t\t<\/div>\r\n\t\t\t\t<\/div> <\/div> <\/div>\n","protected":false},"excerpt":{"rendered":"","protected":false},"author":9,"featured_media":0,"parent":1109,"menu_order":0,"comment_status":"closed","ping_status":"closed","template":"templates\/template-application-platform.php","meta":{"publish_to_discourse":"","publish_post_category":"","wpdc_auto_publish_overridden":"","wpdc_topic_tags":"","wpdc_pin_topic":"","wpdc_pin_until":"","discourse_post_id":"","discourse_permalink":"","wpdc_publishing_response":"","wpdc_publishing_error":"","footnotes":""},"class_list":["post-4226","page","type-page","status-publish","hentry"],"yoast_head":"<!-- This site is optimized with the Yoast SEO plugin v25.3.1 - https:\/\/yoast.com\/wordpress\/plugins\/seo\/ -->\n<title>Conto alla rovescia: aggiungi il widget Orologio per il conto alla rovescia a Google Sites (2025)<\/title>\n<meta name=\"description\" content=\"Aggiungi un timer per il conto alla rovescia reattivo ai tuoi siti Google e ottieni la massima fiducia. Utilizza la pratica demo di Elfsight per modellare il tuo orologio per il conto alla rovescia personalizzato.\" \/>\n<meta name=\"robots\" content=\"index, follow, max-snippet:-1, max-image-preview:large, max-video-preview:-1\" \/>\n<link rel=\"canonical\" href=\"https:\/\/elfsight.com\/it\/countdown-timer-widget\/google-sites\/\" \/>\n<meta property=\"og:locale\" content=\"it_IT\" \/>\n<meta property=\"og:type\" content=\"article\" \/>\n<meta property=\"og:title\" content=\"Conto alla rovescia: aggiungi il widget Orologio per il conto alla rovescia a Google Sites (2025)\" \/>\n<meta property=\"og:description\" content=\"Aggiungi un timer per il conto alla rovescia reattivo ai tuoi siti Google e ottieni la massima fiducia. Utilizza la pratica demo di Elfsight per modellare il tuo orologio per il conto alla rovescia personalizzato.\" \/>\n<meta property=\"og:url\" content=\"https:\/\/elfsight.com\/it\/countdown-timer-widget\/google-sites\/\" \/>\n<meta property=\"og:site_name\" content=\"Elfsight IT\" \/>\n<meta property=\"article:modified_time\" content=\"2025-03-13T06:16:24+00:00\" \/>\n<meta name=\"twitter:card\" content=\"summary_large_image\" \/>\n<meta name=\"twitter:label1\" content=\"Tempo di lettura stimato\" \/>\n\t<meta name=\"twitter:data1\" content=\"3 minuti\" \/>\n<!-- \/ Yoast SEO plugin. -->","yoast_head_json":{"title":"Conto alla rovescia: aggiungi il widget Orologio per il conto alla rovescia a Google Sites (2025)","description":"Aggiungi un timer per il conto alla rovescia reattivo ai tuoi siti Google e ottieni la massima fiducia. Utilizza la pratica demo di Elfsight per modellare il tuo orologio per il conto alla rovescia personalizzato.","robots":{"index":"index","follow":"follow","max-snippet":"max-snippet:-1","max-image-preview":"max-image-preview:large","max-video-preview":"max-video-preview:-1"},"canonical":"https:\/\/elfsight.com\/it\/countdown-timer-widget\/google-sites\/","og_locale":"it_IT","og_type":"article","og_title":"Conto alla rovescia: aggiungi il widget Orologio per il conto alla rovescia a Google Sites (2025)","og_description":"Aggiungi un timer per il conto alla rovescia reattivo ai tuoi siti Google e ottieni la massima fiducia. Utilizza la pratica demo di Elfsight per modellare il tuo orologio per il conto alla rovescia personalizzato.","og_url":"https:\/\/elfsight.com\/it\/countdown-timer-widget\/google-sites\/","og_site_name":"Elfsight IT","article_modified_time":"2025-03-13T06:16:24+00:00","twitter_card":"summary_large_image","twitter_misc":{"Tempo di lettura stimato":"3 minuti"},"schema":{"@context":"https:\/\/schema.org","@graph":[{"@type":"WebPage","@id":"https:\/\/elfsight.com\/it\/countdown-timer-widget\/google-sites\/","url":"https:\/\/elfsight.com\/it\/countdown-timer-widget\/google-sites\/","name":"Conto alla rovescia: aggiungi il widget Orologio per il conto alla rovescia a Google Sites (2025)","isPartOf":{"@id":"https:\/\/elfsight.com\/it\/#website"},"datePublished":"2024-05-03T06:34:00+00:00","dateModified":"2025-03-13T06:16:24+00:00","description":"Aggiungi un timer per il conto alla rovescia reattivo ai tuoi siti Google e ottieni la massima fiducia. Utilizza la pratica demo di Elfsight per modellare il tuo orologio per il conto alla rovescia personalizzato.","breadcrumb":{"@id":"https:\/\/elfsight.com\/it\/countdown-timer-widget\/google-sites\/#breadcrumb"},"inLanguage":"it-IT","potentialAction":[{"@type":"ReadAction","target":["https:\/\/elfsight.com\/it\/countdown-timer-widget\/google-sites\/"]}]},{"@type":"BreadcrumbList","@id":"https:\/\/elfsight.com\/it\/countdown-timer-widget\/google-sites\/#breadcrumb","itemListElement":[{"@type":"ListItem","position":1,"name":"Home","item":"https:\/\/elfsight.com\/it\/"},{"@type":"ListItem","position":2,"name":"Countdown Timer","item":"https:\/\/elfsight.com\/it\/countdown-timer-widget\/"},{"@type":"ListItem","position":3,"name":"Countdown Timer &#8211; Google Sites"}]},{"@type":"WebSite","@id":"https:\/\/elfsight.com\/it\/#website","url":"https:\/\/elfsight.com\/it\/","name":"Elfsight IT","description":"Just another Elfsight Sites site","potentialAction":[{"@type":"SearchAction","target":{"@type":"EntryPoint","urlTemplate":"https:\/\/elfsight.com\/it\/?s={search_term_string}"},"query-input":{"@type":"PropertyValueSpecification","valueRequired":true,"valueName":"search_term_string"}}],"inLanguage":"it-IT"}]}},"meta_box":{"industry":"","seo_heading":"","heading":"","description":"","cta_heading":"","cta_description":"","application":"1108","h1":"Widget timer per il conto alla rovescia di Google Sites","h1_caption":"Imposta un conto alla rovescia per eventi o promozioni importanti, creando facilmente un senso di urgenza per i tuoi visitatori nei tuoi siti Google.","application_category":[],"applications_title":"","applications_request_title":"","applications_request_button_text":"","hero_text":"","hero_video":"","hero_video_schema_markup":"","selling_points_title":"","selling_points_caption":"","selling_points":[],"selling_points_cta_text":"","features_title":"","features":"","ed_cta_examples_text":"","ed_cta_examples_hidden":"","ed_cta_demo_text":"","ed_cta_demo_hidden":"","why_caption":"","why_editor_title":"","why_editor_text":"","why_team_title":"","why_team_text":"","why_service_title":"","why_service_text":"","template_catalog_visible":"0","template_catalog_title":"","template_catalog_text":"","template_catalog_categories_visible":"","demo_title":"Crea il tuo widget Conto alla rovescia","demo_caption":"Configura il tuo timer per il conto alla rovescia e aggiungilo gratuitamente al tuo sito web di Google Sites!","default_faq_hidden":"","app_template_category":[],"platform":"105","template_public_id":"","codecanyon_url":"","codecanyon_item_id":"","codecanyon_price":"","pricing_caption":"","pricing_elfsight_apps_hide_column":"","pricing_elfsight_apps_url":"","pricing_codecanyon_price_caption":"","integration_category":[],"integration_request_title":"","integration_request_cta":"","integration_platform":"","integrations":[],"platform_category":[],"video_schema_markup":"","price":"da $ 0 al mese","trial":"","benefits":[{"text":"Servizio di installazione gratuito"},{"text":"Servizio clienti efficace"},{"text":"Garanzia di rimborso di 14 giorni"},{"text":"Miglioramenti gratuiti regolari"}],"button_url":"#demo","button_target_blank":"0","button_nofollow":"0","attributes":[{"name":"Installazioni"},{"name":"Reattivo","content":"S\u00cc"},{"name":"Browser compatibili","content":"Firefox, Safari, Opera, Chrome, Edge"}],"tags":[],"tags_disable_links":"0","hide_more_platforms":"0","video_object":"","demo_hide_cta":"0","demo_hide_cloud_options":"0","pricing_title":"","pricing":[{"pricing_icon":"platform","pricing_title":"Elfsight Apps","pricing_title_caption":"Software multipiattaforma adatto a qualsiasi sito web","pricing_price":"da $ 0 \/ mese","pricing_price_caption":"inizia con il piano gratuito","pricing_benefits":[{"text":"Numero illimitato di domini"},{"text":"Assistenza gratuita e puntuale"},{"text":"Assistenza gratuita per l'installazione"},{"text":"Offerta speciale per pi\u00f9 app"}],"pricing_button_text":"Aggiungi al sito web","pricing_button_url":"#demo"}],"related_apps_title":"","related_apps_hidden":"0","author":"","image":[],"title":"","job":"","social_networks":[]},"_links":{"self":[{"href":"https:\/\/elfsight.com\/it\/wp-json\/wp\/v2\/pages\/4226","targetHints":{"allow":["GET"]}}],"collection":[{"href":"https:\/\/elfsight.com\/it\/wp-json\/wp\/v2\/pages"}],"about":[{"href":"https:\/\/elfsight.com\/it\/wp-json\/wp\/v2\/types\/page"}],"author":[{"embeddable":true,"href":"https:\/\/elfsight.com\/it\/wp-json\/wp\/v2\/users\/9"}],"replies":[{"embeddable":true,"href":"https:\/\/elfsight.com\/it\/wp-json\/wp\/v2\/comments?post=4226"}],"version-history":[{"count":3,"href":"https:\/\/elfsight.com\/it\/wp-json\/wp\/v2\/pages\/4226\/revisions"}],"predecessor-version":[{"id":8597,"href":"https:\/\/elfsight.com\/it\/wp-json\/wp\/v2\/pages\/4226\/revisions\/8597"}],"up":[{"embeddable":true,"href":"https:\/\/elfsight.com\/it\/wp-json\/wp\/v2\/pages\/1109"}],"wp:attachment":[{"href":"https:\/\/elfsight.com\/it\/wp-json\/wp\/v2\/media?parent=4226"}],"curies":[{"name":"wp","href":"https:\/\/api.w.org\/{rel}","templated":true}]}}