{"id":4221,"date":"2024-05-03T06:33:59","date_gmt":"2024-05-03T06:33:59","guid":{"rendered":"https:\/\/elfsight.com\/it\/?page_id=4221"},"modified":"2025-03-13T06:26:31","modified_gmt":"2025-03-13T06:26:31","slug":"godaddy","status":"publish","type":"page","link":"https:\/\/elfsight.com\/it\/countdown-timer-widget\/godaddy\/","title":{"rendered":"Countdown Timer  &#8211; GoDaddy"},"content":{"rendered":"\n<div class=\"application-platform-content-item-description application-platform-content-item\" id=\"description\" data-nav-section=\"description\"> <h2>Incorpora il conto alla rovescia su GoDaddy con il widget Elfsight<\/h2><p>Visualizza conti alla rovescia che generano vendite per il tuo sito con Elfsight Countdown Timer. Riscalda l&#8217;atmosfera ed evoca un senso di disponibilit\u00e0 limitata dei tuoi prodotti, dimostrando quanto velocemente vengono venduti proprio davanti agli occhi dei clienti. Velocizza i tuoi clienti ad iniziare ad acquistare con il conto alla rovescia del periodo dell&#8217;offerta speciale. Crea conti alla rovescia per annunciare le tue prossime occasioni o i saldi festivi e mantenere la tua clientela in trepidante attesa dell&#8217;inizio. <\/p> <p><b>Aumenta le tue vendite online utilizzando timer e conteggi che guidano l&#8217;urgenza.<\/b><\/p> <p><b>Incoraggia le persone a fare acquisti di pi\u00f9 sul tuo sito web trasmettendo una sensazione di urgenza. <\/b><br> <\/p><p>Fai in modo che il tuo pubblico abbia paura di perdere le tue offerte e le tue vendite: mostra loro che il tempo sta per scadere. Far\u00e0 s\u00ec che gli utenti acquistino pi\u00f9 velocemente e ti porter\u00e0 nuove vendite. <\/p> <p><b>Mostra che le scorte stanno diminuendo e rendi gli utenti gelosi di acquistare. <\/b><br> <\/p><p>Dimostra che i tuoi prodotti vengono acquistati rapidamente e diventano scarsi, utilizzando uno speciale conteggio delle scorte. Far\u00e0 s\u00ec che il pubblico apprezzi maggiormente i beni e diventi geloso di acquistarli. <\/p> <p><b>Attira pi\u00f9 attenzione sulle tue vendite con una speciale barra per il conto alla rovescia a tema festivo. <\/b><\/p> <p>Utilizzando attraenti barre tematiche, puoi promuovere le tue offerte e saldi stagionali. Non perdere le vacanze per aumentare le vendite sul tuo sito web. <\/p> <\/div> <div class=\"application-platform-content-item-features application-platform-content-item\" id=\"features\" data-nav-section=\"features\"> <h2>Caratteristiche principali del widget Countdown Timer<\/h2><p> Ecco le caratteristiche del plugin Elfsight che lo rendono il plugin pi\u00f9 importante per ogni sito jQuery .<\/p><ul> <li>Contatore su e gi\u00f9; <\/li> <li>Opzione per aprire il collegamento del pulsante in una nuova scheda; <\/li> <li>Quattro unit\u00e0 di tempo: giorni, ore, minuti, secondi; <\/li> <li>Quattro varianti di posizione: superiore statica, superiore o inferiore mobile e posizione personalizzata; <\/li> <li>Interfaccia reattiva con adattamento automatico alle dimensioni dello schermo. <\/li><\/ul><p><a href=\"#demo\">Prova tutti i vantaggi nella demo dal vivo<\/a><\/p><\/div> <div class=\"application-platform-content-item-installation application-platform-content-item\" id=\"installation\" data-nav-section=\"installation\"> <h2> Come aggiungere il timer per il conto alla rovescia al sito web di GoDaddy<\/h2><p>Il plug-in Elfsight \u00e8 semplice da installare e non richiede conoscenze di programmazione. L&#8217;esecuzione del manuale richieder\u00e0 circa 1 minuto. <\/p><ol><li><b>Progetta il tuo conto alla rovescia personale<\/b>.<br> Con l&#8217;aiuto del nostro editor gratuito, crea un plugin con i parametri desiderati.<\/li><li><b>Acquisisci il codice per incorporare il plug-in nel tuo sito web<\/b>.<br> Dopo aver configurato le impostazioni, acquisisci il codice per il plug-in Countdown dalla finestra visualizzata sulle app Elfsight. <\/li><li><b>Aggiungi il plugin sul sito web di GoDaddy<\/b>.<br> Avvia il codice della pagina nell&#8217;editor JQUERY, integra il plugin nella posizione desiderata (contenuto, pi\u00e8 di pagina, barra laterale, ecc.) e pubblicare le modifiche. <\/li><li><b>L&#8217;integrazione \u00e8 riuscita! <\/b><br> Accedi al sito GoDaddy per controllare il tuo plugin. <\/li><\/ol><p>Se durante l&#8217;utilizzo del tutorial sono apparse delle domande, lascia un messaggio al nostro centro di supporto o studia il testo completo del tutorial e completa tu stesso la creazione del plugin. <\/p><div class=\"faq\" data-component=\"FAQ\"> <div class=\"faq-item\">\r\n\t\t\t\t\t<div class=\"faq-item-question\">\r\n\t\t\t\t\t\t<h3 class=\"faq-item-question-text\">Come aggiungere un timer per il conto alla rovescia al mio sito Web GoDaddy senza competenze di programmazione?<\/h3>\r\n\r\n\t\t\t\t\t\t<div class=\"faq-item-question-icon\"><\/div>\r\n\t\t\t\t\t<\/div>\r\n\r\n\t\t\t\t\t<div class=\"faq-item-answer\">\r\n\t\t\t\t\t\t<div class=\"faq-item-answer-text\"> <p>Elfsight fornisce una soluzione SaaS che ti consente di creare tu stesso un widget per il conto alla rovescia, scopri quanto \u00e8 facile Il processo \u00e8: lavora direttamente nell&#8217;editor online per creare un widget timer per il conto alla rovescia che vorresti vedere sul tuo sito web GoDaddy. Scegli uno dei modelli predefiniti e regola le impostazioni del timer per il conto alla rovescia, aggiungi i tuoi contenuti, modifica il layout e la combinazione di colori senza competenze di codifica. Salva il timer per il conto alla rovescia e copia il codice di installazione, che potrai incollare facilmente nel tuo sito GoDaddy senza acquistare un piano a pagamento. Con il nostro editor intuitivo qualsiasi utente di Internet pu\u00f2 creare un widget per il conto alla rovescia online e incorporarlo facilmente nel proprio sito Web GoDaddy. Non \u00e8 necessario pagare o inserire le credenziali della carta per accedere al servizio. In caso di problemi in qualsiasi momento, non esitate a contattare il nostro team di supporto tecnico.<\/p> <\/div>\r\n\t\t\t\t\t<\/div>\r\n\t\t\t\t<\/div> <\/div> <\/div>\n","protected":false},"excerpt":{"rendered":"","protected":false},"author":9,"featured_media":0,"parent":1109,"menu_order":0,"comment_status":"closed","ping_status":"closed","template":"templates\/template-application-platform.php","meta":{"publish_to_discourse":"","publish_post_category":"","wpdc_auto_publish_overridden":"","wpdc_topic_tags":"","wpdc_pin_topic":"","wpdc_pin_until":"","discourse_post_id":"","discourse_permalink":"","wpdc_publishing_response":"","wpdc_publishing_error":"","footnotes":""},"class_list":["post-4221","page","type-page","status-publish","hentry"],"yoast_head":"<!-- This site is optimized with the Yoast SEO plugin v25.3.1 - https:\/\/yoast.com\/wordpress\/plugins\/seo\/ -->\n<title>Plug-in timer per il conto alla rovescia: aggiungi il plug-in timer al sito Web di GoDaddy!<\/title>\n<meta name=\"description\" content=\"Esplora subito il plug-in Elfsight Countdown Timer per GoDaddy. Progetta timer personalizzati per il tuo sito in un paio di minuti!\" \/>\n<meta name=\"robots\" content=\"index, follow, max-snippet:-1, max-image-preview:large, max-video-preview:-1\" \/>\n<link rel=\"canonical\" href=\"https:\/\/elfsight.com\/it\/countdown-timer-widget\/godaddy\/\" \/>\n<meta property=\"og:locale\" content=\"it_IT\" \/>\n<meta property=\"og:type\" content=\"article\" \/>\n<meta property=\"og:title\" content=\"Plug-in timer per il conto alla rovescia: aggiungi il plug-in timer al sito Web di GoDaddy!\" \/>\n<meta property=\"og:description\" content=\"Esplora subito il plug-in Elfsight Countdown Timer per GoDaddy. Progetta timer personalizzati per il tuo sito in un paio di minuti!\" \/>\n<meta property=\"og:url\" content=\"https:\/\/elfsight.com\/it\/countdown-timer-widget\/godaddy\/\" \/>\n<meta property=\"og:site_name\" content=\"Elfsight IT\" \/>\n<meta property=\"article:modified_time\" content=\"2025-03-13T06:26:31+00:00\" \/>\n<meta name=\"twitter:card\" content=\"summary_large_image\" \/>\n<meta name=\"twitter:label1\" content=\"Tempo di lettura stimato\" \/>\n\t<meta name=\"twitter:data1\" content=\"4 minuti\" \/>\n<!-- \/ Yoast SEO plugin. -->","yoast_head_json":{"title":"Plug-in timer per il conto alla rovescia: aggiungi il plug-in timer al sito Web di GoDaddy!","description":"Esplora subito il plug-in Elfsight Countdown Timer per GoDaddy. Progetta timer personalizzati per il tuo sito in un paio di minuti!","robots":{"index":"index","follow":"follow","max-snippet":"max-snippet:-1","max-image-preview":"max-image-preview:large","max-video-preview":"max-video-preview:-1"},"canonical":"https:\/\/elfsight.com\/it\/countdown-timer-widget\/godaddy\/","og_locale":"it_IT","og_type":"article","og_title":"Plug-in timer per il conto alla rovescia: aggiungi il plug-in timer al sito Web di GoDaddy!","og_description":"Esplora subito il plug-in Elfsight Countdown Timer per GoDaddy. Progetta timer personalizzati per il tuo sito in un paio di minuti!","og_url":"https:\/\/elfsight.com\/it\/countdown-timer-widget\/godaddy\/","og_site_name":"Elfsight IT","article_modified_time":"2025-03-13T06:26:31+00:00","twitter_card":"summary_large_image","twitter_misc":{"Tempo di lettura stimato":"4 minuti"},"schema":{"@context":"https:\/\/schema.org","@graph":[{"@type":"WebPage","@id":"https:\/\/elfsight.com\/it\/countdown-timer-widget\/godaddy\/","url":"https:\/\/elfsight.com\/it\/countdown-timer-widget\/godaddy\/","name":"Plug-in timer per il conto alla rovescia: aggiungi il plug-in timer al sito Web di GoDaddy!","isPartOf":{"@id":"https:\/\/elfsight.com\/it\/#website"},"datePublished":"2024-05-03T06:33:59+00:00","dateModified":"2025-03-13T06:26:31+00:00","description":"Esplora subito il plug-in Elfsight Countdown Timer per GoDaddy. Progetta timer personalizzati per il tuo sito in un paio di minuti!","breadcrumb":{"@id":"https:\/\/elfsight.com\/it\/countdown-timer-widget\/godaddy\/#breadcrumb"},"inLanguage":"it-IT","potentialAction":[{"@type":"ReadAction","target":["https:\/\/elfsight.com\/it\/countdown-timer-widget\/godaddy\/"]}]},{"@type":"BreadcrumbList","@id":"https:\/\/elfsight.com\/it\/countdown-timer-widget\/godaddy\/#breadcrumb","itemListElement":[{"@type":"ListItem","position":1,"name":"Home","item":"https:\/\/elfsight.com\/it\/"},{"@type":"ListItem","position":2,"name":"Countdown Timer","item":"https:\/\/elfsight.com\/it\/countdown-timer-widget\/"},{"@type":"ListItem","position":3,"name":"Countdown Timer &#8211; GoDaddy"}]},{"@type":"WebSite","@id":"https:\/\/elfsight.com\/it\/#website","url":"https:\/\/elfsight.com\/it\/","name":"Elfsight IT","description":"Just another Elfsight Sites site","potentialAction":[{"@type":"SearchAction","target":{"@type":"EntryPoint","urlTemplate":"https:\/\/elfsight.com\/it\/?s={search_term_string}"},"query-input":{"@type":"PropertyValueSpecification","valueRequired":true,"valueName":"search_term_string"}}],"inLanguage":"it-IT"}]}},"meta_box":{"industry":"","seo_heading":"","heading":"","description":"","cta_heading":"","cta_description":"","application":"1108","h1":"Plug-in per il conto alla rovescia di GoDaddy","h1_caption":"Riscalda l'entusiasmo per l'acquisto sul tuo sito con l'aiuto di timer e conteggi","application_category":[],"applications_title":"","applications_request_title":"","applications_request_button_text":"","hero_text":"","hero_video":"","hero_video_schema_markup":"","selling_points_title":"","selling_points_caption":"","selling_points":[],"selling_points_cta_text":"","features_title":"","features":"","ed_cta_examples_text":"","ed_cta_examples_hidden":"","ed_cta_demo_text":"","ed_cta_demo_hidden":"","why_caption":"","why_editor_title":"","why_editor_text":"","why_team_title":"","why_team_text":"","why_service_title":"","why_service_text":"","template_catalog_visible":"0","template_catalog_title":"","template_catalog_text":"","template_catalog_categories_visible":"","demo_title":"Installa un plugin personale sul tuo sito web in solo 1 minuto!","demo_caption":"Controlla il nostro configuratore per la creazione rapida di plugin!","default_faq_hidden":"","app_template_category":[],"platform":"53","template_public_id":"","codecanyon_url":"","codecanyon_item_id":"","codecanyon_price":"","pricing_caption":"","pricing_elfsight_apps_hide_column":"","pricing_elfsight_apps_url":"","pricing_codecanyon_price_caption":"","integration_category":[],"integration_request_title":"","integration_request_cta":"","integration_platform":"","integrations":[],"platform_category":[],"video_schema_markup":"","price":"da $ 0 al mese","trial":"","benefits":[{"text":"Assistenza per l'installazione gratuita"},{"text":"Servizio clienti professionale"},{"text":"Garanzia di rimborso di 14 giorni"},{"text":"Aggiornamento costante"}],"button_url":"#demo","button_target_blank":"0","button_nofollow":"0","attributes":[{"name":"Installazioni"},{"name":"Reattivo","content":"S\u00cc"},{"name":"Browser compatibili","content":"Firefox, Safari, Opera, Chrome, Edge"}],"tags":[],"tags_disable_links":"0","hide_more_platforms":"0","video_object":"","demo_hide_cta":"0","demo_hide_cloud_options":"0","pricing_title":"","pricing":[{"pricing_icon":"platform","pricing_title":"Elfsight Apps","pricing_title_caption":"Soluzione multipiattaforma","pricing_price":"da $ 0 \/ mese","pricing_price_caption":"inizia con il piano gratuito","pricing_benefits":[{"text":"Siti web illimitati"},{"text":"Supporto 24 ore su 24, 7 giorni su 7 e ben documentato"},{"text":"Aiuto per l'installazione gratuito"},{"text":"Progettazione flessibile"}],"pricing_button_text":"Aggiungi al sito web","pricing_button_url":"#demo"}],"related_apps_title":"","related_apps_hidden":"0","author":"","image":[],"title":"","job":"","social_networks":[]},"_links":{"self":[{"href":"https:\/\/elfsight.com\/it\/wp-json\/wp\/v2\/pages\/4221","targetHints":{"allow":["GET"]}}],"collection":[{"href":"https:\/\/elfsight.com\/it\/wp-json\/wp\/v2\/pages"}],"about":[{"href":"https:\/\/elfsight.com\/it\/wp-json\/wp\/v2\/types\/page"}],"author":[{"embeddable":true,"href":"https:\/\/elfsight.com\/it\/wp-json\/wp\/v2\/users\/9"}],"replies":[{"embeddable":true,"href":"https:\/\/elfsight.com\/it\/wp-json\/wp\/v2\/comments?post=4221"}],"version-history":[{"count":3,"href":"https:\/\/elfsight.com\/it\/wp-json\/wp\/v2\/pages\/4221\/revisions"}],"predecessor-version":[{"id":8599,"href":"https:\/\/elfsight.com\/it\/wp-json\/wp\/v2\/pages\/4221\/revisions\/8599"}],"up":[{"embeddable":true,"href":"https:\/\/elfsight.com\/it\/wp-json\/wp\/v2\/pages\/1109"}],"wp:attachment":[{"href":"https:\/\/elfsight.com\/it\/wp-json\/wp\/v2\/media?parent=4221"}],"curies":[{"name":"wp","href":"https:\/\/api.w.org\/{rel}","templated":true}]}}