{"id":4219,"date":"2024-05-03T06:33:57","date_gmt":"2024-05-03T06:33:57","guid":{"rendered":"https:\/\/elfsight.com\/it\/?page_id=4219"},"modified":"2024-11-11T11:21:44","modified_gmt":"2024-11-11T11:21:44","slug":"jimdo","status":"publish","type":"page","link":"https:\/\/elfsight.com\/it\/countdown-timer-widget\/jimdo\/","title":{"rendered":"Countdown Timer &#8211; Jimdo"},"content":{"rendered":"<div class=\"application-platform-content-item-description application-platform-content-item\" id=\"description\" data-nav-section=\"description\"> <h2>Descrizione<\/h2> <p>Imposta conteggi per la promozione delle vendite per il tuo sito con Elfsight Countdown Timer. Ravviva l&#8217;atmosfera ed evoca una sensazione di scarsit\u00e0 delle tue offerte, mostrando quanto velocemente vengono acquistate proprio davanti agli occhi del pubblico. Convinci gli utenti urgenti ad acquistarli con il tempo che scende fino alla fine del periodo dell&#8217;offerta speciale. Attira l&#8217;attenzione sul tuo futuro o sulle tue vacanze e mantieni i tuoi clienti in trepidante attesa dell&#8217;inizio mostrando un timer per il conto alla rovescia. Utilizza Elfsight Countdown Timer per creare diversi tipi di conteggi e timer che incoraggeranno il pubblico a fare acquisti. Il conteggio delle scorte o delle vendite creer\u00e0 una sensazione di deficit e concorrenza; il conto alla rovescia delle vendite spinger\u00e0 i clienti ad acquistare prima di perdere un&#8217;offerta redditizia. Un conto alla rovescia individuale stimoler\u00e0 ogni persona a utilizzare pi\u00f9 rapidamente un accordo personale; i bar festivi attireranno l&#8217;attenzione con l&#8217;aiuto del design a tema. <\/p><p><b>Rendi il tuo sito web pi\u00f9 efficace per gli obiettivi di e-commerce con l&#8217;aiuto del conto alla rovescia.<\/b><\/p> <\/div> <div class=\"application-platform-content-item-features application-platform-content-item\" id=\"features\" data-nav-section=\"features\"> <h2> Queste sono solo alcune delle preziose funzionalit\u00e0 del widget: <\/h2> <ul><li>Tre tipi di timer: conteggio dei numeri dall&#8217;inizio alla fine, tempo rimanente per visitatore, dall&#8217;inizio alla fine<\/li><li> Contatori su e gi\u00f9<\/li><li>Opzione per impostare l&#8217;ora e la data di inizio e fine<\/li><li>Testo del messaggio del timer personalizzato con formattazione<\/li><li>Crea un pulsante personalizzato sotto il timer<\/li><\/ul><p><a href=\"#demo\">Prova semplicemente questa demo per vedere come funziona<\/a><\/p> <\/div> <div class=\"application-platform-content-item-installation application-platform-content-item\" id=\"installation\" data-nav-section=\"installation\"> <h2>Come faccio a incorporare il timer per il conto alla rovescia nella mia pagina web Jimdo <\/h2> <p>Basta seguire i passaggi presentati di seguito per iniziare a utilizzare lo strumento. <\/p> <ol><li><b>Gestisci il nostro configuratore gratuito e inizia a creare il tuo strumento su misura. <\/b><br> Trova il layout e le funzionalit\u00e0 preferite del widget e salva le modifiche. <\/li> <li><b>Copia il codice individuale rivelato nell&#8217;apposito modulo su Elfsight Apps. <\/b><br> Non appena terminata la creazione del tuo strumento personale, copia il codice esclusivo dalla casella che appare e salvalo per occasioni successive. <\/li> <li><b>Avvia l&#8217;utilizzo del widget sul tuo sito Jimdo. <\/b><br> Inserisci il codice che hai salvato di recente nel tuo sito web e applica le modifiche. <\/li> <li><b>Fatto! L&#8217;integrazione \u00e8 stata completata con successo. <\/b><br> Vai al tuo sito web per dare un&#8217;occhiata alle prestazioni del widget. <\/li><\/ol> <p>Se incontri qualche difficolt\u00e0, non esitare a chiedere assistenza al nostro personale del servizio clienti. I nostri consulenti sono ansiosi di aiutarti con tutte le domande che potresti avere sul widget. <\/p> <div class=\"faq\" data-component=\"FAQ\"> <div class=\"faq-item\">\r\n\t\t\t\t\t<div class=\"faq-item-question\">\r\n\t\t\t\t\t\t<h3 class=\"faq-item-question-text\">Come aggiungere un timer per il conto alla rovescia al mio sito web Jimdo senza competenze di programmazione?<\/h3>\r\n\r\n\t\t\t\t\t\t<div class=\"faq-item-question-icon\"><\/div>\r\n\t\t\t\t\t<\/div>\r\n\r\n\t\t\t\t\t<div class=\"faq-item-answer\">\r\n\t\t\t\t\t\t<div class=\"faq-item-answer-text\"> <p>Elfsight fornisce una soluzione SaaS che ti consente di creare tu stesso un widget per il conto alla rovescia, scopri quanto \u00e8 facile Il processo \u00e8: lavora direttamente nell&#8217;editor online per creare un widget per il conto alla rovescia che vorresti vedere sul tuo sito Jimdo. Scegli uno dei modelli predefiniti e regola le impostazioni del timer per il conto alla rovescia, aggiungi i tuoi contenuti, modifica il layout e la combinazione di colori senza alcuna competenza di codifica. Salva il timer per il conto alla rovescia e copia il codice di installazione, che potrai semplicemente incorporare nel tuo sito Jimdo senza acquistare un piano a pagamento. Con il nostro editor intuitivo qualsiasi utente di Internet pu\u00f2 creare un widget per il conto alla rovescia online e incorporarlo facilmente nel proprio sito Jimdo. Non \u00e8 necessario pagare o inserire le credenziali della carta per accedere al servizio. In caso di problemi in qualsiasi momento, non esitate a contattare il nostro team di supporto tecnico.<\/p> <\/div>\r\n\t\t\t\t\t<\/div>\r\n\t\t\t\t<\/div> <\/div> <\/div>","protected":false},"excerpt":{"rendered":"","protected":false},"author":9,"featured_media":0,"parent":1109,"menu_order":0,"comment_status":"closed","ping_status":"closed","template":"templates\/template-application-platform.php","meta":{"publish_to_discourse":"","publish_post_category":"","wpdc_auto_publish_overridden":"","wpdc_topic_tags":"","wpdc_pin_topic":"","wpdc_pin_until":"","discourse_post_id":"","discourse_permalink":"","wpdc_publishing_response":"","wpdc_publishing_error":"","footnotes":""},"class_list":["post-4219","page","type-page","status-publish","hentry"],"yoast_head":"<!-- This site is optimized with the Yoast SEO plugin v25.3.1 - https:\/\/yoast.com\/wordpress\/plugins\/seo\/ -->\n<title>Il miglior widget Jimdo Countdown Timer per il sito web (2025)<\/title>\n<meta name=\"description\" content=\"Scopri come aggiungere gratuitamente il conto alla rovescia a Jimdo. Utilizza il miglior conto alla rovescia interattivo per creare urgenza nelle vendite su un sito web.\" \/>\n<meta name=\"robots\" content=\"index, follow, max-snippet:-1, max-image-preview:large, max-video-preview:-1\" \/>\n<link rel=\"canonical\" href=\"https:\/\/elfsight.com\/it\/countdown-timer-widget\/jimdo\/\" \/>\n<meta property=\"og:locale\" content=\"it_IT\" \/>\n<meta property=\"og:type\" content=\"article\" \/>\n<meta property=\"og:title\" content=\"Il miglior widget Jimdo Countdown Timer per il sito web (2025)\" \/>\n<meta property=\"og:description\" content=\"Scopri come aggiungere gratuitamente il conto alla rovescia a Jimdo. Utilizza il miglior conto alla rovescia interattivo per creare urgenza nelle vendite su un sito web.\" \/>\n<meta property=\"og:url\" content=\"https:\/\/elfsight.com\/it\/countdown-timer-widget\/jimdo\/\" \/>\n<meta property=\"og:site_name\" content=\"Elfsight IT\" \/>\n<meta property=\"article:modified_time\" content=\"2024-11-11T11:21:44+00:00\" \/>\n<meta name=\"twitter:card\" content=\"summary_large_image\" \/>\n<meta name=\"twitter:label1\" content=\"Tempo di lettura stimato\" \/>\n\t<meta name=\"twitter:data1\" content=\"3 minuti\" \/>\n<!-- \/ Yoast SEO plugin. -->","yoast_head_json":{"title":"Il miglior widget Jimdo Countdown Timer per il sito web (2025)","description":"Scopri come aggiungere gratuitamente il conto alla rovescia a Jimdo. Utilizza il miglior conto alla rovescia interattivo per creare urgenza nelle vendite su un sito web.","robots":{"index":"index","follow":"follow","max-snippet":"max-snippet:-1","max-image-preview":"max-image-preview:large","max-video-preview":"max-video-preview:-1"},"canonical":"https:\/\/elfsight.com\/it\/countdown-timer-widget\/jimdo\/","og_locale":"it_IT","og_type":"article","og_title":"Il miglior widget Jimdo Countdown Timer per il sito web (2025)","og_description":"Scopri come aggiungere gratuitamente il conto alla rovescia a Jimdo. Utilizza il miglior conto alla rovescia interattivo per creare urgenza nelle vendite su un sito web.","og_url":"https:\/\/elfsight.com\/it\/countdown-timer-widget\/jimdo\/","og_site_name":"Elfsight IT","article_modified_time":"2024-11-11T11:21:44+00:00","twitter_card":"summary_large_image","twitter_misc":{"Tempo di lettura stimato":"3 minuti"},"schema":{"@context":"https:\/\/schema.org","@graph":[{"@type":"WebPage","@id":"https:\/\/elfsight.com\/it\/countdown-timer-widget\/jimdo\/","url":"https:\/\/elfsight.com\/it\/countdown-timer-widget\/jimdo\/","name":"Il miglior widget Jimdo Countdown Timer per il sito web (2025)","isPartOf":{"@id":"https:\/\/elfsight.com\/it\/#website"},"datePublished":"2024-05-03T06:33:57+00:00","dateModified":"2024-11-11T11:21:44+00:00","description":"Scopri come aggiungere gratuitamente il conto alla rovescia a Jimdo. Utilizza il miglior conto alla rovescia interattivo per creare urgenza nelle vendite su un sito web.","breadcrumb":{"@id":"https:\/\/elfsight.com\/it\/countdown-timer-widget\/jimdo\/#breadcrumb"},"inLanguage":"it-IT","potentialAction":[{"@type":"ReadAction","target":["https:\/\/elfsight.com\/it\/countdown-timer-widget\/jimdo\/"]}]},{"@type":"BreadcrumbList","@id":"https:\/\/elfsight.com\/it\/countdown-timer-widget\/jimdo\/#breadcrumb","itemListElement":[{"@type":"ListItem","position":1,"name":"Home","item":"https:\/\/elfsight.com\/it\/"},{"@type":"ListItem","position":2,"name":"Countdown Timer","item":"https:\/\/elfsight.com\/it\/countdown-timer-widget\/"},{"@type":"ListItem","position":3,"name":"Countdown Timer &#8211; Jimdo"}]},{"@type":"WebSite","@id":"https:\/\/elfsight.com\/it\/#website","url":"https:\/\/elfsight.com\/it\/","name":"Elfsight IT","description":"Just another Elfsight Sites site","potentialAction":[{"@type":"SearchAction","target":{"@type":"EntryPoint","urlTemplate":"https:\/\/elfsight.com\/it\/?s={search_term_string}"},"query-input":{"@type":"PropertyValueSpecification","valueRequired":true,"valueName":"search_term_string"}}],"inLanguage":"it-IT"}]}},"meta_box":{"industry":"","seo_heading":"","heading":"","description":"","cta_heading":"","cta_description":"","application":"1108","h1":"Widget timer per il conto alla rovescia di Jimdo","h1_caption":"Imposta un conto alla rovescia per eventi o promozioni importanti, creando facilmente un senso di urgenza per i tuoi visitatori nel tuo sito Jimdo.","application_category":[],"applications_title":"","applications_request_title":"","applications_request_button_text":"","hero_text":"","hero_video":"","hero_video_schema_markup":"","selling_points_title":"","selling_points_caption":"","selling_points":[],"selling_points_cta_text":"","features_title":"","features":"","ed_cta_examples_text":"","ed_cta_examples_hidden":"","ed_cta_demo_text":"","ed_cta_demo_hidden":"","why_caption":"","why_editor_title":"","why_editor_text":"","why_team_title":"","why_team_text":"","why_service_title":"","why_service_text":"","template_catalog_visible":"","template_catalog_title":"","template_catalog_text":"","template_catalog_categories_visible":"","demo_title":"Crea il tuo widget Conto alla rovescia","demo_caption":"Configura il tuo timer per il conto alla rovescia e aggiungilo gratuitamente al tuo sito Jimdo!","default_faq_hidden":"","app_template_category":[],"platform":"55","template_public_id":"","codecanyon_url":"","codecanyon_item_id":"","codecanyon_price":"","pricing_caption":"","pricing_elfsight_apps_hide_column":"","pricing_elfsight_apps_url":"","pricing_codecanyon_price_caption":"","integration_category":[],"integration_request_title":"","integration_request_cta":"","integration_platform":"","integrations":[],"platform_category":[],"video_schema_markup":"","price":"da $ 0 al mese","trial":"","benefits":[{"text":"Servizio di installazione gratuito"},{"text":"Servizio clienti professionale"},{"text":"Garanzia di rimborso di 14 giorni"},{"text":"Futuri miglioramenti gratuiti"}],"button_url":"#demo","button_target_blank":"","button_nofollow":"","attributes":[{"name":"Installazioni"},{"name":"Reattivo","content":"S\u00cc"},{"name":"Browser compatibili","content":"Firefox, Safari, Opera, Chrome, Edge"}],"tags":[],"tags_disable_links":"","hide_more_platforms":"","video_object":"","demo_hide_cta":"","demo_hide_cloud_options":"","pricing_title":"","pricing":[{"pricing_icon":"platform","pricing_title":"Elfsight Apps","pricing_title_caption":"Software indipendente dalla piattaforma che funziona su qualsiasi sito web","pricing_price":"da $ 0 \/ mese","pricing_price_caption":"inizia con un piano gratuito","pricing_benefits":[{"text":"Siti web illimitati"},{"text":"Assistenza clienti 24 ore su 24, 7 giorni su 7"},{"text":"Servizio di installazione gratuito"},{"text":"Progettazione flessibile"}],"pricing_button_text":"Aggiungi al sito web","pricing_button_url":"#demo"}],"related_apps_title":"","related_apps_hidden":"","author":"","image":[],"title":"","job":"","social_networks":[]},"_links":{"self":[{"href":"https:\/\/elfsight.com\/it\/wp-json\/wp\/v2\/pages\/4219","targetHints":{"allow":["GET"]}}],"collection":[{"href":"https:\/\/elfsight.com\/it\/wp-json\/wp\/v2\/pages"}],"about":[{"href":"https:\/\/elfsight.com\/it\/wp-json\/wp\/v2\/types\/page"}],"author":[{"embeddable":true,"href":"https:\/\/elfsight.com\/it\/wp-json\/wp\/v2\/users\/9"}],"replies":[{"embeddable":true,"href":"https:\/\/elfsight.com\/it\/wp-json\/wp\/v2\/comments?post=4219"}],"version-history":[{"count":1,"href":"https:\/\/elfsight.com\/it\/wp-json\/wp\/v2\/pages\/4219\/revisions"}],"predecessor-version":[{"id":4223,"href":"https:\/\/elfsight.com\/it\/wp-json\/wp\/v2\/pages\/4219\/revisions\/4223"}],"up":[{"embeddable":true,"href":"https:\/\/elfsight.com\/it\/wp-json\/wp\/v2\/pages\/1109"}],"wp:attachment":[{"href":"https:\/\/elfsight.com\/it\/wp-json\/wp\/v2\/media?parent=4219"}],"curies":[{"name":"wp","href":"https:\/\/api.w.org\/{rel}","templated":true}]}}