{"id":4162,"date":"2024-05-03T06:33:28","date_gmt":"2024-05-03T06:33:28","guid":{"rendered":"https:\/\/elfsight.com\/it\/?page_id=4162"},"modified":"2025-03-21T12:15:23","modified_gmt":"2025-03-21T12:15:23","slug":"blogger","status":"publish","type":"page","link":"https:\/\/elfsight.com\/it\/cookie-consent-widget\/blogger\/","title":{"rendered":"Cookie Consent &#8211; Blogger"},"content":{"rendered":"\n<div class=\"application-platform-content-item-description application-platform-content-item\" id=\"description\" data-nav-section=\"description\"> <h2>Descrizione<\/h2> <p>Con l&#8217;aiuto del widget Elfsight Cookie, sar\u00e0 estremamente semplice notificare al tuo pubblico che il tuo sito utilizza cookie tramite una barra popup moderata. Questo widget ti consente di mostrare il tuo messaggio, fornire un collegamento alla politica di utilizzo del sito web e posizionare pulsanti attivi per richiedere l&#8217;approvazione da parte degli utenti. Sei libero di mostrare il widget come una barra o un riquadro reattivo e sceglierne la posizione all&#8217;interno della pagina. Inoltre, l&#8217;opzione di dipingere gli elementi dell&#8217;interfaccia ti aiuter\u00e0 a farla sembrare nativa e ad integrarla bene con il concetto di stile del sito. <\/p> <div class=\"faq\" data-component=\"FAQ\"> <div class=\"faq-item\">\r\n\t\t\t\t\t<div class=\"faq-item-question\">\r\n\t\t\t\t\t\t<h3 class=\"faq-item-question-text\">Dove posso aggiungere il widget sul mio sito<\/h3>\r\n\r\n\t\t\t\t\t\t<div class=\"faq-item-question-icon\"><\/div>\r\n\t\t\t\t\t<\/div>\r\n\r\n\t\t\t\t\t<div class=\"faq-item-answer\">\r\n\t\t\t\t\t\t<div class=\"faq-item-answer-text\"> <p>Puoi visualizzare il plugin su qualsiasi pagina del tuo sito web cos\u00ec come su tutte le pagine, a seconda delle tue esigenze . Immediatamente dopo che una persona accede alla pagina, verr\u00e0 mostrato un annuncio relativo ai cookie.<\/p> <\/div>\r\n\t\t\t\t\t<\/div>\r\n\t\t\t\t<\/div> <div class=\"faq-item\">\r\n\t\t\t\t\t<div class=\"faq-item-question\">\r\n\t\t\t\t\t\t<h3 class=\"faq-item-question-text\">Quali sono i vantaggi di avere il widget per me?<\/h3>\r\n\r\n\t\t\t\t\t\t<div class=\"faq-item-question-icon\"><\/div>\r\n\t\t\t\t\t<\/div>\r\n\r\n\t\t\t\t\t<div class=\"faq-item-answer\">\r\n\t\t\t\t\t\t<div class=\"faq-item-answer-text\"> <p>Il nostro widget ti aiuta a rivelare un annuncio di cookie istantaneo senza codifica e al massimo rapidamente. \u00c8 tradotto in tutte le lingue europee pi\u00f9 diffuse per garantire un&#8217;esperienza facile ai tuoi utenti.<\/p> <\/div>\r\n\t\t\t\t\t<\/div>\r\n\t\t\t\t<\/div><div class=\"faq-item\">\r\n\t\t\t\t\t<div class=\"faq-item-question\">\r\n\t\t\t\t\t\t<h3 class=\"faq-item-question-text\">Come posso incorporare il widget Cookie nel mio sito Web Blogger?<\/h3>\r\n\r\n\t\t\t\t\t\t<div class=\"faq-item-question-icon\"><\/div>\r\n\t\t\t\t\t<\/div>\r\n\r\n\t\t\t\t\t<div class=\"faq-item-answer\">\r\n\t\t\t\t\t\t<div class=\"faq-item-answer-text\"> <p>Ci vorr\u00e0 solo un attimo un paio di minuti di tempo per avere il widget attivo e funzionante. L&#8217;incorporamento \u00e8 estremamente veloce e privo di codifica. <\/p> <p>Puoi incorporare il widget nella pagina web tramite il nostro servizio. Basta applicare la guida qui sotto in questa pagina.<\/p><\/div>\r\n\t\t\t\t\t<\/div>\r\n\t\t\t\t<\/div> <\/div><\/div><div class=\"application-platform-content-item-features application-platform-content-item\" id=\"features\" data-nav-section=\"features\"> <h2>Funzionalit\u00e0<\/h2> <p>Per avere una migliore percezione di il widget, ecco l&#8217;elenco delle sue caratteristiche principali. Rendono il widget massimamente efficiente per te: <\/p> <ul><li>Mostra solo una notifica o aggiungi una richiesta di approvazione; <\/li> <li>L&#8217;opzione per impostare un messaggio di notifica personalizzato che supporta funzionalit\u00e0 e collegamenti di formattazione; <\/li> <li>Visualizzare o disattivare un collegamento attivo ai termini e alle condizioni dei cookie e aggiungere testo del collegamento personalizzato; <\/li> <li> Scegli il tipo di layout Barra o Casella della notifica; <\/li> <li>Scegli il colore dei pulsanti e del collegamento. <\/li> <\/ul><p><a href=\"#demo\">La nostra demo ti riveler\u00e0 pi\u00f9 funzionalit\u00e0<\/a><\/p> <\/div> <div class=\"application-platform-content-item-installation application-platform-content-item\" id=\"installation\" data-nav-section=\"installation\"> <h2>Ecco come aggiungere il consenso ai cookie al tuo sito Blogger<\/h2><div class=\"video-container\"><iframe width=\"560\" height=\"315\" src=\"https:\/\/www.youtube.com\/embed\/ltXYPZLkBJY?si=5RspAokCvrNtmipZ\" frameborder=\"0\" allow=\"accelerometer; autoplay; clipboard-write; encrypted-media; gyroscope; picture-in-picture; web-share\" allowfullscreen><\/iframe><\/div><p>Le azioni seguenti sono l&#8217;unica cosa che devi integrare. <\/p> <ol><li><b>Costruisci il tuo widget Cookie personale<\/b><br> Utilizzando la nostra demo gratuita, crea un plugin con un layout e caratteristiche funzionali preferibili.<\/li><li> <b>Ricevi il codice individuale per integrare il plugin<\/b><br> Dopo aver impostato il tuo widget, otterrai il codice di installazione dalla notifica apparsa su Elfsight Apps. Copia questo codice.<\/li> <li><b>Pubblica il plugin sul tuo sito Blogger<\/b><br> Scegli l&#8217;area in cui desideri rivelare il plugin e aggiungi l\u00ec il codice salvato. Salva le modifiche.<\/li> <li><b>Congratulazioni! Hai appena aggiunto il widget!<\/b><br> Entra nel tuo sito web, per dare un&#8217;occhiata al tuo plugin.<\/li> <\/ol><p>Non riesci ancora a prendere una decisione? O hai domande? Basta una singola richiesta al nostro team di supporto per risolvere qualsiasi domanda. <\/p> <\/div>\n","protected":false},"excerpt":{"rendered":"","protected":false},"author":9,"featured_media":0,"parent":1389,"menu_order":0,"comment_status":"closed","ping_status":"closed","template":"templates\/template-application-platform.php","meta":{"publish_to_discourse":"","publish_post_category":"","wpdc_auto_publish_overridden":"","wpdc_topic_tags":"","wpdc_pin_topic":"","wpdc_pin_until":"","discourse_post_id":"","discourse_permalink":"","wpdc_publishing_response":"","wpdc_publishing_error":"","footnotes":""},"class_list":["post-4162","page","type-page","status-publish","hentry"],"yoast_head":"<!-- This site is optimized with the Yoast SEO plugin v25.3.1 - https:\/\/yoast.com\/wordpress\/plugins\/seo\/ -->\n<title>Aggiunta del widget di consenso sui cookie al sito Web di Blogger (2025)<\/title>\n<meta name=\"description\" content=\"Con Elfsight, produci il tuo consenso sui cookie e aggiungilo sul tuo sito Blogger in modo facile e veloce. Offriamo un servizio clienti gratuito e pi\u00f9 bonus.\" \/>\n<meta name=\"robots\" content=\"index, follow, max-snippet:-1, max-image-preview:large, max-video-preview:-1\" \/>\n<link rel=\"canonical\" href=\"https:\/\/elfsight.com\/it\/cookie-consent-widget\/blogger\/\" \/>\n<meta property=\"og:locale\" content=\"it_IT\" \/>\n<meta property=\"og:type\" content=\"article\" \/>\n<meta property=\"og:title\" content=\"Aggiunta del widget di consenso sui cookie al sito Web di Blogger (2025)\" \/>\n<meta property=\"og:description\" content=\"Con Elfsight, produci il tuo consenso sui cookie e aggiungilo sul tuo sito Blogger in modo facile e veloce. Offriamo un servizio clienti gratuito e pi\u00f9 bonus.\" \/>\n<meta property=\"og:url\" content=\"https:\/\/elfsight.com\/it\/cookie-consent-widget\/blogger\/\" \/>\n<meta property=\"og:site_name\" content=\"Elfsight IT\" \/>\n<meta property=\"article:modified_time\" content=\"2025-03-21T12:15:23+00:00\" \/>\n<meta name=\"twitter:card\" content=\"summary_large_image\" \/>\n<meta name=\"twitter:label1\" content=\"Tempo di lettura stimato\" \/>\n\t<meta name=\"twitter:data1\" content=\"3 minuti\" \/>\n<!-- \/ Yoast SEO plugin. -->","yoast_head_json":{"title":"Aggiunta del widget di consenso sui cookie al sito Web di Blogger (2025)","description":"Con Elfsight, produci il tuo consenso sui cookie e aggiungilo sul tuo sito Blogger in modo facile e veloce. Offriamo un servizio clienti gratuito e pi\u00f9 bonus.","robots":{"index":"index","follow":"follow","max-snippet":"max-snippet:-1","max-image-preview":"max-image-preview:large","max-video-preview":"max-video-preview:-1"},"canonical":"https:\/\/elfsight.com\/it\/cookie-consent-widget\/blogger\/","og_locale":"it_IT","og_type":"article","og_title":"Aggiunta del widget di consenso sui cookie al sito Web di Blogger (2025)","og_description":"Con Elfsight, produci il tuo consenso sui cookie e aggiungilo sul tuo sito Blogger in modo facile e veloce. Offriamo un servizio clienti gratuito e pi\u00f9 bonus.","og_url":"https:\/\/elfsight.com\/it\/cookie-consent-widget\/blogger\/","og_site_name":"Elfsight IT","article_modified_time":"2025-03-21T12:15:23+00:00","twitter_card":"summary_large_image","twitter_misc":{"Tempo di lettura stimato":"3 minuti"},"schema":{"@context":"https:\/\/schema.org","@graph":[{"@type":"WebPage","@id":"https:\/\/elfsight.com\/it\/cookie-consent-widget\/blogger\/","url":"https:\/\/elfsight.com\/it\/cookie-consent-widget\/blogger\/","name":"Aggiunta del widget di consenso sui cookie al sito Web di Blogger (2025)","isPartOf":{"@id":"https:\/\/elfsight.com\/it\/#website"},"datePublished":"2024-05-03T06:33:28+00:00","dateModified":"2025-03-21T12:15:23+00:00","description":"Con Elfsight, produci il tuo consenso sui cookie e aggiungilo sul tuo sito Blogger in modo facile e veloce. Offriamo un servizio clienti gratuito e pi\u00f9 bonus.","breadcrumb":{"@id":"https:\/\/elfsight.com\/it\/cookie-consent-widget\/blogger\/#breadcrumb"},"inLanguage":"it-IT","potentialAction":[{"@type":"ReadAction","target":["https:\/\/elfsight.com\/it\/cookie-consent-widget\/blogger\/"]}]},{"@type":"BreadcrumbList","@id":"https:\/\/elfsight.com\/it\/cookie-consent-widget\/blogger\/#breadcrumb","itemListElement":[{"@type":"ListItem","position":1,"name":"Home","item":"https:\/\/elfsight.com\/it\/"},{"@type":"ListItem","position":2,"name":"Cookie Consent","item":"https:\/\/elfsight.com\/it\/cookie-consent-widget\/"},{"@type":"ListItem","position":3,"name":"Cookie Consent &#8211; Blogger"}]},{"@type":"WebSite","@id":"https:\/\/elfsight.com\/it\/#website","url":"https:\/\/elfsight.com\/it\/","name":"Elfsight IT","description":"Just another Elfsight Sites site","potentialAction":[{"@type":"SearchAction","target":{"@type":"EntryPoint","urlTemplate":"https:\/\/elfsight.com\/it\/?s={search_term_string}"},"query-input":{"@type":"PropertyValueSpecification","valueRequired":true,"valueName":"search_term_string"}}],"inLanguage":"it-IT"}]}},"meta_box":{"industry":"","seo_heading":"","heading":"","description":"","cta_heading":"","cta_description":"","application":"1388","h1":"Widget di consenso sui cookie di Blogger","h1_caption":"Rispetta le normative sulla privacy aggiungendo un banner per il consenso ai cookie al tuo sito web, garantendo cos\u00ec la trasparenza dei dati utente nel tuo sito web Blogger senza sforzo.","application_category":[],"applications_title":"","applications_request_title":"","applications_request_button_text":"","hero_text":"","hero_video":"","hero_video_schema_markup":"","selling_points_title":"","selling_points_caption":"","selling_points":[],"selling_points_cta_text":"","features_title":"","features":"","ed_cta_examples_text":"","ed_cta_examples_hidden":"","ed_cta_demo_text":"","ed_cta_demo_hidden":"","why_caption":"","why_editor_title":"","why_editor_text":"","why_team_title":"","why_team_text":"","why_service_title":"","why_service_text":"","template_catalog_visible":"0","template_catalog_title":"","template_catalog_text":"","template_catalog_categories_visible":"","demo_title":"Crea il tuo widget di consenso sui cookie","demo_caption":"Configura il tuo consenso ai cookie e aggiungilo gratuitamente al tuo sito Blogger!","default_faq_hidden":"","app_template_category":[],"platform":"33","template_public_id":"","codecanyon_url":"","codecanyon_item_id":"","codecanyon_price":"","pricing_caption":"","pricing_elfsight_apps_hide_column":"","pricing_elfsight_apps_url":"","pricing_codecanyon_price_caption":"","integration_category":[],"integration_request_title":"","integration_request_cta":"","integration_platform":"","integrations":[],"platform_category":[],"video_schema_markup":"","price":"da $ 0 al mese","trial":"","benefits":[{"text":"Assistenza per l'installazione gratuita"},{"text":"Servizio clienti competente"},{"text":"Garanzia di rimborso di 14 giorni"},{"text":"Aggiornamenti gratuiti continui"}],"button_url":"#demo","button_target_blank":"0","button_nofollow":"0","attributes":[{"name":"Installazioni"},{"name":"Reattivo","content":"Funziona e si vede perfettamente sui cellulari"},{"name":"Browser compatibili","content":"Opera, Safari, Edge, Chrome, Firefox"}],"tags":[],"tags_disable_links":"0","hide_more_platforms":"0","video_object":"","demo_hide_cta":"0","demo_hide_cloud_options":"0","pricing_title":"","pricing":[{"pricing_icon":"platform","pricing_title":"Elfsight Apps","pricing_title_caption":"Soluzione multipiattaforma","pricing_price":"da $ 0 \/ mese","pricing_price_caption":"inizia con un piano gratuito","pricing_benefits":[{"text":"Domini illimitati"},{"text":"Supporto dedicato, puntuale e ben documentato"},{"text":"Servizio di installazione gratuito"},{"text":"100% personalizzabile"}],"pricing_button_text":"Aggiungi al sito web","pricing_button_url":"#demo"}],"related_apps_title":"","related_apps_hidden":"0","author":"","image":[],"title":"","job":"","social_networks":[]},"_links":{"self":[{"href":"https:\/\/elfsight.com\/it\/wp-json\/wp\/v2\/pages\/4162","targetHints":{"allow":["GET"]}}],"collection":[{"href":"https:\/\/elfsight.com\/it\/wp-json\/wp\/v2\/pages"}],"about":[{"href":"https:\/\/elfsight.com\/it\/wp-json\/wp\/v2\/types\/page"}],"author":[{"embeddable":true,"href":"https:\/\/elfsight.com\/it\/wp-json\/wp\/v2\/users\/9"}],"replies":[{"embeddable":true,"href":"https:\/\/elfsight.com\/it\/wp-json\/wp\/v2\/comments?post=4162"}],"version-history":[{"count":4,"href":"https:\/\/elfsight.com\/it\/wp-json\/wp\/v2\/pages\/4162\/revisions"}],"predecessor-version":[{"id":9652,"href":"https:\/\/elfsight.com\/it\/wp-json\/wp\/v2\/pages\/4162\/revisions\/9652"}],"up":[{"embeddable":true,"href":"https:\/\/elfsight.com\/it\/wp-json\/wp\/v2\/pages\/1389"}],"wp:attachment":[{"href":"https:\/\/elfsight.com\/it\/wp-json\/wp\/v2\/media?parent=4162"}],"curies":[{"name":"wp","href":"https:\/\/api.w.org\/{rel}","templated":true}]}}