{"id":4157,"date":"2024-05-03T06:33:27","date_gmt":"2024-05-03T06:33:27","guid":{"rendered":"https:\/\/elfsight.com\/it\/?page_id=4157"},"modified":"2025-03-17T11:34:12","modified_gmt":"2025-03-17T11:34:12","slug":"drupal","status":"publish","type":"page","link":"https:\/\/elfsight.com\/it\/cookie-consent-widget\/drupal\/","title":{"rendered":"Cookie Consent &#8211; Drupal"},"content":{"rendered":"\n<div class=\"application-platform-content-item-description application-platform-content-item\" id=\"description\" data-nav-section=\"description\"> <h2>Descrizione<\/h2> <p>Utilizzando il modulo Elfsight Cookie, sar\u00e0 estremamente semplice avvisare gli utenti che il tuo sito utilizza cookie che mostrano un finestra popup moderata. Il widget ti consente di aggiungere il tuo messaggio, inserire un collegamento alla politica di utilizzo del sito web e inserire pulsanti attivi per ottenere il consenso degli utenti. Puoi scegliere di organizzare il widget come una barra della pagina o una casella reattiva e scegliere qualsiasi posizione per esso. Inoltre, gli elementi verniciabili ti aiuteranno a rendere il widget nativo e ad integrarsi bene con il concetto di stile del sito web.<\/p> <div class=\"faq\" data-component=\"FAQ\"> <div class=\"faq-item\">\r\n\t\t\t\t\t<div class=\"faq-item-question\">\r\n\t\t\t\t\t\t<h3 class=\"faq-item-question-text\">Dove posso incorporare il widget sul mio sito<\/h3>\r\n\r\n\t\t\t\t\t\t<div class=\"faq-item-question-icon\"><\/div>\r\n\t\t\t\t\t<\/div>\r\n\r\n\t\t\t\t\t<div class=\"faq-item-answer\">\r\n\t\t\t\t\t\t<div class=\"faq-item-answer-text\"> <p>Puoi posiziona il plugin su una qualsiasi delle pagine del sito web cos\u00ec come su tutte le pagine, dipende da cosa ti serve. Non appena una persona accede alla pagina, verr\u00e0 visualizzato un annuncio sui cookie. <\/p> <\/div>\r\n\t\t\t\t\t<\/div>\r\n\t\t\t\t<\/div><div class=\"faq-item\">\r\n\t\t\t\t\t<div class=\"faq-item-question\">\r\n\t\t\t\t\t\t<h3 class=\"faq-item-question-text\">Quali vantaggi mi offre?<\/h3>\r\n\r\n\t\t\t\t\t\t<div class=\"faq-item-question-icon\"><\/div>\r\n\t\t\t\t\t<\/div>\r\n\r\n\t\t\t\t\t<div class=\"faq-item-answer\">\r\n\t\t\t\t\t\t<div class=\"faq-item-answer-text\"> <p>Il widget ti aiuta a mostrare una notifica immediata dei cookie, senza codifica e con la massima rapidit\u00e0. \u00c8 dotato di tutte le lingue europee pi\u00f9 diffuse per fornire la migliore esperienza utente agli utenti del tuo sito web. <\/p> <\/div>\r\n\t\t\t\t\t<\/div>\r\n\t\t\t\t<\/div> <div class=\"faq-item\">\r\n\t\t\t\t\t<div class=\"faq-item-question\">\r\n\t\t\t\t\t\t<h3 class=\"faq-item-question-text\">Di cosa ho bisogno per installare il consenso ai cookie sul mio sito Drupal?<\/h3>\r\n\r\n\t\t\t\t\t\t<div class=\"faq-item-question-icon\"><\/div>\r\n\t\t\t\t\t<\/div>\r\n\r\n\t\t\t\t\t<div class=\"faq-item-answer\">\r\n\t\t\t\t\t\t<div class=\"faq-item-answer-text\"> <p>Ci vorranno solo un paio di minuti per l&#8217;attivazione. \u00c8 davvero veloce, gratuito e privo di codifica. <\/p> <p>Il widget pu\u00f2 essere impostato tramite il nostro servizio o tramite il marketplace. Qui puoi vedere maggiori informazioni sulle due varianti e selezionare la tua.<\/p> <\/div>\r\n\t\t\t\t\t<\/div>\r\n\t\t\t\t<\/div> <\/div> <\/div> <div class=\"application-platform-content-item-features application-platform-content-item\" id=\"features\" data-nav-section=\"features\"> <h2>Caratteristiche<\/h2> <p>A Per avere una conoscenza approfondita del Consenso sui cookie, consulta l&#8217;elenco delle sue caratteristiche pi\u00f9 importanti. Rendono il nostro widget incredibilmente vantaggioso per te:<\/p> <ul><li>Seleziona il tipo di annuncio o richiesta di consenso;<\/li> <li>Imposta un testo di annuncio personalizzato che supporti opzioni di formattazione e collegamenti;<\/li> <li>Visualizza o disattiva un collegamento alla politica sui cookie e inserisci un testo di collegamento personalizzato;<\/li> <li>Seleziona la variante di layout della barra o della casella del widget;<\/li> <li>Imposta il colore per i pulsanti e il collegamento.<\/li> <\/ul><p><a href=\"#demo\">Scopri ulteriori funzionalit\u00e0 nella nostra demo live<\/a><\/p> <\/div> <div class=\"application-platform-content-item-installation application-platform-content-item\" id=\"installation\" data-nav-section=\"installation\"> <h2>Scoprilo come aggiungere il consenso sui cookie al tuo sito Drupal<\/h2><div class=\"video-container\"><iframe width=\"560\" height=\"315\" src=\"https:\/\/www.youtube.com\/embed\/VgPOMLXPJb4?si=IVio73vMb0VPiru2\" frameborder=\"0\" allow=\"accelerometer; autoplay; clipboard-write; encrypted-media; gyroscope; picture-in-picture; web-share\" allowfullscreen><\/iframe><\/div><p>Segui semplicemente un paio di passaggi presentati di seguito per aggiungere il modulo su Drupal.<\/p> <ol><li><b>Utilizza il nostro editor gratuito e inizia a creare il tuo modulo personalizzato. <\/b><br> Determina l&#8217;interfaccia personalizzata e le caratteristiche funzionali del modulo Consenso sui cookie e applica le correzioni. <\/li> <li><b>Copia il codice individuale che viene mostrato nella casella su Elfsight Apps. <\/b><br> Una volta completata la configurazione del tuo strumento, copia il codice esclusivo dalla finestra visualizzata e salvalo per un utilizzo successivo. <\/li> <li><b>Avviare l&#8217;utilizzo del modulo sul sito Drupal. <\/b><br> Inserisci il codice che hai copiato in precedenza nel tuo sito web e applica le correzioni. <\/li> <li><b>Fatto! L&#8217;incorporamento \u00e8 stato completamente eseguito. <\/b><br> Vai al tuo sito web per esaminare come funziona lo strumento. <\/li><\/ol><p>Non sei ancora sicuro? O ti sei imbattuto in qualcosa? Basta una singola richiesta al nostro servizio clienti per risolvere ogni problema. <\/p> <\/div>\n","protected":false},"excerpt":{"rendered":"","protected":false},"author":9,"featured_media":0,"parent":1389,"menu_order":0,"comment_status":"closed","ping_status":"closed","template":"templates\/template-application-platform.php","meta":{"publish_to_discourse":"","publish_post_category":"","wpdc_auto_publish_overridden":"","wpdc_topic_tags":"","wpdc_pin_topic":"","wpdc_pin_until":"","discourse_post_id":"","discourse_permalink":"","wpdc_publishing_response":"","wpdc_publishing_error":"","footnotes":""},"class_list":["post-4157","page","type-page","status-publish","hentry"],"yoast_head":"<!-- This site is optimized with the Yoast SEO plugin v25.3.1 - https:\/\/yoast.com\/wordpress\/plugins\/seo\/ -->\n<title>Aggiungi il modulo di consenso sui cookie al sito Drupal (in 2 minuti)<\/title>\n<meta name=\"description\" content=\"Non \u00e8 una faticaccia costruire il tuo modulo di consenso sui cookie e pubblicarlo sul tuo sito Drupal. Il supporto client Elfsight \u00e8 gratuito.\" \/>\n<meta name=\"robots\" content=\"index, follow, max-snippet:-1, max-image-preview:large, max-video-preview:-1\" \/>\n<link rel=\"canonical\" href=\"https:\/\/elfsight.com\/it\/cookie-consent-widget\/drupal\/\" \/>\n<meta property=\"og:locale\" content=\"it_IT\" \/>\n<meta property=\"og:type\" content=\"article\" \/>\n<meta property=\"og:title\" content=\"Aggiungi il modulo di consenso sui cookie al sito Drupal (in 2 minuti)\" \/>\n<meta property=\"og:description\" content=\"Non \u00e8 una faticaccia costruire il tuo modulo di consenso sui cookie e pubblicarlo sul tuo sito Drupal. Il supporto client Elfsight \u00e8 gratuito.\" \/>\n<meta property=\"og:url\" content=\"https:\/\/elfsight.com\/it\/cookie-consent-widget\/drupal\/\" \/>\n<meta property=\"og:site_name\" content=\"Elfsight IT\" \/>\n<meta property=\"article:modified_time\" content=\"2025-03-17T11:34:12+00:00\" \/>\n<meta name=\"twitter:card\" content=\"summary_large_image\" \/>\n<meta name=\"twitter:label1\" content=\"Tempo di lettura stimato\" \/>\n\t<meta name=\"twitter:data1\" content=\"3 minuti\" \/>\n<!-- \/ Yoast SEO plugin. -->","yoast_head_json":{"title":"Aggiungi il modulo di consenso sui cookie al sito Drupal (in 2 minuti)","description":"Non \u00e8 una faticaccia costruire il tuo modulo di consenso sui cookie e pubblicarlo sul tuo sito Drupal. Il supporto client Elfsight \u00e8 gratuito.","robots":{"index":"index","follow":"follow","max-snippet":"max-snippet:-1","max-image-preview":"max-image-preview:large","max-video-preview":"max-video-preview:-1"},"canonical":"https:\/\/elfsight.com\/it\/cookie-consent-widget\/drupal\/","og_locale":"it_IT","og_type":"article","og_title":"Aggiungi il modulo di consenso sui cookie al sito Drupal (in 2 minuti)","og_description":"Non \u00e8 una faticaccia costruire il tuo modulo di consenso sui cookie e pubblicarlo sul tuo sito Drupal. Il supporto client Elfsight \u00e8 gratuito.","og_url":"https:\/\/elfsight.com\/it\/cookie-consent-widget\/drupal\/","og_site_name":"Elfsight IT","article_modified_time":"2025-03-17T11:34:12+00:00","twitter_card":"summary_large_image","twitter_misc":{"Tempo di lettura stimato":"3 minuti"},"schema":{"@context":"https:\/\/schema.org","@graph":[{"@type":"WebPage","@id":"https:\/\/elfsight.com\/it\/cookie-consent-widget\/drupal\/","url":"https:\/\/elfsight.com\/it\/cookie-consent-widget\/drupal\/","name":"Aggiungi il modulo di consenso sui cookie al sito Drupal (in 2 minuti)","isPartOf":{"@id":"https:\/\/elfsight.com\/it\/#website"},"datePublished":"2024-05-03T06:33:27+00:00","dateModified":"2025-03-17T11:34:12+00:00","description":"Non \u00e8 una faticaccia costruire il tuo modulo di consenso sui cookie e pubblicarlo sul tuo sito Drupal. Il supporto client Elfsight \u00e8 gratuito.","breadcrumb":{"@id":"https:\/\/elfsight.com\/it\/cookie-consent-widget\/drupal\/#breadcrumb"},"inLanguage":"it-IT","potentialAction":[{"@type":"ReadAction","target":["https:\/\/elfsight.com\/it\/cookie-consent-widget\/drupal\/"]}]},{"@type":"BreadcrumbList","@id":"https:\/\/elfsight.com\/it\/cookie-consent-widget\/drupal\/#breadcrumb","itemListElement":[{"@type":"ListItem","position":1,"name":"Home","item":"https:\/\/elfsight.com\/it\/"},{"@type":"ListItem","position":2,"name":"Cookie Consent","item":"https:\/\/elfsight.com\/it\/cookie-consent-widget\/"},{"@type":"ListItem","position":3,"name":"Cookie Consent &#8211; Drupal"}]},{"@type":"WebSite","@id":"https:\/\/elfsight.com\/it\/#website","url":"https:\/\/elfsight.com\/it\/","name":"Elfsight IT","description":"Just another Elfsight Sites site","potentialAction":[{"@type":"SearchAction","target":{"@type":"EntryPoint","urlTemplate":"https:\/\/elfsight.com\/it\/?s={search_term_string}"},"query-input":{"@type":"PropertyValueSpecification","valueRequired":true,"valueName":"search_term_string"}}],"inLanguage":"it-IT"}]}},"meta_box":{"industry":"","seo_heading":"","heading":"","description":"","cta_heading":"","cta_description":"","application":"1388","h1":"Modulo di consenso sui cookie Drupal","h1_caption":"Rispetta le normative sulla privacy aggiungendo un banner di consenso sui cookie al tuo sito web, garantendo la trasparenza dei dati utente nel tuo sito Drupal senza sforzo.","application_category":[],"applications_title":"","applications_request_title":"","applications_request_button_text":"","hero_text":"","hero_video":"","hero_video_schema_markup":"","selling_points_title":"","selling_points_caption":"","selling_points":[],"selling_points_cta_text":"","features_title":"","features":"","ed_cta_examples_text":"","ed_cta_examples_hidden":"","ed_cta_demo_text":"","ed_cta_demo_hidden":"","why_caption":"","why_editor_title":"","why_editor_text":"","why_team_title":"","why_team_text":"","why_service_title":"","why_service_text":"","template_catalog_visible":"0","template_catalog_title":"","template_catalog_text":"","template_catalog_categories_visible":"","demo_title":"Crea il tuo modulo di consenso sui cookie","demo_caption":"Configura il tuo consenso ai cookie e aggiungilo gratuitamente al tuo sito Drupal!","default_faq_hidden":"","app_template_category":[],"platform":"34","template_public_id":"","codecanyon_url":"","codecanyon_item_id":"","codecanyon_price":"","pricing_caption":"","pricing_elfsight_apps_hide_column":"","pricing_elfsight_apps_url":"","pricing_codecanyon_price_caption":"","integration_category":[],"integration_request_title":"","integration_request_cta":"","integration_platform":"","integrations":[],"platform_category":[],"video_schema_markup":"","price":"da $ 0 al mese","trial":"","benefits":[{"text":"Servizio di installazione gratuito"},{"text":"Servizio clienti competente"},{"text":"Garanzia di rimborso di 14 giorni"},{"text":"Aggiornamenti futuri"}],"button_url":"#demo","button_target_blank":"0","button_nofollow":"0","attributes":[{"name":"Installazioni"},{"name":"Reattivo","content":"S\u00cc"},{"name":"Browser compatibili","content":"Firefox, Safari, Opera, Chrome, Edge"}],"tags":[],"tags_disable_links":"0","hide_more_platforms":"0","video_object":"","demo_hide_cta":"0","demo_hide_cloud_options":"0","pricing_title":"","pricing":[{"pricing_icon":"platform","pricing_title":"Elfsight Apps","pricing_title_caption":"Software multipiattaforma adatto a qualsiasi sito","pricing_price":"da $ 0 \/ mese","pricing_price_caption":"inizia con il piano gratuito","pricing_benefits":[{"text":"Domini illimitati"},{"text":"Supporto premium e puntuale"},{"text":"Servizio di installazione gratuito"},{"text":"Offerta speciale per pi\u00f9 app"}],"pricing_button_text":"Aggiungi al sito web","pricing_button_url":"#demo"}],"related_apps_title":"","related_apps_hidden":"0","author":"","image":[],"title":"","job":"","social_networks":[]},"_links":{"self":[{"href":"https:\/\/elfsight.com\/it\/wp-json\/wp\/v2\/pages\/4157","targetHints":{"allow":["GET"]}}],"collection":[{"href":"https:\/\/elfsight.com\/it\/wp-json\/wp\/v2\/pages"}],"about":[{"href":"https:\/\/elfsight.com\/it\/wp-json\/wp\/v2\/types\/page"}],"author":[{"embeddable":true,"href":"https:\/\/elfsight.com\/it\/wp-json\/wp\/v2\/users\/9"}],"replies":[{"embeddable":true,"href":"https:\/\/elfsight.com\/it\/wp-json\/wp\/v2\/comments?post=4157"}],"version-history":[{"count":5,"href":"https:\/\/elfsight.com\/it\/wp-json\/wp\/v2\/pages\/4157\/revisions"}],"predecessor-version":[{"id":8925,"href":"https:\/\/elfsight.com\/it\/wp-json\/wp\/v2\/pages\/4157\/revisions\/8925"}],"up":[{"embeddable":true,"href":"https:\/\/elfsight.com\/it\/wp-json\/wp\/v2\/pages\/1389"}],"wp:attachment":[{"href":"https:\/\/elfsight.com\/it\/wp-json\/wp\/v2\/media?parent=4157"}],"curies":[{"name":"wp","href":"https:\/\/api.w.org\/{rel}","templated":true}]}}