{"id":4155,"date":"2024-05-03T06:33:25","date_gmt":"2024-05-03T06:33:25","guid":{"rendered":"https:\/\/elfsight.com\/it\/?page_id=4155"},"modified":"2024-11-12T13:10:56","modified_gmt":"2024-11-12T13:10:56","slug":"jquery","status":"publish","type":"page","link":"https:\/\/elfsight.com\/it\/cookie-consent-widget\/jquery\/","title":{"rendered":"Cookie Consent &#8211; jQuery"},"content":{"rendered":"<div class=\"application-platform-content-item-description application-platform-content-item\" id=\"description\" data-nav-section=\"description\"> <h2>Descrizione<\/h2> <p>Utilizzando il plugin Elfsight Cookie, sar\u00e0 assolutamente semplice notificare al tuo pubblico che il tuo sito utilizza i cookie in una barra popup pulita. Il widget ti consente di scrivere un messaggio personalizzato, includere un collegamento alla politica di utilizzo del sito Web e aggiungere pulsanti attivi per ottenere l&#8217;approvazione degli utenti. \u00c8 possibile scegliere di visualizzare la notifica come una barra di pagina o una casella e scegliere una posizione per essa. Inoltre, gli elementi verniciabili ti aiutano a farlo sembrare nativo e ad adattarlo allo stile del sito.<\/p> <div class=\"faq\" data-component=\"FAQ\"> <div class=\"faq-item\">\r\n\t\t\t\t\t<div class=\"faq-item-question\">\r\n\t\t\t\t\t\t<h3 class=\"faq-item-question-text\">Dove posso inserire il consenso sui cookie<\/h3>\r\n\r\n\t\t\t\t\t\t<div class=\"faq-item-question-icon\"><\/div>\r\n\t\t\t\t\t<\/div>\r\n\r\n\t\t\t\t\t<div class=\"faq-item-answer\">\r\n\t\t\t\t\t\t<div class=\"faq-item-answer-text\"> <p>\u00c8 facile incorporare la notifica in qualsiasi pagina del sito web o su tutti, a seconda di ci\u00f2 di cui hai bisogno. Non appena un utente apre la pagina, verr\u00e0 visualizzato il widget.<\/p> <\/div>\r\n\t\t\t\t\t<\/div>\r\n\t\t\t\t<\/div> <div class=\"faq-item\">\r\n\t\t\t\t\t<div class=\"faq-item-question\">\r\n\t\t\t\t\t\t<h3 class=\"faq-item-question-text\">Quali vantaggi pu\u00f2 darmi?<\/h3>\r\n\r\n\t\t\t\t\t\t<div class=\"faq-item-question-icon\"><\/div>\r\n\t\t\t\t\t<\/div>\r\n\r\n\t\t\t\t\t<div class=\"faq-item-answer\">\r\n\t\t\t\t\t\t<div class=\"faq-item-answer-text\"> <p>Il widget ti aiuta a organizzare un annuncio immediato dei cookie in un senza codifica e molto rapidamente. \u00c8 dotato di tutte le lingue europee pi\u00f9 popolari per garantire la migliore esperienza utente ai tuoi utenti. <\/p> <\/div>\r\n\t\t\t\t\t<\/div>\r\n\t\t\t\t<\/div> <div class=\"faq-item\">\r\n\t\t\t\t\t<div class=\"faq-item-question\">\r\n\t\t\t\t\t\t<h3 class=\"faq-item-question-text\">Di cosa ho bisogno per incorporare il consenso sui cookie nel mio sito web jQuery?<\/h3>\r\n\r\n\t\t\t\t\t\t<div class=\"faq-item-question-icon\"><\/div>\r\n\t\t\t\t\t<\/div>\r\n\r\n\t\t\t\t\t<div class=\"faq-item-answer\">\r\n\t\t\t\t\t\t<div class=\"faq-item-answer-text\"> <p>Ci vorr\u00e0 un minuto di tempo per avere il widget attivo e funzionante. L&#8217;incorporamento \u00e8 estremamente rapido, gratuito e privo di codifica. <\/p> <p>Il consenso ai cookie di Elfsight pu\u00f2 essere inserito tramite il nostro servizio o tramite il marketplace. Qui puoi vedere tutti i dettagli su entrambe le varianti e selezionare la tua.<\/p> <\/div>\r\n\t\t\t\t\t<\/div>\r\n\t\t\t\t<\/div> <\/div> <\/div><div class=\"application-platform-content-item-features application-platform-content-item\" id=\"features\" data-nav-section=\"features\"> <h2>Caratteristiche<\/h2> <p>Per ottenere una chiara comprensione del widget, vedere l&#8217;elenco delle sue funzionalit\u00e0 essenziali. Rendono questo widget estremamente efficiente per te: <\/p> <ul><li>Seleziona solo l&#8217;annuncio o la richiesta di consenso;<\/li> <li>L&#8217;opzione per scrivere un messaggio di annuncio personalizzato che supporta la formattazione e i collegamenti;<\/li> <li>Mostra o nascondi un collegamento alla politica di utilizzo del sito Web e aggiungi testo del collegamento personalizzato;<\/li> <li>L&#8217;opzione per selezionare la variante di layout della barra o della casella della notifica;<\/li> <li>L&#8217;opzione per dipingere i pulsanti e collegalo.<\/li> <\/ul><p><a href=\"#demo\">Per controllare tutte le funzionalit\u00e0, guarda la nostra demo<\/a><\/p> <\/div><div class=\"application-platform-content-item-installation application-platform-content-item\" id=\"installation\" data-nav-section=\"installation\"> <h2>Ecco come introdurre il consenso sui cookie nel tuo sito web jQuery<\/h2> <p>Le seguenti azioni sono l&#8217;unica cosa che devi eseguire. <\/p> <ol><li><b>Genera il tuo plugin per cookie<\/b><br> Con l&#8217;aiuto del nostro configuratore gratuito, ottieni un plugin con un layout e caratteristiche funzionali selezionati. <\/li><li><b>Copia il codice individuale per configurare il plugin<\/b><br> Dopo aver creato il tuo widget, acquisirai il codice di installazione dalla finestra popup su Elfsight Apps. Copialo per un uso successivo. <\/li> <li><b>Aggiungi il plugin al tuo sito jQuery<\/b><br> Scegli l&#8217;area in cui desideri visualizzare il plugin e inserisci l\u00ec il codice salvato. Applicare i risultati. <\/li> <li><b>Congratulazioni! Hai appena configurato il plugin!<\/b><br> Visita il sito, per dare un&#8217;occhiata al tuo lavoro. <\/li> <\/ol><p>Ancora indeciso? O hai domande? Basta una singola richiesta al nostro supporto clienti per risolvere qualsiasi tipo di problema.<\/p> <\/div>","protected":false},"excerpt":{"rendered":"","protected":false},"author":9,"featured_media":0,"parent":1389,"menu_order":0,"comment_status":"closed","ping_status":"closed","template":"templates\/template-application-platform.php","meta":{"publish_to_discourse":"","publish_post_category":"","wpdc_auto_publish_overridden":"","wpdc_topic_tags":"","wpdc_pin_topic":"","wpdc_pin_until":"","discourse_post_id":"","discourse_permalink":"","wpdc_publishing_response":"","wpdc_publishing_error":"","footnotes":""},"class_list":["post-4155","page","type-page","status-publish","hentry"],"yoast_head":"<!-- This site is optimized with the Yoast SEO plugin v25.3.1 - https:\/\/yoast.com\/wordpress\/plugins\/seo\/ -->\n<title>Aggiungi il plug-in di consenso sui cookie al sito Web jQuery (2026)<\/title>\n<meta name=\"description\" content=\"Con Elfsight, progetta il tuo plug-in di consenso sui cookie e mostralo rapidamente sul sito Web jQuery. Offriamo supporto clienti gratuito e pi\u00f9 bonus.\" \/>\n<meta name=\"robots\" content=\"index, follow, max-snippet:-1, max-image-preview:large, max-video-preview:-1\" \/>\n<link rel=\"canonical\" href=\"https:\/\/elfsight.com\/it\/cookie-consent-widget\/jquery\/\" \/>\n<meta property=\"og:locale\" content=\"it_IT\" \/>\n<meta property=\"og:type\" content=\"article\" \/>\n<meta property=\"og:title\" content=\"Aggiungi il plug-in di consenso sui cookie al sito Web jQuery (2026)\" \/>\n<meta property=\"og:description\" content=\"Con Elfsight, progetta il tuo plug-in di consenso sui cookie e mostralo rapidamente sul sito Web jQuery. Offriamo supporto clienti gratuito e pi\u00f9 bonus.\" \/>\n<meta property=\"og:url\" content=\"https:\/\/elfsight.com\/it\/cookie-consent-widget\/jquery\/\" \/>\n<meta property=\"og:site_name\" content=\"Elfsight IT\" \/>\n<meta property=\"article:modified_time\" content=\"2024-11-12T13:10:56+00:00\" \/>\n<meta name=\"twitter:card\" content=\"summary_large_image\" \/>\n<meta name=\"twitter:label1\" content=\"Tempo di lettura stimato\" \/>\n\t<meta name=\"twitter:data1\" content=\"3 minuti\" \/>\n<!-- \/ Yoast SEO plugin. -->","yoast_head_json":{"title":"Aggiungi il plug-in di consenso sui cookie al sito Web jQuery (2026)","description":"Con Elfsight, progetta il tuo plug-in di consenso sui cookie e mostralo rapidamente sul sito Web jQuery. Offriamo supporto clienti gratuito e pi\u00f9 bonus.","robots":{"index":"index","follow":"follow","max-snippet":"max-snippet:-1","max-image-preview":"max-image-preview:large","max-video-preview":"max-video-preview:-1"},"canonical":"https:\/\/elfsight.com\/it\/cookie-consent-widget\/jquery\/","og_locale":"it_IT","og_type":"article","og_title":"Aggiungi il plug-in di consenso sui cookie al sito Web jQuery (2026)","og_description":"Con Elfsight, progetta il tuo plug-in di consenso sui cookie e mostralo rapidamente sul sito Web jQuery. Offriamo supporto clienti gratuito e pi\u00f9 bonus.","og_url":"https:\/\/elfsight.com\/it\/cookie-consent-widget\/jquery\/","og_site_name":"Elfsight IT","article_modified_time":"2024-11-12T13:10:56+00:00","twitter_card":"summary_large_image","twitter_misc":{"Tempo di lettura stimato":"3 minuti"},"schema":{"@context":"https:\/\/schema.org","@graph":[{"@type":"WebPage","@id":"https:\/\/elfsight.com\/it\/cookie-consent-widget\/jquery\/","url":"https:\/\/elfsight.com\/it\/cookie-consent-widget\/jquery\/","name":"Aggiungi il plug-in di consenso sui cookie al sito Web jQuery (2026)","isPartOf":{"@id":"https:\/\/elfsight.com\/it\/#website"},"datePublished":"2024-05-03T06:33:25+00:00","dateModified":"2024-11-12T13:10:56+00:00","description":"Con Elfsight, progetta il tuo plug-in di consenso sui cookie e mostralo rapidamente sul sito Web jQuery. Offriamo supporto clienti gratuito e pi\u00f9 bonus.","breadcrumb":{"@id":"https:\/\/elfsight.com\/it\/cookie-consent-widget\/jquery\/#breadcrumb"},"inLanguage":"it-IT","potentialAction":[{"@type":"ReadAction","target":["https:\/\/elfsight.com\/it\/cookie-consent-widget\/jquery\/"]}]},{"@type":"BreadcrumbList","@id":"https:\/\/elfsight.com\/it\/cookie-consent-widget\/jquery\/#breadcrumb","itemListElement":[{"@type":"ListItem","position":1,"name":"Home","item":"https:\/\/elfsight.com\/it\/"},{"@type":"ListItem","position":2,"name":"Cookie Consent","item":"https:\/\/elfsight.com\/it\/cookie-consent-widget\/"},{"@type":"ListItem","position":3,"name":"Cookie Consent &#8211; jQuery"}]},{"@type":"WebSite","@id":"https:\/\/elfsight.com\/it\/#website","url":"https:\/\/elfsight.com\/it\/","name":"Elfsight IT","description":"Just another Elfsight Sites site","potentialAction":[{"@type":"SearchAction","target":{"@type":"EntryPoint","urlTemplate":"https:\/\/elfsight.com\/it\/?s={search_term_string}"},"query-input":{"@type":"PropertyValueSpecification","valueRequired":true,"valueName":"search_term_string"}}],"inLanguage":"it-IT"}]}},"meta_box":{"industry":"","seo_heading":"","heading":"","description":"","cta_heading":"","cta_description":"","application":"1388","h1":"Plug-in per il consenso sui cookie jQuery","h1_caption":"Rispetta le normative sulla privacy aggiungendo un banner di consenso sui cookie al tuo sito web, garantendo la trasparenza dei dati utente nel tuo sito web jQuery senza sforzo.","application_category":[],"applications_title":"","applications_request_title":"","applications_request_button_text":"","hero_text":"","hero_video":"","hero_video_schema_markup":"","selling_points_title":"","selling_points_caption":"","selling_points":[],"selling_points_cta_text":"","features_title":"","features":"","ed_cta_examples_text":"","ed_cta_examples_hidden":"","ed_cta_demo_text":"","ed_cta_demo_hidden":"","why_caption":"","why_editor_title":"","why_editor_text":"","why_team_title":"","why_team_text":"","why_service_title":"","why_service_text":"","template_catalog_visible":"","template_catalog_title":"","template_catalog_text":"","template_catalog_categories_visible":"","demo_title":"Crea il tuo plugin per il consenso sui cookie","demo_caption":"Configura il tuo consenso sui cookie e aggiungilo gratuitamente al tuo sito web jQuery!","default_faq_hidden":"","app_template_category":[],"platform":"37","template_public_id":"","codecanyon_url":"","codecanyon_item_id":"","codecanyon_price":"","pricing_caption":"","pricing_elfsight_apps_hide_column":"","pricing_elfsight_apps_url":"","pricing_codecanyon_price_caption":"","integration_category":[],"integration_request_title":"","integration_request_cta":"","integration_platform":"","integrations":[],"platform_category":[],"video_schema_markup":"","price":"da $ 0 al mese","trial":"","benefits":[{"text":"Aiuto gratuito per l'installazione"},{"text":"Supporto eccezionale"},{"text":"Garanzia di rimborso di 14 giorni"},{"text":"Aggiornamenti a vita"}],"button_url":"#demo","button_target_blank":"","button_nofollow":"","attributes":[{"name":"Installazioni"},{"name":"Reattivo","content":"Ottimizzato per dispositivi mobili"},{"name":"Browser compatibili","content":"Chrome, Safari, Opera, Firefox, Edge"}],"tags":[],"tags_disable_links":"","hide_more_platforms":"","video_object":"","demo_hide_cta":"","demo_hide_cloud_options":"","pricing_title":"","pricing":[{"pricing_icon":"platform","pricing_title":"Elfsight Apps","pricing_title_caption":"Soluzione digitale multipiattaforma adatta a qualsiasi sito web","pricing_price":"da $ 0 \/ mese","pricing_price_caption":"inizia con un piano gratuito","pricing_benefits":[{"text":"Domini illimitati"},{"text":"Assistenza puntuale e 24 ore su 24, 7 giorni su 7"},{"text":"Assistenza gratuita per l'installazione"},{"text":"100% personalizzabile"}],"pricing_button_text":"Aggiungi al sito web","pricing_button_url":"#demo"}],"related_apps_title":"","related_apps_hidden":"","author":"","image":[],"title":"","job":"","social_networks":[]},"_links":{"self":[{"href":"https:\/\/elfsight.com\/it\/wp-json\/wp\/v2\/pages\/4155","targetHints":{"allow":["GET"]}}],"collection":[{"href":"https:\/\/elfsight.com\/it\/wp-json\/wp\/v2\/pages"}],"about":[{"href":"https:\/\/elfsight.com\/it\/wp-json\/wp\/v2\/types\/page"}],"author":[{"embeddable":true,"href":"https:\/\/elfsight.com\/it\/wp-json\/wp\/v2\/users\/9"}],"replies":[{"embeddable":true,"href":"https:\/\/elfsight.com\/it\/wp-json\/wp\/v2\/comments?post=4155"}],"version-history":[{"count":1,"href":"https:\/\/elfsight.com\/it\/wp-json\/wp\/v2\/pages\/4155\/revisions"}],"predecessor-version":[{"id":4159,"href":"https:\/\/elfsight.com\/it\/wp-json\/wp\/v2\/pages\/4155\/revisions\/4159"}],"up":[{"embeddable":true,"href":"https:\/\/elfsight.com\/it\/wp-json\/wp\/v2\/pages\/1389"}],"wp:attachment":[{"href":"https:\/\/elfsight.com\/it\/wp-json\/wp\/v2\/media?parent=4155"}],"curies":[{"name":"wp","href":"https:\/\/api.w.org\/{rel}","templated":true}]}}