{"id":4154,"date":"2024-05-03T06:33:24","date_gmt":"2024-05-03T06:33:24","guid":{"rendered":"https:\/\/elfsight.com\/it\/?page_id=4154"},"modified":"2024-11-12T13:10:56","modified_gmt":"2024-11-12T13:10:56","slug":"magento","status":"publish","type":"page","link":"https:\/\/elfsight.com\/it\/cookie-consent-widget\/magento\/","title":{"rendered":"Cookie Consent &#8211; Magento"},"content":{"rendered":"<div class=\"application-platform-content-item-description application-platform-content-item\" id=\"description\" data-nav-section=\"description\"> <h2>Descrizione<\/h2><p>Utilizzando l&#8217;estensione Elfsight Cookie, sar\u00e0 estremamente semplice avvisare i visitatori che il tuo sito web utilizza i cookie tramite una finestra popup pulita. Il plug-in ti consente di aggiungere il tuo messaggio, includere un collegamento alla politica di utilizzo del tuo sito Web e mostrare pulsanti attivi per ottenere l&#8217;autorizzazione dai visitatori. Puoi scegliere di visualizzare il plug-in come una barra della pagina o una casella reattiva e assegnare qualsiasi posizione all&#8217;interno della pagina. Inoltre, le opzioni di colore ti aiutano a farlo sembrare nativo e corrispondere al concetto di stile generale del sito web.<\/p> <div class=\"faq\" data-component=\"FAQ\"><div class=\"faq-item\">\r\n\t\t\t\t\t<div class=\"faq-item-question\">\r\n\t\t\t\t\t\t<h3 class=\"faq-item-question-text\">In che modo incorporo un consenso sui cookie nel mio sito web Magento? <\/h3>\r\n\r\n\t\t\t\t\t\t<div class=\"faq-item-question-icon\"><\/div>\r\n\t\t\t\t\t<\/div>\r\n\r\n\t\t\t\t\t<div class=\"faq-item-answer\">\r\n\t\t\t\t\t\t<div class=\"faq-item-answer-text\"> <p>La costruzione del widget viene eseguita all&#8217;interno del sito web Elfsight e non \u00e8 necessario imparare a programmare. Apri la demo attiva per personalizzare la tua app personale, ottieni il codice e incorporalo nel tuo sito. <\/p><\/div>\r\n\t\t\t\t\t<\/div>\r\n\t\t\t\t<\/div><div class=\"faq-item\">\r\n\t\t\t\t\t<div class=\"faq-item-question\">\r\n\t\t\t\t\t\t<h3 class=\"faq-item-question-text\">I modi migliori per utilizzare l'integrazione del consenso sui cookie<\/h3>\r\n\r\n\t\t\t\t\t\t<div class=\"faq-item-question-icon\"><\/div>\r\n\t\t\t\t\t<\/div>\r\n\r\n\t\t\t\t\t<div class=\"faq-item-answer\">\r\n\t\t\t\t\t\t<div class=\"faq-item-answer-text\"><p>Ti forniremo tantissime opportunit\u00e0 di regolazione: widget su vasta scala da aggiungere al sezione contenuti, plugin mobili con opportunit\u00e0 di scorrimento, miniature per il pi\u00e8 di pagina, sezione principale e tutti i tipi di possibilit\u00e0 verticali per le barre laterali e i menu del sito web. <\/p><\/div>\r\n\t\t\t\t\t<\/div>\r\n\t\t\t\t<\/div><div class=\"faq-item\">\r\n\t\t\t\t\t<div class=\"faq-item-question\">\r\n\t\t\t\t\t\t<h3 class=\"faq-item-question-text\">Posso creare un banner superiore o un riquadro mobile centrale tramite il tuo editor? <\/h3>\r\n\r\n\t\t\t\t\t\t<div class=\"faq-item-question-icon\"><\/div>\r\n\t\t\t\t\t<\/div>\r\n\r\n\t\t\t\t\t<div class=\"faq-item-answer\">\r\n\t\t\t\t\t\t<div class=\"faq-item-answer-text\"><p>Puoi creare qualsiasi variante del widget. Ci sono molti layout applicabili nell&#8217;editor e tutti possono essere facilmente modificati nel modo desiderato. <\/p><\/div>\r\n\t\t\t\t\t<\/div>\r\n\t\t\t\t<\/div><\/div><\/div><div class=\"application-platform-content-item-features application-platform-content-item\" id=\"features\" data-nav-section=\"features\"> <h2>Caratteristiche<\/h2> <p>Per avere una chiara conoscenza del plugin Cookie, puoi studiare le elenco delle sue funzioni essenziali. Rendono la nostra estensione davvero efficiente per te:<\/p> <ul><li>Scegli solo la notifica o aggiungi la richiesta di consenso; <\/li> <li> Imposta il tuo testo di notifica con opzioni di formattazione e collegamenti; <\/li> <li>Mostra o nascondi un collegamento alla politica di utilizzo del sito Web con un&#8217;etichetta di collegamento personalizzata; <\/li> <li>L&#8217;opzione per selezionare il tipo di layout Barra o Casella della notifica; <\/li> <li>Scegli il colore per i pulsanti e il collegamento. <\/li> <\/ul><p><a href=\"#demo\">Per vedere tutte le funzionalit\u00e0, guarda la nostra demo live<\/a><\/p> <\/div> <div class=\"application-platform-content-item-installation application-platform-content-item\" id=\"installation\" data-nav-section=\"installation\"> <h2>Scopri come aggiungere il consenso ai cookie al tuo sito web Magento<\/h2> <p>Segui semplicemente i passaggi indicati di seguito per incorporare l&#8217;estensione su Magento.<\/p> <ol><li><b>Utilizza il nostro configuratore gratuito e inizia a creare la tua esclusiva estensione per il consenso sui cookie. <\/b><br> Determina l&#8217;aspetto e la funzionalit\u00e0 preferibili del widget e salva le modifiche. <\/li> <li><b>Ottieni il tuo codice univoco che appare nella casella sulle app Elfsight. <\/b><br> Subito dopo aver completato la personalizzazione del tuo widget, copia il codice personale nella finestra visualizzata e salvalo per un&#8217;occasione successiva. <\/li> <li><b>Avvia l&#8217;utilizzo dell&#8217;estensione sul tuo sito web Magento. <\/b><br> Incolla il codice che hai salvato di recente nella tua home page e applica le correzioni. <\/li> <li><b>L&#8217;installazione \u00e8 completamente eseguita. <\/b><br> Vai alla tua pagina web per verificare come funziona il widget. <\/li><\/ol><p>Non sei ancora sicuro? Oppure hai problemi? Basta semplicemente indirizzare una richiesta al nostro servizio clienti. Aiutiamo sempre a risolvere qualsiasi questione. <\/p> <\/div>","protected":false},"excerpt":{"rendered":"","protected":false},"author":9,"featured_media":0,"parent":1389,"menu_order":0,"comment_status":"closed","ping_status":"closed","template":"templates\/template-application-platform.php","meta":{"publish_to_discourse":"","publish_post_category":"","wpdc_auto_publish_overridden":"","wpdc_topic_tags":"","wpdc_pin_topic":"","wpdc_pin_until":"","discourse_post_id":"","discourse_permalink":"","wpdc_publishing_response":"","wpdc_publishing_error":"","footnotes":""},"class_list":["post-4154","page","type-page","status-publish","hentry"],"yoast_head":"<!-- This site is optimized with the Yoast SEO plugin v25.3.1 - https:\/\/yoast.com\/wordpress\/plugins\/seo\/ -->\n<title>Aggiungi l&#039;estensione del consenso sui cookie al sito web Magento (in 2 minuti)<\/title>\n<meta name=\"description\" content=\"Con Elfsight, costruisci la tua estensione di consenso sui cookie e aggiungila rapidamente al sito Magento. Abbiamo un servizio clienti gratuito e pi\u00f9 bonus.\" \/>\n<meta name=\"robots\" content=\"index, follow, max-snippet:-1, max-image-preview:large, max-video-preview:-1\" \/>\n<link rel=\"canonical\" href=\"https:\/\/elfsight.com\/it\/cookie-consent-widget\/magento\/\" \/>\n<meta property=\"og:locale\" content=\"it_IT\" \/>\n<meta property=\"og:type\" content=\"article\" \/>\n<meta property=\"og:title\" content=\"Aggiungi l&#039;estensione del consenso sui cookie al sito web Magento (in 2 minuti)\" \/>\n<meta property=\"og:description\" content=\"Con Elfsight, costruisci la tua estensione di consenso sui cookie e aggiungila rapidamente al sito Magento. Abbiamo un servizio clienti gratuito e pi\u00f9 bonus.\" \/>\n<meta property=\"og:url\" content=\"https:\/\/elfsight.com\/it\/cookie-consent-widget\/magento\/\" \/>\n<meta property=\"og:site_name\" content=\"Elfsight IT\" \/>\n<meta property=\"article:modified_time\" content=\"2024-11-12T13:10:56+00:00\" \/>\n<meta name=\"twitter:card\" content=\"summary_large_image\" \/>\n<meta name=\"twitter:label1\" content=\"Tempo di lettura stimato\" \/>\n\t<meta name=\"twitter:data1\" content=\"3 minuti\" \/>\n<!-- \/ Yoast SEO plugin. -->","yoast_head_json":{"title":"Aggiungi l'estensione del consenso sui cookie al sito web Magento (in 2 minuti)","description":"Con Elfsight, costruisci la tua estensione di consenso sui cookie e aggiungila rapidamente al sito Magento. Abbiamo un servizio clienti gratuito e pi\u00f9 bonus.","robots":{"index":"index","follow":"follow","max-snippet":"max-snippet:-1","max-image-preview":"max-image-preview:large","max-video-preview":"max-video-preview:-1"},"canonical":"https:\/\/elfsight.com\/it\/cookie-consent-widget\/magento\/","og_locale":"it_IT","og_type":"article","og_title":"Aggiungi l'estensione del consenso sui cookie al sito web Magento (in 2 minuti)","og_description":"Con Elfsight, costruisci la tua estensione di consenso sui cookie e aggiungila rapidamente al sito Magento. Abbiamo un servizio clienti gratuito e pi\u00f9 bonus.","og_url":"https:\/\/elfsight.com\/it\/cookie-consent-widget\/magento\/","og_site_name":"Elfsight IT","article_modified_time":"2024-11-12T13:10:56+00:00","twitter_card":"summary_large_image","twitter_misc":{"Tempo di lettura stimato":"3 minuti"},"schema":{"@context":"https:\/\/schema.org","@graph":[{"@type":"WebPage","@id":"https:\/\/elfsight.com\/it\/cookie-consent-widget\/magento\/","url":"https:\/\/elfsight.com\/it\/cookie-consent-widget\/magento\/","name":"Aggiungi l'estensione del consenso sui cookie al sito web Magento (in 2 minuti)","isPartOf":{"@id":"https:\/\/elfsight.com\/it\/#website"},"datePublished":"2024-05-03T06:33:24+00:00","dateModified":"2024-11-12T13:10:56+00:00","description":"Con Elfsight, costruisci la tua estensione di consenso sui cookie e aggiungila rapidamente al sito Magento. Abbiamo un servizio clienti gratuito e pi\u00f9 bonus.","breadcrumb":{"@id":"https:\/\/elfsight.com\/it\/cookie-consent-widget\/magento\/#breadcrumb"},"inLanguage":"it-IT","potentialAction":[{"@type":"ReadAction","target":["https:\/\/elfsight.com\/it\/cookie-consent-widget\/magento\/"]}]},{"@type":"BreadcrumbList","@id":"https:\/\/elfsight.com\/it\/cookie-consent-widget\/magento\/#breadcrumb","itemListElement":[{"@type":"ListItem","position":1,"name":"Home","item":"https:\/\/elfsight.com\/it\/"},{"@type":"ListItem","position":2,"name":"Cookie Consent","item":"https:\/\/elfsight.com\/it\/cookie-consent-widget\/"},{"@type":"ListItem","position":3,"name":"Cookie Consent &#8211; Magento"}]},{"@type":"WebSite","@id":"https:\/\/elfsight.com\/it\/#website","url":"https:\/\/elfsight.com\/it\/","name":"Elfsight IT","description":"Just another Elfsight Sites site","potentialAction":[{"@type":"SearchAction","target":{"@type":"EntryPoint","urlTemplate":"https:\/\/elfsight.com\/it\/?s={search_term_string}"},"query-input":{"@type":"PropertyValueSpecification","valueRequired":true,"valueName":"search_term_string"}}],"inLanguage":"it-IT"}]}},"meta_box":{"industry":"","seo_heading":"","heading":"","description":"","cta_heading":"","cta_description":"","application":"1388","h1":"Estensione consenso cookie Magento","h1_caption":"Rispetta le normative sulla privacy aggiungendo un banner di consenso sui cookie al tuo sito web, garantendo la trasparenza dei dati utente nel tuo sito web Magento senza sforzo.","application_category":[],"applications_title":"","applications_request_title":"","applications_request_button_text":"","hero_text":"","hero_video":"","hero_video_schema_markup":"","selling_points_title":"","selling_points_caption":"","selling_points":[],"selling_points_cta_text":"","features_title":"","features":"","ed_cta_examples_text":"","ed_cta_examples_hidden":"","ed_cta_demo_text":"","ed_cta_demo_hidden":"","why_caption":"","why_editor_title":"","why_editor_text":"","why_team_title":"","why_team_text":"","why_service_title":"","why_service_text":"","template_catalog_visible":"","template_catalog_title":"","template_catalog_text":"","template_catalog_categories_visible":"","demo_title":"Crea la tua estensione per il consenso sui cookie","demo_caption":"Configura il tuo consenso ai cookie e aggiungilo gratuitamente al tuo sito Magento!","default_faq_hidden":"","app_template_category":[],"platform":"39","template_public_id":"","codecanyon_url":"","codecanyon_item_id":"","codecanyon_price":"","pricing_caption":"","pricing_elfsight_apps_hide_column":"","pricing_elfsight_apps_url":"","pricing_codecanyon_price_caption":"","integration_category":[],"integration_request_title":"","integration_request_cta":"","integration_platform":"","integrations":[],"platform_category":[],"video_schema_markup":"","price":"da $ 0 al mese","trial":"","benefits":[{"text":"Assistenza per l'installazione gratuita"},{"text":"Servizio clienti competente"},{"text":"Garanzia di rimborso di 14 giorni"},{"text":"Aggiornamenti futuri"}],"button_url":"#demo","button_target_blank":"","button_nofollow":"","attributes":[{"name":"Installazioni"},{"name":"Reattivo","content":"S\u00cc"},{"name":"Browser compatibili","content":"Opera, Safari, Edge, Firefox, Chrome"}],"tags":[],"tags_disable_links":"","hide_more_platforms":"","video_object":"","demo_hide_cta":"","demo_hide_cloud_options":"","pricing_title":"","pricing":[{"pricing_icon":"platform","pricing_title":"Elfsight Apps","pricing_title_caption":"Versione indipendente dalla piattaforma adatta a qualsiasi sito","pricing_price":"da $ 0 \/ mese","pricing_price_caption":"inizia con un piano gratuito","pricing_benefits":[{"text":"Domini illimitati"},{"text":"Assistenza clienti veloce e ben documentata"},{"text":"Aiuto per l'installazione gratuito"},{"text":"100% personalizzabile"}],"pricing_button_text":"Aggiungi al sito web","pricing_button_url":"#demo"}],"related_apps_title":"","related_apps_hidden":"","author":"","image":[],"title":"","job":"","social_networks":[]},"_links":{"self":[{"href":"https:\/\/elfsight.com\/it\/wp-json\/wp\/v2\/pages\/4154","targetHints":{"allow":["GET"]}}],"collection":[{"href":"https:\/\/elfsight.com\/it\/wp-json\/wp\/v2\/pages"}],"about":[{"href":"https:\/\/elfsight.com\/it\/wp-json\/wp\/v2\/types\/page"}],"author":[{"embeddable":true,"href":"https:\/\/elfsight.com\/it\/wp-json\/wp\/v2\/users\/9"}],"replies":[{"embeddable":true,"href":"https:\/\/elfsight.com\/it\/wp-json\/wp\/v2\/comments?post=4154"}],"version-history":[{"count":1,"href":"https:\/\/elfsight.com\/it\/wp-json\/wp\/v2\/pages\/4154\/revisions"}],"predecessor-version":[{"id":4158,"href":"https:\/\/elfsight.com\/it\/wp-json\/wp\/v2\/pages\/4154\/revisions\/4158"}],"up":[{"embeddable":true,"href":"https:\/\/elfsight.com\/it\/wp-json\/wp\/v2\/pages\/1389"}],"wp:attachment":[{"href":"https:\/\/elfsight.com\/it\/wp-json\/wp\/v2\/media?parent=4154"}],"curies":[{"name":"wp","href":"https:\/\/api.w.org\/{rel}","templated":true}]}}