{"id":4140,"date":"2024-05-03T06:33:18","date_gmt":"2024-05-03T06:33:18","guid":{"rendered":"https:\/\/elfsight.com\/it\/?page_id=4140"},"modified":"2025-12-18T16:10:23","modified_gmt":"2025-12-18T16:10:23","slug":"webflow","status":"publish","type":"page","link":"https:\/\/elfsight.com\/it\/cookie-consent-widget\/webflow\/","title":{"rendered":"Cookie Consent &#8211; Webflow"},"content":{"rendered":"\n<div class=\"application-platform-content-item-description application-platform-content-item\" id=\"description\" data-nav-section=\"description\"><h2>Incorpora il consenso sui cookie nel flusso Web con il widget Elfsight<\/h2><p>Con il widget Elfsight Cookie, sar\u00e0 assolutamente semplice avvisare il tuo pubblico che il tuo sito applica i cookie tramite una simpatica barra popup. Il widget ti consente di mostrare il tuo testo, aggiungere un collegamento ai termini e alle condizioni di utilizzo del sito Web e mostrare pulsanti attivi per ottenere l&#8217;approvazione dei visitatori. Puoi scegliere di organizzare la notifica come una barra o una casella reattiva e nominare qualsiasi posizione all&#8217;interno della pagina. Inoltre, l&#8217;opzione per dipingere gli elementi dell&#8217;interfaccia ti aiuta a rendere il widget equilibrato e in linea con lo stile generale. <\/p> <div class=\"faq\" data-component=\"FAQ\"><div class=\"faq-item\">\r\n\t\t\t\t\t<div class=\"faq-item-question\">\r\n\t\t\t\t\t\t<h3 class=\"faq-item-question-text\">Dove posso aggiungerlo sul mio sito<\/h3>\r\n\r\n\t\t\t\t\t\t<div class=\"faq-item-question-icon\"><\/div>\r\n\t\t\t\t\t<\/div>\r\n\r\n\t\t\t\t\t<div class=\"faq-item-answer\">\r\n\t\t\t\t\t\t<div class=\"faq-item-answer-text\"><p>\u00c8 facile mostrare l&#8217;annuncio sull&#8217;utilizzo dei cookie su qualsiasi pagina del sito web cos\u00ec come su tutte le sue pagine, dipende solo da dove ti serve. Quando un visitatore accede alla pagina, verr\u00e0 visualizzato il widget. <\/p> <\/div>\r\n\t\t\t\t\t<\/div>\r\n\t\t\t\t<\/div><div class=\"faq-item\">\r\n\t\t\t\t\t<div class=\"faq-item-question\">\r\n\t\t\t\t\t\t<h3 class=\"faq-item-question-text\">Quali vantaggi mi offre? <\/h3>\r\n\r\n\t\t\t\t\t\t<div class=\"faq-item-question-icon\"><\/div>\r\n\t\t\t\t\t<\/div>\r\n\r\n\t\t\t\t\t<div class=\"faq-item-answer\">\r\n\t\t\t\t\t\t<div class=\"faq-item-answer-text\"><p>Il nostro widget ti aiuter\u00e0 a visualizzare un annuncio immediato sui cookie, privo di codifica e molto veloce. \u00c8 dotato di tutte le lingue europee pi\u00f9 diffuse per garantire un&#8217;esperienza utente confortevole al pubblico del sito web. <\/p> <\/div>\r\n\t\t\t\t\t<\/div>\r\n\t\t\t\t<\/div><div class=\"faq-item\">\r\n\t\t\t\t\t<div class=\"faq-item-question\">\r\n\t\t\t\t\t\t<h3 class=\"faq-item-question-text\">Come posso aggiungere il consenso ai cookie al mio sito web Webflow? <\/h3>\r\n\r\n\t\t\t\t\t\t<div class=\"faq-item-question-icon\"><\/div>\r\n\t\t\t\t\t<\/div>\r\n\r\n\t\t\t\t\t<div class=\"faq-item-answer\">\r\n\t\t\t\t\t\t<div class=\"faq-item-answer-text\"><p>Ti serviranno solo tre minuti di tempo per avere il widget attivo e funzionante. \u00c8 molto veloce, gratuito e privo di codifica. <\/p><p>Puoi incollare il widget sul sito web tramite il nostro servizio. Per questo seguire una breve descrizione di seguito in questa pagina. <\/p><\/div>\r\n\t\t\t\t\t<\/div>\r\n\t\t\t\t<\/div><\/div><\/div><div class=\"application-platform-content-item-features application-platform-content-item\" id=\"features\" data-nav-section=\"features\"><h2>Caratteristiche principali del widget Consenso sui cookie<\/h2><p>Per ottenere una piena comprensione del widget Cookie, controlla l&#8217;elenco delle sue funzioni principali. Rendono il widget incredibilmente efficace per la tua attivit\u00e0: <\/p><ul><li>Crea un semplice annuncio o richiedi il consenso di un utente; <\/li> <li> Inserisci un messaggio di notifica personalizzato che supporti le opzioni di formattazione e i collegamenti; <\/li> <li>Visualizza o nasconde un collegamento alla politica di utilizzo del sito Web con testo del collegamento personalizzato; <\/li> <li>L&#8217;opzione per selezionare il tipo di layout Barra o Casella della notifica; <\/li> <li>Scegli un colore personalizzato per pulsanti e link. <\/li> <\/ul><p><a href=\"#demo\">Esplora tutte le funzionalit\u00e0 nella demo<\/a><\/p><\/div><div class=\"application-platform-content-item-installation application-platform-content-item\" id=\"installation\" data-nav-section=\"installation\"><h2>Controlliamo come inserire il consenso sui cookie sul tuo sito Webflow. \u00c8 veloce.<\/h2><div class=\"video-container\"><iframe allowfullscreen=\"\" frameborder=\" 0\" height=\"405\" src=\"https:\/\/www.youtube.com\/embed\/EPUdEMVthAI?si=F-9qZUnhfBOo3DT-\" width=\"720\"><\/iframe><\/div><p>Le seguenti azioni sono l&#8217;unica cosa che devi fare per configurare il plug-in.<\/p><ol><li><b> Crea il tuo widget Cookie personalizzato<\/b><br> Con l&#8217;aiuto della nostra demo gratuita, genera un plugin con il layout e le caratteristiche funzionali selezionati. <\/li><li><b>Copia il codice personale per aggiungere il widget<\/b><br> Dopo aver generato il tuo plugin, otterrai il codice univoco dalla notifica apparsa su Elfsight Apps. Copia il codice. <\/li> <li><b>Aggiungi il plug-in sul tuo sito web Webflow<\/b><br> Definisci il luogo in cui desideri aggiungere il plug-in e incolla l\u00ec il codice copiato. Pubblica le modifiche. <\/li> <li><b>Congratulazioni! Hai appena aggiunto il widget! <\/b><br> Entra nella tua pagina, per controllare il tuo plugin. <\/li> <\/ol><p>Ancora indeciso? O ti sei imbattuto in qualcosa? Basta una singola richiesta al nostro team di supporto per risolvere qualsiasi problema. <\/p><\/div>\n","protected":false},"excerpt":{"rendered":"","protected":false},"author":9,"featured_media":0,"parent":1389,"menu_order":0,"comment_status":"closed","ping_status":"closed","template":"templates\/template-application-platform.php","meta":{"publish_to_discourse":"","publish_post_category":"","wpdc_auto_publish_overridden":"","wpdc_topic_tags":"","wpdc_pin_topic":"","wpdc_pin_until":"","discourse_post_id":"","discourse_permalink":"","wpdc_publishing_response":"","wpdc_publishing_error":"","footnotes":""},"class_list":["post-4140","page","type-page","status-publish","hentry"],"yoast_head":"<!-- This site is optimized with the Yoast SEO plugin v25.3.1 - https:\/\/yoast.com\/wordpress\/plugins\/seo\/ -->\n<title>Aggiungi il widget di consenso sui cookie al sito web Webflow (in 2 minuti)<\/title>\n<meta name=\"description\" content=\"Ecco la possibilit\u00e0 di creare un widget di consenso sui cookie efficace e visualizzarlo sul tuo sito Webflow. Goditi il \u200b\u200bsupporto clienti gratuito e altri bonus da Elfsight.\" \/>\n<meta name=\"robots\" content=\"index, follow, max-snippet:-1, max-image-preview:large, max-video-preview:-1\" \/>\n<link rel=\"canonical\" href=\"https:\/\/elfsight.com\/it\/cookie-consent-widget\/webflow\/\" \/>\n<meta property=\"og:locale\" content=\"it_IT\" \/>\n<meta property=\"og:type\" content=\"article\" \/>\n<meta property=\"og:title\" content=\"Aggiungi il widget di consenso sui cookie al sito web Webflow (in 2 minuti)\" \/>\n<meta property=\"og:description\" content=\"Ecco la possibilit\u00e0 di creare un widget di consenso sui cookie efficace e visualizzarlo sul tuo sito Webflow. Goditi il \u200b\u200bsupporto clienti gratuito e altri bonus da Elfsight.\" \/>\n<meta property=\"og:url\" content=\"https:\/\/elfsight.com\/it\/cookie-consent-widget\/webflow\/\" \/>\n<meta property=\"og:site_name\" content=\"Elfsight IT\" \/>\n<meta property=\"article:modified_time\" content=\"2025-12-18T16:10:23+00:00\" \/>\n<meta name=\"twitter:card\" content=\"summary_large_image\" \/>\n<meta name=\"twitter:label1\" content=\"Tempo di lettura stimato\" \/>\n\t<meta name=\"twitter:data1\" content=\"3 minuti\" \/>\n<!-- \/ Yoast SEO plugin. -->","yoast_head_json":{"title":"Aggiungi il widget di consenso sui cookie al sito web Webflow (in 2 minuti)","description":"Ecco la possibilit\u00e0 di creare un widget di consenso sui cookie efficace e visualizzarlo sul tuo sito Webflow. Goditi il \u200b\u200bsupporto clienti gratuito e altri bonus da Elfsight.","robots":{"index":"index","follow":"follow","max-snippet":"max-snippet:-1","max-image-preview":"max-image-preview:large","max-video-preview":"max-video-preview:-1"},"canonical":"https:\/\/elfsight.com\/it\/cookie-consent-widget\/webflow\/","og_locale":"it_IT","og_type":"article","og_title":"Aggiungi il widget di consenso sui cookie al sito web Webflow (in 2 minuti)","og_description":"Ecco la possibilit\u00e0 di creare un widget di consenso sui cookie efficace e visualizzarlo sul tuo sito Webflow. Goditi il \u200b\u200bsupporto clienti gratuito e altri bonus da Elfsight.","og_url":"https:\/\/elfsight.com\/it\/cookie-consent-widget\/webflow\/","og_site_name":"Elfsight IT","article_modified_time":"2025-12-18T16:10:23+00:00","twitter_card":"summary_large_image","twitter_misc":{"Tempo di lettura stimato":"3 minuti"},"schema":{"@context":"https:\/\/schema.org","@graph":[{"@type":"WebPage","@id":"https:\/\/elfsight.com\/it\/cookie-consent-widget\/webflow\/","url":"https:\/\/elfsight.com\/it\/cookie-consent-widget\/webflow\/","name":"Aggiungi il widget di consenso sui cookie al sito web Webflow (in 2 minuti)","isPartOf":{"@id":"https:\/\/elfsight.com\/it\/#website"},"datePublished":"2024-05-03T06:33:18+00:00","dateModified":"2025-12-18T16:10:23+00:00","description":"Ecco la possibilit\u00e0 di creare un widget di consenso sui cookie efficace e visualizzarlo sul tuo sito Webflow. Goditi il \u200b\u200bsupporto clienti gratuito e altri bonus da Elfsight.","breadcrumb":{"@id":"https:\/\/elfsight.com\/it\/cookie-consent-widget\/webflow\/#breadcrumb"},"inLanguage":"it-IT","potentialAction":[{"@type":"ReadAction","target":["https:\/\/elfsight.com\/it\/cookie-consent-widget\/webflow\/"]}]},{"@type":"BreadcrumbList","@id":"https:\/\/elfsight.com\/it\/cookie-consent-widget\/webflow\/#breadcrumb","itemListElement":[{"@type":"ListItem","position":1,"name":"Home","item":"https:\/\/elfsight.com\/it\/"},{"@type":"ListItem","position":2,"name":"Cookie Consent","item":"https:\/\/elfsight.com\/it\/cookie-consent-widget\/"},{"@type":"ListItem","position":3,"name":"Cookie Consent &#8211; Webflow"}]},{"@type":"WebSite","@id":"https:\/\/elfsight.com\/it\/#website","url":"https:\/\/elfsight.com\/it\/","name":"Elfsight IT","description":"Just another Elfsight Sites site","potentialAction":[{"@type":"SearchAction","target":{"@type":"EntryPoint","urlTemplate":"https:\/\/elfsight.com\/it\/?s={search_term_string}"},"query-input":{"@type":"PropertyValueSpecification","valueRequired":true,"valueName":"search_term_string"}}],"inLanguage":"it-IT"}]}},"meta_box":{"industry":"","seo_heading":"","heading":"","description":"","cta_heading":"","cta_description":"","application":"1388","h1":"Widget di consenso sui cookie del flusso web","h1_caption":"Rispetta le normative sulla privacy aggiungendo un banner di consenso sui cookie al tuo sito web, garantendo la trasparenza dei dati utente nel tuo sito web Webflow senza sforzo.","application_category":[],"applications_title":"","applications_request_title":"","applications_request_button_text":"","hero_text":"","hero_video":"","hero_video_schema_markup":"","selling_points_title":"","selling_points_caption":"","selling_points":[],"selling_points_cta_text":"","features_title":"","features":"","ed_cta_examples_text":"","ed_cta_examples_hidden":"","ed_cta_demo_text":"","ed_cta_demo_hidden":"","why_caption":"","why_editor_title":"","why_editor_text":"","why_team_title":"","why_team_text":"","why_service_title":"","why_service_text":"","template_catalog_visible":"0","template_catalog_title":"","template_catalog_text":"","template_catalog_categories_visible":"","demo_title":"Crea il tuo widget di consenso sui cookie","demo_caption":"Configura il tuo consenso sui cookie e aggiungilo gratuitamente al tuo sito Webflow!","default_faq_hidden":"","app_template_category":[],"platform":"44","template_public_id":"","codecanyon_url":"","codecanyon_item_id":"","codecanyon_price":"","pricing_caption":"","pricing_elfsight_apps_hide_column":"","pricing_elfsight_apps_url":"","pricing_codecanyon_price_caption":"","integration_category":[],"integration_request_title":"","integration_request_cta":"","integration_platform":"","integrations":[],"platform_category":[],"video_schema_markup":"","price":"da $ 0 al mese","trial":"","benefits":[{"text":"Servizio di installazione gratuito"},{"text":"Servizio clienti efficace"},{"text":"Garanzia di rimborso di 14 giorni"},{"text":"Aggiornamenti gratuiti a vita"}],"button_url":"#demo","button_target_blank":"0","button_nofollow":"0","attributes":[{"name":"Installazioni"},{"name":"Reattivo","content":"S\u00cc"},{"name":"Browser compatibili","content":"Firefox, Safari, Opera, Chrome, Edge"}],"tags":[],"tags_disable_links":"0","hide_more_platforms":"0","video_object":"","demo_hide_cta":"0","demo_hide_cloud_options":"0","pricing_title":"","pricing":[{"pricing_icon":"platform","pricing_title":"Elfsight Apps","pricing_title_caption":"Software indipendente dalla piattaforma","pricing_price":"da $ 0 \/ mese","pricing_price_caption":"inizia con il piano gratuito","pricing_benefits":[{"text":"Numero illimitato di domini"},{"text":"Supporto veloce"},{"text":"Aiuto gratuito per l'installazione"},{"text":"Offerta speciale per pi\u00f9 app"}],"pricing_button_text":"Aggiungi al sito web","pricing_button_url":"#demo"}],"related_apps_title":"","related_apps_hidden":"0","author":"","image":[],"title":"","job":"","social_networks":[]},"_links":{"self":[{"href":"https:\/\/elfsight.com\/it\/wp-json\/wp\/v2\/pages\/4140","targetHints":{"allow":["GET"]}}],"collection":[{"href":"https:\/\/elfsight.com\/it\/wp-json\/wp\/v2\/pages"}],"about":[{"href":"https:\/\/elfsight.com\/it\/wp-json\/wp\/v2\/types\/page"}],"author":[{"embeddable":true,"href":"https:\/\/elfsight.com\/it\/wp-json\/wp\/v2\/users\/9"}],"replies":[{"embeddable":true,"href":"https:\/\/elfsight.com\/it\/wp-json\/wp\/v2\/comments?post=4140"}],"version-history":[{"count":4,"href":"https:\/\/elfsight.com\/it\/wp-json\/wp\/v2\/pages\/4140\/revisions"}],"predecessor-version":[{"id":10567,"href":"https:\/\/elfsight.com\/it\/wp-json\/wp\/v2\/pages\/4140\/revisions\/10567"}],"up":[{"embeddable":true,"href":"https:\/\/elfsight.com\/it\/wp-json\/wp\/v2\/pages\/1389"}],"wp:attachment":[{"href":"https:\/\/elfsight.com\/it\/wp-json\/wp\/v2\/media?parent=4140"}],"curies":[{"name":"wp","href":"https:\/\/api.w.org\/{rel}","templated":true}]}}