{"id":4139,"date":"2024-05-03T06:33:17","date_gmt":"2024-05-03T06:33:17","guid":{"rendered":"https:\/\/elfsight.com\/it\/?page_id=4139"},"modified":"2024-11-12T13:10:40","modified_gmt":"2024-11-12T13:10:40","slug":"webnode","status":"publish","type":"page","link":"https:\/\/elfsight.com\/it\/cookie-consent-widget\/webnode\/","title":{"rendered":"Cookie Consent &#8211; Webnode"},"content":{"rendered":"<div class=\"application-platform-content-item-description application-platform-content-item\" id=\"description\" data-nav-section=\"description\"><h2>Descrizione<\/h2><p>Grazie al widget Elfsight Cookie, \u00e8 diventato assolutamente semplice annunciare ai visitatori che il tuo sito utilizza cookie, tramite una finestra popup pulita. Il widget ti consente di scrivere il tuo messaggio, aggiungere un collegamento alla politica di utilizzo del sito web e mostrare pulsanti attivi per ottenere l&#8217;approvazione degli utenti. Puoi scegliere di visualizzare la notifica come una barra o una casella e selezionare la posizione nella pagina. Inoltre, la possibilit\u00e0 di scegliere colori personalizzati ti aiuter\u00e0 a renderlo coerente e ad integrarlo bene con lo stile del sito. <\/p> <div class=\"faq\" data-component=\"FAQ\"><div class=\"faq-item\">\r\n\t\t\t\t\t<div class=\"faq-item-question\">\r\n\t\t\t\t\t\t<h3 class=\"faq-item-question-text\">Dove posso incorporare questo plugin<\/h3>\r\n\r\n\t\t\t\t\t\t<div class=\"faq-item-question-icon\"><\/div>\r\n\t\t\t\t\t<\/div>\r\n\r\n\t\t\t\t\t<div class=\"faq-item-answer\">\r\n\t\t\t\t\t\t<div class=\"faq-item-answer-text\"><p>\u00c8 facile posizionare l&#8217;annuncio su una qualsiasi delle pagine del tuo sito o su tutte, a seconda di dove ne hai bisogno. Quando un utente accede alla pagina, verr\u00e0 immediatamente visualizzata una notifica. <\/p> <\/div>\r\n\t\t\t\t\t<\/div>\r\n\t\t\t\t<\/div><div class=\"faq-item\">\r\n\t\t\t\t\t<div class=\"faq-item-question\">\r\n\t\t\t\t\t\t<h3 class=\"faq-item-question-text\">Come posso trarre vantaggio dal widget? <\/h3>\r\n\r\n\t\t\t\t\t\t<div class=\"faq-item-question-icon\"><\/div>\r\n\t\t\t\t\t<\/div>\r\n\r\n\t\t\t\t\t<div class=\"faq-item-answer\">\r\n\t\t\t\t\t\t<div class=\"faq-item-answer-text\"><p>Elfsight Cookie Consent ti aiuter\u00e0 a organizzare un annuncio istantaneo sui cookie senza codifica e con la massima rapidit\u00e0. \u00c8 dotato di tutte le lingue europee pi\u00f9 popolari per garantire un&#8217;esperienza utente confortevole per il pubblico del sito web. <\/p> <\/div>\r\n\t\t\t\t\t<\/div>\r\n\t\t\t\t<\/div><div class=\"faq-item\">\r\n\t\t\t\t\t<div class=\"faq-item-question\">\r\n\t\t\t\t\t\t<h3 class=\"faq-item-question-text\">Come incorporo il consenso ai cookie nel mio sito Webnode?<\/h3>\r\n\r\n\t\t\t\t\t\t<div class=\"faq-item-question-icon\"><\/div>\r\n\t\t\t\t\t<\/div>\r\n\r\n\t\t\t\t\t<div class=\"faq-item-answer\">\r\n\t\t\t\t\t\t<div class=\"faq-item-answer-text\"><p>Ci vuole solo un minuto per impostare il widget. L&#8217;incorporamento \u00e8 super veloce, gratuito e senza codifica. <\/p><p>C&#8217;\u00e8 un&#8217;opzione per inserire il consenso sui cookie nel tuo sito direttamente tramite il nostro servizio. Basta seguire i passaggi delle istruzioni riportate di seguito in questa pagina. <\/p><\/div>\r\n\t\t\t\t\t<\/div>\r\n\t\t\t\t<\/div><\/div><\/div><div class=\"application-platform-content-item-features application-platform-content-item\" id=\"features\" data-nav-section=\"features\"><h2>Caratteristiche<\/h2><p>Per avere una chiara comprensione del widget, consultare l&#8217;elenco delle le sue funzioni essenziali. Aiutano a renderlo efficace per la tua attivit\u00e0: <\/p><ul><li>Crea solo una notifica o richiedi un consenso; <\/li> <li> Inserisci un testo di notifica personalizzato con opzioni di formattazione e collegamenti; <\/li> <li>Visualizza o nascondi un collegamento attivo alla politica sui cookie con un&#8217;etichetta di collegamento personalizzata; <\/li> <li>L&#8217;opzione per scegliere il tipo di layout della barra o della casella della notifica; <\/li> <li>Scegli un colore personalizzato di pulsanti e link. <\/li> <\/ul><p><a href=\"#demo\">La demo dal vivo ti riveler\u00e0 pi\u00f9 funzionalit\u00e0<\/a><\/p><\/div><div class=\"application-platform-content-item-installation application-platform-content-item\" id=\"installation\" data-nav-section=\"installation\"><h2>Verifica come impostare il widget di consenso ai cookie sul tuo sito Webnode<\/h2><p>Questi diversi passaggi sono l&#8217;unica cosa che devi fare: <\/p><ol><li><b>Progetta il tuo cookie personale plugin<\/b><br> Gestendo la nostra demo gratuita, genera un plugin con layout e funzionalit\u00e0 preferibili. <\/li><li><b>Acquisisci il codice personale per pubblicare il plugin<\/b><br> Dopo aver generato il tuo widget, riceverai il tuo codice personale dalla notifica popup su Elfsight Apps. Copialo per uso futuro. <\/li> <li><b>Incorpora il plug-in nel tuo sito Webnode<\/b><br> Scegli il luogo in cui desideri mostrare il plug-in e aggiungi l\u00ec il codice copiato. Pubblica le modifiche. <\/li> <li><b>L&#8217;installazione \u00e8 riuscita! <\/b><br> Visita il sito per dare un&#8217;occhiata al tuo plugin. <\/li> <\/ol><p>Non riesci ancora a prendere una decisione? O ti sei imbattuto in qualcosa? Indirizza semplicemente una richiesta al nostro dipartimento di assistenza clienti, ti aiuter\u00e0 a risolvere ogni problema. <\/p><\/div>","protected":false},"excerpt":{"rendered":"","protected":false},"author":9,"featured_media":0,"parent":1389,"menu_order":0,"comment_status":"closed","ping_status":"closed","template":"templates\/template-application-platform.php","meta":{"publish_to_discourse":"","publish_post_category":"","wpdc_auto_publish_overridden":"","wpdc_topic_tags":"","wpdc_pin_topic":"","wpdc_pin_until":"","discourse_post_id":"","discourse_permalink":"","wpdc_publishing_response":"","wpdc_publishing_error":"","footnotes":""},"class_list":["post-4139","page","type-page","status-publish","hentry"],"yoast_head":"<!-- This site is optimized with the Yoast SEO plugin v25.3.1 - https:\/\/yoast.com\/wordpress\/plugins\/seo\/ -->\n<title>Aggiungi il consenso sui cookie al sito Webnode (gratuito e veloce)<\/title>\n<meta name=\"description\" content=\"\u00c8 assolutamente semplice modellare il tuo widget di consenso sui cookie e visualizzarlo sul sito Webnode. Il servizio clienti Elfsight \u00e8 gratuito.\" \/>\n<meta name=\"robots\" content=\"index, follow, max-snippet:-1, max-image-preview:large, max-video-preview:-1\" \/>\n<link rel=\"canonical\" href=\"https:\/\/elfsight.com\/it\/cookie-consent-widget\/webnode\/\" \/>\n<meta property=\"og:locale\" content=\"it_IT\" \/>\n<meta property=\"og:type\" content=\"article\" \/>\n<meta property=\"og:title\" content=\"Aggiungi il consenso sui cookie al sito Webnode (gratuito e veloce)\" \/>\n<meta property=\"og:description\" content=\"\u00c8 assolutamente semplice modellare il tuo widget di consenso sui cookie e visualizzarlo sul sito Webnode. Il servizio clienti Elfsight \u00e8 gratuito.\" \/>\n<meta property=\"og:url\" content=\"https:\/\/elfsight.com\/it\/cookie-consent-widget\/webnode\/\" \/>\n<meta property=\"og:site_name\" content=\"Elfsight IT\" \/>\n<meta property=\"article:modified_time\" content=\"2024-11-12T13:10:40+00:00\" \/>\n<meta name=\"twitter:card\" content=\"summary_large_image\" \/>\n<meta name=\"twitter:label1\" content=\"Tempo di lettura stimato\" \/>\n\t<meta name=\"twitter:data1\" content=\"2 minuti\" \/>\n<!-- \/ Yoast SEO plugin. -->","yoast_head_json":{"title":"Aggiungi il consenso sui cookie al sito Webnode (gratuito e veloce)","description":"\u00c8 assolutamente semplice modellare il tuo widget di consenso sui cookie e visualizzarlo sul sito Webnode. Il servizio clienti Elfsight \u00e8 gratuito.","robots":{"index":"index","follow":"follow","max-snippet":"max-snippet:-1","max-image-preview":"max-image-preview:large","max-video-preview":"max-video-preview:-1"},"canonical":"https:\/\/elfsight.com\/it\/cookie-consent-widget\/webnode\/","og_locale":"it_IT","og_type":"article","og_title":"Aggiungi il consenso sui cookie al sito Webnode (gratuito e veloce)","og_description":"\u00c8 assolutamente semplice modellare il tuo widget di consenso sui cookie e visualizzarlo sul sito Webnode. Il servizio clienti Elfsight \u00e8 gratuito.","og_url":"https:\/\/elfsight.com\/it\/cookie-consent-widget\/webnode\/","og_site_name":"Elfsight IT","article_modified_time":"2024-11-12T13:10:40+00:00","twitter_card":"summary_large_image","twitter_misc":{"Tempo di lettura stimato":"2 minuti"},"schema":{"@context":"https:\/\/schema.org","@graph":[{"@type":"WebPage","@id":"https:\/\/elfsight.com\/it\/cookie-consent-widget\/webnode\/","url":"https:\/\/elfsight.com\/it\/cookie-consent-widget\/webnode\/","name":"Aggiungi il consenso sui cookie al sito Webnode (gratuito e veloce)","isPartOf":{"@id":"https:\/\/elfsight.com\/it\/#website"},"datePublished":"2024-05-03T06:33:17+00:00","dateModified":"2024-11-12T13:10:40+00:00","description":"\u00c8 assolutamente semplice modellare il tuo widget di consenso sui cookie e visualizzarlo sul sito Webnode. Il servizio clienti Elfsight \u00e8 gratuito.","breadcrumb":{"@id":"https:\/\/elfsight.com\/it\/cookie-consent-widget\/webnode\/#breadcrumb"},"inLanguage":"it-IT","potentialAction":[{"@type":"ReadAction","target":["https:\/\/elfsight.com\/it\/cookie-consent-widget\/webnode\/"]}]},{"@type":"BreadcrumbList","@id":"https:\/\/elfsight.com\/it\/cookie-consent-widget\/webnode\/#breadcrumb","itemListElement":[{"@type":"ListItem","position":1,"name":"Home","item":"https:\/\/elfsight.com\/it\/"},{"@type":"ListItem","position":2,"name":"Cookie Consent","item":"https:\/\/elfsight.com\/it\/cookie-consent-widget\/"},{"@type":"ListItem","position":3,"name":"Cookie Consent &#8211; Webnode"}]},{"@type":"WebSite","@id":"https:\/\/elfsight.com\/it\/#website","url":"https:\/\/elfsight.com\/it\/","name":"Elfsight IT","description":"Just another Elfsight Sites site","potentialAction":[{"@type":"SearchAction","target":{"@type":"EntryPoint","urlTemplate":"https:\/\/elfsight.com\/it\/?s={search_term_string}"},"query-input":{"@type":"PropertyValueSpecification","valueRequired":true,"valueName":"search_term_string"}}],"inLanguage":"it-IT"}]}},"meta_box":{"industry":"","seo_heading":"","heading":"","description":"","cta_heading":"","cta_description":"","application":"1388","h1":"Consenso sui cookie di Webnode","h1_caption":"Rispetta le normative sulla privacy aggiungendo un banner di consenso ai cookie al tuo sito web, garantendo la trasparenza dei dati utente nel tuo sito Webnode senza sforzo.","application_category":[],"applications_title":"","applications_request_title":"","applications_request_button_text":"","hero_text":"","hero_video":"","hero_video_schema_markup":"","selling_points_title":"","selling_points_caption":"","selling_points":[],"selling_points_cta_text":"","features_title":"","features":"","ed_cta_examples_text":"","ed_cta_examples_hidden":"","ed_cta_demo_text":"","ed_cta_demo_hidden":"","why_caption":"","why_editor_title":"","why_editor_text":"","why_team_title":"","why_team_text":"","why_service_title":"","why_service_text":"","template_catalog_visible":"","template_catalog_title":"","template_catalog_text":"","template_catalog_categories_visible":"","demo_title":"Crea il tuo widget di consenso sui cookie","demo_caption":"Configura il tuo consenso ai cookie e aggiungilo gratuitamente al tuo sito Webnode!","default_faq_hidden":"","app_template_category":[],"platform":"47","template_public_id":"","codecanyon_url":"","codecanyon_item_id":"","codecanyon_price":"","pricing_caption":"","pricing_elfsight_apps_hide_column":"","pricing_elfsight_apps_url":"","pricing_codecanyon_price_caption":"","integration_category":[],"integration_request_title":"","integration_request_cta":"","integration_platform":"","integrations":[],"platform_category":[],"video_schema_markup":"","price":"da $ 0 al mese","trial":"","benefits":[{"text":"Servizio di installazione gratuito"},{"text":"Servizio clienti professionale"},{"text":"Garanzia di rimborso di 14 giorni"},{"text":"Miglioramenti gratuiti a vita"}],"button_url":"#demo","button_target_blank":"","button_nofollow":"","attributes":[{"name":"Installazioni"},{"name":"Reattivo","content":"S\u00cc"},{"name":"Browser compatibili","content":"Chrome, Edge, Opera, Safari, Firefox"}],"tags":[],"tags_disable_links":"","hide_more_platforms":"","video_object":"","demo_hide_cta":"","demo_hide_cloud_options":"","pricing_title":"","pricing":[{"pricing_icon":"platform","pricing_title":"Elfsight Apps","pricing_title_caption":"Software multipiattaforma","pricing_price":"da $ 0 \/ mese","pricing_price_caption":"inizia con il piano gratuito","pricing_benefits":[{"text":"Domini illimitati"},{"text":"Supporto dedicato e puntuale"},{"text":"Supporto per l'installazione senza costi"},{"text":"Offerta a tempo limitato per pi\u00f9 app"}],"pricing_button_text":"Aggiungi al sito web","pricing_button_url":"#demo"}],"related_apps_title":"","related_apps_hidden":"","author":"","image":[],"title":"","job":"","social_networks":[]},"_links":{"self":[{"href":"https:\/\/elfsight.com\/it\/wp-json\/wp\/v2\/pages\/4139","targetHints":{"allow":["GET"]}}],"collection":[{"href":"https:\/\/elfsight.com\/it\/wp-json\/wp\/v2\/pages"}],"about":[{"href":"https:\/\/elfsight.com\/it\/wp-json\/wp\/v2\/types\/page"}],"author":[{"embeddable":true,"href":"https:\/\/elfsight.com\/it\/wp-json\/wp\/v2\/users\/9"}],"replies":[{"embeddable":true,"href":"https:\/\/elfsight.com\/it\/wp-json\/wp\/v2\/comments?post=4139"}],"version-history":[{"count":1,"href":"https:\/\/elfsight.com\/it\/wp-json\/wp\/v2\/pages\/4139\/revisions"}],"predecessor-version":[{"id":4143,"href":"https:\/\/elfsight.com\/it\/wp-json\/wp\/v2\/pages\/4139\/revisions\/4143"}],"up":[{"embeddable":true,"href":"https:\/\/elfsight.com\/it\/wp-json\/wp\/v2\/pages\/1389"}],"wp:attachment":[{"href":"https:\/\/elfsight.com\/it\/wp-json\/wp\/v2\/media?parent=4139"}],"curies":[{"name":"wp","href":"https:\/\/api.w.org\/{rel}","templated":true}]}}