{"id":4131,"date":"2024-05-03T06:33:13","date_gmt":"2024-05-03T06:33:13","guid":{"rendered":"https:\/\/elfsight.com\/it\/?page_id=4131"},"modified":"2025-03-17T11:37:27","modified_gmt":"2025-03-17T11:37:27","slug":"elementor","status":"publish","type":"page","link":"https:\/\/elfsight.com\/it\/cookie-consent-widget\/elementor\/","title":{"rendered":"Cookie Consent &#8211; Elementor"},"content":{"rendered":"\n<div class=\"application-platform-content-item-description application-platform-content-item\" id=\"description\" data-nav-section=\"description\"><h2>Incorpora il consenso sui cookie su Elementor con il widget Elfsight<\/h2><p>Con il widget Elfsight Cookie Consent, troverai estremamente semplice crea una notifica per i tuoi spettatori che il tuo sito web applica i cookie. Il widget ti consente di aggiungere il tuo messaggio, un collegamento ai termini e condizioni di utilizzo del sito Web e pulsanti attivi per ricevere l&#8217;approvazione da parte degli utenti. Sei libero di scegliere di mostrare la notifica sotto forma di una barra o di una casella e di nominare una posizione all&#8217;interno della pagina. Inoltre, le opzioni di colore ti aiutano a rendere il widget coerente e a integrarlo bene con lo stile del sito web.<\/p> <div class=\"faq\" data-component=\"FAQ\"><div class=\"faq-item\">\r\n\t\t\t\t\t<div class=\"faq-item-question\">\r\n\t\t\t\t\t\t<h3 class=\"faq-item-question-text\">Come posso incorporare un consenso sui cookie nel Sito Elementor?<\/h3>\r\n\r\n\t\t\t\t\t\t<div class=\"faq-item-question-icon\"><\/div>\r\n\t\t\t\t\t<\/div>\r\n\r\n\t\t\t\t\t<div class=\"faq-item-answer\">\r\n\t\t\t\t\t\t<div class=\"faq-item-answer-text\"><p>La costruzione del widget avviene all&#8217;interno del sito Elfsight e non \u00e8 necessario imparare a programmare. Utilizza la nostra demo online per personalizzare il tuo plugin, ottenere il codice e incorporarlo nel tuo sito web. <\/p><\/div>\r\n\t\t\t\t\t<\/div>\r\n\t\t\t\t<\/div><div class=\"faq-item\">\r\n\t\t\t\t\t<div class=\"faq-item-question\">\r\n\t\t\t\t\t\t<h3 class=\"faq-item-question-text\">I migliori esempi di utilizzo dell'integrazione del banner di consenso sui cookie<\/h3>\r\n\r\n\t\t\t\t\t\t<div class=\"faq-item-question-icon\"><\/div>\r\n\t\t\t\t\t<\/div>\r\n\r\n\t\t\t\t\t<div class=\"faq-item-answer\">\r\n\t\t\t\t\t\t<div class=\"faq-item-answer-text\"><p>Abbiamo tantissime opportunit\u00e0 di personalizzazione: widget a grandezza naturale da aggiungere alla sezione dei contenuti, plugin mobili per opportunit\u00e0 di scorrimento, miniature per pi\u00e8 di pagina, intestazione e tutte le varianti delle possibilit\u00e0 verticali per barre laterali e menu. <\/p><\/div>\r\n\t\t\t\t\t<\/div>\r\n\t\t\t\t<\/div><div class=\"faq-item\">\r\n\t\t\t\t\t<div class=\"faq-item-question\">\r\n\t\t\t\t\t\t<h3 class=\"faq-item-question-text\">Posso creare un banner principale o il consenso ai cookie mobili tramite l'editor?<\/h3>\r\n\r\n\t\t\t\t\t\t<div class=\"faq-item-question-icon\"><\/div>\r\n\t\t\t\t\t<\/div>\r\n\r\n\t\t\t\t\t<div class=\"faq-item-answer\">\r\n\t\t\t\t\t\t<div class=\"faq-item-answer-text\"><p>Sei libero di creare qualsiasi variante del widget. Ci sono molti layout a tua disposizione nell&#8217;editor e tutti possono essere rapidamente modificati proprio come ti manca. <\/p><\/div>\r\n\t\t\t\t\t<\/div>\r\n\t\t\t\t<\/div><\/div><\/div><div class=\"application-platform-content-item-features application-platform-content-item\" id=\"features\" data-nav-section=\"features\"><h2>Caratteristiche principali del widget Consenso sui cookie<\/h2><p>Fai un&#8217;idea migliore del widget: esamina l&#8217;elenco dei suoi tratti principali. Rendono il nostro widget estremamente vantaggioso per il tuo sito web: <\/p><ul><li>Seleziona solo annuncio o richiesta di consenso; <\/li> <li> Imposta il tuo messaggio di annuncio con formattazione e collegamenti; <\/li> <li>Mostra o nascondi un collegamento attivo alla politica sui cookie con un&#8217;etichetta di collegamento personalizzata; <\/li> <li> Scegli il tipo di layout Barra o Casella della notifica; <\/li> <li>Imposta il colore per i pulsanti e il collegamento. <\/li> <\/ul><p><a href=\"#demo\">La nostra demo ti riveler\u00e0 tutte le funzionalit\u00e0<\/a><\/p><\/div><div class=\"application-platform-content-item-installation application-platform-content-item\" id=\"installation\" data-nav-section=\"installation\"><h2>Scopri come aggiungere il widget di consenso sui cookie al tuo sito web Elementor<\/h2><div class=\"video-container\"><iframe width=\"560\" height=\"315\" src=\"https:\/\/www.youtube.com\/embed\/8K9I03Ju2fY?si=hGQOxL7B_wDV-cfD\" frameborder=\"0\" allow=\"accelerometer; autoplay; clipboard-write; encrypted-media; gyroscope; picture-in-picture; web-share\" allowfullscreen><\/iframe><\/div><p> Un paio di semplici azioni sono l&#8217;unica cosa che devi stabilire. <\/p><ol><li><b>Crea il tuo plugin per cookie personalizzato<\/b><br> Tramite la nostra demo gratuita, configura un plugin con layout e funzioni personalizzate. <\/li><li><b>Acquisisci il codice individuale per visualizzare il plugin<\/b><br> Dopo aver creato il tuo widget, otterrai il tuo codice personale dalla finestra popup su Elfsight Apps. Copia questo codice per un ulteriore utilizzo. <\/li> <li><b> Il plugin sul tuo sito Elementor<\/b><br> Scegli l&#8217;area in cui desideri visualizzare il plugin e incolla l\u00ec il codice salvato. Salva le modifiche. <\/li> <li><b>L&#8217;installazione \u00e8 completata<\/b><br> Visita il tuo negozio per vedere il tuo lavoro. <\/li> <\/ol><p>Hai ancora qualcosa che ti rende insicuro? O riscontri problemi? Basta inviare una richiesta al nostro servizio clienti. Risolveremo ogni problema. <\/p><\/div>\n","protected":false},"excerpt":{"rendered":"","protected":false},"author":9,"featured_media":0,"parent":1389,"menu_order":0,"comment_status":"closed","ping_status":"closed","template":"templates\/template-application-platform.php","meta":{"publish_to_discourse":"","publish_post_category":"","wpdc_auto_publish_overridden":"","wpdc_topic_tags":"","wpdc_pin_topic":"","wpdc_pin_until":"","discourse_post_id":"","discourse_permalink":"","wpdc_publishing_response":"","wpdc_publishing_error":"","footnotes":""},"class_list":["post-4131","page","type-page","status-publish","hentry"],"yoast_head":"<!-- This site is optimized with the Yoast SEO plugin v25.3.1 - https:\/\/yoast.com\/wordpress\/plugins\/seo\/ -->\n<title>Aggiungi il widget di consenso sui cookie al sito Web di Elementor (in 2 minuti)<\/title>\n<meta name=\"description\" content=\"Con Elfsight, crea il tuo widget di consenso sui cookie e mostralo sul tuo sito web Elementor. Offriamo un servizio clienti gratuito e altri bonus.\" \/>\n<meta name=\"robots\" content=\"index, follow, max-snippet:-1, max-image-preview:large, max-video-preview:-1\" \/>\n<link rel=\"canonical\" href=\"https:\/\/elfsight.com\/it\/cookie-consent-widget\/elementor\/\" \/>\n<meta property=\"og:locale\" content=\"it_IT\" \/>\n<meta property=\"og:type\" content=\"article\" \/>\n<meta property=\"og:title\" content=\"Aggiungi il widget di consenso sui cookie al sito Web di Elementor (in 2 minuti)\" \/>\n<meta property=\"og:description\" content=\"Con Elfsight, crea il tuo widget di consenso sui cookie e mostralo sul tuo sito web Elementor. Offriamo un servizio clienti gratuito e altri bonus.\" \/>\n<meta property=\"og:url\" content=\"https:\/\/elfsight.com\/it\/cookie-consent-widget\/elementor\/\" \/>\n<meta property=\"og:site_name\" content=\"Elfsight IT\" \/>\n<meta property=\"article:modified_time\" content=\"2025-03-17T11:37:27+00:00\" \/>\n<meta name=\"twitter:card\" content=\"summary_large_image\" \/>\n<meta name=\"twitter:label1\" content=\"Tempo di lettura stimato\" \/>\n\t<meta name=\"twitter:data1\" content=\"3 minuti\" \/>\n<!-- \/ Yoast SEO plugin. -->","yoast_head_json":{"title":"Aggiungi il widget di consenso sui cookie al sito Web di Elementor (in 2 minuti)","description":"Con Elfsight, crea il tuo widget di consenso sui cookie e mostralo sul tuo sito web Elementor. Offriamo un servizio clienti gratuito e altri bonus.","robots":{"index":"index","follow":"follow","max-snippet":"max-snippet:-1","max-image-preview":"max-image-preview:large","max-video-preview":"max-video-preview:-1"},"canonical":"https:\/\/elfsight.com\/it\/cookie-consent-widget\/elementor\/","og_locale":"it_IT","og_type":"article","og_title":"Aggiungi il widget di consenso sui cookie al sito Web di Elementor (in 2 minuti)","og_description":"Con Elfsight, crea il tuo widget di consenso sui cookie e mostralo sul tuo sito web Elementor. Offriamo un servizio clienti gratuito e altri bonus.","og_url":"https:\/\/elfsight.com\/it\/cookie-consent-widget\/elementor\/","og_site_name":"Elfsight IT","article_modified_time":"2025-03-17T11:37:27+00:00","twitter_card":"summary_large_image","twitter_misc":{"Tempo di lettura stimato":"3 minuti"},"schema":{"@context":"https:\/\/schema.org","@graph":[{"@type":"WebPage","@id":"https:\/\/elfsight.com\/it\/cookie-consent-widget\/elementor\/","url":"https:\/\/elfsight.com\/it\/cookie-consent-widget\/elementor\/","name":"Aggiungi il widget di consenso sui cookie al sito Web di Elementor (in 2 minuti)","isPartOf":{"@id":"https:\/\/elfsight.com\/it\/#website"},"datePublished":"2024-05-03T06:33:13+00:00","dateModified":"2025-03-17T11:37:27+00:00","description":"Con Elfsight, crea il tuo widget di consenso sui cookie e mostralo sul tuo sito web Elementor. Offriamo un servizio clienti gratuito e altri bonus.","breadcrumb":{"@id":"https:\/\/elfsight.com\/it\/cookie-consent-widget\/elementor\/#breadcrumb"},"inLanguage":"it-IT","potentialAction":[{"@type":"ReadAction","target":["https:\/\/elfsight.com\/it\/cookie-consent-widget\/elementor\/"]}]},{"@type":"BreadcrumbList","@id":"https:\/\/elfsight.com\/it\/cookie-consent-widget\/elementor\/#breadcrumb","itemListElement":[{"@type":"ListItem","position":1,"name":"Home","item":"https:\/\/elfsight.com\/it\/"},{"@type":"ListItem","position":2,"name":"Cookie Consent","item":"https:\/\/elfsight.com\/it\/cookie-consent-widget\/"},{"@type":"ListItem","position":3,"name":"Cookie Consent &#8211; Elementor"}]},{"@type":"WebSite","@id":"https:\/\/elfsight.com\/it\/#website","url":"https:\/\/elfsight.com\/it\/","name":"Elfsight IT","description":"Just another Elfsight Sites site","potentialAction":[{"@type":"SearchAction","target":{"@type":"EntryPoint","urlTemplate":"https:\/\/elfsight.com\/it\/?s={search_term_string}"},"query-input":{"@type":"PropertyValueSpecification","valueRequired":true,"valueName":"search_term_string"}}],"inLanguage":"it-IT"}]}},"meta_box":{"industry":"","seo_heading":"","heading":"","description":"","cta_heading":"","cta_description":"","application":"1388","h1":"Consenso sui cookie di Elementor","h1_caption":"Rispetta le normative sulla privacy aggiungendo un banner di consenso ai cookie al tuo sito Web, garantendo la trasparenza dei dati utente nel tuo sito Web Elementor senza sforzo.","application_category":[],"applications_title":"","applications_request_title":"","applications_request_button_text":"","hero_text":"","hero_video":"","hero_video_schema_markup":"","selling_points_title":"","selling_points_caption":"","selling_points":[],"selling_points_cta_text":"","features_title":"","features":"","ed_cta_examples_text":"","ed_cta_examples_hidden":"","ed_cta_demo_text":"","ed_cta_demo_hidden":"","why_caption":"","why_editor_title":"","why_editor_text":"","why_team_title":"","why_team_text":"","why_service_title":"","why_service_text":"","template_catalog_visible":"0","template_catalog_title":"","template_catalog_text":"","template_catalog_categories_visible":"","demo_title":"Crea il tuo widget di consenso sui cookie","demo_caption":"Configura il tuo consenso sui cookie e aggiungilo gratuitamente al tuo sito Web Elementor!","default_faq_hidden":"","app_template_category":[],"platform":"68","template_public_id":"","codecanyon_url":"","codecanyon_item_id":"","codecanyon_price":"","pricing_caption":"","pricing_elfsight_apps_hide_column":"","pricing_elfsight_apps_url":"","pricing_codecanyon_price_caption":"","integration_category":[],"integration_request_title":"","integration_request_cta":"","integration_platform":"","integrations":[],"platform_category":[],"video_schema_markup":"","price":"da $ 0 al mese","trial":"","benefits":[{"text":"Aiuto gratuito per l'installazione"},{"text":"Supporto eccezionale"},{"text":"Garanzia di rimborso di 14 giorni"},{"text":"Aggiornamenti a vita"}],"button_url":"#demo","button_target_blank":"0","button_nofollow":"0","attributes":[{"name":"Installazioni"},{"name":"Reattivo","content":"S\u00cc"},{"name":"Browser compatibili","content":"Firefox, Safari, Opera, Chrome, Edge"}],"tags":[],"tags_disable_links":"0","hide_more_platforms":"0","video_object":"","demo_hide_cta":"0","demo_hide_cloud_options":"0","pricing_title":"","pricing":[{"pricing_icon":"platform","pricing_title":"Elfsight Apps","pricing_title_caption":"Soluzione digitale indipendente dalla piattaforma","pricing_price":"da $ 0 \/ mese","pricing_price_caption":"inizia con il piano gratuito","pricing_benefits":[{"text":"Siti web illimitati"},{"text":"Supporto veloce"},{"text":"Assistenza per l'installazione gratuita"},{"text":"Offerta speciale per pi\u00f9 app"}],"pricing_button_text":"Aggiungi al sito web","pricing_button_url":"#demo"}],"related_apps_title":"","related_apps_hidden":"0","author":"","image":[],"title":"","job":"","social_networks":[]},"_links":{"self":[{"href":"https:\/\/elfsight.com\/it\/wp-json\/wp\/v2\/pages\/4131","targetHints":{"allow":["GET"]}}],"collection":[{"href":"https:\/\/elfsight.com\/it\/wp-json\/wp\/v2\/pages"}],"about":[{"href":"https:\/\/elfsight.com\/it\/wp-json\/wp\/v2\/types\/page"}],"author":[{"embeddable":true,"href":"https:\/\/elfsight.com\/it\/wp-json\/wp\/v2\/users\/9"}],"replies":[{"embeddable":true,"href":"https:\/\/elfsight.com\/it\/wp-json\/wp\/v2\/comments?post=4131"}],"version-history":[{"count":3,"href":"https:\/\/elfsight.com\/it\/wp-json\/wp\/v2\/pages\/4131\/revisions"}],"predecessor-version":[{"id":8926,"href":"https:\/\/elfsight.com\/it\/wp-json\/wp\/v2\/pages\/4131\/revisions\/8926"}],"up":[{"embeddable":true,"href":"https:\/\/elfsight.com\/it\/wp-json\/wp\/v2\/pages\/1389"}],"wp:attachment":[{"href":"https:\/\/elfsight.com\/it\/wp-json\/wp\/v2\/media?parent=4131"}],"curies":[{"name":"wp","href":"https:\/\/api.w.org\/{rel}","templated":true}]}}