{"id":4130,"date":"2024-05-03T06:33:12","date_gmt":"2024-05-03T06:33:12","guid":{"rendered":"https:\/\/elfsight.com\/it\/?page_id=4130"},"modified":"2025-03-17T11:41:53","modified_gmt":"2025-03-17T11:41:53","slug":"iframe","status":"publish","type":"page","link":"https:\/\/elfsight.com\/it\/cookie-consent-widget\/iframe\/","title":{"rendered":"Cookie Consent &#8211; iFrame"},"content":{"rendered":"\n<div class=\"application-platform-content-item-description application-platform-content-item\" id=\"description\" data-nav-section=\"description\"><h2>Incorpora il consenso sui cookie su iFrame con il widget Elfsight<\/h2><p>Utilizzando il consenso sui cookie di Elfsight, sar\u00e0 estremamente semplice annunciare agli utenti che il tuo sito utilizza i cookie attraverso un simpatico popup. Il nostro widget ti consente di inserire il tuo testo, fornire un collegamento alla politica di utilizzo del tuo sito web e mostrare pulsanti attivi per chiedere l&#8217;autorizzazione ai visitatori. Sei libero di mostrare il widget come una barra o una casella e scegliere qualsiasi posizione sulla pagina. Inoltre, gli elementi verniciabili ti aiutano a rendere il widget coerente e ad integrarsi bene con lo stile generale del sito.<\/p><p><b>Scegli il modo pi\u00f9 semplice per comunicare la tua politica sui cookie!<\/b><\/p> <\/div><div class=\"application-platform-content-item-features application-platform-content-item\" id=\"features\" data-nav-section=\"features\"><h2>Caratteristiche principali del widget Consenso sui cookie<\/h2><p>Per ulteriori informazioni sul Consenso sui cookie, controlla l&#8217;elenco delle sue opzioni pi\u00f9 significative. Rendono il nostro widget incredibilmente efficace per la tua promozione: <\/p> <ul><li>Fai solo annuncio o richiesta di approvazione; <\/li> <li>L&#8217;opzione per scrivere un testo di notifica personalizzato con funzionalit\u00e0 di formattazione e collegamenti disponibili; <\/li> <li>Rivelare o nascondere un collegamento attivo alla tua politica sui cookie e aggiungere testo del collegamento personalizzato; <\/li> <li>L&#8217;opzione per scegliere il tipo di layout Barra o Casella della notifica; <\/li> <li>L&#8217;opzione per dipingere pulsanti e collegamenti. <\/li> <\/ul><p><a href=\"#demo\">Scopri tutte le funzionalit\u00e0 nella demo dal vivo<\/a><\/p><\/div><div class=\"application-platform-content-item-installation application-platform-content-item\" id=\"installation\" data-nav-section=\"installation\"><h2>Come aggiungere il widget di consenso sui cookie al sito web iFrame<\/h2><p>Per attivare il widget, segui semplicemente i passaggi seguenti. <\/p> <ol><li><b>Costruisci il tuo plugin per cookie personale<\/b><br> Con l&#8217;aiuto della nostra demo gratuita, crea un plugin con l&#8217;aspetto e la funzionalit\u00e0 che preferisci. <\/li><li><b>Acquisisci il codice personale per aggiungere il plugin<\/b><br> Dopo aver generato il tuo widget, riceverai il codice di installazione dalla notifica popup su Elfsight Apps. Copia questo codice. <\/li> <li><b>Pubblica il plugin sul tuo sito iFrame<\/b><br> Trova l&#8217;area in cui vuoi mostrare il plugin e incolla l\u00ec il codice copiato. Pubblica le modifiche. <\/li> <li><b>Congratulazioni! Hai appena incorporato il widget! <\/b><br> Visita il tuo negozio per vedere il tuo lavoro. <\/li> <\/ol><p>Non esitate a contattare il nostro team di assistenza clienti se avete domande. Siamo pronti ad aiutarti con qualsiasi problema<\/p> <\/div><div class=\"faq\" data-component=\"FAQ\"><div class=\"faq-item\">\r\n\t\t\t\t\t<div class=\"faq-item-question\">\r\n\t\t\t\t\t\t<h3 class=\"faq-item-question-text\">Come posso incorporare un consenso sui cookie nel mio sito web iFrame?<\/h3>\r\n\r\n\t\t\t\t\t\t<div class=\"faq-item-question-icon\"><\/div>\r\n\t\t\t\t\t<\/div>\r\n\r\n\t\t\t\t\t<div class=\"faq-item-answer\">\r\n\t\t\t\t\t\t<div class=\"faq-item-answer-text\"><p>La realizzazione dello strumento avviene all&#8217;interno del sito web Elfsight e non \u00e8 necessaria la codifica. Applica la nostra demo attiva per personalizzare la tua app, ottieni il codice e incollalo nel tuo sito. <\/p><\/div>\r\n\t\t\t\t\t<\/div>\r\n\t\t\t\t<\/div><div class=\"faq-item\">\r\n\t\t\t\t\t<div class=\"faq-item-question\">\r\n\t\t\t\t\t\t<h3 class=\"faq-item-question-text\">I modi migliori per utilizzare l'integrazione del banner di consenso sui cookie<\/h3>\r\n\r\n\t\t\t\t\t\t<div class=\"faq-item-question-icon\"><\/div>\r\n\t\t\t\t\t<\/div>\r\n\r\n\t\t\t\t\t<div class=\"faq-item-answer\">\r\n\t\t\t\t\t\t<div class=\"faq-item-answer-text\"><p>Ti forniremo molte possibilit\u00e0 di regolazione: widget su vasta scala da inserire nel zona dei contenuti, plugin mobili con opportunit\u00e0 di scorrimento, layout per il pi\u00e8 di pagina del tuo sito web, sezione principale e tutti i tipi di opzioni verticali per barre laterali e menu. <\/p><\/div>\r\n\t\t\t\t\t<\/div>\r\n\t\t\t\t<\/div><div class=\"faq-item\">\r\n\t\t\t\t\t<div class=\"faq-item-question\">\r\n\t\t\t\t\t\t<h3 class=\"faq-item-question-text\">Esiste un'opzione per creare un banner principale o centrare il consenso sui cookie mobili attraverso l'agenzia dell'editor?<\/h3>\r\n\r\n\t\t\t\t\t\t<div class=\"faq-item-question-icon\"><\/div>\r\n\t\t\t\t\t<\/div>\r\n\r\n\t\t\t\t\t<div class=\"faq-item-answer\">\r\n\t\t\t\t\t\t<div class=\"faq-item-answer-text\"><p>Puoi modellare qualsiasi modifica del widget. Ci sono molti layout a tua disposizione nell&#8217;editor e tutti possono essere rapidamente personalizzati secondo le tue esigenze. <\/p><\/div>\r\n\t\t\t\t\t<\/div>\r\n\t\t\t\t<\/div><\/div>\n","protected":false},"excerpt":{"rendered":"","protected":false},"author":9,"featured_media":0,"parent":1389,"menu_order":0,"comment_status":"closed","ping_status":"closed","template":"templates\/template-application-platform.php","meta":{"publish_to_discourse":"","publish_post_category":"","wpdc_auto_publish_overridden":"","wpdc_topic_tags":"","wpdc_pin_topic":"","wpdc_pin_until":"","discourse_post_id":"","discourse_permalink":"","wpdc_publishing_response":"","wpdc_publishing_error":"","footnotes":""},"class_list":["post-4130","page","type-page","status-publish","hentry"],"yoast_head":"<!-- This site is optimized with the Yoast SEO plugin v25.3.1 - https:\/\/yoast.com\/wordpress\/plugins\/seo\/ -->\n<title>Plug-in iFrame Cookie Consent per il tuo sito web (gratuito e veloce)<\/title>\n<meta name=\"description\" content=\"Con Elfsight, crea il tuo widget di consenso sui cookie e aggiungilo sul sito web iFrame in modo facile e veloce. Abbiamo supporto clienti gratuito e altri bonus.\" \/>\n<meta name=\"robots\" content=\"index, follow, max-snippet:-1, max-image-preview:large, max-video-preview:-1\" \/>\n<link rel=\"canonical\" href=\"https:\/\/elfsight.com\/it\/cookie-consent-widget\/iframe\/\" \/>\n<meta property=\"og:locale\" content=\"it_IT\" \/>\n<meta property=\"og:type\" content=\"article\" \/>\n<meta property=\"og:title\" content=\"Plug-in iFrame Cookie Consent per il tuo sito web (gratuito e veloce)\" \/>\n<meta property=\"og:description\" content=\"Con Elfsight, crea il tuo widget di consenso sui cookie e aggiungilo sul sito web iFrame in modo facile e veloce. Abbiamo supporto clienti gratuito e altri bonus.\" \/>\n<meta property=\"og:url\" content=\"https:\/\/elfsight.com\/it\/cookie-consent-widget\/iframe\/\" \/>\n<meta property=\"og:site_name\" content=\"Elfsight IT\" \/>\n<meta property=\"article:modified_time\" content=\"2025-03-17T11:41:53+00:00\" \/>\n<meta name=\"twitter:card\" content=\"summary_large_image\" \/>\n<meta name=\"twitter:label1\" content=\"Tempo di lettura stimato\" \/>\n\t<meta name=\"twitter:data1\" content=\"3 minuti\" \/>\n<!-- \/ Yoast SEO plugin. -->","yoast_head_json":{"title":"Plug-in iFrame Cookie Consent per il tuo sito web (gratuito e veloce)","description":"Con Elfsight, crea il tuo widget di consenso sui cookie e aggiungilo sul sito web iFrame in modo facile e veloce. Abbiamo supporto clienti gratuito e altri bonus.","robots":{"index":"index","follow":"follow","max-snippet":"max-snippet:-1","max-image-preview":"max-image-preview:large","max-video-preview":"max-video-preview:-1"},"canonical":"https:\/\/elfsight.com\/it\/cookie-consent-widget\/iframe\/","og_locale":"it_IT","og_type":"article","og_title":"Plug-in iFrame Cookie Consent per il tuo sito web (gratuito e veloce)","og_description":"Con Elfsight, crea il tuo widget di consenso sui cookie e aggiungilo sul sito web iFrame in modo facile e veloce. Abbiamo supporto clienti gratuito e altri bonus.","og_url":"https:\/\/elfsight.com\/it\/cookie-consent-widget\/iframe\/","og_site_name":"Elfsight IT","article_modified_time":"2025-03-17T11:41:53+00:00","twitter_card":"summary_large_image","twitter_misc":{"Tempo di lettura stimato":"3 minuti"},"schema":{"@context":"https:\/\/schema.org","@graph":[{"@type":"WebPage","@id":"https:\/\/elfsight.com\/it\/cookie-consent-widget\/iframe\/","url":"https:\/\/elfsight.com\/it\/cookie-consent-widget\/iframe\/","name":"Plug-in iFrame Cookie Consent per il tuo sito web (gratuito e veloce)","isPartOf":{"@id":"https:\/\/elfsight.com\/it\/#website"},"datePublished":"2024-05-03T06:33:12+00:00","dateModified":"2025-03-17T11:41:53+00:00","description":"Con Elfsight, crea il tuo widget di consenso sui cookie e aggiungilo sul sito web iFrame in modo facile e veloce. Abbiamo supporto clienti gratuito e altri bonus.","breadcrumb":{"@id":"https:\/\/elfsight.com\/it\/cookie-consent-widget\/iframe\/#breadcrumb"},"inLanguage":"it-IT","potentialAction":[{"@type":"ReadAction","target":["https:\/\/elfsight.com\/it\/cookie-consent-widget\/iframe\/"]}]},{"@type":"BreadcrumbList","@id":"https:\/\/elfsight.com\/it\/cookie-consent-widget\/iframe\/#breadcrumb","itemListElement":[{"@type":"ListItem","position":1,"name":"Home","item":"https:\/\/elfsight.com\/it\/"},{"@type":"ListItem","position":2,"name":"Cookie Consent","item":"https:\/\/elfsight.com\/it\/cookie-consent-widget\/"},{"@type":"ListItem","position":3,"name":"Cookie Consent &#8211; iFrame"}]},{"@type":"WebSite","@id":"https:\/\/elfsight.com\/it\/#website","url":"https:\/\/elfsight.com\/it\/","name":"Elfsight IT","description":"Just another Elfsight Sites site","potentialAction":[{"@type":"SearchAction","target":{"@type":"EntryPoint","urlTemplate":"https:\/\/elfsight.com\/it\/?s={search_term_string}"},"query-input":{"@type":"PropertyValueSpecification","valueRequired":true,"valueName":"search_term_string"}}],"inLanguage":"it-IT"}]}},"meta_box":{"industry":"","seo_heading":"","heading":"","description":"","cta_heading":"","cta_description":"","application":"1388","h1":"Plug-in per il consenso sui cookie iFrame","h1_caption":"Rispetta le normative sulla privacy aggiungendo un banner di consenso ai cookie al tuo sito web, garantendo la trasparenza dei dati utente nel tuo sito web iFrame senza sforzo.","application_category":[],"applications_title":"","applications_request_title":"","applications_request_button_text":"","hero_text":"","hero_video":"","hero_video_schema_markup":"","selling_points_title":"","selling_points_caption":"","selling_points":[],"selling_points_cta_text":"","features_title":"","features":"","ed_cta_examples_text":"","ed_cta_examples_hidden":"","ed_cta_demo_text":"","ed_cta_demo_hidden":"","why_caption":"","why_editor_title":"","why_editor_text":"","why_team_title":"","why_team_text":"","why_service_title":"","why_service_text":"","template_catalog_visible":"0","template_catalog_title":"","template_catalog_text":"","template_catalog_categories_visible":"","demo_title":"Crea il tuo widget di consenso sui cookie","demo_caption":"Configura il tuo consenso ai cookie e aggiungilo gratuitamente al tuo sito iFrame!","default_faq_hidden":"","app_template_category":[],"platform":"54","template_public_id":"","codecanyon_url":"","codecanyon_item_id":"","codecanyon_price":"","pricing_caption":"","pricing_elfsight_apps_hide_column":"","pricing_elfsight_apps_url":"","pricing_codecanyon_price_caption":"","integration_category":[],"integration_request_title":"","integration_request_cta":"","integration_platform":"","integrations":[],"platform_category":[],"video_schema_markup":"","price":"da $ 0 al mese","trial":"","benefits":[{"text":"Servizio di installazione gratuito"},{"text":"Servizio clienti professionale"},{"text":"Garanzia di rimborso di 14 giorni"},{"text":"Aggiornamento costante"}],"button_url":"#demo","button_target_blank":"0","button_nofollow":"0","attributes":[{"name":"Installazioni"},{"name":"Reattivo","content":"S\u00cc"},{"name":"Browser compatibili","content":"Firefox, Safari, Opera, Chrome, Edge"}],"tags":[],"tags_disable_links":"0","hide_more_platforms":"0","video_object":"","demo_hide_cta":"0","demo_hide_cloud_options":"0","pricing_title":"","pricing":[{"pricing_icon":"platform","pricing_title":"Elfsight Apps","pricing_title_caption":"Versione indipendente dalla piattaforma adatta a qualsiasi sito web","pricing_price":"da $ 0 \/ mese","pricing_price_caption":"inizia con il piano gratuito","pricing_benefits":[{"text":"Numero illimitato di siti web"},{"text":"Supporto premium"},{"text":"Assistenza gratuita per l'installazione"},{"text":"Offerta speciale per pi\u00f9 app"}],"pricing_button_text":"Aggiungi al sito web","pricing_button_url":"#demo"}],"related_apps_title":"","related_apps_hidden":"0","author":"","image":[],"title":"","job":"","social_networks":[]},"_links":{"self":[{"href":"https:\/\/elfsight.com\/it\/wp-json\/wp\/v2\/pages\/4130","targetHints":{"allow":["GET"]}}],"collection":[{"href":"https:\/\/elfsight.com\/it\/wp-json\/wp\/v2\/pages"}],"about":[{"href":"https:\/\/elfsight.com\/it\/wp-json\/wp\/v2\/types\/page"}],"author":[{"embeddable":true,"href":"https:\/\/elfsight.com\/it\/wp-json\/wp\/v2\/users\/9"}],"replies":[{"embeddable":true,"href":"https:\/\/elfsight.com\/it\/wp-json\/wp\/v2\/comments?post=4130"}],"version-history":[{"count":2,"href":"https:\/\/elfsight.com\/it\/wp-json\/wp\/v2\/pages\/4130\/revisions"}],"predecessor-version":[{"id":8929,"href":"https:\/\/elfsight.com\/it\/wp-json\/wp\/v2\/pages\/4130\/revisions\/8929"}],"up":[{"embeddable":true,"href":"https:\/\/elfsight.com\/it\/wp-json\/wp\/v2\/pages\/1389"}],"wp:attachment":[{"href":"https:\/\/elfsight.com\/it\/wp-json\/wp\/v2\/media?parent=4130"}],"curies":[{"name":"wp","href":"https:\/\/api.w.org\/{rel}","templated":true}]}}