{"id":4125,"date":"2024-05-03T06:33:11","date_gmt":"2024-05-03T06:33:11","guid":{"rendered":"https:\/\/elfsight.com\/it\/?page_id=4125"},"modified":"2024-11-12T08:31:45","modified_gmt":"2024-11-12T08:31:45","slug":"facebook","status":"publish","type":"page","link":"https:\/\/elfsight.com\/it\/cookie-consent-widget\/facebook\/","title":{"rendered":"Cookie Consent &#8211; Facebook Page"},"content":{"rendered":"<div class=\"application-platform-content-item-description application-platform-content-item\" id=\"description\" data-nav-section=\"description\"><h2>Descrizione<\/h2><p>Con il widget Elfsight Cookie Consent, \u00e8 assolutamente semplice incorporare una notifica per i tuoi visitatori che la tua pagina contiene cookie . Il widget funziona come una simpatica barra popup. Ti consente di scrivere il tuo messaggio, fornire un collegamento alla politica di utilizzo della pagina e posizionare pulsanti attivi per ottenere l&#8217;autorizzazione dagli utenti. Puoi scegliere di mostrare il widget come una barra o un riquadro e selezionarne una posizione. Inoltre, le opzioni di colore ti aiuteranno a rendere il widget nativo e ad adattarlo al concetto di stile della pagina. <\/p><p><b>Rendi gli utenti consapevoli dei cookie con un widget semplice e personalizzabile.<\/b><\/p><\/div> <div class=\"application-platform-content-item-features application-platform-content-item\" id=\"features\" data-nav-section=\"features\"><h2>Funzionalit\u00e0<\/h2> <p>Controlla tutte le funzioni del prodotto. Puoi gestirli direttamente nell&#8217;editor e ti aiuteranno a modellare il widget appositamente per il tuo caso. <\/p><ul><li>Crea solo un annuncio o aggiungi una richiesta; <\/li><li> Inserisci il testo del tuo annuncio con opzioni di formattazione e collegamenti; <\/li><li>Mostrare o rimuovere e disattivare un collegamento alla politica sui cookie con testo del collegamento personalizzato; <\/li><li> Variante di layout Barra o Casella di selezione della notifica; <\/li><li>Imposta il colore dei pulsanti e del collegamento. <\/li><\/ul><p><a href=\"#demo\">Puoi testare tutte le funzionalit\u00e0 del widget direttamente nella demo<\/a><\/p><\/div> <div class=\"application-platform-content-item-installation application-platform-content-item\" id=\"installation\" data-nav-section=\"installation\"> <h2>Come aggiungere la scheda Consenso sui cookie alla pagina aziendale di Facebook<\/h2><p>Per introdurre il widget, esegui semplicemente questi rapidi passaggi<\/p><ul><li><b>Genera il tuo consenso sui cookie personale<\/b><br>Con l&#8217;aiuto del nostro editor gratuito crea un plugin con l&#8217;aspetto e le funzioni selezionate.<\/li><li><b>Ricevi il codice individuale per pubblicare il plugin<\/b><br>Dopo hai generato il tuo widget, riceverai un codice individuale dalla notifica apparsa su Elfsight Apps. Copialo per un ulteriore utilizzo.<\/li><li><b>Aggiungi il widget alla pagina Facebook<\/b><br> Crea la tua scheda Facebook personalizzata. Inserisci nella scheda il codice che hai ricevuto su elfsight apps. In caso di problemi, consulta la nostra guida su <a href=\"https:\/\/elfsight.com\/blog\/how-to-add-custom-tab-to-facebook-page\/\" target=\"_blank\" rel=\"noopener noreferrer\">creazione di una scheda Facebook personalizzata<\/a><\/li><li><b>Installazione completata con successo<\/b><br>Entra nel tuo negozio per vedere il tuo lavoro.<\/li><\/ul><p>Sentiti libero di contattare il nostro servizio di supporto se hai bisogno di aiuto o hai domande. Saremo lieti di aiutarvi con ogni richiesta. <\/p><\/div><div class=\"faq\" data-component=\"FAQ\"><div class=\"faq-item\">\r\n\t\t\t\t\t<div class=\"faq-item-question\">\r\n\t\t\t\t\t\t<h3 class=\"faq-item-question-text\">In che modo incorporo il consenso ai cookie nella mia pagina Facebook?<\/h3>\r\n\r\n\t\t\t\t\t\t<div class=\"faq-item-question-icon\"><\/div>\r\n\t\t\t\t\t<\/div>\r\n\r\n\t\t\t\t\t<div class=\"faq-item-answer\">\r\n\t\t\t\t\t\t<div class=\"faq-item-answer-text\"><p>La costruzione dello strumento richiede posto all&#8217;interno del sito web Elfsight e non \u00e8 necessario codificare. Apri la demo attiva per modellare il tuo widget, ottieni il codice e inseriscilo nel tuo sito. <\/p><\/div>\r\n\t\t\t\t\t<\/div>\r\n\t\t\t\t<\/div><div class=\"faq-item\">\r\n\t\t\t\t\t<div class=\"faq-item-question\">\r\n\t\t\t\t\t\t<h3 class=\"faq-item-question-text\">I modi migliori per utilizzare l'integrazione del banner di consenso sui cookie<\/h3>\r\n\r\n\t\t\t\t\t\t<div class=\"faq-item-question-icon\"><\/div>\r\n\t\t\t\t\t<\/div>\r\n\r\n\t\t\t\t\t<div class=\"faq-item-answer\">\r\n\t\t\t\t\t\t<div class=\"faq-item-answer-text\"><p>Abbiamo un&#8217;ampia gamma di possibilit\u00e0 di personalizzazione: widget su vasta scala da aggiungere al contenuto area, plugin mobili con opportunit\u00e0 di scorrimento, miniature per il pi\u00e8 di pagina del tuo sito web, intestazione e tutte le varianti delle opportunit\u00e0 verticali per barre laterali e menu. <\/p><\/div>\r\n\t\t\t\t\t<\/div>\r\n\t\t\t\t<\/div><div class=\"faq-item\">\r\n\t\t\t\t\t<div class=\"faq-item-question\">\r\n\t\t\t\t\t\t<h3 class=\"faq-item-question-text\">Esiste un'opzione per creare una casella mobile o un consenso ai cookie in basso con l'aiuto dell'editor?<\/h3>\r\n\r\n\t\t\t\t\t\t<div class=\"faq-item-question-icon\"><\/div>\r\n\t\t\t\t\t<\/div>\r\n\r\n\t\t\t\t\t<div class=\"faq-item-answer\">\r\n\t\t\t\t\t\t<div class=\"faq-item-answer-text\"><p>Puoi creare qualsiasi variante del widget. Ci sono molti layout disponibili nell&#8217;editor e tutti possono essere facilmente personalizzati nel modo desiderato. <\/p><\/div>\r\n\t\t\t\t\t<\/div>\r\n\t\t\t\t<\/div><\/div>","protected":false},"excerpt":{"rendered":"","protected":false},"author":9,"featured_media":0,"parent":1389,"menu_order":0,"comment_status":"closed","ping_status":"closed","template":"templates\/template-application-platform.php","meta":{"publish_to_discourse":"","publish_post_category":"","wpdc_auto_publish_overridden":"","wpdc_topic_tags":"","wpdc_pin_topic":"","wpdc_pin_until":"","discourse_post_id":"","discourse_permalink":"","wpdc_publishing_response":"","wpdc_publishing_error":"","footnotes":""},"class_list":["post-4125","page","type-page","status-publish","hentry"],"yoast_head":"<!-- This site is optimized with the Yoast SEO plugin v25.3.1 - https:\/\/yoast.com\/wordpress\/plugins\/seo\/ -->\n<title>Aggiungi il consenso sui cookie alla scheda personalizzata della pagina Facebook (2025)<\/title>\n<meta name=\"description\" content=\"Con Elfsight, costruisci il tuo consenso sui cookie e inseriscilo sulla pagina Facebook in modo facile e veloce. Offriamo un servizio clienti gratuito e pi\u00f9 bonus.\" \/>\n<meta name=\"robots\" content=\"index, follow, max-snippet:-1, max-image-preview:large, max-video-preview:-1\" \/>\n<link rel=\"canonical\" href=\"https:\/\/elfsight.com\/it\/cookie-consent-widget\/facebook\/\" \/>\n<meta property=\"og:locale\" content=\"it_IT\" \/>\n<meta property=\"og:type\" content=\"article\" \/>\n<meta property=\"og:title\" content=\"Aggiungi il consenso sui cookie alla scheda personalizzata della pagina Facebook (2025)\" \/>\n<meta property=\"og:description\" content=\"Con Elfsight, costruisci il tuo consenso sui cookie e inseriscilo sulla pagina Facebook in modo facile e veloce. Offriamo un servizio clienti gratuito e pi\u00f9 bonus.\" \/>\n<meta property=\"og:url\" content=\"https:\/\/elfsight.com\/it\/cookie-consent-widget\/facebook\/\" \/>\n<meta property=\"og:site_name\" content=\"Elfsight IT\" \/>\n<meta property=\"article:modified_time\" content=\"2024-11-12T08:31:45+00:00\" \/>\n<meta name=\"twitter:card\" content=\"summary_large_image\" \/>\n<meta name=\"twitter:label1\" content=\"Tempo di lettura stimato\" \/>\n\t<meta name=\"twitter:data1\" content=\"3 minuti\" \/>\n<!-- \/ Yoast SEO plugin. -->","yoast_head_json":{"title":"Aggiungi il consenso sui cookie alla scheda personalizzata della pagina Facebook (2025)","description":"Con Elfsight, costruisci il tuo consenso sui cookie e inseriscilo sulla pagina Facebook in modo facile e veloce. Offriamo un servizio clienti gratuito e pi\u00f9 bonus.","robots":{"index":"index","follow":"follow","max-snippet":"max-snippet:-1","max-image-preview":"max-image-preview:large","max-video-preview":"max-video-preview:-1"},"canonical":"https:\/\/elfsight.com\/it\/cookie-consent-widget\/facebook\/","og_locale":"it_IT","og_type":"article","og_title":"Aggiungi il consenso sui cookie alla scheda personalizzata della pagina Facebook (2025)","og_description":"Con Elfsight, costruisci il tuo consenso sui cookie e inseriscilo sulla pagina Facebook in modo facile e veloce. Offriamo un servizio clienti gratuito e pi\u00f9 bonus.","og_url":"https:\/\/elfsight.com\/it\/cookie-consent-widget\/facebook\/","og_site_name":"Elfsight IT","article_modified_time":"2024-11-12T08:31:45+00:00","twitter_card":"summary_large_image","twitter_misc":{"Tempo di lettura stimato":"3 minuti"},"schema":{"@context":"https:\/\/schema.org","@graph":[{"@type":"WebPage","@id":"https:\/\/elfsight.com\/it\/cookie-consent-widget\/facebook\/","url":"https:\/\/elfsight.com\/it\/cookie-consent-widget\/facebook\/","name":"Aggiungi il consenso sui cookie alla scheda personalizzata della pagina Facebook (2025)","isPartOf":{"@id":"https:\/\/elfsight.com\/it\/#website"},"datePublished":"2024-05-03T06:33:11+00:00","dateModified":"2024-11-12T08:31:45+00:00","description":"Con Elfsight, costruisci il tuo consenso sui cookie e inseriscilo sulla pagina Facebook in modo facile e veloce. Offriamo un servizio clienti gratuito e pi\u00f9 bonus.","breadcrumb":{"@id":"https:\/\/elfsight.com\/it\/cookie-consent-widget\/facebook\/#breadcrumb"},"inLanguage":"it-IT","potentialAction":[{"@type":"ReadAction","target":["https:\/\/elfsight.com\/it\/cookie-consent-widget\/facebook\/"]}]},{"@type":"BreadcrumbList","@id":"https:\/\/elfsight.com\/it\/cookie-consent-widget\/facebook\/#breadcrumb","itemListElement":[{"@type":"ListItem","position":1,"name":"Home","item":"https:\/\/elfsight.com\/it\/"},{"@type":"ListItem","position":2,"name":"Cookie Consent","item":"https:\/\/elfsight.com\/it\/cookie-consent-widget\/"},{"@type":"ListItem","position":3,"name":"Cookie Consent &#8211; Facebook Page"}]},{"@type":"WebSite","@id":"https:\/\/elfsight.com\/it\/#website","url":"https:\/\/elfsight.com\/it\/","name":"Elfsight IT","description":"Just another Elfsight Sites site","potentialAction":[{"@type":"SearchAction","target":{"@type":"EntryPoint","urlTemplate":"https:\/\/elfsight.com\/it\/?s={search_term_string}"},"query-input":{"@type":"PropertyValueSpecification","valueRequired":true,"valueName":"search_term_string"}}],"inLanguage":"it-IT"}]}},"meta_box":{"industry":"","seo_heading":"","heading":"","description":"","cta_heading":"","cta_description":"","application":"1388","h1":"Consenso sui cookie per la Pagina Facebook","h1_caption":"Rispetta le normative sulla privacy aggiungendo un banner di consenso sui cookie al tuo sito web, garantendo la trasparenza dei dati utente nel sito web della tua Pagina Facebook senza sforzo.","application_category":[],"applications_title":"","applications_request_title":"","applications_request_button_text":"","hero_text":"","hero_video":"","hero_video_schema_markup":"","selling_points_title":"","selling_points_caption":"","selling_points":[],"selling_points_cta_text":"","features_title":"","features":"","ed_cta_examples_text":"","ed_cta_examples_hidden":"","ed_cta_demo_text":"","ed_cta_demo_hidden":"","why_caption":"","why_editor_title":"","why_editor_text":"","why_team_title":"","why_team_text":"","why_service_title":"","why_service_text":"","template_catalog_visible":"","template_catalog_title":"","template_catalog_text":"","template_catalog_categories_visible":"","demo_title":"Crea il tuo widget di consenso sui cookie","demo_caption":"Configura il tuo consenso ai cookie e aggiungilo gratuitamente al sito della tua pagina Facebook!","default_faq_hidden":"","app_template_category":[],"platform":"77","template_public_id":"","codecanyon_url":"","codecanyon_item_id":"","codecanyon_price":"","pricing_caption":"","pricing_elfsight_apps_hide_column":"","pricing_elfsight_apps_url":"","pricing_codecanyon_price_caption":"","integration_category":[],"integration_request_title":"","integration_request_cta":"","integration_platform":"","integrations":[],"platform_category":[],"video_schema_markup":"","price":"da $ 0 al mese","trial":"","benefits":[{"text":"Assistenza per l'installazione gratuita"},{"text":"Servizio clienti professionale"},{"text":"Garanzia di rimborso di 14 giorni"},{"text":"Sviluppo continuo"}],"button_url":"#demo","button_target_blank":"","button_nofollow":"","attributes":[{"name":"Installazioni"},{"name":"Reattivo","content":"S\u00cc"},{"name":"Browser compatibili","content":"Firefox, Safari, Opera, Chrome, Edge"}],"tags":[],"tags_disable_links":"","hide_more_platforms":"","video_object":"","demo_hide_cta":"","demo_hide_cloud_options":"","pricing_title":"","pricing":[{"pricing_icon":"platform","pricing_title":"Elfsight Apps","pricing_title_caption":"Software multipiattaforma","pricing_price":"da $ 0 \/ mese","pricing_price_caption":"inizia con il piano gratuito","pricing_benefits":[{"text":"Domini illimitati"},{"text":"Supporto aziendale gratuito"},{"text":"Supporto per l'installazione senza costi"},{"text":"Completamente personalizzabile"}],"pricing_button_text":"Aggiungi al sito web","pricing_button_url":"#demo"}],"related_apps_title":"","related_apps_hidden":"","author":"","image":[],"title":"","job":"","social_networks":[]},"_links":{"self":[{"href":"https:\/\/elfsight.com\/it\/wp-json\/wp\/v2\/pages\/4125","targetHints":{"allow":["GET"]}}],"collection":[{"href":"https:\/\/elfsight.com\/it\/wp-json\/wp\/v2\/pages"}],"about":[{"href":"https:\/\/elfsight.com\/it\/wp-json\/wp\/v2\/types\/page"}],"author":[{"embeddable":true,"href":"https:\/\/elfsight.com\/it\/wp-json\/wp\/v2\/users\/9"}],"replies":[{"embeddable":true,"href":"https:\/\/elfsight.com\/it\/wp-json\/wp\/v2\/comments?post=4125"}],"version-history":[{"count":1,"href":"https:\/\/elfsight.com\/it\/wp-json\/wp\/v2\/pages\/4125\/revisions"}],"predecessor-version":[{"id":4129,"href":"https:\/\/elfsight.com\/it\/wp-json\/wp\/v2\/pages\/4125\/revisions\/4129"}],"up":[{"embeddable":true,"href":"https:\/\/elfsight.com\/it\/wp-json\/wp\/v2\/pages\/1389"}],"wp:attachment":[{"href":"https:\/\/elfsight.com\/it\/wp-json\/wp\/v2\/media?parent=4125"}],"curies":[{"name":"wp","href":"https:\/\/api.w.org\/{rel}","templated":true}]}}