{"id":4122,"date":"2024-05-03T06:33:08","date_gmt":"2024-05-03T06:33:08","guid":{"rendered":"https:\/\/elfsight.com\/it\/?page_id=4122"},"modified":"2025-03-17T12:02:27","modified_gmt":"2025-03-17T12:02:27","slug":"google-sites","status":"publish","type":"page","link":"https:\/\/elfsight.com\/it\/cookie-consent-widget\/google-sites\/","title":{"rendered":"Cookie Consent &#8211; Google Sites"},"content":{"rendered":"\n<div class=\"application-platform-content-item-description application-platform-content-item\" id=\"description\" data-nav-section=\"description\"> <h2>Incorpora il consenso sui cookie sui siti Google con il widget Elfsight<\/h2> <p>Utilizzando Elfsight Cookie Banner per Google Site, sar\u00e0 assolutamente semplice annunciare ai tuoi utenti che il tuo sito web utilizza i cookie. Il widget ti consente di inserire il tuo testo, fornire un collegamento alla politica di utilizzo del sito web e aggiungere pulsanti attivi per ottenere l&#8217;approvazione dei visitatori. Puoi scegliere di organizzare la notifica come una barra o una casella reattiva e assegnarle la posizione. Inoltre, gli elementi verniciabili ti aiuteranno a renderlo coerente e ad integrarsi bene con il concetto di stile del sito web. <\/p> <p><b>Rendi il tuo sito pi\u00f9 efficace per le attivit\u00e0 di e-commerce con il consenso sui cookie.<\/b><\/p> <\/div> <div class=\"application-platform-content-item-features application-platform-content-item\" id=\"features\" data-nav-section=\"features\"> <h2>Questi sono solo alcuni delle varie funzionalit\u00e0 del widget: <\/h2> <ul><li>Organizzare un semplice annuncio o richiesta di approvazione; <\/li> <li>L&#8217;opzione per aggiungere un testo di notifica personalizzato con le funzionalit\u00e0 di formattazione e i collegamenti disponibili; <\/li> <li>Mostra o nascondi un collegamento ai termini e alle condizioni dei cookie e inserisci un&#8217;etichetta di collegamento personalizzata; <\/li> <li> Scegli il tipo di layout Barra o Casella della notifica; <\/li> <li>Scegli il colore per i pulsanti e il collegamento. <\/li> <\/ul><p><a href=\"#demo\">Puoi provare subito tutte le funzionalit\u00e0 del widget nella demo<\/a><\/p> <\/div> <div class=\"application-platform-content-item-installazione application-platform-content-item\" id=\"installazione\" data-nav-section=\"installazione\"> <h2>Come faccio ad aggiungere il consenso ai cookie sui miei siti Google?<\/h2><p>Basta seguire i passaggi indicati di seguito per inserire il widget. <\/p> <ol><li><b>Apri il nostro configuratore gratuito e inizia a creare il tuo widget personalizzato. <\/b><br> Scegli il design e gli aspetti preferiti dello strumento e applica le modifiche. <\/li> <li><b>Ricevi il tuo codice individuale che appare nella finestra delle app Elfsight. <\/b><br> Non appena la personalizzazione del tuo widget sar\u00e0 completata, copia il codice personale nel popup emerso e salvalo per occasioni future. <\/li> <li><b>Inizia a utilizzare la notifica sui cookie sul tuo sito Google. <\/b><br> Inserisci il codice che hai salvato in precedenza nella tua pagina web e applica le correzioni. <\/li> <li><b>L&#8217;installazione \u00e8 completamente completata. <\/b><br> Vai alla tua pagina per dare un&#8217;occhiata a come funziona il plugin. <\/li><\/ol> <div class=\"tip-yellow tip\"><b>A causa delle peculiarit\u00e0 del funzionamento di Google Sites, il widget potrebbe avere un aspetto diverso dalla demo online. Ci scusiamo per gli eventuali disagi causati.<\/b><\/div><p>A condizione di dover affrontare domande o affrontare alcune complicazioni, non esitate a richiedere il nostro personale di supporto. Il nostro personale non vede l&#8217;ora di aiutarti con tutte le domande che potresti avere sullo strumento. <\/p> <div class=\"faq\" data-component=\"FAQ\"><div class=\"faq-item\">\r\n\t\t\t\t\t<div class=\"faq-item-question\">\r\n\t\t\t\t\t\t<h3 class=\"faq-item-question-text\">Come posso aggiungere il consenso sui cookie al mio sito web di Google Sites senza competenze di programmazione?<\/h3>\r\n\r\n\t\t\t\t\t\t<div class=\"faq-item-question-icon\"><\/div>\r\n\t\t\t\t\t<\/div>\r\n\r\n\t\t\t\t\t<div class=\"faq-item-answer\">\r\n\t\t\t\t\t\t<div class=\"faq-item-answer-text\"> <p>Elfsight fornisce una soluzione SaaS che ti consente di creare tu stesso un widget di consenso sui cookie, scopri come \u00e8 facile il processo \u00e8: lavora direttamente nell&#8217;editor online per creare un widget di consenso sui cookie che vorresti vedere sul tuo sito web di Google Sites. Scegli uno dei modelli predefiniti e regola le impostazioni del consenso sui cookie, aggiungi i tuoi contenuti, modifica il layout e i colori senza alcuna competenza di codifica. Salva il consenso ai cookie e copia il suo codice di installazione, che potrai aggiungere facilmente nel tuo sito web Google Sites senza acquistare un piano a pagamento. Con il nostro editor intuitivo qualsiasi utente di Internet pu\u00f2 creare widget di consenso sui cookie online e incorporarlo facilmente nel proprio sito web di Google Sites. Non \u00e8 necessario pagare n\u00e9 inserire le credenziali della carta per accedere al servizio. In caso di problemi in qualsiasi momento, non esitare a contattare il nostro team di supporto tecnico.<\/p> <\/div>\r\n\t\t\t\t\t<\/div>\r\n\t\t\t\t<\/div> <\/div><\/div>\n\n\n\n<p><\/p>\n","protected":false},"excerpt":{"rendered":"","protected":false},"author":9,"featured_media":0,"parent":1389,"menu_order":0,"comment_status":"closed","ping_status":"closed","template":"templates\/template-application-platform.php","meta":{"publish_to_discourse":"","publish_post_category":"","wpdc_auto_publish_overridden":"","wpdc_topic_tags":"","wpdc_pin_topic":"","wpdc_pin_until":"","discourse_post_id":"","discourse_permalink":"","wpdc_publishing_response":"","wpdc_publishing_error":"","footnotes":""},"class_list":["post-4122","page","type-page","status-publish","hentry"],"yoast_head":"<!-- This site is optimized with the Yoast SEO plugin v25.3.1 - https:\/\/yoast.com\/wordpress\/plugins\/seo\/ -->\n<title>Consenso sui cookie - Aggiungi widget cookie a Google Sites (2025)<\/title>\n<meta name=\"description\" content=\"Aggiungi un widget reattivo per il consenso ai cookie sui tuoi siti Google e ottieni la massima fiducia. Utilizza la pratica demo di Elfsight per creare la tua funzionalit\u00e0 personalizzata.\" \/>\n<meta name=\"robots\" content=\"index, follow, max-snippet:-1, max-image-preview:large, max-video-preview:-1\" \/>\n<link rel=\"canonical\" href=\"https:\/\/elfsight.com\/it\/cookie-consent-widget\/google-sites\/\" \/>\n<meta property=\"og:locale\" content=\"it_IT\" \/>\n<meta property=\"og:type\" content=\"article\" \/>\n<meta property=\"og:title\" content=\"Consenso sui cookie - Aggiungi widget cookie a Google Sites (2025)\" \/>\n<meta property=\"og:description\" content=\"Aggiungi un widget reattivo per il consenso ai cookie sui tuoi siti Google e ottieni la massima fiducia. Utilizza la pratica demo di Elfsight per creare la tua funzionalit\u00e0 personalizzata.\" \/>\n<meta property=\"og:url\" content=\"https:\/\/elfsight.com\/it\/cookie-consent-widget\/google-sites\/\" \/>\n<meta property=\"og:site_name\" content=\"Elfsight IT\" \/>\n<meta property=\"article:modified_time\" content=\"2025-03-17T12:02:27+00:00\" \/>\n<meta name=\"twitter:card\" content=\"summary_large_image\" \/>\n<meta name=\"twitter:label1\" content=\"Tempo di lettura stimato\" \/>\n\t<meta name=\"twitter:data1\" content=\"4 minuti\" \/>\n<!-- \/ Yoast SEO plugin. -->","yoast_head_json":{"title":"Consenso sui cookie - Aggiungi widget cookie a Google Sites (2025)","description":"Aggiungi un widget reattivo per il consenso ai cookie sui tuoi siti Google e ottieni la massima fiducia. Utilizza la pratica demo di Elfsight per creare la tua funzionalit\u00e0 personalizzata.","robots":{"index":"index","follow":"follow","max-snippet":"max-snippet:-1","max-image-preview":"max-image-preview:large","max-video-preview":"max-video-preview:-1"},"canonical":"https:\/\/elfsight.com\/it\/cookie-consent-widget\/google-sites\/","og_locale":"it_IT","og_type":"article","og_title":"Consenso sui cookie - Aggiungi widget cookie a Google Sites (2025)","og_description":"Aggiungi un widget reattivo per il consenso ai cookie sui tuoi siti Google e ottieni la massima fiducia. Utilizza la pratica demo di Elfsight per creare la tua funzionalit\u00e0 personalizzata.","og_url":"https:\/\/elfsight.com\/it\/cookie-consent-widget\/google-sites\/","og_site_name":"Elfsight IT","article_modified_time":"2025-03-17T12:02:27+00:00","twitter_card":"summary_large_image","twitter_misc":{"Tempo di lettura stimato":"4 minuti"},"schema":{"@context":"https:\/\/schema.org","@graph":[{"@type":"WebPage","@id":"https:\/\/elfsight.com\/it\/cookie-consent-widget\/google-sites\/","url":"https:\/\/elfsight.com\/it\/cookie-consent-widget\/google-sites\/","name":"Consenso sui cookie - Aggiungi widget cookie a Google Sites (2025)","isPartOf":{"@id":"https:\/\/elfsight.com\/it\/#website"},"datePublished":"2024-05-03T06:33:08+00:00","dateModified":"2025-03-17T12:02:27+00:00","description":"Aggiungi un widget reattivo per il consenso ai cookie sui tuoi siti Google e ottieni la massima fiducia. Utilizza la pratica demo di Elfsight per creare la tua funzionalit\u00e0 personalizzata.","breadcrumb":{"@id":"https:\/\/elfsight.com\/it\/cookie-consent-widget\/google-sites\/#breadcrumb"},"inLanguage":"it-IT","potentialAction":[{"@type":"ReadAction","target":["https:\/\/elfsight.com\/it\/cookie-consent-widget\/google-sites\/"]}]},{"@type":"BreadcrumbList","@id":"https:\/\/elfsight.com\/it\/cookie-consent-widget\/google-sites\/#breadcrumb","itemListElement":[{"@type":"ListItem","position":1,"name":"Home","item":"https:\/\/elfsight.com\/it\/"},{"@type":"ListItem","position":2,"name":"Cookie Consent","item":"https:\/\/elfsight.com\/it\/cookie-consent-widget\/"},{"@type":"ListItem","position":3,"name":"Cookie Consent &#8211; Google Sites"}]},{"@type":"WebSite","@id":"https:\/\/elfsight.com\/it\/#website","url":"https:\/\/elfsight.com\/it\/","name":"Elfsight IT","description":"Just another Elfsight Sites site","potentialAction":[{"@type":"SearchAction","target":{"@type":"EntryPoint","urlTemplate":"https:\/\/elfsight.com\/it\/?s={search_term_string}"},"query-input":{"@type":"PropertyValueSpecification","valueRequired":true,"valueName":"search_term_string"}}],"inLanguage":"it-IT"}]}},"meta_box":{"industry":"","seo_heading":"","heading":"","description":"","cta_heading":"","cta_description":"","application":"1388","h1":"Consenso ai cookie di Google Siti","h1_caption":"Rispetta le normative sulla privacy aggiungendo un banner per il consenso ai cookie al tuo sito web, garantendo cos\u00ec la trasparenza dei dati utente nei tuoi siti Google senza sforzo.","application_category":[],"applications_title":"","applications_request_title":"","applications_request_button_text":"","hero_text":"","hero_video":"","hero_video_schema_markup":"","selling_points_title":"","selling_points_caption":"","selling_points":[],"selling_points_cta_text":"","features_title":"","features":"","ed_cta_examples_text":"","ed_cta_examples_hidden":"","ed_cta_demo_text":"","ed_cta_demo_hidden":"","why_caption":"","why_editor_title":"","why_editor_text":"","why_team_title":"","why_team_text":"","why_service_title":"","why_service_text":"","template_catalog_visible":"0","template_catalog_title":"","template_catalog_text":"","template_catalog_categories_visible":"","demo_title":"Crea il tuo widget di consenso sui cookie","demo_caption":"Configura il tuo consenso ai cookie e aggiungilo gratuitamente al tuo sito web Google Sites!","default_faq_hidden":"","app_template_category":[],"platform":"105","template_public_id":"","codecanyon_url":"","codecanyon_item_id":"","codecanyon_price":"","pricing_caption":"","pricing_elfsight_apps_hide_column":"","pricing_elfsight_apps_url":"","pricing_codecanyon_price_caption":"","integration_category":[],"integration_request_title":"","integration_request_cta":"","integration_platform":"","integrations":[],"platform_category":[],"video_schema_markup":"","price":"da $ 0 al mese","trial":"","benefits":[{"text":"Servizio di installazione gratuito"},{"text":"Assistenza clienti con esperienza"},{"text":"Garanzia di rimborso di 14 giorni"},{"text":"Aggiornamento costante"}],"button_url":"#demo","button_target_blank":"0","button_nofollow":"0","attributes":[{"name":"Installazioni"},{"name":"Reattivo","content":"S\u00cc"},{"name":"Browser compatibili","content":"IE11, Firefox, Safari, Opera, Chrome, Edge"}],"tags":[],"tags_disable_links":"0","hide_more_platforms":"0","video_object":"","demo_hide_cta":"0","demo_hide_cloud_options":"0","pricing_title":"","pricing":[{"pricing_icon":"platform","pricing_title":"Elfsight Apps","pricing_title_caption":"Software multipiattaforma adatto a qualsiasi sito web","pricing_price":"da $ 0 \/ mese","pricing_price_caption":"inizia con il piano gratuito","pricing_benefits":[{"text":"Siti web illimitati"},{"text":"Supporto premium e puntuale"},{"text":"Aiuto per l'installazione gratuito"},{"text":"Completamente personalizzabile"}],"pricing_button_text":"Aggiungi al sito web","pricing_button_url":"#demo"}],"related_apps_title":"","related_apps_hidden":"0","author":"","image":[],"title":"","job":"","social_networks":[]},"_links":{"self":[{"href":"https:\/\/elfsight.com\/it\/wp-json\/wp\/v2\/pages\/4122","targetHints":{"allow":["GET"]}}],"collection":[{"href":"https:\/\/elfsight.com\/it\/wp-json\/wp\/v2\/pages"}],"about":[{"href":"https:\/\/elfsight.com\/it\/wp-json\/wp\/v2\/types\/page"}],"author":[{"embeddable":true,"href":"https:\/\/elfsight.com\/it\/wp-json\/wp\/v2\/users\/9"}],"replies":[{"embeddable":true,"href":"https:\/\/elfsight.com\/it\/wp-json\/wp\/v2\/comments?post=4122"}],"version-history":[{"count":2,"href":"https:\/\/elfsight.com\/it\/wp-json\/wp\/v2\/pages\/4122\/revisions"}],"predecessor-version":[{"id":8943,"href":"https:\/\/elfsight.com\/it\/wp-json\/wp\/v2\/pages\/4122\/revisions\/8943"}],"up":[{"embeddable":true,"href":"https:\/\/elfsight.com\/it\/wp-json\/wp\/v2\/pages\/1389"}],"wp:attachment":[{"href":"https:\/\/elfsight.com\/it\/wp-json\/wp\/v2\/media?parent=4122"}],"curies":[{"name":"wp","href":"https:\/\/api.w.org\/{rel}","templated":true}]}}