{"id":4100,"date":"2024-05-03T06:32:58","date_gmt":"2024-05-03T06:32:58","guid":{"rendered":"https:\/\/elfsight.com\/it\/?page_id=4100"},"modified":"2026-02-03T13:50:37","modified_gmt":"2026-02-03T13:50:37","slug":"html","status":"publish","type":"page","link":"https:\/\/elfsight.com\/it\/contact-form-widget\/html\/","title":{"rendered":"Contact Form &#8211; HTML"},"content":{"rendered":"\n<div class=\"application-platform-content-item-description application-platform-content-item\" id=\"description\" data-nav-section=\"description\"><h2>Modulo di contatto per HTML<\/h2><p>Se stai cercando un codice del modulo di contatto HTML gratuito, il widget Contatto Elfsight pu\u00f2 aiuto. \u00c8 un&#8217;app HTML con modulo di contatto mobile il cui obiettivo principale \u00e8 aiutarti con tutte le richieste attuali per ottenere impressioni e richieste dai visitatori del tuo sito. Rivela semplicemente i componenti cruciali da compilare, trova il modello desiderato e personalizza l&#8217;interfaccia per indurre ancora di pi\u00f9 i tuoi visitatori a lasciare richieste di servizi della tua azienda. Il nostro plugin HTML gratuito per moduli di contatto \u00e8 composto per soddisfare ogni tua esigenza di ottenere feedback e rimanere sempre in contatto con il tuo pubblico.<\/p><p><b>Raccogli testimonianze, prendi ordini e rispondi alle domande degli utenti del sito web!<\/b><\/p><ul><li><b>Revisiona l&#8217;acquisizione di lead<\/b>.<br>Resta vicino ai tuoi futuri clienti motivandoli a parlare con te tramite il widget Contatti in qualsiasi momento. Un numero inferiore di campi comporter\u00e0 una conversione pi\u00f9 elevata. <\/li><li><b>Escludi lo spam<\/b>.<br>Mantieni solo comunicazioni organiche grazie alla sostanziale protezione del servizio Google reCAPTCHA da spam e bot.<\/li><li><b>Ottieni clienti feedback con facilit\u00e0<\/b>.<br>Progetta un plugin per moduli evidente in modo che possa essere facilmente trovato sulle pagine del tuo sito, motivando i tuoi clienti a darti feedback ogni volta che lo ritengono necessario.<\/li><\/ul> <\/div><div class=\"application-platform-content-item-features application-platform-content-item\" id=\"features\" data-nav-section=\"features\"><h2>Plug-in del modulo di contatto<\/h2><p>Perch\u00e9 il modulo di contatto Elfsight \u00e8 il miglior widget per raccogliere recensioni e ricevere richieste per HTML? Studia le nostre caratteristiche pi\u00f9 importanti:<\/p><ul><li>Ordina i campi del modulo nel modo che preferisci;<\/li><li>Inserisci il testo che ti serve prima del modulo nella didascalia;<\/li> <li>Layout in linea con adattamento automatico dei campi alla larghezza del modulo;<\/li><li>Google reCAPTCHA \u00e8 qui per proteggere il tuo modulo da spam e bot;<\/li><li>Funziona e si presenta perfettamente sui dispositivi mobili.<\/li><\/ul><p><a href=\"#demo\">Leggi l&#8217;elenco completo delle caratteristiche nel nostro configuratore<\/a><\/p><\/div><div class=\"application-platform-content-item-installation application-platform-content-item\" id=\"installation\" data-nav-section=\"installation\"> <h2>Come creare il widget Modulo di contatto per il sito Web HTML<\/h2><div class=\"video-container\">\n<iframe width=\"720\" height=\"405\" src=\"https:\/\/www.youtube.com\/embed\/2YeqWGA_Fww?si=FWxIweZUeH4O5sfi\" frameborder=\"0\" allowfullscreen=\"\"><\/iframe>\n<\/div><p>Applica una guida di Elfsight per installare il tuo widget di contatto. Non \u00e8 necessario avere competenze di programmazione e la durata media di un&#8217;installazione non \u00e8 solo di circa 80 secondi.<\/p><ol><li><b>Crea il tuo modulo di contatto personale<\/b>.<br> Con l&#8217;aiuto del nostro modulo di contatto gratuito editor, progetta un plugin con il layout e le capacit\u00e0 necessarie.<\/li><li><b>Ricevi un codice per aggiungere il plugin<\/b>.<br> Dopo la creazione del widget, acquisisci un codice per il plugin del modulo dal visualizzatore finestra sulle app Elfsight.<\/li><li><b>Posiziona il widget sul sito web HTML<\/b>.<br> Avvia il codice della pagina nell&#8217;editor HTML, mostra il widget nella posizione richiesta (contenuto, pi\u00e8 di pagina , barra laterale, ecc.) e salva le modifiche.<\/li><li><b>L&#8217;installazione \u00e8 completata<\/b>.<br> Accedi al sito HTML per visualizzare il modulo.<\/li><\/ol><p>Hai riscontrato difficolt\u00e0 mentre segui il tutorial o crei il modulo? Si consiglia di utilizzare una guida completa \u00ab<a href=\"https:\/\/elfsight.com\/tutorials\/how-to-add-contact-form-widget-to-html-website\/\" target=\"_blank\" rel=\"noopener noreferrer\">Come inserire il modulo di contatto in un sito HTML<\/a>\u00bb e prova a visualizzarlo nuovamente oppure scrivi al nostro centro di supporto fornendo una spiegazione completa del tuo problema, e il nostro team sar\u00e0 l\u00ec per consigliarti .<\/p><\/div><div class=\"faq\" data-component=\"FAQ\"><div class=\"faq-item\">\r\n\t\t\t\t\t<div class=\"faq-item-question\">\r\n\t\t\t\t\t\t<h3 class=\"faq-item-question-text\">Come posso proteggere le informazioni del modulo utente HTML sulla mia home page?<\/h3>\r\n\r\n\t\t\t\t\t\t<div class=\"faq-item-question-icon\"><\/div>\r\n\t\t\t\t\t<\/div>\r\n\r\n\t\t\t\t\t<div class=\"faq-item-answer\">\r\n\t\t\t\t\t\t<div class=\"faq-item-answer-text\"><p>Il widget Elfsight Form Builder \u00e8 inserito con uno dei servizi di sicurezza reCAPTCHA pi\u00f9 avvincenti. \u00c8 l\u00ec per proteggere il tuo modulo e la tua casella di posta da spam e bot e garantire un lavoro senza intoppi e solo dati rilevanti. <\/p><\/div>\r\n\t\t\t\t\t<\/div>\r\n\t\t\t\t<\/div><div class=\"faq-item\">\r\n\t\t\t\t\t<div class=\"faq-item-question\">\r\n\t\t\t\t\t\t<h3 class=\"faq-item-question-text\">Offrite modelli che supportano moduli logici condizionali\/moduli a campi multipli\/moduli e-mail?<\/h3>\r\n\r\n\t\t\t\t\t\t<div class=\"faq-item-question-icon\"><\/div>\r\n\t\t\t\t\t<\/div>\r\n\r\n\t\t\t\t\t<div class=\"faq-item-answer\">\r\n\t\t\t\t\t\t<div class=\"faq-item-answer-text\"><p>Certo! Tutto quello che devi fare \u00e8 accedere a Elfsight Apps e selezionare qualsiasi modello di adattamento, quindi iniziare a creare il tuo strumento. <\/p><\/div>\r\n\t\t\t\t\t<\/div>\r\n\t\t\t\t<\/div><div class=\"faq-item\">\r\n\t\t\t\t\t<div class=\"faq-item-question\">\r\n\t\t\t\t\t\t<h3 class=\"faq-item-question-text\">In che modo posso aggiungere un modulo di contatto\/feedback al mio sito web HTML?<\/h3>\r\n\r\n\t\t\t\t\t\t<div class=\"faq-item-question-icon\"><\/div>\r\n\t\t\t\t\t<\/div>\r\n\r\n\t\t\t\t\t<div class=\"faq-item-answer\">\r\n\t\t\t\t\t\t<div class=\"faq-item-answer-text\"><p>Per comporre un modulo di contatto o di feedback, \u00e8 necessario accedere accedere al sito Web delle app Elfsight e apportare tutte le modifiche necessarie allo strumento. Una volta terminato, salva le modifiche e vai al tuo sito web. Semplice come quella. <\/p><\/div>\r\n\t\t\t\t\t<\/div>\r\n\t\t\t\t<\/div><div class=\"faq-item\">\r\n\t\t\t\t\t<div class=\"faq-item-question\">\r\n\t\t\t\t\t\t<h3 class=\"faq-item-question-text\">Offrite modelli di moduli di contatto per il sito Web HTML?<\/h3>\r\n\r\n\t\t\t\t\t\t<div class=\"faq-item-question-icon\"><\/div>\r\n\t\t\t\t\t<\/div>\r\n\r\n\t\t\t\t\t<div class=\"faq-item-answer\">\r\n\t\t\t\t\t\t<div class=\"faq-item-answer-text\"><p>S\u00ec, Elfsight dispone di oltre 300 modelli pronti all&#8217;uso per ogni caso. Dai un&#8217;occhiata pi\u00f9 da vicino ai <a href=\"https:\/\/elfsight.com\/online-form-builder\/templates\/contact-forms\/\">modelli di moduli di contatto<\/a> e scegli quello che ti piace di pi\u00f9.<\/p><\/div>\r\n\t\t\t\t\t<\/div>\r\n\t\t\t\t<\/div><\/div>\n","protected":false},"excerpt":{"rendered":"","protected":false},"author":9,"featured_media":0,"parent":1501,"menu_order":0,"comment_status":"closed","ping_status":"closed","template":"templates\/template-application-platform.php","meta":{"publish_to_discourse":"","publish_post_category":"","wpdc_auto_publish_overridden":"","wpdc_topic_tags":"","wpdc_pin_topic":"","wpdc_pin_until":"","discourse_post_id":"","discourse_permalink":"","wpdc_publishing_response":"","wpdc_publishing_error":"","footnotes":""},"class_list":["post-4100","page","type-page","status-publish","hentry"],"yoast_head":"<!-- This site is optimized with the Yoast SEO plugin v25.3.1 - https:\/\/yoast.com\/wordpress\/plugins\/seo\/ -->\n<title>Crea e aggiungi modulo di contatto in HTML gratuitamente!<\/title>\n<meta name=\"description\" content=\"Dai forma al widget del tuo modulo di contatto personale da incorporare in HTML nel tuo sito web in soli 2 minuti. Demo gratuita, aiuto per l&#039;aggiunta e molti altri vantaggi da Elfsight!\" \/>\n<meta name=\"robots\" content=\"index, follow, max-snippet:-1, max-image-preview:large, max-video-preview:-1\" \/>\n<link rel=\"canonical\" href=\"https:\/\/elfsight.com\/it\/contact-form-widget\/html\/\" \/>\n<meta property=\"og:locale\" content=\"it_IT\" \/>\n<meta property=\"og:type\" content=\"article\" \/>\n<meta property=\"og:title\" content=\"Crea e aggiungi modulo di contatto in HTML gratuitamente!\" \/>\n<meta property=\"og:description\" content=\"Dai forma al widget del tuo modulo di contatto personale da incorporare in HTML nel tuo sito web in soli 2 minuti. Demo gratuita, aiuto per l&#039;aggiunta e molti altri vantaggi da Elfsight!\" \/>\n<meta property=\"og:url\" content=\"https:\/\/elfsight.com\/it\/contact-form-widget\/html\/\" \/>\n<meta property=\"og:site_name\" content=\"Elfsight IT\" \/>\n<meta property=\"article:modified_time\" content=\"2026-02-03T13:50:37+00:00\" \/>\n<meta name=\"twitter:card\" content=\"summary_large_image\" \/>\n<meta name=\"twitter:label1\" content=\"Tempo di lettura stimato\" \/>\n\t<meta name=\"twitter:data1\" content=\"4 minuti\" \/>\n<!-- \/ Yoast SEO plugin. -->","yoast_head_json":{"title":"Crea e aggiungi modulo di contatto in HTML gratuitamente!","description":"Dai forma al widget del tuo modulo di contatto personale da incorporare in HTML nel tuo sito web in soli 2 minuti. Demo gratuita, aiuto per l'aggiunta e molti altri vantaggi da Elfsight!","robots":{"index":"index","follow":"follow","max-snippet":"max-snippet:-1","max-image-preview":"max-image-preview:large","max-video-preview":"max-video-preview:-1"},"canonical":"https:\/\/elfsight.com\/it\/contact-form-widget\/html\/","og_locale":"it_IT","og_type":"article","og_title":"Crea e aggiungi modulo di contatto in HTML gratuitamente!","og_description":"Dai forma al widget del tuo modulo di contatto personale da incorporare in HTML nel tuo sito web in soli 2 minuti. Demo gratuita, aiuto per l'aggiunta e molti altri vantaggi da Elfsight!","og_url":"https:\/\/elfsight.com\/it\/contact-form-widget\/html\/","og_site_name":"Elfsight IT","article_modified_time":"2026-02-03T13:50:37+00:00","twitter_card":"summary_large_image","twitter_misc":{"Tempo di lettura stimato":"4 minuti"},"schema":{"@context":"https:\/\/schema.org","@graph":[{"@type":"WebPage","@id":"https:\/\/elfsight.com\/it\/contact-form-widget\/html\/","url":"https:\/\/elfsight.com\/it\/contact-form-widget\/html\/","name":"Crea e aggiungi modulo di contatto in HTML gratuitamente!","isPartOf":{"@id":"https:\/\/elfsight.com\/it\/#website"},"datePublished":"2024-05-03T06:32:58+00:00","dateModified":"2026-02-03T13:50:37+00:00","description":"Dai forma al widget del tuo modulo di contatto personale da incorporare in HTML nel tuo sito web in soli 2 minuti. Demo gratuita, aiuto per l'aggiunta e molti altri vantaggi da Elfsight!","breadcrumb":{"@id":"https:\/\/elfsight.com\/it\/contact-form-widget\/html\/#breadcrumb"},"inLanguage":"it-IT","potentialAction":[{"@type":"ReadAction","target":["https:\/\/elfsight.com\/it\/contact-form-widget\/html\/"]}]},{"@type":"BreadcrumbList","@id":"https:\/\/elfsight.com\/it\/contact-form-widget\/html\/#breadcrumb","itemListElement":[{"@type":"ListItem","position":1,"name":"Home","item":"https:\/\/elfsight.com\/it\/"},{"@type":"ListItem","position":2,"name":"Contact Form","item":"https:\/\/elfsight.com\/it\/contact-form-widget\/"},{"@type":"ListItem","position":3,"name":"Contact Form &#8211; HTML"}]},{"@type":"WebSite","@id":"https:\/\/elfsight.com\/it\/#website","url":"https:\/\/elfsight.com\/it\/","name":"Elfsight IT","description":"Just another Elfsight Sites site","potentialAction":[{"@type":"SearchAction","target":{"@type":"EntryPoint","urlTemplate":"https:\/\/elfsight.com\/it\/?s={search_term_string}"},"query-input":{"@type":"PropertyValueSpecification","valueRequired":true,"valueName":"search_term_string"}}],"inLanguage":"it-IT"}]}},"meta_box":{"industry":"","seo_heading":"","heading":"","description":"","cta_heading":"","cta_description":"","application":"1500","h1":"Widget modulo di contatto per HTML","h1_caption":"Crea e incorpora facilmente moduli di contatto nel tuo sito web per incoraggiare l'interazione e le richieste degli utenti nel tuo sito web HTML senza sforzo.","application_category":[],"applications_title":"","applications_request_title":"","applications_request_button_text":"","hero_text":"","hero_video":"","hero_video_schema_markup":"","selling_points_title":"","selling_points_caption":"","selling_points":[],"selling_points_cta_text":"","features_title":"","features":"","ed_cta_examples_text":"","ed_cta_examples_hidden":"","ed_cta_demo_text":"","ed_cta_demo_hidden":"","why_caption":"","why_editor_title":"","why_editor_text":"","why_team_title":"","why_team_text":"","why_service_title":"","why_service_text":"","template_catalog_visible":"0","template_catalog_title":"","template_catalog_text":"","template_catalog_categories_visible":"","demo_title":"Crea il tuo widget Modulo di contatto","demo_caption":"Configura il tuo modulo di contatto e aggiungilo gratuitamente al tuo sito HTML!","default_faq_hidden":"","app_template_category":[],"platform":"35","template_public_id":"","codecanyon_url":"","codecanyon_item_id":"","codecanyon_price":"","pricing_caption":"","pricing_elfsight_apps_hide_column":"","pricing_elfsight_apps_url":"","pricing_codecanyon_price_caption":"","integration_category":[],"integration_request_title":"","integration_request_cta":"","integration_platform":"","integrations":[],"platform_category":[],"video_schema_markup":"","price":"da $ 0 al mese","trial":"","benefits":[{"text":"Aiuto per l'installazione gratuito"},{"text":"Assistenza clienti con esperienza"},{"text":"Garanzia di rimborso di 14 giorni"},{"text":"Aggiornamenti continui"}],"button_url":"#demo","button_target_blank":"0","button_nofollow":"0","attributes":[{"name":"Installazioni"},{"name":"Reattivo","content":"S\u00cc"},{"name":"Browser compatibili","content":"Chrome, Firefox, Safari, Opera, Edge"}],"tags":[],"tags_disable_links":"0","hide_more_platforms":"0","video_object":"","demo_hide_cta":"0","demo_hide_cloud_options":"0","pricing_title":"","pricing":[{"pricing_icon":"platform","pricing_title":"Elfsight Apps","pricing_title_caption":"Fornito dal servizio Elfsight Apps","pricing_price":"da $ 0 \/ mese","pricing_price_caption":"inizia con il piano gratuito","pricing_benefits":[{"text":"Siti web illimitati"},{"text":"Supporto aziendale rapido e ben documentato"},{"text":"Aiuto per l'installazione gratuito"},{"text":"Prezzo da prendere per pi\u00f9 app"}],"pricing_button_text":"Aggiungi al sito web","pricing_button_url":"#demo"}],"related_apps_title":"","related_apps_hidden":"0","author":"","image":[],"title":"","job":"","social_networks":[]},"_links":{"self":[{"href":"https:\/\/elfsight.com\/it\/wp-json\/wp\/v2\/pages\/4100","targetHints":{"allow":["GET"]}}],"collection":[{"href":"https:\/\/elfsight.com\/it\/wp-json\/wp\/v2\/pages"}],"about":[{"href":"https:\/\/elfsight.com\/it\/wp-json\/wp\/v2\/types\/page"}],"author":[{"embeddable":true,"href":"https:\/\/elfsight.com\/it\/wp-json\/wp\/v2\/users\/9"}],"replies":[{"embeddable":true,"href":"https:\/\/elfsight.com\/it\/wp-json\/wp\/v2\/comments?post=4100"}],"version-history":[{"count":4,"href":"https:\/\/elfsight.com\/it\/wp-json\/wp\/v2\/pages\/4100\/revisions"}],"predecessor-version":[{"id":10612,"href":"https:\/\/elfsight.com\/it\/wp-json\/wp\/v2\/pages\/4100\/revisions\/10612"}],"up":[{"embeddable":true,"href":"https:\/\/elfsight.com\/it\/wp-json\/wp\/v2\/pages\/1501"}],"wp:attachment":[{"href":"https:\/\/elfsight.com\/it\/wp-json\/wp\/v2\/media?parent=4100"}],"curies":[{"name":"wp","href":"https:\/\/api.w.org\/{rel}","templated":true}]}}