{"id":4098,"date":"2024-05-03T06:32:56","date_gmt":"2024-05-03T06:32:56","guid":{"rendered":"https:\/\/elfsight.com\/it\/?page_id=4098"},"modified":"2025-03-14T12:53:07","modified_gmt":"2025-03-14T12:53:07","slug":"magento","status":"publish","type":"page","link":"https:\/\/elfsight.com\/it\/contact-form-widget\/magento\/","title":{"rendered":"Contact Form &#8211; Magento"},"content":{"rendered":"<div class=\"application-platform-content-item-description application-platform-content-item\" id=\"description\" data-nav-section=\"description\">\n<h2>Modulo di contatto per Magento<\/h2>\nSe stai cercando un modulo di contatto personalizzato Magento, l&#8217;estensione Elfsight Contact pu\u00f2 aiutarti. \u00c8 uno strumento gratuito di estensione del modulo di contatto personalizzato Magento che mira ad assisterti con tutte le esigenze attuali nell&#8217;ottenere impressioni e richieste dai clienti del tuo sito web. Mostra semplicemente gli elementi cruciali da compilare, scegli il tuo modello preferibile e personalizza l&#8217;interfaccia per motivare ulteriormente i tuoi utenti a lasciare richieste per i servizi della tua azienda. Il plugin Form \u00e8 stato creato per soddisfare ogni tua richiesta per ottenere feedback ed essere sempre in contatto con la tua clientela.\n\n<b>Ricevi recensioni, ricevi richieste e invia risposte ai messaggi che ricevi dai clienti del tuo sito web!<\/b>\n<ul>\n \t<li><b>Aggiorna l&#8217;acquisizione di lead<\/b>. Resta a portata di mano con i tuoi potenziali clienti provocandoli a inviarti messaggi tramite l&#8217;estensione Contatto in qualsiasi momento. Un numero inferiore di campi porter\u00e0 alla conversione pi\u00f9 alta.<\/li>\n \t<li><b>Escludi lo spam<\/b>. Chiedi solo contatti organici che applicano il potente servizio Google reCAPTCHA che protegge da spam e bot.<\/li>\n \t<li><b>Ottieni feedback dai clienti senza sforzo<\/b>. Crea un plugin per moduli straordinario in modo che possa essere trovato facilmente sul tuo sito web, motivando i tuoi visitatori a darti feedback in qualsiasi momento lo ritengano necessario.<\/li>\n<\/ul>\n<\/div><div class=\"application-platform-content-item-features application-platform-content-item\" id=\"features\" data-nav-section=\"features\">\n<h2>Plug-in del modulo di contatto<\/h2>\nPerch\u00e9 il nostro modulo di contatto \u00e8 la migliore estensione per raccogliere le reazioni dei clienti e ricevere ordini per i siti Web Magento? Controlla i nostri vantaggi pi\u00f9 importanti:\n<ul>\n \t<li>Imposta le tue etichette di campo;<\/li>\n \t<li>Etichetta del pulsante di invio modificabile;<\/li>\n \t<li>2 layout predefiniti: in linea da aggiungere al corpo della pagina, e mobile per seguire lo scorrimento del visitatore;<\/li>\n \t<li>Tutti i dati inseriti nel modulo vengono salvati in corso;<\/li>\n \t<li>Funziona e appare perfettamente sui dispositivi mobili.<\/li>\n<\/ul>\n<a href=\"#demo\">Conosci l&#8217;elenco completo delle caratteristiche nel nostro editor<\/a><\/div><div class=\"application-platform-content-item-installation application-platform-content-item\" id=\"installation\" data-nav-section=\"installation\">\n<h2>Come aggiungere il widget Modulo di contatto al sito Web Magento<\/h2>\nSegui semplicemente le istruzioni seguenti per attivare l&#8217;estensione su Magento.\n<ol>\n \t<li><b>Lancia il nostro editor gratuito e inizia a creare la tua estensione personalizzata del modulo di contatto. <\/b>Specifica il layout selezionato e le opzioni del widget e salva le correzioni.<\/li>\n \t<li><b>Acquisisci il tuo codice univoco visualizzato nell&#8217;apposito modulo su Elfsight Apps. <\/b>Subito dopo aver completato la creazione del tuo widget, copia il codice individuale nella casella visualizzata e salvalo per ulteriori occasioni.<\/li>\n \t<li><b>Avvia l&#8217;utilizzo dell&#8217;estensione sul tuo sito web Magento. <\/b>Incorpora il codice che hai salvato in precedenza nella tua pagina e applica le modifiche.<\/li>\n \t<li><b>Fatto! L&#8217;incorporamento \u00e8 stato eseguito con successo. <\/b>Visita la tua pagina per verificare come funziona lo strumento.<\/li>\n<\/ol>\nHai domande durante l&#8217;applicazione del tutorial o la creazione del modulo? Prova a studiare il nostro manuale completo \u00ab<a href=\"https:\/\/elfsight.com\/tutorials\/how-to-add-contact-form-extension-to-magento\/\" target=\"_blank\" rel=\"noopener noreferrer\">Come integrare il modulo di contatto in un sito web Magento<\/a>\u00bb e cogli una seconda possibilit\u00e0 per realizzarlo da solo. Oppure contatta il team di supporto con una descrizione approfondita del tuo problema e saranno felici di risolverlo.<\/div><div class=\"faq\" data-component=\"FAQ\"> <div class=\"faq-item\">\r\n\t\t\t\t\t<div class=\"faq-item-question\">\r\n\t\t\t\t\t\t<h3 class=\"faq-item-question-text\">Come posso proteggermi Dati del modulo Magento sulla mia home page?<\/h3>\r\n\r\n\t\t\t\t\t\t<div class=\"faq-item-question-icon\"><\/div>\r\n\t\t\t\t\t<\/div>\r\n\r\n\t\t\t\t\t<div class=\"faq-item-answer\">\r\n\t\t\t\t\t\t<div class=\"faq-item-answer-text\">Il nostro widget Form Builder \u00e8 integrato con lo strumento di sicurezza reCAPTCHA pi\u00f9 efficace. \u00c8 stato aggiunto per proteggere il tuo modulo e la tua casella di posta da spam e bot e garantire un lavoro facile e solo dati rilevanti.<\/div>\r\n\t\t\t\t\t<\/div>\r\n\t\t\t\t<\/div> <div class=\"faq-item\">\r\n\t\t\t\t\t<div class=\"faq-item-question\">\r\n\t\t\t\t\t\t<h3 class=\"faq-item-question-text\">Disponi di modelli che supportano moduli logici condizionali \/ moduli a campi multipli \/ email moduli?<\/h3>\r\n\r\n\t\t\t\t\t\t<div class=\"faq-item-question-icon\"><\/div>\r\n\t\t\t\t\t<\/div>\r\n\r\n\t\t\t\t\t<div class=\"faq-item-answer\">\r\n\t\t\t\t\t\t<div class=\"faq-item-answer-text\">Certo! Tutto quello che devi fare \u00e8 accedere al servizio Elfsight Apps e selezionare qualsiasi modello pertinente, quindi procedere alla creazione del tuo strumento personalizzato.<\/div>\r\n\t\t\t\t\t<\/div>\r\n\t\t\t\t<\/div> <div class=\"faq-item\">\r\n\t\t\t\t\t<div class=\"faq-item-question\">\r\n\t\t\t\t\t\t<h3 class=\"faq-item-question-text\">Come posso creare un contatto o un feedback form per il mio sito web Magento?<\/h3>\r\n\r\n\t\t\t\t\t\t<div class=\"faq-item-question-icon\"><\/div>\r\n\t\t\t\t\t<\/div>\r\n\r\n\t\t\t\t\t<div class=\"faq-item-answer\">\r\n\t\t\t\t\t\t<div class=\"faq-item-answer-text\">Per costruire un modulo di contatto\/feedback, \u00e8 necessario accedere al servizio Elfsight Apps e implementare tutte le modifiche necessarie al plugin. Una volta terminato, salva le modifiche e procedi al tuo sito. Hai finito.<\/div>\r\n\t\t\t\t\t<\/div>\r\n\t\t\t\t<\/div> <div class=\"faq-item\">\r\n\t\t\t\t\t<div class=\"faq-item-question\">\r\n\t\t\t\t\t\t<h3 class=\"faq-item-question-text\">Esistono modelli di moduli di contatto per il sito Web Magento?<\/h3>\r\n\r\n\t\t\t\t\t\t<div class=\"faq-item-question-icon\"><\/div>\r\n\t\t\t\t\t<\/div>\r\n\r\n\t\t\t\t\t<div class=\"faq-item-answer\">\r\n\t\t\t\t\t\t<div class=\"faq-item-answer-text\">S\u00ec, esistono! Il team di Elfsight ha realizzato una fantastica raccolta di oltre 300 modelli pronti all&#8217;uso. E non rimarrai deluso dai <a href=\"https:\/\/elfsight.com\/online-form-builder\/templates\/contact-forms\/\">modelli di moduli di contatto<\/a> di sicuro.<\/div>\r\n\t\t\t\t\t<\/div>\r\n\t\t\t\t<\/div> <\/div>","protected":false},"excerpt":{"rendered":"","protected":false},"author":9,"featured_media":0,"parent":1501,"menu_order":0,"comment_status":"closed","ping_status":"closed","template":"templates\/template-application-platform.php","meta":{"publish_to_discourse":"","publish_post_category":"","wpdc_auto_publish_overridden":"","wpdc_topic_tags":"","wpdc_pin_topic":"","wpdc_pin_until":"","discourse_post_id":"","discourse_permalink":"","wpdc_publishing_response":"","wpdc_publishing_error":"","footnotes":""},"class_list":["post-4098","page","type-page","status-publish","hentry"],"yoast_head":"<!-- This site is optimized with the Yoast SEO plugin v25.3.1 - https:\/\/yoast.com\/wordpress\/plugins\/seo\/ -->\n<title>Crea e aggiungi moduli di contatto su Magento gratuitamente!<\/title>\n<meta name=\"description\" content=\"Crea un&#039;estensione modulo di contatto personalizzata per Magento e incorporala nel tuo sito web in soli 2 minuti. Configuratore gratuito, supporto con l&#039;integrazione e tanti altri extra da Elfsight!\" \/>\n<meta name=\"robots\" content=\"index, follow, max-snippet:-1, max-image-preview:large, max-video-preview:-1\" \/>\n<link rel=\"canonical\" href=\"https:\/\/elfsight.com\/it\/contact-form-widget\/magento\/\" \/>\n<meta property=\"og:locale\" content=\"it_IT\" \/>\n<meta property=\"og:type\" content=\"article\" \/>\n<meta property=\"og:title\" content=\"Crea e aggiungi moduli di contatto su Magento gratuitamente!\" \/>\n<meta property=\"og:description\" content=\"Crea un&#039;estensione modulo di contatto personalizzata per Magento e incorporala nel tuo sito web in soli 2 minuti. Configuratore gratuito, supporto con l&#039;integrazione e tanti altri extra da Elfsight!\" \/>\n<meta property=\"og:url\" content=\"https:\/\/elfsight.com\/it\/contact-form-widget\/magento\/\" \/>\n<meta property=\"og:site_name\" content=\"Elfsight IT\" \/>\n<meta property=\"article:modified_time\" content=\"2025-03-14T12:53:07+00:00\" \/>\n<meta name=\"twitter:card\" content=\"summary_large_image\" \/>\n<meta name=\"twitter:label1\" content=\"Tempo di lettura stimato\" \/>\n\t<meta name=\"twitter:data1\" content=\"4 minuti\" \/>\n<!-- \/ Yoast SEO plugin. -->","yoast_head_json":{"title":"Crea e aggiungi moduli di contatto su Magento gratuitamente!","description":"Crea un'estensione modulo di contatto personalizzata per Magento e incorporala nel tuo sito web in soli 2 minuti. Configuratore gratuito, supporto con l'integrazione e tanti altri extra da Elfsight!","robots":{"index":"index","follow":"follow","max-snippet":"max-snippet:-1","max-image-preview":"max-image-preview:large","max-video-preview":"max-video-preview:-1"},"canonical":"https:\/\/elfsight.com\/it\/contact-form-widget\/magento\/","og_locale":"it_IT","og_type":"article","og_title":"Crea e aggiungi moduli di contatto su Magento gratuitamente!","og_description":"Crea un'estensione modulo di contatto personalizzata per Magento e incorporala nel tuo sito web in soli 2 minuti. Configuratore gratuito, supporto con l'integrazione e tanti altri extra da Elfsight!","og_url":"https:\/\/elfsight.com\/it\/contact-form-widget\/magento\/","og_site_name":"Elfsight IT","article_modified_time":"2025-03-14T12:53:07+00:00","twitter_card":"summary_large_image","twitter_misc":{"Tempo di lettura stimato":"4 minuti"},"schema":{"@context":"https:\/\/schema.org","@graph":[{"@type":"WebPage","@id":"https:\/\/elfsight.com\/it\/contact-form-widget\/magento\/","url":"https:\/\/elfsight.com\/it\/contact-form-widget\/magento\/","name":"Crea e aggiungi moduli di contatto su Magento gratuitamente!","isPartOf":{"@id":"https:\/\/elfsight.com\/it\/#website"},"datePublished":"2024-05-03T06:32:56+00:00","dateModified":"2025-03-14T12:53:07+00:00","description":"Crea un'estensione modulo di contatto personalizzata per Magento e incorporala nel tuo sito web in soli 2 minuti. Configuratore gratuito, supporto con l'integrazione e tanti altri extra da Elfsight!","breadcrumb":{"@id":"https:\/\/elfsight.com\/it\/contact-form-widget\/magento\/#breadcrumb"},"inLanguage":"it-IT","potentialAction":[{"@type":"ReadAction","target":["https:\/\/elfsight.com\/it\/contact-form-widget\/magento\/"]}]},{"@type":"BreadcrumbList","@id":"https:\/\/elfsight.com\/it\/contact-form-widget\/magento\/#breadcrumb","itemListElement":[{"@type":"ListItem","position":1,"name":"Home","item":"https:\/\/elfsight.com\/it\/"},{"@type":"ListItem","position":2,"name":"Contact Form","item":"https:\/\/elfsight.com\/it\/contact-form-widget\/"},{"@type":"ListItem","position":3,"name":"Contact Form &#8211; Magento"}]},{"@type":"WebSite","@id":"https:\/\/elfsight.com\/it\/#website","url":"https:\/\/elfsight.com\/it\/","name":"Elfsight IT","description":"Just another Elfsight Sites site","potentialAction":[{"@type":"SearchAction","target":{"@type":"EntryPoint","urlTemplate":"https:\/\/elfsight.com\/it\/?s={search_term_string}"},"query-input":{"@type":"PropertyValueSpecification","valueRequired":true,"valueName":"search_term_string"}}],"inLanguage":"it-IT"}]}},"meta_box":{"industry":"","seo_heading":"","heading":"","description":"","cta_heading":"","cta_description":"","application":"1500","h1":"Estensione del modulo di contatto per Magento","h1_caption":"Crea e incorpora facilmente moduli di contatto nel tuo sito web per incoraggiare l'interazione e le richieste degli utenti nel tuo sito web Magento senza sforzo.","application_category":[],"applications_title":"","applications_request_title":"","applications_request_button_text":"","hero_text":"","hero_video":"","hero_video_schema_markup":"","selling_points_title":"","selling_points_caption":"","selling_points":[],"selling_points_cta_text":"","features_title":"","features":"","ed_cta_examples_text":"","ed_cta_examples_hidden":"","ed_cta_demo_text":"","ed_cta_demo_hidden":"","why_caption":"","why_editor_title":"","why_editor_text":"","why_team_title":"","why_team_text":"","why_service_title":"","why_service_text":"","template_catalog_visible":"0","template_catalog_title":"","template_catalog_text":"","template_catalog_categories_visible":"","demo_title":"Crea la tua estensione del modulo di contatto","demo_caption":"Configura il tuo modulo di contatto e aggiungilo gratuitamente al tuo sito Magento!","default_faq_hidden":"","app_template_category":[],"platform":"39","template_public_id":"","codecanyon_url":"","codecanyon_item_id":"","codecanyon_price":"","pricing_caption":"","pricing_elfsight_apps_hide_column":"","pricing_elfsight_apps_url":"","pricing_codecanyon_price_caption":"","integration_category":[],"integration_request_title":"","integration_request_cta":"","integration_platform":"","integrations":[],"platform_category":[],"video_schema_markup":"","price":"da $ 0 al mese","trial":"","benefits":[{"text":"Assistenza per l'installazione gratuita"},{"text":"Servizio clienti efficace"},{"text":"Garanzia di rimborso di 14 giorni"},{"text":"Aggiornamenti continui"}],"button_url":"#demo","button_target_blank":"0","button_nofollow":"0","attributes":[{"name":"Installazioni"},{"name":"Reattivo","content":"S\u00cc"},{"name":"Browser compatibili","content":"Firefox, Safari, Opera, Chrome, Edge"}],"tags":[],"tags_disable_links":"0","hide_more_platforms":"0","video_object":"","demo_hide_cta":"0","demo_hide_cloud_options":"0","pricing_title":"","pricing":[{"pricing_icon":"platform","pricing_title":"Elfsight Apps","pricing_title_caption":"Software indipendente dalla piattaforma","pricing_price":"da $ 0 \/ mese","pricing_price_caption":"inizia con un piano gratuito","pricing_benefits":[{"text":"Siti web illimitati"},{"text":"Supporto 24 ore su 24, 7 giorni su 7"},{"text":"Assistenza gratuita per l'installazione"},{"text":"100% personalizzabile"}],"pricing_button_text":"Aggiungi al sito web","pricing_button_url":"#demo"}],"related_apps_title":"","related_apps_hidden":"0","author":"","image":[],"title":"","job":"","social_networks":[]},"_links":{"self":[{"href":"https:\/\/elfsight.com\/it\/wp-json\/wp\/v2\/pages\/4098","targetHints":{"allow":["GET"]}}],"collection":[{"href":"https:\/\/elfsight.com\/it\/wp-json\/wp\/v2\/pages"}],"about":[{"href":"https:\/\/elfsight.com\/it\/wp-json\/wp\/v2\/types\/page"}],"author":[{"embeddable":true,"href":"https:\/\/elfsight.com\/it\/wp-json\/wp\/v2\/users\/9"}],"replies":[{"embeddable":true,"href":"https:\/\/elfsight.com\/it\/wp-json\/wp\/v2\/comments?post=4098"}],"version-history":[{"count":2,"href":"https:\/\/elfsight.com\/it\/wp-json\/wp\/v2\/pages\/4098\/revisions"}],"predecessor-version":[{"id":8800,"href":"https:\/\/elfsight.com\/it\/wp-json\/wp\/v2\/pages\/4098\/revisions\/8800"}],"up":[{"embeddable":true,"href":"https:\/\/elfsight.com\/it\/wp-json\/wp\/v2\/pages\/1501"}],"wp:attachment":[{"href":"https:\/\/elfsight.com\/it\/wp-json\/wp\/v2\/media?parent=4098"}],"curies":[{"name":"wp","href":"https:\/\/api.w.org\/{rel}","templated":true}]}}