{"id":4090,"date":"2024-05-03T06:32:52","date_gmt":"2024-05-03T06:32:52","guid":{"rendered":"https:\/\/elfsight.com\/it\/?page_id=4090"},"modified":"2025-03-14T14:15:11","modified_gmt":"2025-03-14T14:15:11","slug":"webflow","status":"publish","type":"page","link":"https:\/\/elfsight.com\/it\/contact-form-widget\/webflow\/","title":{"rendered":"Contact Form &#8211; Webflow"},"content":{"rendered":"\n<div class=\"application-platform-content-item-description application-platform-content-item\" id=\"description\" data-nav-section=\"description\"><\/p><h2>Modulo di contatto per Webflow<\/h2><p>Il nostro widget del modulo di contatto del flusso Web: aiuta con tutto il possibile requisiti attuali per ottenere feedback e richieste dai clienti del tuo sito. Visualizza campi aggiuntivi da compilare, scegli il modello richiesto e modifica l&#8217;aspetto, per ispirare ancora di pi\u00f9 i tuoi clienti a effettuare ordini nella tua attivit\u00e0.<\/p><p><b>Raccogli recensioni, ricevi richieste e invia risposte a domande di i visitatori del sito web!<\/b><\/p><ul><li><b>Aumenta il numero di nuovi acquirenti<\/b>.<br>Rimani in costante interazione con i probabili clienti 24 ore su 24, 7 giorni su 7, con l&#8217;aiuto di un forma efficace sul tuo sito web e aumenta il numero di utenti disposti a pagare.<\/li><li><b>Raccogli pi\u00f9 reazioni e impressioni sui tuoi prodotti o servizi<\/b>.<br>Feedback dei tuoi clienti \u00e8 di fondamentale importanza se desideri estendere la tua attivit\u00e0. Grazie al nostro semplice modulo di contatto, inizierai a raccogliere pi\u00f9 feedback dal tuo sito!<\/li><li><b>Proteggi la casella di posta dallo spam<\/b>.<br>Non consentire lo spam nella tua casella di posta. Il nostro modulo \u00e8 integrato con Google reCAPTCHA per salvare la tua posta da spam e bot automatici.<\/li><\/ul><p><\/div><br><div class=\"application-platform-content-item-features application-platform-content-item\" id=\"features\" data-nav-section=\"features\"><\/p><h2> Funzionalit\u00e0 del plug-in del modulo di contatto<\/h2><p>Perch\u00e9 il nostro modulo di contatto \u00e8 il miglior widget per ottenere impressioni degli utenti e ricevere ordini per Webflow? Metti alla prova le nostre caratteristiche chiave:<\/p><ul><li>Un insieme minimo di campi per inviare un feedback: nome, email, telefono e messaggio;<\/li><li>Imposta il titolo sopra il modulo;<\/li><li>Layout in linea con adattamento automatico dei campi alla larghezza del modulo;<\/li><li>Google reCAPTCHA \u00e8 qui per proteggere il tuo modulo da spam e bot;<\/li><li>Funziona e si presenta perfettamente dispositivi mobili.<\/li><\/ul><p><a href=\"#demo\">Guarda l&#8217;elenco completo delle funzionalit\u00e0 nella nostra demo<\/a><\/p><p><\/div><br> <div class=\"application-platform-content-item-installation application-platform-content-item\" id=\"installation\" data-nav-section=\"installation\"><\/p><h2>Come aggiungere il widget Modulo di contatto al sito web Webflow<\/h2><div class=\"video-container\"><iframe width=\"560\" height=\"315\" src=\"https:\/\/www.youtube.com\/embed\/mWLGJIxtaUU?si=pCQ995VkIeXLR76u\" frameborder=\"0\" allow=\"accelerometer; autoplay; clipboard-write; encrypted-media; gyroscope; picture-in-picture; web-share\" allowfullscreen><\/iframe><\/div><p>Applica il nostro tutorial per incorporare il widget contatti nel tuo sito. Non \u00e8 necessario avere competenze di programmazione e il tempo di incorporamento completo \u00e8 di soli 90 secondi.<\/p><ol><li><b>Crea il tuo modulo di contatto unico<\/b>.<br>Con il nostro editor gratuito, crea un widget con modello e impostazioni preferibili.<\/li><li><b>Ricevi un codice per mostrare il widget<\/b>.<br>Dopo la personalizzazione del widget, acquisisci un codice per il widget del modulo dalla finestra visualizzata sulle app Elfsight. <\/li><li><b>Mostra il widget sul sito web Webflow<\/b>.<br>Aggiungi il widget nella posizione desiderata della pagina e applica le modifiche.<\/li><li><b>Tu ha eseguito l&#8217;installazione con successo<\/b>.<br>Visita il tuo sito per controllare il tuo widget.<\/li><\/ol><p>Riscontri qualche problema durante l&#8217;applicazione della guida o la generazione del modulo? Prova a leggere un tutorial completo \u00ab<a href=\"https:\/\/elfsight.com\/tutorials\/how-to-add-contact-form-widget-to-webflow\/\" target=\"_blank\" rel=\"noopener noreferrer\"> Come inserire il modulo di contatto in un sito web Webflow<\/a>\u00bb e cogli una seconda possibilit\u00e0 per visualizzarlo da solo o lasciare la tua richiesta al nostro centro assistenza con una spiegazione completa della tua domanda e il nostro team sar\u00e0 lieto di risolvere il problema. <\/p><div class=\"faq\" data-component=\"FAQ\"> <div class=\"faq-item\">\r\n\t\t\t\t\t<div class=\"faq-item-question\">\r\n\t\t\t\t\t\t<h3 class=\"faq-item-question-text\">Come aggiungere un modulo di contatto al mio sito web Webflow senza competenze di codifica?<\/h3>\r\n\r\n\t\t\t\t\t\t<div class=\"faq-item-question-icon\"><\/div>\r\n\t\t\t\t\t<\/div>\r\n\r\n\t\t\t\t\t<div class=\"faq-item-answer\">\r\n\t\t\t\t\t\t<div class=\"faq-item-answer-text\"> <p>Elfsight fornisce una soluzione SaaS che ti consente di creare tu stesso un widget Modulo di contatto, scopri quanto \u00e8 facile il processo \u00e8: lavora direttamente nell&#8217;editor online per creare un widget Modulo di contatto che vorresti vedere sul tuo sito web Webflow. Scegli uno dei modelli predefiniti e regola le impostazioni del modulo di contatto, aggiungi i tuoi contenuti, modifica il layout e i colori senza alcuna competenza di codifica. Salva il modulo di contatto e copia il suo codice di installazione, che potrai includere facilmente nel tuo sito Webflow senza acquistare una versione a pagamento. Con il nostro editor intuitivo qualsiasi utente di Internet pu\u00f2 creare un widget Modulo di contatto online e incorporarlo facilmente nel proprio sito Web Webflow. Non \u00e8 necessario pagare o inserire le credenziali della carta per accedere al servizio. In caso di problemi in qualsiasi momento, non esitate a contattare il nostro team di supporto tecnico.<\/p> <\/div>\r\n\t\t\t\t\t<\/div>\r\n\t\t\t\t<\/div> <div class=\"faq-item\">\r\n\t\t\t\t\t<div class=\"faq-item-question\">\r\n\t\t\t\t\t\t<h3 class=\"faq-item-question-text\">Offrite modelli di moduli di contatto per il sito Web Webflow?<\/h3>\r\n\r\n\t\t\t\t\t\t<div class=\"faq-item-question-icon\"><\/div>\r\n\t\t\t\t\t<\/div>\r\n\r\n\t\t\t\t\t<div class=\"faq-item-answer\">\r\n\t\t\t\t\t\t<div class=\"faq-item-answer-text\"><p>S\u00ec, Elfsight dispone di oltre 300 modelli pronti all&#8217;uso per ogni caso. Dai un&#8217;occhiata pi\u00f9 da vicino ai <a href=\"https:\/\/elfsight.com\/online-form-builder\/templates\/contact-forms\/\">modelli di moduli di contatto<\/a> e scegli quello che ti piace di pi\u00f9.<\/p><\/div>\r\n\t\t\t\t\t<\/div>\r\n\t\t\t\t<\/div><\/div> <p><\/div><\/p>\n","protected":false},"excerpt":{"rendered":"","protected":false},"author":9,"featured_media":0,"parent":1501,"menu_order":0,"comment_status":"closed","ping_status":"closed","template":"templates\/template-application-platform.php","meta":{"publish_to_discourse":"","publish_post_category":"","wpdc_auto_publish_overridden":"","wpdc_topic_tags":"","wpdc_pin_topic":"","wpdc_pin_until":"","discourse_post_id":"","discourse_permalink":"","wpdc_publishing_response":"","wpdc_publishing_error":"","footnotes":""},"class_list":["post-4090","page","type-page","status-publish","hentry"],"yoast_head":"<!-- This site is optimized with the Yoast SEO plugin v25.3.1 - https:\/\/yoast.com\/wordpress\/plugins\/seo\/ -->\n<title>Crea e aggiungi gratuitamente un modulo di contatto su Webflow!<\/title>\n<meta name=\"description\" content=\"Dai forma al widget del tuo modulo di contatto per incorporarlo Webflow nel tuo sito web in soli 2 minuti. Configuratore gratuito, aiuto per l&#039;installazione e tanti bonus diversi da Elfsight!\" \/>\n<meta name=\"robots\" content=\"index, follow, max-snippet:-1, max-image-preview:large, max-video-preview:-1\" \/>\n<link rel=\"canonical\" href=\"https:\/\/elfsight.com\/it\/contact-form-widget\/webflow\/\" \/>\n<meta property=\"og:locale\" content=\"it_IT\" \/>\n<meta property=\"og:type\" content=\"article\" \/>\n<meta property=\"og:title\" content=\"Crea e aggiungi gratuitamente un modulo di contatto su Webflow!\" \/>\n<meta property=\"og:description\" content=\"Dai forma al widget del tuo modulo di contatto per incorporarlo Webflow nel tuo sito web in soli 2 minuti. Configuratore gratuito, aiuto per l&#039;installazione e tanti bonus diversi da Elfsight!\" \/>\n<meta property=\"og:url\" content=\"https:\/\/elfsight.com\/it\/contact-form-widget\/webflow\/\" \/>\n<meta property=\"og:site_name\" content=\"Elfsight IT\" \/>\n<meta property=\"article:modified_time\" content=\"2025-03-14T14:15:11+00:00\" \/>\n<meta name=\"twitter:card\" content=\"summary_large_image\" \/>\n<meta name=\"twitter:label1\" content=\"Tempo di lettura stimato\" \/>\n\t<meta name=\"twitter:data1\" content=\"4 minuti\" \/>\n<!-- \/ Yoast SEO plugin. -->","yoast_head_json":{"title":"Crea e aggiungi gratuitamente un modulo di contatto su Webflow!","description":"Dai forma al widget del tuo modulo di contatto per incorporarlo Webflow nel tuo sito web in soli 2 minuti. Configuratore gratuito, aiuto per l'installazione e tanti bonus diversi da Elfsight!","robots":{"index":"index","follow":"follow","max-snippet":"max-snippet:-1","max-image-preview":"max-image-preview:large","max-video-preview":"max-video-preview:-1"},"canonical":"https:\/\/elfsight.com\/it\/contact-form-widget\/webflow\/","og_locale":"it_IT","og_type":"article","og_title":"Crea e aggiungi gratuitamente un modulo di contatto su Webflow!","og_description":"Dai forma al widget del tuo modulo di contatto per incorporarlo Webflow nel tuo sito web in soli 2 minuti. Configuratore gratuito, aiuto per l'installazione e tanti bonus diversi da Elfsight!","og_url":"https:\/\/elfsight.com\/it\/contact-form-widget\/webflow\/","og_site_name":"Elfsight IT","article_modified_time":"2025-03-14T14:15:11+00:00","twitter_card":"summary_large_image","twitter_misc":{"Tempo di lettura stimato":"4 minuti"},"schema":{"@context":"https:\/\/schema.org","@graph":[{"@type":"WebPage","@id":"https:\/\/elfsight.com\/it\/contact-form-widget\/webflow\/","url":"https:\/\/elfsight.com\/it\/contact-form-widget\/webflow\/","name":"Crea e aggiungi gratuitamente un modulo di contatto su Webflow!","isPartOf":{"@id":"https:\/\/elfsight.com\/it\/#website"},"datePublished":"2024-05-03T06:32:52+00:00","dateModified":"2025-03-14T14:15:11+00:00","description":"Dai forma al widget del tuo modulo di contatto per incorporarlo Webflow nel tuo sito web in soli 2 minuti. Configuratore gratuito, aiuto per l'installazione e tanti bonus diversi da Elfsight!","breadcrumb":{"@id":"https:\/\/elfsight.com\/it\/contact-form-widget\/webflow\/#breadcrumb"},"inLanguage":"it-IT","potentialAction":[{"@type":"ReadAction","target":["https:\/\/elfsight.com\/it\/contact-form-widget\/webflow\/"]}]},{"@type":"BreadcrumbList","@id":"https:\/\/elfsight.com\/it\/contact-form-widget\/webflow\/#breadcrumb","itemListElement":[{"@type":"ListItem","position":1,"name":"Home","item":"https:\/\/elfsight.com\/it\/"},{"@type":"ListItem","position":2,"name":"Contact Form","item":"https:\/\/elfsight.com\/it\/contact-form-widget\/"},{"@type":"ListItem","position":3,"name":"Contact Form &#8211; Webflow"}]},{"@type":"WebSite","@id":"https:\/\/elfsight.com\/it\/#website","url":"https:\/\/elfsight.com\/it\/","name":"Elfsight IT","description":"Just another Elfsight Sites site","potentialAction":[{"@type":"SearchAction","target":{"@type":"EntryPoint","urlTemplate":"https:\/\/elfsight.com\/it\/?s={search_term_string}"},"query-input":{"@type":"PropertyValueSpecification","valueRequired":true,"valueName":"search_term_string"}}],"inLanguage":"it-IT"}]}},"meta_box":{"industry":"","seo_heading":"","heading":"","description":"","cta_heading":"","cta_description":"","application":"1500","h1":"Widget del modulo di contatto del flusso Web","h1_caption":"Crea e incorpora facilmente moduli di contatto nel tuo sito Web per incoraggiare l'interazione e le richieste degli utenti nel tuo sito Web Webflow senza sforzo.","application_category":[],"applications_title":"","applications_request_title":"","applications_request_button_text":"","hero_text":"","hero_video":"","hero_video_schema_markup":"","selling_points_title":"","selling_points_caption":"","selling_points":[],"selling_points_cta_text":"","features_title":"","features":"","ed_cta_examples_text":"","ed_cta_examples_hidden":"","ed_cta_demo_text":"","ed_cta_demo_hidden":"","why_caption":"","why_editor_title":"","why_editor_text":"","why_team_title":"","why_team_text":"","why_service_title":"","why_service_text":"","template_catalog_visible":"0","template_catalog_title":"","template_catalog_text":"","template_catalog_categories_visible":"","demo_title":"Crea il tuo widget Modulo di contatto","demo_caption":"Configura il tuo modulo di contatto e aggiungilo gratuitamente al tuo sito Webflow!","default_faq_hidden":"","app_template_category":[],"platform":"44","template_public_id":"","codecanyon_url":"","codecanyon_item_id":"","codecanyon_price":"","pricing_caption":"","pricing_elfsight_apps_hide_column":"","pricing_elfsight_apps_url":"","pricing_codecanyon_price_caption":"","integration_category":[],"integration_request_title":"","integration_request_cta":"","integration_platform":"","integrations":[],"platform_category":[],"video_schema_markup":"","price":"da $ 0 al mese","trial":"","benefits":[{"text":"Aiuto per l'installazione gratuito"},{"text":"Assistenza clienti efficace"},{"text":"Garanzia di rimborso di 14 giorni"},{"text":"Aggiornamenti gratuiti continui"}],"button_url":"#demo","button_target_blank":"0","button_nofollow":"0","attributes":[{"name":"Installazioni"},{"name":"Reattivo","content":"S\u00cc"},{"name":"Browser compatibili","content":"Firefox, Safari, Opera, Chrome, Edge"}],"tags":[],"tags_disable_links":"0","hide_more_platforms":"0","video_object":"","demo_hide_cta":"0","demo_hide_cloud_options":"0","pricing_title":"","pricing":[{"pricing_icon":"platform","pricing_title":"Elfsight Apps","pricing_title_caption":"Software multipiattaforma che funziona su qualsiasi sito Web (incluso Webflow)","pricing_price":"da $ 0 \/ mese","pricing_price_caption":"inizia con il piano gratuito","pricing_benefits":[{"text":"Numero illimitato di siti web"},{"text":"Supporto professionale e puntuale"},{"text":"Servizio di installazione gratuito"},{"text":"Prezzo da prendere per pi\u00f9 app"}],"pricing_button_text":"Aggiungi al sito web","pricing_button_url":"#demo"}],"related_apps_title":"","related_apps_hidden":"0","author":"","image":[],"title":"","job":"","social_networks":[]},"_links":{"self":[{"href":"https:\/\/elfsight.com\/it\/wp-json\/wp\/v2\/pages\/4090","targetHints":{"allow":["GET"]}}],"collection":[{"href":"https:\/\/elfsight.com\/it\/wp-json\/wp\/v2\/pages"}],"about":[{"href":"https:\/\/elfsight.com\/it\/wp-json\/wp\/v2\/types\/page"}],"author":[{"embeddable":true,"href":"https:\/\/elfsight.com\/it\/wp-json\/wp\/v2\/users\/9"}],"replies":[{"embeddable":true,"href":"https:\/\/elfsight.com\/it\/wp-json\/wp\/v2\/comments?post=4090"}],"version-history":[{"count":3,"href":"https:\/\/elfsight.com\/it\/wp-json\/wp\/v2\/pages\/4090\/revisions"}],"predecessor-version":[{"id":8810,"href":"https:\/\/elfsight.com\/it\/wp-json\/wp\/v2\/pages\/4090\/revisions\/8810"}],"up":[{"embeddable":true,"href":"https:\/\/elfsight.com\/it\/wp-json\/wp\/v2\/pages\/1501"}],"wp:attachment":[{"href":"https:\/\/elfsight.com\/it\/wp-json\/wp\/v2\/media?parent=4090"}],"curies":[{"name":"wp","href":"https:\/\/api.w.org\/{rel}","templated":true}]}}