{"id":4084,"date":"2024-05-03T06:32:50","date_gmt":"2024-05-03T06:32:50","guid":{"rendered":"https:\/\/elfsight.com\/it\/?page_id=4084"},"modified":"2024-11-12T13:22:26","modified_gmt":"2024-11-12T13:22:26","slug":"weebly","status":"publish","type":"page","link":"https:\/\/elfsight.com\/it\/contact-form-widget\/weebly\/","title":{"rendered":"Contact Form &#8211; Weebly"},"content":{"rendered":"\n<div class=\"application-platform-content-item-description application-platform-content-item\" id=\"description\" data-nav-section=\"description\">\n<h2>Modulo di contatto per Weebly<\/h2>\n<p>L&#8217;app del modulo di contatto Elfsight Weebly ha tutto ci\u00f2 di cui potresti aver bisogno per raccogliere impressioni e richieste da parte degli utenti del tuo sito web. Installa campi aggiuntivi, modifica il modello desiderato e personalizza l&#8217;interfaccia per ispirare ancora di pi\u00f9 i tuoi clienti a inviare le loro impressioni sui tuoi servizi o sulla tua azienda tramite l&#8217;e-mail del modulo di contatto Weebly.<\/p>\n<p><b>Raccogli impressioni degli utenti, ricevi ordini e rispondi alle domande degli utenti del tuo sito con il modulo di contatto e-mail!<\/b><\/p>\n<ul>\n    <li><b>Aumenta il numero di richieste dal sito<\/b>.<br>Risolvi tutti i problemi, combatti la sfiducia nei confronti della tua attivit\u00e0 e non consentire ai visitatori di abbandonare il sito. Utilizza il nostro pratico strumento per avere un dialogo fruttuoso con i clienti.<\/li>\n    <li><b>Comprendi meglio i tuoi utenti<\/b>.<br>Richieste, dubbi, idee sbagliate e tutte le altre impressioni dei tuoi clienti sui tuoi prodotti o servizi sono un ottimo modo per soddisfare le esigenze dei tuoi clienti e applicare in modo intelligente un piano di crescita aziendale.<\/li>\n    <li><b>Proteggi la tua casella di posta dai bot<\/b>.<br>Non consentire ai bot di inviare messaggi nella tua casella di posta elettronica. Il modulo Elfsight include Google reCAPTCHA per proteggere la tua posta da spam e bot automatici.<\/li>\n<\/ul>\n<\/div>\n\n<div class=\"application-platform-content-item-features application-platform-content-item\" id=\"features\" data-nav-section=\"features\">\n<h2>Caratteristiche del plug-in del modulo di contatto<\/h2>\n<p>Cosa rende il modulo di contatto Elfsight la migliore app per ricevere feedback e ordini per i siti Web Weebly? Scopri le nostre principali caratteristiche funzionali:<\/p>\n<ul>\n    <li>Specifica un segnaposto per qualsiasi campo, per indicare il formato richiesto;<\/li>\n    <li>Appunta un&#8217;immagine, un logo o una foto sopra il modulo;<\/li>\n    <li>2 layout predefiniti: inline per essere inserito nel corpo della pagina e mobile per seguire lo scorrimento del visitatore;<\/li>\n    <li>Tutti i dati inseriti nel modulo vengono salvati durante la compilazione;<\/li>\n    <li>Funziona perfettamente e ha un aspetto eccezionale sui dispositivi mobili.<\/li>\n<\/ul>\n<p><a href=\"#demo\">Scopri tutte le funzionalit\u00e0 nel nostro editor<\/a><\/p>\n<\/div>\n\n<div class=\"application-platform-content-item-installation application-platform-content-item\" id=\"installation\" data-nav-section=\"installation\">\n<h2>Come creare il widget del modulo di contatto per il sito Web Weebly<\/h2>\n<div class=\"video-container\">\n    <iframe width=\"720\" height=\"405\" src=\"https:\/\/www.youtube.com\/embed\/WaJPoV5Eg2M\" frameborder=\"0\" allowfullscreen=\"\"><\/iframe>\n<\/div>\n<p>Segui la nostra guida per integrare facilmente l&#8217;app di contatto al tuo sito web in pochissimo tempo. Non \u00e8 necessario avere competenze di programmazione web e l&#8217;intero processo di configurazione non richieder\u00e0 pi\u00f9 di 80 secondi.<\/p>\n<ol>\n    <li><b>Gestisci la nostra demo gratuita e inizia a creare la tua app personalizzata.<\/b><br> Specifica l&#8217;interfaccia e i parametri dell&#8217;app e applica tutte le modifiche.<\/li>\n    <li><b>Ricevi il codice personale mostrato nella finestra di Elfsight Apps.<\/b><br> Dopo aver completato la creazione della tua app, copia il codice e conservalo per un utilizzo futuro.<\/li>\n    <li><b>Integra l&#8217;app nel sito Weebly.<\/b><br> Inserisci il codice appena copiato nel tuo sito e applica le modifiche.<\/li>\n    <li><b>Fatto! L&#8217;integrazione \u00e8 completata.<\/b><br> Apri il sito per verificare il corretto funzionamento dell&#8217;app.<\/li>\n<\/ol>\n<p>Hai riscontrato problemi durante la configurazione o la creazione del modulo? Potresti trovare utile consultare il manuale dettagliato \u00ab<a href=\"https:\/\/elfsight.com\/tutorials\/how-to-add-contact-form-plugin-to-weebly\/\" target=\"_blank\" rel=\"noopener noreferrer\">Come inserire il modulo di contatto in un sito web Weebly<\/a>\u00bb. In alternativa, puoi lasciare una richiesta al nostro Centro assistenza con una spiegazione dettagliata della tua domanda e il nostro team far\u00e0 del suo meglio per aiutarti.<\/p>\n<\/div>\n\n<div class=\"faq\" data-component=\"FAQ\">\n<div class=\"faq-item\">\r\n\t\t\t\t\t<div class=\"faq-item-question\">\r\n\t\t\t\t\t\t<h3 class=\"faq-item-question-text\">Come posso proteggere le informazioni del modulo di contatto su Weebly?<\/h3>\r\n\r\n\t\t\t\t\t\t<div class=\"faq-item-question-icon\"><\/div>\r\n\t\t\t\t\t<\/div>\r\n\r\n\t\t\t\t\t<div class=\"faq-item-answer\">\r\n\t\t\t\t\t\t<div class=\"faq-item-answer-text\">\n<p>Elfsight Form Builder \u00e8 dotato dello strumento di sicurezza pi\u00f9 potente, reCAPTCHA. Serve a proteggere i tuoi moduli e la tua casella di posta da spam e bot, garantendo solo dati preziosi.<\/p>\n<\/div>\r\n\t\t\t\t\t<\/div>\r\n\t\t\t\t<\/div>\n\n<div class=\"faq-item\">\r\n\t\t\t\t\t<div class=\"faq-item-question\">\r\n\t\t\t\t\t\t<h3 class=\"faq-item-question-text\">Offrite modelli che supportano logica condizionale, campi multipli o moduli e-mail?<\/h3>\r\n\r\n\t\t\t\t\t\t<div class=\"faq-item-question-icon\"><\/div>\r\n\t\t\t\t\t<\/div>\r\n\r\n\t\t\t\t\t<div class=\"faq-item-answer\">\r\n\t\t\t\t\t\t<div class=\"faq-item-answer-text\">\n<p>S\u00ec! Basta accedere al servizio Elfsight Apps, selezionare il modello pi\u00f9 adatto e procedere con la personalizzazione del widget.<\/p>\n<\/div>\r\n\t\t\t\t\t<\/div>\r\n\t\t\t\t<\/div>\n\n<div class=\"faq-item\">\r\n\t\t\t\t\t<div class=\"faq-item-question\">\r\n\t\t\t\t\t\t<h3 class=\"faq-item-question-text\">Come posso creare un modulo di contatto\/feedback per un sito Weebly?<\/h3>\r\n\r\n\t\t\t\t\t\t<div class=\"faq-item-question-icon\"><\/div>\r\n\t\t\t\t\t<\/div>\r\n\r\n\t\t\t\t\t<div class=\"faq-item-answer\">\r\n\t\t\t\t\t\t<div class=\"faq-item-answer-text\">\n<p>Per creare un modulo di contatto\/feedback, accedi al sito Elfsight Apps, apporta le modifiche necessarie, salva e poi integra il modulo nel tuo sito. Il processo \u00e8 completato!<\/p>\n<\/div>\r\n\t\t\t\t\t<\/div>\r\n\t\t\t\t<\/div>\n\n<div class=\"faq-item\">\r\n\t\t\t\t\t<div class=\"faq-item-question\">\r\n\t\t\t\t\t\t<h3 class=\"faq-item-question-text\">Avete modelli di moduli di contatto pronti all'uso per i siti Weebly?<\/h3>\r\n\r\n\t\t\t\t\t\t<div class=\"faq-item-question-icon\"><\/div>\r\n\t\t\t\t\t<\/div>\r\n\r\n\t\t\t\t\t<div class=\"faq-item-answer\">\r\n\t\t\t\t\t\t<div class=\"faq-item-answer-text\">\n<p>S\u00ec, abbiamo una vasta selezione di oltre 300 modelli pronti all&#8217;uso per aiutarti a risparmiare tempo nella creazione di un modulo da zero. Dai un&#8217;occhiata ai nostri <a href=\"https:\/\/elfsight.com\/online-form-builder\/templates\/contact-forms\/\">modelli di moduli di contatto<\/a> e trova quello che meglio si adatta alle tue esigenze.<\/p>\n<\/div>\r\n\t\t\t\t\t<\/div>\r\n\t\t\t\t<\/div>\n<\/div>\n\n","protected":false},"excerpt":{"rendered":"","protected":false},"author":9,"featured_media":0,"parent":1501,"menu_order":0,"comment_status":"closed","ping_status":"closed","template":"templates\/template-application-platform.php","meta":{"publish_to_discourse":"","publish_post_category":"","wpdc_auto_publish_overridden":"","wpdc_topic_tags":"","wpdc_pin_topic":"","wpdc_pin_until":"","discourse_post_id":"","discourse_permalink":"","wpdc_publishing_response":"","wpdc_publishing_error":"","footnotes":""},"class_list":["post-4084","page","type-page","status-publish","hentry"],"yoast_head":"<!-- This site is optimized with the Yoast SEO plugin v25.3.1 - https:\/\/yoast.com\/wordpress\/plugins\/seo\/ -->\n<title>Crea e aggiungi gratuitamente un modulo di contatto su Weebly!<\/title>\n<meta name=\"description\" content=\"Crea la tua app per moduli di contatto per Weebly e visualizzala sul tuo sito web - solo in 2 minuti. Demo gratuita, supporto con l&#039;integrazione nel sito e molti altri extra da Elfsight!\" \/>\n<meta name=\"robots\" content=\"index, follow, max-snippet:-1, max-image-preview:large, max-video-preview:-1\" \/>\n<link rel=\"canonical\" href=\"https:\/\/elfsight.com\/it\/contact-form-widget\/weebly\/\" \/>\n<meta property=\"og:locale\" content=\"it_IT\" \/>\n<meta property=\"og:type\" content=\"article\" \/>\n<meta property=\"og:title\" content=\"Crea e aggiungi gratuitamente un modulo di contatto su Weebly!\" \/>\n<meta property=\"og:description\" content=\"Crea la tua app per moduli di contatto per Weebly e visualizzala sul tuo sito web - solo in 2 minuti. Demo gratuita, supporto con l&#039;integrazione nel sito e molti altri extra da Elfsight!\" \/>\n<meta property=\"og:url\" content=\"https:\/\/elfsight.com\/it\/contact-form-widget\/weebly\/\" \/>\n<meta property=\"og:site_name\" content=\"Elfsight IT\" \/>\n<meta property=\"article:modified_time\" content=\"2024-11-12T13:22:26+00:00\" \/>\n<meta name=\"twitter:card\" content=\"summary_large_image\" \/>\n<meta name=\"twitter:label1\" content=\"Tempo di lettura stimato\" \/>\n\t<meta name=\"twitter:data1\" content=\"4 minuti\" \/>\n<!-- \/ Yoast SEO plugin. -->","yoast_head_json":{"title":"Crea e aggiungi gratuitamente un modulo di contatto su Weebly!","description":"Crea la tua app per moduli di contatto per Weebly e visualizzala sul tuo sito web - solo in 2 minuti. Demo gratuita, supporto con l'integrazione nel sito e molti altri extra da Elfsight!","robots":{"index":"index","follow":"follow","max-snippet":"max-snippet:-1","max-image-preview":"max-image-preview:large","max-video-preview":"max-video-preview:-1"},"canonical":"https:\/\/elfsight.com\/it\/contact-form-widget\/weebly\/","og_locale":"it_IT","og_type":"article","og_title":"Crea e aggiungi gratuitamente un modulo di contatto su Weebly!","og_description":"Crea la tua app per moduli di contatto per Weebly e visualizzala sul tuo sito web - solo in 2 minuti. Demo gratuita, supporto con l'integrazione nel sito e molti altri extra da Elfsight!","og_url":"https:\/\/elfsight.com\/it\/contact-form-widget\/weebly\/","og_site_name":"Elfsight IT","article_modified_time":"2024-11-12T13:22:26+00:00","twitter_card":"summary_large_image","twitter_misc":{"Tempo di lettura stimato":"4 minuti"},"schema":{"@context":"https:\/\/schema.org","@graph":[{"@type":"WebPage","@id":"https:\/\/elfsight.com\/it\/contact-form-widget\/weebly\/","url":"https:\/\/elfsight.com\/it\/contact-form-widget\/weebly\/","name":"Crea e aggiungi gratuitamente un modulo di contatto su Weebly!","isPartOf":{"@id":"https:\/\/elfsight.com\/it\/#website"},"datePublished":"2024-05-03T06:32:50+00:00","dateModified":"2024-11-12T13:22:26+00:00","description":"Crea la tua app per moduli di contatto per Weebly e visualizzala sul tuo sito web - solo in 2 minuti. Demo gratuita, supporto con l'integrazione nel sito e molti altri extra da Elfsight!","breadcrumb":{"@id":"https:\/\/elfsight.com\/it\/contact-form-widget\/weebly\/#breadcrumb"},"inLanguage":"it-IT","potentialAction":[{"@type":"ReadAction","target":["https:\/\/elfsight.com\/it\/contact-form-widget\/weebly\/"]}]},{"@type":"BreadcrumbList","@id":"https:\/\/elfsight.com\/it\/contact-form-widget\/weebly\/#breadcrumb","itemListElement":[{"@type":"ListItem","position":1,"name":"Home","item":"https:\/\/elfsight.com\/it\/"},{"@type":"ListItem","position":2,"name":"Contact Form","item":"https:\/\/elfsight.com\/it\/contact-form-widget\/"},{"@type":"ListItem","position":3,"name":"Contact Form &#8211; Weebly"}]},{"@type":"WebSite","@id":"https:\/\/elfsight.com\/it\/#website","url":"https:\/\/elfsight.com\/it\/","name":"Elfsight IT","description":"Just another Elfsight Sites site","potentialAction":[{"@type":"SearchAction","target":{"@type":"EntryPoint","urlTemplate":"https:\/\/elfsight.com\/it\/?s={search_term_string}"},"query-input":{"@type":"PropertyValueSpecification","valueRequired":true,"valueName":"search_term_string"}}],"inLanguage":"it-IT"}]}},"meta_box":{"industry":"","seo_heading":"","heading":"","description":"","cta_heading":"","cta_description":"","application":"1500","h1":"Applicazione modulo di contatto Weebly","h1_caption":"Crea e incorpora facilmente moduli di contatto nel tuo sito web per incoraggiare l'interazione e le richieste degli utenti nel tuo sito web Weebly senza sforzo.","application_category":[],"applications_title":"","applications_request_title":"","applications_request_button_text":"","hero_text":"","hero_video":"","hero_video_schema_markup":"","selling_points_title":"","selling_points_caption":"","selling_points":[],"selling_points_cta_text":"","features_title":"","features":"","ed_cta_examples_text":"","ed_cta_examples_hidden":"","ed_cta_demo_text":"","ed_cta_demo_hidden":"","why_caption":"","why_editor_title":"","why_editor_text":"","why_team_title":"","why_team_text":"","why_service_title":"","why_service_text":"","template_catalog_visible":"0","template_catalog_title":"","template_catalog_text":"","template_catalog_categories_visible":"","demo_title":"Crea la tua app Modulo di contatto","demo_caption":"Configura il tuo modulo di contatto e aggiungilo gratuitamente al tuo sito Weebly!","default_faq_hidden":"","app_template_category":[],"platform":"45","template_public_id":"","codecanyon_url":"","codecanyon_item_id":"","codecanyon_price":"","pricing_caption":"","pricing_elfsight_apps_hide_column":"","pricing_elfsight_apps_url":"","pricing_codecanyon_price_caption":"","integration_category":[],"integration_request_title":"","integration_request_cta":"","integration_platform":"","integrations":[],"platform_category":[],"video_schema_markup":"","price":"da $ 0 \/ mese","trial":"","benefits":[{"text":"Assistenza gratuita per l'installazione"},{"text":"Supporto premium"},{"text":"Garanzia di rimborso di 14 giorni"},{"text":"Aggiornamenti a vita"}],"button_url":"#demo","button_target_blank":"0","button_nofollow":"0","attributes":[{"name":"Installazioni"},{"name":"Reattivo","content":"S\u00cc"},{"name":"Browser compatibili","content":"Firefox, Safari, Opera, Chrome, Edge"}],"tags":[],"tags_disable_links":"0","hide_more_platforms":"","video_object":"","demo_hide_cta":"0","demo_hide_cloud_options":"0","pricing_title":"","pricing":[{"pricing_icon":"cloud","pricing_title":"Elfsight Apps","pricing_title_caption":"Soluzione digitale multipiattaforma adatta a qualsiasi sito web","pricing_price":"da $ 0 \/ mese","pricing_price_caption":"Inizia con il piano gratuito","pricing_benefits":[{"text":"Siti web illimitati"},{"text":"Supporto aziendale professionale"},{"text":"Assistenza per l'installazione gratuita"},{"text":"Ottimo affare per pi\u00f9 app"}],"pricing_button_text":"Aggiungi al sito web","pricing_button_url":"#demo"}],"related_apps_title":"","related_apps_hidden":"0","author":"","image":[],"title":"","job":"","social_networks":[]},"_links":{"self":[{"href":"https:\/\/elfsight.com\/it\/wp-json\/wp\/v2\/pages\/4084","targetHints":{"allow":["GET"]}}],"collection":[{"href":"https:\/\/elfsight.com\/it\/wp-json\/wp\/v2\/pages"}],"about":[{"href":"https:\/\/elfsight.com\/it\/wp-json\/wp\/v2\/types\/page"}],"author":[{"embeddable":true,"href":"https:\/\/elfsight.com\/it\/wp-json\/wp\/v2\/users\/9"}],"replies":[{"embeddable":true,"href":"https:\/\/elfsight.com\/it\/wp-json\/wp\/v2\/comments?post=4084"}],"version-history":[{"count":3,"href":"https:\/\/elfsight.com\/it\/wp-json\/wp\/v2\/pages\/4084\/revisions"}],"predecessor-version":[{"id":7855,"href":"https:\/\/elfsight.com\/it\/wp-json\/wp\/v2\/pages\/4084\/revisions\/7855"}],"up":[{"embeddable":true,"href":"https:\/\/elfsight.com\/it\/wp-json\/wp\/v2\/pages\/1501"}],"wp:attachment":[{"href":"https:\/\/elfsight.com\/it\/wp-json\/wp\/v2\/media?parent=4084"}],"curies":[{"name":"wp","href":"https:\/\/api.w.org\/{rel}","templated":true}]}}