{"id":4082,"date":"2024-05-03T06:32:48","date_gmt":"2024-05-03T06:32:48","guid":{"rendered":"https:\/\/elfsight.com\/it\/?page_id=4082"},"modified":"2025-03-14T12:38:33","modified_gmt":"2025-03-14T12:38:33","slug":"jquery","status":"publish","type":"page","link":"https:\/\/elfsight.com\/it\/contact-form-widget\/jquery\/","title":{"rendered":"Contact Form &#8211; jQuery"},"content":{"rendered":"\n<div class=\"application-platform-content-item-description application-platform-content-item\" id=\"description\" data-nav-section=\"description\"><h2>Modulo di contatto per jQuery<\/h2><p>Se stai cercando un semplice modulo di contatto jQuery, il plugin Elfsight Contact pu\u00f2 aiutarti. \u00c8 un widget generatore di moduli di contatto jQuery il cui obiettivo principale \u00e8 aiutarti con tutte le richieste effettive per ottenere impressioni e richieste dai clienti sul tuo sito. Rivela semplicemente le parti cruciali da compilare, scegli il tuo modello preferito e progetta l&#8217;interfaccia per ispirare i tuoi utenti a lasciare richieste per i servizi offerti dalla tua azienda. Il widget Modulo \u00e8 formato per soddisfare ogni tua esigenza di raccogliere feedback ed essere sempre in contatto con il tuo pubblico.<\/p><p><b>Raccogli feedback, prendi ordini e rispondi ai messaggi dei visitatori del tuo sito web!<\/b><\/p><ul><li><b>Migliora l&#8217;acquisizione di lead<\/b>.<br>Resta in contatto con i tuoi probabili clienti consentendo loro di parlare con te tramite il plugin Contact in qualsiasi momento. Un numero inferiore di campi comporter\u00e0 una conversione pi\u00f9 elevata.<\/li><li><b>Blocca lo spam<\/b>.<br>Preserva solo le comunicazioni organiche con lo strumento Google reCAPTCHA altamente efficace che protegge da spam e bot. <\/li><li><b>Raccogli facilmente il feedback dei clienti<\/b>.<br>Crea un widget modulo accattivante in modo che possa essere facilmente trovato sulle pagine del tuo sito spingendo i tuoi visitatori a fornirti feedback in qualsiasi momento vogliono.<\/li><\/ul><\/div><div class=\"application-platform-content-item-features application-platform-content-item\" id=\"features\" data-nav-section=\"features\"><h2>Plugin del modulo di contatto<\/h2><p>Perch\u00e9 il nostro semplice modulo di contatto \u00e8 il miglior plugin per il sito jQuery da ottenere impressioni dei clienti e ricevere ordini? Prova le nostre funzionalit\u00e0 principali:<\/p><ul><li>Un set minimo di campi per inviare un feedback: nome, email, telefono e messaggio;<\/li><li>Imposta qualsiasi larghezza del modulo;<\/li> <li>Layout in linea con adattamento automatico dei campi alla larghezza del modulo;<\/li><li>ReCAPTCHA (Google captcha) \u00e8 qui per proteggere il tuo modulo da spam e bot;<\/li><li>Vari modelli: semplici modulo, modulo mobile, richiesta di supporto, moduli estesi e moduli email;<\/li><li>Funziona e si presenta perfettamente sui dispositivi mobili.<\/li><\/ul><p><a href=\"#demo\">Prova tutto dei vantaggi nella nostra demo<\/a><\/p><\/div><div class=\"application-platform-content-item-installation application-platform-content-item\" id=\"installation\" data-nav-section=\"installation\"><h2>Come aggiungere il plugin Contact Form al sito web jQuery<\/h2><p>Segui il nostro manuale, per aggiungere modulo al tuo sito web. Non \u00e8 necessario avere competenze nello sviluppo. Il tempo di installazione completo \u00e8 di circa 1 minuto.<\/p><ol><li><b>Costruisci il tuo plugin Contact personalizzato<\/b>.<br>Utilizzando il nostro configuratore gratuito, crea un plugin con layout, funzioni, campi e captcha.<\/li><li><b>Ottieni un codice per mostrare il plugin<\/b>.<br>Dopo la personalizzazione del widget, acquisisci un codice per il plugin di contatto jQuery dalla notifica popup sulle app Elfsight.<\/li><li><b>Ottieni un codice per mostrare il plugin<\/b>.<br>Dopo la personalizzazione del widget, acquisisci un codice per il plugin di contatto jQuery dalla notifica popup sulle app Elfsight.<\/li><li><b>Incorpora il plug-in nel sito web<\/b>.<br>Inserisci il plug-in nella posizione richiesta della pagina e applica le modifiche.<\/li><li><b>L&#8217;incorporamento \u00e8 riuscito!<\/b><br>Entra nel tuo sito web per vedere il tuo plugin.<\/li><\/ol><p>Ti sei imbattuto in qualcosa mentre applicavi il tutorial o creavi il tuo semplice modulo? Contatta il centro assistenza Elfsight con una spiegazione approfondita della tua domanda e il nostro team sar\u00e0 felice di aiutarti.<\/p><div class=\"faq\" data-component=\"FAQ\"> <div class=\"faq-item\">\r\n\t\t\t\t\t<div class=\"faq-item-question\">\r\n\t\t\t\t\t\t<h3 class=\"faq-item-question-text\">Come aggiungere il modulo di contatto al mio sito Web jQuery senza competenze di codifica?<\/h3>\r\n\r\n\t\t\t\t\t\t<div class=\"faq-item-question-icon\"><\/div>\r\n\t\t\t\t\t<\/div>\r\n\r\n\t\t\t\t\t<div class=\"faq-item-answer\">\r\n\t\t\t\t\t\t<div class=\"faq-item-answer-text\"> <p> Elfsight fornisce una soluzione SaaS che ti consente di creare tu stesso un widget Modulo di contatto, scopri quanto \u00e8 semplice il processo: lavora direttamente nell&#8217;editor online per creare un widget Modulo di contatto che vorresti vedere sul tuo sito web jQuery. Scegli uno dei modelli predefiniti e regola le impostazioni del modulo di contatto, aggiungi i tuoi contenuti, modifica il layout e i colori senza competenze di codifica. Salva il modulo di contatto e copia il codice di installazione, che potrai incollare facilmente nel tuo sito jQuery senza dover acquistare un piano a pagamento. Con il nostro editor intuitivo qualsiasi utente di Internet pu\u00f2 creare un widget Modulo di contatto online e incorporarlo facilmente nel proprio sito Web jQuery. Non \u00e8 necessario pagare o inserire le credenziali della carta per accedere al servizio. In caso di problemi in qualsiasi momento, non esitare a contattare il nostro team di supporto tecnico.<\/p> <\/div>\r\n\t\t\t\t\t<\/div>\r\n\t\t\t\t<\/div><div class=\"faq-item\">\r\n\t\t\t\t\t<div class=\"faq-item-question\">\r\n\t\t\t\t\t\t<h3 class=\"faq-item-question-text\">Esistono modelli di modulo di contatto per il sito Web jQuery?<\/h3>\r\n\r\n\t\t\t\t\t\t<div class=\"faq-item-question-icon\"><\/div>\r\n\t\t\t\t\t<\/div>\r\n\r\n\t\t\t\t\t<div class=\"faq-item-answer\">\r\n\t\t\t\t\t\t<div class=\"faq-item-answer-text\"><p>S\u00ec, ci sono! Il team di Elfsight ha realizzato una fantastica raccolta di oltre 300 modelli pronti all&#8217;uso. E non rimarrai deluso dai <a href=\"https:\/\/elfsight.com\/online-form-builder\/templates\/contact-forms\/\">modelli di moduli di contatto<\/a> di sicuro.<\/p> <\/div>\r\n\t\t\t\t\t<\/div>\r\n\t\t\t\t<\/div> <\/div> <\/div>\n","protected":false},"excerpt":{"rendered":"","protected":false},"author":9,"featured_media":0,"parent":1501,"menu_order":0,"comment_status":"closed","ping_status":"closed","template":"templates\/template-application-platform.php","meta":{"publish_to_discourse":"","publish_post_category":"","wpdc_auto_publish_overridden":"","wpdc_topic_tags":"","wpdc_pin_topic":"","wpdc_pin_until":"","discourse_post_id":"","discourse_permalink":"","wpdc_publishing_response":"","wpdc_publishing_error":"","footnotes":""},"class_list":["post-4082","page","type-page","status-publish","hentry"],"yoast_head":"<!-- This site is optimized with the Yoast SEO plugin v25.3.1 - https:\/\/yoast.com\/wordpress\/plugins\/seo\/ -->\n<title>Crea e aggiungi moduli di contatto su jQuery gratuitamente!<\/title>\n<meta name=\"description\" content=\"Crea il tuo plugin per modulo di contatto per jQuery e incorporalo nel tuo sito web. Demo gratuita, captcha, aiuto per l&#039;installazione e altri vari bonus da Elfsight!\" \/>\n<meta name=\"robots\" content=\"index, follow, max-snippet:-1, max-image-preview:large, max-video-preview:-1\" \/>\n<link rel=\"canonical\" href=\"https:\/\/elfsight.com\/it\/contact-form-widget\/jquery\/\" \/>\n<meta property=\"og:locale\" content=\"it_IT\" \/>\n<meta property=\"og:type\" content=\"article\" \/>\n<meta property=\"og:title\" content=\"Crea e aggiungi moduli di contatto su jQuery gratuitamente!\" \/>\n<meta property=\"og:description\" content=\"Crea il tuo plugin per modulo di contatto per jQuery e incorporalo nel tuo sito web. Demo gratuita, captcha, aiuto per l&#039;installazione e altri vari bonus da Elfsight!\" \/>\n<meta property=\"og:url\" content=\"https:\/\/elfsight.com\/it\/contact-form-widget\/jquery\/\" \/>\n<meta property=\"og:site_name\" content=\"Elfsight IT\" \/>\n<meta property=\"article:modified_time\" content=\"2025-03-14T12:38:33+00:00\" \/>\n<meta name=\"twitter:card\" content=\"summary_large_image\" \/>\n<meta name=\"twitter:label1\" content=\"Tempo di lettura stimato\" \/>\n\t<meta name=\"twitter:data1\" content=\"4 minuti\" \/>\n<!-- \/ Yoast SEO plugin. -->","yoast_head_json":{"title":"Crea e aggiungi moduli di contatto su jQuery gratuitamente!","description":"Crea il tuo plugin per modulo di contatto per jQuery e incorporalo nel tuo sito web. Demo gratuita, captcha, aiuto per l'installazione e altri vari bonus da Elfsight!","robots":{"index":"index","follow":"follow","max-snippet":"max-snippet:-1","max-image-preview":"max-image-preview:large","max-video-preview":"max-video-preview:-1"},"canonical":"https:\/\/elfsight.com\/it\/contact-form-widget\/jquery\/","og_locale":"it_IT","og_type":"article","og_title":"Crea e aggiungi moduli di contatto su jQuery gratuitamente!","og_description":"Crea il tuo plugin per modulo di contatto per jQuery e incorporalo nel tuo sito web. Demo gratuita, captcha, aiuto per l'installazione e altri vari bonus da Elfsight!","og_url":"https:\/\/elfsight.com\/it\/contact-form-widget\/jquery\/","og_site_name":"Elfsight IT","article_modified_time":"2025-03-14T12:38:33+00:00","twitter_card":"summary_large_image","twitter_misc":{"Tempo di lettura stimato":"4 minuti"},"schema":{"@context":"https:\/\/schema.org","@graph":[{"@type":"WebPage","@id":"https:\/\/elfsight.com\/it\/contact-form-widget\/jquery\/","url":"https:\/\/elfsight.com\/it\/contact-form-widget\/jquery\/","name":"Crea e aggiungi moduli di contatto su jQuery gratuitamente!","isPartOf":{"@id":"https:\/\/elfsight.com\/it\/#website"},"datePublished":"2024-05-03T06:32:48+00:00","dateModified":"2025-03-14T12:38:33+00:00","description":"Crea il tuo plugin per modulo di contatto per jQuery e incorporalo nel tuo sito web. Demo gratuita, captcha, aiuto per l'installazione e altri vari bonus da Elfsight!","breadcrumb":{"@id":"https:\/\/elfsight.com\/it\/contact-form-widget\/jquery\/#breadcrumb"},"inLanguage":"it-IT","potentialAction":[{"@type":"ReadAction","target":["https:\/\/elfsight.com\/it\/contact-form-widget\/jquery\/"]}]},{"@type":"BreadcrumbList","@id":"https:\/\/elfsight.com\/it\/contact-form-widget\/jquery\/#breadcrumb","itemListElement":[{"@type":"ListItem","position":1,"name":"Home","item":"https:\/\/elfsight.com\/it\/"},{"@type":"ListItem","position":2,"name":"Contact Form","item":"https:\/\/elfsight.com\/it\/contact-form-widget\/"},{"@type":"ListItem","position":3,"name":"Contact Form &#8211; jQuery"}]},{"@type":"WebSite","@id":"https:\/\/elfsight.com\/it\/#website","url":"https:\/\/elfsight.com\/it\/","name":"Elfsight IT","description":"Just another Elfsight Sites site","potentialAction":[{"@type":"SearchAction","target":{"@type":"EntryPoint","urlTemplate":"https:\/\/elfsight.com\/it\/?s={search_term_string}"},"query-input":{"@type":"PropertyValueSpecification","valueRequired":true,"valueName":"search_term_string"}}],"inLanguage":"it-IT"}]}},"meta_box":{"industry":"","seo_heading":"","heading":"","description":"","cta_heading":"","cta_description":"","application":"1500","h1":"Plug-in del modulo di contatto jQuery","h1_caption":"Crea e incorpora facilmente moduli di contatto nel tuo sito Web per incoraggiare l'interazione e le richieste degli utenti nel tuo sito Web jQuery senza sforzo.","application_category":[],"applications_title":"","applications_request_title":"","applications_request_button_text":"","hero_text":"","hero_video":"","hero_video_schema_markup":"","selling_points_title":"","selling_points_caption":"","selling_points":[],"selling_points_cta_text":"","features_title":"","features":"","ed_cta_examples_text":"","ed_cta_examples_hidden":"","ed_cta_demo_text":"","ed_cta_demo_hidden":"","why_caption":"","why_editor_title":"","why_editor_text":"","why_team_title":"","why_team_text":"","why_service_title":"","why_service_text":"","template_catalog_visible":"0","template_catalog_title":"","template_catalog_text":"","template_catalog_categories_visible":"","demo_title":"Crea il tuo plugin per il modulo di contatto","demo_caption":"Configura il tuo modulo di contatto e aggiungilo gratuitamente al tuo sito jQuery!","default_faq_hidden":"","app_template_category":[],"platform":"37","template_public_id":"","codecanyon_url":"","codecanyon_item_id":"","codecanyon_price":"","pricing_caption":"","pricing_elfsight_apps_hide_column":"","pricing_elfsight_apps_url":"","pricing_codecanyon_price_caption":"","integration_category":[],"integration_request_title":"","integration_request_cta":"","integration_platform":"","integrations":[],"platform_category":[],"video_schema_markup":"","price":"da $ 0 al mese","trial":"","benefits":[{"text":"Assistenza gratuita per l'installazione"},{"text":"Servizio clienti efficace"},{"text":"Garanzia di rimborso di 14 giorni"},{"text":"Miglioramenti gratuiti a vita"}],"button_url":"#demo","button_target_blank":"0","button_nofollow":"0","attributes":[{"name":"Installazioni"},{"name":"Reattivo","content":"S\u00cc"},{"name":"Browser compatibili","content":"Firefox, Opera, Edge, Safari, Chrome"}],"tags":[],"tags_disable_links":"0","hide_more_platforms":"0","video_object":"","demo_hide_cta":"0","demo_hide_cloud_options":"0","pricing_title":"","pricing":[{"pricing_icon":"platform","pricing_title":"Elfsight Apps","pricing_title_caption":"Soluzione digitale indipendente dalla piattaforma","pricing_price":"da $ 0 \/ mese","pricing_price_caption":"inizia con un piano gratuito","pricing_benefits":[{"text":"Siti web illimitati"},{"text":"Supporto aziendale 24 ore su 24, 7 giorni su 7 e ben documentato"},{"text":"Supporto gratuito per l'installazione"},{"text":"100% personalizzabile"}],"pricing_button_text":"Aggiungi al sito web","pricing_button_url":"#demo"}],"related_apps_title":"","related_apps_hidden":"0","author":"","image":[],"title":"","job":"","social_networks":[]},"_links":{"self":[{"href":"https:\/\/elfsight.com\/it\/wp-json\/wp\/v2\/pages\/4082","targetHints":{"allow":["GET"]}}],"collection":[{"href":"https:\/\/elfsight.com\/it\/wp-json\/wp\/v2\/pages"}],"about":[{"href":"https:\/\/elfsight.com\/it\/wp-json\/wp\/v2\/types\/page"}],"author":[{"embeddable":true,"href":"https:\/\/elfsight.com\/it\/wp-json\/wp\/v2\/users\/9"}],"replies":[{"embeddable":true,"href":"https:\/\/elfsight.com\/it\/wp-json\/wp\/v2\/comments?post=4082"}],"version-history":[{"count":3,"href":"https:\/\/elfsight.com\/it\/wp-json\/wp\/v2\/pages\/4082\/revisions"}],"predecessor-version":[{"id":8795,"href":"https:\/\/elfsight.com\/it\/wp-json\/wp\/v2\/pages\/4082\/revisions\/8795"}],"up":[{"embeddable":true,"href":"https:\/\/elfsight.com\/it\/wp-json\/wp\/v2\/pages\/1501"}],"wp:attachment":[{"href":"https:\/\/elfsight.com\/it\/wp-json\/wp\/v2\/media?parent=4082"}],"curies":[{"name":"wp","href":"https:\/\/api.w.org\/{rel}","templated":true}]}}