{"id":4075,"date":"2024-05-03T06:32:45","date_gmt":"2024-05-03T06:32:45","guid":{"rendered":"https:\/\/elfsight.com\/it\/?page_id=4075"},"modified":"2024-11-12T08:31:21","modified_gmt":"2024-11-12T08:31:21","slug":"facebook","status":"publish","type":"page","link":"https:\/\/elfsight.com\/it\/contact-form-widget\/facebook\/","title":{"rendered":"Contact Form &#8211; Facebook Page"},"content":{"rendered":"<div class=\"application-platform-content-item-description application-platform-content-item\" id=\"description\" data-nav-section=\"description\"><h2>Modulo di contatto per la pagina Facebook<\/h2><p>La scheda Contattaci di Elfsight su Facebook \u00e8 un potente strumento che pu\u00f2 aiutarti a soddisfare tutte le tue requisiti chiave per ottenere impressioni e ordini dai clienti della tua pagina. Se ti stai chiedendo come creare un modulo sulla tua pagina Facebook o semplicemente stai cercando un modo per aggiungere un modulo alla tua pagina Facebook, la nostra scheda pu\u00f2 aiutarti a incorporare gli elementi aggiuntivi per compilare il modulo, definire il layout richiesto, e modifica l&#8217;aspetto per ispirare ancora di pi\u00f9 i tuoi clienti a inviare una recensione sui tuoi servizi o sulla tua attivit\u00e0.<\/p><\/div><div class=\"application-platform-content-item-features application-platform-content-item\" id=\"features\" data-nav-section=\"features\"><h2>Plug-in del modulo di contatto<\/h2><p>Cosa rende il nostro modulo di contatto il miglior plugin per raccogliere le impressioni dei clienti e ricevere richieste per Facebook? Studia le nostre caratteristiche principali:<\/p><ul><li>Distribuisci i campi in pi\u00f9 colonne;<\/li><li>Supporto reCAPTCHA invisibile;<\/li><li>Supporto per pi\u00f9 indirizzi email;<\/li><li>10 icone incorporate per il pulsante mobile;<\/li><li>Formattazione del testo dell&#8217;intestazione: carattere tipografico, allineamento, elenco, collegamenti disponibili.<\/li><\/ul><p><a href=\"#demo\">Prova elenco completo delle funzionalit\u00e0 nella nostra demo<\/a><\/p><\/div><div class=\"application-platform-content-item-installation application-platform-content-item\" id=\"installation\" data-nav-section=\"installation\"><h2>Come creare la scheda Modulo di contatto per la pagina aziendale di Facebook<\/h2><p>Segui il nostro tutorial , per integrare il widget contatti alla tua pagina. La durata totale dell&#8217;installazione non richieder\u00e0 pi\u00f9 di circa 70 secondi.<\/p><ul><li><b>Crea il tuo widget Contatti<\/b><br>Utilizzando il nostro editor gratuito, crea un plugin con il layout preferibile e funzionalit\u00e0. <\/li><li><b>Acquisisci il codice personale per aggiungere il modulo<\/b><br>Dopo aver creato il tuo widget, otterrai il codice di installazione dalla notifica apparsa su Elfsight Apps. Copia questo codice per un ulteriore utilizzo. <\/li><li><b>Aggiungi la scheda del modulo alla pagina Facebook<\/b><br> Crea la tua scheda Facebook personalizzata. Inserisci nella scheda il codice che hai ricevuto su elfsight apps. In caso di problemi, consulta la nostra guida su <a href=\"https:\/\/elfsight.com\/blog\/how-to-add-custom-tab-to-facebook-page\/\" target=\"_blank\" rel=\"noopener noreferrer\">creazione di una scheda Facebook personalizzata<\/a><\/li><li><b>Fatto!<\/b><br>Vai alla pagina per controllare il tuo widget.<\/li><\/ul> <p>Hai riscontrato difficolt\u00e0 durante l&#8217;installazione del plug-in? Ti consigliamo di leggere la guida completa \u00abCome visualizzare il modulo di contatto su una pagina Facebook\u00bb e provare a incorporarlo nuovamente tu stesso o contattare il centro assistenza Elfsight per ottenere aiuto.<\/p><\/div><div class=\"faq\" data-component=\"FAQ\"><div class=\"faq-item\">\r\n\t\t\t\t\t<div class=\"faq-item-question\">\r\n\t\t\t\t\t\t<h3 class=\"faq-item-question-text\">Come conservo i dati dei moduli utente della pagina Facebook sulle mie pagine?<\/h3>\r\n\r\n\t\t\t\t\t\t<div class=\"faq-item-question-icon\"><\/div>\r\n\t\t\t\t\t<\/div>\r\n\r\n\t\t\t\t\t<div class=\"faq-item-answer\">\r\n\t\t\t\t\t\t<div class=\"faq-item-answer-text\"><p>Il nostro generatore di moduli \u00e8 dotato di uno dei servizi reCAPTCHA pi\u00f9 efficaci. \u00c8 stato integrato per preservare i moduli e la casella di posta da spam e bot e garantire un lavoro senza intoppi e solo dati redditizi. <\/p><\/div>\r\n\t\t\t\t\t<\/div>\r\n\t\t\t\t<\/div><div class=\"faq-item\">\r\n\t\t\t\t\t<div class=\"faq-item-question\">\r\n\t\t\t\t\t\t<h3 class=\"faq-item-question-text\">Avete qualche modello che supporta moduli logici condizionali\/campi multipli\/moduli e-mail?<\/h3>\r\n\r\n\t\t\t\t\t\t<div class=\"faq-item-question-icon\"><\/div>\r\n\t\t\t\t\t<\/div>\r\n\r\n\t\t\t\t\t<div class=\"faq-item-answer\">\r\n\t\t\t\t\t\t<div class=\"faq-item-answer-text\"><p>Certo! Tutto ci\u00f2 che devi fare \u00e8 accedere alle app Elfsight e scegliere qualsiasi modello pertinente, quindi iniziare a progettare il tuo strumento personalizzato. <\/p><\/div>\r\n\t\t\t\t\t<\/div>\r\n\t\t\t\t<\/div><div class=\"faq-item\">\r\n\t\t\t\t\t<div class=\"faq-item-question\">\r\n\t\t\t\t\t\t<h3 class=\"faq-item-question-text\">In che modo posso incorporare un modulo di contatto\/feedback nel sito web della mia pagina Facebook?<\/h3>\r\n\r\n\t\t\t\t\t\t<div class=\"faq-item-question-icon\"><\/div>\r\n\t\t\t\t\t<\/div>\r\n\r\n\t\t\t\t\t<div class=\"faq-item-answer\">\r\n\t\t\t\t\t\t<div class=\"faq-item-answer-text\"><p>Per costruire il modulo di contatto\/feedback, \u00e8 necessario accedere accedere al sito Web di Elfsight Apps ed eseguire tutte le modifiche necessarie al widget. Al termine, salva le modifiche e procedi al sito. Hai finito. <\/p><\/div>\r\n\t\t\t\t\t<\/div>\r\n\t\t\t\t<\/div><div class=\"faq-item\">\r\n\t\t\t\t\t<div class=\"faq-item-question\">\r\n\t\t\t\t\t\t<h3 class=\"faq-item-question-text\">Esistono modelli di moduli di contatto per il sito Web della pagina Facebook?<\/h3>\r\n\r\n\t\t\t\t\t\t<div class=\"faq-item-question-icon\"><\/div>\r\n\t\t\t\t\t<\/div>\r\n\r\n\t\t\t\t\t<div class=\"faq-item-answer\">\r\n\t\t\t\t\t\t<div class=\"faq-item-answer-text\"><p>S\u00ec, esistono! Il team di Elfsight ha realizzato una fantastica raccolta di oltre 300 modelli pronti all&#8217;uso. E non rimarrai deluso dai <a href=\"https:\/\/elfsight.com\/online-form-builder\/templates\/contact-forms\/\">modelli di moduli di contatto<\/a> di sicuro.<\/p> <\/div>\r\n\t\t\t\t\t<\/div>\r\n\t\t\t\t<\/div><\/div>","protected":false},"excerpt":{"rendered":"","protected":false},"author":9,"featured_media":0,"parent":1501,"menu_order":0,"comment_status":"closed","ping_status":"closed","template":"templates\/template-application-platform.php","meta":{"publish_to_discourse":"","publish_post_category":"","wpdc_auto_publish_overridden":"","wpdc_topic_tags":"","wpdc_pin_topic":"","wpdc_pin_until":"","discourse_post_id":"","discourse_permalink":"","wpdc_publishing_response":"","wpdc_publishing_error":"","footnotes":""},"class_list":["post-4075","page","type-page","status-publish","hentry"],"yoast_head":"<!-- This site is optimized with the Yoast SEO plugin v25.3.1 - https:\/\/yoast.com\/wordpress\/plugins\/seo\/ -->\n<title>Crea e aggiungi modulo di contatto su Facebook gratuitamente!<\/title>\n<meta name=\"description\" content=\"Ecco un&#039;opportunit\u00e0 per creare la scheda Modulo Contattaci e aggiungerla alla tua pagina aziendale di Facebook. Ottieni un servizio clienti gratuito e altri vantaggi da Elfsight.\" \/>\n<meta name=\"robots\" content=\"index, follow, max-snippet:-1, max-image-preview:large, max-video-preview:-1\" \/>\n<link rel=\"canonical\" href=\"https:\/\/elfsight.com\/it\/contact-form-widget\/facebook\/\" \/>\n<meta property=\"og:locale\" content=\"it_IT\" \/>\n<meta property=\"og:type\" content=\"article\" \/>\n<meta property=\"og:title\" content=\"Crea e aggiungi modulo di contatto su Facebook gratuitamente!\" \/>\n<meta property=\"og:description\" content=\"Ecco un&#039;opportunit\u00e0 per creare la scheda Modulo Contattaci e aggiungerla alla tua pagina aziendale di Facebook. Ottieni un servizio clienti gratuito e altri vantaggi da Elfsight.\" \/>\n<meta property=\"og:url\" content=\"https:\/\/elfsight.com\/it\/contact-form-widget\/facebook\/\" \/>\n<meta property=\"og:site_name\" content=\"Elfsight IT\" \/>\n<meta property=\"article:modified_time\" content=\"2024-11-12T08:31:21+00:00\" \/>\n<meta name=\"twitter:card\" content=\"summary_large_image\" \/>\n<meta name=\"twitter:label1\" content=\"Tempo di lettura stimato\" \/>\n\t<meta name=\"twitter:data1\" content=\"3 minuti\" \/>\n<!-- \/ Yoast SEO plugin. -->","yoast_head_json":{"title":"Crea e aggiungi modulo di contatto su Facebook gratuitamente!","description":"Ecco un'opportunit\u00e0 per creare la scheda Modulo Contattaci e aggiungerla alla tua pagina aziendale di Facebook. Ottieni un servizio clienti gratuito e altri vantaggi da Elfsight.","robots":{"index":"index","follow":"follow","max-snippet":"max-snippet:-1","max-image-preview":"max-image-preview:large","max-video-preview":"max-video-preview:-1"},"canonical":"https:\/\/elfsight.com\/it\/contact-form-widget\/facebook\/","og_locale":"it_IT","og_type":"article","og_title":"Crea e aggiungi modulo di contatto su Facebook gratuitamente!","og_description":"Ecco un'opportunit\u00e0 per creare la scheda Modulo Contattaci e aggiungerla alla tua pagina aziendale di Facebook. Ottieni un servizio clienti gratuito e altri vantaggi da Elfsight.","og_url":"https:\/\/elfsight.com\/it\/contact-form-widget\/facebook\/","og_site_name":"Elfsight IT","article_modified_time":"2024-11-12T08:31:21+00:00","twitter_card":"summary_large_image","twitter_misc":{"Tempo di lettura stimato":"3 minuti"},"schema":{"@context":"https:\/\/schema.org","@graph":[{"@type":"WebPage","@id":"https:\/\/elfsight.com\/it\/contact-form-widget\/facebook\/","url":"https:\/\/elfsight.com\/it\/contact-form-widget\/facebook\/","name":"Crea e aggiungi modulo di contatto su Facebook gratuitamente!","isPartOf":{"@id":"https:\/\/elfsight.com\/it\/#website"},"datePublished":"2024-05-03T06:32:45+00:00","dateModified":"2024-11-12T08:31:21+00:00","description":"Ecco un'opportunit\u00e0 per creare la scheda Modulo Contattaci e aggiungerla alla tua pagina aziendale di Facebook. Ottieni un servizio clienti gratuito e altri vantaggi da Elfsight.","breadcrumb":{"@id":"https:\/\/elfsight.com\/it\/contact-form-widget\/facebook\/#breadcrumb"},"inLanguage":"it-IT","potentialAction":[{"@type":"ReadAction","target":["https:\/\/elfsight.com\/it\/contact-form-widget\/facebook\/"]}]},{"@type":"BreadcrumbList","@id":"https:\/\/elfsight.com\/it\/contact-form-widget\/facebook\/#breadcrumb","itemListElement":[{"@type":"ListItem","position":1,"name":"Home","item":"https:\/\/elfsight.com\/it\/"},{"@type":"ListItem","position":2,"name":"Contact Form","item":"https:\/\/elfsight.com\/it\/contact-form-widget\/"},{"@type":"ListItem","position":3,"name":"Contact Form &#8211; Facebook Page"}]},{"@type":"WebSite","@id":"https:\/\/elfsight.com\/it\/#website","url":"https:\/\/elfsight.com\/it\/","name":"Elfsight IT","description":"Just another Elfsight Sites site","potentialAction":[{"@type":"SearchAction","target":{"@type":"EntryPoint","urlTemplate":"https:\/\/elfsight.com\/it\/?s={search_term_string}"},"query-input":{"@type":"PropertyValueSpecification","valueRequired":true,"valueName":"search_term_string"}}],"inLanguage":"it-IT"}]}},"meta_box":{"industry":"","seo_heading":"","heading":"","description":"","cta_heading":"","cta_description":"","application":"1500","h1":"Modulo di contatto per la pagina Facebook","h1_caption":"Crea e incorpora facilmente moduli di contatto nel tuo sito web per incoraggiare l'interazione e le richieste degli utenti nel sito web della tua pagina Facebook senza sforzo.","application_category":[],"applications_title":"","applications_request_title":"","applications_request_button_text":"","hero_text":"","hero_video":"","hero_video_schema_markup":"","selling_points_title":"","selling_points_caption":"","selling_points":[],"selling_points_cta_text":"","features_title":"","features":"","ed_cta_examples_text":"","ed_cta_examples_hidden":"","ed_cta_demo_text":"","ed_cta_demo_hidden":"","why_caption":"","why_editor_title":"","why_editor_text":"","why_team_title":"","why_team_text":"","why_service_title":"","why_service_text":"","template_catalog_visible":"","template_catalog_title":"","template_catalog_text":"","template_catalog_categories_visible":"","demo_title":"Crea il tuo widget Modulo di contatto","demo_caption":"Configura il tuo modulo di contatto e aggiungilo gratuitamente al sito della tua Pagina Facebook!","default_faq_hidden":"","app_template_category":[],"platform":"77","template_public_id":"","codecanyon_url":"","codecanyon_item_id":"","codecanyon_price":"","pricing_caption":"","pricing_elfsight_apps_hide_column":"","pricing_elfsight_apps_url":"","pricing_codecanyon_price_caption":"","integration_category":[],"integration_request_title":"","integration_request_cta":"","integration_platform":"","integrations":[],"platform_category":[],"video_schema_markup":"","price":"da $ 0 al mese","trial":"","benefits":[{"text":"Servizio di installazione gratuito"},{"text":"Supporto premium"},{"text":"Garanzia di rimborso di 14 giorni"},{"text":"Aggiornamenti gratuiti a vita"}],"button_url":"#demo","button_target_blank":"","button_nofollow":"","attributes":[{"name":"Installazioni"},{"name":"Reattivo","content":"S\u00cc"},{"name":"Browser compatibili","content":"Firefox, Safari, Opera, Chrome, Edge"}],"tags":[],"tags_disable_links":"","hide_more_platforms":"","video_object":"","demo_hide_cta":"","demo_hide_cloud_options":"","pricing_title":"","pricing":[{"pricing_icon":"platform","pricing_title":"Elfsight Apps","pricing_title_caption":"Versione multipiattaforma adatta a qualsiasi sito web","pricing_price":"da $ 0 \/ mese","pricing_price_caption":"inizia con il piano gratuito","pricing_benefits":[{"text":"Domini illimitati"},{"text":"Supporto aziendale gratuito"},{"text":"Assistenza gratuita per l'installazione"},{"text":"Progettazione flessibile"}],"pricing_button_text":"Aggiungi al sito web","pricing_button_url":"#demo"}],"related_apps_title":"","related_apps_hidden":"","author":"","image":[],"title":"","job":"","social_networks":[]},"_links":{"self":[{"href":"https:\/\/elfsight.com\/it\/wp-json\/wp\/v2\/pages\/4075","targetHints":{"allow":["GET"]}}],"collection":[{"href":"https:\/\/elfsight.com\/it\/wp-json\/wp\/v2\/pages"}],"about":[{"href":"https:\/\/elfsight.com\/it\/wp-json\/wp\/v2\/types\/page"}],"author":[{"embeddable":true,"href":"https:\/\/elfsight.com\/it\/wp-json\/wp\/v2\/users\/9"}],"replies":[{"embeddable":true,"href":"https:\/\/elfsight.com\/it\/wp-json\/wp\/v2\/comments?post=4075"}],"version-history":[{"count":1,"href":"https:\/\/elfsight.com\/it\/wp-json\/wp\/v2\/pages\/4075\/revisions"}],"predecessor-version":[{"id":4079,"href":"https:\/\/elfsight.com\/it\/wp-json\/wp\/v2\/pages\/4075\/revisions\/4079"}],"up":[{"embeddable":true,"href":"https:\/\/elfsight.com\/it\/wp-json\/wp\/v2\/pages\/1501"}],"wp:attachment":[{"href":"https:\/\/elfsight.com\/it\/wp-json\/wp\/v2\/media?parent=4075"}],"curies":[{"name":"wp","href":"https:\/\/api.w.org\/{rel}","templated":true}]}}