{"id":4059,"date":"2024-05-03T06:32:37","date_gmt":"2024-05-03T06:32:37","guid":{"rendered":"https:\/\/elfsight.com\/it\/?page_id=4059"},"modified":"2024-11-12T08:38:58","modified_gmt":"2024-11-12T08:38:58","slug":"bigcommerce","status":"publish","type":"page","link":"https:\/\/elfsight.com\/it\/click-to-call-widget\/bigcommerce\/","title":{"rendered":"Click to Call &#8211; BigCommerce"},"content":{"rendered":"<div class=\"application-platform-content-item-description application-platform-content-item\" id=\"description\" data-nav-section=\"description\"><h2>Descrizione<\/h2><p>Il pulsante Chiama ora di Elfsight \u00e8 un semplice widget per il sito web, che render\u00e0 pi\u00f9 veloce per il pubblico del sito raggiungerti al telefono. Quando si utilizzano i telefoni cellulari, il widget compone il numero quando un utente fa clic sull&#8217;icona del telefono. Su PC e tablet, il clic mostra il tuo numero sul sito e aiuta gli utenti a comporlo immediatamente. \u00c8 possibile non solo rivelare il tuo numero di telefono, ma anche visualizzare la finestra di chiamata che contiene il nome e l&#8217;immagine della persona di contatto del cliente e una didascalia. Tutte queste parti sono flessibili, il che consente di configurarti per avere aspetti diversi dell&#8217;interfaccia. Puoi anche impostare un trigger che faccia apparire il fumetto del telefono e impostare una categoria di pubblico del sito web per il quale sar\u00e0 attivo.<\/p><div class=\"faq\" data-component=\"FAQ\"><div class=\"faq-item\">\r\n\t\t\t\t\t<div class=\"faq-item-question\">\r\n\t\t\t\t\t\t<h3 class=\"faq-item-question-text\">Dove posso inserirlo sul mio sito<\/h3>\r\n\r\n\t\t\t\t\t\t<div class=\"faq-item-question-icon\"><\/div>\r\n\t\t\t\t\t<\/div>\r\n\r\n\t\t\t\t\t<div class=\"faq-item-answer\">\r\n\t\t\t\t\t\t<div class=\"faq-item-answer-text\"><p>Puoi introdurre Elfsight Click To Call su qualunque pagina ti serva o su tutte le pagine web. Nelle impostazioni del widget, puoi inserire gli URL delle pagine su cui devi abilitare il widget. Oppure applica la funzione Escludi e inserisci gli URL delle pagine in cui scegli di limitare la dimostrazione del widget.<\/p><\/div>\r\n\t\t\t\t\t<\/div>\r\n\t\t\t\t<\/div><div class=\"faq-item\">\r\n\t\t\t\t\t<div class=\"faq-item-question\">\r\n\t\t\t\t\t\t<h3 class=\"faq-item-question-text\">Quali vantaggi mi dar\u00e0?<\/h3>\r\n\r\n\t\t\t\t\t\t<div class=\"faq-item-question-icon\"><\/div>\r\n\t\t\t\t\t<\/div>\r\n\r\n\t\t\t\t\t<div class=\"faq-item-answer\">\r\n\t\t\t\t\t\t<div class=\"faq-item-answer-text\"><p>Puoi ricevere pi\u00f9 chiamate dai visitatori del sito web con l&#8217;aiuto di un modo semplice e immediato per chiamarti, senza lasciare il sito web. Ci\u00f2 contribuir\u00e0 ad avere pi\u00f9 conversazioni dirette e a convertire i visitatori in clienti. Inoltre, puoi creare la tua base clienti di lead.<\/p><\/div>\r\n\t\t\t\t\t<\/div>\r\n\t\t\t\t<\/div><div class=\"faq-item\">\r\n\t\t\t\t\t<div class=\"faq-item-question\">\r\n\t\t\t\t\t\t<h3 class=\"faq-item-question-text\">Come posso incorporare il pulsante di chiamata nel mio sito web BigCommerce?<\/h3>\r\n\r\n\t\t\t\t\t\t<div class=\"faq-item-question-icon\"><\/div>\r\n\t\t\t\t\t<\/div>\r\n\r\n\t\t\t\t\t<div class=\"faq-item-answer\">\r\n\t\t\t\t\t\t<div class=\"faq-item-answer-text\"><p>Ci vorr\u00e0 un minuto del tuo tempo per impostare il widget. L&#8217;incorporamento \u00e8 molto rapido, gratuito e non richiede codifica.<\/p><p>Il widget pu\u00f2 essere incorporato nel nostro servizio o tramite il marketplace. Qui puoi leggere tutti i dettagli su queste varianti e selezionare la tua.<\/p><\/div>\r\n\t\t\t\t\t<\/div>\r\n\t\t\t\t<\/div><\/div><\/div><div class=\"application-platform-content-item-features application-platform-content-item\" id=\"features\" data-nav-section=\"features\"><h2>Caratteristiche<\/h2><p>Per ottenere per avere un&#8217;idea migliore dell&#8217;app Click to Call, esamina l&#8217;elenco delle funzioni essenziali. Rendono il widget davvero vantaggioso per la tua attivit\u00e0:<\/p><ul><li>Chiamata istantanea sui cellulari;<\/li> <li>Tre opzioni di posizione del widget: mobile a sinistra o a destra o personalizzata;<\/li> <li>L&#8217;opzione di posizionare il widget su pagine selezionate o escludere pagine web;<\/li> <li>Scegliere le varianti dei visitatori per vedere il widget: tutti, nuovi e di ritorno;<\/li> <li>Attivazioni widget integrate: ora trascorso sulla pagina, tempo trascorso sul sito, percentuale di scorrimento e intenzione di uscire.<\/li> <\/ul><p><a href=\"#demo\">Controlla tutte le funzionalit\u00e0 nella nostra demo live<\/a><\/p><\/div> <div class=\"application-platform-content-item-installation application-platform-content-item\" id=\"installation\" data-nav-section=\"installation\"> <h2>Come aggiungere il pulsante Click To Call al tuo sito web BigCommerce<\/h2><p>Basta seguire le linee guida seguenti per iniziare a utilizzare il widget su BigCommerce. <\/p> <ol><li><b>Utilizza il nostro configuratore gratuito e inizia a creare la tua app personalizzata. <\/b><br> Trova l&#8217;interfaccia e le funzionalit\u00e0 adatte dello strumento e salva le correzioni. <\/li> <li><b>Ricevi il tuo codice univoco rivelato nella finestra delle app Elfsight. <\/b><br> Non appena la personalizzazione del tuo widget Click to Call sar\u00e0 completata, copia il codice personale nel popup emerso e conservalo per un utilizzo futuro. <\/li> <li><b>Accedi utilizzando il widget sul sito BigCommerce. <\/b><br> Inserisci il codice copiato in precedenza nel tuo sito e salva le modifiche. <\/li> <li><b>L&#8217;installazione \u00e8 terminata con successo. <\/b><br> Visita il tuo sito per osservare come funziona l&#8217;app. <\/li><\/ol><p>Dubbi ancora qualcosa? Oppure hai domande da porre? Scrivi semplicemente una richiesta al nostro servizio clienti, risolveremo qualsiasi problema.<\/p><\/div>","protected":false},"excerpt":{"rendered":"","protected":false},"author":9,"featured_media":0,"parent":1959,"menu_order":0,"comment_status":"closed","ping_status":"closed","template":"templates\/template-application-platform.php","meta":{"publish_to_discourse":"","publish_post_category":"","wpdc_auto_publish_overridden":"","wpdc_topic_tags":"","wpdc_pin_topic":"","wpdc_pin_until":"","discourse_post_id":"","discourse_permalink":"","wpdc_publishing_response":"","wpdc_publishing_error":"","footnotes":""},"class_list":["post-4059","page","type-page","status-publish","hentry"],"yoast_head":"<!-- This site is optimized with the Yoast SEO plugin v25.3.1 - https:\/\/yoast.com\/wordpress\/plugins\/seo\/ -->\n<title>Pulsante di chiamata BigCommerce | Aggiunta dell&#039;app Pulsante clic per chiamare sul sito Web [2025]<\/title>\n<meta name=\"description\" content=\"Crea l&#039;app Click to Call Button e aggiungila al tuo sito web BigCommerce. Ottieni assistenza clienti gratuita e altri bonus da Elfsight.\" \/>\n<meta name=\"robots\" content=\"index, follow, max-snippet:-1, max-image-preview:large, max-video-preview:-1\" \/>\n<link rel=\"canonical\" href=\"https:\/\/elfsight.com\/it\/click-to-call-widget\/bigcommerce\/\" \/>\n<meta property=\"og:locale\" content=\"it_IT\" \/>\n<meta property=\"og:type\" content=\"article\" \/>\n<meta property=\"og:title\" content=\"Pulsante di chiamata BigCommerce | Aggiunta dell&#039;app Pulsante clic per chiamare sul sito Web [2025]\" \/>\n<meta property=\"og:description\" content=\"Crea l&#039;app Click to Call Button e aggiungila al tuo sito web BigCommerce. Ottieni assistenza clienti gratuita e altri bonus da Elfsight.\" \/>\n<meta property=\"og:url\" content=\"https:\/\/elfsight.com\/it\/click-to-call-widget\/bigcommerce\/\" \/>\n<meta property=\"og:site_name\" content=\"Elfsight IT\" \/>\n<meta property=\"article:modified_time\" content=\"2024-11-12T08:38:58+00:00\" \/>\n<meta name=\"twitter:card\" content=\"summary_large_image\" \/>\n<meta name=\"twitter:label1\" content=\"Tempo di lettura stimato\" \/>\n\t<meta name=\"twitter:data1\" content=\"3 minuti\" \/>\n<!-- \/ Yoast SEO plugin. -->","yoast_head_json":{"title":"Pulsante di chiamata BigCommerce | Aggiunta dell'app Pulsante clic per chiamare sul sito Web [2025]","description":"Crea l'app Click to Call Button e aggiungila al tuo sito web BigCommerce. Ottieni assistenza clienti gratuita e altri bonus da Elfsight.","robots":{"index":"index","follow":"follow","max-snippet":"max-snippet:-1","max-image-preview":"max-image-preview:large","max-video-preview":"max-video-preview:-1"},"canonical":"https:\/\/elfsight.com\/it\/click-to-call-widget\/bigcommerce\/","og_locale":"it_IT","og_type":"article","og_title":"Pulsante di chiamata BigCommerce | Aggiunta dell'app Pulsante clic per chiamare sul sito Web [2025]","og_description":"Crea l'app Click to Call Button e aggiungila al tuo sito web BigCommerce. Ottieni assistenza clienti gratuita e altri bonus da Elfsight.","og_url":"https:\/\/elfsight.com\/it\/click-to-call-widget\/bigcommerce\/","og_site_name":"Elfsight IT","article_modified_time":"2024-11-12T08:38:58+00:00","twitter_card":"summary_large_image","twitter_misc":{"Tempo di lettura stimato":"3 minuti"},"schema":{"@context":"https:\/\/schema.org","@graph":[{"@type":"WebPage","@id":"https:\/\/elfsight.com\/it\/click-to-call-widget\/bigcommerce\/","url":"https:\/\/elfsight.com\/it\/click-to-call-widget\/bigcommerce\/","name":"Pulsante di chiamata BigCommerce | Aggiunta dell'app Pulsante clic per chiamare sul sito Web [2025]","isPartOf":{"@id":"https:\/\/elfsight.com\/it\/#website"},"datePublished":"2024-05-03T06:32:37+00:00","dateModified":"2024-11-12T08:38:58+00:00","description":"Crea l'app Click to Call Button e aggiungila al tuo sito web BigCommerce. Ottieni assistenza clienti gratuita e altri bonus da Elfsight.","breadcrumb":{"@id":"https:\/\/elfsight.com\/it\/click-to-call-widget\/bigcommerce\/#breadcrumb"},"inLanguage":"it-IT","potentialAction":[{"@type":"ReadAction","target":["https:\/\/elfsight.com\/it\/click-to-call-widget\/bigcommerce\/"]}]},{"@type":"BreadcrumbList","@id":"https:\/\/elfsight.com\/it\/click-to-call-widget\/bigcommerce\/#breadcrumb","itemListElement":[{"@type":"ListItem","position":1,"name":"Home","item":"https:\/\/elfsight.com\/it\/"},{"@type":"ListItem","position":2,"name":"Click to Call","item":"https:\/\/elfsight.com\/it\/click-to-call-widget\/"},{"@type":"ListItem","position":3,"name":"Click to Call &#8211; BigCommerce"}]},{"@type":"WebSite","@id":"https:\/\/elfsight.com\/it\/#website","url":"https:\/\/elfsight.com\/it\/","name":"Elfsight IT","description":"Just another Elfsight Sites site","potentialAction":[{"@type":"SearchAction","target":{"@type":"EntryPoint","urlTemplate":"https:\/\/elfsight.com\/it\/?s={search_term_string}"},"query-input":{"@type":"PropertyValueSpecification","valueRequired":true,"valueName":"search_term_string"}}],"inLanguage":"it-IT"}]}},"meta_box":{"industry":"","seo_heading":"","heading":"","description":"","cta_heading":"","cta_description":"","application":"1958","h1":"BigCommerce Clicca per chiamare il pulsante","h1_caption":"Consenti agli utenti di contattarti istantaneamente con un semplice pulsante click-to-call, rendendo pi\u00f9 semplice raggiungere direttamente il tuo sito web BigCommerce senza sforzo.","application_category":[],"applications_title":"","applications_request_title":"","applications_request_button_text":"","hero_text":"","hero_video":"","hero_video_schema_markup":"","selling_points_title":"","selling_points_caption":"","selling_points":[],"selling_points_cta_text":"","features_title":"","features":"","ed_cta_examples_text":"","ed_cta_examples_hidden":"","ed_cta_demo_text":"","ed_cta_demo_hidden":"","why_caption":"","why_editor_title":"","why_editor_text":"","why_team_title":"","why_team_text":"","why_service_title":"","why_service_text":"","template_catalog_visible":"","template_catalog_title":"","template_catalog_text":"","template_catalog_categories_visible":"","demo_title":"Crea la tua app Click to Call","demo_caption":"Configura il tuo Click to Call e aggiungilo gratuitamente al tuo sito BigCommerce!","default_faq_hidden":"","app_template_category":[],"platform":"32","template_public_id":"","codecanyon_url":"","codecanyon_item_id":"","codecanyon_price":"","pricing_caption":"","pricing_elfsight_apps_hide_column":"","pricing_elfsight_apps_url":"","pricing_codecanyon_price_caption":"","integration_category":[],"integration_request_title":"","integration_request_cta":"","integration_platform":"","integrations":[],"platform_category":[],"video_schema_markup":"","price":"da $ 0 al mese","trial":"","benefits":[{"text":"Servizio di installazione gratuito"},{"text":"Servizio clienti professionale"},{"text":"Garanzia di rimborso di 14 giorni"},{"text":"Aggiornamento costante"}],"button_url":"#demo","button_target_blank":"","button_nofollow":"","attributes":[{"name":"Installazioni"},{"name":"Reattivo","content":"S\u00cc"},{"name":"Browser compatibili","content":"IE11, Firefox, Safari, Opera, Chrome, Edge"}],"tags":[],"tags_disable_links":"","hide_more_platforms":"","video_object":"","demo_hide_cta":"","demo_hide_cloud_options":"","pricing_title":"","pricing":[{"pricing_icon":"platform","pricing_title":"Elfsight Apps","pricing_title_caption":"Soluzione indipendente dalla piattaforma che funziona su qualsiasi sito","pricing_price":"da $ 0 \/ mese","pricing_price_caption":"inizia con il piano gratuito","pricing_benefits":[{"text":"Siti web illimitati"},{"text":"Supporto aziendale gratuito e ben documentato"},{"text":"Servizio di installazione gratuito"},{"text":"100% personalizzabile"}],"pricing_button_text":"Aggiungi al sito web","pricing_button_url":"#demo"}],"related_apps_title":"","related_apps_hidden":"","author":"","image":[],"title":"","job":"","social_networks":[]},"_links":{"self":[{"href":"https:\/\/elfsight.com\/it\/wp-json\/wp\/v2\/pages\/4059","targetHints":{"allow":["GET"]}}],"collection":[{"href":"https:\/\/elfsight.com\/it\/wp-json\/wp\/v2\/pages"}],"about":[{"href":"https:\/\/elfsight.com\/it\/wp-json\/wp\/v2\/types\/page"}],"author":[{"embeddable":true,"href":"https:\/\/elfsight.com\/it\/wp-json\/wp\/v2\/users\/9"}],"replies":[{"embeddable":true,"href":"https:\/\/elfsight.com\/it\/wp-json\/wp\/v2\/comments?post=4059"}],"version-history":[{"count":1,"href":"https:\/\/elfsight.com\/it\/wp-json\/wp\/v2\/pages\/4059\/revisions"}],"predecessor-version":[{"id":4063,"href":"https:\/\/elfsight.com\/it\/wp-json\/wp\/v2\/pages\/4059\/revisions\/4063"}],"up":[{"embeddable":true,"href":"https:\/\/elfsight.com\/it\/wp-json\/wp\/v2\/pages\/1959"}],"wp:attachment":[{"href":"https:\/\/elfsight.com\/it\/wp-json\/wp\/v2\/media?parent=4059"}],"curies":[{"name":"wp","href":"https:\/\/api.w.org\/{rel}","templated":true}]}}