{"id":4058,"date":"2024-05-03T06:32:36","date_gmt":"2024-05-03T06:32:36","guid":{"rendered":"https:\/\/elfsight.com\/it\/?page_id=4058"},"modified":"2025-03-21T06:23:51","modified_gmt":"2025-03-21T06:23:51","slug":"blogger","status":"publish","type":"page","link":"https:\/\/elfsight.com\/it\/click-to-call-widget\/blogger\/","title":{"rendered":"Click to Call &#8211; Blogger"},"content":{"rendered":"\n<div class=\"application-platform-content-item-description application-platform-content-item\" id=\"description\" data-nav-section=\"description\"> <h2>Descrizione<\/h2> <p>Il pulsante Chiama ora di Elfsight \u00e8 un semplice widget per qualsiasi sito, che render\u00e0 pi\u00f9 veloce per i tuoi visitatori telefonarti. Visto dal cellulare, il widget inizia a comporre il numero selezionato, subito dopo che una persona fa clic sul fumetto del telefono. Se utilizzato da PC e tablet, il clic riveler\u00e0 il tuo numero sulla pagina e aiuter\u00e0 gli utenti a telefonarti immediatamente. C&#8217;\u00e8 un&#8217;opzione non solo per mostrare il tuo numero di telefono, ma anche per mostrare la finestra di chiamata in cui gli utenti possono vedere il nome e l&#8217;immagine della persona di contatto del cliente e una didascalia. Tutte le parti sono flessibili, il che consente di creare diversi aspetti dell&#8217;interfaccia. Puoi anche assegnare un trigger che attivi la bolla del telefono e decidere quale categoria di spettatori la vedr\u00e0. <\/p> <div class=\"faq\" data-component=\"FAQ\"><div class=\"faq-item\">\r\n\t\t\t\t\t<div class=\"faq-item-question\">\r\n\t\t\t\t\t\t<h3 class=\"faq-item-question-text\">Dove posso pubblicare questo plugin nel mio sito<\/h3>\r\n\r\n\t\t\t\t\t\t<div class=\"faq-item-question-icon\"><\/div>\r\n\t\t\t\t\t<\/div>\r\n\r\n\t\t\t\t\t<div class=\"faq-item-answer\">\r\n\t\t\t\t\t\t<div class=\"faq-item-answer-text\"> <p>Puoi inserirlo in qualunque pagina del tuo sito cos\u00ec come in tutte le pagine. Nelle impostazioni Click To Call puoi inserire gli URL delle pagine su cui desideri posizionare il widget. In alternativa, utilizza la funzione Escludi e aggiungi gli URL delle pagine esatte in cui desideri vietare la visualizzazione del widget. <\/p> <\/div>\r\n\t\t\t\t\t<\/div>\r\n\t\t\t\t<\/div><div class=\"faq-item\">\r\n\t\t\t\t\t<div class=\"faq-item-question\">\r\n\t\t\t\t\t\t<h3 class=\"faq-item-question-text\">Come posso trarre vantaggio dal widget Chiamate?<\/h3>\r\n\r\n\t\t\t\t\t\t<div class=\"faq-item-question-icon\"><\/div>\r\n\t\t\t\t\t<\/div>\r\n\r\n\t\t\t\t\t<div class=\"faq-item-answer\">\r\n\t\t\t\t\t\t<div class=\"faq-item-answer-text\"> <p>Puoi iniziare a ricevere pi\u00f9 chiamate dai clienti grazie al modo rapido e pratico di chiamarti al telefono, senza lasciando la pagina web. Pu\u00f2 contribuire ad avere pi\u00f9 conversazioni dirette e a trasformare i visitatori in clienti. Inoltre, puoi raccogliere la tua base di clienti di lead. <\/p> <\/div>\r\n\t\t\t\t\t<\/div>\r\n\t\t\t\t<\/div> <div class=\"faq-item\">\r\n\t\t\t\t\t<div class=\"faq-item-question\">\r\n\t\t\t\t\t\t<h3 class=\"faq-item-question-text\">Come posso installare il widget Chiamate sul mio sito Blogger?<\/h3>\r\n\r\n\t\t\t\t\t\t<div class=\"faq-item-question-icon\"><\/div>\r\n\t\t\t\t\t<\/div>\r\n\r\n\t\t\t\t\t<div class=\"faq-item-answer\">\r\n\t\t\t\t\t\t<div class=\"faq-item-answer-text\"> <p>Ti servono solo due minuti del tuo tempo per configurarlo. L\u2019incorporamento \u00e8 davvero rapido, gratuito e non richiede codifica. <\/p> <p>Puoi integrare il widget Chiamata con il tuo sito web direttamente nel nostro servizio. Per questo, applica la guida qui sotto in questa pagina.<\/p> <\/div>\r\n\t\t\t\t\t<\/div>\r\n\t\t\t\t<\/div> <\/div> <\/div> <div class=\"application-platform-content-item-features application-platform-content-item\" id=\"features\" data-nav-section=\"features\"> <h2>Caratteristiche<\/h2> <p>Per modellare un chiaro idea del widget, visualizza l&#8217;elenco delle sue funzioni pi\u00f9 importanti. Rendono questo widget incredibilmente vantaggioso per te: <\/p> <ul><li>Chiamata immediata sui cellulari; <\/li> <li>Seleziona una delle opzioni di posizione del widget: mobile a sinistra o a destra o personalizzato; <\/li> <li>L&#8217;opzione per mostrare il widget su pagine web specifiche o per escludere pagine; <\/li> <li>Tre tipi di visitatori per i quali verr\u00e0 visualizzato il widget: tutti, nuovi o di ritorno; <\/li> <li> Quattro trigger di apertura del widget integrati: tempo trascorso sulla pagina, tempo sul sito, quantit\u00e0 di scorrimento e tentativo di lasciare il sito. <\/li> <\/ul><p><a href=\"#demo\">Per esplorare altre funzionalit\u00e0, guarda la demo<\/a><\/p> <\/div> <div class=\"application-platform-content-item-installation application-platform-content-item\" id=\"installation\" data-nav-section=\"installation\"> <h2> Come aggiungere il widget Click To Call al tuo sito web Blogger<\/h2> <p>I passaggi seguenti sono le uniche cose che devi fare per attivare il widget. <\/p> <ol><li><b>Costruisci il tuo plug-in Call personalizzato<\/b><br> Con l&#8217;aiuto del nostro editor gratuito, crea un plug-in con layout e funzionalit\u00e0 personalizzati. <\/li><li><b>Ricevi il codice individuale per installare il plugin<\/b><br> Dopo aver impostato il tuo widget, acquisirai il codice di installazione dalla finestra visualizzata su Elfsight Apps. Copialo. <\/li> <li><b>Integra il plug-in nel tuo sito Blogger<\/b><br> Vai all&#8217;area in cui prevedi di integrare il plug-in e aggiungi l\u00ec il codice copiato. Pubblica le modifiche. <\/li> <li><b>L&#8217;installazione \u00e8 terminata<\/b><br> Entra nella pagina per dare un&#8217;occhiata al tuo plugin Call. <\/li> <\/ol><p>Dubbi ancora qualcosa? Oppure hai problemi? Basta una singola richiesta al nostro servizio di assistenza clienti per risolvere qualsiasi tipo di problema. <\/p> <\/div>\n","protected":false},"excerpt":{"rendered":"","protected":false},"author":9,"featured_media":0,"parent":1959,"menu_order":0,"comment_status":"closed","ping_status":"closed","template":"templates\/template-application-platform.php","meta":{"publish_to_discourse":"","publish_post_category":"","wpdc_auto_publish_overridden":"","wpdc_topic_tags":"","wpdc_pin_topic":"","wpdc_pin_until":"","discourse_post_id":"","discourse_permalink":"","wpdc_publishing_response":"","wpdc_publishing_error":"","footnotes":""},"class_list":["post-4058","page","type-page","status-publish","hentry"],"yoast_head":"<!-- This site is optimized with the Yoast SEO plugin v25.3.1 - https:\/\/yoast.com\/wordpress\/plugins\/seo\/ -->\n<title>Aggiungi il widget del pulsante Click to Call sul sito web di Blogger (gratuito e veloce)<\/title>\n<meta name=\"description\" content=\"Con Elfsight, produci il tuo Click to Call e aggiungilo al sito di Blogger in pochissimo tempo. Abbiamo un servizio clienti gratuito e pi\u00f9 bonus.\" \/>\n<meta name=\"robots\" content=\"index, follow, max-snippet:-1, max-image-preview:large, max-video-preview:-1\" \/>\n<link rel=\"canonical\" href=\"https:\/\/elfsight.com\/it\/click-to-call-widget\/blogger\/\" \/>\n<meta property=\"og:locale\" content=\"it_IT\" \/>\n<meta property=\"og:type\" content=\"article\" \/>\n<meta property=\"og:title\" content=\"Aggiungi il widget del pulsante Click to Call sul sito web di Blogger (gratuito e veloce)\" \/>\n<meta property=\"og:description\" content=\"Con Elfsight, produci il tuo Click to Call e aggiungilo al sito di Blogger in pochissimo tempo. Abbiamo un servizio clienti gratuito e pi\u00f9 bonus.\" \/>\n<meta property=\"og:url\" content=\"https:\/\/elfsight.com\/it\/click-to-call-widget\/blogger\/\" \/>\n<meta property=\"og:site_name\" content=\"Elfsight IT\" \/>\n<meta property=\"article:modified_time\" content=\"2025-03-21T06:23:51+00:00\" \/>\n<meta name=\"twitter:card\" content=\"summary_large_image\" \/>\n<meta name=\"twitter:label1\" content=\"Tempo di lettura stimato\" \/>\n\t<meta name=\"twitter:data1\" content=\"3 minuti\" \/>\n<!-- \/ Yoast SEO plugin. -->","yoast_head_json":{"title":"Aggiungi il widget del pulsante Click to Call sul sito web di Blogger (gratuito e veloce)","description":"Con Elfsight, produci il tuo Click to Call e aggiungilo al sito di Blogger in pochissimo tempo. Abbiamo un servizio clienti gratuito e pi\u00f9 bonus.","robots":{"index":"index","follow":"follow","max-snippet":"max-snippet:-1","max-image-preview":"max-image-preview:large","max-video-preview":"max-video-preview:-1"},"canonical":"https:\/\/elfsight.com\/it\/click-to-call-widget\/blogger\/","og_locale":"it_IT","og_type":"article","og_title":"Aggiungi il widget del pulsante Click to Call sul sito web di Blogger (gratuito e veloce)","og_description":"Con Elfsight, produci il tuo Click to Call e aggiungilo al sito di Blogger in pochissimo tempo. Abbiamo un servizio clienti gratuito e pi\u00f9 bonus.","og_url":"https:\/\/elfsight.com\/it\/click-to-call-widget\/blogger\/","og_site_name":"Elfsight IT","article_modified_time":"2025-03-21T06:23:51+00:00","twitter_card":"summary_large_image","twitter_misc":{"Tempo di lettura stimato":"3 minuti"},"schema":{"@context":"https:\/\/schema.org","@graph":[{"@type":"WebPage","@id":"https:\/\/elfsight.com\/it\/click-to-call-widget\/blogger\/","url":"https:\/\/elfsight.com\/it\/click-to-call-widget\/blogger\/","name":"Aggiungi il widget del pulsante Click to Call sul sito web di Blogger (gratuito e veloce)","isPartOf":{"@id":"https:\/\/elfsight.com\/it\/#website"},"datePublished":"2024-05-03T06:32:36+00:00","dateModified":"2025-03-21T06:23:51+00:00","description":"Con Elfsight, produci il tuo Click to Call e aggiungilo al sito di Blogger in pochissimo tempo. Abbiamo un servizio clienti gratuito e pi\u00f9 bonus.","breadcrumb":{"@id":"https:\/\/elfsight.com\/it\/click-to-call-widget\/blogger\/#breadcrumb"},"inLanguage":"it-IT","potentialAction":[{"@type":"ReadAction","target":["https:\/\/elfsight.com\/it\/click-to-call-widget\/blogger\/"]}]},{"@type":"BreadcrumbList","@id":"https:\/\/elfsight.com\/it\/click-to-call-widget\/blogger\/#breadcrumb","itemListElement":[{"@type":"ListItem","position":1,"name":"Home","item":"https:\/\/elfsight.com\/it\/"},{"@type":"ListItem","position":2,"name":"Click to Call","item":"https:\/\/elfsight.com\/it\/click-to-call-widget\/"},{"@type":"ListItem","position":3,"name":"Click to Call &#8211; Blogger"}]},{"@type":"WebSite","@id":"https:\/\/elfsight.com\/it\/#website","url":"https:\/\/elfsight.com\/it\/","name":"Elfsight IT","description":"Just another Elfsight Sites site","potentialAction":[{"@type":"SearchAction","target":{"@type":"EntryPoint","urlTemplate":"https:\/\/elfsight.com\/it\/?s={search_term_string}"},"query-input":{"@type":"PropertyValueSpecification","valueRequired":true,"valueName":"search_term_string"}}],"inLanguage":"it-IT"}]}},"meta_box":{"industry":"","seo_heading":"","heading":"","description":"","cta_heading":"","cta_description":"","application":"1958","h1":"Widget Clicca per chiamare di Blogger","h1_caption":"Consenti agli utenti di contattarti istantaneamente con un semplice pulsante \"click-to-call\", rendendo pi\u00f9 semplice raggiungere direttamente il tuo sito web Blogger senza sforzo.","application_category":[],"applications_title":"","applications_request_title":"","applications_request_button_text":"","hero_text":"","hero_video":"","hero_video_schema_markup":"","selling_points_title":"","selling_points_caption":"","selling_points":[],"selling_points_cta_text":"","features_title":"","features":"","ed_cta_examples_text":"","ed_cta_examples_hidden":"","ed_cta_demo_text":"","ed_cta_demo_hidden":"","why_caption":"","why_editor_title":"","why_editor_text":"","why_team_title":"","why_team_text":"","why_service_title":"","why_service_text":"","template_catalog_visible":"0","template_catalog_title":"","template_catalog_text":"","template_catalog_categories_visible":"","demo_title":"Crea il tuo widget Click to Call","demo_caption":"Configura il tuo Click to Call e aggiungilo gratuitamente al tuo sito Blogger!","default_faq_hidden":"","app_template_category":[],"platform":"33","template_public_id":"","codecanyon_url":"","codecanyon_item_id":"","codecanyon_price":"","pricing_caption":"","pricing_elfsight_apps_hide_column":"","pricing_elfsight_apps_url":"","pricing_codecanyon_price_caption":"","integration_category":[],"integration_request_title":"","integration_request_cta":"","integration_platform":"","integrations":[],"platform_category":[],"video_schema_markup":"","price":"da $ 0 al mese","trial":"","benefits":[{"text":"Servizio di installazione gratuito"},{"text":"Servizio clienti professionale"},{"text":"Garanzia di rimborso di 14 giorni"},{"text":"Aggiornamento costante"}],"button_url":"#demo","button_target_blank":"0","button_nofollow":"0","attributes":[{"name":"Installazioni"},{"name":"Reattivo","content":"Progettazione adattiva"},{"name":"Browser compatibili","content":"Firefox, Edge, Chrome, Safari, Opera"}],"tags":[],"tags_disable_links":"0","hide_more_platforms":"0","video_object":"","demo_hide_cta":"0","demo_hide_cloud_options":"0","pricing_title":"","pricing":[{"pricing_icon":"platform","pricing_title":"Elfsight Apps","pricing_title_caption":"Versione indipendente dalla piattaforma","pricing_price":"da $ 0 \/ mese","pricing_price_caption":"inizia con un piano gratuito","pricing_benefits":[{"text":"Siti web illimitati"},{"text":"Supporto aziendale premium e ben documentato"},{"text":"Aiuto gratuito per l'installazione"},{"text":"100% personalizzabile"}],"pricing_button_text":"Aggiungi al sito web","pricing_button_url":"#demo"}],"related_apps_title":"","related_apps_hidden":"0","author":"","image":[],"title":"","job":"","social_networks":[]},"_links":{"self":[{"href":"https:\/\/elfsight.com\/it\/wp-json\/wp\/v2\/pages\/4058","targetHints":{"allow":["GET"]}}],"collection":[{"href":"https:\/\/elfsight.com\/it\/wp-json\/wp\/v2\/pages"}],"about":[{"href":"https:\/\/elfsight.com\/it\/wp-json\/wp\/v2\/types\/page"}],"author":[{"embeddable":true,"href":"https:\/\/elfsight.com\/it\/wp-json\/wp\/v2\/users\/9"}],"replies":[{"embeddable":true,"href":"https:\/\/elfsight.com\/it\/wp-json\/wp\/v2\/comments?post=4058"}],"version-history":[{"count":2,"href":"https:\/\/elfsight.com\/it\/wp-json\/wp\/v2\/pages\/4058\/revisions"}],"predecessor-version":[{"id":9492,"href":"https:\/\/elfsight.com\/it\/wp-json\/wp\/v2\/pages\/4058\/revisions\/9492"}],"up":[{"embeddable":true,"href":"https:\/\/elfsight.com\/it\/wp-json\/wp\/v2\/pages\/1959"}],"wp:attachment":[{"href":"https:\/\/elfsight.com\/it\/wp-json\/wp\/v2\/media?parent=4058"}],"curies":[{"name":"wp","href":"https:\/\/api.w.org\/{rel}","templated":true}]}}