{"id":4053,"date":"2024-05-03T06:32:35","date_gmt":"2024-05-03T06:32:35","guid":{"rendered":"https:\/\/elfsight.com\/it\/?page_id=4053"},"modified":"2024-11-12T08:38:58","modified_gmt":"2024-11-12T08:38:58","slug":"drupal","status":"publish","type":"page","link":"https:\/\/elfsight.com\/it\/click-to-call-widget\/drupal\/","title":{"rendered":"Click to Call &#8211; Drupal"},"content":{"rendered":"<div class=\"application-platform-content-item-description application-platform-content-item\" id=\"description\" data-nav-section=\"description\"> <h2>Descrizione<\/h2> <p>Il pulsante Elfsight Now Button \u00e8 un widget semplice per qualsiasi sito web, che rende pi\u00f9 semplice per i clienti avviare una telefonata. Sui dispositivi mobili, il widget compone il numero incorporato non appena l&#8217;utente fa clic sull&#8217;icona del telefono. Sui desktop, il clic mostra il tuo numero di telefono sul sito per aiutare gli utenti a iniziare a comporre il numero nello stesso secondo. \u00c8 possibile non solo aggiungere il numero, ma anche configurare la finestra di chiamata con il nome e la foto della persona da contattare e un breve testo. Tutti gli elementi sono commutabili e consentono di modellare qualsiasi variante dell&#8217;interfaccia. Therese ha anche una funzione per definire un trigger che far\u00e0 uscire la bolla del telefono e sceglier\u00e0 una categoria di visitatori per i quali verr\u00e0 mostrata. <\/p> <div class=\"faq\" data-component=\"FAQ\"><div class=\"faq-item\">\r\n\t\t\t\t\t<div class=\"faq-item-question\">\r\n\t\t\t\t\t\t<h3 class=\"faq-item-question-text\">Dove posso visualizzare questo plugin<\/h3>\r\n\r\n\t\t\t\t\t\t<div class=\"faq-item-question-icon\"><\/div>\r\n\t\t\t\t\t<\/div>\r\n\r\n\t\t\t\t\t<div class=\"faq-item-answer\">\r\n\t\t\t\t\t\t<div class=\"faq-item-answer-text\"> <p>Il widget pu\u00f2 apparire su qualsiasi pagina del sito o su tutte le pagine web. Nelle impostazioni del widget, c&#8217;\u00e8 una funzione per inserire gli URL delle pagine selezionate in cui devi posizionare il widget. Un altro modo \u00e8 applicare l&#8217;opzione Escludi e inserire gli URL delle pagine in cui desideri vietare la dimostrazione del widget.<\/p> <\/div>\r\n\t\t\t\t\t<\/div>\r\n\t\t\t\t<\/div><div class=\"faq-item\">\r\n\t\t\t\t\t<div class=\"faq-item-question\">\r\n\t\t\t\t\t\t<h3 class=\"faq-item-question-text\">Come posso trarre vantaggio dal pulsante Click to Call?<\/h3>\r\n\r\n\t\t\t\t\t\t<div class=\"faq-item-question-icon\"><\/div>\r\n\t\t\t\t\t<\/div>\r\n\r\n\t\t\t\t\t<div class=\"faq-item-answer\">\r\n\t\t\t\t\t\t<div class=\"faq-item-answer-text\"> <p>Puoi ricevere pi\u00f9 telefonate da potenziali clienti grazie al modo semplice e immediato per metterti in contatto con te rimanendo sul sito web. Ci\u00f2 potrebbe aiutarti ad avere pi\u00f9 comunicazioni personali e a convertire gli utenti in clienti. Inoltre, puoi creare il tuo database di lead. <\/p> <\/div>\r\n\t\t\t\t\t<\/div>\r\n\t\t\t\t<\/div> <div class=\"faq-item\">\r\n\t\t\t\t\t<div class=\"faq-item-question\">\r\n\t\t\t\t\t\t<h3 class=\"faq-item-question-text\">Come incorporo il modulo Chiamata nel mio sito Drupal?<\/h3>\r\n\r\n\t\t\t\t\t\t<div class=\"faq-item-question-icon\"><\/div>\r\n\t\t\t\t\t<\/div>\r\n\r\n\t\t\t\t\t<div class=\"faq-item-answer\">\r\n\t\t\t\t\t\t<div class=\"faq-item-answer-text\"> <p>Hai solo bisogno di un minuto di tempo per avere il widget attivo e funzionante. L&#8217;aggiunta \u00e8 molto rapida, gratuita e senza codifica. <\/p> <p>Il widget pu\u00f2 essere integrato direttamente sul nostro servizio o tramite il marketplace. Qui puoi leggere i pro e i contro di entrambe le opzioni e selezionare quella pi\u00f9 adatta.<\/p> <\/div>\r\n\t\t\t\t\t<\/div>\r\n\t\t\t\t<\/div> <\/div> <\/div><div class=\"application-platform-content-item-features application-platform-content-item\" id=\"features\" data-nav-section=\"features\"> <h2>Caratteristiche<\/h2> <p>Per una conoscenza pi\u00f9 chiara del Click to Call, ecco l&#8217;elenco delle caratteristiche pi\u00f9 preziose. Rendono questo widget incredibilmente vantaggioso per te:<\/p> <ul><li>Chiamate veloci su dispositivi mobili; <\/li> <li>Tre varianti integrate di posizionamento dei widget: Mobile a sinistra, Mobile a destra o personalizzato; <\/li> <li>La possibilit\u00e0 di incorporare widget su pagine particolari o di escludere pagine web; <\/li> <li>Tre gruppi di utenti a cui mostrare il widget: tutti, nuovi e solo di ritorno; <\/li> <li> 4 trigger di attivazione del widget: tempo sulla pagina, tempo trascorso sul sito Web, quantit\u00e0 di scorrimento o intento di uscita. <\/li> <\/ul><p><a href=\"#demo\">Scopri l&#8217;elenco completo delle funzionalit\u00e0 nella nostra demo live<\/a><\/p> <\/div> <div class=\"application-platform-content-item-installation  application-platform-content-item\" id=\"installation \" data-nav-section=\"installation \"> <h2>Come aggiungere il modulo Pulsante Click To Call alla tua pagina Drupal<\/h2> <p>Segui semplicemente le istruzioni seguenti per attivare il modulo su Drupal.<\/p> <ol><li><b> Esegui la nostra demo gratuita e inizia a creare il tuo modulo personalizzato. <\/b><br> Specifica il layout e le caratteristiche desiderati del modulo Click to Call e applica le modifiche. <\/li> <li><b>Copia il tuo codice personale esposto nell&#8217;apposito form su Elfsight Apps. <\/b><br> Una volta terminata la personalizzazione del tuo strumento, copia il codice esclusivo nella casella visualizzata e salvalo per un utilizzo futuro. <\/li> <li><b>Avviare l&#8217;utilizzo del modulo sul sito Drupal. <\/b><br> Implementa il codice copiato in precedenza nel tuo sito web e applica le modifiche. <\/li> <li><b>L&#8217;installazione \u00e8 completamente terminata. <\/b><br> Visita il tuo sito web per esaminare le prestazioni del plug-in. <\/li><\/ol><p>Hai ancora qualcosa che ti rende insicuro? O hai domande? Basta scrivere una richiesta al nostro servizio clienti, risolveremo qualsiasi domanda. <\/p> <\/div>","protected":false},"excerpt":{"rendered":"","protected":false},"author":9,"featured_media":0,"parent":1959,"menu_order":0,"comment_status":"closed","ping_status":"closed","template":"templates\/template-application-platform.php","meta":{"publish_to_discourse":"","publish_post_category":"","wpdc_auto_publish_overridden":"","wpdc_topic_tags":"","wpdc_pin_topic":"","wpdc_pin_until":"","discourse_post_id":"","discourse_permalink":"","wpdc_publishing_response":"","wpdc_publishing_error":"","footnotes":""},"class_list":["post-4053","page","type-page","status-publish","hentry"],"yoast_head":"<!-- This site is optimized with the Yoast SEO plugin v25.3.1 - https:\/\/yoast.com\/wordpress\/plugins\/seo\/ -->\n<title>Pulsante di chiamata Drupal | Aggiungi il modulo Pulsante Click to Call al sito web (2025)<\/title>\n<meta name=\"description\" content=\"Con Elfsight, costruisci il tuo modulo Click to Call Button e aggiungilo al tuo sito Drupal. Abbiamo un servizio clienti gratuito e pi\u00f9 bonus.\" \/>\n<meta name=\"robots\" content=\"index, follow, max-snippet:-1, max-image-preview:large, max-video-preview:-1\" \/>\n<link rel=\"canonical\" href=\"https:\/\/elfsight.com\/it\/click-to-call-widget\/drupal\/\" \/>\n<meta property=\"og:locale\" content=\"it_IT\" \/>\n<meta property=\"og:type\" content=\"article\" \/>\n<meta property=\"og:title\" content=\"Pulsante di chiamata Drupal | Aggiungi il modulo Pulsante Click to Call al sito web (2025)\" \/>\n<meta property=\"og:description\" content=\"Con Elfsight, costruisci il tuo modulo Click to Call Button e aggiungilo al tuo sito Drupal. Abbiamo un servizio clienti gratuito e pi\u00f9 bonus.\" \/>\n<meta property=\"og:url\" content=\"https:\/\/elfsight.com\/it\/click-to-call-widget\/drupal\/\" \/>\n<meta property=\"og:site_name\" content=\"Elfsight IT\" \/>\n<meta property=\"article:modified_time\" content=\"2024-11-12T08:38:58+00:00\" \/>\n<meta name=\"twitter:card\" content=\"summary_large_image\" \/>\n<meta name=\"twitter:label1\" content=\"Tempo di lettura stimato\" \/>\n\t<meta name=\"twitter:data1\" content=\"3 minuti\" \/>\n<!-- \/ Yoast SEO plugin. -->","yoast_head_json":{"title":"Pulsante di chiamata Drupal | Aggiungi il modulo Pulsante Click to Call al sito web (2025)","description":"Con Elfsight, costruisci il tuo modulo Click to Call Button e aggiungilo al tuo sito Drupal. Abbiamo un servizio clienti gratuito e pi\u00f9 bonus.","robots":{"index":"index","follow":"follow","max-snippet":"max-snippet:-1","max-image-preview":"max-image-preview:large","max-video-preview":"max-video-preview:-1"},"canonical":"https:\/\/elfsight.com\/it\/click-to-call-widget\/drupal\/","og_locale":"it_IT","og_type":"article","og_title":"Pulsante di chiamata Drupal | Aggiungi il modulo Pulsante Click to Call al sito web (2025)","og_description":"Con Elfsight, costruisci il tuo modulo Click to Call Button e aggiungilo al tuo sito Drupal. Abbiamo un servizio clienti gratuito e pi\u00f9 bonus.","og_url":"https:\/\/elfsight.com\/it\/click-to-call-widget\/drupal\/","og_site_name":"Elfsight IT","article_modified_time":"2024-11-12T08:38:58+00:00","twitter_card":"summary_large_image","twitter_misc":{"Tempo di lettura stimato":"3 minuti"},"schema":{"@context":"https:\/\/schema.org","@graph":[{"@type":"WebPage","@id":"https:\/\/elfsight.com\/it\/click-to-call-widget\/drupal\/","url":"https:\/\/elfsight.com\/it\/click-to-call-widget\/drupal\/","name":"Pulsante di chiamata Drupal | Aggiungi il modulo Pulsante Click to Call al sito web (2025)","isPartOf":{"@id":"https:\/\/elfsight.com\/it\/#website"},"datePublished":"2024-05-03T06:32:35+00:00","dateModified":"2024-11-12T08:38:58+00:00","description":"Con Elfsight, costruisci il tuo modulo Click to Call Button e aggiungilo al tuo sito Drupal. Abbiamo un servizio clienti gratuito e pi\u00f9 bonus.","breadcrumb":{"@id":"https:\/\/elfsight.com\/it\/click-to-call-widget\/drupal\/#breadcrumb"},"inLanguage":"it-IT","potentialAction":[{"@type":"ReadAction","target":["https:\/\/elfsight.com\/it\/click-to-call-widget\/drupal\/"]}]},{"@type":"BreadcrumbList","@id":"https:\/\/elfsight.com\/it\/click-to-call-widget\/drupal\/#breadcrumb","itemListElement":[{"@type":"ListItem","position":1,"name":"Home","item":"https:\/\/elfsight.com\/it\/"},{"@type":"ListItem","position":2,"name":"Click to Call","item":"https:\/\/elfsight.com\/it\/click-to-call-widget\/"},{"@type":"ListItem","position":3,"name":"Click to Call &#8211; Drupal"}]},{"@type":"WebSite","@id":"https:\/\/elfsight.com\/it\/#website","url":"https:\/\/elfsight.com\/it\/","name":"Elfsight IT","description":"Just another Elfsight Sites site","potentialAction":[{"@type":"SearchAction","target":{"@type":"EntryPoint","urlTemplate":"https:\/\/elfsight.com\/it\/?s={search_term_string}"},"query-input":{"@type":"PropertyValueSpecification","valueRequired":true,"valueName":"search_term_string"}}],"inLanguage":"it-IT"}]}},"meta_box":{"industry":"","seo_heading":"","heading":"","description":"","cta_heading":"","cta_description":"","application":"1958","h1":"Widget Drupal Click to Call","h1_caption":"Consenti agli utenti di contattarti istantaneamente con un semplice pulsante \"click-to-call\", rendendo pi\u00f9 semplice raggiungere direttamente il tuo sito Web Drupal senza sforzo.","application_category":[],"applications_title":"","applications_request_title":"","applications_request_button_text":"","hero_text":"","hero_video":"","hero_video_schema_markup":"","selling_points_title":"","selling_points_caption":"","selling_points":[],"selling_points_cta_text":"","features_title":"","features":"","ed_cta_examples_text":"","ed_cta_examples_hidden":"","ed_cta_demo_text":"","ed_cta_demo_hidden":"","why_caption":"","why_editor_title":"","why_editor_text":"","why_team_title":"","why_team_text":"","why_service_title":"","why_service_text":"","template_catalog_visible":"","template_catalog_title":"","template_catalog_text":"","template_catalog_categories_visible":"","demo_title":"Crea il tuo modulo Click to Call","demo_caption":"Configura il tuo Click to Call e aggiungilo gratuitamente al tuo sito Drupal!","default_faq_hidden":"","app_template_category":[],"platform":"34","template_public_id":"","codecanyon_url":"","codecanyon_item_id":"","codecanyon_price":"","pricing_caption":"","pricing_elfsight_apps_hide_column":"","pricing_elfsight_apps_url":"","pricing_codecanyon_price_caption":"","integration_category":[],"integration_request_title":"","integration_request_cta":"","integration_platform":"","integrations":[],"platform_category":[],"video_schema_markup":"","price":"da $ 0 al mese","trial":"","benefits":[{"text":"Servizio di installazione gratuito"},{"text":"Assistenza clienti efficace"},{"text":"Garanzia di rimborso di 14 giorni"},{"text":"Aggiornamento costante"}],"button_url":"#demo","button_target_blank":"","button_nofollow":"","attributes":[{"name":"Installazioni"},{"name":"Reattivo","content":"S\u00cc"},{"name":"Browser compatibili","content":"Firefox, Safari, Opera, Chrome, Edge"}],"tags":[],"tags_disable_links":"","hide_more_platforms":"","video_object":"","demo_hide_cta":"","demo_hide_cloud_options":"","pricing_title":"","pricing":[{"pricing_icon":"platform","pricing_title":"Elfsight Apps","pricing_title_caption":"Software multipiattaforma","pricing_price":"da $ 0 \/ mese","pricing_price_caption":"inizia con il piano gratuito","pricing_benefits":[{"text":"Siti web illimitati"},{"text":"Supporto aziendale premium"},{"text":"Aiuto gratuito per l'installazione"},{"text":"Offerta speciale per pi\u00f9 app"}],"pricing_button_text":"Aggiungi al sito web","pricing_button_url":"#demo"}],"related_apps_title":"","related_apps_hidden":"","author":"","image":[],"title":"","job":"","social_networks":[]},"_links":{"self":[{"href":"https:\/\/elfsight.com\/it\/wp-json\/wp\/v2\/pages\/4053","targetHints":{"allow":["GET"]}}],"collection":[{"href":"https:\/\/elfsight.com\/it\/wp-json\/wp\/v2\/pages"}],"about":[{"href":"https:\/\/elfsight.com\/it\/wp-json\/wp\/v2\/types\/page"}],"author":[{"embeddable":true,"href":"https:\/\/elfsight.com\/it\/wp-json\/wp\/v2\/users\/9"}],"replies":[{"embeddable":true,"href":"https:\/\/elfsight.com\/it\/wp-json\/wp\/v2\/comments?post=4053"}],"version-history":[{"count":1,"href":"https:\/\/elfsight.com\/it\/wp-json\/wp\/v2\/pages\/4053\/revisions"}],"predecessor-version":[{"id":4057,"href":"https:\/\/elfsight.com\/it\/wp-json\/wp\/v2\/pages\/4053\/revisions\/4057"}],"up":[{"embeddable":true,"href":"https:\/\/elfsight.com\/it\/wp-json\/wp\/v2\/pages\/1959"}],"wp:attachment":[{"href":"https:\/\/elfsight.com\/it\/wp-json\/wp\/v2\/media?parent=4053"}],"curies":[{"name":"wp","href":"https:\/\/api.w.org\/{rel}","templated":true}]}}