{"id":4052,"date":"2024-05-03T06:32:34","date_gmt":"2024-05-03T06:32:34","guid":{"rendered":"https:\/\/elfsight.com\/it\/?page_id=4052"},"modified":"2025-03-21T06:26:22","modified_gmt":"2025-03-21T06:26:22","slug":"elementor","status":"publish","type":"page","link":"https:\/\/elfsight.com\/it\/click-to-call-widget\/elementor\/","title":{"rendered":"Click to Call &#8211; Elementor"},"content":{"rendered":"\n<div class=\"application-platform-content-item-description application-platform-content-item\" id=\"description\" data-nav-section=\"description\"> <h2>Incorpora Click to Call su Elementor con il widget Elfsight<\/h2> <p>Il pulsante Chiama ora Elementor \u00e8 il widget pi\u00f9 pratico per il tuo sito, il che rende pi\u00f9 comodo per i visitatori contattarti al telefono. Quando gli utenti navigano nel tuo sito sui telefoni cellulari, il widget inizia a comporre il tuo numero, dopo che una persona ha fatto clic sul fumetto del telefono. Se visualizzato da desktop, il clic mostra il tuo numero sulla pagina e aiuta gli utenti ad avviare immediatamente una chiamata. Puoi non solo aggiungere il tuo numero, ma anche mostrare la finestra di chiamata con il nome e l&#8217;immagine della persona di contatto e un breve testo. Tutte le parti della finestra di chiamata sono commutabili e consentono di modellare la progettazione di vari aspetti dell&#8217;interfaccia. C&#8217;\u00e8 anche una funzione per scegliere un trigger che far\u00e0 apparire la bolla del telefono e scegliere una categoria di spettatori per i quali apparir\u00e0.<\/p> <div class=\"faq\" data-component=\"FAQ\"><div class=\"faq-item\">\r\n\t\t\t\t\t<div class=\"faq-item-question\">\r\n\t\t\t\t\t\t<h3 class=\"faq-item-question-text\">Dove posso visualizzarlo sul mio sito<\/h3>\r\n\r\n\t\t\t\t\t\t<div class=\"faq-item-question-icon\"><\/div>\r\n\t\t\t\t\t<\/div>\r\n\r\n\t\t\t\t\t<div class=\"faq-item-answer\">\r\n\t\t\t\t\t\t<div class=\"faq-item-answer-text\"> <p>Il widget Elfsight Call pu\u00f2 essere introdotto su qualunque pagina del tuo sito web o su tutte le pagine. Nelle impostazioni Click To Call, puoi aggiungere gli URL di pagine separate in cui devi fare per incorporare il pulsante Chiama ora nel widget. Oppure applica l&#8217;opzione Escludi e inserisci gli URL delle pagine in cui desideri limitare la visualizzazione del widget. <\/p> <\/div>\r\n\t\t\t\t\t<\/div>\r\n\t\t\t\t<\/div><div class=\"faq-item\">\r\n\t\t\t\t\t<div class=\"faq-item-question\">\r\n\t\t\t\t\t\t<h3 class=\"faq-item-question-text\">Come trarrei vantaggio dal widget del pulsante Chiama Elementor?<\/h3>\r\n\r\n\t\t\t\t\t\t<div class=\"faq-item-question-icon\"><\/div>\r\n\t\t\t\t\t<\/div>\r\n\r\n\t\t\t\t\t<div class=\"faq-item-answer\">\r\n\t\t\t\t\t\t<div class=\"faq-item-answer-text\"> <p>Puoi iniziare a ricevere pi\u00f9 chiamate dagli utenti grazie al modo rapido e pratico per telefonarti rimanendo sulla pagina web. Ci\u00f2 ti aiuter\u00e0 a ottenere pi\u00f9 conversazioni personali e a convertire gli utenti in nuovi clienti. Inoltre, puoi raccogliere il tuo database di lead. <\/p> <\/div>\r\n\t\t\t\t\t<\/div>\r\n\t\t\t\t<\/div> <div class=\"faq-item\">\r\n\t\t\t\t\t<div class=\"faq-item-question\">\r\n\t\t\t\t\t\t<h3 class=\"faq-item-question-text\">Come incorporo il widget Chiamate sul mio sito web Elementor?<\/h3>\r\n\r\n\t\t\t\t\t\t<div class=\"faq-item-question-icon\"><\/div>\r\n\t\t\t\t\t<\/div>\r\n\r\n\t\t\t\t\t<div class=\"faq-item-answer\">\r\n\t\t\t\t\t\t<div class=\"faq-item-answer-text\"> <p>Avrai bisogno solo di un minuto di tempo per l&#8217;attivazione. L&#8217;installazione \u00e8 superveloce, gratuita e non richiede codifica. <\/p> <p>Puoi aggiungere il widget del pulsante di chiamata alla tua pagina web tramite il nostro servizio. Per realizzarlo eseguire la breve descrizione che segue in questa pagina. <\/p> <\/div>\r\n\t\t\t\t\t<\/div>\r\n\t\t\t\t<\/div> <\/div> <\/div> <div class=\"application-platform-content-item-features application-platform-content-item\" id=\"features\" data-nav-section=\"features\"> <h2>Caratteristiche principali del widget Click to Call<\/h2> <p>Per una migliore conoscenza di Click to Call, ecco l&#8217;elenco delle caratteristiche essenziali. Rendono questo widget incredibilmente efficiente per te:<\/p> <ul><li>Chiamata con un clic sui cellulari; <\/li> <li>3 opzioni di posizione del widget: mobile a sinistra o a destra o personalizzato; <\/li> <li>L&#8217;opzione di mostrare il widget sulle pagine web selezionate o di escludere pagine web; <\/li> <li>3 gruppi di utenti per vedere il widget: tutti, nuovi o di ritorno; <\/li> <li> Trigger di apertura del widget integrati: tempo sulla pagina, tempo trascorso sul sito Web, percentuale di scorrimento e tentativo di lasciare il sito. <\/li> <\/ul><p><a href=\"#demo\">Per conoscere tutte le funzionalit\u00e0, guarda la demo dal vivo<\/a><\/p> <\/div> <div class=\"application-platform-content-item-installation application-platform-content-item\" id=\"installation\" data-nav-section=\"installation\"> <h2>come aggiungere il widget del pulsante Click To Call sul tuo sito web Elementor<\/h2> <p>Tutto ci\u00f2 di cui hai bisogno \u00e8 un paio di rapidi passaggi per visualizzare il widget.<\/p> <ol><li><b> Progetta il tuo plug-in Call personalizzato<\/b><br> Utilizzando il nostro editor gratuito, ottieni un plug-in con aspetto e caratteristiche funzionali selezionati. <\/li><li><b>Copia il codice individuale per impostare il plugin<\/b><br> Dopo aver configurato il tuo widget, otterrai il tuo codice personale dalla finestra visualizzata su Elfsight Apps. Copialo per un ulteriore utilizzo. <\/li><li><b>Aggiungi il plugin al tuo sito web Elementor<\/b><br> Scegli l&#8217;area in cui desideri aggiungere il plugin e incolla l\u00ec il codice copiato. Pubblica le modifiche. <\/li> <li><b>Hai finito! <\/b><br> Entra nel tuo negozio per controllare il tuo plugin. <\/li> <\/ol><p>Ancora indeciso? Oppure hai domande da porre? Basta una singola richiesta al nostro team di supporto per risolvere qualsiasi problema. <\/p> <\/div>\n","protected":false},"excerpt":{"rendered":"","protected":false},"author":9,"featured_media":0,"parent":1959,"menu_order":0,"comment_status":"closed","ping_status":"closed","template":"templates\/template-application-platform.php","meta":{"publish_to_discourse":"","publish_post_category":"","wpdc_auto_publish_overridden":"","wpdc_topic_tags":"","wpdc_pin_topic":"","wpdc_pin_until":"","discourse_post_id":"","discourse_permalink":"","wpdc_publishing_response":"","wpdc_publishing_error":"","footnotes":""},"class_list":["post-4052","page","type-page","status-publish","hentry"],"yoast_head":"<!-- This site is optimized with the Yoast SEO plugin v25.3.1 - https:\/\/yoast.com\/wordpress\/plugins\/seo\/ -->\n<title>Aggiungi il widget del pulsante Click to Call al sito Web di Elementor (2025)<\/title>\n<meta name=\"description\" content=\"Con Elfsight, modella il tuo pulsante Click to Call e aggiungilo facilmente al sito Web di Elementor. Abbiamo un servizio clienti gratuito e altri bonus.\" \/>\n<meta name=\"robots\" content=\"index, follow, max-snippet:-1, max-image-preview:large, max-video-preview:-1\" \/>\n<link rel=\"canonical\" href=\"https:\/\/elfsight.com\/it\/click-to-call-widget\/elementor\/\" \/>\n<meta property=\"og:locale\" content=\"it_IT\" \/>\n<meta property=\"og:type\" content=\"article\" \/>\n<meta property=\"og:title\" content=\"Aggiungi il widget del pulsante Click to Call al sito Web di Elementor (2025)\" \/>\n<meta property=\"og:description\" content=\"Con Elfsight, modella il tuo pulsante Click to Call e aggiungilo facilmente al sito Web di Elementor. Abbiamo un servizio clienti gratuito e altri bonus.\" \/>\n<meta property=\"og:url\" content=\"https:\/\/elfsight.com\/it\/click-to-call-widget\/elementor\/\" \/>\n<meta property=\"og:site_name\" content=\"Elfsight IT\" \/>\n<meta property=\"article:modified_time\" content=\"2025-03-21T06:26:22+00:00\" \/>\n<meta name=\"twitter:card\" content=\"summary_large_image\" \/>\n<meta name=\"twitter:label1\" content=\"Tempo di lettura stimato\" \/>\n\t<meta name=\"twitter:data1\" content=\"4 minuti\" \/>\n<!-- \/ Yoast SEO plugin. -->","yoast_head_json":{"title":"Aggiungi il widget del pulsante Click to Call al sito Web di Elementor (2025)","description":"Con Elfsight, modella il tuo pulsante Click to Call e aggiungilo facilmente al sito Web di Elementor. Abbiamo un servizio clienti gratuito e altri bonus.","robots":{"index":"index","follow":"follow","max-snippet":"max-snippet:-1","max-image-preview":"max-image-preview:large","max-video-preview":"max-video-preview:-1"},"canonical":"https:\/\/elfsight.com\/it\/click-to-call-widget\/elementor\/","og_locale":"it_IT","og_type":"article","og_title":"Aggiungi il widget del pulsante Click to Call al sito Web di Elementor (2025)","og_description":"Con Elfsight, modella il tuo pulsante Click to Call e aggiungilo facilmente al sito Web di Elementor. Abbiamo un servizio clienti gratuito e altri bonus.","og_url":"https:\/\/elfsight.com\/it\/click-to-call-widget\/elementor\/","og_site_name":"Elfsight IT","article_modified_time":"2025-03-21T06:26:22+00:00","twitter_card":"summary_large_image","twitter_misc":{"Tempo di lettura stimato":"4 minuti"},"schema":{"@context":"https:\/\/schema.org","@graph":[{"@type":"WebPage","@id":"https:\/\/elfsight.com\/it\/click-to-call-widget\/elementor\/","url":"https:\/\/elfsight.com\/it\/click-to-call-widget\/elementor\/","name":"Aggiungi il widget del pulsante Click to Call al sito Web di Elementor (2025)","isPartOf":{"@id":"https:\/\/elfsight.com\/it\/#website"},"datePublished":"2024-05-03T06:32:34+00:00","dateModified":"2025-03-21T06:26:22+00:00","description":"Con Elfsight, modella il tuo pulsante Click to Call e aggiungilo facilmente al sito Web di Elementor. Abbiamo un servizio clienti gratuito e altri bonus.","breadcrumb":{"@id":"https:\/\/elfsight.com\/it\/click-to-call-widget\/elementor\/#breadcrumb"},"inLanguage":"it-IT","potentialAction":[{"@type":"ReadAction","target":["https:\/\/elfsight.com\/it\/click-to-call-widget\/elementor\/"]}]},{"@type":"BreadcrumbList","@id":"https:\/\/elfsight.com\/it\/click-to-call-widget\/elementor\/#breadcrumb","itemListElement":[{"@type":"ListItem","position":1,"name":"Home","item":"https:\/\/elfsight.com\/it\/"},{"@type":"ListItem","position":2,"name":"Click to Call","item":"https:\/\/elfsight.com\/it\/click-to-call-widget\/"},{"@type":"ListItem","position":3,"name":"Click to Call &#8211; Elementor"}]},{"@type":"WebSite","@id":"https:\/\/elfsight.com\/it\/#website","url":"https:\/\/elfsight.com\/it\/","name":"Elfsight IT","description":"Just another Elfsight Sites site","potentialAction":[{"@type":"SearchAction","target":{"@type":"EntryPoint","urlTemplate":"https:\/\/elfsight.com\/it\/?s={search_term_string}"},"query-input":{"@type":"PropertyValueSpecification","valueRequired":true,"valueName":"search_term_string"}}],"inLanguage":"it-IT"}]}},"meta_box":{"industry":"","seo_heading":"","heading":"","description":"","cta_heading":"","cta_description":"","application":"1958","h1":"Widget Elementor Clicca per chiamare","h1_caption":"Consenti agli utenti di contattarti immediatamente con un semplice pulsante click-to-call, rendendo pi\u00f9 semplice raggiungere direttamente il tuo sito Web Elementor senza sforzo.","application_category":[],"applications_title":"","applications_request_title":"","applications_request_button_text":"","hero_text":"","hero_video":"","hero_video_schema_markup":"","selling_points_title":"","selling_points_caption":"","selling_points":[],"selling_points_cta_text":"","features_title":"","features":"","ed_cta_examples_text":"","ed_cta_examples_hidden":"","ed_cta_demo_text":"","ed_cta_demo_hidden":"","why_caption":"","why_editor_title":"","why_editor_text":"","why_team_title":"","why_team_text":"","why_service_title":"","why_service_text":"","template_catalog_visible":"0","template_catalog_title":"","template_catalog_text":"","template_catalog_categories_visible":"","demo_title":"Crea il tuo widget Click to Call","demo_caption":"Configura il tuo Click to Call e aggiungilo gratuitamente al tuo sito Web Elementor!","default_faq_hidden":"","app_template_category":[],"platform":"68","template_public_id":"","codecanyon_url":"","codecanyon_item_id":"","codecanyon_price":"","pricing_caption":"","pricing_elfsight_apps_hide_column":"","pricing_elfsight_apps_url":"","pricing_codecanyon_price_caption":"","integration_category":[],"integration_request_title":"","integration_request_cta":"","integration_platform":"","integrations":[],"platform_category":[],"video_schema_markup":"","price":"da $ 0 al mese","trial":"","benefits":[{"text":"Aiuto gratuito per l'installazione"},{"text":"Servizio clienti competente"},{"text":"Garanzia di rimborso di 14 giorni"},{"text":"Aggiornamenti continui"}],"button_url":"#demo","button_target_blank":"0","button_nofollow":"0","attributes":[{"name":"Installazioni"},{"name":"Reattivo","content":"Adatto ai dispositivi mobili"},{"name":"Browser compatibili","content":"Firefox, Safari, Opera, Chrome, Edge"}],"tags":[],"tags_disable_links":"0","hide_more_platforms":"0","video_object":"","demo_hide_cta":"0","demo_hide_cloud_options":"0","pricing_title":"","pricing":[{"pricing_icon":"platform","pricing_title":"Elfsight Apps","pricing_title_caption":"Soluzione multipiattaforma","pricing_price":"da $ 0 \/ mese","pricing_price_caption":"inizia con il piano gratuito","pricing_benefits":[{"text":"Domini illimitati"},{"text":"Supporto 24 ore su 24, 7 giorni su 7"},{"text":"Assistenza per l'installazione gratuita"},{"text":"Offerta speciale per pi\u00f9 app"}],"pricing_button_text":"Aggiungi al sito web","pricing_button_url":"#demo"}],"related_apps_title":"","related_apps_hidden":"0","author":"","image":[],"title":"","job":"","social_networks":[]},"_links":{"self":[{"href":"https:\/\/elfsight.com\/it\/wp-json\/wp\/v2\/pages\/4052","targetHints":{"allow":["GET"]}}],"collection":[{"href":"https:\/\/elfsight.com\/it\/wp-json\/wp\/v2\/pages"}],"about":[{"href":"https:\/\/elfsight.com\/it\/wp-json\/wp\/v2\/types\/page"}],"author":[{"embeddable":true,"href":"https:\/\/elfsight.com\/it\/wp-json\/wp\/v2\/users\/9"}],"replies":[{"embeddable":true,"href":"https:\/\/elfsight.com\/it\/wp-json\/wp\/v2\/comments?post=4052"}],"version-history":[{"count":2,"href":"https:\/\/elfsight.com\/it\/wp-json\/wp\/v2\/pages\/4052\/revisions"}],"predecessor-version":[{"id":9494,"href":"https:\/\/elfsight.com\/it\/wp-json\/wp\/v2\/pages\/4052\/revisions\/9494"}],"up":[{"embeddable":true,"href":"https:\/\/elfsight.com\/it\/wp-json\/wp\/v2\/pages\/1959"}],"wp:attachment":[{"href":"https:\/\/elfsight.com\/it\/wp-json\/wp\/v2\/media?parent=4052"}],"curies":[{"name":"wp","href":"https:\/\/api.w.org\/{rel}","templated":true}]}}