{"id":4051,"date":"2024-05-03T06:32:33","date_gmt":"2024-05-03T06:32:33","guid":{"rendered":"https:\/\/elfsight.com\/it\/?page_id=4051"},"modified":"2024-11-12T08:38:49","modified_gmt":"2024-11-12T08:38:49","slug":"joomla","status":"publish","type":"page","link":"https:\/\/elfsight.com\/it\/click-to-call-widget\/joomla\/","title":{"rendered":"Click to Call &#8211; Joomla"},"content":{"rendered":"<div class=\"application-platform-content-item-description application-platform-content-item\" id=\"description\" data-nav-section=\"description\"><h2>Descrizione<\/h2><p>Il pulsante Chiama ora Elfsight \u00e8 una semplice estensione per il tuo sito web, che render\u00e0 pi\u00f9 veloce la navigazione dei tuoi clienti chiamarti al telefono. Utilizzato sui telefoni cellulari, il plugin inizia a comporre il numero selezionato non appena l&#8217;utente fa clic sull&#8217;icona del telefono. Se visualizzato dai desktop, il clic mostra il tuo numero sul sito e aiuta gli utenti a comporlo immediatamente. \u00c8 possibile non solo mostrare il numero, ma anche visualizzare la finestra di chiamata che include il nome e la foto del tuo referente cliente e un breve testo. Tutte le parti sono commutabili, il che consente di modellarti per ottenere diversi aspetti dell&#8217;interfaccia. Puoi anche scegliere un trigger che far\u00e0 emergere la bolla del telefono e impostare una categoria di spettatori per i quali apparir\u00e0.<\/p><div class=\"faq\" data-component=\"FAQ\"><div class=\"faq-item\">\r\n\t\t\t\t\t<div class=\"faq-item-question\">\r\n\t\t\t\t\t\t<h3 class=\"faq-item-question-text\">Dove posso aggiungere il plugin<\/h3>\r\n\r\n\t\t\t\t\t\t<div class=\"faq-item-question-icon\"><\/div>\r\n\t\t\t\t\t<\/div>\r\n\r\n\t\t\t\t\t<div class=\"faq-item-answer\">\r\n\t\t\t\t\t\t<div class=\"faq-item-answer-text\"> <p>Elfsight Click To Call pu\u00f2 essere integrato in qualsiasi pagina del tuo sito web cos\u00ec come in tutte le pagine. Nelle impostazioni del plugin c&#8217;\u00e8 una funzione per inserire gli URL delle pagine in cui devi posizionare il pulsante. Oppure utilizza la funzione Escludi e inserisci gli URL delle pagine esatte in cui desideri vietare la visualizzazione dell&#8217;estensione.<\/p> <\/div>\r\n\t\t\t\t\t<\/div>\r\n\t\t\t\t<\/div><div class=\"faq-item\">\r\n\t\t\t\t\t<div class=\"faq-item-question\">\r\n\t\t\t\t\t\t<h3 class=\"faq-item-question-text\">Quali vantaggi pu\u00f2 darmi?<\/h3>\r\n\r\n\t\t\t\t\t\t<div class=\"faq-item-question-icon\"><\/div>\r\n\t\t\t\t\t<\/div>\r\n\r\n\t\t\t\t\t<div class=\"faq-item-answer\">\r\n\t\t\t\t\t\t<div class=\"faq-item-answer-text\"> <p>Puoi invogliare pi\u00f9 telefoni chiamate dei clienti grazie ad un modo semplice e veloce per chiamarti rimanendo sul sito. Contribuir\u00e0 ad avere pi\u00f9 comunicazioni dirette e a trasformare i visitatori in clienti. Inoltre, puoi raccogliere il tuo database di lead.<\/p> <\/div>\r\n\t\t\t\t\t<\/div>\r\n\t\t\t\t<\/div> <div class=\"faq-item\">\r\n\t\t\t\t\t<div class=\"faq-item-question\">\r\n\t\t\t\t\t\t<h3 class=\"faq-item-question-text\">Di cosa ho bisogno per incorporare il pulsante Chiama ora nel mio sito web Joomla?<\/h3>\r\n\r\n\t\t\t\t\t\t<div class=\"faq-item-question-icon\"><\/div>\r\n\t\t\t\t\t<\/div>\r\n\r\n\t\t\t\t\t<div class=\"faq-item-answer\">\r\n\t\t\t\t\t\t<div class=\"faq-item-answer-text\"> <p>Ci vuole solo un minuto del tuo tempo per iniziare a utilizzare il plugin. Il processo di integrazione \u00e8 molto veloce, gratuito e senza codifica. <\/p> <p>Elfsight Click to Call pu\u00f2 essere aggiunto al tuo sito tramite il nostro servizio o tramite il marketplace. Qui puoi confrontare le opzioni e decidere quale \u00e8 la tua.<\/p><\/div>\r\n\t\t\t\t\t<\/div>\r\n\t\t\t\t<\/div> <\/div> <\/div><div class=\"application-platform-content-item-features application-platform-content-item\" id=\"features\" data-nav-section=\"features\"> <h2>Caratteristiche<\/h2> <p>Per ottenere una migliore percezione del plugin Call, esamina l&#8217;elenco delle sue funzionalit\u00e0 essenziali. Rendono la nostra estensione incredibilmente efficace per te: <\/p> <ul><li>Telefonate immediate su dispositivi mobili; <\/li> <li>3 varianti di posizionamento del plugin: mobile a sinistra o a destra o personalizzato; <\/li> <li>L&#8217;opzione per mostrare il plugin su determinate pagine o per escludere pagine; <\/li> <li>Scegli le categorie di utenti per vedere il plugin: tutti, nuovi o solo di ritorno; <\/li> <li> Quattro trigger di attivazione del plug-in: tempo trascorso sulla pagina, tempo trascorso sul sito Web, posizione di scorrimento e tentativo di lasciare il sito. <\/li> <\/ul><p><a href=\"#demo\">Esplora tutte le funzionalit\u00e0 nella nostra demo<\/a><\/p> <\/div><div class=\"application-platform-content-item-installation application-platform-content-item\" id=\"installation\" data-nav-section=\"installation\"> <h2>Come per aggiungere il plug-in del pulsante di chiamata al tuo sito web Joomla<\/h2> <p>Segui semplicemente questi passaggi indicati di seguito per integrare lo strumento su Joomla.<\/p> <ol><li><b>Esegui la nostra demo gratuita e inizia a creare la tua esclusiva estensione Click to Call per Joomla. <\/b><br> Determina la forma e le specifiche adatte dello strumento e salva le modifiche. <\/li> <li><b>Copia il codice univoco che appare nella finestra su Elfsight Apps. <\/b><br> Non appena la configurazione del tuo strumento \u00e8 terminata, copia il codice esclusivo nella finestra visualizzata e conservalo per un utilizzo successivo. <\/li> <li><b>Avvia l&#8217;utilizzo dello strumento sul tuo sito web Joomla. <\/b><br> Implementa il codice salvato di recente nel tuo sito e applica i miglioramenti. <\/li> <li><b>La configurazione \u00e8 completamente completata. <\/b><br> Vai al tuo sito per vedere in azione il funzionamento dello strumento. <\/li><\/ol><p>Non riesci ancora a decidere? O hai domande? Basta semplicemente indirizzare una richiesta al nostro team di supporto. Risolveranno qualsiasi problema. <\/p> <\/div><p><\/p>","protected":false},"excerpt":{"rendered":"","protected":false},"author":9,"featured_media":0,"parent":1959,"menu_order":0,"comment_status":"closed","ping_status":"closed","template":"templates\/template-application-platform.php","meta":{"publish_to_discourse":"","publish_post_category":"","wpdc_auto_publish_overridden":"","wpdc_topic_tags":"","wpdc_pin_topic":"","wpdc_pin_until":"","discourse_post_id":"","discourse_permalink":"","wpdc_publishing_response":"","wpdc_publishing_error":"","footnotes":""},"class_list":["post-4051","page","type-page","status-publish","hentry"],"yoast_head":"<!-- This site is optimized with the Yoast SEO plugin v25.3.1 - https:\/\/yoast.com\/wordpress\/plugins\/seo\/ -->\n<title>Plug-in di chiamata Joomla | Aggiungi l&#039;estensione del pulsante Fai clic per chiamare ora al sito web<\/title>\n<meta name=\"description\" content=\"Progetta il tuo plug-in del pulsante Click to Call e aggiungilo rapidamente al tuo sito Web Joomla. Abbiamo assistenza clienti gratuita e altri bonus.\" \/>\n<meta name=\"robots\" content=\"index, follow, max-snippet:-1, max-image-preview:large, max-video-preview:-1\" \/>\n<link rel=\"canonical\" href=\"https:\/\/elfsight.com\/it\/click-to-call-widget\/joomla\/\" \/>\n<meta property=\"og:locale\" content=\"it_IT\" \/>\n<meta property=\"og:type\" content=\"article\" \/>\n<meta property=\"og:title\" content=\"Plug-in di chiamata Joomla | Aggiungi l&#039;estensione del pulsante Fai clic per chiamare ora al sito web\" \/>\n<meta property=\"og:description\" content=\"Progetta il tuo plug-in del pulsante Click to Call e aggiungilo rapidamente al tuo sito Web Joomla. Abbiamo assistenza clienti gratuita e altri bonus.\" \/>\n<meta property=\"og:url\" content=\"https:\/\/elfsight.com\/it\/click-to-call-widget\/joomla\/\" \/>\n<meta property=\"og:site_name\" content=\"Elfsight IT\" \/>\n<meta property=\"article:modified_time\" content=\"2024-11-12T08:38:49+00:00\" \/>\n<meta name=\"twitter:card\" content=\"summary_large_image\" \/>\n<meta name=\"twitter:label1\" content=\"Tempo di lettura stimato\" \/>\n\t<meta name=\"twitter:data1\" content=\"3 minuti\" \/>\n<!-- \/ Yoast SEO plugin. -->","yoast_head_json":{"title":"Plug-in di chiamata Joomla | Aggiungi l'estensione del pulsante Fai clic per chiamare ora al sito web","description":"Progetta il tuo plug-in del pulsante Click to Call e aggiungilo rapidamente al tuo sito Web Joomla. Abbiamo assistenza clienti gratuita e altri bonus.","robots":{"index":"index","follow":"follow","max-snippet":"max-snippet:-1","max-image-preview":"max-image-preview:large","max-video-preview":"max-video-preview:-1"},"canonical":"https:\/\/elfsight.com\/it\/click-to-call-widget\/joomla\/","og_locale":"it_IT","og_type":"article","og_title":"Plug-in di chiamata Joomla | Aggiungi l'estensione del pulsante Fai clic per chiamare ora al sito web","og_description":"Progetta il tuo plug-in del pulsante Click to Call e aggiungilo rapidamente al tuo sito Web Joomla. Abbiamo assistenza clienti gratuita e altri bonus.","og_url":"https:\/\/elfsight.com\/it\/click-to-call-widget\/joomla\/","og_site_name":"Elfsight IT","article_modified_time":"2024-11-12T08:38:49+00:00","twitter_card":"summary_large_image","twitter_misc":{"Tempo di lettura stimato":"3 minuti"},"schema":{"@context":"https:\/\/schema.org","@graph":[{"@type":"WebPage","@id":"https:\/\/elfsight.com\/it\/click-to-call-widget\/joomla\/","url":"https:\/\/elfsight.com\/it\/click-to-call-widget\/joomla\/","name":"Plug-in di chiamata Joomla | Aggiungi l'estensione del pulsante Fai clic per chiamare ora al sito web","isPartOf":{"@id":"https:\/\/elfsight.com\/it\/#website"},"datePublished":"2024-05-03T06:32:33+00:00","dateModified":"2024-11-12T08:38:49+00:00","description":"Progetta il tuo plug-in del pulsante Click to Call e aggiungilo rapidamente al tuo sito Web Joomla. Abbiamo assistenza clienti gratuita e altri bonus.","breadcrumb":{"@id":"https:\/\/elfsight.com\/it\/click-to-call-widget\/joomla\/#breadcrumb"},"inLanguage":"it-IT","potentialAction":[{"@type":"ReadAction","target":["https:\/\/elfsight.com\/it\/click-to-call-widget\/joomla\/"]}]},{"@type":"BreadcrumbList","@id":"https:\/\/elfsight.com\/it\/click-to-call-widget\/joomla\/#breadcrumb","itemListElement":[{"@type":"ListItem","position":1,"name":"Home","item":"https:\/\/elfsight.com\/it\/"},{"@type":"ListItem","position":2,"name":"Click to Call","item":"https:\/\/elfsight.com\/it\/click-to-call-widget\/"},{"@type":"ListItem","position":3,"name":"Click to Call &#8211; Joomla"}]},{"@type":"WebSite","@id":"https:\/\/elfsight.com\/it\/#website","url":"https:\/\/elfsight.com\/it\/","name":"Elfsight IT","description":"Just another Elfsight Sites site","potentialAction":[{"@type":"SearchAction","target":{"@type":"EntryPoint","urlTemplate":"https:\/\/elfsight.com\/it\/?s={search_term_string}"},"query-input":{"@type":"PropertyValueSpecification","valueRequired":true,"valueName":"search_term_string"}}],"inLanguage":"it-IT"}]}},"meta_box":{"industry":"","seo_heading":"","heading":"","description":"","cta_heading":"","cta_description":"","application":"1958","h1":"Estensione del pulsante di chiamata di Joomla","h1_caption":"Consenti agli utenti di contattarti istantaneamente con un semplice pulsante \"click-to-call\", rendendo pi\u00f9 semplice raggiungere direttamente il tuo sito web Joomla senza sforzo.","application_category":[],"applications_title":"","applications_request_title":"","applications_request_button_text":"","hero_text":"","hero_video":"","hero_video_schema_markup":"","selling_points_title":"","selling_points_caption":"","selling_points":[],"selling_points_cta_text":"","features_title":"","features":"","ed_cta_examples_text":"","ed_cta_examples_hidden":"","ed_cta_demo_text":"","ed_cta_demo_hidden":"","why_caption":"","why_editor_title":"","why_editor_text":"","why_team_title":"","why_team_text":"","why_service_title":"","why_service_text":"","template_catalog_visible":"","template_catalog_title":"","template_catalog_text":"","template_catalog_categories_visible":"","demo_title":"Crea il tuo plug-in Click to Call","demo_caption":"Configura il tuo Click to Call e aggiungilo gratuitamente al tuo sito Joomla!","default_faq_hidden":"","app_template_category":[],"platform":"36","template_public_id":"","codecanyon_url":"","codecanyon_item_id":"","codecanyon_price":"","pricing_caption":"","pricing_elfsight_apps_hide_column":"","pricing_elfsight_apps_url":"","pricing_codecanyon_price_caption":"","integration_category":[],"integration_request_title":"","integration_request_cta":"","integration_platform":"","integrations":[],"platform_category":[],"video_schema_markup":"","price":"da $ 0 al mese","trial":"","benefits":[{"text":"Aiuto per l'installazione gratuito"},{"text":"Supporto eccezionale"},{"text":"Garanzia di rimborso di 14 giorni"},{"text":"Miglioramenti regolari"}],"button_url":"#demo","button_target_blank":"","button_nofollow":"","attributes":[{"name":"Installazioni"},{"name":"Reattivo","content":"Ottimizzato per dispositivi mobili"},{"name":"Browser compatibili","content":"Edge, Opera, Safari, Firefox, Chrome"}],"tags":[],"tags_disable_links":"","hide_more_platforms":"","video_object":"","demo_hide_cta":"","demo_hide_cloud_options":"","pricing_title":"","pricing":[{"pricing_icon":"platform","pricing_title":"Elfsight Apps","pricing_title_caption":"Versione multipiattaforma adatta a qualsiasi sito web","pricing_price":"da $ 0 \/ mese","pricing_price_caption":"inizia con il piano gratuito","pricing_benefits":[{"text":"Siti web illimitati"},{"text":"Supporto aziendale dedicato e ben documentato"},{"text":"Assistenza gratuita per l'installazione"},{"text":"Prezzo speciale per pi\u00f9 app"}],"pricing_button_text":"Aggiungi al sito web","pricing_button_url":"#demo"}],"related_apps_title":"","related_apps_hidden":"","author":"","image":[],"title":"","job":"","social_networks":[]},"_links":{"self":[{"href":"https:\/\/elfsight.com\/it\/wp-json\/wp\/v2\/pages\/4051","targetHints":{"allow":["GET"]}}],"collection":[{"href":"https:\/\/elfsight.com\/it\/wp-json\/wp\/v2\/pages"}],"about":[{"href":"https:\/\/elfsight.com\/it\/wp-json\/wp\/v2\/types\/page"}],"author":[{"embeddable":true,"href":"https:\/\/elfsight.com\/it\/wp-json\/wp\/v2\/users\/9"}],"replies":[{"embeddable":true,"href":"https:\/\/elfsight.com\/it\/wp-json\/wp\/v2\/comments?post=4051"}],"version-history":[{"count":1,"href":"https:\/\/elfsight.com\/it\/wp-json\/wp\/v2\/pages\/4051\/revisions"}],"predecessor-version":[{"id":4055,"href":"https:\/\/elfsight.com\/it\/wp-json\/wp\/v2\/pages\/4051\/revisions\/4055"}],"up":[{"embeddable":true,"href":"https:\/\/elfsight.com\/it\/wp-json\/wp\/v2\/pages\/1959"}],"wp:attachment":[{"href":"https:\/\/elfsight.com\/it\/wp-json\/wp\/v2\/media?parent=4051"}],"curies":[{"name":"wp","href":"https:\/\/api.w.org\/{rel}","templated":true}]}}