{"id":4050,"date":"2024-05-03T06:32:32","date_gmt":"2024-05-03T06:32:32","guid":{"rendered":"https:\/\/elfsight.com\/it\/?page_id=4050"},"modified":"2024-11-12T08:38:49","modified_gmt":"2024-11-12T08:38:49","slug":"jquery","status":"publish","type":"page","link":"https:\/\/elfsight.com\/it\/click-to-call-widget\/jquery\/","title":{"rendered":"Click to Call &#8211; jQuery"},"content":{"rendered":"<div class=\"application-platform-content-item-description application-platform-content-item\" id=\"description\" data-nav-section=\"description\"> <h2>Descrizione<\/h2> <p>Click To Call per jOuery \u00e8 uno strumento pratico che consente ai visitatori del tuo sito di contattarti in meno tempo. Gli utenti possono chiamarti facendo clic sulla miniatura del quadrante sul cellulare e, come per il PC, il tuo numero viene visualizzato in modo accattivante per facilitare la composizione. La bolla stessa e la finestra del telefono sono estremamente regolabili e ti consentono di modellare facilmente un design assolutamente unico del tuo plug-in. Sei libero di ricolorare tutti i componenti del tuo strumento per adattarlo completamente al design generale del sito web.<\/p> <div class=\"faq\" data-component=\"FAQ\"><div class=\"faq-item\">\r\n\t\t\t\t\t<div class=\"faq-item-question\">\r\n\t\t\t\t\t\t<h3 class=\"faq-item-question-text\">Come posso aggiungere un clic al pulsante di chiamata al mio sito jQuery?<\/h3>\r\n\r\n\t\t\t\t\t\t<div class=\"faq-item-question-icon\"><\/div>\r\n\t\t\t\t\t<\/div>\r\n\r\n\t\t\t\t\t<div class=\"faq-item-answer\">\r\n\t\t\t\t\t\t<div class=\"faq-item-answer-text\"><p>La creazione del widget avviene all&#8217;interno del sito Web Elfsight e non \u00e8 necessario imparare a programmare. Utilizza la demo online per realizzare la tua app, ottieni il codice e inseriscilo nel tuo sito. <\/p><\/div>\r\n\t\t\t\t\t<\/div>\r\n\t\t\t\t<\/div><div class=\"faq-item\">\r\n\t\t\t\t\t<div class=\"faq-item-question\">\r\n\t\t\t\t\t\t<h3 class=\"faq-item-question-text\">I migliori esempi di utilizzo dell'integrazione dei pulsanti di chiamata<\/h3>\r\n\r\n\t\t\t\t\t\t<div class=\"faq-item-question-icon\"><\/div>\r\n\t\t\t\t\t<\/div>\r\n\r\n\t\t\t\t\t<div class=\"faq-item-answer\">\r\n\t\t\t\t\t\t<div class=\"faq-item-answer-text\"><p>Abbiamo tantissime opzioni di personalizzazione: widget a lunghezza intera da aggiungere nella sezione dei contenuti, widget mobili per funzionalit\u00e0 di scorrimento, layout per pi\u00e8 di pagina, intestazione e tutti i tipi di possibilit\u00e0 verticali per barre laterali e menu del sito web. <\/p><\/div>\r\n\t\t\t\t\t<\/div>\r\n\t\t\t\t<\/div><div class=\"faq-item\">\r\n\t\t\t\t\t<div class=\"faq-item-question\">\r\n\t\t\t\t\t\t<h3 class=\"faq-item-question-text\">Posso creare un pulsante Chiamaci o una chiamata mobile con l'aiuto dell'editor?<\/h3>\r\n\r\n\t\t\t\t\t\t<div class=\"faq-item-question-icon\"><\/div>\r\n\t\t\t\t\t<\/div>\r\n\r\n\t\t\t\t\t<div class=\"faq-item-answer\">\r\n\t\t\t\t\t\t<div class=\"faq-item-answer-text\"><p>Puoi creare qualsiasi variante del widget. Ci sono tantissimi layout disponibili nell&#8217;editor e tutti possono essere rapidamente personalizzati nel modo desiderato. <\/p><\/div>\r\n\t\t\t\t\t<\/div>\r\n\t\t\t\t<\/div><\/div><\/div> <div class=\"application-platform-content-item-features application-platform-content-item\" id=\"features\" data-nav-section=\"features\"> <h2>Funzionalit\u00e0<\/h2> <p>Per una chiara comprensione del widget, ecco un elenco delle principali tratti. Rendono questo widget incredibilmente efficiente per te: <\/p> <ul><li>Chiamata immediata sui cellulari;<\/li> <li>Seleziona una delle opzioni di posizionamento del widget: Mobile a sinistra, Mobile a destra o personalizzato;<\/li> <li>L&#8217;opzione per mostrare il widget su determinate pagine o per escludere pagine web;<\/li> <li>3 tipi di utenti per i quali verr\u00e0 visualizzato il widget: tutti, nuovi e solo di ritorno;<\/li> <li>Attivatori di apertura del widget integrati: tempo trascorso sulla pagina, tempo sul sito, percentuale di scorrimento o intenzione di uscita.<\/li> <\/ul><p><a href=\"#demo\">Per esplorare altre funzionalit\u00e0, vedere demo live<\/a><\/p> <\/div> <div class=\"application-platform-content-item-installation application-platform-content-item\" id=\"installation\" data-nav-section=\"installation\"> <h2>Come incorporare il pulsante Chiama ora nel tuo sito jQuery<\/h2> <p>Queste diverse azioni sono l&#8217;unica cosa devi fare per incorporare il plugin.<\/p> <ol><li><b>Gestisci il nostro configuratore gratuito e inizia a creare il tuo plugin. <\/b><br> Determina l&#8217;aspetto e le specifiche preferite del plugin e applica le modifiche. <\/li> <li><b>Ricevi il tuo codice personale rivelato nella finestra delle app Elfsight. <\/b><br> Una volta completata la creazione del tuo widget personale, copia il codice personale nella finestra emersa e salvalo per un utilizzo successivo. <\/li> <li><b>Inizia a utilizzare lo strumento sul tuo sito web jQuery. <\/b><br> Inserisci il codice copiato di recente nel tuo sito web e salva le modifiche. <\/li> <li><b>Il gioco \u00e8 fatto! L&#8217;installazione \u00e8 terminata con successo. <\/b><br> Vai al tuo sito per vedere le prestazioni del plugin. <\/li><\/ol> <p>Hai ancora dubbi? Oppure hai problemi? Scrivi semplicemente una richiesta al nostro team di supporto. Faremo del nostro meglio per risolvere qualsiasi tipo di problema. <\/p> <\/div>","protected":false},"excerpt":{"rendered":"","protected":false},"author":9,"featured_media":0,"parent":1959,"menu_order":0,"comment_status":"closed","ping_status":"closed","template":"templates\/template-application-platform.php","meta":{"publish_to_discourse":"","publish_post_category":"","wpdc_auto_publish_overridden":"","wpdc_topic_tags":"","wpdc_pin_topic":"","wpdc_pin_until":"","discourse_post_id":"","discourse_permalink":"","wpdc_publishing_response":"","wpdc_publishing_error":"","footnotes":""},"class_list":["post-4050","page","type-page","status-publish","hentry"],"yoast_head":"<!-- This site is optimized with the Yoast SEO plugin v25.3.1 - https:\/\/yoast.com\/wordpress\/plugins\/seo\/ -->\n<title>Pulsante Chiama Jquery | Aggiungi il plug-in del pulsante Chiama ora al sito Web (2025)<\/title>\n<meta name=\"description\" content=\"Crea il plug-in Click to Call sul tuo sito jQuery. Utilizza la demo gratuita di Elfsight e crea il tuo plugin unico in soli 2 minuti.\" \/>\n<meta name=\"robots\" content=\"index, follow, max-snippet:-1, max-image-preview:large, max-video-preview:-1\" \/>\n<link rel=\"canonical\" href=\"https:\/\/elfsight.com\/it\/click-to-call-widget\/jquery\/\" \/>\n<meta property=\"og:locale\" content=\"it_IT\" \/>\n<meta property=\"og:type\" content=\"article\" \/>\n<meta property=\"og:title\" content=\"Pulsante Chiama Jquery | Aggiungi il plug-in del pulsante Chiama ora al sito Web (2025)\" \/>\n<meta property=\"og:description\" content=\"Crea il plug-in Click to Call sul tuo sito jQuery. Utilizza la demo gratuita di Elfsight e crea il tuo plugin unico in soli 2 minuti.\" \/>\n<meta property=\"og:url\" content=\"https:\/\/elfsight.com\/it\/click-to-call-widget\/jquery\/\" \/>\n<meta property=\"og:site_name\" content=\"Elfsight IT\" \/>\n<meta property=\"article:modified_time\" content=\"2024-11-12T08:38:49+00:00\" \/>\n<meta name=\"twitter:card\" content=\"summary_large_image\" \/>\n<meta name=\"twitter:label1\" content=\"Tempo di lettura stimato\" \/>\n\t<meta name=\"twitter:data1\" content=\"3 minuti\" \/>\n<!-- \/ Yoast SEO plugin. -->","yoast_head_json":{"title":"Pulsante Chiama Jquery | Aggiungi il plug-in del pulsante Chiama ora al sito Web (2025)","description":"Crea il plug-in Click to Call sul tuo sito jQuery. Utilizza la demo gratuita di Elfsight e crea il tuo plugin unico in soli 2 minuti.","robots":{"index":"index","follow":"follow","max-snippet":"max-snippet:-1","max-image-preview":"max-image-preview:large","max-video-preview":"max-video-preview:-1"},"canonical":"https:\/\/elfsight.com\/it\/click-to-call-widget\/jquery\/","og_locale":"it_IT","og_type":"article","og_title":"Pulsante Chiama Jquery | Aggiungi il plug-in del pulsante Chiama ora al sito Web (2025)","og_description":"Crea il plug-in Click to Call sul tuo sito jQuery. Utilizza la demo gratuita di Elfsight e crea il tuo plugin unico in soli 2 minuti.","og_url":"https:\/\/elfsight.com\/it\/click-to-call-widget\/jquery\/","og_site_name":"Elfsight IT","article_modified_time":"2024-11-12T08:38:49+00:00","twitter_card":"summary_large_image","twitter_misc":{"Tempo di lettura stimato":"3 minuti"},"schema":{"@context":"https:\/\/schema.org","@graph":[{"@type":"WebPage","@id":"https:\/\/elfsight.com\/it\/click-to-call-widget\/jquery\/","url":"https:\/\/elfsight.com\/it\/click-to-call-widget\/jquery\/","name":"Pulsante Chiama Jquery | Aggiungi il plug-in del pulsante Chiama ora al sito Web (2025)","isPartOf":{"@id":"https:\/\/elfsight.com\/it\/#website"},"datePublished":"2024-05-03T06:32:32+00:00","dateModified":"2024-11-12T08:38:49+00:00","description":"Crea il plug-in Click to Call sul tuo sito jQuery. Utilizza la demo gratuita di Elfsight e crea il tuo plugin unico in soli 2 minuti.","breadcrumb":{"@id":"https:\/\/elfsight.com\/it\/click-to-call-widget\/jquery\/#breadcrumb"},"inLanguage":"it-IT","potentialAction":[{"@type":"ReadAction","target":["https:\/\/elfsight.com\/it\/click-to-call-widget\/jquery\/"]}]},{"@type":"BreadcrumbList","@id":"https:\/\/elfsight.com\/it\/click-to-call-widget\/jquery\/#breadcrumb","itemListElement":[{"@type":"ListItem","position":1,"name":"Home","item":"https:\/\/elfsight.com\/it\/"},{"@type":"ListItem","position":2,"name":"Click to Call","item":"https:\/\/elfsight.com\/it\/click-to-call-widget\/"},{"@type":"ListItem","position":3,"name":"Click to Call &#8211; jQuery"}]},{"@type":"WebSite","@id":"https:\/\/elfsight.com\/it\/#website","url":"https:\/\/elfsight.com\/it\/","name":"Elfsight IT","description":"Just another Elfsight Sites site","potentialAction":[{"@type":"SearchAction","target":{"@type":"EntryPoint","urlTemplate":"https:\/\/elfsight.com\/it\/?s={search_term_string}"},"query-input":{"@type":"PropertyValueSpecification","valueRequired":true,"valueName":"search_term_string"}}],"inLanguage":"it-IT"}]}},"meta_box":{"industry":"","seo_heading":"","heading":"","description":"","cta_heading":"","cta_description":"","application":"1958","h1":"jQuery Plug-in pulsante clic per chiamare","h1_caption":"Consenti agli utenti di contattarti istantaneamente con un semplice pulsante \"click-to-call\", rendendo pi\u00f9 semplice raggiungere direttamente il tuo sito web jQuery senza sforzo.","application_category":[],"applications_title":"","applications_request_title":"","applications_request_button_text":"","hero_text":"","hero_video":"","hero_video_schema_markup":"","selling_points_title":"","selling_points_caption":"","selling_points":[],"selling_points_cta_text":"","features_title":"","features":"","ed_cta_examples_text":"","ed_cta_examples_hidden":"","ed_cta_demo_text":"","ed_cta_demo_hidden":"","why_caption":"","why_editor_title":"","why_editor_text":"","why_team_title":"","why_team_text":"","why_service_title":"","why_service_text":"","template_catalog_visible":"","template_catalog_title":"","template_catalog_text":"","template_catalog_categories_visible":"","demo_title":"Crea il tuo plug-in Click to Call","demo_caption":"Configura il tuo Click to Call e aggiungilo gratuitamente al tuo sito jQuery!","default_faq_hidden":"","app_template_category":[],"platform":"37","template_public_id":"","codecanyon_url":"","codecanyon_item_id":"","codecanyon_price":"","pricing_caption":"","pricing_elfsight_apps_hide_column":"","pricing_elfsight_apps_url":"","pricing_codecanyon_price_caption":"","integration_category":[],"integration_request_title":"","integration_request_cta":"","integration_platform":"","integrations":[],"platform_category":[],"video_schema_markup":"","price":"da $ 0 al mese","trial":"","benefits":[{"text":"Assistenza per l'installazione gratuita"},{"text":"Supporto premium"},{"text":"Garanzia di rimborso di 14 giorni"},{"text":"Miglioramenti gratuiti continui"}],"button_url":"#demo","button_target_blank":"","button_nofollow":"","attributes":[{"name":"Installazioni"},{"name":"Reattivo","content":"S\u00cc"},{"name":"Browser compatibili","content":"Chrome, Safari, Firefox, Opera, Edge"}],"tags":[],"tags_disable_links":"","hide_more_platforms":"","video_object":"","demo_hide_cta":"","demo_hide_cloud_options":"","pricing_title":"","pricing":[{"pricing_icon":"platform","pricing_title":"Elfsight Apps","pricing_title_caption":"Soluzione multipiattaforma che funziona su qualsiasi sito web","pricing_price":"da $ 0 \/ mese","pricing_price_caption":"inizia con un piano gratuito","pricing_benefits":[{"text":"Domini illimitati"},{"text":"Supporto dedicato, puntuale e ben documentato"},{"text":"Aiuto gratuito per l'installazione"},{"text":"Progettazione flessibile"}],"pricing_button_text":"Aggiungi al sito web","pricing_button_url":"#demo"}],"related_apps_title":"","related_apps_hidden":"","author":"","image":[],"title":"","job":"","social_networks":[]},"_links":{"self":[{"href":"https:\/\/elfsight.com\/it\/wp-json\/wp\/v2\/pages\/4050","targetHints":{"allow":["GET"]}}],"collection":[{"href":"https:\/\/elfsight.com\/it\/wp-json\/wp\/v2\/pages"}],"about":[{"href":"https:\/\/elfsight.com\/it\/wp-json\/wp\/v2\/types\/page"}],"author":[{"embeddable":true,"href":"https:\/\/elfsight.com\/it\/wp-json\/wp\/v2\/users\/9"}],"replies":[{"embeddable":true,"href":"https:\/\/elfsight.com\/it\/wp-json\/wp\/v2\/comments?post=4050"}],"version-history":[{"count":1,"href":"https:\/\/elfsight.com\/it\/wp-json\/wp\/v2\/pages\/4050\/revisions"}],"predecessor-version":[{"id":4054,"href":"https:\/\/elfsight.com\/it\/wp-json\/wp\/v2\/pages\/4050\/revisions\/4054"}],"up":[{"embeddable":true,"href":"https:\/\/elfsight.com\/it\/wp-json\/wp\/v2\/pages\/1959"}],"wp:attachment":[{"href":"https:\/\/elfsight.com\/it\/wp-json\/wp\/v2\/media?parent=4050"}],"curies":[{"name":"wp","href":"https:\/\/api.w.org\/{rel}","templated":true}]}}