{"id":4045,"date":"2024-05-03T06:32:31","date_gmt":"2024-05-03T06:32:31","guid":{"rendered":"https:\/\/elfsight.com\/it\/?page_id=4045"},"modified":"2024-11-12T08:38:49","modified_gmt":"2024-11-12T08:38:49","slug":"magento","status":"publish","type":"page","link":"https:\/\/elfsight.com\/it\/click-to-call-widget\/magento\/","title":{"rendered":"Click to Call &#8211; Magento"},"content":{"rendered":"<div class=\"application-platform-content-item-description application-platform-content-item\" id=\"description\" data-nav-section=\"description\"> <h2>Descrizione<\/h2> <p>Il pulsante Chiama ora Elfsight \u00e8 il plugin pi\u00f9 semplice per un sito, che rende pi\u00f9 veloce l&#8217;avvio da parte dei tuoi utenti una chiamata. Quando gli utenti navigano nel tuo sito da dispositivo mobile, il plug-in compone il tuo numero quando una persona fa clic sull&#8217;icona del telefono. Su PC e tablet, il clic mostrer\u00e0 il tuo numero di telefono sul sito per aiutare gli utenti a comporlo direttamente. \u00c8 possibile non solo mostrare il numero, ma anche mostrare la finestra di chiamata con il nome e l&#8217;immagine della persona da contattare e una didascalia. Tutti questi elementi sono commutabili e ti consentono di ottenere qualsiasi variante dell&#8217;interfaccia. C&#8217;\u00e8 anche una funzione per impostare un trigger che attiva la bolla del telefono e impostare una categoria di visitatori per i quali sar\u00e0 attivo.<\/p><div class=\"faq\" data-component=\"FAQ\"><div class=\"faq-item\">\r\n\t\t\t\t\t<div class=\"faq-item-question\">\r\n\t\t\t\t\t\t<h3 class=\"faq-item-question-text\">Dove posso installarlo<\/h3>\r\n\r\n\t\t\t\t\t\t<div class=\"faq-item-question-icon\"><\/div>\r\n\t\t\t\t\t<\/div>\r\n\r\n\t\t\t\t\t<div class=\"faq-item-answer\">\r\n\t\t\t\t\t\t<div class=\"faq-item-answer-text\"><p>Puoi aggiungilo su qualsiasi pagina del sito web e su tutte le pagine. Nelle impostazioni del plugin puoi inserire gli URL delle pagine su cui devi fare per incorporare il plugin Click To Call. In alternativa, puoi utilizzare la funzione Escludi e inserire gli URL delle pagine esatte in cui scegli di vietare la visualizzazione del plug-in.<\/p><\/div>\r\n\t\t\t\t\t<\/div>\r\n\t\t\t\t<\/div><div class=\"faq-item\">\r\n\t\t\t\t\t<div class=\"faq-item-question\">\r\n\t\t\t\t\t\t<h3 class=\"faq-item-question-text\">Come posso trarre vantaggio da questo plug-in?<\/h3>\r\n\r\n\t\t\t\t\t\t<div class=\"faq-item-question-icon\"><\/div>\r\n\t\t\t\t\t<\/div>\r\n\r\n\t\t\t\t\t<div class=\"faq-item-answer\">\r\n\t\t\t\t\t\t<div class=\"faq-item-answer-text\"> <p>Tu puoi iniziare a ricevere pi\u00f9 telefonate dagli utenti avendo un modo veloce e pratico per entrare in contatto con te, senza lasciare il sito web. Questo pu\u00f2 aiutarti a ottenere pi\u00f9 conversazioni personali e convertire gli utenti in nuovi acquisti. Inoltre, puoi raccogliere il tuo database di lead. <\/p> <\/div>\r\n\t\t\t\t\t<\/div>\r\n\t\t\t\t<\/div><div class=\"faq-item\">\r\n\t\t\t\t\t<div class=\"faq-item-question\">\r\n\t\t\t\t\t\t<h3 class=\"faq-item-question-text\">Come posso aggiungere il pulsante di chiamata al mio sito Magento?<\/h3>\r\n\r\n\t\t\t\t\t\t<div class=\"faq-item-question-icon\"><\/div>\r\n\t\t\t\t\t<\/div>\r\n\r\n\t\t\t\t\t<div class=\"faq-item-answer\">\r\n\t\t\t\t\t\t<div class=\"faq-item-answer-text\"><p>Ci vorr\u00e0 solo un minuto del tuo tempo per iniziare a utilizzare il plugin. L&#8217;integrazione \u00e8 molto veloce, gratuita e senza codifica. <\/p> <p>Il plug-in Elfsight Call pu\u00f2 essere integrato nel nostro servizio o tramite il marketplace. Puoi vedere maggiori dettagli su entrambe le opzioni e selezionare quella pi\u00f9 adatta.<\/p><\/div>\r\n\t\t\t\t\t<\/div>\r\n\t\t\t\t<\/div><\/div><\/div><div class=\"application-platform-content-item-features application-platform-content-item\" id=\"features\" data-nav-section=\"features\"> <h2>Caratteristiche<\/h2> <p>In ordine per avere un&#8217;idea migliore di Call, esamina l&#8217;elenco delle sue caratteristiche pi\u00f9 importanti. Rendono questo plugin estremamente efficace per la tua attivit\u00e0: <\/p> <ul><li>Telefonate veloci su cellulari;<\/li><li>Scegli una delle 3 varianti di posizione del widget: mobile a sinistra o a destra o personalizzato;<\/li><li>L&#8217;opzione per mostrare il widget su pagine web specifiche o pagine escluse;<\/li><li>Scegliere le varianti degli utenti per visualizzare il widget: tutti, nuovi e di ritorno;<\/li><li>Quattro attivazioni del widget: tempo sulla pagina, tempo sul sito, posizione di scorrimento o intenzione di uscita.<\/li><\/ul><p><a href=\"#demo\">La demo dal vivo ti aprir\u00e0 pi\u00f9 funzionalit\u00e0<\/a><\/p> <\/div> <div class=\"application-platform-content-item-installation application-platform-content-item\" id=\"installation\" data-nav-section=\"installation\"> <h2>Come aggiungere il plug-in Call Button al tuo sito Magento<\/h2> <p> Un paio di semplici passaggi sono l&#8217;unica cosa di cui hai bisogno fare. <\/p> <ol><li><b>Apri il nostro configuratore gratuito e inizia a creare la tua estensione. <\/b><br> Trova il design e i tratti funzionali desiderati dell&#8217;estensione e applica tutte le modifiche. <\/li> <li><b>Acquisisci il tuo codice individuale che appare nella finestra delle app Elfsight. <\/b><br> Non appena la generazione della tua estensione \u00e8 terminata, copia il codice individuale nel popup visualizzato e conservalo per occasioni future. <\/li> <li><b>Avviare l&#8217;utilizzo dell&#8217;estensione sul sito Magento. <\/b><br> Incorpora il codice salvato in precedenza nel tuo sito e applica le modifiche. <\/li> <li><b>Il gioco \u00e8 fatto! L&#8217;incorporamento \u00e8 terminato con successo. <\/b><br> Apri il tuo sito per esaminare come funziona l&#8217;estensione. <\/li><\/ol><p>Ancora indeciso? O riscontri problemi? Basta semplicemente indirizzare una richiesta al nostro team di supporto. Aiuteranno con ogni problema. <\/p> <\/div>","protected":false},"excerpt":{"rendered":"","protected":false},"author":9,"featured_media":0,"parent":1959,"menu_order":0,"comment_status":"closed","ping_status":"closed","template":"templates\/template-application-platform.php","meta":{"publish_to_discourse":"","publish_post_category":"","wpdc_auto_publish_overridden":"","wpdc_topic_tags":"","wpdc_pin_topic":"","wpdc_pin_until":"","discourse_post_id":"","discourse_permalink":"","wpdc_publishing_response":"","wpdc_publishing_error":"","footnotes":""},"class_list":["post-4045","page","type-page","status-publish","hentry"],"yoast_head":"<!-- This site is optimized with the Yoast SEO plugin v25.3.1 - https:\/\/yoast.com\/wordpress\/plugins\/seo\/ -->\n<title>Aggiungi il plug-in del pulsante Chiama ora al tuo sito Web Magento (in 2 minuti)<\/title>\n<meta name=\"description\" content=\"Ecco un&#039;opportunit\u00e0 per creare l&#039;estensione Click to Call Button e aggiungerla al tuo Magento. Goditi il \u200b\u200bservizio clienti gratuito e altri bonus di Elfsight.\" \/>\n<meta name=\"robots\" content=\"index, follow, max-snippet:-1, max-image-preview:large, max-video-preview:-1\" \/>\n<link rel=\"canonical\" href=\"https:\/\/elfsight.com\/it\/click-to-call-widget\/magento\/\" \/>\n<meta property=\"og:locale\" content=\"it_IT\" \/>\n<meta property=\"og:type\" content=\"article\" \/>\n<meta property=\"og:title\" content=\"Aggiungi il plug-in del pulsante Chiama ora al tuo sito Web Magento (in 2 minuti)\" \/>\n<meta property=\"og:description\" content=\"Ecco un&#039;opportunit\u00e0 per creare l&#039;estensione Click to Call Button e aggiungerla al tuo Magento. Goditi il \u200b\u200bservizio clienti gratuito e altri bonus di Elfsight.\" \/>\n<meta property=\"og:url\" content=\"https:\/\/elfsight.com\/it\/click-to-call-widget\/magento\/\" \/>\n<meta property=\"og:site_name\" content=\"Elfsight IT\" \/>\n<meta property=\"article:modified_time\" content=\"2024-11-12T08:38:49+00:00\" \/>\n<meta name=\"twitter:card\" content=\"summary_large_image\" \/>\n<meta name=\"twitter:label1\" content=\"Tempo di lettura stimato\" \/>\n\t<meta name=\"twitter:data1\" content=\"3 minuti\" \/>\n<!-- \/ Yoast SEO plugin. -->","yoast_head_json":{"title":"Aggiungi il plug-in del pulsante Chiama ora al tuo sito Web Magento (in 2 minuti)","description":"Ecco un'opportunit\u00e0 per creare l'estensione Click to Call Button e aggiungerla al tuo Magento. Goditi il \u200b\u200bservizio clienti gratuito e altri bonus di Elfsight.","robots":{"index":"index","follow":"follow","max-snippet":"max-snippet:-1","max-image-preview":"max-image-preview:large","max-video-preview":"max-video-preview:-1"},"canonical":"https:\/\/elfsight.com\/it\/click-to-call-widget\/magento\/","og_locale":"it_IT","og_type":"article","og_title":"Aggiungi il plug-in del pulsante Chiama ora al tuo sito Web Magento (in 2 minuti)","og_description":"Ecco un'opportunit\u00e0 per creare l'estensione Click to Call Button e aggiungerla al tuo Magento. Goditi il \u200b\u200bservizio clienti gratuito e altri bonus di Elfsight.","og_url":"https:\/\/elfsight.com\/it\/click-to-call-widget\/magento\/","og_site_name":"Elfsight IT","article_modified_time":"2024-11-12T08:38:49+00:00","twitter_card":"summary_large_image","twitter_misc":{"Tempo di lettura stimato":"3 minuti"},"schema":{"@context":"https:\/\/schema.org","@graph":[{"@type":"WebPage","@id":"https:\/\/elfsight.com\/it\/click-to-call-widget\/magento\/","url":"https:\/\/elfsight.com\/it\/click-to-call-widget\/magento\/","name":"Aggiungi il plug-in del pulsante Chiama ora al tuo sito Web Magento (in 2 minuti)","isPartOf":{"@id":"https:\/\/elfsight.com\/it\/#website"},"datePublished":"2024-05-03T06:32:31+00:00","dateModified":"2024-11-12T08:38:49+00:00","description":"Ecco un'opportunit\u00e0 per creare l'estensione Click to Call Button e aggiungerla al tuo Magento. Goditi il \u200b\u200bservizio clienti gratuito e altri bonus di Elfsight.","breadcrumb":{"@id":"https:\/\/elfsight.com\/it\/click-to-call-widget\/magento\/#breadcrumb"},"inLanguage":"it-IT","potentialAction":[{"@type":"ReadAction","target":["https:\/\/elfsight.com\/it\/click-to-call-widget\/magento\/"]}]},{"@type":"BreadcrumbList","@id":"https:\/\/elfsight.com\/it\/click-to-call-widget\/magento\/#breadcrumb","itemListElement":[{"@type":"ListItem","position":1,"name":"Home","item":"https:\/\/elfsight.com\/it\/"},{"@type":"ListItem","position":2,"name":"Click to Call","item":"https:\/\/elfsight.com\/it\/click-to-call-widget\/"},{"@type":"ListItem","position":3,"name":"Click to Call &#8211; Magento"}]},{"@type":"WebSite","@id":"https:\/\/elfsight.com\/it\/#website","url":"https:\/\/elfsight.com\/it\/","name":"Elfsight IT","description":"Just another Elfsight Sites site","potentialAction":[{"@type":"SearchAction","target":{"@type":"EntryPoint","urlTemplate":"https:\/\/elfsight.com\/it\/?s={search_term_string}"},"query-input":{"@type":"PropertyValueSpecification","valueRequired":true,"valueName":"search_term_string"}}],"inLanguage":"it-IT"}]}},"meta_box":{"industry":"","seo_heading":"","heading":"","description":"","cta_heading":"","cta_description":"","application":"1958","h1":"Estensione del pulsante di chiamata Magento","h1_caption":"Consenti agli utenti di contattarti istantaneamente con un semplice pulsante click-to-call, rendendo pi\u00f9 semplice raggiungere direttamente il tuo sito web Magento senza sforzo.","application_category":[],"applications_title":"","applications_request_title":"","applications_request_button_text":"","hero_text":"","hero_video":"","hero_video_schema_markup":"","selling_points_title":"","selling_points_caption":"","selling_points":[],"selling_points_cta_text":"","features_title":"","features":"","ed_cta_examples_text":"","ed_cta_examples_hidden":"","ed_cta_demo_text":"","ed_cta_demo_hidden":"","why_caption":"","why_editor_title":"","why_editor_text":"","why_team_title":"","why_team_text":"","why_service_title":"","why_service_text":"","template_catalog_visible":"","template_catalog_title":"","template_catalog_text":"","template_catalog_categories_visible":"","demo_title":"Crea la tua estensione Click to Call","demo_caption":"Configura il tuo Click to Call e aggiungilo gratuitamente al tuo sito Magento!","default_faq_hidden":"","app_template_category":[],"platform":"39","template_public_id":"","codecanyon_url":"","codecanyon_item_id":"","codecanyon_price":"","pricing_caption":"","pricing_elfsight_apps_hide_column":"","pricing_elfsight_apps_url":"","pricing_codecanyon_price_caption":"","integration_category":[],"integration_request_title":"","integration_request_cta":"","integration_platform":"","integrations":[],"platform_category":[],"video_schema_markup":"","price":"da $ 0 al mese","trial":"","benefits":[{"text":"Assistenza gratuita per l'installazione"},{"text":"Assistenza clienti con esperienza"},{"text":"Garanzia di rimborso di 14 giorni"},{"text":"Miglioramenti gratuiti a vita"}],"button_url":"#demo","button_target_blank":"","button_nofollow":"","attributes":[{"name":"Installazioni"},{"name":"Reattivo","content":"S\u00cc"},{"name":"Browser compatibili","content":"Firefox, Safari, Opera, Chrome, Edge"}],"tags":[],"tags_disable_links":"","hide_more_platforms":"","video_object":"","demo_hide_cta":"","demo_hide_cloud_options":"","pricing_title":"","pricing":[{"pricing_icon":"platform","pricing_title":"Elfsight Apps","pricing_title_caption":"Soluzione digitale multipiattaforma che funziona su qualsiasi sito","pricing_price":"da $ 0 \/ mese","pricing_price_caption":"inizia con il piano gratuito","pricing_benefits":[{"text":"Domini illimitati"},{"text":"Supporto professionale"},{"text":"Aiuto gratuito per l'installazione"},{"text":"100% personalizzabile"}],"pricing_button_text":"Aggiungi al sito web","pricing_button_url":"#demo"}],"related_apps_title":"","related_apps_hidden":"","author":"","image":[],"title":"","job":"","social_networks":[]},"_links":{"self":[{"href":"https:\/\/elfsight.com\/it\/wp-json\/wp\/v2\/pages\/4045","targetHints":{"allow":["GET"]}}],"collection":[{"href":"https:\/\/elfsight.com\/it\/wp-json\/wp\/v2\/pages"}],"about":[{"href":"https:\/\/elfsight.com\/it\/wp-json\/wp\/v2\/types\/page"}],"author":[{"embeddable":true,"href":"https:\/\/elfsight.com\/it\/wp-json\/wp\/v2\/users\/9"}],"replies":[{"embeddable":true,"href":"https:\/\/elfsight.com\/it\/wp-json\/wp\/v2\/comments?post=4045"}],"version-history":[{"count":1,"href":"https:\/\/elfsight.com\/it\/wp-json\/wp\/v2\/pages\/4045\/revisions"}],"predecessor-version":[{"id":4049,"href":"https:\/\/elfsight.com\/it\/wp-json\/wp\/v2\/pages\/4045\/revisions\/4049"}],"up":[{"embeddable":true,"href":"https:\/\/elfsight.com\/it\/wp-json\/wp\/v2\/pages\/1959"}],"wp:attachment":[{"href":"https:\/\/elfsight.com\/it\/wp-json\/wp\/v2\/media?parent=4045"}],"curies":[{"name":"wp","href":"https:\/\/api.w.org\/{rel}","templated":true}]}}