{"id":4044,"date":"2024-05-03T06:32:30","date_gmt":"2024-05-03T06:32:30","guid":{"rendered":"https:\/\/elfsight.com\/it\/?page_id=4044"},"modified":"2024-11-12T08:38:49","modified_gmt":"2024-11-12T08:38:49","slug":"html","status":"publish","type":"page","link":"https:\/\/elfsight.com\/it\/click-to-call-widget\/html\/","title":{"rendered":"Click to Call &#8211; HTML"},"content":{"rendered":"<div class=\"application-platform-content-item-description application-platform-content-item\" id=\"description\" data-nav-section=\"description\"> <h2>Descrizione<\/h2> <p>Il pulsante Chiama ora di Elfsight \u00e8 un widget semplice per un sito, che rende pi\u00f9 comodo per i tuoi clienti iniziare chiamandoti al telefono. Se utilizzato su dispositivi mobili, il codice inizia a comporre il numero incorporato quando un utente fa clic sul fumetto del telefono. Sui desktop, il clic rivela il tuo numero sulla pagina per aiutare gli utenti a telefonarti immediatamente. Puoi non solo visualizzare il numero di telefono, ma anche configurare la finestra di chiamata che include il nome e la foto della persona di contatto del cliente e un breve testo. Tutte queste parti sono commutabili e consentono di configurarti per avere qualsiasi variante dell&#8217;interfaccia. Puoi anche assegnare un trigger, che mostra il fumetto del telefono e decide per quale categoria di pubblico del sito web sar\u00e0 attivo.<\/p> <div class=\"faq\" data-component=\"FAQ\"><div class=\"faq-item\">\r\n\t\t\t\t\t<div class=\"faq-item-question\">\r\n\t\t\t\t\t\t<h3 class=\"faq-item-question-text\">Dove sul mio sito web posso aggiungere il pulsante Chiama ora<\/h3>\r\n\r\n\t\t\t\t\t\t<div class=\"faq-item-question-icon\"><\/div>\r\n\t\t\t\t\t<\/div>\r\n\r\n\t\t\t\t\t<div class=\"faq-item-answer\">\r\n\t\t\t\t\t\t<div class=\"faq-item-answer-text\"> <p>Pu\u00f2 essere introdotto su qualunque pagina del sito cos\u00ec come su tutte le pagine. Nelle impostazioni Click To Call, puoi aggiungere gli URL di pagine separate su cui devi abilitare il widget. In alternativa, utilizza l&#8217;opzione Escludi e inserisci gli URL delle pagine in cui desideri vietare la dimostrazione del widget.<\/p> <\/div>\r\n\t\t\t\t\t<\/div>\r\n\t\t\t\t<\/div><div class=\"faq-item\">\r\n\t\t\t\t\t<div class=\"faq-item-question\">\r\n\t\t\t\t\t\t<h3 class=\"faq-item-question-text\">Come potrei trarne vantaggio?<\/h3>\r\n\r\n\t\t\t\t\t\t<div class=\"faq-item-question-icon\"><\/div>\r\n\t\t\t\t\t<\/div>\r\n\r\n\t\t\t\t\t<div class=\"faq-item-answer\">\r\n\t\t\t\t\t\t<div class=\"faq-item-answer-text\"> <p>Puoi ricevere pi\u00f9 chiamate dai clienti grazie ad un modo semplice e immediato per entrare in contatto con te, senza abbandonare il sito. Ti aiuter\u00e0 ad avere pi\u00f9 conversazioni dirette e a convertire i visitatori in clienti. Inoltre, puoi creare il tuo database di lead.<\/p> <\/div>\r\n\t\t\t\t\t<\/div>\r\n\t\t\t\t<\/div> <div class=\"faq-item\">\r\n\t\t\t\t\t<div class=\"faq-item-question\">\r\n\t\t\t\t\t\t<h3 class=\"faq-item-question-text\">Come faccio ad aggiungere il widget Chiamata al mio sito Web HTML?<\/h3>\r\n\r\n\t\t\t\t\t\t<div class=\"faq-item-question-icon\"><\/div>\r\n\t\t\t\t\t<\/div>\r\n\r\n\t\t\t\t\t<div class=\"faq-item-answer\">\r\n\t\t\t\t\t\t<div class=\"faq-item-answer-text\"> <p>Ci vuole un minuto di tempo per avere il widget attivo e funzionante. L&#8217;installazione \u00e8 super veloce, gratuita e senza codifica. <\/p> <p>Puoi introdurre widget nel sito tramite il nostro servizio. Per farlo consulta la guida pi\u00f9 avanti in questa pagina.<\/p> <\/div>\r\n\t\t\t\t\t<\/div>\r\n\t\t\t\t<\/div> <\/div> <\/div> <div class=\"application-platform-content-item-features application-platform-content-item\" id=\"features\" data-nav-section=\"features\"> <h2>Funzionalit\u00e0<\/h2> <p>Per ottenere un risultato migliore comprensione del pulsante di chiamata, vedere l&#8217;elenco delle funzioni essenziali. Rendono il widget pi\u00f9 efficiente per il tuo business: <\/p> <ul><li>Chiamate istantanee sui cellulari;<\/li> <li>Seleziona una delle opzioni di posizionamento del widget: mobile a sinistra o a destra o personalizzato; <\/li> <li>L&#8217;opzione per visualizzare il widget su determinate pagine Web o su pagine escluse; <\/li> <li>Scegli le categorie di visitatori che vedranno il widget: tutti, nuovi o di ritorno; <\/li> <li> 4 trigger di apertura del widget: tempo trascorso sulla pagina, tempo sul sito Web, quantit\u00e0 di scorrimento o intenzione di uscire.<\/li> <\/ul><p><a href=\"#demo\"> La nostra demo ti mostrer\u00e0 pi\u00f9 funzionalit\u00e0<\/a><\/p> <\/div> <div class=\"application-platform-content-item-installation application-platform-content-item\" id=\"installation\" data-nav-section=\"installation\"> <h2>Come aggiungere il codice del pulsante di chiamata al tuo sito web HTML<\/h2> <p> A un paio di semplici passaggi sono l&#8217;unica cosa che devi fare per configurare il widget.<\/p><ol><li><b>Costruisci il tuo plugin Call Now<\/b><br>Tramite il nostro configuratore gratuito, generare un plugin con composizione e funzioni personalizzate.<\/li><li><b>Acquisisci il codice personale per configurare il plugin<\/b><br>Dopo aver generato il tuo widget, otterrai il tuo codice personale da la notifica apparsa su Elfsight Apps. Copia questo codice per un ulteriore utilizzo.<\/li><li><b>Visualizza il plug-in sul tuo sito Web HTML<\/b><br>Seleziona l&#8217;area della pagina in cui desideri visualizzare il plug-in e aggiungi l\u00ec il codice copiato. Pubblica le modifiche.<\/li><li><b>Hai completato con successo l&#8217;installazione<\/b><br>Visita il tuo sito web per controllare il tuo lavoro.<\/li><\/ol><p>Ancora indeciso? O riscontri problemi? Basta inviare una richiesta al nostro servizio clienti per risolvere qualsiasi problema.<\/p> <\/div>","protected":false},"excerpt":{"rendered":"","protected":false},"author":9,"featured_media":0,"parent":1959,"menu_order":0,"comment_status":"closed","ping_status":"closed","template":"templates\/template-application-platform.php","meta":{"publish_to_discourse":"","publish_post_category":"","wpdc_auto_publish_overridden":"","wpdc_topic_tags":"","wpdc_pin_topic":"","wpdc_pin_until":"","discourse_post_id":"","discourse_permalink":"","wpdc_publishing_response":"","wpdc_publishing_error":"","footnotes":""},"class_list":["post-4044","page","type-page","status-publish","hentry"],"yoast_head":"<!-- This site is optimized with the Yoast SEO plugin v25.3.1 - https:\/\/yoast.com\/wordpress\/plugins\/seo\/ -->\n<title>Pulsante Chiama HTML: aggiungi il codice del pulsante Chiama ora al sito Web HTML [2025]<\/title>\n<meta name=\"description\" content=\"Crea il pulsante Click to Call e aggiungilo al tuo sito web in codice HTML in modo facile e veloce. Ottieni un servizio clienti gratuito e altri vantaggi da Elfsight.\" \/>\n<meta name=\"robots\" content=\"index, follow, max-snippet:-1, max-image-preview:large, max-video-preview:-1\" \/>\n<link rel=\"canonical\" href=\"https:\/\/elfsight.com\/it\/click-to-call-widget\/html\/\" \/>\n<meta property=\"og:locale\" content=\"it_IT\" \/>\n<meta property=\"og:type\" content=\"article\" \/>\n<meta property=\"og:title\" content=\"Pulsante Chiama HTML: aggiungi il codice del pulsante Chiama ora al sito Web HTML [2025]\" \/>\n<meta property=\"og:description\" content=\"Crea il pulsante Click to Call e aggiungilo al tuo sito web in codice HTML in modo facile e veloce. Ottieni un servizio clienti gratuito e altri vantaggi da Elfsight.\" \/>\n<meta property=\"og:url\" content=\"https:\/\/elfsight.com\/it\/click-to-call-widget\/html\/\" \/>\n<meta property=\"og:site_name\" content=\"Elfsight IT\" \/>\n<meta property=\"article:modified_time\" content=\"2024-11-12T08:38:49+00:00\" \/>\n<meta name=\"twitter:card\" content=\"summary_large_image\" \/>\n<meta name=\"twitter:label1\" content=\"Tempo di lettura stimato\" \/>\n\t<meta name=\"twitter:data1\" content=\"3 minuti\" \/>\n<!-- \/ Yoast SEO plugin. -->","yoast_head_json":{"title":"Pulsante Chiama HTML: aggiungi il codice del pulsante Chiama ora al sito Web HTML [2025]","description":"Crea il pulsante Click to Call e aggiungilo al tuo sito web in codice HTML in modo facile e veloce. Ottieni un servizio clienti gratuito e altri vantaggi da Elfsight.","robots":{"index":"index","follow":"follow","max-snippet":"max-snippet:-1","max-image-preview":"max-image-preview:large","max-video-preview":"max-video-preview:-1"},"canonical":"https:\/\/elfsight.com\/it\/click-to-call-widget\/html\/","og_locale":"it_IT","og_type":"article","og_title":"Pulsante Chiama HTML: aggiungi il codice del pulsante Chiama ora al sito Web HTML [2025]","og_description":"Crea il pulsante Click to Call e aggiungilo al tuo sito web in codice HTML in modo facile e veloce. Ottieni un servizio clienti gratuito e altri vantaggi da Elfsight.","og_url":"https:\/\/elfsight.com\/it\/click-to-call-widget\/html\/","og_site_name":"Elfsight IT","article_modified_time":"2024-11-12T08:38:49+00:00","twitter_card":"summary_large_image","twitter_misc":{"Tempo di lettura stimato":"3 minuti"},"schema":{"@context":"https:\/\/schema.org","@graph":[{"@type":"WebPage","@id":"https:\/\/elfsight.com\/it\/click-to-call-widget\/html\/","url":"https:\/\/elfsight.com\/it\/click-to-call-widget\/html\/","name":"Pulsante Chiama HTML: aggiungi il codice del pulsante Chiama ora al sito Web HTML [2025]","isPartOf":{"@id":"https:\/\/elfsight.com\/it\/#website"},"datePublished":"2024-05-03T06:32:30+00:00","dateModified":"2024-11-12T08:38:49+00:00","description":"Crea il pulsante Click to Call e aggiungilo al tuo sito web in codice HTML in modo facile e veloce. Ottieni un servizio clienti gratuito e altri vantaggi da Elfsight.","breadcrumb":{"@id":"https:\/\/elfsight.com\/it\/click-to-call-widget\/html\/#breadcrumb"},"inLanguage":"it-IT","potentialAction":[{"@type":"ReadAction","target":["https:\/\/elfsight.com\/it\/click-to-call-widget\/html\/"]}]},{"@type":"BreadcrumbList","@id":"https:\/\/elfsight.com\/it\/click-to-call-widget\/html\/#breadcrumb","itemListElement":[{"@type":"ListItem","position":1,"name":"Home","item":"https:\/\/elfsight.com\/it\/"},{"@type":"ListItem","position":2,"name":"Click to Call","item":"https:\/\/elfsight.com\/it\/click-to-call-widget\/"},{"@type":"ListItem","position":3,"name":"Click to Call &#8211; HTML"}]},{"@type":"WebSite","@id":"https:\/\/elfsight.com\/it\/#website","url":"https:\/\/elfsight.com\/it\/","name":"Elfsight IT","description":"Just another Elfsight Sites site","potentialAction":[{"@type":"SearchAction","target":{"@type":"EntryPoint","urlTemplate":"https:\/\/elfsight.com\/it\/?s={search_term_string}"},"query-input":{"@type":"PropertyValueSpecification","valueRequired":true,"valueName":"search_term_string"}}],"inLanguage":"it-IT"}]}},"meta_box":{"industry":"","seo_heading":"","heading":"","description":"","cta_heading":"","cta_description":"","application":"1958","h1":"Codice HTML del pulsante Fai clic per chiamare","h1_caption":"Consenti agli utenti di contattarti istantaneamente con un semplice pulsante \"click-to-call\", rendendo pi\u00f9 semplice raggiungere direttamente il tuo sito Web HTML senza sforzo.","application_category":[],"applications_title":"","applications_request_title":"","applications_request_button_text":"","hero_text":"","hero_video":"","hero_video_schema_markup":"","selling_points_title":"","selling_points_caption":"","selling_points":[],"selling_points_cta_text":"","features_title":"","features":"","ed_cta_examples_text":"","ed_cta_examples_hidden":"","ed_cta_demo_text":"","ed_cta_demo_hidden":"","why_caption":"","why_editor_title":"","why_editor_text":"","why_team_title":"","why_team_text":"","why_service_title":"","why_service_text":"","template_catalog_visible":"","template_catalog_title":"","template_catalog_text":"","template_catalog_categories_visible":"","demo_title":"Crea il tuo widget Click to Call","demo_caption":"Configura il tuo Click to Call e aggiungilo gratuitamente al tuo sito HTML!","default_faq_hidden":"","app_template_category":[],"platform":"35","template_public_id":"","codecanyon_url":"","codecanyon_item_id":"","codecanyon_price":"","pricing_caption":"","pricing_elfsight_apps_hide_column":"","pricing_elfsight_apps_url":"","pricing_codecanyon_price_caption":"","integration_category":[],"integration_request_title":"","integration_request_cta":"","integration_platform":"","integrations":[],"platform_category":[],"video_schema_markup":"","price":"da $ 0 al mese","trial":"","benefits":[{"text":"Assistenza gratuita per l'installazione"},{"text":"Supporto eccezionale"},{"text":"Garanzia di rimborso di 14 giorni"},{"text":"Aggiornamento costante"}],"button_url":"#demo","button_target_blank":"","button_nofollow":"","attributes":[{"name":"Installazioni"},{"name":"Reattivo","content":"S\u00cc"},{"name":"Browser compatibili","content":"Firefox, Safari, Opera, Chrome, Edge"}],"tags":[],"tags_disable_links":"","hide_more_platforms":"","video_object":"","demo_hide_cta":"","demo_hide_cloud_options":"","pricing_title":"","pricing":[{"pricing_icon":"platform","pricing_title":"Elfsight Apps","pricing_title_caption":"Software multipiattaforma adatto a qualsiasi sito web","pricing_price":"da $ 0 \/ mese","pricing_price_caption":"inizia con il piano gratuito","pricing_benefits":[{"text":"Domini illimitati"},{"text":"Assistenza gratuita e puntuale"},{"text":"Servizio di installazione gratuito"},{"text":"Prezzo da prendere per pi\u00f9 app"}],"pricing_button_text":"Aggiungi al sito web","pricing_button_url":"#demo"}],"related_apps_title":"","related_apps_hidden":"","author":"","image":[],"title":"","job":"","social_networks":[]},"_links":{"self":[{"href":"https:\/\/elfsight.com\/it\/wp-json\/wp\/v2\/pages\/4044","targetHints":{"allow":["GET"]}}],"collection":[{"href":"https:\/\/elfsight.com\/it\/wp-json\/wp\/v2\/pages"}],"about":[{"href":"https:\/\/elfsight.com\/it\/wp-json\/wp\/v2\/types\/page"}],"author":[{"embeddable":true,"href":"https:\/\/elfsight.com\/it\/wp-json\/wp\/v2\/users\/9"}],"replies":[{"embeddable":true,"href":"https:\/\/elfsight.com\/it\/wp-json\/wp\/v2\/comments?post=4044"}],"version-history":[{"count":1,"href":"https:\/\/elfsight.com\/it\/wp-json\/wp\/v2\/pages\/4044\/revisions"}],"predecessor-version":[{"id":4048,"href":"https:\/\/elfsight.com\/it\/wp-json\/wp\/v2\/pages\/4044\/revisions\/4048"}],"up":[{"embeddable":true,"href":"https:\/\/elfsight.com\/it\/wp-json\/wp\/v2\/pages\/1959"}],"wp:attachment":[{"href":"https:\/\/elfsight.com\/it\/wp-json\/wp\/v2\/media?parent=4044"}],"curies":[{"name":"wp","href":"https:\/\/api.w.org\/{rel}","templated":true}]}}