{"id":4037,"date":"2024-05-03T06:32:27","date_gmt":"2024-05-03T06:32:27","guid":{"rendered":"https:\/\/elfsight.com\/it\/?page_id=4037"},"modified":"2024-11-12T08:38:41","modified_gmt":"2024-11-12T08:38:41","slug":"shopify","status":"publish","type":"page","link":"https:\/\/elfsight.com\/it\/click-to-call-widget\/shopify\/","title":{"rendered":"Click to Call &#8211; Shopify"},"content":{"rendered":"<div class=\"application-platform-content-item-description application-platform-content-item\" id=\"description\" data-nav-section=\"description\"> <h2>Incorpora Click to Call su Shopify con il widget Elfsight<\/h2> <p>Il pulsante Chiama ora Elfsight \u00e8 un&#8217;app semplice per qualsiasi sito web, ci\u00f2 rende pi\u00f9 comodo per gli utenti effettuare una telefonata. Visualizzata dai telefoni cellulari, l&#8217;app inizia a comporre il numero quando una persona fa clic sull&#8217;icona del telefono. Su PC e tablet, il clic rivela il tuo numero di telefono sulla pagina e aiuta gli utenti a telefonarti nello stesso secondo. \u00c8 possibile non solo rivelare il numero, ma anche visualizzare la finestra di chiamata in cui gli utenti possono vedere il nome e l&#8217;immagine della persona da contattare e un testo personalizzato. Tutti questi elementi sono commutabili e consentono di progettare per ottenere diversi aspetti dell&#8217;interfaccia. C&#8217;\u00e8 anche un&#8217;opzione per selezionare un trigger che attiva la bolla del telefono e selezionare una categoria di visitatori che lo vedranno.<\/p> <div class=\"faq\" data-component=\"FAQ\"><div class=\"faq-item\">\r\n\t\t\t\t\t<div class=\"faq-item-question\">\r\n\t\t\t\t\t\t<h3 class=\"faq-item-question-text\">Dove posso visualizzare il pulsante di chiamata<\/h3>\r\n\r\n\t\t\t\t\t\t<div class=\"faq-item-question-icon\"><\/div>\r\n\t\t\t\t\t<\/div>\r\n\r\n\t\t\t\t\t<div class=\"faq-item-answer\">\r\n\t\t\t\t\t\t<div class=\"faq-item-answer-text\"> <p>Puoi incolla l&#8217;app su qualsiasi pagina del tuo sito web o su tutte le pagine. Nelle impostazioni dell&#8217;app, c&#8217;\u00e8 una funzione per aggiungere gli URL delle pagine in cui devi posizionare l&#8217;app. Oppure utilizza l&#8217;opzione Escludi e aggiungi gli URL di quelle pagine in cui desideri limitare la visualizzazione del pulsante. <\/p> <\/div>\r\n\t\t\t\t\t<\/div>\r\n\t\t\t\t<\/div><div class=\"faq-item\">\r\n\t\t\t\t\t<div class=\"faq-item-question\">\r\n\t\t\t\t\t\t<h3 class=\"faq-item-question-text\">Quali sono i vantaggi di avere l'app per me?<\/h3>\r\n\r\n\t\t\t\t\t\t<div class=\"faq-item-question-icon\"><\/div>\r\n\t\t\t\t\t<\/div>\r\n\r\n\t\t\t\t\t<div class=\"faq-item-answer\">\r\n\t\t\t\t\t\t<div class=\"faq-item-answer-text\"> <p>Puoi ricevere pi\u00f9 chiamate dai clienti con l&#8217;aiuto di un modo semplice e istantaneo per chiamarti senza scrivere il tuo numero. Ci\u00f2 ti aiuter\u00e0 ad avere pi\u00f9 conversazioni dirette e a convertire i visitatori in clienti. Inoltre, puoi raccogliere il tuo database di lead. <\/p> <\/div>\r\n\t\t\t\t\t<\/div>\r\n\t\t\t\t<\/div> <div class=\"faq-item\">\r\n\t\t\t\t\t<div class=\"faq-item-question\">\r\n\t\t\t\t\t\t<h3 class=\"faq-item-question-text\">Cosa devo aggiungere Click to Call sul mio sito Shopify?<\/h3>\r\n\r\n\t\t\t\t\t\t<div class=\"faq-item-question-icon\"><\/div>\r\n\t\t\t\t\t<\/div>\r\n\r\n\t\t\t\t\t<div class=\"faq-item-answer\">\r\n\t\t\t\t\t\t<div class=\"faq-item-answer-text\"> <p>Ci vuole un minuto del tuo tempo per incorporare l&#8217;app. L&#8217;aggiunta \u00e8 davvero rapida, gratuita e senza codifica. <\/p> <p>L&#8217;app pu\u00f2 essere introdotta tramite il nostro servizio o tramite il marketplace. Puoi leggere informazioni su entrambe le varianti e decidere quale \u00e8 la tua.<\/p> <\/div>\r\n\t\t\t\t\t<\/div>\r\n\t\t\t\t<\/div> <\/div> <\/div> <div class=\"application-platform-content-item-features application-platform-content-item\" id=\"features\" data-nav-section=\"features\"> <h2>Caratteristiche principali del widget Click to Call<\/h2> <p>Per comprendere meglio Call Button, visualizza l&#8217;elenco delle funzionalit\u00e0 principali. Rendono la nostra app estremamente vantaggiosa per te:<\/p> <ul><li>Chiamate istantanee sui cellulari; <\/li> <li>Tre varianti integrate di posizionamento dei widget: mobile a sinistra o a destra o personalizzato; <\/li> <li>L&#8217;opzione di incorporare widget su pagine specifiche o di escludere pagine; <\/li> <li>Tre tipi di utenti che vedranno il widget: tutti, nuovi o solo di ritorno; <\/li> <li> Trigger di attivazione del widget integrato: tempo trascorso sulla pagina, tempo trascorso sul sito Web, quantit\u00e0 di scorrimento o tentativo di lasciare il sito. <\/li> <\/ul><p><a href=\"#demo\">Per vedere tutte le funzionalit\u00e0, guarda la nostra demo<\/a><\/p> <\/div><div class=\"application-platform-content-item-installation application-platform-content-item\" id=\"installation\" data-nav-section=\"installation\"> <h2>Come aggiungere il pulsante Chiama ora al tuo negozio Shopify<\/h2> <p>Un paio di rapidi passaggi sono l&#8217;unica cosa di cui hai bisogno per pubblicare.<\/p> <ol><li><b>Utilizza il nostro editor gratuito e inizia a lavorare con la tua app personalizzata. <\/b><br> Trova l&#8217;aspetto e gli aspetti preferibili dell&#8217;app e applica tutte le correzioni. <\/li> <li><b>Ricevi il codice univoco che appare nella casella delle app Elfsight. <\/b><br> Una volta completata la creazione della tua app, copia il codice individuale nella casella visualizzata e conservalo per un ulteriore utilizzo. <\/li> <li><b>Inizia a utilizzare l&#8217;app sul tuo sito web Shopify. <\/b><br> Integra il codice salvato in precedenza nel tuo sito e salva le modifiche. <\/li> <li><b>Fatto! L&#8217;integrazione \u00e8 completamente eseguita. <\/b><br> Vai al tuo sito web per vedere in azione il lavoro dell&#8217;app. <\/li><\/ol><p>Non riesci ancora a prendere una decisione? Oppure hai domande da porre? Basta una singola richiesta al nostro team di supporto per risolvere ogni domanda. <\/p> <\/div>","protected":false},"excerpt":{"rendered":"","protected":false},"author":9,"featured_media":0,"parent":1959,"menu_order":0,"comment_status":"closed","ping_status":"closed","template":"templates\/template-application-platform.php","meta":{"publish_to_discourse":"","publish_post_category":"","wpdc_auto_publish_overridden":"","wpdc_topic_tags":"","wpdc_pin_topic":"","wpdc_pin_until":"","discourse_post_id":"","discourse_permalink":"","wpdc_publishing_response":"","wpdc_publishing_error":"","footnotes":""},"class_list":["post-4037","page","type-page","status-publish","hentry"],"yoast_head":"<!-- This site is optimized with the Yoast SEO plugin v25.3.1 - https:\/\/yoast.com\/wordpress\/plugins\/seo\/ -->\n<title>Pulsante Chiama Shopify | Aggiungi l&#039;app del pulsante Chiama ora al sito web (gratuita e veloce)<\/title>\n<meta name=\"description\" content=\"Crea la tua app del pulsante Clicca per chiamare ora e aggiungila rapidamente al tuo negozio Shopify. Abbiamo un servizio clienti gratuito e pi\u00f9 bonus.\" \/>\n<meta name=\"robots\" content=\"index, follow, max-snippet:-1, max-image-preview:large, max-video-preview:-1\" \/>\n<link rel=\"canonical\" href=\"https:\/\/elfsight.com\/it\/click-to-call-widget\/shopify\/\" \/>\n<meta property=\"og:locale\" content=\"it_IT\" \/>\n<meta property=\"og:type\" content=\"article\" \/>\n<meta property=\"og:title\" content=\"Pulsante Chiama Shopify | Aggiungi l&#039;app del pulsante Chiama ora al sito web (gratuita e veloce)\" \/>\n<meta property=\"og:description\" content=\"Crea la tua app del pulsante Clicca per chiamare ora e aggiungila rapidamente al tuo negozio Shopify. Abbiamo un servizio clienti gratuito e pi\u00f9 bonus.\" \/>\n<meta property=\"og:url\" content=\"https:\/\/elfsight.com\/it\/click-to-call-widget\/shopify\/\" \/>\n<meta property=\"og:site_name\" content=\"Elfsight IT\" \/>\n<meta property=\"article:modified_time\" content=\"2024-11-12T08:38:41+00:00\" \/>\n<meta name=\"twitter:card\" content=\"summary_large_image\" \/>\n<meta name=\"twitter:label1\" content=\"Tempo di lettura stimato\" \/>\n\t<meta name=\"twitter:data1\" content=\"3 minuti\" \/>\n<!-- \/ Yoast SEO plugin. -->","yoast_head_json":{"title":"Pulsante Chiama Shopify | Aggiungi l'app del pulsante Chiama ora al sito web (gratuita e veloce)","description":"Crea la tua app del pulsante Clicca per chiamare ora e aggiungila rapidamente al tuo negozio Shopify. Abbiamo un servizio clienti gratuito e pi\u00f9 bonus.","robots":{"index":"index","follow":"follow","max-snippet":"max-snippet:-1","max-image-preview":"max-image-preview:large","max-video-preview":"max-video-preview:-1"},"canonical":"https:\/\/elfsight.com\/it\/click-to-call-widget\/shopify\/","og_locale":"it_IT","og_type":"article","og_title":"Pulsante Chiama Shopify | Aggiungi l'app del pulsante Chiama ora al sito web (gratuita e veloce)","og_description":"Crea la tua app del pulsante Clicca per chiamare ora e aggiungila rapidamente al tuo negozio Shopify. Abbiamo un servizio clienti gratuito e pi\u00f9 bonus.","og_url":"https:\/\/elfsight.com\/it\/click-to-call-widget\/shopify\/","og_site_name":"Elfsight IT","article_modified_time":"2024-11-12T08:38:41+00:00","twitter_card":"summary_large_image","twitter_misc":{"Tempo di lettura stimato":"3 minuti"},"schema":{"@context":"https:\/\/schema.org","@graph":[{"@type":"WebPage","@id":"https:\/\/elfsight.com\/it\/click-to-call-widget\/shopify\/","url":"https:\/\/elfsight.com\/it\/click-to-call-widget\/shopify\/","name":"Pulsante Chiama Shopify | Aggiungi l'app del pulsante Chiama ora al sito web (gratuita e veloce)","isPartOf":{"@id":"https:\/\/elfsight.com\/it\/#website"},"datePublished":"2024-05-03T06:32:27+00:00","dateModified":"2024-11-12T08:38:41+00:00","description":"Crea la tua app del pulsante Clicca per chiamare ora e aggiungila rapidamente al tuo negozio Shopify. Abbiamo un servizio clienti gratuito e pi\u00f9 bonus.","breadcrumb":{"@id":"https:\/\/elfsight.com\/it\/click-to-call-widget\/shopify\/#breadcrumb"},"inLanguage":"it-IT","potentialAction":[{"@type":"ReadAction","target":["https:\/\/elfsight.com\/it\/click-to-call-widget\/shopify\/"]}]},{"@type":"BreadcrumbList","@id":"https:\/\/elfsight.com\/it\/click-to-call-widget\/shopify\/#breadcrumb","itemListElement":[{"@type":"ListItem","position":1,"name":"Home","item":"https:\/\/elfsight.com\/it\/"},{"@type":"ListItem","position":2,"name":"Click to Call","item":"https:\/\/elfsight.com\/it\/click-to-call-widget\/"},{"@type":"ListItem","position":3,"name":"Click to Call &#8211; Shopify"}]},{"@type":"WebSite","@id":"https:\/\/elfsight.com\/it\/#website","url":"https:\/\/elfsight.com\/it\/","name":"Elfsight IT","description":"Just another Elfsight Sites site","potentialAction":[{"@type":"SearchAction","target":{"@type":"EntryPoint","urlTemplate":"https:\/\/elfsight.com\/it\/?s={search_term_string}"},"query-input":{"@type":"PropertyValueSpecification","valueRequired":true,"valueName":"search_term_string"}}],"inLanguage":"it-IT"}]}},"meta_box":{"industry":"","seo_heading":"","heading":"","description":"","cta_heading":"","cta_description":"","application":"1958","h1":"Applicazione del pulsante di chiamata di Shopify","h1_caption":"Consenti agli utenti di contattarti istantaneamente con un semplice pulsante \"click-to-call\", rendendo pi\u00f9 semplice raggiungere direttamente il tuo sito web Shopify senza sforzo.","application_category":[],"applications_title":"","applications_request_title":"","applications_request_button_text":"","hero_text":"","hero_video":"","hero_video_schema_markup":"","selling_points_title":"","selling_points_caption":"","selling_points":[],"selling_points_cta_text":"","features_title":"","features":"","ed_cta_examples_text":"","ed_cta_examples_hidden":"","ed_cta_demo_text":"","ed_cta_demo_hidden":"","why_caption":"","why_editor_title":"","why_editor_text":"","why_team_title":"","why_team_text":"","why_service_title":"","why_service_text":"","template_catalog_visible":"","template_catalog_title":"","template_catalog_text":"","template_catalog_categories_visible":"","demo_title":"Crea la tua app Click to Call","demo_caption":"Configura il tuo Click to Call e aggiungilo gratuitamente al tuo sito Shopify!","default_faq_hidden":"","app_template_category":[],"platform":"42","template_public_id":"","codecanyon_url":"","codecanyon_item_id":"","codecanyon_price":"","pricing_caption":"","pricing_elfsight_apps_hide_column":"","pricing_elfsight_apps_url":"","pricing_codecanyon_price_caption":"","integration_category":[],"integration_request_title":"","integration_request_cta":"","integration_platform":"","integrations":[],"platform_category":[],"video_schema_markup":"","price":"da $ 0 al mese","trial":"","benefits":[{"text":"Servizio di installazione gratuito"},{"text":"Supporto premium"},{"text":"Garanzia di rimborso di 14 giorni"},{"text":"Aggiornamenti gratuiti continui"}],"button_url":"#demo","button_target_blank":"","button_nofollow":"","attributes":[{"name":"Installazioni"},{"name":"Reattivo","content":"S\u00cc"},{"name":"Browser compatibili","content":"Firefox, Safari, Opera, Chrome, Edge"}],"tags":[],"tags_disable_links":"","hide_more_platforms":"","video_object":"","demo_hide_cta":"","demo_hide_cloud_options":"","pricing_title":"","pricing":[{"pricing_icon":"cloud","pricing_title":"Elfsight Apps","pricing_title_caption":"Versione multipiattaforma che funziona su qualsiasi sito web","pricing_price":"da $ 0 \/ mese","pricing_price_caption":"inizia con il piano gratuito","pricing_benefits":[{"text":"Siti web illimitati"},{"text":"Supporto premium"},{"text":"Servizio di installazione gratuito"},{"text":"Offerta speciale per pi\u00f9 app"}],"pricing_button_text":"Aggiungi al sito web","pricing_button_url":"#demo"}],"related_apps_title":"","related_apps_hidden":"","author":"","image":[],"title":"","job":"","social_networks":[]},"_links":{"self":[{"href":"https:\/\/elfsight.com\/it\/wp-json\/wp\/v2\/pages\/4037","targetHints":{"allow":["GET"]}}],"collection":[{"href":"https:\/\/elfsight.com\/it\/wp-json\/wp\/v2\/pages"}],"about":[{"href":"https:\/\/elfsight.com\/it\/wp-json\/wp\/v2\/types\/page"}],"author":[{"embeddable":true,"href":"https:\/\/elfsight.com\/it\/wp-json\/wp\/v2\/users\/9"}],"replies":[{"embeddable":true,"href":"https:\/\/elfsight.com\/it\/wp-json\/wp\/v2\/comments?post=4037"}],"version-history":[{"count":1,"href":"https:\/\/elfsight.com\/it\/wp-json\/wp\/v2\/pages\/4037\/revisions"}],"predecessor-version":[{"id":4041,"href":"https:\/\/elfsight.com\/it\/wp-json\/wp\/v2\/pages\/4037\/revisions\/4041"}],"up":[{"embeddable":true,"href":"https:\/\/elfsight.com\/it\/wp-json\/wp\/v2\/pages\/1959"}],"wp:attachment":[{"href":"https:\/\/elfsight.com\/it\/wp-json\/wp\/v2\/media?parent=4037"}],"curies":[{"name":"wp","href":"https:\/\/api.w.org\/{rel}","templated":true}]}}