{"id":4036,"date":"2024-05-03T06:32:26","date_gmt":"2024-05-03T06:32:26","guid":{"rendered":"https:\/\/elfsight.com\/it\/?page_id=4036"},"modified":"2024-11-12T08:38:41","modified_gmt":"2024-11-12T08:38:41","slug":"squarespace","status":"publish","type":"page","link":"https:\/\/elfsight.com\/it\/click-to-call-widget\/squarespace\/","title":{"rendered":"Click to Call &#8211; Squarespace"},"content":{"rendered":"<div class=\"application-platform-content-item-description application-platform-content-item\" id=\"description\" data-nav-section=\"description\"> <h2>Incorpora Click to Call su Squarespace con il widget Elfsight<\/h2> <p>Il pulsante Chiama ora Elfsight \u00e8 il plugin pi\u00f9 semplice per un sito, ci\u00f2 render\u00e0 pi\u00f9 comodo per gli utenti chiamarti. Utilizzato sui telefoni cellulari, il plug-in inizia a comporre il tuo numero quando una persona fa clic sull&#8217;icona del telefono. Sui desktop, il clic riveler\u00e0 il tuo numero di telefono sul sito e aiuter\u00e0 gli utenti a chiamarti direttamente. Non puoi semplicemente rivelare il numero di telefono, ma anche mostrare la finestra di chiamata che contiene il nome e la foto della persona da contattare e una didascalia. Tutte queste parti sono commutabili, il che consente di creare qualsiasi variante dell&#8217;interfaccia. Puoi anche selezionare un trigger, che attiva la bolla del telefono e decidere quale categoria di spettatori lo vedr\u00e0.<\/p><div class=\"faq\" data-component=\"FAQ\"><div class=\"faq-item\">\r\n\t\t\t\t\t<div class=\"faq-item-question\">\r\n\t\t\t\t\t\t<h3 class=\"faq-item-question-text\">Dove posso installare Click to Call<\/h3>\r\n\r\n\t\t\t\t\t\t<div class=\"faq-item-question-icon\"><\/div>\r\n\t\t\t\t\t<\/div>\r\n\r\n\t\t\t\t\t<div class=\"faq-item-answer\">\r\n\t\t\t\t\t\t<div class=\"faq-item-answer-text\"> <p>Plugin Elfsight Call pu\u00f2 essere impostato su qualsiasi pagina del tuo sito web o su tutte le pagine web. Nelle impostazioni del pulsante di chiamata, c&#8217;\u00e8 una funzione per inserire gli URL di pagine separate in cui \u00e8 necessario abilitare il widget. Oppure utilizza la funzione Escludi e inserisci gli URL delle pagine in cui desideri limitare la visualizzazione del widget.<\/p> <\/div>\r\n\t\t\t\t\t<\/div>\r\n\t\t\t\t<\/div><div class=\"faq-item\">\r\n\t\t\t\t\t<div class=\"faq-item-question\">\r\n\t\t\t\t\t\t<h3 class=\"faq-item-question-text\">Come posso trarne vantaggio?<\/h3>\r\n\r\n\t\t\t\t\t\t<div class=\"faq-item-question-icon\"><\/div>\r\n\t\t\t\t\t<\/div>\r\n\r\n\t\t\t\t\t<div class=\"faq-item-answer\">\r\n\t\t\t\t\t\t<div class=\"faq-item-answer-text\"> <p>Puoi ricevere pi\u00f9 telefoni chiamate di potenziali clienti grazie al modo semplice e immediato per chiamarti, senza abbandonare il sito. Pu\u00f2 contribuire ad avere pi\u00f9 comunicazioni personali e trasformare i visitatori in nuovi acquisti. Inoltre, puoi raccogliere la tua base di clienti di lead. <\/p> <\/div>\r\n\t\t\t\t\t<\/div>\r\n\t\t\t\t<\/div> <div class=\"faq-item\">\r\n\t\t\t\t\t<div class=\"faq-item-question\">\r\n\t\t\t\t\t\t<h3 class=\"faq-item-question-text\">Come posso incorporare il pulsante Click to Call nel mio sito web Squarespace?<\/h3>\r\n\r\n\t\t\t\t\t\t<div class=\"faq-item-question-icon\"><\/div>\r\n\t\t\t\t\t<\/div>\r\n\r\n\t\t\t\t\t<div class=\"faq-item-answer\">\r\n\t\t\t\t\t\t<div class=\"faq-item-answer-text\"> <p>Avrai bisogno solo di due minuti del tuo tempo per incorporare il plugin. Questo processo \u00e8 molto veloce, gratuito e privo di codifica.<\/p> <p>Puoi integrare il plug-in nel sito Web direttamente nel nostro servizio. Basta eseguire la guida qui sotto in questa pagina.<\/p> <\/div>\r\n\t\t\t\t\t<\/div>\r\n\t\t\t\t<\/div> <\/div> <\/div> <div class=\"application-platform-content-item-features application-platform-content-item\" id=\"features\" data-nav-section=\"features\"> <h2>Caratteristiche principali del widget Click to Call<\/h2> <p>Per una migliore percezione del pulsante Chiama ora, ecco un elenco delle principali funzioni. Rendono il nostro plugin davvero efficace per te: <\/p> <ul><li>Chiamata veloce sui cellulari;<\/li> <li>3 varianti di posizionamento dei widget: Mobile a sinistra, Mobile a destra o personalizzato;<\/li> <li>L&#8217;opzione per visualizzare il widget su particolari pagine Web o escludendo pagine Web;<\/li> <li>Tre varianti di visitatori a cui mostrare il widget: tutti, nuovi e di ritorno;<\/li> <li>4 apertura del widget trigger: tempo sulla pagina, tempo trascorso sul sito web, percentuale di scorrimento o tentativo di uscita.<\/li> <\/ul><p><a href=\"#demo\">Controlla pi\u00f9 funzionalit\u00e0 nella demo dal vivo<\/a> <\/p> <\/div><div class=\"application-platform-content-item-installation application-platform-content-item\" id=\"installation\" data-nav-section=\"installation\"> <h2>Come aggiungere il pulsante Click To Call al tuo sito web Squarespace<\/h2> <p>I seguenti passaggi sono l&#8217;unica cosa di cui hai bisogno per stabilire. <\/p> <ol><li><b>Genera il tuo plugin Call personalizzato<\/b><br> Nel nostro configuratore gratuito, crea un plugin con il design e le funzioni che preferisci.<\/li><li><b>Acquisisci il codice individuale per aggiungere il plugin<\/b><br> Dopo aver generato il tuo plugin, acquisirai il codice di installazione dalla finestra visualizzata su Elfsight Apps. Copia questo codice. <\/li> <li><b>Incorpora il plug-in nel tuo sito Squarespace<\/b><br> Definisci il luogo in cui desideri visualizzare il plug-in e aggiungi l\u00ec il codice salvato. Applicare le modifiche. <\/li> <li><b>L&#8217;incorporamento \u00e8 riuscito!<\/b><br> Visita il tuo sito, per vedere il tuo lavoro. <\/li> <\/ol><p>Non sei ancora sicuro? O riscontri problemi? Invia semplicemente una richiesta al nostro team di supporto per aiutarti a risolvere qualsiasi problema. <\/p> <\/div>","protected":false},"excerpt":{"rendered":"","protected":false},"author":9,"featured_media":0,"parent":1959,"menu_order":0,"comment_status":"closed","ping_status":"closed","template":"templates\/template-application-platform.php","meta":{"publish_to_discourse":"","publish_post_category":"","wpdc_auto_publish_overridden":"","wpdc_topic_tags":"","wpdc_pin_topic":"","wpdc_pin_until":"","discourse_post_id":"","discourse_permalink":"","wpdc_publishing_response":"","wpdc_publishing_error":"","footnotes":""},"class_list":["post-4036","page","type-page","status-publish","hentry"],"yoast_head":"<!-- This site is optimized with the Yoast SEO plugin v25.3.1 - https:\/\/yoast.com\/wordpress\/plugins\/seo\/ -->\n<title>Pulsante Chiama Squarespace | Aggiunto il plugin Click to Call Button al sito web [2025]<\/title>\n<meta name=\"description\" content=\"Crea il tuo plug-in del pulsante Click to Call e aggiungilo al tuo sito web Squarespace. Abbiamo un servizio clienti gratuito e altri bonus.\" \/>\n<meta name=\"robots\" content=\"index, follow, max-snippet:-1, max-image-preview:large, max-video-preview:-1\" \/>\n<link rel=\"canonical\" href=\"https:\/\/elfsight.com\/it\/click-to-call-widget\/squarespace\/\" \/>\n<meta property=\"og:locale\" content=\"it_IT\" \/>\n<meta property=\"og:type\" content=\"article\" \/>\n<meta property=\"og:title\" content=\"Pulsante Chiama Squarespace | Aggiunto il plugin Click to Call Button al sito web [2025]\" \/>\n<meta property=\"og:description\" content=\"Crea il tuo plug-in del pulsante Click to Call e aggiungilo al tuo sito web Squarespace. Abbiamo un servizio clienti gratuito e altri bonus.\" \/>\n<meta property=\"og:url\" content=\"https:\/\/elfsight.com\/it\/click-to-call-widget\/squarespace\/\" \/>\n<meta property=\"og:site_name\" content=\"Elfsight IT\" \/>\n<meta property=\"article:modified_time\" content=\"2024-11-12T08:38:41+00:00\" \/>\n<meta name=\"twitter:card\" content=\"summary_large_image\" \/>\n<meta name=\"twitter:label1\" content=\"Tempo di lettura stimato\" \/>\n\t<meta name=\"twitter:data1\" content=\"3 minuti\" \/>\n<!-- \/ Yoast SEO plugin. -->","yoast_head_json":{"title":"Pulsante Chiama Squarespace | Aggiunto il plugin Click to Call Button al sito web [2025]","description":"Crea il tuo plug-in del pulsante Click to Call e aggiungilo al tuo sito web Squarespace. Abbiamo un servizio clienti gratuito e altri bonus.","robots":{"index":"index","follow":"follow","max-snippet":"max-snippet:-1","max-image-preview":"max-image-preview:large","max-video-preview":"max-video-preview:-1"},"canonical":"https:\/\/elfsight.com\/it\/click-to-call-widget\/squarespace\/","og_locale":"it_IT","og_type":"article","og_title":"Pulsante Chiama Squarespace | Aggiunto il plugin Click to Call Button al sito web [2025]","og_description":"Crea il tuo plug-in del pulsante Click to Call e aggiungilo al tuo sito web Squarespace. Abbiamo un servizio clienti gratuito e altri bonus.","og_url":"https:\/\/elfsight.com\/it\/click-to-call-widget\/squarespace\/","og_site_name":"Elfsight IT","article_modified_time":"2024-11-12T08:38:41+00:00","twitter_card":"summary_large_image","twitter_misc":{"Tempo di lettura stimato":"3 minuti"},"schema":{"@context":"https:\/\/schema.org","@graph":[{"@type":"WebPage","@id":"https:\/\/elfsight.com\/it\/click-to-call-widget\/squarespace\/","url":"https:\/\/elfsight.com\/it\/click-to-call-widget\/squarespace\/","name":"Pulsante Chiama Squarespace | Aggiunto il plugin Click to Call Button al sito web [2025]","isPartOf":{"@id":"https:\/\/elfsight.com\/it\/#website"},"datePublished":"2024-05-03T06:32:26+00:00","dateModified":"2024-11-12T08:38:41+00:00","description":"Crea il tuo plug-in del pulsante Click to Call e aggiungilo al tuo sito web Squarespace. Abbiamo un servizio clienti gratuito e altri bonus.","breadcrumb":{"@id":"https:\/\/elfsight.com\/it\/click-to-call-widget\/squarespace\/#breadcrumb"},"inLanguage":"it-IT","potentialAction":[{"@type":"ReadAction","target":["https:\/\/elfsight.com\/it\/click-to-call-widget\/squarespace\/"]}]},{"@type":"BreadcrumbList","@id":"https:\/\/elfsight.com\/it\/click-to-call-widget\/squarespace\/#breadcrumb","itemListElement":[{"@type":"ListItem","position":1,"name":"Home","item":"https:\/\/elfsight.com\/it\/"},{"@type":"ListItem","position":2,"name":"Click to Call","item":"https:\/\/elfsight.com\/it\/click-to-call-widget\/"},{"@type":"ListItem","position":3,"name":"Click to Call &#8211; Squarespace"}]},{"@type":"WebSite","@id":"https:\/\/elfsight.com\/it\/#website","url":"https:\/\/elfsight.com\/it\/","name":"Elfsight IT","description":"Just another Elfsight Sites site","potentialAction":[{"@type":"SearchAction","target":{"@type":"EntryPoint","urlTemplate":"https:\/\/elfsight.com\/it\/?s={search_term_string}"},"query-input":{"@type":"PropertyValueSpecification","valueRequired":true,"valueName":"search_term_string"}}],"inLanguage":"it-IT"}]}},"meta_box":{"industry":"","seo_heading":"","heading":"","description":"","cta_heading":"","cta_description":"","application":"1958","h1":"Squarespace Clicca per chiamare il pulsante","h1_caption":"Consenti agli utenti di contattarti istantaneamente con un semplice pulsante \"click-to-call\", rendendo pi\u00f9 semplice raggiungere direttamente il tuo sito web Squarespace senza sforzo.","application_category":[],"applications_title":"","applications_request_title":"","applications_request_button_text":"","hero_text":"","hero_video":"","hero_video_schema_markup":"","selling_points_title":"","selling_points_caption":"","selling_points":[],"selling_points_cta_text":"","features_title":"","features":"","ed_cta_examples_text":"","ed_cta_examples_hidden":"","ed_cta_demo_text":"","ed_cta_demo_hidden":"","why_caption":"","why_editor_title":"","why_editor_text":"","why_team_title":"","why_team_text":"","why_service_title":"","why_service_text":"","template_catalog_visible":"","template_catalog_title":"","template_catalog_text":"","template_catalog_categories_visible":"","demo_title":"Crea il tuo plug-in Click to Call","demo_caption":"Configura il tuo Click to Call e aggiungilo gratuitamente al tuo sito web Squarespace!","default_faq_hidden":"","app_template_category":[],"platform":"43","template_public_id":"","codecanyon_url":"","codecanyon_item_id":"","codecanyon_price":"","pricing_caption":"","pricing_elfsight_apps_hide_column":"","pricing_elfsight_apps_url":"","pricing_codecanyon_price_caption":"","integration_category":[],"integration_request_title":"","integration_request_cta":"","integration_platform":"","integrations":[],"platform_category":[],"video_schema_markup":"","price":"da $ 0 al mese","trial":"","benefits":[{"text":"Supporto premium"},{"text":"Servizio di installazione gratuito"},{"text":"Garanzia di rimborso di 14 giorni"},{"text":"Sviluppo continuo"}],"button_url":"#demo","button_target_blank":"","button_nofollow":"","attributes":[{"name":"Installazioni"},{"name":"Reattivo","content":"S\u00cc"},{"name":"Browser compatibili","content":"Firefox, Safari, Opera, Chrome, Edge"}],"tags":[],"tags_disable_links":"","hide_more_platforms":"","video_object":"","demo_hide_cta":"","demo_hide_cloud_options":"","pricing_title":"","pricing":[{"pricing_icon":"platform","pricing_title":"Elfsight Apps","pricing_title_caption":"Software multipiattaforma adatto a qualsiasi sito web","pricing_price":"da $ 0 \/ mese","pricing_price_caption":"inizia con un piano gratuito","pricing_benefits":[{"text":"Siti web illimitati"},{"text":"Supporto aziendale veloce"},{"text":"Aiuto per l'installazione gratuito"},{"text":"Progettazione flessibile"}],"pricing_button_text":"Aggiungi al sito web","pricing_button_url":"#demo"}],"related_apps_title":"","related_apps_hidden":"","author":"","image":[],"title":"","job":"","social_networks":[]},"_links":{"self":[{"href":"https:\/\/elfsight.com\/it\/wp-json\/wp\/v2\/pages\/4036","targetHints":{"allow":["GET"]}}],"collection":[{"href":"https:\/\/elfsight.com\/it\/wp-json\/wp\/v2\/pages"}],"about":[{"href":"https:\/\/elfsight.com\/it\/wp-json\/wp\/v2\/types\/page"}],"author":[{"embeddable":true,"href":"https:\/\/elfsight.com\/it\/wp-json\/wp\/v2\/users\/9"}],"replies":[{"embeddable":true,"href":"https:\/\/elfsight.com\/it\/wp-json\/wp\/v2\/comments?post=4036"}],"version-history":[{"count":1,"href":"https:\/\/elfsight.com\/it\/wp-json\/wp\/v2\/pages\/4036\/revisions"}],"predecessor-version":[{"id":4040,"href":"https:\/\/elfsight.com\/it\/wp-json\/wp\/v2\/pages\/4036\/revisions\/4040"}],"up":[{"embeddable":true,"href":"https:\/\/elfsight.com\/it\/wp-json\/wp\/v2\/pages\/1959"}],"wp:attachment":[{"href":"https:\/\/elfsight.com\/it\/wp-json\/wp\/v2\/media?parent=4036"}],"curies":[{"name":"wp","href":"https:\/\/api.w.org\/{rel}","templated":true}]}}