{"id":4035,"date":"2024-05-03T06:32:25","date_gmt":"2024-05-03T06:32:25","guid":{"rendered":"https:\/\/elfsight.com\/it\/?page_id=4035"},"modified":"2024-11-12T08:38:33","modified_gmt":"2024-11-12T08:38:33","slug":"webflow","status":"publish","type":"page","link":"https:\/\/elfsight.com\/it\/click-to-call-widget\/webflow\/","title":{"rendered":"Click to Call &#8211; Webflow"},"content":{"rendered":"<div class=\"application-platform-content-item-description application-platform-content-item\" id=\"description\" data-nav-section=\"description\"> <h2>Incorpora Click to Call su Webflow con il widget Elfsight<\/h2> <p>Il pulsante Chiama ora Elfsight \u00e8 un semplice widget per un sito web, il che rende pi\u00f9 veloce per i clienti chiamarti. Visto dai telefoni cellulari, il widget inizia a comporre il tuo numero non appena l&#8217;utente fa clic sul fumetto del telefono. Se utilizzato da desktop, il clic mostrer\u00e0 il tuo numero sulla pagina per aiutare gli utenti a telefonarti direttamente. C&#8217;\u00e8 un&#8217;opzione non solo per aggiungere il numero di telefono, ma anche per configurare la finestra di chiamata, che include il nome e l&#8217;immagine della persona di contatto del cliente e una didascalia. Tutte le parti sono flessibili e consentono di configurarti per ottenere qualsiasi variante dell&#8217;interfaccia. C&#8217;\u00e8 anche un&#8217;opzione per scegliere un trigger che faccia apparire la bolla del telefono e decidere quale categoria di utenti la vedr\u00e0. <\/p> <div class=\"faq\" data-component=\"FAQ\"><div class=\"faq-item\">\r\n\t\t\t\t\t<div class=\"faq-item-question\">\r\n\t\t\t\t\t\t<h3 class=\"faq-item-question-text\">Dove posso incorporare il widget<\/h3>\r\n\r\n\t\t\t\t\t\t<div class=\"faq-item-question-icon\"><\/div>\r\n\t\t\t\t\t<\/div>\r\n\r\n\t\t\t\t\t<div class=\"faq-item-answer\">\r\n\t\t\t\t\t\t<div class=\"faq-item-answer-text\"> <p>Puoi aggiungerlo a qualsiasi pagina del tuo sito web o a tutte le pagine web. Nelle impostazioni del widget, puoi inserire gli URL di pagine specifiche in cui desideri abilitare il widget. Oppure utilizza la funzione Escludi e inserisci gli URL delle pagine in cui desideri vietare la visualizzazione del widget.<\/p> <\/div>\r\n\t\t\t\t\t<\/div>\r\n\t\t\t\t<\/div><div class=\"faq-item\">\r\n\t\t\t\t\t<div class=\"faq-item-question\">\r\n\t\t\t\t\t\t<h3 class=\"faq-item-question-text\">Quali vantaggi pu\u00f2 darmi?<\/h3>\r\n\r\n\t\t\t\t\t\t<div class=\"faq-item-question-icon\"><\/div>\r\n\t\t\t\t\t<\/div>\r\n\r\n\t\t\t\t\t<div class=\"faq-item-answer\">\r\n\t\t\t\t\t\t<div class=\"faq-item-answer-text\"> <p>Puoi avere pi\u00f9 chiamate dai clienti grazie ad un modo pratico e veloce per telefonarti, senza abbandonare la pagina web. Potrebbe aiutarti a ottenere pi\u00f9 comunicazioni dirette e convertire i visitatori in clienti. Inoltre, puoi creare la tua base di clienti di lead. <\/p> <\/div>\r\n\t\t\t\t\t<\/div>\r\n\t\t\t\t<\/div> <div class=\"faq-item\">\r\n\t\t\t\t\t<div class=\"faq-item-question\">\r\n\t\t\t\t\t\t<h3 class=\"faq-item-question-text\">Come incorporo il pulsante di chiamata nel mio sito web Webflow?<\/h3>\r\n\r\n\t\t\t\t\t\t<div class=\"faq-item-question-icon\"><\/div>\r\n\t\t\t\t\t<\/div>\r\n\r\n\t\t\t\t\t<div class=\"faq-item-answer\">\r\n\t\t\t\t\t\t<div class=\"faq-item-answer-text\"> <p>Hai bisogno solo di un minuto di tempo per la configurazione. Questo processo \u00e8 davvero rapido, gratuito e non richiede codifica. <\/p> <p>Puoi aggiungere il widget Chiamata al tuo sito nel nostro servizio. Per questo seguire le istruzioni riportate di seguito in questa pagina.<\/p> <\/div>\r\n\t\t\t\t\t<\/div>\r\n\t\t\t\t<\/div> <\/div> <\/div> <div class=\"application-platform-content-item-features application-platform-content-item\" id=\"features\" data-nav-section=\"features\"> <h2>Caratteristiche principali del widget Click to Call<\/h2> <p>Per avere una conoscenza completa del widget, ecco l&#8217;elenco delle caratteristiche principali. Rendono il nostro widget incredibilmente efficiente per te: <\/p> <ul><li>Chiamate veloci sui cellulari; <\/li> <li>Scegli una delle tre opzioni di posizionamento del widget: mobile a sinistra o a destra o personalizzato; <\/li> <li>La possibilit\u00e0 di incorporare widget su pagine particolari o di escludere pagine web; <\/li> <li>Scegli le categorie di utenti che vedranno il widget: tutti, nuovi o di ritorno; <\/li> <li> Trigger del widget integrato: tempo sulla pagina, tempo sul sito web, percentuale di scorrimento e tentativo di lasciare il sito. <\/li> <\/ul><p><a href=\"#demo\">La demo ti aprir\u00e0 pi\u00f9 funzionalit\u00e0<\/a><\/p> <\/div> <div class=\"application-platform-content-item-installation application-platform-content-item\" id=\"installation\" data-nav-section=\"installation\"> <h2> Come aggiungere il pulsante Click To Call al tuo sito web Webflow<\/h2> <p>Queste diverse azioni sono tutto ci\u00f2 che devi fare per installare il widget. <\/p> <ol><li><b>Genera il tuo widget chiamate unico<\/b><br> Utilizzando il nostro editor gratuito, ottieni un plugin con design e funzioni selezionati. <\/li><li><b>Ricevi il codice individuale per installare il plugin<\/b><br> Dopo aver configurato il tuo widget, acquisirai il codice di installazione dalla notifica apparsa su Elfsight Apps. Copia questo codice per un ulteriore utilizzo. <\/li> <li><b>Visualizza il plug-in sul tuo sito Webflow<\/b><br> Vai nel punto in cui desideri posizionare il plug-in e aggiungi l\u00ec il codice copiato. Applica le modifiche.<\/li> <li><b>Fatto! <\/b><br> Entra nel negozio, per dare un&#8217;occhiata al tuo pulsante di chiamata. <\/li> <\/ol><p>Non riesci ancora a decidere? Oppure hai domande da porre? \u00c8 sufficiente indirizzare una richiesta al nostro servizio clienti per risolvere qualsiasi problema. <\/p> <\/div>","protected":false},"excerpt":{"rendered":"","protected":false},"author":9,"featured_media":0,"parent":1959,"menu_order":0,"comment_status":"closed","ping_status":"closed","template":"templates\/template-application-platform.php","meta":{"publish_to_discourse":"","publish_post_category":"","wpdc_auto_publish_overridden":"","wpdc_topic_tags":"","wpdc_pin_topic":"","wpdc_pin_until":"","discourse_post_id":"","discourse_permalink":"","wpdc_publishing_response":"","wpdc_publishing_error":"","footnotes":""},"class_list":["post-4035","page","type-page","status-publish","hentry"],"yoast_head":"<!-- This site is optimized with the Yoast SEO plugin v25.3.1 - https:\/\/yoast.com\/wordpress\/plugins\/seo\/ -->\n<title>Aggiungi il widget Pulsante Click to Call al tuo sito web Webflow (in 2 minuti)<\/title>\n<meta name=\"description\" content=\"\u00c8 assolutamente semplice modellare il widget del pulsante Fai clic per chiamare ora e aggiungerlo al sito Web Webflow. Il servizio clienti Elfsight \u00e8 gratuito e veloce.\" \/>\n<meta name=\"robots\" content=\"index, follow, max-snippet:-1, max-image-preview:large, max-video-preview:-1\" \/>\n<link rel=\"canonical\" href=\"https:\/\/elfsight.com\/it\/click-to-call-widget\/webflow\/\" \/>\n<meta property=\"og:locale\" content=\"it_IT\" \/>\n<meta property=\"og:type\" content=\"article\" \/>\n<meta property=\"og:title\" content=\"Aggiungi il widget Pulsante Click to Call al tuo sito web Webflow (in 2 minuti)\" \/>\n<meta property=\"og:description\" content=\"\u00c8 assolutamente semplice modellare il widget del pulsante Fai clic per chiamare ora e aggiungerlo al sito Web Webflow. Il servizio clienti Elfsight \u00e8 gratuito e veloce.\" \/>\n<meta property=\"og:url\" content=\"https:\/\/elfsight.com\/it\/click-to-call-widget\/webflow\/\" \/>\n<meta property=\"og:site_name\" content=\"Elfsight IT\" \/>\n<meta property=\"article:modified_time\" content=\"2024-11-12T08:38:33+00:00\" \/>\n<meta name=\"twitter:card\" content=\"summary_large_image\" \/>\n<meta name=\"twitter:label1\" content=\"Tempo di lettura stimato\" \/>\n\t<meta name=\"twitter:data1\" content=\"3 minuti\" \/>\n<!-- \/ Yoast SEO plugin. -->","yoast_head_json":{"title":"Aggiungi il widget Pulsante Click to Call al tuo sito web Webflow (in 2 minuti)","description":"\u00c8 assolutamente semplice modellare il widget del pulsante Fai clic per chiamare ora e aggiungerlo al sito Web Webflow. Il servizio clienti Elfsight \u00e8 gratuito e veloce.","robots":{"index":"index","follow":"follow","max-snippet":"max-snippet:-1","max-image-preview":"max-image-preview:large","max-video-preview":"max-video-preview:-1"},"canonical":"https:\/\/elfsight.com\/it\/click-to-call-widget\/webflow\/","og_locale":"it_IT","og_type":"article","og_title":"Aggiungi il widget Pulsante Click to Call al tuo sito web Webflow (in 2 minuti)","og_description":"\u00c8 assolutamente semplice modellare il widget del pulsante Fai clic per chiamare ora e aggiungerlo al sito Web Webflow. Il servizio clienti Elfsight \u00e8 gratuito e veloce.","og_url":"https:\/\/elfsight.com\/it\/click-to-call-widget\/webflow\/","og_site_name":"Elfsight IT","article_modified_time":"2024-11-12T08:38:33+00:00","twitter_card":"summary_large_image","twitter_misc":{"Tempo di lettura stimato":"3 minuti"},"schema":{"@context":"https:\/\/schema.org","@graph":[{"@type":"WebPage","@id":"https:\/\/elfsight.com\/it\/click-to-call-widget\/webflow\/","url":"https:\/\/elfsight.com\/it\/click-to-call-widget\/webflow\/","name":"Aggiungi il widget Pulsante Click to Call al tuo sito web Webflow (in 2 minuti)","isPartOf":{"@id":"https:\/\/elfsight.com\/it\/#website"},"datePublished":"2024-05-03T06:32:25+00:00","dateModified":"2024-11-12T08:38:33+00:00","description":"\u00c8 assolutamente semplice modellare il widget del pulsante Fai clic per chiamare ora e aggiungerlo al sito Web Webflow. Il servizio clienti Elfsight \u00e8 gratuito e veloce.","breadcrumb":{"@id":"https:\/\/elfsight.com\/it\/click-to-call-widget\/webflow\/#breadcrumb"},"inLanguage":"it-IT","potentialAction":[{"@type":"ReadAction","target":["https:\/\/elfsight.com\/it\/click-to-call-widget\/webflow\/"]}]},{"@type":"BreadcrumbList","@id":"https:\/\/elfsight.com\/it\/click-to-call-widget\/webflow\/#breadcrumb","itemListElement":[{"@type":"ListItem","position":1,"name":"Home","item":"https:\/\/elfsight.com\/it\/"},{"@type":"ListItem","position":2,"name":"Click to Call","item":"https:\/\/elfsight.com\/it\/click-to-call-widget\/"},{"@type":"ListItem","position":3,"name":"Click to Call &#8211; Webflow"}]},{"@type":"WebSite","@id":"https:\/\/elfsight.com\/it\/#website","url":"https:\/\/elfsight.com\/it\/","name":"Elfsight IT","description":"Just another Elfsight Sites site","potentialAction":[{"@type":"SearchAction","target":{"@type":"EntryPoint","urlTemplate":"https:\/\/elfsight.com\/it\/?s={search_term_string}"},"query-input":{"@type":"PropertyValueSpecification","valueRequired":true,"valueName":"search_term_string"}}],"inLanguage":"it-IT"}]}},"meta_box":{"industry":"","seo_heading":"","heading":"","description":"","cta_heading":"","cta_description":"","application":"1958","h1":"Flusso Web Fare clic sul pulsante Chiama","h1_caption":"Consenti agli utenti di contattarti istantaneamente con un semplice pulsante \"click-to-call\", rendendo pi\u00f9 semplice raggiungere direttamente il tuo sito Web Webflow senza sforzo.","application_category":[],"applications_title":"","applications_request_title":"","applications_request_button_text":"","hero_text":"","hero_video":"","hero_video_schema_markup":"","selling_points_title":"","selling_points_caption":"","selling_points":[],"selling_points_cta_text":"","features_title":"","features":"","ed_cta_examples_text":"","ed_cta_examples_hidden":"","ed_cta_demo_text":"","ed_cta_demo_hidden":"","why_caption":"","why_editor_title":"","why_editor_text":"","why_team_title":"","why_team_text":"","why_service_title":"","why_service_text":"","template_catalog_visible":"","template_catalog_title":"","template_catalog_text":"","template_catalog_categories_visible":"","demo_title":"Crea il tuo widget Click to Call","demo_caption":"Configura il tuo Click to Call e aggiungilo gratuitamente al tuo sito Webflow!","default_faq_hidden":"","app_template_category":[],"platform":"44","template_public_id":"","codecanyon_url":"","codecanyon_item_id":"","codecanyon_price":"","pricing_caption":"","pricing_elfsight_apps_hide_column":"","pricing_elfsight_apps_url":"","pricing_codecanyon_price_caption":"","integration_category":[],"integration_request_title":"","integration_request_cta":"","integration_platform":"","integrations":[],"platform_category":[],"video_schema_markup":"","price":"da $ 0 al mese","trial":"","benefits":[{"text":"Assistenza gratuita per l'installazione"},{"text":"Supporto premium"},{"text":"Garanzia di rimborso di 14 giorni"},{"text":"Miglioramenti gratuiti a vita"}],"button_url":"#demo","button_target_blank":"","button_nofollow":"","attributes":[{"name":"Installazioni"},{"name":"Reattivo","content":"S\u00cc"},{"name":"Browser compatibili","content":"Edge, Opera, Firefox, Safari, Chrome"}],"tags":[],"tags_disable_links":"","hide_more_platforms":"","video_object":"","demo_hide_cta":"","demo_hide_cloud_options":"","pricing_title":"","pricing":[{"pricing_icon":"platform","pricing_title":"Elfsight Apps","pricing_title_caption":"Software indipendente dalla piattaforma adatto a qualsiasi sito web","pricing_price":"da $ 0 \/ mese","pricing_price_caption":"inizia con il piano gratuito","pricing_benefits":[{"text":"Domini illimitati"},{"text":"Servizio di installazione gratuito"},{"text":"Assistenza clienti professionale"},{"text":"Offerta speciale per pi\u00f9 app"}],"pricing_button_text":"Aggiungi al sito web","pricing_button_url":"#demo"}],"related_apps_title":"","related_apps_hidden":"","author":"","image":[],"title":"","job":"","social_networks":[]},"_links":{"self":[{"href":"https:\/\/elfsight.com\/it\/wp-json\/wp\/v2\/pages\/4035","targetHints":{"allow":["GET"]}}],"collection":[{"href":"https:\/\/elfsight.com\/it\/wp-json\/wp\/v2\/pages"}],"about":[{"href":"https:\/\/elfsight.com\/it\/wp-json\/wp\/v2\/types\/page"}],"author":[{"embeddable":true,"href":"https:\/\/elfsight.com\/it\/wp-json\/wp\/v2\/users\/9"}],"replies":[{"embeddable":true,"href":"https:\/\/elfsight.com\/it\/wp-json\/wp\/v2\/comments?post=4035"}],"version-history":[{"count":1,"href":"https:\/\/elfsight.com\/it\/wp-json\/wp\/v2\/pages\/4035\/revisions"}],"predecessor-version":[{"id":4039,"href":"https:\/\/elfsight.com\/it\/wp-json\/wp\/v2\/pages\/4035\/revisions\/4039"}],"up":[{"embeddable":true,"href":"https:\/\/elfsight.com\/it\/wp-json\/wp\/v2\/pages\/1959"}],"wp:attachment":[{"href":"https:\/\/elfsight.com\/it\/wp-json\/wp\/v2\/media?parent=4035"}],"curies":[{"name":"wp","href":"https:\/\/api.w.org\/{rel}","templated":true}]}}