{"id":4029,"date":"2024-05-03T06:32:23","date_gmt":"2024-05-03T06:32:23","guid":{"rendered":"https:\/\/elfsight.com\/it\/?page_id=4029"},"modified":"2025-03-21T06:34:59","modified_gmt":"2025-03-21T06:34:59","slug":"weebly","status":"publish","type":"page","link":"https:\/\/elfsight.com\/it\/click-to-call-widget\/weebly\/","title":{"rendered":"Click to Call &#8211; Weebly"},"content":{"rendered":"\n<div class=\"application-platform-content-item-description application-platform-content-item\" id=\"description\" data-nav-section=\"description\"> <h2>Descrizione<\/h2> <p>Il plugin Click To Call per Weebly \u00e8 uno strumento facile da usare che rende pi\u00f9 semplice per il pubblico del tuo sito chiamarti pi\u00f9 velocemente. I tuoi visitatori possono chiamarti premendo l&#8217;immagine del telefono sui dispositivi mobili e per il PC, il tuo numero risulta accattivante per una comoda composizione. Il fumetto e la finestra del telefono sono estremamente configurabili e ti consentono di creare uno stile assolutamente esclusivo del tuo widget. Sei libero di dipingere tutte le parti dello strumento per adattarlo completamente alla gamma di colori del sito web.<\/p> <div class=\"faq\" data-component=\"FAQ\"><div class=\"faq-item\">\r\n\t\t\t\t\t<div class=\"faq-item-question\">\r\n\t\t\t\t\t\t<h3 class=\"faq-item-question-text\">Dove posso pubblicare Click to Call<\/h3>\r\n\r\n\t\t\t\t\t\t<div class=\"faq-item-question-icon\"><\/div>\r\n\t\t\t\t\t<\/div>\r\n\r\n\t\t\t\t\t<div class=\"faq-item-answer\">\r\n\t\t\t\t\t\t<div class=\"faq-item-answer-text\"> <p>Sei libero di seleziona le pagine in cui desideri visualizzare la bolla del telefono e mostra il loro URL nelle impostazioni. Oppure puoi bloccare pagine particolari, tramite URL.<\/p> <\/div>\r\n\t\t\t\t\t<\/div>\r\n\t\t\t\t<\/div><div class=\"faq-item\">\r\n\t\t\t\t\t<div class=\"faq-item-question\">\r\n\t\t\t\t\t\t<h3 class=\"faq-item-question-text\">Come posso trarre vantaggio dal pulsante di chiamata?<\/h3>\r\n\r\n\t\t\t\t\t\t<div class=\"faq-item-question-icon\"><\/div>\r\n\t\t\t\t\t<\/div>\r\n\r\n\t\t\t\t\t<div class=\"faq-item-answer\">\r\n\t\t\t\t\t\t<div class=\"faq-item-answer-text\"> <p>Il colloquio diretto al telefono aiuta a trasformare pi\u00f9 possibili acquirenti in clienti fisici. Inoltre, la semplice composizione e la dimostrazione del tuo numero di telefono renderanno la composizione estremamente semplice.<\/p> <\/div>\r\n\t\t\t\t\t<\/div>\r\n\t\t\t\t<\/div> <div class=\"faq-item\">\r\n\t\t\t\t\t<div class=\"faq-item-question\">\r\n\t\t\t\t\t\t<h3 class=\"faq-item-question-text\">Come incorporo l'app Chiama sul mio sito Weebly?<\/h3>\r\n\r\n\t\t\t\t\t\t<div class=\"faq-item-question-icon\"><\/div>\r\n\t\t\t\t\t<\/div>\r\n\r\n\t\t\t\t\t<div class=\"faq-item-answer\">\r\n\t\t\t\t\t\t<div class=\"faq-item-answer-text\"> <p>L&#8217;unica cosa che quello che devi fare \u00e8 creare il tuo strumento, scegliere i colori e le dimensioni, quindi salvarlo e copiare il codice che verr\u00e0 visualizzato nel pop up al termine del processo di creazione. Implementa il codice nel tuo sito web.<\/p> <\/div>\r\n\t\t\t\t\t<\/div>\r\n\t\t\t\t<\/div> <\/div> <\/div> <div class=\"application-platform-content-item-features application-platform-content-item\" id=\"features\" data-nav-section=\"features\"> <h2>Funzionalit\u00e0<\/h2> <p>Per avere un&#8217;idea chiara di Click to Call, ecco l&#8217;elenco delle funzioni principali. Rendono l&#8217;app incredibilmente efficace per te: <\/p> <ul><li>Chiamata rapida sui cellulari;<\/li> <li>Tre opzioni di posizione del widget: mobile a sinistra o a destra o personalizzata;<\/li> <li>L&#8217;opzione di incorporare widget su pagine web selezionate o di escludere pagine web;<\/li> <li>Tre gruppi di visitatori a cui mostrare il widget: tutti, nuovi o solo di ritorno;<\/li> <li> 4 widget attivazione dei trigger: tempo trascorso sulla pagina, tempo trascorso sul sito web, percentuale di scorrimento o tentativo di uscita.<\/li> <\/ul><p><a href=\"#demo\">Scopri un elenco completo delle funzionalit\u00e0 nella demo <\/a><\/p> <\/div> <div class=\"application-platform-content-item-installation application-platform-content-item\" id=\"installation\" data-nav-section=\"installation\"> <h2>Come aggiungere il pulsante Click to Call sul tuo sito Weebly<\/h2> <p>Le seguenti azioni sono l&#8217;unica cosa che bisogno di fare. <\/p> <ol><li><b>Utilizza la nostra demo gratuita e inizia a creare il tuo widget unico. <\/b><br> Specifica l&#8217;aspetto personalizzato e la funzionalit\u00e0 dello strumento e applica le modifiche. <\/li> <li><b>Ricevi il tuo codice individuale che appare nella casella sulle app Elfsight. <\/b><br> Subito dopo aver completato la creazione del tuo plugin personale, copia il codice individuale dal popup visualizzato e conservalo per un&#8217;occasione successiva. <\/li> <li><b>Accedi all&#8217;utilizzo dello strumento sul sito Weebly. <\/b><br> Integra il codice copiato di recente nel tuo sito web e applica le modifiche. <\/li> <li><b>Fatto! L&#8217;incorporamento \u00e8 stato completamente eseguito. <\/b><br> Vai al tuo sito web per verificare il funzionamento dello strumento. <\/li><\/ol><p>Non riesci ancora a decidere? Oppure hai problemi? Basta scrivere una richiesta al nostro servizio clienti. Risolveremo qualsiasi tipo di domanda.<\/p> <\/div>\n","protected":false},"excerpt":{"rendered":"","protected":false},"author":9,"featured_media":0,"parent":1959,"menu_order":0,"comment_status":"closed","ping_status":"closed","template":"templates\/template-application-platform.php","meta":{"publish_to_discourse":"","publish_post_category":"","wpdc_auto_publish_overridden":"","wpdc_topic_tags":"","wpdc_pin_topic":"","wpdc_pin_until":"","discourse_post_id":"","discourse_permalink":"","wpdc_publishing_response":"","wpdc_publishing_error":"","footnotes":""},"class_list":["post-4029","page","type-page","status-publish","hentry"],"yoast_head":"<!-- This site is optimized with the Yoast SEO plugin v25.3.1 - https:\/\/yoast.com\/wordpress\/plugins\/seo\/ -->\n<title>Pulsante Chiama Weebly | Aggiungi l&#039;app Click to Call Button al sito web (gratuita e veloce)<\/title>\n<meta name=\"description\" content=\"Aggiungi un pratico plugin Click to Call sul tuo sito web Weebly. Applica la demo gestibile di Elfsight e crea il tuo plugin unico in 1-2-3.\" \/>\n<meta name=\"robots\" content=\"index, follow, max-snippet:-1, max-image-preview:large, max-video-preview:-1\" \/>\n<link rel=\"canonical\" href=\"https:\/\/elfsight.com\/it\/click-to-call-widget\/weebly\/\" \/>\n<meta property=\"og:locale\" content=\"it_IT\" \/>\n<meta property=\"og:type\" content=\"article\" \/>\n<meta property=\"og:title\" content=\"Pulsante Chiama Weebly | Aggiungi l&#039;app Click to Call Button al sito web (gratuita e veloce)\" \/>\n<meta property=\"og:description\" content=\"Aggiungi un pratico plugin Click to Call sul tuo sito web Weebly. Applica la demo gestibile di Elfsight e crea il tuo plugin unico in 1-2-3.\" \/>\n<meta property=\"og:url\" content=\"https:\/\/elfsight.com\/it\/click-to-call-widget\/weebly\/\" \/>\n<meta property=\"og:site_name\" content=\"Elfsight IT\" \/>\n<meta property=\"article:modified_time\" content=\"2025-03-21T06:34:59+00:00\" \/>\n<meta name=\"twitter:card\" content=\"summary_large_image\" \/>\n<meta name=\"twitter:label1\" content=\"Tempo di lettura stimato\" \/>\n\t<meta name=\"twitter:data1\" content=\"3 minuti\" \/>\n<!-- \/ Yoast SEO plugin. -->","yoast_head_json":{"title":"Pulsante Chiama Weebly | Aggiungi l'app Click to Call Button al sito web (gratuita e veloce)","description":"Aggiungi un pratico plugin Click to Call sul tuo sito web Weebly. Applica la demo gestibile di Elfsight e crea il tuo plugin unico in 1-2-3.","robots":{"index":"index","follow":"follow","max-snippet":"max-snippet:-1","max-image-preview":"max-image-preview:large","max-video-preview":"max-video-preview:-1"},"canonical":"https:\/\/elfsight.com\/it\/click-to-call-widget\/weebly\/","og_locale":"it_IT","og_type":"article","og_title":"Pulsante Chiama Weebly | Aggiungi l'app Click to Call Button al sito web (gratuita e veloce)","og_description":"Aggiungi un pratico plugin Click to Call sul tuo sito web Weebly. Applica la demo gestibile di Elfsight e crea il tuo plugin unico in 1-2-3.","og_url":"https:\/\/elfsight.com\/it\/click-to-call-widget\/weebly\/","og_site_name":"Elfsight IT","article_modified_time":"2025-03-21T06:34:59+00:00","twitter_card":"summary_large_image","twitter_misc":{"Tempo di lettura stimato":"3 minuti"},"schema":{"@context":"https:\/\/schema.org","@graph":[{"@type":"WebPage","@id":"https:\/\/elfsight.com\/it\/click-to-call-widget\/weebly\/","url":"https:\/\/elfsight.com\/it\/click-to-call-widget\/weebly\/","name":"Pulsante Chiama Weebly | Aggiungi l'app Click to Call Button al sito web (gratuita e veloce)","isPartOf":{"@id":"https:\/\/elfsight.com\/it\/#website"},"datePublished":"2024-05-03T06:32:23+00:00","dateModified":"2025-03-21T06:34:59+00:00","description":"Aggiungi un pratico plugin Click to Call sul tuo sito web Weebly. Applica la demo gestibile di Elfsight e crea il tuo plugin unico in 1-2-3.","breadcrumb":{"@id":"https:\/\/elfsight.com\/it\/click-to-call-widget\/weebly\/#breadcrumb"},"inLanguage":"it-IT","potentialAction":[{"@type":"ReadAction","target":["https:\/\/elfsight.com\/it\/click-to-call-widget\/weebly\/"]}]},{"@type":"BreadcrumbList","@id":"https:\/\/elfsight.com\/it\/click-to-call-widget\/weebly\/#breadcrumb","itemListElement":[{"@type":"ListItem","position":1,"name":"Home","item":"https:\/\/elfsight.com\/it\/"},{"@type":"ListItem","position":2,"name":"Click to Call","item":"https:\/\/elfsight.com\/it\/click-to-call-widget\/"},{"@type":"ListItem","position":3,"name":"Click to Call &#8211; Weebly"}]},{"@type":"WebSite","@id":"https:\/\/elfsight.com\/it\/#website","url":"https:\/\/elfsight.com\/it\/","name":"Elfsight IT","description":"Just another Elfsight Sites site","potentialAction":[{"@type":"SearchAction","target":{"@type":"EntryPoint","urlTemplate":"https:\/\/elfsight.com\/it\/?s={search_term_string}"},"query-input":{"@type":"PropertyValueSpecification","valueRequired":true,"valueName":"search_term_string"}}],"inLanguage":"it-IT"}]}},"meta_box":{"industry":"","seo_heading":"","heading":"","description":"","cta_heading":"","cta_description":"","application":"1958","h1":"Weebly Clicca per chiamare l'app","h1_caption":"Consenti agli utenti di contattarti istantaneamente con un semplice pulsante \"click-to-call\", rendendo pi\u00f9 semplice raggiungere direttamente il tuo sito web Weebly senza sforzo.","application_category":[],"applications_title":"","applications_request_title":"","applications_request_button_text":"","hero_text":"","hero_video":"","hero_video_schema_markup":"","selling_points_title":"","selling_points_caption":"","selling_points":[],"selling_points_cta_text":"","features_title":"","features":"","ed_cta_examples_text":"","ed_cta_examples_hidden":"","ed_cta_demo_text":"","ed_cta_demo_hidden":"","why_caption":"","why_editor_title":"","why_editor_text":"","why_team_title":"","why_team_text":"","why_service_title":"","why_service_text":"","template_catalog_visible":"0","template_catalog_title":"","template_catalog_text":"","template_catalog_categories_visible":"","demo_title":"Crea la tua app Click to Call","demo_caption":"Configura il tuo Click to Call e aggiungilo gratuitamente al tuo sito Weebly!","default_faq_hidden":"","app_template_category":[],"platform":"45","template_public_id":"","codecanyon_url":"","codecanyon_item_id":"","codecanyon_price":"","pricing_caption":"","pricing_elfsight_apps_hide_column":"","pricing_elfsight_apps_url":"","pricing_codecanyon_price_caption":"","integration_category":[],"integration_request_title":"","integration_request_cta":"","integration_platform":"","integrations":[],"platform_category":[],"video_schema_markup":"","price":"da $ 0 al mese","trial":"","benefits":[{"text":"Aiuto per l'installazione gratuito"},{"text":"Servizio clienti efficace"},{"text":"Garanzia di rimborso di 14 giorni"},{"text":"Sviluppo continuo"}],"button_url":"#demo","button_target_blank":"0","button_nofollow":"0","attributes":[{"name":"Installazioni"},{"name":"Reattivo","content":"S\u00cc"},{"name":"Browser compatibili","content":"IE11, Firefox, Safari, Opera, Chrome, Edge"}],"tags":[],"tags_disable_links":"0","hide_more_platforms":"0","video_object":"","demo_hide_cta":"0","demo_hide_cloud_options":"0","pricing_title":"","pricing":[{"pricing_icon":"platform","pricing_title":"Elfsight Apps","pricing_title_caption":"Soluzione digitale multipiattaforma che funziona su qualsiasi sito","pricing_price":"da $ 0 \/ mese","pricing_price_caption":"inizia con un piano gratuito","pricing_benefits":[{"text":"Siti web illimitati"},{"text":"Supporto premium e ben documentato"},{"text":"Assistenza gratuita per l'installazione"},{"text":"Completamente personalizzabile"}],"pricing_button_text":"Aggiungi al sito web","pricing_button_url":"#demo"}],"related_apps_title":"","related_apps_hidden":"0","author":"","image":[],"title":"","job":"","social_networks":[]},"_links":{"self":[{"href":"https:\/\/elfsight.com\/it\/wp-json\/wp\/v2\/pages\/4029","targetHints":{"allow":["GET"]}}],"collection":[{"href":"https:\/\/elfsight.com\/it\/wp-json\/wp\/v2\/pages"}],"about":[{"href":"https:\/\/elfsight.com\/it\/wp-json\/wp\/v2\/types\/page"}],"author":[{"embeddable":true,"href":"https:\/\/elfsight.com\/it\/wp-json\/wp\/v2\/users\/9"}],"replies":[{"embeddable":true,"href":"https:\/\/elfsight.com\/it\/wp-json\/wp\/v2\/comments?post=4029"}],"version-history":[{"count":2,"href":"https:\/\/elfsight.com\/it\/wp-json\/wp\/v2\/pages\/4029\/revisions"}],"predecessor-version":[{"id":9496,"href":"https:\/\/elfsight.com\/it\/wp-json\/wp\/v2\/pages\/4029\/revisions\/9496"}],"up":[{"embeddable":true,"href":"https:\/\/elfsight.com\/it\/wp-json\/wp\/v2\/pages\/1959"}],"wp:attachment":[{"href":"https:\/\/elfsight.com\/it\/wp-json\/wp\/v2\/media?parent=4029"}],"curies":[{"name":"wp","href":"https:\/\/api.w.org\/{rel}","templated":true}]}}