{"id":4027,"date":"2024-05-03T06:32:21","date_gmt":"2024-05-03T06:32:21","guid":{"rendered":"https:\/\/elfsight.com\/it\/?page_id=4027"},"modified":"2024-11-12T08:38:25","modified_gmt":"2024-11-12T08:38:25","slug":"wordpress","status":"publish","type":"page","link":"https:\/\/elfsight.com\/it\/click-to-call-widget\/wordpress\/","title":{"rendered":"Click to Call &#8211; WordPress"},"content":{"rendered":"<div class=\"application-platform-content-item-description application-platform-content-item\" id=\"description\" data-nav-section=\"description\"> <h2>Incorpora Click to Call su WordPress con il widget Elfsight<\/h2> <p>Il plugin Click To Call per WordPress \u00e8 uno strumento efficace che consente il pubblico del tuo sito per chiamarti pi\u00f9 rapidamente. Gli utenti possono chiamarti facendo clic sull&#8217;icona del telefono sui dispositivi mobili e sul desktop, il tuo numero viene visualizzato in grassetto per una composizione semplificata. La bolla stessa e la finestra di chiamata sono altamente personalizzabili e consentono di creare uno stile del widget davvero esclusivo. Sei libero di modificare tutti i componenti dello strumento per adattarlo perfettamente al design generale del sito web.<\/p> <div class=\"faq\" data-component=\"FAQ\"><div class=\"faq-item\">\r\n\t\t\t\t\t<div class=\"faq-item-question\">\r\n\t\t\t\t\t\t<h3 class=\"faq-item-question-text\">In che modo incorporo un Fai clic per chiamare il pulsante sul mio sito WordPress?<\/h3>\r\n\r\n\t\t\t\t\t\t<div class=\"faq-item-question-icon\"><\/div>\r\n\t\t\t\t\t<\/div>\r\n\r\n\t\t\t\t\t<div class=\"faq-item-answer\">\r\n\t\t\t\t\t\t<div class=\"faq-item-answer-text\"><p>La creazione dello strumento avviene sulle pagine di Elfsight e non \u00e8 necessario imparare a programmare. Utilizza la nostra demo online per personalizzare la tua app personale, ottenere il codice e aggiungerlo al tuo sito. <\/p><\/div>\r\n\t\t\t\t\t<\/div>\r\n\t\t\t\t<\/div><div class=\"faq-item\">\r\n\t\t\t\t\t<div class=\"faq-item-question\">\r\n\t\t\t\t\t\t<h3 class=\"faq-item-question-text\">I modi migliori per utilizzare l'integrazione del pulsante Chiama ora<\/h3>\r\n\r\n\t\t\t\t\t\t<div class=\"faq-item-question-icon\"><\/div>\r\n\t\t\t\t\t<\/div>\r\n\r\n\t\t\t\t\t<div class=\"faq-item-answer\">\r\n\t\t\t\t\t\t<div class=\"faq-item-answer-text\"><p>Ti forniremo un&#8217;ampia gamma di possibilit\u00e0 di personalizzazione: widget a grandezza naturale per implementazione nell&#8217;area del contenuto, plugin mobili con funzionalit\u00e0 di scorrimento, layout per pi\u00e8 di pagina, intestazione e tutti i tipi di possibilit\u00e0 verticali per barre laterali e menu. <\/p><\/div>\r\n\t\t\t\t\t<\/div>\r\n\t\t\t\t<\/div><div class=\"faq-item\">\r\n\t\t\t\t\t<div class=\"faq-item-question\">\r\n\t\t\t\t\t\t<h3 class=\"faq-item-question-text\">Posso creare un pulsante Chiamaci o Consultazione tramite l'agenzia del tuo editore?<\/h3>\r\n\r\n\t\t\t\t\t\t<div class=\"faq-item-question-icon\"><\/div>\r\n\t\t\t\t\t<\/div>\r\n\r\n\t\t\t\t\t<div class=\"faq-item-answer\">\r\n\t\t\t\t\t\t<div class=\"faq-item-answer-text\"><p>Sei libero di creare eventuali varianti del widget. Ci sono molti layout applicabili nell&#8217;editor e tutti possono essere facilmente personalizzati in base alle tue esigenze. <\/p><\/div>\r\n\t\t\t\t\t<\/div>\r\n\t\t\t\t<\/div><\/div><\/div> <div class=\"application-platform-content-item-features application-platform-content-item\" id=\"features\" data-nav-section=\"features\"> <h2>Caratteristiche principali del widget Click to Call<\/h2> <p>Per comprendere meglio il pulsante di chiamata plugin, scopri l&#8217;elenco delle sue caratteristiche principali. Rendono il nostro widget estremamente efficace per il tuo sito web: <\/p> <ul><li>Telefonate immediate sui cellulari; <\/li> <li>Scegli una delle 3 varianti di posizionamento del widget: Mobile a sinistra, Mobile a destra o personalizzato; <\/li> <li>L&#8217;opzione di mostrare widget su pagine particolari o di escludere pagine web; <\/li> <li>3 varianti di utenti per i quali verr\u00e0 visualizzato il widget: tutti, nuovi e solo di ritorno; <\/li> <li> Quattro widget integrati che attivano i trigger: tempo sulla pagina, tempo trascorso sul sito, percentuale di scorrimento e intento di uscita. <\/li> <\/ul><p><a href=\"#demo\">Esplora altre funzionalit\u00e0 nella demo<\/a><\/p> <\/div><div class=\"application-platform-content-item-installation application-platform-content-item\" id=\"installation\" data-nav-section=\"installation\"> <h2>Come fare aggiungi il plug-in Click To Call Now al tuo sito Web WordPress<\/h2> <p>Segui semplicemente i passaggi descritti di seguito per integrare lo strumento su WordPress.<\/p> <ol><li><b>Apri il nostro configuratore gratuito e inizia a creare il tuo plugin. <\/b><br> Determina il layout selezionato e gli aspetti dello strumento e salva le correzioni. <\/li> <li><b>Ricevi il tuo codice individuale nel modulo speciale su Elfsight Apps. <\/b><br> Non appena la personalizzazione del tuo widget personale Click to Call \u00e8 terminata, copia il codice personale nel popup visualizzato e salvalo per un utilizzo successivo. <\/li> <li><b>Avvia l&#8217;utilizzo del widget sul sito WordPress. <\/b><br> Inserisci il codice che hai salvato in precedenza nel tuo sito web e salva le modifiche. <\/li> <li><b>Fatto! L&#8217;incorporamento \u00e8 stato completato con successo. <\/b><br> Vai al tuo sito per verificare il funzionamento del widget. <\/li><\/ol> <p>Dubbi ancora qualcosa? O riscontri problemi? Basta scrivere una richiesta al nostro supporto clienti. Aiuteranno con ogni problema. <\/p> <\/div>","protected":false},"excerpt":{"rendered":"","protected":false},"author":9,"featured_media":0,"parent":1959,"menu_order":0,"comment_status":"closed","ping_status":"closed","template":"templates\/template-application-platform.php","meta":{"publish_to_discourse":"","publish_post_category":"","wpdc_auto_publish_overridden":"","wpdc_topic_tags":"","wpdc_pin_topic":"","wpdc_pin_until":"","discourse_post_id":"","discourse_permalink":"","wpdc_publishing_response":"","wpdc_publishing_error":"","footnotes":""},"class_list":["post-4027","page","type-page","status-publish","hentry"],"yoast_head":"<!-- This site is optimized with the Yoast SEO plugin v25.3.1 - https:\/\/yoast.com\/wordpress\/plugins\/seo\/ -->\n<title>Aggiungi il plugin Click to Call Button al sito WordPress (gratuito e veloce)<\/title>\n<meta name=\"description\" content=\"Aggiungi un plug-in Click to Call attivo sul tuo sito WordPress. Applica la demo facile da usare di Elfsight e crea il tuo plugin esclusivo in soli 2 minuti.\" \/>\n<meta name=\"robots\" content=\"index, follow, max-snippet:-1, max-image-preview:large, max-video-preview:-1\" \/>\n<link rel=\"canonical\" href=\"https:\/\/elfsight.com\/it\/click-to-call-widget\/wordpress\/\" \/>\n<meta property=\"og:locale\" content=\"it_IT\" \/>\n<meta property=\"og:type\" content=\"article\" \/>\n<meta property=\"og:title\" content=\"Aggiungi il plugin Click to Call Button al sito WordPress (gratuito e veloce)\" \/>\n<meta property=\"og:description\" content=\"Aggiungi un plug-in Click to Call attivo sul tuo sito WordPress. Applica la demo facile da usare di Elfsight e crea il tuo plugin esclusivo in soli 2 minuti.\" \/>\n<meta property=\"og:url\" content=\"https:\/\/elfsight.com\/it\/click-to-call-widget\/wordpress\/\" \/>\n<meta property=\"og:site_name\" content=\"Elfsight IT\" \/>\n<meta property=\"article:modified_time\" content=\"2024-11-12T08:38:25+00:00\" \/>\n<meta name=\"twitter:card\" content=\"summary_large_image\" \/>\n<meta name=\"twitter:label1\" content=\"Tempo di lettura stimato\" \/>\n\t<meta name=\"twitter:data1\" content=\"3 minuti\" \/>\n<!-- \/ Yoast SEO plugin. -->","yoast_head_json":{"title":"Aggiungi il plugin Click to Call Button al sito WordPress (gratuito e veloce)","description":"Aggiungi un plug-in Click to Call attivo sul tuo sito WordPress. Applica la demo facile da usare di Elfsight e crea il tuo plugin esclusivo in soli 2 minuti.","robots":{"index":"index","follow":"follow","max-snippet":"max-snippet:-1","max-image-preview":"max-image-preview:large","max-video-preview":"max-video-preview:-1"},"canonical":"https:\/\/elfsight.com\/it\/click-to-call-widget\/wordpress\/","og_locale":"it_IT","og_type":"article","og_title":"Aggiungi il plugin Click to Call Button al sito WordPress (gratuito e veloce)","og_description":"Aggiungi un plug-in Click to Call attivo sul tuo sito WordPress. Applica la demo facile da usare di Elfsight e crea il tuo plugin esclusivo in soli 2 minuti.","og_url":"https:\/\/elfsight.com\/it\/click-to-call-widget\/wordpress\/","og_site_name":"Elfsight IT","article_modified_time":"2024-11-12T08:38:25+00:00","twitter_card":"summary_large_image","twitter_misc":{"Tempo di lettura stimato":"3 minuti"},"schema":{"@context":"https:\/\/schema.org","@graph":[{"@type":"WebPage","@id":"https:\/\/elfsight.com\/it\/click-to-call-widget\/wordpress\/","url":"https:\/\/elfsight.com\/it\/click-to-call-widget\/wordpress\/","name":"Aggiungi il plugin Click to Call Button al sito WordPress (gratuito e veloce)","isPartOf":{"@id":"https:\/\/elfsight.com\/it\/#website"},"datePublished":"2024-05-03T06:32:21+00:00","dateModified":"2024-11-12T08:38:25+00:00","description":"Aggiungi un plug-in Click to Call attivo sul tuo sito WordPress. Applica la demo facile da usare di Elfsight e crea il tuo plugin esclusivo in soli 2 minuti.","breadcrumb":{"@id":"https:\/\/elfsight.com\/it\/click-to-call-widget\/wordpress\/#breadcrumb"},"inLanguage":"it-IT","potentialAction":[{"@type":"ReadAction","target":["https:\/\/elfsight.com\/it\/click-to-call-widget\/wordpress\/"]}]},{"@type":"BreadcrumbList","@id":"https:\/\/elfsight.com\/it\/click-to-call-widget\/wordpress\/#breadcrumb","itemListElement":[{"@type":"ListItem","position":1,"name":"Home","item":"https:\/\/elfsight.com\/it\/"},{"@type":"ListItem","position":2,"name":"Click to Call","item":"https:\/\/elfsight.com\/it\/click-to-call-widget\/"},{"@type":"ListItem","position":3,"name":"Click to Call &#8211; WordPress"}]},{"@type":"WebSite","@id":"https:\/\/elfsight.com\/it\/#website","url":"https:\/\/elfsight.com\/it\/","name":"Elfsight IT","description":"Just another Elfsight Sites site","potentialAction":[{"@type":"SearchAction","target":{"@type":"EntryPoint","urlTemplate":"https:\/\/elfsight.com\/it\/?s={search_term_string}"},"query-input":{"@type":"PropertyValueSpecification","valueRequired":true,"valueName":"search_term_string"}}],"inLanguage":"it-IT"}]}},"meta_box":{"industry":"","seo_heading":"","heading":"","description":"","cta_heading":"","cta_description":"","application":"1958","h1":"Plug-in del pulsante Clicca per chiamare WordPress","h1_caption":"Consenti agli utenti di contattarti istantaneamente con un semplice pulsante \"click-to-call\", rendendo pi\u00f9 semplice raggiungere direttamente il tuo sito Web WordPress senza sforzo.","application_category":[],"applications_title":"","applications_request_title":"","applications_request_button_text":"","hero_text":"","hero_video":"","hero_video_schema_markup":"","selling_points_title":"","selling_points_caption":"","selling_points":[],"selling_points_cta_text":"","features_title":"","features":"","ed_cta_examples_text":"","ed_cta_examples_hidden":"","ed_cta_demo_text":"","ed_cta_demo_hidden":"","why_caption":"","why_editor_title":"","why_editor_text":"","why_team_title":"","why_team_text":"","why_service_title":"","why_service_text":"","template_catalog_visible":"","template_catalog_title":"","template_catalog_text":"","template_catalog_categories_visible":"","demo_title":"Crea il tuo plug-in Click to Call","demo_caption":"Configura il tuo Click to Call e aggiungilo gratuitamente al tuo sito WordPress!","default_faq_hidden":"","app_template_category":[],"platform":"28","template_public_id":"","codecanyon_url":"","codecanyon_item_id":"","codecanyon_price":"","pricing_caption":"","pricing_elfsight_apps_hide_column":"","pricing_elfsight_apps_url":"","pricing_codecanyon_price_caption":"","integration_category":[],"integration_request_title":"","integration_request_cta":"","integration_platform":"","integrations":[],"platform_category":[],"video_schema_markup":"","price":"da $ 0 al mese","trial":"","benefits":[{"text":"Assistenza per l'installazione gratuita"},{"text":"Supporto premium"},{"text":"Garanzia di rimborso di 14 giorni"},{"text":"Sviluppo continuo"}],"button_url":"#demo","button_target_blank":"","button_nofollow":"","attributes":[{"name":"Installazioni"},{"name":"Reattivo","content":"S\u00cc"},{"name":"Browser compatibili","content":"IE11, Firefox, Safari, Opera, Chrome, Edge"}],"tags":[],"tags_disable_links":"","hide_more_platforms":"","video_object":"","demo_hide_cta":"","demo_hide_cloud_options":"","pricing_title":"","pricing":[{"pricing_icon":"platform","pricing_title":"Elfsight Apps","pricing_title_caption":"Versione indipendente dalla piattaforma che funziona su qualsiasi sito","pricing_price":"da $ 0 \/ mese","pricing_price_caption":"inizia con il piano gratuito","pricing_benefits":[{"text":"Siti web illimitati"},{"text":"Assistenza gratuita e puntuale"},{"text":"Servizio di installazione gratuito"},{"text":"Offerta a tempo limitato per pi\u00f9 app"}],"pricing_button_text":"Aggiungi al sito web","pricing_button_url":"#demo"}],"related_apps_title":"","related_apps_hidden":"","author":"","image":[],"title":"","job":"","social_networks":[]},"_links":{"self":[{"href":"https:\/\/elfsight.com\/it\/wp-json\/wp\/v2\/pages\/4027","targetHints":{"allow":["GET"]}}],"collection":[{"href":"https:\/\/elfsight.com\/it\/wp-json\/wp\/v2\/pages"}],"about":[{"href":"https:\/\/elfsight.com\/it\/wp-json\/wp\/v2\/types\/page"}],"author":[{"embeddable":true,"href":"https:\/\/elfsight.com\/it\/wp-json\/wp\/v2\/users\/9"}],"replies":[{"embeddable":true,"href":"https:\/\/elfsight.com\/it\/wp-json\/wp\/v2\/comments?post=4027"}],"version-history":[{"count":1,"href":"https:\/\/elfsight.com\/it\/wp-json\/wp\/v2\/pages\/4027\/revisions"}],"predecessor-version":[{"id":4031,"href":"https:\/\/elfsight.com\/it\/wp-json\/wp\/v2\/pages\/4027\/revisions\/4031"}],"up":[{"embeddable":true,"href":"https:\/\/elfsight.com\/it\/wp-json\/wp\/v2\/pages\/1959"}],"wp:attachment":[{"href":"https:\/\/elfsight.com\/it\/wp-json\/wp\/v2\/media?parent=4027"}],"curies":[{"name":"wp","href":"https:\/\/api.w.org\/{rel}","templated":true}]}}