{"id":4026,"date":"2024-05-03T06:32:20","date_gmt":"2024-05-03T06:32:20","guid":{"rendered":"https:\/\/elfsight.com\/it\/?page_id=4026"},"modified":"2025-03-21T06:29:16","modified_gmt":"2025-03-21T06:29:16","slug":"iframe","status":"publish","type":"page","link":"https:\/\/elfsight.com\/it\/click-to-call-widget\/iframe\/","title":{"rendered":"Click to Call &#8211; iFrame"},"content":{"rendered":"\n<div class=\"application-platform-content-item-description application-platform-content-item\" id=\"description\" data-nav-section=\"description\"> <h2>Incorpora Click to Call su iFrame con il widget Elfsight<\/h2> <p>Il pulsante Chiama ora Elfsight \u00e8 il widget pi\u00f9 pratico per qualsiasi sito, ci\u00f2 render\u00e0 pi\u00f9 semplice per gli utenti effettuare una telefonata. Sui dispositivi mobili, il widget compone il numero incorporato quando un utente fa clic sul fumetto del telefono. Su PC e tablet, il clic mostra il tuo numero di telefono sul sito e aiuta gli utenti a effettuare una chiamata istantaneamente. C&#8217;\u00e8 un&#8217;opzione non solo per visualizzare il tuo numero di telefono, ma anche per visualizzare la finestra di chiamata con il nome e la foto della persona da contattare e un testo personalizzato. Tutte queste parti sono commutabili, il che consente di configurare qualsiasi variante dell&#8217;interfaccia. C&#8217;\u00e8 anche un&#8217;opzione per selezionare un trigger che mostri la bolla del telefono e scegliere una categoria di pubblico del sito web che la vedr\u00e0. <\/p> <div class=\"faq\" data-component=\"FAQ\"><div class=\"faq-item\">\r\n\t\t\t\t\t<div class=\"faq-item-question\">\r\n\t\t\t\t\t\t<h3 class=\"faq-item-question-text\">Dove posso pubblicare il widget<\/h3>\r\n\r\n\t\t\t\t\t\t<div class=\"faq-item-question-icon\"><\/div>\r\n\t\t\t\t\t<\/div>\r\n\r\n\t\t\t\t\t<div class=\"faq-item-answer\">\r\n\t\t\t\t\t\t<div class=\"faq-item-answer-text\"> <p>Puoi aggiungere Elfsight Click To Call su qualunque pagina del sito web di cui hai bisogno cos\u00ec come su tutte le pagine. Nelle impostazioni del widget puoi inserire gli URL delle pagine selezionate in cui desideri abilitare il widget. Oppure utilizza la funzione Escludi e inserisci gli URL delle pagine esatte in cui desideri limitare la dimostrazione del widget. <\/p> <\/div>\r\n\t\t\t\t\t<\/div>\r\n\t\t\t\t<\/div><div class=\"faq-item\">\r\n\t\t\t\t\t<div class=\"faq-item-question\">\r\n\t\t\t\t\t\t<h3 class=\"faq-item-question-text\">Quali vantaggi mi dar\u00e0?<\/h3>\r\n\r\n\t\t\t\t\t\t<div class=\"faq-item-question-icon\"><\/div>\r\n\t\t\t\t\t<\/div>\r\n\r\n\t\t\t\t\t<div class=\"faq-item-answer\">\r\n\t\t\t\t\t\t<div class=\"faq-item-answer-text\"> <p>Puoi ricevere pi\u00f9 telefonate dai visitatori del sito web avendo un modo semplice e veloce per chiamarti al telefono, senza lasciare il sito web . Ci\u00f2 pu\u00f2 aiutarti a ottenere pi\u00f9 conversazioni personali e trasformare gli utenti in clienti. Inoltre, puoi creare la tua base di clienti. <\/p> <\/div>\r\n\t\t\t\t\t<\/div>\r\n\t\t\t\t<\/div> <div class=\"faq-item\">\r\n\t\t\t\t\t<div class=\"faq-item-question\">\r\n\t\t\t\t\t\t<h3 class=\"faq-item-question-text\">Come posso avere Click to Call sul mio sito iFrame?<\/h3>\r\n\r\n\t\t\t\t\t\t<div class=\"faq-item-question-icon\"><\/div>\r\n\t\t\t\t\t<\/div>\r\n\r\n\t\t\t\t\t<div class=\"faq-item-answer\">\r\n\t\t\t\t\t\t<div class=\"faq-item-answer-text\"> <p>Ci vuole un minuto di tempo per attivare il widget. Il processo di integrazione \u00e8 estremamente rapido, gratuito e privo di codifica. <\/p> <p>Puoi incorporare il pulsante clic nella tua pagina web tramite il nostro servizio. Per realizzarlo, segui le istruzioni in questa pagina. <\/p> <\/div>\r\n\t\t\t\t\t<\/div>\r\n\t\t\t\t<\/div> <\/div> <\/div> <div class=\"application-platform-content-item-features application-platform-content-item\" id=\"features\" data-nav-section=\"features\"> <h2>Caratteristiche principali del widget Click to Call<\/h2> <p>Per una migliore conoscenza del widget , guarda l&#8217;elenco delle sue caratteristiche principali. Rendono il widget incredibilmente efficiente per il tuo sito web: <\/p> <ul><li>Chiamata istantanea su dispositivi mobili; <\/li> <li>Scegli una delle tre opzioni di posizionamento del widget: Mobile a sinistra, Mobile a destra o personalizzato; <\/li> <li>L&#8217;opzione per mostrare il widget su pagine selezionate o per escludere pagine web; <\/li> <li>Tre gruppi di visitatori a cui mostrare il widget: tutti, nuovi e solo di ritorno; <\/li> <li> Trigger del widget integrati: tempo sulla pagina, tempo sul sito, quantit\u00e0 di scorrimento e tentativo di uscita. <\/li> <\/ul><p><a href=\"#demo\">Per controllare l&#8217;elenco completo delle funzionalit\u00e0, vedere la demo<\/a><\/p> <\/div> <div class=\"application-platform-content-item-installation application-platform-content-item\" id=\"installation\" data-nav-section=\"installation\"> <h2>Come aggiungere il widget del pulsante Click To Call al sito Web iFrame<\/h2> <p>Le azioni seguenti sono l&#8217;unica cosa che devi fare per pubblicare il widget. <\/p> <ol><li><b>Progetta il tuo plug-in Chiama ora unico<\/b><br> Nel nostro editor gratuito, genera un plug-in con layout e funzionalit\u00e0 personalizzati. <\/li><li><b>Acquisisci il codice individuale per incorporare il plugin<\/b><br> Dopo aver impostato il tuo widget, riceverai il codice univoco dalla notifica popup sulle app Elfsight. Copialo per un ulteriore utilizzo. <\/li> <li><b> Il plugin sul tuo sito iFrame<\/b><br> Definisci l&#8217;area in cui intendi mostrare il plugin e aggiungi l\u00ec il codice salvato. Salva le modifiche. <\/li> <li><b>La configurazione \u00e8 terminata<\/b><br> Visita la pagina per dare un&#8217;occhiata al plug-in Call.<\/li> <\/ol><p>Ancora indeciso? O hai domande? Basta una singola richiesta al nostro servizio di assistenza clienti per risolvere qualsiasi problema. <\/p><\/div>\n","protected":false},"excerpt":{"rendered":"","protected":false},"author":9,"featured_media":0,"parent":1959,"menu_order":0,"comment_status":"closed","ping_status":"closed","template":"templates\/template-application-platform.php","meta":{"publish_to_discourse":"","publish_post_category":"","wpdc_auto_publish_overridden":"","wpdc_topic_tags":"","wpdc_pin_topic":"","wpdc_pin_until":"","discourse_post_id":"","discourse_permalink":"","wpdc_publishing_response":"","wpdc_publishing_error":"","footnotes":""},"class_list":["post-4026","page","type-page","status-publish","hentry"],"yoast_head":"<!-- This site is optimized with the Yoast SEO plugin v25.3.1 - https:\/\/yoast.com\/wordpress\/plugins\/seo\/ -->\n<title>Aggiungi il widget del pulsante Chiama ora al tuo sito web iFrame (gratuito e veloce)<\/title>\n<meta name=\"description\" content=\"Ecco la possibilit\u00e0 di modellare il pulsante Fai clic per chiamare ora e aggiungere widget al tuo sito Web iFrame. Goditi il \u200b\u200bsupporto clienti gratuito e altri vantaggi di Elfsight.\" \/>\n<meta name=\"robots\" content=\"index, follow, max-snippet:-1, max-image-preview:large, max-video-preview:-1\" \/>\n<link rel=\"canonical\" href=\"https:\/\/elfsight.com\/it\/click-to-call-widget\/iframe\/\" \/>\n<meta property=\"og:locale\" content=\"it_IT\" \/>\n<meta property=\"og:type\" content=\"article\" \/>\n<meta property=\"og:title\" content=\"Aggiungi il widget del pulsante Chiama ora al tuo sito web iFrame (gratuito e veloce)\" \/>\n<meta property=\"og:description\" content=\"Ecco la possibilit\u00e0 di modellare il pulsante Fai clic per chiamare ora e aggiungere widget al tuo sito Web iFrame. Goditi il \u200b\u200bsupporto clienti gratuito e altri vantaggi di Elfsight.\" \/>\n<meta property=\"og:url\" content=\"https:\/\/elfsight.com\/it\/click-to-call-widget\/iframe\/\" \/>\n<meta property=\"og:site_name\" content=\"Elfsight IT\" \/>\n<meta property=\"article:modified_time\" content=\"2025-03-21T06:29:16+00:00\" \/>\n<meta name=\"twitter:card\" content=\"summary_large_image\" \/>\n<meta name=\"twitter:label1\" content=\"Tempo di lettura stimato\" \/>\n\t<meta name=\"twitter:data1\" content=\"3 minuti\" \/>\n<!-- \/ Yoast SEO plugin. -->","yoast_head_json":{"title":"Aggiungi il widget del pulsante Chiama ora al tuo sito web iFrame (gratuito e veloce)","description":"Ecco la possibilit\u00e0 di modellare il pulsante Fai clic per chiamare ora e aggiungere widget al tuo sito Web iFrame. Goditi il \u200b\u200bsupporto clienti gratuito e altri vantaggi di Elfsight.","robots":{"index":"index","follow":"follow","max-snippet":"max-snippet:-1","max-image-preview":"max-image-preview:large","max-video-preview":"max-video-preview:-1"},"canonical":"https:\/\/elfsight.com\/it\/click-to-call-widget\/iframe\/","og_locale":"it_IT","og_type":"article","og_title":"Aggiungi il widget del pulsante Chiama ora al tuo sito web iFrame (gratuito e veloce)","og_description":"Ecco la possibilit\u00e0 di modellare il pulsante Fai clic per chiamare ora e aggiungere widget al tuo sito Web iFrame. Goditi il \u200b\u200bsupporto clienti gratuito e altri vantaggi di Elfsight.","og_url":"https:\/\/elfsight.com\/it\/click-to-call-widget\/iframe\/","og_site_name":"Elfsight IT","article_modified_time":"2025-03-21T06:29:16+00:00","twitter_card":"summary_large_image","twitter_misc":{"Tempo di lettura stimato":"3 minuti"},"schema":{"@context":"https:\/\/schema.org","@graph":[{"@type":"WebPage","@id":"https:\/\/elfsight.com\/it\/click-to-call-widget\/iframe\/","url":"https:\/\/elfsight.com\/it\/click-to-call-widget\/iframe\/","name":"Aggiungi il widget del pulsante Chiama ora al tuo sito web iFrame (gratuito e veloce)","isPartOf":{"@id":"https:\/\/elfsight.com\/it\/#website"},"datePublished":"2024-05-03T06:32:20+00:00","dateModified":"2025-03-21T06:29:16+00:00","description":"Ecco la possibilit\u00e0 di modellare il pulsante Fai clic per chiamare ora e aggiungere widget al tuo sito Web iFrame. Goditi il \u200b\u200bsupporto clienti gratuito e altri vantaggi di Elfsight.","breadcrumb":{"@id":"https:\/\/elfsight.com\/it\/click-to-call-widget\/iframe\/#breadcrumb"},"inLanguage":"it-IT","potentialAction":[{"@type":"ReadAction","target":["https:\/\/elfsight.com\/it\/click-to-call-widget\/iframe\/"]}]},{"@type":"BreadcrumbList","@id":"https:\/\/elfsight.com\/it\/click-to-call-widget\/iframe\/#breadcrumb","itemListElement":[{"@type":"ListItem","position":1,"name":"Home","item":"https:\/\/elfsight.com\/it\/"},{"@type":"ListItem","position":2,"name":"Click to Call","item":"https:\/\/elfsight.com\/it\/click-to-call-widget\/"},{"@type":"ListItem","position":3,"name":"Click to Call &#8211; iFrame"}]},{"@type":"WebSite","@id":"https:\/\/elfsight.com\/it\/#website","url":"https:\/\/elfsight.com\/it\/","name":"Elfsight IT","description":"Just another Elfsight Sites site","potentialAction":[{"@type":"SearchAction","target":{"@type":"EntryPoint","urlTemplate":"https:\/\/elfsight.com\/it\/?s={search_term_string}"},"query-input":{"@type":"PropertyValueSpecification","valueRequired":true,"valueName":"search_term_string"}}],"inLanguage":"it-IT"}]}},"meta_box":{"industry":"","seo_heading":"","heading":"","description":"","cta_heading":"","cta_description":"","application":"1958","h1":"iFrame Fai clic sul pulsante Chiama ora","h1_caption":"Consenti agli utenti di contattarti istantaneamente con un semplice pulsante \"click-to-call\", rendendo pi\u00f9 semplice raggiungere direttamente il tuo sito web iFrame senza sforzo.","application_category":[],"applications_title":"","applications_request_title":"","applications_request_button_text":"","hero_text":"","hero_video":"","hero_video_schema_markup":"","selling_points_title":"","selling_points_caption":"","selling_points":[],"selling_points_cta_text":"","features_title":"","features":"","ed_cta_examples_text":"","ed_cta_examples_hidden":"","ed_cta_demo_text":"","ed_cta_demo_hidden":"","why_caption":"","why_editor_title":"","why_editor_text":"","why_team_title":"","why_team_text":"","why_service_title":"","why_service_text":"","template_catalog_visible":"0","template_catalog_title":"","template_catalog_text":"","template_catalog_categories_visible":"","demo_title":"Crea il tuo widget Click to Call","demo_caption":"Configura il tuo Click to Call e aggiungilo gratuitamente al tuo sito iFrame!","default_faq_hidden":"","app_template_category":[],"platform":"54","template_public_id":"","codecanyon_url":"","codecanyon_item_id":"","codecanyon_price":"","pricing_caption":"","pricing_elfsight_apps_hide_column":"","pricing_elfsight_apps_url":"","pricing_codecanyon_price_caption":"","integration_category":[],"integration_request_title":"","integration_request_cta":"","integration_platform":"","integrations":[],"platform_category":[],"video_schema_markup":"","price":"da $ 0 al mese","trial":"","benefits":[{"text":"Aiuto per l'installazione gratuito"},{"text":"Supporto premium"},{"text":"Garanzia di rimborso di 14 giorni"},{"text":"Futuri miglioramenti gratuiti"}],"button_url":"#demo","button_target_blank":"0","button_nofollow":"0","attributes":[{"name":"Installazioni"},{"name":"Reattivo","content":"S\u00cc"},{"name":"Browser compatibili","content":"Firefox, Safari, Opera, Chrome, Edge"}],"tags":[],"tags_disable_links":"0","hide_more_platforms":"0","video_object":"","demo_hide_cta":"0","demo_hide_cloud_options":"0","pricing_title":"","pricing":[{"pricing_icon":"platform","pricing_title":"Elfsight Apps","pricing_title_caption":"Soluzione multipiattaforma che funziona su qualsiasi sito web","pricing_price":"da $ 0 \/ mese","pricing_price_caption":"inizia con il piano gratuito","pricing_benefits":[{"text":"Siti web illimitati"},{"text":"Supporto veloce"},{"text":"Assistenza per l'installazione gratuita"},{"text":"Prezzo speciale per pi\u00f9 app"}],"pricing_button_text":"Aggiungi al sito web","pricing_button_url":"#demo"}],"related_apps_title":"","related_apps_hidden":"0","author":"","image":[],"title":"","job":"","social_networks":[]},"_links":{"self":[{"href":"https:\/\/elfsight.com\/it\/wp-json\/wp\/v2\/pages\/4026","targetHints":{"allow":["GET"]}}],"collection":[{"href":"https:\/\/elfsight.com\/it\/wp-json\/wp\/v2\/pages"}],"about":[{"href":"https:\/\/elfsight.com\/it\/wp-json\/wp\/v2\/types\/page"}],"author":[{"embeddable":true,"href":"https:\/\/elfsight.com\/it\/wp-json\/wp\/v2\/users\/9"}],"replies":[{"embeddable":true,"href":"https:\/\/elfsight.com\/it\/wp-json\/wp\/v2\/comments?post=4026"}],"version-history":[{"count":2,"href":"https:\/\/elfsight.com\/it\/wp-json\/wp\/v2\/pages\/4026\/revisions"}],"predecessor-version":[{"id":9495,"href":"https:\/\/elfsight.com\/it\/wp-json\/wp\/v2\/pages\/4026\/revisions\/9495"}],"up":[{"embeddable":true,"href":"https:\/\/elfsight.com\/it\/wp-json\/wp\/v2\/pages\/1959"}],"wp:attachment":[{"href":"https:\/\/elfsight.com\/it\/wp-json\/wp\/v2\/media?parent=4026"}],"curies":[{"name":"wp","href":"https:\/\/api.w.org\/{rel}","templated":true}]}}