{"id":4021,"date":"2024-05-03T06:32:19","date_gmt":"2024-05-03T06:32:19","guid":{"rendered":"https:\/\/elfsight.com\/it\/?page_id=4021"},"modified":"2025-03-21T06:25:18","modified_gmt":"2025-03-21T06:25:18","slug":"facebook","status":"publish","type":"page","link":"https:\/\/elfsight.com\/it\/click-to-call-widget\/facebook\/","title":{"rendered":"Click to Call &#8211; Facebook Page"},"content":{"rendered":"\n<div class=\"application-platform-content-item-description application-platform-content-item\" id=\"description\" data-nav-section=\"description\"><h2>Descrizione<\/h2><p>Il widget Click To Call per la pagina Facebook \u00e8 uno strumento efficace che consente al pubblico del tuo sito web di contattarti pi\u00f9 rapidamente. I tuoi visitatori potranno telefonarti premendo l&#8217;immagine del telefono sul cellulare e come per il PC, il tuo numero \u00e8 presentato in grassetto per facilitarne la composizione. La bolla stessa e la finestra del quadrante sono estremamente configurabili e ti consentono di creare uno stile davvero esclusivo del plugin. Inoltre, sei libero di modificare tutte le parti del tuo widget per adattarlo perfettamente al design generale del sito web.<\/p><div class=\"faq\" data-component=\"FAQ\"><div class=\"faq-item\">\r\n\t\t\t\t\t<div class=\"faq-item-question\">\r\n\t\t\t\t\t\t<h3 class=\"faq-item-question-text\">Dove posso incorporare il pulsante Click to Call<\/h3>\r\n\r\n\t\t\t\t\t\t<div class=\"faq-item-question-icon\"><\/div>\r\n\t\t\t\t\t<\/div>\r\n\r\n\t\t\t\t\t<div class=\"faq-item-answer\">\r\n\t\t\t\t\t\t<div class=\"faq-item-answer-text\"> <p>Tu puoi selezionare le pagine in cui desideri mostrare la bolla del telefono e inserire i relativi URL nella sezione delle impostazioni. Oppure puoi eliminare pagine precise, anche per URL.<\/p> <\/div>\r\n\t\t\t\t\t<\/div>\r\n\t\t\t\t<\/div><div class=\"faq-item\">\r\n\t\t\t\t\t<div class=\"faq-item-question\">\r\n\t\t\t\t\t\t<h3 class=\"faq-item-question-text\">Come potrei trarre vantaggio dal widget?<\/h3>\r\n\r\n\t\t\t\t\t\t<div class=\"faq-item-question-icon\"><\/div>\r\n\t\t\t\t\t<\/div>\r\n\r\n\t\t\t\t\t<div class=\"faq-item-answer\">\r\n\t\t\t\t\t\t<div class=\"faq-item-answer-text\"> <p>Una semplice chat al telefono aiuta a cambiare pi\u00f9 possibili acquirenti nella realt\u00e0 clienti. Inoltre, chiamate e presentazioni del numero di telefono pi\u00f9 semplici ti consentiranno di chiamarti con la massima facilit\u00e0.<\/p> <\/div>\r\n\t\t\t\t\t<\/div>\r\n\t\t\t\t<\/div> <div class=\"faq-item\">\r\n\t\t\t\t\t<div class=\"faq-item-question\">\r\n\t\t\t\t\t\t<h3 class=\"faq-item-question-text\">Di cosa ho bisogno per incorporare il pulsante Chiama ora nella mia pagina Facebook?<\/h3>\r\n\r\n\t\t\t\t\t\t<div class=\"faq-item-question-icon\"><\/div>\r\n\t\t\t\t\t<\/div>\r\n\r\n\t\t\t\t\t<div class=\"faq-item-answer\">\r\n\t\t\t\t\t\t<div class=\"faq-item-answer-text\"> <p>Tutti voi quello che devi fare \u00e8 progettare il tuo plugin, scegliere i colori e i parametri delle dimensioni, quindi salvarlo e copiare il codice che apparir\u00e0 nella finestra pop up al termine del processo di creazione. Incorpora questo codice nel modello del tuo sito web.<\/p> <\/div>\r\n\t\t\t\t\t<\/div>\r\n\t\t\t\t<\/div> <\/div> <p><b>Rendi semplice un clic per chiamarti dal sito!<\/b><\/p><\/div> <div class=\"application-platform-content-item-features application-platform-content-item\" id=\"features\" data-nav-section=\"features\"><h2>Funzioni<\/h2><p>Per comprendere appieno il pulsante di chiamata, controlla l&#8217;elenco delle funzioni pi\u00f9 importanti. Rendono il nostro widget incredibilmente efficiente per la tua promozione: <\/p><ul><li>Telefonate veloci su dispositivi mobili; <\/li><li>3 opzioni di posizionamento del widget: Mobile a sinistra, Mobile a destra o personalizzato; <\/li><li>L&#8217;opzione di posizionare il widget su pagine particolari o di escludere pagine web; <\/li><li>3 varianti di utenti a cui mostrare il widget: tutti, nuovi e solo di ritorno; <\/li><li> Trigger del widget integrati: tempo trascorso sulla pagina, tempo trascorso sulla pagina, posizione di scorrimento e intento di uscita. <\/li><\/ul><p><a href=\"#demo\">La demo dal vivo ti mostrer\u00e0 tutte le funzionalit\u00e0<\/a><\/p><\/div> <div class=\"application-platform-content-item-installation application-platform-content-item\" id=\"installation\" data-nav-section=\"installation\"><h2>Come aggiungere il pulsante di chiamata alla tua pagina aziendale di Facebook<\/h2><p> Un paio di rapide azioni sono l&#8217;unica cosa che devi fare per aggiungere il widget alla tua pagina.<\/p><ol><li> <b>Utilizza il nostro configuratore gratuito e inizia a creare il tuo plugin personalizzato. <\/b><br> Trova il modulo personalizzato e la funzionalit\u00e0 dello strumento e applica le modifiche. <\/li> <li><b>Copia il codice individuale che viene mostrato nella finestra su Elfsight Apps. <\/b><br> Una volta completata la generazione del tuo strumento personale, copia il codice individuale nella casella visualizzata e conservalo per ulteriori necessit\u00e0. <\/li> <li><b>Inizia ad applicare lo strumento sul tuo sito della Pagina Facebook. <\/b><br> Integra il codice che hai salvato di recente nella tua home page e salva le correzioni. <\/li> <li><b>L&#8217;installazione \u00e8 completamente eseguita. <\/b><br> Vai al tuo sito web per verificare come funziona il plug-in. <\/li><\/ol> <p>Non hai ancora deciso? Oppure hai problemi? Basta una singola richiesta al nostro supporto clienti per risolvere qualsiasi problema.<\/p><\/div>\n","protected":false},"excerpt":{"rendered":"","protected":false},"author":9,"featured_media":0,"parent":1959,"menu_order":0,"comment_status":"closed","ping_status":"closed","template":"templates\/template-application-platform.php","meta":{"publish_to_discourse":"","publish_post_category":"","wpdc_auto_publish_overridden":"","wpdc_topic_tags":"","wpdc_pin_topic":"","wpdc_pin_until":"","discourse_post_id":"","discourse_permalink":"","wpdc_publishing_response":"","wpdc_publishing_error":"","footnotes":""},"class_list":["post-4021","page","type-page","status-publish","hentry"],"yoast_head":"<!-- This site is optimized with the Yoast SEO plugin v25.3.1 - https:\/\/yoast.com\/wordpress\/plugins\/seo\/ -->\n<title>Pulsante di chiamata Facebook | Aggiungi il pulsante Click to Call alla pagina Facebook (2025)<\/title>\n<meta name=\"description\" content=\"Integra un widget Click to Call attivo sul tuo sito della Pagina Facebook. Utilizza una demo gratuita di Elfsight e crea il tuo plugin personalizzato.\" \/>\n<meta name=\"robots\" content=\"index, follow, max-snippet:-1, max-image-preview:large, max-video-preview:-1\" \/>\n<link rel=\"canonical\" href=\"https:\/\/elfsight.com\/it\/click-to-call-widget\/facebook\/\" \/>\n<meta property=\"og:locale\" content=\"it_IT\" \/>\n<meta property=\"og:type\" content=\"article\" \/>\n<meta property=\"og:title\" content=\"Pulsante di chiamata Facebook | Aggiungi il pulsante Click to Call alla pagina Facebook (2025)\" \/>\n<meta property=\"og:description\" content=\"Integra un widget Click to Call attivo sul tuo sito della Pagina Facebook. Utilizza una demo gratuita di Elfsight e crea il tuo plugin personalizzato.\" \/>\n<meta property=\"og:url\" content=\"https:\/\/elfsight.com\/it\/click-to-call-widget\/facebook\/\" \/>\n<meta property=\"og:site_name\" content=\"Elfsight IT\" \/>\n<meta property=\"article:modified_time\" content=\"2025-03-21T06:25:18+00:00\" \/>\n<meta name=\"twitter:card\" content=\"summary_large_image\" \/>\n<meta name=\"twitter:label1\" content=\"Tempo di lettura stimato\" \/>\n\t<meta name=\"twitter:data1\" content=\"3 minuti\" \/>\n<!-- \/ Yoast SEO plugin. -->","yoast_head_json":{"title":"Pulsante di chiamata Facebook | Aggiungi il pulsante Click to Call alla pagina Facebook (2025)","description":"Integra un widget Click to Call attivo sul tuo sito della Pagina Facebook. Utilizza una demo gratuita di Elfsight e crea il tuo plugin personalizzato.","robots":{"index":"index","follow":"follow","max-snippet":"max-snippet:-1","max-image-preview":"max-image-preview:large","max-video-preview":"max-video-preview:-1"},"canonical":"https:\/\/elfsight.com\/it\/click-to-call-widget\/facebook\/","og_locale":"it_IT","og_type":"article","og_title":"Pulsante di chiamata Facebook | Aggiungi il pulsante Click to Call alla pagina Facebook (2025)","og_description":"Integra un widget Click to Call attivo sul tuo sito della Pagina Facebook. Utilizza una demo gratuita di Elfsight e crea il tuo plugin personalizzato.","og_url":"https:\/\/elfsight.com\/it\/click-to-call-widget\/facebook\/","og_site_name":"Elfsight IT","article_modified_time":"2025-03-21T06:25:18+00:00","twitter_card":"summary_large_image","twitter_misc":{"Tempo di lettura stimato":"3 minuti"},"schema":{"@context":"https:\/\/schema.org","@graph":[{"@type":"WebPage","@id":"https:\/\/elfsight.com\/it\/click-to-call-widget\/facebook\/","url":"https:\/\/elfsight.com\/it\/click-to-call-widget\/facebook\/","name":"Pulsante di chiamata Facebook | Aggiungi il pulsante Click to Call alla pagina Facebook (2025)","isPartOf":{"@id":"https:\/\/elfsight.com\/it\/#website"},"datePublished":"2024-05-03T06:32:19+00:00","dateModified":"2025-03-21T06:25:18+00:00","description":"Integra un widget Click to Call attivo sul tuo sito della Pagina Facebook. Utilizza una demo gratuita di Elfsight e crea il tuo plugin personalizzato.","breadcrumb":{"@id":"https:\/\/elfsight.com\/it\/click-to-call-widget\/facebook\/#breadcrumb"},"inLanguage":"it-IT","potentialAction":[{"@type":"ReadAction","target":["https:\/\/elfsight.com\/it\/click-to-call-widget\/facebook\/"]}]},{"@type":"BreadcrumbList","@id":"https:\/\/elfsight.com\/it\/click-to-call-widget\/facebook\/#breadcrumb","itemListElement":[{"@type":"ListItem","position":1,"name":"Home","item":"https:\/\/elfsight.com\/it\/"},{"@type":"ListItem","position":2,"name":"Click to Call","item":"https:\/\/elfsight.com\/it\/click-to-call-widget\/"},{"@type":"ListItem","position":3,"name":"Click to Call &#8211; Facebook Page"}]},{"@type":"WebSite","@id":"https:\/\/elfsight.com\/it\/#website","url":"https:\/\/elfsight.com\/it\/","name":"Elfsight IT","description":"Just another Elfsight Sites site","potentialAction":[{"@type":"SearchAction","target":{"@type":"EntryPoint","urlTemplate":"https:\/\/elfsight.com\/it\/?s={search_term_string}"},"query-input":{"@type":"PropertyValueSpecification","valueRequired":true,"valueName":"search_term_string"}}],"inLanguage":"it-IT"}]}},"meta_box":{"industry":"","seo_heading":"","heading":"","description":"","cta_heading":"","cta_description":"","application":"1958","h1":"Fare clic sul pulsante di chiamata per la pagina Facebook","h1_caption":"Consenti agli utenti di contattarti istantaneamente con un semplice pulsante \"click-to-call\", rendendo pi\u00f9 semplice raggiungere direttamente il sito web della tua pagina Facebook senza sforzo.","application_category":[],"applications_title":"","applications_request_title":"","applications_request_button_text":"","hero_text":"","hero_video":"","hero_video_schema_markup":"","selling_points_title":"","selling_points_caption":"","selling_points":[],"selling_points_cta_text":"","features_title":"","features":"","ed_cta_examples_text":"","ed_cta_examples_hidden":"","ed_cta_demo_text":"","ed_cta_demo_hidden":"","why_caption":"","why_editor_title":"","why_editor_text":"","why_team_title":"","why_team_text":"","why_service_title":"","why_service_text":"","template_catalog_visible":"0","template_catalog_title":"","template_catalog_text":"","template_catalog_categories_visible":"","demo_title":"Crea il tuo widget Click to Call","demo_caption":"Configura il tuo Click to Call e aggiungilo gratuitamente al sito della tua Pagina Facebook!","default_faq_hidden":"","app_template_category":[],"platform":"77","template_public_id":"","codecanyon_url":"","codecanyon_item_id":"","codecanyon_price":"","pricing_caption":"","pricing_elfsight_apps_hide_column":"","pricing_elfsight_apps_url":"","pricing_codecanyon_price_caption":"","integration_category":[],"integration_request_title":"","integration_request_cta":"","integration_platform":"","integrations":[],"platform_category":[],"video_schema_markup":"","price":"da $ 0 al mese","trial":"","benefits":[{"text":"Aiuto per l'installazione gratuito"},{"text":"Assistenza clienti con esperienza"},{"text":"Garanzia di rimborso di 14 giorni"},{"text":"Aggiornamenti futuri"}],"button_url":"#demo","button_target_blank":"0","button_nofollow":"0","attributes":[{"name":"Installazioni"},{"name":"Reattivo","content":"S\u00cc"},{"name":"Browser compatibili","content":"Firefox, Safari, Opera, Chrome, Edge"}],"tags":[],"tags_disable_links":"0","hide_more_platforms":"0","video_object":"","demo_hide_cta":"0","demo_hide_cloud_options":"0","pricing_title":"","pricing":[{"pricing_icon":"platform","pricing_title":"Elfsight Apps","pricing_title_caption":"Software multipiattaforma","pricing_price":"da $ 0 \/ mese","pricing_price_caption":"inizia con il piano gratuito","pricing_benefits":[{"text":"Siti web illimitati"},{"text":"Supporto premium"},{"text":"Supporto gratuito per l'installazione"},{"text":"100% personalizzabile"}],"pricing_button_text":"Aggiungi al sito web","pricing_button_url":"#demo"}],"related_apps_title":"","related_apps_hidden":"0","author":"","image":[],"title":"","job":"","social_networks":[]},"_links":{"self":[{"href":"https:\/\/elfsight.com\/it\/wp-json\/wp\/v2\/pages\/4021","targetHints":{"allow":["GET"]}}],"collection":[{"href":"https:\/\/elfsight.com\/it\/wp-json\/wp\/v2\/pages"}],"about":[{"href":"https:\/\/elfsight.com\/it\/wp-json\/wp\/v2\/types\/page"}],"author":[{"embeddable":true,"href":"https:\/\/elfsight.com\/it\/wp-json\/wp\/v2\/users\/9"}],"replies":[{"embeddable":true,"href":"https:\/\/elfsight.com\/it\/wp-json\/wp\/v2\/comments?post=4021"}],"version-history":[{"count":2,"href":"https:\/\/elfsight.com\/it\/wp-json\/wp\/v2\/pages\/4021\/revisions"}],"predecessor-version":[{"id":9493,"href":"https:\/\/elfsight.com\/it\/wp-json\/wp\/v2\/pages\/4021\/revisions\/9493"}],"up":[{"embeddable":true,"href":"https:\/\/elfsight.com\/it\/wp-json\/wp\/v2\/pages\/1959"}],"wp:attachment":[{"href":"https:\/\/elfsight.com\/it\/wp-json\/wp\/v2\/media?parent=4021"}],"curies":[{"name":"wp","href":"https:\/\/api.w.org\/{rel}","templated":true}]}}