{"id":4013,"date":"2024-05-03T06:32:15","date_gmt":"2024-05-03T06:32:15","guid":{"rendered":"https:\/\/elfsight.com\/it\/?page_id=4013"},"modified":"2025-03-21T06:41:16","modified_gmt":"2025-03-21T06:41:16","slug":"godaddy","status":"publish","type":"page","link":"https:\/\/elfsight.com\/it\/click-to-call-widget\/godaddy\/","title":{"rendered":"Click to Call &#8211; GoDaddy"},"content":{"rendered":"\n<div class=\"application-platform-content-item-description application-platform-content-item\" id=\"description\" data-nav-section=\"description\"> <h2>Incorpora Click to Call su GoDaddy con il widget Elfsight<\/h2> <p>Elfsight Click To Call \u00e8 il plugin pi\u00f9 semplice per il sito, che render\u00e0 pi\u00f9 veloce per i tuoi clienti chiamarti. Sui dispositivi mobili, il plug-in inizia a comporre il numero assegnato quando un utente fa clic sull&#8217;icona del telefono. Sui desktop, facendo clic verr\u00e0 visualizzato il tuo numero di telefono sulla pagina per aiutare gli utenti a comporlo immediatamente. Non solo puoi rivelare il tuo numero, ma anche mostrare la finestra di chiamata in cui gli utenti possono vedere il nome e l&#8217;immagine della persona di contatto e una didascalia. Tutte le parti sono flessibili e consentono di configurarti per ottenere diversi aspetti dell&#8217;interfaccia. C&#8217;\u00e8 anche un&#8217;opzione per scegliere un trigger che attiva la bolla del telefono e selezionare una categoria di pubblico del sito web per la quale verr\u00e0 mostrata. <\/p> <div class=\"faq\" data-component=\"FAQ\"><div class=\"faq-item\">\r\n\t\t\t\t\t<div class=\"faq-item-question\">\r\n\t\t\t\t\t\t<h3 class=\"faq-item-question-text\">Dove posso installarlo sul mio sito web<\/h3>\r\n\r\n\t\t\t\t\t\t<div class=\"faq-item-question-icon\"><\/div>\r\n\t\t\t\t\t<\/div>\r\n\r\n\t\t\t\t\t<div class=\"faq-item-answer\">\r\n\t\t\t\t\t\t<div class=\"faq-item-answer-text\"> <p>Pu\u00f2 essere integrato in qualsiasi pagina del tuo sito cos\u00ec come in tutte le pagine. Nelle impostazioni del plugin, puoi aggiungere gli URL di pagine specifiche in cui desideri posizionare il plugin. Un altro modo \u00e8 utilizzare l&#8217;opzione Escludi e aggiungere gli URL delle pagine in cui \u00e8 necessario limitare la visualizzazione del plug-in. <\/p> <\/div>\r\n\t\t\t\t\t<\/div>\r\n\t\t\t\t<\/div><div class=\"faq-item\">\r\n\t\t\t\t\t<div class=\"faq-item-question\">\r\n\t\t\t\t\t\t<h3 class=\"faq-item-question-text\">Come potrei trarre vantaggio da questo plugin?<\/h3>\r\n\r\n\t\t\t\t\t\t<div class=\"faq-item-question-icon\"><\/div>\r\n\t\t\t\t\t<\/div>\r\n\r\n\t\t\t\t\t<div class=\"faq-item-answer\">\r\n\t\t\t\t\t\t<div class=\"faq-item-answer-text\"> <p>Puoi invogliare pi\u00f9 telefonate da parte dei visitatori del sito web con l&#8217;aiuto di un modo semplice e veloce per telefonarti, senza lasciare il luogo. Ci\u00f2 ti aiuter\u00e0 a ottenere pi\u00f9 conversazioni personali e a trasformare i visitatori in clienti. Inoltre, puoi raccogliere il tuo database di lead. <\/p> <\/div>\r\n\t\t\t\t\t<\/div>\r\n\t\t\t\t<\/div> <div class=\"faq-item\">\r\n\t\t\t\t\t<div class=\"faq-item-question\">\r\n\t\t\t\t\t\t<h3 class=\"faq-item-question-text\">Come faccio a installare Click to Call sul mio sito web GoDaddy?<\/h3>\r\n\r\n\t\t\t\t\t\t<div class=\"faq-item-question-icon\"><\/div>\r\n\t\t\t\t\t<\/div>\r\n\r\n\t\t\t\t\t<div class=\"faq-item-answer\">\r\n\t\t\t\t\t\t<div class=\"faq-item-answer-text\"> <p>Ci vogliono solo un paio di minuti del tuo tempo per l&#8217;attivazione. L&#8217;integrazione \u00e8 estremamente veloce, gratuita e priva di codifica. <\/p> <ol><li>C&#8217;\u00e8 un&#8217;opzione per aggiungere il plugin al sito web tramite il nostro servizio. Basta seguire le istruzioni in questa pagina. <\/li> <li>Il plugin pu\u00f2 essere inserito tramite il nostro servizio o tramite il marketplace. Puoi visualizzare tutti i dettagli di entrambe le varianti e scegliere la tua. <\/li> <\/ol> <\/div>\r\n\t\t\t\t\t<\/div>\r\n\t\t\t\t<\/div> <\/div> <\/div> <div class=\"application-platform-content-item-features application-platform-content-item\" id=\"features\" data-nav-section=\"features\"> <h2>Caratteristiche principali del widget Click to Call<\/h2> <p>Per ottenere una versione completa comprensione di Click to Call, controlla l&#8217;elenco delle funzioni pi\u00f9 importanti. Rendono il nostro plugin incredibilmente efficiente per la tua promozione: <\/p> <ul><li>Telefonate veloci su dispositivi mobili; <\/li> <li>3 opzioni di posizionamento del plugin: Floating a sinistra, Floating a destra o personalizzato; <\/li> <li>L&#8217;opzione di posizionare il plugin su pagine particolari o di escludere pagine web; <\/li> <li>3 varianti di utenti a cui mostrare il plugin: tutti, nuovi e solo di ritorno; <\/li> <li> Trigger del plug-in integrati: tempo trascorso sulla pagina, tempo trascorso sul sito, posizione di scorrimento e intento di uscita. <\/li> <\/ul><p><a href=\"#demo\">La demo dal vivo ti mostrer\u00e0 tutte le funzionalit\u00e0<\/a><\/p> <\/div> <div class=\"application-platform-content-item-installation application-platform-content-item\" id=\"installation\" data-nav-section=\"installation\"> <h2>Come posso incorporare il pulsante Click-to-Call nel mio sito GoDaddy?<\/h2> \n<p> Alcune semplici azioni sono tutto ci\u00f2 che serve per aggiungere il plugin.<\/p>\n<ol>\n<li><b>Usa il nostro configuratore gratuito per iniziare a creare il tuo widget personalizzato.<\/b><br>\nDefinisci l&#8217;aspetto e le funzionalit\u00e0 desiderate dello strumento e applica le modifiche necessarie.<\/li>\n<li><b>Il tuo codice unico ti verr\u00e0 mostrato nella finestra delle App Elfsight.<\/b><br>\nDopo aver personalizzato il widget, copia il codice generato dal popup e salvalo per un utilizzo successivo.<\/li>\n<li><b>Inizia a utilizzare il widget &#8220;Call Me&#8221; sul tuo sito GoDaddy.<\/b><br>\nIncolla il codice copiato nella sezione appropriata del tuo sito web e salva le modifiche.<\/li>\n<li><b>L&#8217;installazione \u00e8 ora completata.<\/b><br>\nVisita la tua pagina per assicurarti che lo strumento funzioni correttamente.<\/li>\n<\/ol>\n<p>Ancora indeciso? O hai qualche problema? Con una semplice richiesta al nostro supporto clienti, ogni problema verr\u00e0 risolto.<\/p>\n<\/div>\n","protected":false},"excerpt":{"rendered":"","protected":false},"author":9,"featured_media":0,"parent":1959,"menu_order":0,"comment_status":"closed","ping_status":"closed","template":"templates\/template-application-platform.php","meta":{"publish_to_discourse":"","publish_post_category":"","wpdc_auto_publish_overridden":"","wpdc_topic_tags":"","wpdc_pin_topic":"","wpdc_pin_until":"","discourse_post_id":"","discourse_permalink":"","wpdc_publishing_response":"","wpdc_publishing_error":"","footnotes":""},"class_list":["post-4013","page","type-page","status-publish","hentry"],"yoast_head":"<!-- This site is optimized with the Yoast SEO plugin v25.3.1 - https:\/\/yoast.com\/wordpress\/plugins\/seo\/ -->\n<title>Plug-in del modulo di contatto: aggiungi il plug-in di consenso sui cookie al sito web di GoDaddy!<\/title>\n<meta name=\"description\" content=\"Aggiungi un attraente plugin per il pulsante Click to Call sul tuo sito web GoDaddy in pochi semplici passaggi! Organizza un canale di comunicazione veloce!\" \/>\n<meta name=\"robots\" content=\"index, follow, max-snippet:-1, max-image-preview:large, max-video-preview:-1\" \/>\n<link rel=\"canonical\" href=\"https:\/\/elfsight.com\/it\/click-to-call-widget\/godaddy\/\" \/>\n<meta property=\"og:locale\" content=\"it_IT\" \/>\n<meta property=\"og:type\" content=\"article\" \/>\n<meta property=\"og:title\" content=\"Plug-in del modulo di contatto: aggiungi il plug-in di consenso sui cookie al sito web di GoDaddy!\" \/>\n<meta property=\"og:description\" content=\"Aggiungi un attraente plugin per il pulsante Click to Call sul tuo sito web GoDaddy in pochi semplici passaggi! Organizza un canale di comunicazione veloce!\" \/>\n<meta property=\"og:url\" content=\"https:\/\/elfsight.com\/it\/click-to-call-widget\/godaddy\/\" \/>\n<meta property=\"og:site_name\" content=\"Elfsight IT\" \/>\n<meta property=\"article:modified_time\" content=\"2025-03-21T06:41:16+00:00\" \/>\n<meta name=\"twitter:card\" content=\"summary_large_image\" \/>\n<meta name=\"twitter:label1\" content=\"Tempo di lettura stimato\" \/>\n\t<meta name=\"twitter:data1\" content=\"4 minuti\" \/>\n<!-- \/ Yoast SEO plugin. -->","yoast_head_json":{"title":"Plug-in del modulo di contatto: aggiungi il plug-in di consenso sui cookie al sito web di GoDaddy!","description":"Aggiungi un attraente plugin per il pulsante Click to Call sul tuo sito web GoDaddy in pochi semplici passaggi! Organizza un canale di comunicazione veloce!","robots":{"index":"index","follow":"follow","max-snippet":"max-snippet:-1","max-image-preview":"max-image-preview:large","max-video-preview":"max-video-preview:-1"},"canonical":"https:\/\/elfsight.com\/it\/click-to-call-widget\/godaddy\/","og_locale":"it_IT","og_type":"article","og_title":"Plug-in del modulo di contatto: aggiungi il plug-in di consenso sui cookie al sito web di GoDaddy!","og_description":"Aggiungi un attraente plugin per il pulsante Click to Call sul tuo sito web GoDaddy in pochi semplici passaggi! Organizza un canale di comunicazione veloce!","og_url":"https:\/\/elfsight.com\/it\/click-to-call-widget\/godaddy\/","og_site_name":"Elfsight IT","article_modified_time":"2025-03-21T06:41:16+00:00","twitter_card":"summary_large_image","twitter_misc":{"Tempo di lettura stimato":"4 minuti"},"schema":{"@context":"https:\/\/schema.org","@graph":[{"@type":"WebPage","@id":"https:\/\/elfsight.com\/it\/click-to-call-widget\/godaddy\/","url":"https:\/\/elfsight.com\/it\/click-to-call-widget\/godaddy\/","name":"Plug-in del modulo di contatto: aggiungi il plug-in di consenso sui cookie al sito web di GoDaddy!","isPartOf":{"@id":"https:\/\/elfsight.com\/it\/#website"},"datePublished":"2024-05-03T06:32:15+00:00","dateModified":"2025-03-21T06:41:16+00:00","description":"Aggiungi un attraente plugin per il pulsante Click to Call sul tuo sito web GoDaddy in pochi semplici passaggi! Organizza un canale di comunicazione veloce!","breadcrumb":{"@id":"https:\/\/elfsight.com\/it\/click-to-call-widget\/godaddy\/#breadcrumb"},"inLanguage":"it-IT","potentialAction":[{"@type":"ReadAction","target":["https:\/\/elfsight.com\/it\/click-to-call-widget\/godaddy\/"]}]},{"@type":"BreadcrumbList","@id":"https:\/\/elfsight.com\/it\/click-to-call-widget\/godaddy\/#breadcrumb","itemListElement":[{"@type":"ListItem","position":1,"name":"Home","item":"https:\/\/elfsight.com\/it\/"},{"@type":"ListItem","position":2,"name":"Click to Call","item":"https:\/\/elfsight.com\/it\/click-to-call-widget\/"},{"@type":"ListItem","position":3,"name":"Click to Call &#8211; GoDaddy"}]},{"@type":"WebSite","@id":"https:\/\/elfsight.com\/it\/#website","url":"https:\/\/elfsight.com\/it\/","name":"Elfsight IT","description":"Just another Elfsight Sites site","potentialAction":[{"@type":"SearchAction","target":{"@type":"EntryPoint","urlTemplate":"https:\/\/elfsight.com\/it\/?s={search_term_string}"},"query-input":{"@type":"PropertyValueSpecification","valueRequired":true,"valueName":"search_term_string"}}],"inLanguage":"it-IT"}]}},"meta_box":{"industry":"","seo_heading":"","heading":"","description":"","cta_heading":"","cta_description":"","application":"1958","h1":"Plug-in Click-to-Call di GoDaddy","h1_caption":"Consenti agli utenti di contattarti istantaneamente con un semplice pulsante \"click-to-call\", rendendo pi\u00f9 semplice raggiungere direttamente il tuo sito web GoDaddy senza sforzo.","application_category":[],"applications_title":"","applications_request_title":"","applications_request_button_text":"","hero_text":"","hero_video":"","hero_video_schema_markup":"","selling_points_title":"","selling_points_caption":"","selling_points":[],"selling_points_cta_text":"","features_title":"","features":"","ed_cta_examples_text":"","ed_cta_examples_hidden":"","ed_cta_demo_text":"","ed_cta_demo_hidden":"","why_caption":"","why_editor_title":"","why_editor_text":"","why_team_title":"","why_team_text":"","why_service_title":"","why_service_text":"","template_catalog_visible":"0","template_catalog_title":"","template_catalog_text":"","template_catalog_categories_visible":"","demo_title":"Crea il tuo plug-in Click to Call","demo_caption":"Configura il tuo Click to Call e aggiungilo gratuitamente al tuo sito web GoDaddy!","default_faq_hidden":"","app_template_category":[],"platform":"53","template_public_id":"","codecanyon_url":"","codecanyon_item_id":"","codecanyon_price":"","pricing_caption":"","pricing_elfsight_apps_hide_column":"","pricing_elfsight_apps_url":"","pricing_codecanyon_price_caption":"","integration_category":[],"integration_request_title":"","integration_request_cta":"","integration_platform":"","integrations":[],"platform_category":[],"video_schema_markup":"","price":"da $ 0 al mese","trial":"","benefits":[{"text":"Servizio di installazione gratuito"},{"text":"Supporto premium"},{"text":"Garanzia di rimborso di 14 giorni"},{"text":"Miglioramenti continui"}],"button_url":"#demo","button_target_blank":"0","button_nofollow":"0","attributes":[{"name":"Installazioni"},{"name":"Reattivo","content":"S\u00cc"},{"name":"Browser compatibili","content":"Firefox, Safari, Opera, Chrome, Edge"}],"tags":[],"tags_disable_links":"0","hide_more_platforms":"0","video_object":"","demo_hide_cta":"0","demo_hide_cloud_options":"0","pricing_title":"","pricing":[{"pricing_icon":"platform","pricing_title":"Elfsight Apps","pricing_title_caption":"Soluzione multipiattaforma","pricing_price":"da $ 0 \/ mese","pricing_price_caption":"inizia con il piano gratuito","pricing_benefits":[{"text":"Siti web illimitati"},{"text":"Supporto premium e ben documentato"},{"text":"Aiuto per l'installazione gratuito"},{"text":"Progettazione flessibile"}],"pricing_button_text":"Aggiungi al sito web","pricing_button_url":"#demo"}],"related_apps_title":"","related_apps_hidden":"0","author":"","image":[],"title":"","job":"","social_networks":[]},"_links":{"self":[{"href":"https:\/\/elfsight.com\/it\/wp-json\/wp\/v2\/pages\/4013","targetHints":{"allow":["GET"]}}],"collection":[{"href":"https:\/\/elfsight.com\/it\/wp-json\/wp\/v2\/pages"}],"about":[{"href":"https:\/\/elfsight.com\/it\/wp-json\/wp\/v2\/types\/page"}],"author":[{"embeddable":true,"href":"https:\/\/elfsight.com\/it\/wp-json\/wp\/v2\/users\/9"}],"replies":[{"embeddable":true,"href":"https:\/\/elfsight.com\/it\/wp-json\/wp\/v2\/comments?post=4013"}],"version-history":[{"count":2,"href":"https:\/\/elfsight.com\/it\/wp-json\/wp\/v2\/pages\/4013\/revisions"}],"predecessor-version":[{"id":9499,"href":"https:\/\/elfsight.com\/it\/wp-json\/wp\/v2\/pages\/4013\/revisions\/9499"}],"up":[{"embeddable":true,"href":"https:\/\/elfsight.com\/it\/wp-json\/wp\/v2\/pages\/1959"}],"wp:attachment":[{"href":"https:\/\/elfsight.com\/it\/wp-json\/wp\/v2\/media?parent=4013"}],"curies":[{"name":"wp","href":"https:\/\/api.w.org\/{rel}","templated":true}]}}