{"id":4012,"date":"2024-05-03T06:32:14","date_gmt":"2024-05-03T06:32:14","guid":{"rendered":"https:\/\/elfsight.com\/it\/?page_id=4012"},"modified":"2024-11-11T11:24:07","modified_gmt":"2024-11-11T11:24:07","slug":"prestashop","status":"publish","type":"page","link":"https:\/\/elfsight.com\/it\/click-to-call-widget\/prestashop\/","title":{"rendered":"Click to Call &#8211; PrestaShop"},"content":{"rendered":"<div class=\"application-platform-content-item-description application-platform-content-item\" id=\"description\" data-nav-section=\"description\"> <h2>Descrizione<\/h2> <p>Click To Call di Elfsight \u00e8 uno strumento che aiuta a rendere estremamente semplice per gli utenti del tuo sito web contattare telefonicamente direttamente dalla pagina web. Un solo clic sull&#8217;icona del telefono avvia una chiamata|compone automaticamente il numero sui dispositivi mobili, mentre sul desktop mostra il numero scelto nella finestra di chiamata, dove puoi anche visualizzare un&#8217;immagine della persona da contattare e un messaggio di testo e didascalia. Per ottenere il funzionamento pi\u00f9 efficiente del widget, puoi selezionare le pagine particolari in cui verr\u00e0 visualizzato, il tipo di utenti che potranno solo vederlo e una condizione di attivazione che ne controller\u00e0 la visualizzazione. <\/p><\/div> <div class=\"application-platform-content-item-features application-platform-content-item\" id=\"features\" data-nav-section=\"features\"> <h2>Ecco le caratteristiche fondamentali del componente aggiuntivo: <\/h2> <ul><li>Mostra il tuo numero di telefono sul sito per comporre facilmente<\/li><li>Chiamata con un clic sui dispositivi mobili<\/li><li>L&#8217;opzione per mostrare la foto e il nome della persona di contatto<\/li><li>Aggiungi una didascalia e un testo alla finestra di chiamata<\/li><li>Mostra il fumetto del telefono con icona e testo<\/li><li>Scegli la dimensione del fumetto del telefono<\/li><li>L&#8217;opzione per modificare il testo del fumetto<\/li><li>Abilita l&#8217;animazione del fumetto icona a forma di fumetto<\/li><li>Tre opzioni per la posizione del widget: mobile a destra o a sinistra o personalizzato<\/li><li>L&#8217;opzione per mostrare il widget sulle pagine selezionate o escludere pagine<\/li><li>Scegliere di abilitare l&#8217;icona widget sia su desktop che su dispositivo mobile<\/li><\/ul><p><a href=\"#demo\">Prova tutte le opzioni di personalizzazione nella demo completa<\/a><\/p> <\/div> <div class=\"application-platform-content-item-installation application-platform-content-item\" id=\"installation\" data-nav-section=\"installation\"> <h2>Come posso incorporare Click to Call nella mia pagina Web PrestaShop? <\/h2> <p>Segui semplicemente le linee guida seguenti per aggiungere il widget. <\/p> <ol><li><b>Utilizza la nostra demo gratuita e inizia a dare forma al tuo componente aggiuntivo personalizzato. <\/b><br> Specifica l&#8217;interfaccia e i parametri desiderati dello strumento e salva le modifiche. <\/li> <li><b>Acquisisci il tuo codice personale che appare nella finestra delle App Elfsight. <\/b><br> Subito dopo aver terminato la configurazione del tuo componente aggiuntivo personale, copia il codice personale nella casella visualizzata e salvalo per un utilizzo successivo. <\/li> <li><b>Inizia a utilizzare il componente aggiuntivo sulla tua home page PrestaShop. <\/b><br> Implementa il codice che hai salvato in precedenza nel tuo sito web e salva le modifiche. <\/li> <li><b>L&#8217;installazione \u00e8 completamente terminata. <\/b><br> Visita il tuo sito per dare un&#8217;occhiata alle prestazioni del componente aggiuntivo. <\/li><\/ol> <p>Se hai domande o incontri difficolt\u00e0, non aver paura di rivolgerti al nostro servizio clienti. Il nostro personale sar\u00e0 felice di risolvere tutti i problemi che potresti avere con lo strumento. <\/p> <div class=\"faq\" data-component=\"FAQ\"> <div class=\"faq-item\">\r\n\t\t\t\t\t<div class=\"faq-item-question\">\r\n\t\t\t\t\t\t<h3 class=\"faq-item-question-text\">Come posso aggiungere Click to call al mio sito web PrestaShop senza competenze di codifica?<\/h3>\r\n\r\n\t\t\t\t\t\t<div class=\"faq-item-question-icon\"><\/div>\r\n\t\t\t\t\t<\/div>\r\n\r\n\t\t\t\t\t<div class=\"faq-item-answer\">\r\n\t\t\t\t\t\t<div class=\"faq-item-answer-text\"> <p>Elfsight fornisce una soluzione SaaS che ti consente di creare tu stesso un widget Click to call, guarda come Il processo \u00e8 semplice: lavora direttamente nell&#8217;editor online per creare un widget Click to call che vorresti vedere sul tuo sito PrestaShop. Scegli uno dei modelli predefiniti e regola le impostazioni Click to call, aggiungi i tuoi contenuti, modifica il layout e la combinazione di colori senza competenze di codifica. Salva il Click to call e copia il suo codice di installazione, che potrai aggiungere facilmente nel tuo sito PrestaShop senza acquistare un abbonamento a pagamento. Con il nostro editor intuitivo qualsiasi utente di Internet pu\u00f2 creare widget Click to call online e incorporarlo facilmente nel proprio sito Web PrestaShop. Non \u00e8 necessario pagare o inserire le credenziali della carta per accedere al servizio. In caso di problemi in qualsiasi momento, non esitate a contattare il nostro team di supporto tecnico.<\/p> <\/div>\r\n\t\t\t\t\t<\/div>\r\n\t\t\t\t<\/div> <\/div> <\/div>","protected":false},"excerpt":{"rendered":"","protected":false},"author":9,"featured_media":0,"parent":1959,"menu_order":0,"comment_status":"closed","ping_status":"closed","template":"templates\/template-application-platform.php","meta":{"publish_to_discourse":"","publish_post_category":"","wpdc_auto_publish_overridden":"","wpdc_topic_tags":"","wpdc_pin_topic":"","wpdc_pin_until":"","discourse_post_id":"","discourse_permalink":"","wpdc_publishing_response":"","wpdc_publishing_error":"","footnotes":""},"class_list":["post-4012","page","type-page","status-publish","hentry"],"yoast_head":"<!-- This site is optimized with the Yoast SEO plugin v25.3.1 - https:\/\/yoast.com\/wordpress\/plugins\/seo\/ -->\n<title>Pulsante Chiama PrestaShop | Aggiunta del componente aggiuntivo Pulsante Click to Call al sito Web [2025]<\/title>\n<meta name=\"description\" content=\"Crea il tuo componente aggiuntivo Click to Call Button e aggiungilo al tuo sito web PrestaShop. Abbiamo un servizio clienti gratuito e altri bonus.\" \/>\n<meta name=\"robots\" content=\"index, follow, max-snippet:-1, max-image-preview:large, max-video-preview:-1\" \/>\n<link rel=\"canonical\" href=\"https:\/\/elfsight.com\/it\/click-to-call-widget\/prestashop\/\" \/>\n<meta property=\"og:locale\" content=\"it_IT\" \/>\n<meta property=\"og:type\" content=\"article\" \/>\n<meta property=\"og:title\" content=\"Pulsante Chiama PrestaShop | Aggiunta del componente aggiuntivo Pulsante Click to Call al sito Web [2025]\" \/>\n<meta property=\"og:description\" content=\"Crea il tuo componente aggiuntivo Click to Call Button e aggiungilo al tuo sito web PrestaShop. Abbiamo un servizio clienti gratuito e altri bonus.\" \/>\n<meta property=\"og:url\" content=\"https:\/\/elfsight.com\/it\/click-to-call-widget\/prestashop\/\" \/>\n<meta property=\"og:site_name\" content=\"Elfsight IT\" \/>\n<meta property=\"article:modified_time\" content=\"2024-11-11T11:24:07+00:00\" \/>\n<meta name=\"twitter:card\" content=\"summary_large_image\" \/>\n<meta name=\"twitter:label1\" content=\"Tempo di lettura stimato\" \/>\n\t<meta name=\"twitter:data1\" content=\"3 minuti\" \/>\n<!-- \/ Yoast SEO plugin. -->","yoast_head_json":{"title":"Pulsante Chiama PrestaShop | Aggiunta del componente aggiuntivo Pulsante Click to Call al sito Web [2025]","description":"Crea il tuo componente aggiuntivo Click to Call Button e aggiungilo al tuo sito web PrestaShop. Abbiamo un servizio clienti gratuito e altri bonus.","robots":{"index":"index","follow":"follow","max-snippet":"max-snippet:-1","max-image-preview":"max-image-preview:large","max-video-preview":"max-video-preview:-1"},"canonical":"https:\/\/elfsight.com\/it\/click-to-call-widget\/prestashop\/","og_locale":"it_IT","og_type":"article","og_title":"Pulsante Chiama PrestaShop | Aggiunta del componente aggiuntivo Pulsante Click to Call al sito Web [2025]","og_description":"Crea il tuo componente aggiuntivo Click to Call Button e aggiungilo al tuo sito web PrestaShop. Abbiamo un servizio clienti gratuito e altri bonus.","og_url":"https:\/\/elfsight.com\/it\/click-to-call-widget\/prestashop\/","og_site_name":"Elfsight IT","article_modified_time":"2024-11-11T11:24:07+00:00","twitter_card":"summary_large_image","twitter_misc":{"Tempo di lettura stimato":"3 minuti"},"schema":{"@context":"https:\/\/schema.org","@graph":[{"@type":"WebPage","@id":"https:\/\/elfsight.com\/it\/click-to-call-widget\/prestashop\/","url":"https:\/\/elfsight.com\/it\/click-to-call-widget\/prestashop\/","name":"Pulsante Chiama PrestaShop | Aggiunta del componente aggiuntivo Pulsante Click to Call al sito Web [2025]","isPartOf":{"@id":"https:\/\/elfsight.com\/it\/#website"},"datePublished":"2024-05-03T06:32:14+00:00","dateModified":"2024-11-11T11:24:07+00:00","description":"Crea il tuo componente aggiuntivo Click to Call Button e aggiungilo al tuo sito web PrestaShop. Abbiamo un servizio clienti gratuito e altri bonus.","breadcrumb":{"@id":"https:\/\/elfsight.com\/it\/click-to-call-widget\/prestashop\/#breadcrumb"},"inLanguage":"it-IT","potentialAction":[{"@type":"ReadAction","target":["https:\/\/elfsight.com\/it\/click-to-call-widget\/prestashop\/"]}]},{"@type":"BreadcrumbList","@id":"https:\/\/elfsight.com\/it\/click-to-call-widget\/prestashop\/#breadcrumb","itemListElement":[{"@type":"ListItem","position":1,"name":"Home","item":"https:\/\/elfsight.com\/it\/"},{"@type":"ListItem","position":2,"name":"Click to Call","item":"https:\/\/elfsight.com\/it\/click-to-call-widget\/"},{"@type":"ListItem","position":3,"name":"Click to Call &#8211; PrestaShop"}]},{"@type":"WebSite","@id":"https:\/\/elfsight.com\/it\/#website","url":"https:\/\/elfsight.com\/it\/","name":"Elfsight IT","description":"Just another Elfsight Sites site","potentialAction":[{"@type":"SearchAction","target":{"@type":"EntryPoint","urlTemplate":"https:\/\/elfsight.com\/it\/?s={search_term_string}"},"query-input":{"@type":"PropertyValueSpecification","valueRequired":true,"valueName":"search_term_string"}}],"inLanguage":"it-IT"}]}},"meta_box":{"industry":"","seo_heading":"","heading":"","description":"","cta_heading":"","cta_description":"","application":"1958","h1":"Pulsante clic-to-chiamata di PrestaShop","h1_caption":"Consenti agli utenti di contattarti istantaneamente con un semplice pulsante click-to-call, rendendo pi\u00f9 semplice raggiungere direttamente il tuo sito web Prestashop senza sforzo.","application_category":[],"applications_title":"","applications_request_title":"","applications_request_button_text":"","hero_text":"","hero_video":"","hero_video_schema_markup":"","selling_points_title":"","selling_points_caption":"","selling_points":[],"selling_points_cta_text":"","features_title":"","features":"","ed_cta_examples_text":"","ed_cta_examples_hidden":"","ed_cta_demo_text":"","ed_cta_demo_hidden":"","why_caption":"","why_editor_title":"","why_editor_text":"","why_team_title":"","why_team_text":"","why_service_title":"","why_service_text":"","template_catalog_visible":"","template_catalog_title":"","template_catalog_text":"","template_catalog_categories_visible":"","demo_title":"Crea il tuo componente aggiuntivo Click to Call","demo_caption":"Configura il tuo Click to Call e aggiungilo gratuitamente al tuo sito PrestaShop!","default_faq_hidden":"","app_template_category":[],"platform":"1023","template_public_id":"","codecanyon_url":"","codecanyon_item_id":"","codecanyon_price":"","pricing_caption":"","pricing_elfsight_apps_hide_column":"","pricing_elfsight_apps_url":"","pricing_codecanyon_price_caption":"","integration_category":[],"integration_request_title":"","integration_request_cta":"","integration_platform":"","integrations":[],"platform_category":[],"video_schema_markup":"","price":"da $ 0 al mese","trial":"","benefits":[{"text":"Servizio clienti professionale"},{"text":"Servizio di installazione gratuito"},{"text":"Garanzia di rimborso di 14 giorni"},{"text":"Sviluppo continuo"}],"button_url":"#demo","button_target_blank":"","button_nofollow":"","attributes":[{"name":"Installazioni"},{"name":"Reattivo","content":"S\u00cc"},{"name":"Browser compatibili","content":"Firefox, Safari, Opera, Chrome, Edge"}],"tags":[],"tags_disable_links":"","hide_more_platforms":"","video_object":"","demo_hide_cta":"","demo_hide_cloud_options":"","pricing_title":"","pricing":[{"pricing_icon":"platform","pricing_title":"Elfsight Apps","pricing_title_caption":"Software indipendente dalla piattaforma adatto a qualsiasi sito web","pricing_price":"da $ 0 \/ mese","pricing_price_caption":"inizia con un piano gratuito","pricing_benefits":[{"text":"Domini illimitati"},{"text":"Assistenza clienti veloce e ben documentata"},{"text":"Servizio di installazione gratuito"},{"text":"Progettazione flessibile"}],"pricing_button_text":"Aggiungi al sito web","pricing_button_url":"#demo"}],"related_apps_title":"","related_apps_hidden":"","author":"","image":[],"title":"","job":"","social_networks":[]},"_links":{"self":[{"href":"https:\/\/elfsight.com\/it\/wp-json\/wp\/v2\/pages\/4012","targetHints":{"allow":["GET"]}}],"collection":[{"href":"https:\/\/elfsight.com\/it\/wp-json\/wp\/v2\/pages"}],"about":[{"href":"https:\/\/elfsight.com\/it\/wp-json\/wp\/v2\/types\/page"}],"author":[{"embeddable":true,"href":"https:\/\/elfsight.com\/it\/wp-json\/wp\/v2\/users\/9"}],"replies":[{"embeddable":true,"href":"https:\/\/elfsight.com\/it\/wp-json\/wp\/v2\/comments?post=4012"}],"version-history":[{"count":1,"href":"https:\/\/elfsight.com\/it\/wp-json\/wp\/v2\/pages\/4012\/revisions"}],"predecessor-version":[{"id":4016,"href":"https:\/\/elfsight.com\/it\/wp-json\/wp\/v2\/pages\/4012\/revisions\/4016"}],"up":[{"embeddable":true,"href":"https:\/\/elfsight.com\/it\/wp-json\/wp\/v2\/pages\/1959"}],"wp:attachment":[{"href":"https:\/\/elfsight.com\/it\/wp-json\/wp\/v2\/media?parent=4012"}],"curies":[{"name":"wp","href":"https:\/\/api.w.org\/{rel}","templated":true}]}}