{"id":4011,"date":"2024-05-03T06:32:13","date_gmt":"2024-05-03T06:32:13","guid":{"rendered":"https:\/\/elfsight.com\/it\/?page_id=4011"},"modified":"2024-11-11T11:21:52","modified_gmt":"2024-11-11T11:21:52","slug":"jimdo","status":"publish","type":"page","link":"https:\/\/elfsight.com\/it\/click-to-call-widget\/jimdo\/","title":{"rendered":"Click to Call &#8211; Jimdo"},"content":{"rendered":"<div class=\"application-platform-content-item-description application-platform-content-item\" id=\"description\" data-nav-section=\"description\"> <h2>Descrizione<\/h2> <p>Click To Call progettato da Elfsight \u00e8 uno strumento che render\u00e0 facile per gli utenti del tuo sito chiamarti al telefono direttamente dalla pagina web. Basta un clic sul fumetto del telefono per avviare automaticamente una chiamata al tuo numero sui dispositivi mobili e, sul desktop, viene visualizzato il tuo numero di telefono nella finestra di chiamata, dove puoi anche mostrare un&#8217;immagine di una persona che comunica e un testo. Per un funzionamento pi\u00f9 efficace del widget, puoi scegliere le pagine particolari in cui apparir\u00e0, il gruppo di visitatori che potrebbero vederlo e un trigger che lo far\u00e0 apparire. <\/p><p><b>Con Click To Call, ottieni una crescita aziendale pi\u00f9 rapida e maggiori vendite <\/b><\/p> <\/div> <div class=\"application-platform-content-item-features application-platform-content-item\" id=\"features\" data-nav-section=\"features\"> <h2>Ecco l&#8217;elenco dei le principali funzionalit\u00e0: <\/h2> <ul><li>Mostra il tuo numero di telefono sul sito per facilitare la composizione<\/li><li>Chiamata con un clic sui dispositivi mobili<\/li><li>L&#8217;opzione per mostrare il tuo contatto foto e nome della persona<\/li><li>Aggiungi una didascalia e un testo alla finestra di chiamata<\/li><li>Mostra il fumetto del telefono con testo e icona<\/li><li>Scegli la dimensione del fumetto del telefono<\/li><li>L&#8217;opzione per modificare il testo della bolla<\/li><li>Abilita l&#8217;animazione dell&#8217;icona della bolla<\/li><li>3 opzioni di posizione del widget: mobile a sinistra o a destra o personalizzata<\/li><li>L&#8217;opzione per mostrare il widget sulle pagine selezionate o escludere pagine<\/li><li>Scegli di abilitare il widget su entrambi, mobile o desktop<\/li><\/ul><p><a href=\" #demo\">Esplora tutte le funzionalit\u00e0 di personalizzazione nella demo completa<\/a><\/p> <\/div> <div class=\"application-platform-content-item-installation application-platform-content-item\" id=\"installation\" data-nav-section=\"installation\"> <h2>Come posso aggiungere Click To Call alla mia pagina web Jimdo? <\/h2> <p>Basta seguire le linee guida riportate di seguito per integrare lo strumento. <\/p> <ol><li><b>Esegui il nostro editor gratuito e inizia a modellare il tuo widget personalizzato. <\/b><br> Determina il design e gli aspetti preferiti del widget e salva le modifiche. <\/li> <li><b>Copia il codice univoco che viene mostrato nel riquadro su Elfsight Apps. <\/b><br> Una volta terminata la creazione del tuo widget, copia il codice individuale dalla finestra visualizzata e conservalo per un utilizzo successivo. <\/li> <li><b>Inizia a utilizzare lo strumento sulla tua pagina web Jimdo. <\/b><br> Integra il codice salvato di recente nella tua pagina e salva i miglioramenti. <\/li> <li><b>L&#8217;installazione \u00e8 stata completata. <\/b><br> Vai alla tua pagina per verificare il rendimento del widget. <\/li><\/ol> <p>In caso di complicazioni, contatta il nostro team di assistenza clienti. I nostri consulenti saranno entusiasti di aiutarti con tutti i problemi che potresti avere con il prodotto. <\/p> <div class=\"faq\" data-component=\"FAQ\"> <div class=\"faq-item\">\r\n\t\t\t\t\t<div class=\"faq-item-question\">\r\n\t\t\t\t\t\t<h3 class=\"faq-item-question-text\">Come posso aggiungere Click to call al mio sito web Jimdo senza competenze di programmazione?<\/h3>\r\n\r\n\t\t\t\t\t\t<div class=\"faq-item-question-icon\"><\/div>\r\n\t\t\t\t\t<\/div>\r\n\r\n\t\t\t\t\t<div class=\"faq-item-answer\">\r\n\t\t\t\t\t\t<div class=\"faq-item-answer-text\"> <p>Elfsight fornisce una soluzione SaaS che ti consente di creare tu stesso un widget Click to call, guarda come Il processo \u00e8 semplice: lavora direttamente nell&#8217;editor online per creare un widget Click to call che vorresti vedere sul tuo sito Jimdo. Scegli uno dei modelli predefiniti e regola le impostazioni Click to call, aggiungi i tuoi contenuti, modifica il layout e i colori senza alcuna competenza di codifica. Salva il Click to call e copia il suo codice di installazione, cos\u00ec potrai aggiungerlo facilmente al tuo sito Jimdo senza acquistare un abbonamento a pagamento. Con il nostro editor intuitivo qualsiasi utente di Internet pu\u00f2 creare widget Click to call online e incorporarlo facilmente nel proprio sito Jimdo. Non \u00e8 necessario pagare o inserire le credenziali della carta per accedere al servizio. In caso di problemi in qualsiasi momento, non esitate a contattare il nostro team di supporto tecnico.<\/p> <\/div>\r\n\t\t\t\t\t<\/div>\r\n\t\t\t\t<\/div> <\/div> <\/div>","protected":false},"excerpt":{"rendered":"","protected":false},"author":9,"featured_media":0,"parent":1959,"menu_order":0,"comment_status":"closed","ping_status":"closed","template":"templates\/template-application-platform.php","meta":{"publish_to_discourse":"","publish_post_category":"","wpdc_auto_publish_overridden":"","wpdc_topic_tags":"","wpdc_pin_topic":"","wpdc_pin_until":"","discourse_post_id":"","discourse_permalink":"","wpdc_publishing_response":"","wpdc_publishing_error":"","footnotes":""},"class_list":["post-4011","page","type-page","status-publish","hentry"],"yoast_head":"<!-- This site is optimized with the Yoast SEO plugin v25.3.1 - https:\/\/yoast.com\/wordpress\/plugins\/seo\/ -->\n<title>Pulsante Chiama Jimdo | Aggiungi il widget del pulsante Clicca per chiamare al sito web [2025]<\/title>\n<meta name=\"description\" content=\"Crea il tuo widget Pulsante Click to Call e aggiungilo al tuo sito Jimdo. Abbiamo un servizio clienti gratuito e altri bonus.\" \/>\n<meta name=\"robots\" content=\"index, follow, max-snippet:-1, max-image-preview:large, max-video-preview:-1\" \/>\n<link rel=\"canonical\" href=\"https:\/\/elfsight.com\/it\/click-to-call-widget\/jimdo\/\" \/>\n<meta property=\"og:locale\" content=\"it_IT\" \/>\n<meta property=\"og:type\" content=\"article\" \/>\n<meta property=\"og:title\" content=\"Pulsante Chiama Jimdo | Aggiungi il widget del pulsante Clicca per chiamare al sito web [2025]\" \/>\n<meta property=\"og:description\" content=\"Crea il tuo widget Pulsante Click to Call e aggiungilo al tuo sito Jimdo. Abbiamo un servizio clienti gratuito e altri bonus.\" \/>\n<meta property=\"og:url\" content=\"https:\/\/elfsight.com\/it\/click-to-call-widget\/jimdo\/\" \/>\n<meta property=\"og:site_name\" content=\"Elfsight IT\" \/>\n<meta property=\"article:modified_time\" content=\"2024-11-11T11:21:52+00:00\" \/>\n<meta name=\"twitter:card\" content=\"summary_large_image\" \/>\n<meta name=\"twitter:label1\" content=\"Tempo di lettura stimato\" \/>\n\t<meta name=\"twitter:data1\" content=\"3 minuti\" \/>\n<!-- \/ Yoast SEO plugin. -->","yoast_head_json":{"title":"Pulsante Chiama Jimdo | Aggiungi il widget del pulsante Clicca per chiamare al sito web [2025]","description":"Crea il tuo widget Pulsante Click to Call e aggiungilo al tuo sito Jimdo. Abbiamo un servizio clienti gratuito e altri bonus.","robots":{"index":"index","follow":"follow","max-snippet":"max-snippet:-1","max-image-preview":"max-image-preview:large","max-video-preview":"max-video-preview:-1"},"canonical":"https:\/\/elfsight.com\/it\/click-to-call-widget\/jimdo\/","og_locale":"it_IT","og_type":"article","og_title":"Pulsante Chiama Jimdo | Aggiungi il widget del pulsante Clicca per chiamare al sito web [2025]","og_description":"Crea il tuo widget Pulsante Click to Call e aggiungilo al tuo sito Jimdo. Abbiamo un servizio clienti gratuito e altri bonus.","og_url":"https:\/\/elfsight.com\/it\/click-to-call-widget\/jimdo\/","og_site_name":"Elfsight IT","article_modified_time":"2024-11-11T11:21:52+00:00","twitter_card":"summary_large_image","twitter_misc":{"Tempo di lettura stimato":"3 minuti"},"schema":{"@context":"https:\/\/schema.org","@graph":[{"@type":"WebPage","@id":"https:\/\/elfsight.com\/it\/click-to-call-widget\/jimdo\/","url":"https:\/\/elfsight.com\/it\/click-to-call-widget\/jimdo\/","name":"Pulsante Chiama Jimdo | Aggiungi il widget del pulsante Clicca per chiamare al sito web [2025]","isPartOf":{"@id":"https:\/\/elfsight.com\/it\/#website"},"datePublished":"2024-05-03T06:32:13+00:00","dateModified":"2024-11-11T11:21:52+00:00","description":"Crea il tuo widget Pulsante Click to Call e aggiungilo al tuo sito Jimdo. Abbiamo un servizio clienti gratuito e altri bonus.","breadcrumb":{"@id":"https:\/\/elfsight.com\/it\/click-to-call-widget\/jimdo\/#breadcrumb"},"inLanguage":"it-IT","potentialAction":[{"@type":"ReadAction","target":["https:\/\/elfsight.com\/it\/click-to-call-widget\/jimdo\/"]}]},{"@type":"BreadcrumbList","@id":"https:\/\/elfsight.com\/it\/click-to-call-widget\/jimdo\/#breadcrumb","itemListElement":[{"@type":"ListItem","position":1,"name":"Home","item":"https:\/\/elfsight.com\/it\/"},{"@type":"ListItem","position":2,"name":"Click to Call","item":"https:\/\/elfsight.com\/it\/click-to-call-widget\/"},{"@type":"ListItem","position":3,"name":"Click to Call &#8211; Jimdo"}]},{"@type":"WebSite","@id":"https:\/\/elfsight.com\/it\/#website","url":"https:\/\/elfsight.com\/it\/","name":"Elfsight IT","description":"Just another Elfsight Sites site","potentialAction":[{"@type":"SearchAction","target":{"@type":"EntryPoint","urlTemplate":"https:\/\/elfsight.com\/it\/?s={search_term_string}"},"query-input":{"@type":"PropertyValueSpecification","valueRequired":true,"valueName":"search_term_string"}}],"inLanguage":"it-IT"}]}},"meta_box":{"industry":"","seo_heading":"","heading":"","description":"","cta_heading":"","cta_description":"","application":"1958","h1":"Jimdo widget Click to Call Button","h1_caption":"Consenti agli utenti di contattarti istantaneamente con un semplice pulsante \"click-to-call\", rendendo pi\u00f9 semplice raggiungere direttamente il tuo sito Jimdo senza sforzo.","application_category":[],"applications_title":"","applications_request_title":"","applications_request_button_text":"","hero_text":"","hero_video":"","hero_video_schema_markup":"","selling_points_title":"","selling_points_caption":"","selling_points":[],"selling_points_cta_text":"","features_title":"","features":"","ed_cta_examples_text":"","ed_cta_examples_hidden":"","ed_cta_demo_text":"","ed_cta_demo_hidden":"","why_caption":"","why_editor_title":"","why_editor_text":"","why_team_title":"","why_team_text":"","why_service_title":"","why_service_text":"","template_catalog_visible":"","template_catalog_title":"","template_catalog_text":"","template_catalog_categories_visible":"","demo_title":"Crea il tuo widget Click to Call","demo_caption":"Configura il tuo Click to Call e aggiungilo gratuitamente al tuo sito Jimdo!","default_faq_hidden":"","app_template_category":[],"platform":"55","template_public_id":"","codecanyon_url":"","codecanyon_item_id":"","codecanyon_price":"","pricing_caption":"","pricing_elfsight_apps_hide_column":"","pricing_elfsight_apps_url":"","pricing_codecanyon_price_caption":"","integration_category":[],"integration_request_title":"","integration_request_cta":"","integration_platform":"","integrations":[],"platform_category":[],"video_schema_markup":"","price":"da $ 0 al mese","trial":"","benefits":[{"text":"Supporto premium"},{"text":"Servizio di installazione gratuito"},{"text":"Garanzia di rimborso di 14 giorni"},{"text":"Sviluppo continuo"}],"button_url":"#demo","button_target_blank":"","button_nofollow":"","attributes":[{"name":"Installazioni"},{"name":"Reattivo","content":"S\u00cc"},{"name":"Browser compatibili","content":"Firefox, Safari, Opera, Chrome, Edge"}],"tags":[],"tags_disable_links":"","hide_more_platforms":"","video_object":"","demo_hide_cta":"","demo_hide_cloud_options":"","pricing_title":"","pricing":[{"pricing_icon":"platform","pricing_title":"Elfsight Apps","pricing_title_caption":"Software multipiattaforma adatto a qualsiasi sito web","pricing_price":"da $ 0 \/ mese","pricing_price_caption":"inizia con un piano gratuito","pricing_benefits":[{"text":"Siti web illimitati"},{"text":"Supporto aziendale veloce"},{"text":"Aiuto per l'installazione gratuito"},{"text":"Progettazione flessibile"}],"pricing_button_text":"Aggiungi al sito web","pricing_button_url":"#demo"}],"related_apps_title":"","related_apps_hidden":"","author":"","image":[],"title":"","job":"","social_networks":[]},"_links":{"self":[{"href":"https:\/\/elfsight.com\/it\/wp-json\/wp\/v2\/pages\/4011","targetHints":{"allow":["GET"]}}],"collection":[{"href":"https:\/\/elfsight.com\/it\/wp-json\/wp\/v2\/pages"}],"about":[{"href":"https:\/\/elfsight.com\/it\/wp-json\/wp\/v2\/types\/page"}],"author":[{"embeddable":true,"href":"https:\/\/elfsight.com\/it\/wp-json\/wp\/v2\/users\/9"}],"replies":[{"embeddable":true,"href":"https:\/\/elfsight.com\/it\/wp-json\/wp\/v2\/comments?post=4011"}],"version-history":[{"count":1,"href":"https:\/\/elfsight.com\/it\/wp-json\/wp\/v2\/pages\/4011\/revisions"}],"predecessor-version":[{"id":4015,"href":"https:\/\/elfsight.com\/it\/wp-json\/wp\/v2\/pages\/4011\/revisions\/4015"}],"up":[{"embeddable":true,"href":"https:\/\/elfsight.com\/it\/wp-json\/wp\/v2\/pages\/1959"}],"wp:attachment":[{"href":"https:\/\/elfsight.com\/it\/wp-json\/wp\/v2\/media?parent=4011"}],"curies":[{"name":"wp","href":"https:\/\/api.w.org\/{rel}","templated":true}]}}