{"id":4002,"date":"2024-05-03T06:31:43","date_gmt":"2024-05-03T06:31:43","guid":{"rendered":"https:\/\/elfsight.com\/it\/?page_id=4002"},"modified":"2025-03-21T11:40:32","modified_gmt":"2025-03-21T11:40:32","slug":"elementor","status":"publish","type":"page","link":"https:\/\/elfsight.com\/it\/button-widget\/elementor\/","title":{"rendered":"Button &#8211; Elementor"},"content":{"rendered":"\n<div class=\"application-platform-content-item-description application-platform-content-item\" id=\"description\" data-nav-section=\"description\"> <h2>Incorpora il pulsante su Elementor con il widget Elfsight<\/h2> <p>Il pulsante \u00e8 un widget per Elementor che ti consente di creare vari pulsanti per molteplici obiettivi sul tuo sito web. Ci sono molte azioni che possono essere intraprese dopo che il visitatore del tuo sito web ha fatto clic sul pulsante. Ad esempio, possono essere inviati a qualche altro sito Web, comporre il proprio numero di telefono, chattare tramite Messenger popolare e altro ancora. Il nostro pulsante \u00e8 straordinariamente personalizzabile: sei libero di utilizzare qualsiasi messaggio, contenuto sopra e sotto il pulsante e modificarne dimensioni e colori. <\/p> <p><b>Applica un pulsante allettante per aumentare le vendite sul tuo sito web, attirare pi\u00f9 nuovi follower sui tuoi social media e molto altro ancora! <\/b><\/p> <\/div> <div class=\"application-platform-content-item-features application-platform-content-item\" id=\"features\" data-nav-section=\"features\"> <h2>Queste sono solo alcune delle numerose funzionalit\u00e0 del widget: <\/h2> <ul><li>Modifica colori e caratteri<\/li><li>Due tipi di posizionamento dei pulsanti: incorporato e mobile<\/li><li>Una possibilit\u00e0 di aggiungere contenuto attorno al pulsante<\/li><li>Puoi occupare due righe<\/li><li>Pi\u00f9 di otto variazioni di scenari dopo un clic<\/li><\/ul><p><a href=\"#demo\">Puoi verificare quanto vale il widget con l&#8217;aiuto della demo<\/a><\/p> <\/div> <div class=\"application-platform-content-item-installation application-platform-content-item\" id=\"installation\" data-nav-section=\"installation\"> <h2>Come posso aggiungere un pulsante sul mio sito Web Elementor? <\/h2> <p>Basta seguire questi passaggi presentati di seguito per integrare lo strumento. <\/p> <ol><li><b>Utilizza la nostra demo gratuita e inizia a dare forma al tuo widget personalizzato. <\/b><br> Scegli il design e le opzioni preferibili del widget e applica le correzioni. <\/li> <li><b>Acquisisci il codice individuale che viene mostrato nella finestra su Elfsight Apps. <\/b><br> Una volta terminata la creazione del tuo plugin personale, copia il codice esclusivo nella casella visualizzata e conservalo per un utilizzo futuro. <\/li> <li><b>Inizia a utilizzare il widget sul tuo sito web Elementor. <\/b><br> Aggiungi il codice salvato in precedenza nella tua home page e salva le modifiche. <\/li> <li><b>Il gioco \u00e8 fatto! L&#8217;incorporamento \u00e8 stato eseguito con successo. <\/b><br> Visita il tuo sito per vedere come funziona il widget. <\/li><\/ol> <p>A condizione di affrontare domande o affrontare eventuali difficolt\u00e0, non aver paura di fare appello al nostro team di supporto. I nostri specialisti non vedono l&#8217;ora di aiutarti con tutti i problemi che potresti avere con il prodotto. <\/p> <div class=\"faq\" data-component=\"FAQ\"><div class=\"faq-item\">\r\n\t\t\t\t\t<div class=\"faq-item-question\">\r\n\t\t\t\t\t\t<h3 class=\"faq-item-question-text\">Come posso aggiungere Button al mio sito Web Elementor senza competenze di codifica?<\/h3>\r\n\r\n\t\t\t\t\t\t<div class=\"faq-item-question-icon\"><\/div>\r\n\t\t\t\t\t<\/div>\r\n\r\n\t\t\t\t\t<div class=\"faq-item-answer\">\r\n\t\t\t\t\t\t<div class=\"faq-item-answer-text\"> <p>Elfsight fornisce una soluzione SaaS che ti consente di creare tu stesso un widget Button, scopri quanto \u00e8 semplice il processo: lavora direttamente nell&#8217;editor online per creare un widget pulsante che vorresti vedere sul tuo sito web Elementor. Scegli uno dei modelli predefiniti e regola le impostazioni del pulsante, aggiungi i tuoi contenuti, modifica il layout e i colori senza alcuna competenza di codifica. Salva il pulsante e copia il suo codice di installazione, che puoi facilmente incorporare nel tuo sito Web Elementor senza la necessit\u00e0 di acquistare un piano a pagamento. Con il nostro editor intuitivo qualsiasi utente di Internet pu\u00f2 creare un widget pulsante online e incorporarlo facilmente nel proprio sito Web Elementor. Non \u00e8 necessario pagare o inserire le credenziali della carta per accedere al servizio. In caso di problemi in qualsiasi momento, non esitare a contattare il nostro team di supporto tecnico.<\/p> <\/div>\r\n\t\t\t\t\t<\/div>\r\n\t\t\t\t<\/div> <\/div><\/div>\n","protected":false},"excerpt":{"rendered":"","protected":false},"author":9,"featured_media":0,"parent":2489,"menu_order":0,"comment_status":"closed","ping_status":"closed","template":"templates\/template-application-platform.php","meta":{"publish_to_discourse":"","publish_post_category":"","wpdc_auto_publish_overridden":"","wpdc_topic_tags":"","wpdc_pin_topic":"","wpdc_pin_until":"","discourse_post_id":"","discourse_permalink":"","wpdc_publishing_response":"","wpdc_publishing_error":"","footnotes":""},"class_list":["post-4002","page","type-page","status-publish","hentry"],"yoast_head":"<!-- This site is optimized with the Yoast SEO plugin v25.3.1 - https:\/\/yoast.com\/wordpress\/plugins\/seo\/ -->\n<title>Widget di creazione pulsanti: aggiungi widget pulsante a Elementor (2025)<\/title>\n<meta name=\"description\" content=\"Prova il widget del pulsante Elfsight per Elementor. Ottieni pi\u00f9 follower, aumenta le vendite e rendi popolare la tua attivit\u00e0 con l&#039;aiuto degli strumenti Elfsight!\" \/>\n<meta name=\"robots\" content=\"index, follow, max-snippet:-1, max-image-preview:large, max-video-preview:-1\" \/>\n<link rel=\"canonical\" href=\"https:\/\/elfsight.com\/it\/button-widget\/elementor\/\" \/>\n<meta property=\"og:locale\" content=\"it_IT\" \/>\n<meta property=\"og:type\" content=\"article\" \/>\n<meta property=\"og:title\" content=\"Widget di creazione pulsanti: aggiungi widget pulsante a Elementor (2025)\" \/>\n<meta property=\"og:description\" content=\"Prova il widget del pulsante Elfsight per Elementor. Ottieni pi\u00f9 follower, aumenta le vendite e rendi popolare la tua attivit\u00e0 con l&#039;aiuto degli strumenti Elfsight!\" \/>\n<meta property=\"og:url\" content=\"https:\/\/elfsight.com\/it\/button-widget\/elementor\/\" \/>\n<meta property=\"og:site_name\" content=\"Elfsight IT\" \/>\n<meta property=\"article:modified_time\" content=\"2025-03-21T11:40:32+00:00\" \/>\n<meta name=\"twitter:card\" content=\"summary_large_image\" \/>\n<meta name=\"twitter:label1\" content=\"Tempo di lettura stimato\" \/>\n\t<meta name=\"twitter:data1\" content=\"3 minuti\" \/>\n<!-- \/ Yoast SEO plugin. -->","yoast_head_json":{"title":"Widget di creazione pulsanti: aggiungi widget pulsante a Elementor (2025)","description":"Prova il widget del pulsante Elfsight per Elementor. Ottieni pi\u00f9 follower, aumenta le vendite e rendi popolare la tua attivit\u00e0 con l'aiuto degli strumenti Elfsight!","robots":{"index":"index","follow":"follow","max-snippet":"max-snippet:-1","max-image-preview":"max-image-preview:large","max-video-preview":"max-video-preview:-1"},"canonical":"https:\/\/elfsight.com\/it\/button-widget\/elementor\/","og_locale":"it_IT","og_type":"article","og_title":"Widget di creazione pulsanti: aggiungi widget pulsante a Elementor (2025)","og_description":"Prova il widget del pulsante Elfsight per Elementor. Ottieni pi\u00f9 follower, aumenta le vendite e rendi popolare la tua attivit\u00e0 con l'aiuto degli strumenti Elfsight!","og_url":"https:\/\/elfsight.com\/it\/button-widget\/elementor\/","og_site_name":"Elfsight IT","article_modified_time":"2025-03-21T11:40:32+00:00","twitter_card":"summary_large_image","twitter_misc":{"Tempo di lettura stimato":"3 minuti"},"schema":{"@context":"https:\/\/schema.org","@graph":[{"@type":"WebPage","@id":"https:\/\/elfsight.com\/it\/button-widget\/elementor\/","url":"https:\/\/elfsight.com\/it\/button-widget\/elementor\/","name":"Widget di creazione pulsanti: aggiungi widget pulsante a Elementor (2025)","isPartOf":{"@id":"https:\/\/elfsight.com\/it\/#website"},"datePublished":"2024-05-03T06:31:43+00:00","dateModified":"2025-03-21T11:40:32+00:00","description":"Prova il widget del pulsante Elfsight per Elementor. Ottieni pi\u00f9 follower, aumenta le vendite e rendi popolare la tua attivit\u00e0 con l'aiuto degli strumenti Elfsight!","breadcrumb":{"@id":"https:\/\/elfsight.com\/it\/button-widget\/elementor\/#breadcrumb"},"inLanguage":"it-IT","potentialAction":[{"@type":"ReadAction","target":["https:\/\/elfsight.com\/it\/button-widget\/elementor\/"]}]},{"@type":"BreadcrumbList","@id":"https:\/\/elfsight.com\/it\/button-widget\/elementor\/#breadcrumb","itemListElement":[{"@type":"ListItem","position":1,"name":"Home","item":"https:\/\/elfsight.com\/it\/"},{"@type":"ListItem","position":2,"name":"Button","item":"https:\/\/elfsight.com\/it\/button-widget\/"},{"@type":"ListItem","position":3,"name":"Button &#8211; Elementor"}]},{"@type":"WebSite","@id":"https:\/\/elfsight.com\/it\/#website","url":"https:\/\/elfsight.com\/it\/","name":"Elfsight IT","description":"Just another Elfsight Sites site","potentialAction":[{"@type":"SearchAction","target":{"@type":"EntryPoint","urlTemplate":"https:\/\/elfsight.com\/it\/?s={search_term_string}"},"query-input":{"@type":"PropertyValueSpecification","valueRequired":true,"valueName":"search_term_string"}}],"inLanguage":"it-IT"}]}},"meta_box":{"industry":"","seo_heading":"","heading":"","description":"","cta_heading":"","cta_description":"","application":"2488","h1":"Widget del pulsante Elementor","h1_caption":"Aggiungi un pulsante di invito all'azione personalizzabile per incoraggiare i clic e guidare i tuoi utenti verso le conversioni nel tuo sito Drupal senza sforzo.","application_category":[],"applications_title":"","applications_request_title":"","applications_request_button_text":"","hero_text":"","hero_video":"","hero_video_schema_markup":"","selling_points_title":"","selling_points_caption":"","selling_points":[],"selling_points_cta_text":"","features_title":"","features":"","ed_cta_examples_text":"","ed_cta_examples_hidden":"","ed_cta_demo_text":"","ed_cta_demo_hidden":"","why_caption":"","why_editor_title":"","why_editor_text":"","why_team_title":"","why_team_text":"","why_service_title":"","why_service_text":"","template_catalog_visible":"0","template_catalog_title":"","template_catalog_text":"","template_catalog_categories_visible":"","demo_title":"Crea il tuo widget Pulsante","demo_caption":"Configura il tuo pulsante e aggiungilo gratuitamente al tuo sito Web Elementor!","default_faq_hidden":"","app_template_category":[],"platform":"68","template_public_id":"","codecanyon_url":"","codecanyon_item_id":"","codecanyon_price":"","pricing_caption":"","pricing_elfsight_apps_hide_column":"","pricing_elfsight_apps_url":"","pricing_codecanyon_price_caption":"","integration_category":[],"integration_request_title":"","integration_request_cta":"","integration_platform":"","integrations":[],"platform_category":[],"video_schema_markup":"","price":"da $ 0 al mese","trial":"","benefits":[{"text":"Assistenza per l'installazione gratuita"},{"text":"Servizio clienti efficace"},{"text":"Garanzia di rimborso di 14 giorni"},{"text":"Aggiornamento costante"}],"button_url":"#demo","button_target_blank":"0","button_nofollow":"0","attributes":[{"name":"Installazioni"},{"name":"Reattivo","content":"S\u00cc"},{"name":"Browser compatibili","content":"Firefox, Safari, Opera, Chrome, Edge"}],"tags":[],"tags_disable_links":"0","hide_more_platforms":"0","video_object":"","demo_hide_cta":"0","demo_hide_cloud_options":"0","pricing_title":"","pricing":[{"pricing_icon":"platform","pricing_title":"Elfsight Apps","pricing_title_caption":"Soluzione digitale indipendente dalla piattaforma che funziona su qualsiasi sito","pricing_price":"da $ 0 \/ mese","pricing_price_caption":"inizia con un piano gratuito","pricing_benefits":[{"text":"Domini illimitati"},{"text":"Assistenza clienti dedicata"},{"text":"Servizio di installazione gratuito"},{"text":"100% personalizzabile"}],"pricing_button_text":"Aggiungi al sito web","pricing_button_url":"#demo"}],"related_apps_title":"","related_apps_hidden":"0","author":"","image":[],"title":"","job":"","social_networks":[]},"_links":{"self":[{"href":"https:\/\/elfsight.com\/it\/wp-json\/wp\/v2\/pages\/4002","targetHints":{"allow":["GET"]}}],"collection":[{"href":"https:\/\/elfsight.com\/it\/wp-json\/wp\/v2\/pages"}],"about":[{"href":"https:\/\/elfsight.com\/it\/wp-json\/wp\/v2\/types\/page"}],"author":[{"embeddable":true,"href":"https:\/\/elfsight.com\/it\/wp-json\/wp\/v2\/users\/9"}],"replies":[{"embeddable":true,"href":"https:\/\/elfsight.com\/it\/wp-json\/wp\/v2\/comments?post=4002"}],"version-history":[{"count":2,"href":"https:\/\/elfsight.com\/it\/wp-json\/wp\/v2\/pages\/4002\/revisions"}],"predecessor-version":[{"id":9634,"href":"https:\/\/elfsight.com\/it\/wp-json\/wp\/v2\/pages\/4002\/revisions\/9634"}],"up":[{"embeddable":true,"href":"https:\/\/elfsight.com\/it\/wp-json\/wp\/v2\/pages\/2489"}],"wp:attachment":[{"href":"https:\/\/elfsight.com\/it\/wp-json\/wp\/v2\/media?parent=4002"}],"curies":[{"name":"wp","href":"https:\/\/api.w.org\/{rel}","templated":true}]}}