{"id":3986,"date":"2024-05-03T06:31:35","date_gmt":"2024-05-03T06:31:35","guid":{"rendered":"https:\/\/elfsight.com\/it\/?page_id=3986"},"modified":"2025-03-21T11:47:03","modified_gmt":"2025-03-21T11:47:03","slug":"opencart","status":"publish","type":"page","link":"https:\/\/elfsight.com\/it\/button-widget\/opencart\/","title":{"rendered":"Button &#8211; OpenCart"},"content":{"rendered":"\n<div class=\"application-platform-content-item-description application-platform-content-item\" id=\"description\" data-nav-section=\"description\"> <h2>Descrizione<\/h2> <p>The Button \u00e8 un&#8217;estensione per OpenCart che ti offre l&#8217;opportunit\u00e0 di creare vari pulsanti per pi\u00f9 obiettivi sul tuo sito web . Ci sono molte azioni che possono essere intraprese non appena il visitatore del tuo sito web fa clic sul pulsante. Ad esempio, possono essere reindirizzati a siti Web di terze parti, comporre il proprio numero di telefono, chattare tramite Messenger popolare e altro ancora. Il pulsante \u00e8 estremamente personalizzabile: sei libero di aggiungere qualsiasi testo e contenuto sopra e sotto il pulsante e regolarne dimensioni e colori. <\/p> <p><b>Utilizza un pulsante accattivante per aumentare le vendite sul tuo sito, attirare pi\u00f9 nuovi abbonati sugli account dei social media e molto altro ancora! <\/b><\/p> <\/div> <div class=\"application-platform-content-item-features application-platform-content-item\" id=\"features\" data-nav-section=\"features\"> <h2>Offrono le funzionalit\u00e0 di estensione pi\u00f9 richieste<\/h2> <ul><li>Cambia colori e caratteri<\/li><li> 2 tipi di posizionamento dei pulsanti: incorporato e mobile<\/li><li>Un&#8217;opzione per aggiungere contenuto attorno al pulsante<\/li><li>Puoi occupare due righe<\/li><li>Sopra otto variazioni di azioni dopo un clic <\/li><\/ul><p><a href=\"#demo\">Puoi sentire le offerte dell&#8217;estensione provando la demo<\/a><\/p> <\/div> <div class=\"application-platform-content-item-installation application-platform-content-item\" id=\"installation\" data-nav-section=\"installation\"> <h2>Come incorporare Button nel mio sito Web OpenCart? <\/h2> <p>Basta applicare le istruzioni seguenti per iniziare a lavorare con l&#8217;estensione. <\/p> <ol><li><b>Apri il nostro configuratore gratuito e inizia a dare forma alla tua estensione unica. <\/b><br> Trova la forma preferibile e i tratti funzionali dell&#8217;estensione e applica le modifiche. <\/li> <li><b>Acquisisci il codice univoco che appare nel riquadro delle App Elfsight. <\/b><br> Una volta completata la creazione del tuo strumento personale, copia il codice personale nella casella visualizzata e conservalo per un utilizzo futuro. <\/li> <li><b>Accedi all&#8217;utilizzo dell&#8217;estensione sul sito OpenCart. <\/b><br> Inserisci il codice salvato di recente nella tua pagina web e salva le modifiche. <\/li> <li><b>Fatto! La configurazione \u00e8 completamente completata. <\/b><br> Vai al tuo sito per vedere in azione il funzionamento del widget. <\/li><\/ol> <p>A condizione di affrontare domande o di incontrare difficolt\u00e0, non esitare a rivolgerti al nostro servizio clienti. I nostri consulenti saranno lieti di aiutarti con tutte le domande che potresti avere sul widget. <\/p> <div class=\"faq\" data-component=\"FAQ\"><div class=\"faq-item\">\r\n\t\t\t\t\t<div class=\"faq-item-question\">\r\n\t\t\t\t\t\t<h3 class=\"faq-item-question-text\">Come posso aggiungere Button al mio sito Web OpenCart senza competenze di codifica?<\/h3>\r\n\r\n\t\t\t\t\t\t<div class=\"faq-item-question-icon\"><\/div>\r\n\t\t\t\t\t<\/div>\r\n\r\n\t\t\t\t\t<div class=\"faq-item-answer\">\r\n\t\t\t\t\t\t<div class=\"faq-item-answer-text\"> <p>Elfsight fornisce una soluzione SaaS che ti consente di creare tu stesso un widget Button, scopri quanto \u00e8 semplice il processo: lavora direttamente nell&#8217;editor online per creare un widget pulsante che vorresti vedere sul tuo sito web OpenCart. Scegli uno dei modelli predefiniti e regola le impostazioni del pulsante, aggiungi i tuoi contenuti, modifica il layout e i colori senza alcuna competenza di codifica. Salva il pulsante e copia il suo codice di installazione, che potrai incollare nel tuo sito OpenCart senza bisogno di acquistare un piano a pagamento. Con il nostro editor intuitivo qualsiasi utente di Internet pu\u00f2 creare un widget pulsante online e incorporarlo facilmente nel proprio sito Web OpenCart. Non \u00e8 necessario pagare n\u00e9 inserire le credenziali della carta per accedere al servizio. In caso di problemi in qualsiasi momento, non esitare a contattare il nostro team di supporto tecnico.<\/p> <\/div>\r\n\t\t\t\t\t<\/div>\r\n\t\t\t\t<\/div> <\/div><\/div>\n","protected":false},"excerpt":{"rendered":"","protected":false},"author":9,"featured_media":0,"parent":2489,"menu_order":0,"comment_status":"closed","ping_status":"closed","template":"templates\/template-application-platform.php","meta":{"publish_to_discourse":"","publish_post_category":"","wpdc_auto_publish_overridden":"","wpdc_topic_tags":"","wpdc_pin_topic":"","wpdc_pin_until":"","discourse_post_id":"","discourse_permalink":"","wpdc_publishing_response":"","wpdc_publishing_error":"","footnotes":""},"class_list":["post-3986","page","type-page","status-publish","hentry"],"yoast_head":"<!-- This site is optimized with the Yoast SEO plugin v25.3.1 - https:\/\/yoast.com\/wordpress\/plugins\/seo\/ -->\n<title>Estensione per la creazione di pulsanti: aggiungi l&#039;estensione pulsante a OpenCart (2025)<\/title>\n<meta name=\"description\" content=\"Prova l&#039;estensione del pulsante Elfsight per OpenCart. Acquisisci nuovi follower, aumenta le vendite e rendi popolare la tua azienda con l&#039;aiuto degli strumenti Elfsight!\" \/>\n<meta name=\"robots\" content=\"index, follow, max-snippet:-1, max-image-preview:large, max-video-preview:-1\" \/>\n<link rel=\"canonical\" href=\"https:\/\/elfsight.com\/it\/button-widget\/opencart\/\" \/>\n<meta property=\"og:locale\" content=\"it_IT\" \/>\n<meta property=\"og:type\" content=\"article\" \/>\n<meta property=\"og:title\" content=\"Estensione per la creazione di pulsanti: aggiungi l&#039;estensione pulsante a OpenCart (2025)\" \/>\n<meta property=\"og:description\" content=\"Prova l&#039;estensione del pulsante Elfsight per OpenCart. Acquisisci nuovi follower, aumenta le vendite e rendi popolare la tua azienda con l&#039;aiuto degli strumenti Elfsight!\" \/>\n<meta property=\"og:url\" content=\"https:\/\/elfsight.com\/it\/button-widget\/opencart\/\" \/>\n<meta property=\"og:site_name\" content=\"Elfsight IT\" \/>\n<meta property=\"article:modified_time\" content=\"2025-03-21T11:47:03+00:00\" \/>\n<meta name=\"twitter:card\" content=\"summary_large_image\" \/>\n<meta name=\"twitter:label1\" content=\"Tempo di lettura stimato\" \/>\n\t<meta name=\"twitter:data1\" content=\"3 minuti\" \/>\n<!-- \/ Yoast SEO plugin. -->","yoast_head_json":{"title":"Estensione per la creazione di pulsanti: aggiungi l'estensione pulsante a OpenCart (2025)","description":"Prova l'estensione del pulsante Elfsight per OpenCart. Acquisisci nuovi follower, aumenta le vendite e rendi popolare la tua azienda con l'aiuto degli strumenti Elfsight!","robots":{"index":"index","follow":"follow","max-snippet":"max-snippet:-1","max-image-preview":"max-image-preview:large","max-video-preview":"max-video-preview:-1"},"canonical":"https:\/\/elfsight.com\/it\/button-widget\/opencart\/","og_locale":"it_IT","og_type":"article","og_title":"Estensione per la creazione di pulsanti: aggiungi l'estensione pulsante a OpenCart (2025)","og_description":"Prova l'estensione del pulsante Elfsight per OpenCart. Acquisisci nuovi follower, aumenta le vendite e rendi popolare la tua azienda con l'aiuto degli strumenti Elfsight!","og_url":"https:\/\/elfsight.com\/it\/button-widget\/opencart\/","og_site_name":"Elfsight IT","article_modified_time":"2025-03-21T11:47:03+00:00","twitter_card":"summary_large_image","twitter_misc":{"Tempo di lettura stimato":"3 minuti"},"schema":{"@context":"https:\/\/schema.org","@graph":[{"@type":"WebPage","@id":"https:\/\/elfsight.com\/it\/button-widget\/opencart\/","url":"https:\/\/elfsight.com\/it\/button-widget\/opencart\/","name":"Estensione per la creazione di pulsanti: aggiungi l'estensione pulsante a OpenCart (2025)","isPartOf":{"@id":"https:\/\/elfsight.com\/it\/#website"},"datePublished":"2024-05-03T06:31:35+00:00","dateModified":"2025-03-21T11:47:03+00:00","description":"Prova l'estensione del pulsante Elfsight per OpenCart. Acquisisci nuovi follower, aumenta le vendite e rendi popolare la tua azienda con l'aiuto degli strumenti Elfsight!","breadcrumb":{"@id":"https:\/\/elfsight.com\/it\/button-widget\/opencart\/#breadcrumb"},"inLanguage":"it-IT","potentialAction":[{"@type":"ReadAction","target":["https:\/\/elfsight.com\/it\/button-widget\/opencart\/"]}]},{"@type":"BreadcrumbList","@id":"https:\/\/elfsight.com\/it\/button-widget\/opencart\/#breadcrumb","itemListElement":[{"@type":"ListItem","position":1,"name":"Home","item":"https:\/\/elfsight.com\/it\/"},{"@type":"ListItem","position":2,"name":"Button","item":"https:\/\/elfsight.com\/it\/button-widget\/"},{"@type":"ListItem","position":3,"name":"Button &#8211; OpenCart"}]},{"@type":"WebSite","@id":"https:\/\/elfsight.com\/it\/#website","url":"https:\/\/elfsight.com\/it\/","name":"Elfsight IT","description":"Just another Elfsight Sites site","potentialAction":[{"@type":"SearchAction","target":{"@type":"EntryPoint","urlTemplate":"https:\/\/elfsight.com\/it\/?s={search_term_string}"},"query-input":{"@type":"PropertyValueSpecification","valueRequired":true,"valueName":"search_term_string"}}],"inLanguage":"it-IT"}]}},"meta_box":{"industry":"","seo_heading":"","heading":"","description":"","cta_heading":"","cta_description":"","application":"2488","h1":"Estensione del pulsante OpenCart","h1_caption":"Aggiungi un pulsante di invito all'azione personalizzabile per incoraggiare i clic e guidare i tuoi utenti verso le conversioni nel tuo sito Web ModX senza sforzo.","application_category":[],"applications_title":"","applications_request_title":"","applications_request_button_text":"","hero_text":"","hero_video":"","hero_video_schema_markup":"","selling_points_title":"","selling_points_caption":"","selling_points":[],"selling_points_cta_text":"","features_title":"","features":"","ed_cta_examples_text":"","ed_cta_examples_hidden":"","ed_cta_demo_text":"","ed_cta_demo_hidden":"","why_caption":"","why_editor_title":"","why_editor_text":"","why_team_title":"","why_team_text":"","why_service_title":"","why_service_text":"","template_catalog_visible":"0","template_catalog_title":"","template_catalog_text":"","template_catalog_categories_visible":"","demo_title":"Crea la tua estensione Button","demo_caption":"Configura il tuo pulsante e aggiungilo gratuitamente al tuo sito Web OpenCart!","default_faq_hidden":"","app_template_category":[],"platform":"41","template_public_id":"","codecanyon_url":"","codecanyon_item_id":"","codecanyon_price":"","pricing_caption":"","pricing_elfsight_apps_hide_column":"","pricing_elfsight_apps_url":"","pricing_codecanyon_price_caption":"","integration_category":[],"integration_request_title":"","integration_request_cta":"","integration_platform":"","integrations":[],"platform_category":[],"video_schema_markup":"","price":"da $ 0 al mese","trial":"","benefits":[{"text":"Servizio di installazione gratuito"},{"text":"Supporto premium"},{"text":"Garanzia di rimborso di 14 giorni"},{"text":"Miglioramenti gratuiti regolari"}],"button_url":"#demo","button_target_blank":"0","button_nofollow":"0","attributes":[{"name":"Installazioni"},{"name":"Reattivo","content":"S\u00cc"},{"name":"Browser compatibili","content":"Edge, Opera, Firefox, Safari, Chrome"}],"tags":[],"tags_disable_links":"0","hide_more_platforms":"0","video_object":"","demo_hide_cta":"0","demo_hide_cloud_options":"0","pricing_title":"","pricing":[{"pricing_icon":"platform","pricing_title":"Elfsight Apps","pricing_title_caption":"Versione multipiattaforma","pricing_price":"da $ 0 \/ mese","pricing_price_caption":"inizia con un piano gratuito","pricing_benefits":[{"text":"Domini illimitati"},{"text":"Supporto dedicato e ben documentato"},{"text":"Servizio di installazione gratuito"},{"text":"Completamente personalizzabile"}],"pricing_button_text":"Aggiungi al sito web","pricing_button_url":"#demo"}],"related_apps_title":"","related_apps_hidden":"0","author":"","image":[],"title":"","job":"","social_networks":[]},"_links":{"self":[{"href":"https:\/\/elfsight.com\/it\/wp-json\/wp\/v2\/pages\/3986","targetHints":{"allow":["GET"]}}],"collection":[{"href":"https:\/\/elfsight.com\/it\/wp-json\/wp\/v2\/pages"}],"about":[{"href":"https:\/\/elfsight.com\/it\/wp-json\/wp\/v2\/types\/page"}],"author":[{"embeddable":true,"href":"https:\/\/elfsight.com\/it\/wp-json\/wp\/v2\/users\/9"}],"replies":[{"embeddable":true,"href":"https:\/\/elfsight.com\/it\/wp-json\/wp\/v2\/comments?post=3986"}],"version-history":[{"count":2,"href":"https:\/\/elfsight.com\/it\/wp-json\/wp\/v2\/pages\/3986\/revisions"}],"predecessor-version":[{"id":9642,"href":"https:\/\/elfsight.com\/it\/wp-json\/wp\/v2\/pages\/3986\/revisions\/9642"}],"up":[{"embeddable":true,"href":"https:\/\/elfsight.com\/it\/wp-json\/wp\/v2\/pages\/2489"}],"wp:attachment":[{"href":"https:\/\/elfsight.com\/it\/wp-json\/wp\/v2\/media?parent=3986"}],"curies":[{"name":"wp","href":"https:\/\/api.w.org\/{rel}","templated":true}]}}