{"id":3981,"date":"2024-05-03T06:31:34","date_gmt":"2024-05-03T06:31:34","guid":{"rendered":"https:\/\/elfsight.com\/it\/?page_id=3981"},"modified":"2026-01-20T13:16:18","modified_gmt":"2026-01-20T13:16:18","slug":"shopify","status":"publish","type":"page","link":"https:\/\/elfsight.com\/it\/button-widget\/shopify\/","title":{"rendered":"Button &#8211; Shopify"},"content":{"rendered":"\n<div class=\"application-platform-content-item-description application-platform-content-item\" id=\"description\" data-nav-section=\"description\"> <h2>Incorpora il pulsante su Shopify con il widget Elfsight<\/h2> <p>The Button \u00e8 un&#8217;app per Shopify che ti consente di creare diversi pulsanti per molteplici scopi sul tuo sito web. Ci sono tantissime azioni che possono essere intraprese dopo che il visitatore del tuo sito web ha fatto clic sul pulsante. Ad esempio, possono essere reindirizzati a qualche pagina di destinazione, comporre un numero, chattare tramite un noto messenger e altro ancora. Il pulsante \u00e8 altamente personalizzabile: sei libero di scrivere qualsiasi testo e contenuto sopra e sotto il pulsante e di modificarne dimensioni e colori. <\/p> <p><b>Utilizza un pulsante allettante per aumentare le vendite sul tuo sito, ottenere pi\u00f9 nuovi follower sui social media e molto altro ancora! <\/b><\/p> <\/div> <div class=\"application-platform-content-item-features application-platform-content-item\" id=\"features\" data-nav-section=\"features\"> <h2>Consulta l&#8217;elenco delle funzionalit\u00e0 pi\u00f9 potenti: <\/h2> <ul><li>Modifica colori e caratteri<\/li><li>2 tipi di layout dei pulsanti: incorporato e mobile<\/li><li>Un&#8217;opportunit\u00e0 per aggiungere contenuti sopra e sotto il pulsante<\/li><li>Puoi occupare due righe<\/li><li>Sopra otto varianti di azioni dopo un clic<\/li><\/ul><p><a href=\"#demo\">Puoi esplorare tutte le funzionalit\u00e0 del widget nella demo in questa pagina<\/a><\/p> <\/div> <div class=\"application-platform-content-item-installazione application-platform-content-item\" id=\"installazione\" data-nav-section=\"installazione\"> <h2>Come aggiungere Button al mio sito Shopify? <\/h2> <div class=\"video-container\">\n<iframe width=\"720\" height=\"405\" src=\"https:\/\/www.youtube.com\/embed\/3xjdd0HxBNo?si=9U-3U6zIM_0F16aO\" frameborder=\"0\" allowfullscreen=\"\"><\/iframe>\n<\/div><p>Segui semplicemente le linee guida seguenti per integrare l&#8217;app. <\/p> <ol><li><b>Utilizza il nostro configuratore gratuito e inizia a dare forma alla tua app personalizzata. <\/b><br> Specifica l&#8217;aspetto e i tratti funzionali desiderati dell&#8217;app e applica le modifiche. <\/li> <li><b>Ricevi il codice personale che appare nel riquadro su Elfsight Apps. <\/b><br> Una volta completata la personalizzazione del tuo strumento, copia il codice esclusivo nella finestra visualizzata e salvalo per occasioni successive. <\/li> <li><b>Inizia ad applicare l&#8217;app sul tuo sito web Shopify. <\/b><br> Aggiungi il codice che hai copiato in precedenza nella tua pagina e salva le modifiche. <\/li> <li><b>Fatto! L&#8217;installazione \u00e8 terminata con successo. <\/b><br> Vai alla tua pagina web per vedere in azione il lavoro dell&#8217;app. <\/li><\/ol> <p>Supponi di dover affrontare alcuni problemi, non aver paura di contattare il nostro team di supporto. I nostri consulenti saranno felici di aiutarti con tutti i problemi che potresti avere con l&#8217;app. <\/p> <div class=\"faq\" data-component=\"FAQ\"><div class=\"faq-item\">\r\n\t\t\t\t\t<div class=\"faq-item-question\">\r\n\t\t\t\t\t\t<h3 class=\"faq-item-question-text\">Come posso aggiungere Button al mio sito Web Shopify senza competenze di programmazione?<\/h3>\r\n\r\n\t\t\t\t\t\t<div class=\"faq-item-question-icon\"><\/div>\r\n\t\t\t\t\t<\/div>\r\n\r\n\t\t\t\t\t<div class=\"faq-item-answer\">\r\n\t\t\t\t\t\t<div class=\"faq-item-answer-text\"> <p>Elfsight fornisce una soluzione SaaS che ti consente di creare tu stesso un widget Button, scopri quanto \u00e8 semplice il processo: lavora direttamente nell&#8217;editor online per creare un widget pulsante che vorresti vedere sul tuo sito web Shopify. Scegli uno dei modelli predefiniti e regola le impostazioni del pulsante, aggiungi i tuoi contenuti, modifica il layout e i colori senza competenze di codifica. Salva il pulsante e copia il suo codice di installazione, cos\u00ec potrai aggiungerlo facilmente al tuo sito Shopify senza dover acquistare un piano a pagamento. Con il nostro editor intuitivo qualsiasi utente di Internet pu\u00f2 creare un widget pulsante online e incorporarlo facilmente nel proprio sito Web Shopify. Non \u00e8 necessario pagare n\u00e9 inserire le credenziali della carta per accedere al servizio. In caso di problemi in qualsiasi momento, non esitare a contattare il nostro team di supporto tecnico.<\/p> <\/div>\r\n\t\t\t\t\t<\/div>\r\n\t\t\t\t<\/div> <\/div><\/div>\n\n\n\n<p><\/p>\n","protected":false},"excerpt":{"rendered":"","protected":false},"author":9,"featured_media":0,"parent":2489,"menu_order":0,"comment_status":"closed","ping_status":"closed","template":"templates\/template-application-platform.php","meta":{"publish_to_discourse":"","publish_post_category":"","wpdc_auto_publish_overridden":"","wpdc_topic_tags":"","wpdc_pin_topic":"","wpdc_pin_until":"","discourse_post_id":"","discourse_permalink":"","wpdc_publishing_response":"","wpdc_publishing_error":"","footnotes":""},"class_list":["post-3981","page","type-page","status-publish","hentry"],"yoast_head":"<!-- This site is optimized with the Yoast SEO plugin v25.3.1 - https:\/\/yoast.com\/wordpress\/plugins\/seo\/ -->\n<title>Widget dell&#039;app pulsante: incorpora il widget dell&#039;app in Shopify ( 2025 )<\/title>\n<meta name=\"description\" content=\"Prova l&#039;app Elfsight Button per Shopify. Acquisisci pi\u00f9 abbonati, aumenta le vendite e rendi la tua attivit\u00e0 ancora pi\u00f9 popolare applicando gli strumenti Elfsight!\" \/>\n<meta name=\"robots\" content=\"index, follow, max-snippet:-1, max-image-preview:large, max-video-preview:-1\" \/>\n<link rel=\"canonical\" href=\"https:\/\/elfsight.com\/it\/button-widget\/shopify\/\" \/>\n<meta property=\"og:locale\" content=\"it_IT\" \/>\n<meta property=\"og:type\" content=\"article\" \/>\n<meta property=\"og:title\" content=\"Widget dell&#039;app pulsante: incorpora il widget dell&#039;app in Shopify ( 2025 )\" \/>\n<meta property=\"og:description\" content=\"Prova l&#039;app Elfsight Button per Shopify. Acquisisci pi\u00f9 abbonati, aumenta le vendite e rendi la tua attivit\u00e0 ancora pi\u00f9 popolare applicando gli strumenti Elfsight!\" \/>\n<meta property=\"og:url\" content=\"https:\/\/elfsight.com\/it\/button-widget\/shopify\/\" \/>\n<meta property=\"og:site_name\" content=\"Elfsight IT\" \/>\n<meta property=\"article:modified_time\" content=\"2026-01-20T13:16:18+00:00\" \/>\n<meta name=\"twitter:card\" content=\"summary_large_image\" \/>\n<meta name=\"twitter:label1\" content=\"Tempo di lettura stimato\" \/>\n\t<meta name=\"twitter:data1\" content=\"3 minuti\" \/>\n<!-- \/ Yoast SEO plugin. -->","yoast_head_json":{"title":"Widget dell'app pulsante: incorpora il widget dell'app in Shopify ( 2025 )","description":"Prova l'app Elfsight Button per Shopify. Acquisisci pi\u00f9 abbonati, aumenta le vendite e rendi la tua attivit\u00e0 ancora pi\u00f9 popolare applicando gli strumenti Elfsight!","robots":{"index":"index","follow":"follow","max-snippet":"max-snippet:-1","max-image-preview":"max-image-preview:large","max-video-preview":"max-video-preview:-1"},"canonical":"https:\/\/elfsight.com\/it\/button-widget\/shopify\/","og_locale":"it_IT","og_type":"article","og_title":"Widget dell'app pulsante: incorpora il widget dell'app in Shopify ( 2025 )","og_description":"Prova l'app Elfsight Button per Shopify. Acquisisci pi\u00f9 abbonati, aumenta le vendite e rendi la tua attivit\u00e0 ancora pi\u00f9 popolare applicando gli strumenti Elfsight!","og_url":"https:\/\/elfsight.com\/it\/button-widget\/shopify\/","og_site_name":"Elfsight IT","article_modified_time":"2026-01-20T13:16:18+00:00","twitter_card":"summary_large_image","twitter_misc":{"Tempo di lettura stimato":"3 minuti"},"schema":{"@context":"https:\/\/schema.org","@graph":[{"@type":"WebPage","@id":"https:\/\/elfsight.com\/it\/button-widget\/shopify\/","url":"https:\/\/elfsight.com\/it\/button-widget\/shopify\/","name":"Widget dell'app pulsante: incorpora il widget dell'app in Shopify ( 2025 )","isPartOf":{"@id":"https:\/\/elfsight.com\/it\/#website"},"datePublished":"2024-05-03T06:31:34+00:00","dateModified":"2026-01-20T13:16:18+00:00","description":"Prova l'app Elfsight Button per Shopify. Acquisisci pi\u00f9 abbonati, aumenta le vendite e rendi la tua attivit\u00e0 ancora pi\u00f9 popolare applicando gli strumenti Elfsight!","breadcrumb":{"@id":"https:\/\/elfsight.com\/it\/button-widget\/shopify\/#breadcrumb"},"inLanguage":"it-IT","potentialAction":[{"@type":"ReadAction","target":["https:\/\/elfsight.com\/it\/button-widget\/shopify\/"]}]},{"@type":"BreadcrumbList","@id":"https:\/\/elfsight.com\/it\/button-widget\/shopify\/#breadcrumb","itemListElement":[{"@type":"ListItem","position":1,"name":"Home","item":"https:\/\/elfsight.com\/it\/"},{"@type":"ListItem","position":2,"name":"Button","item":"https:\/\/elfsight.com\/it\/button-widget\/"},{"@type":"ListItem","position":3,"name":"Button &#8211; Shopify"}]},{"@type":"WebSite","@id":"https:\/\/elfsight.com\/it\/#website","url":"https:\/\/elfsight.com\/it\/","name":"Elfsight IT","description":"Just another Elfsight Sites site","potentialAction":[{"@type":"SearchAction","target":{"@type":"EntryPoint","urlTemplate":"https:\/\/elfsight.com\/it\/?s={search_term_string}"},"query-input":{"@type":"PropertyValueSpecification","valueRequired":true,"valueName":"search_term_string"}}],"inLanguage":"it-IT"}]}},"meta_box":{"industry":"","seo_heading":"","heading":"","description":"","cta_heading":"","cta_description":"","application":"2488","h1":"Applicazione pulsante Shopify","h1_caption":"Aggiungi un pulsante di invito all'azione personalizzabile per incoraggiare i clic e guidare i tuoi utenti verso le conversioni nel tuo sito web Prestashop senza sforzo.","application_category":[],"applications_title":"","applications_request_title":"","applications_request_button_text":"","hero_text":"","hero_video":"","hero_video_schema_markup":"","selling_points_title":"","selling_points_caption":"","selling_points":[],"selling_points_cta_text":"","features_title":"","features":"","ed_cta_examples_text":"","ed_cta_examples_hidden":"","ed_cta_demo_text":"","ed_cta_demo_hidden":"","why_caption":"","why_editor_title":"","why_editor_text":"","why_team_title":"","why_team_text":"","why_service_title":"","why_service_text":"","template_catalog_visible":"0","template_catalog_title":"","template_catalog_text":"","template_catalog_categories_visible":"","demo_title":"Crea la tua app per pulsanti","demo_caption":"Configura il tuo pulsante e aggiungilo gratuitamente al tuo sito Shopify!","default_faq_hidden":"","app_template_category":[],"platform":"42","template_public_id":"","codecanyon_url":"","codecanyon_item_id":"","codecanyon_price":"","pricing_caption":"","pricing_elfsight_apps_hide_column":"","pricing_elfsight_apps_url":"","pricing_codecanyon_price_caption":"","integration_category":[],"integration_request_title":"","integration_request_cta":"","integration_platform":"","integrations":[],"platform_category":[],"video_schema_markup":"","price":"da $ 0 al mese","trial":"","benefits":[{"text":"Aiuto per l'installazione gratuito"},{"text":"Servizio clienti professionale"},{"text":"Garanzia di rimborso di 14 giorni"},{"text":"Miglioramenti gratuiti a vita"}],"button_url":"#demo","button_target_blank":"0","button_nofollow":"0","attributes":[{"name":"Installazioni"},{"name":"Reattivo","content":"S\u00cc"},{"name":"Browser compatibili","content":"Firefox, Safari, Opera, Chrome, Edge"}],"tags":[],"tags_disable_links":"0","hide_more_platforms":"0","video_object":"","demo_hide_cta":"0","demo_hide_cloud_options":"0","pricing_title":"","pricing":[{"pricing_icon":"platform","pricing_title":"Elfsight Apps","pricing_title_caption":"Soluzione digitale multipiattaforma che funziona su qualsiasi sito","pricing_price":"da $ 0 \/ mese","pricing_price_caption":"inizia con un piano gratuito","pricing_benefits":[{"text":"Domini illimitati"},{"text":"Supporto gratuito"},{"text":"Assistenza gratuita per l'installazione"},{"text":"100% personalizzabile"}],"pricing_button_text":"Aggiungi al sito web","pricing_button_url":"#demo"}],"related_apps_title":"","related_apps_hidden":"0","author":"","image":[],"title":"","job":"","social_networks":[]},"_links":{"self":[{"href":"https:\/\/elfsight.com\/it\/wp-json\/wp\/v2\/pages\/3981","targetHints":{"allow":["GET"]}}],"collection":[{"href":"https:\/\/elfsight.com\/it\/wp-json\/wp\/v2\/pages"}],"about":[{"href":"https:\/\/elfsight.com\/it\/wp-json\/wp\/v2\/types\/page"}],"author":[{"embeddable":true,"href":"https:\/\/elfsight.com\/it\/wp-json\/wp\/v2\/users\/9"}],"replies":[{"embeddable":true,"href":"https:\/\/elfsight.com\/it\/wp-json\/wp\/v2\/comments?post=3981"}],"version-history":[{"count":3,"href":"https:\/\/elfsight.com\/it\/wp-json\/wp\/v2\/pages\/3981\/revisions"}],"predecessor-version":[{"id":10592,"href":"https:\/\/elfsight.com\/it\/wp-json\/wp\/v2\/pages\/3981\/revisions\/10592"}],"up":[{"embeddable":true,"href":"https:\/\/elfsight.com\/it\/wp-json\/wp\/v2\/pages\/2489"}],"wp:attachment":[{"href":"https:\/\/elfsight.com\/it\/wp-json\/wp\/v2\/media?parent=3981"}],"curies":[{"name":"wp","href":"https:\/\/api.w.org\/{rel}","templated":true}]}}