{"id":3980,"date":"2024-05-03T06:31:33","date_gmt":"2024-05-03T06:31:33","guid":{"rendered":"https:\/\/elfsight.com\/it\/?page_id=3980"},"modified":"2026-01-19T11:22:35","modified_gmt":"2026-01-19T11:22:35","slug":"squarespace","status":"publish","type":"page","link":"https:\/\/elfsight.com\/it\/button-widget\/squarespace\/","title":{"rendered":"Button &#8211; Squarespace"},"content":{"rendered":"\n<div class=\"application-platform-content-item-description application-platform-content-item\" id=\"description\" data-nav-section=\"description\"> <h2>Incorpora il prodotto sulla piattaforma con il widget Elfsight<\/h2> <p>Elfsight Button \u00e8 un plugin per Squarespace che ti offre l&#8217;opportunit\u00e0 di creare diversi pulsanti per molteplici scopi sul tuo sito. Ci sono molte azioni che possono essere intraprese dopo che il visitatore del tuo sito web ha fatto clic sul pulsante. Ad esempio, possono essere inviati a qualche pagina di destinazione, comporre un numero, chattare in un noto messenger e altro ancora. Il pulsante \u00e8 altamente personalizzabile: puoi utilizzare qualsiasi testo e contenuto attorno al pulsante e modificarne le dimensioni e lo stile. <\/p> <p><b>Utilizza un pulsante accattivante per aumentare le vendite sul tuo sito, attirare pi\u00f9 follower sui social media e molto altro ancora! <\/b><\/p> <\/div> <div class=\"application-platform-content-item-features application-platform-content-item\" id=\"features\" data-nav-section=\"features\"> <h2>Queste sono solo alcune delle potenti funzionalit\u00e0 del plugin: <\/h2> <ul><li>Cambia colori e caratteri<\/li><li>Due tipi di layout dei pulsanti: incorporato e mobile<\/li><li>Un&#8217;opportunit\u00e0 per aggiungere contenuti sopra e sotto il pulsante<\/li><li>Un&#8217;etichetta che pu\u00f2 occupare due righe<\/li><li> Pi\u00f9 di 8 varianti di azioni dopo un clic<\/li><\/ul><p><a href=\"#demo\">Esplora tutte le opzioni di personalizzazione nella demo funzionale al 100%<\/a><\/p> <\/div> <div class=\"application-platform-content-item-installation application-platform-content-item\" id=\"installation\" data-nav-section=\"installation\"> <h2>Come posso aggiungere Button al mio sito web Squarespace? <\/h2> <div class=\"video-container\">\n<iframe width=\"720\" height=\"405\" src=\"https:\/\/www.youtube.com\/embed\/TrUuecJc1Tg?si=AtYhCRwhSkF3ZUh7\" frameborder=\"0\" allowfullscreen=\"\"><\/iframe>\n<\/div><p>Basta seguire le linee guida riportate di seguito per integrare lo strumento. <\/p> <ol><li><b>Apri il nostro editor gratuito e inizia a creare il tuo plugin personalizzato. <\/b><br> Determina il design personalizzato e le caratteristiche del plugin e salva le correzioni. <\/li> <li><b>Acquisisci il tuo codice personale mostrato nell&#8217;apposito modulo su Elfsight Apps. <\/b><br> Subito dopo aver terminato la generazione del plug-in, copia il codice personale nella casella visualizzata e salvalo per un utilizzo futuro. <\/li> <li><b>Accedi utilizzando il plugin sulla tua home page Squarespace. <\/b><br> Inserisci il codice salvato in precedenza nella tua home page e applica le modifiche. <\/li> <li><b>L&#8217;installazione \u00e8 completamente terminata. <\/b><br> Vai al tuo sito web per vedere in azione come funziona lo strumento. <\/li><\/ol> <p>Nel caso in cui dovessi riscontrare delle complicazioni, non esitare a rivolgerti al nostro personale del servizio clienti. Il nostro personale sar\u00e0 entusiasta di risolvere tutti i problemi che potresti avere con il prodotto. <\/p> <div class=\"faq\" data-component=\"FAQ\"><div class=\"faq-item\">\r\n\t\t\t\t\t<div class=\"faq-item-question\">\r\n\t\t\t\t\t\t<h3 class=\"faq-item-question-text\">Come posso aggiungere Button al mio sito web Squarespace senza competenze di programmazione?<\/h3>\r\n\r\n\t\t\t\t\t\t<div class=\"faq-item-question-icon\"><\/div>\r\n\t\t\t\t\t<\/div>\r\n\r\n\t\t\t\t\t<div class=\"faq-item-answer\">\r\n\t\t\t\t\t\t<div class=\"faq-item-answer-text\"> <p>Elfsight fornisce una soluzione SaaS che ti consente di creare tu stesso un widget Button, scopri quanto \u00e8 semplice il processo: lavora direttamente nell&#8217;editor online per creare un widget pulsante che vorresti vedere sul tuo sito web Squarespace. Scegli uno dei modelli predefiniti e regola le impostazioni del pulsante, aggiungi i tuoi contenuti, modifica il layout e i colori senza alcuna competenza di codifica. Salva il pulsante e copia il codice di installazione, che potrai includere facilmente nel tuo sito web Squarespace senza acquistare un piano a pagamento. Con il nostro editor intuitivo qualsiasi utente di Internet pu\u00f2 creare un widget pulsante online e incorporarlo facilmente nel proprio sito web Squarespace. Non \u00e8 necessario pagare n\u00e9 inserire le credenziali della carta per accedere al servizio. In caso di problemi in qualsiasi momento, non esitare a contattare il nostro team di supporto tecnico.<\/p> <\/div>\r\n\t\t\t\t\t<\/div>\r\n\t\t\t\t<\/div> <\/div><\/div>\n","protected":false},"excerpt":{"rendered":"","protected":false},"author":9,"featured_media":0,"parent":2489,"menu_order":0,"comment_status":"closed","ping_status":"closed","template":"templates\/template-application-platform.php","meta":{"publish_to_discourse":"","publish_post_category":"","wpdc_auto_publish_overridden":"","wpdc_topic_tags":"","wpdc_pin_topic":"","wpdc_pin_until":"","discourse_post_id":"","discourse_permalink":"","wpdc_publishing_response":"","wpdc_publishing_error":"","footnotes":""},"class_list":["post-3980","page","type-page","status-publish","hentry"],"yoast_head":"<!-- This site is optimized with the Yoast SEO plugin v25.3.1 - https:\/\/yoast.com\/wordpress\/plugins\/seo\/ -->\n<title>Plug-in per la creazione di pulsanti: aggiungi il plug-in Pulsante a Squarespace ( 2025 )<\/title>\n<meta name=\"description\" content=\"Plug-in pulsante di prova per Squarespace. Acquisisci nuovi follower, aumenta le vendite e raggiungi il successo della tua attivit\u00e0 con l&#039;aiuto degli strumenti Elfsight!\" \/>\n<meta name=\"robots\" content=\"index, follow, max-snippet:-1, max-image-preview:large, max-video-preview:-1\" \/>\n<link rel=\"canonical\" href=\"https:\/\/elfsight.com\/it\/button-widget\/squarespace\/\" \/>\n<meta property=\"og:locale\" content=\"it_IT\" \/>\n<meta property=\"og:type\" content=\"article\" \/>\n<meta property=\"og:title\" content=\"Plug-in per la creazione di pulsanti: aggiungi il plug-in Pulsante a Squarespace ( 2025 )\" \/>\n<meta property=\"og:description\" content=\"Plug-in pulsante di prova per Squarespace. Acquisisci nuovi follower, aumenta le vendite e raggiungi il successo della tua attivit\u00e0 con l&#039;aiuto degli strumenti Elfsight!\" \/>\n<meta property=\"og:url\" content=\"https:\/\/elfsight.com\/it\/button-widget\/squarespace\/\" \/>\n<meta property=\"og:site_name\" content=\"Elfsight IT\" \/>\n<meta property=\"article:modified_time\" content=\"2026-01-19T11:22:35+00:00\" \/>\n<meta name=\"twitter:card\" content=\"summary_large_image\" \/>\n<meta name=\"twitter:label1\" content=\"Tempo di lettura stimato\" \/>\n\t<meta name=\"twitter:data1\" content=\"3 minuti\" \/>\n<!-- \/ Yoast SEO plugin. -->","yoast_head_json":{"title":"Plug-in per la creazione di pulsanti: aggiungi il plug-in Pulsante a Squarespace ( 2025 )","description":"Plug-in pulsante di prova per Squarespace. Acquisisci nuovi follower, aumenta le vendite e raggiungi il successo della tua attivit\u00e0 con l'aiuto degli strumenti Elfsight!","robots":{"index":"index","follow":"follow","max-snippet":"max-snippet:-1","max-image-preview":"max-image-preview:large","max-video-preview":"max-video-preview:-1"},"canonical":"https:\/\/elfsight.com\/it\/button-widget\/squarespace\/","og_locale":"it_IT","og_type":"article","og_title":"Plug-in per la creazione di pulsanti: aggiungi il plug-in Pulsante a Squarespace ( 2025 )","og_description":"Plug-in pulsante di prova per Squarespace. Acquisisci nuovi follower, aumenta le vendite e raggiungi il successo della tua attivit\u00e0 con l'aiuto degli strumenti Elfsight!","og_url":"https:\/\/elfsight.com\/it\/button-widget\/squarespace\/","og_site_name":"Elfsight IT","article_modified_time":"2026-01-19T11:22:35+00:00","twitter_card":"summary_large_image","twitter_misc":{"Tempo di lettura stimato":"3 minuti"},"schema":{"@context":"https:\/\/schema.org","@graph":[{"@type":"WebPage","@id":"https:\/\/elfsight.com\/it\/button-widget\/squarespace\/","url":"https:\/\/elfsight.com\/it\/button-widget\/squarespace\/","name":"Plug-in per la creazione di pulsanti: aggiungi il plug-in Pulsante a Squarespace ( 2025 )","isPartOf":{"@id":"https:\/\/elfsight.com\/it\/#website"},"datePublished":"2024-05-03T06:31:33+00:00","dateModified":"2026-01-19T11:22:35+00:00","description":"Plug-in pulsante di prova per Squarespace. Acquisisci nuovi follower, aumenta le vendite e raggiungi il successo della tua attivit\u00e0 con l'aiuto degli strumenti Elfsight!","breadcrumb":{"@id":"https:\/\/elfsight.com\/it\/button-widget\/squarespace\/#breadcrumb"},"inLanguage":"it-IT","potentialAction":[{"@type":"ReadAction","target":["https:\/\/elfsight.com\/it\/button-widget\/squarespace\/"]}]},{"@type":"BreadcrumbList","@id":"https:\/\/elfsight.com\/it\/button-widget\/squarespace\/#breadcrumb","itemListElement":[{"@type":"ListItem","position":1,"name":"Home","item":"https:\/\/elfsight.com\/it\/"},{"@type":"ListItem","position":2,"name":"Button","item":"https:\/\/elfsight.com\/it\/button-widget\/"},{"@type":"ListItem","position":3,"name":"Button &#8211; Squarespace"}]},{"@type":"WebSite","@id":"https:\/\/elfsight.com\/it\/#website","url":"https:\/\/elfsight.com\/it\/","name":"Elfsight IT","description":"Just another Elfsight Sites site","potentialAction":[{"@type":"SearchAction","target":{"@type":"EntryPoint","urlTemplate":"https:\/\/elfsight.com\/it\/?s={search_term_string}"},"query-input":{"@type":"PropertyValueSpecification","valueRequired":true,"valueName":"search_term_string"}}],"inLanguage":"it-IT"}]}},"meta_box":{"industry":"","seo_heading":"","heading":"","description":"","cta_heading":"","cta_description":"","application":"2488","h1":"Plug-in per pulsanti Squarespace","h1_caption":"Aggiungi un pulsante di invito all'azione personalizzabile per incoraggiare i clic e guidare i tuoi utenti verso le conversioni nel tuo sito web Shopify senza sforzo.","application_category":[],"applications_title":"","applications_request_title":"","applications_request_button_text":"","hero_text":"","hero_video":"","hero_video_schema_markup":"","selling_points_title":"","selling_points_caption":"","selling_points":[],"selling_points_cta_text":"","features_title":"","features":"","ed_cta_examples_text":"","ed_cta_examples_hidden":"","ed_cta_demo_text":"","ed_cta_demo_hidden":"","why_caption":"","why_editor_title":"","why_editor_text":"","why_team_title":"","why_team_text":"","why_service_title":"","why_service_text":"","template_catalog_visible":"0","template_catalog_title":"","template_catalog_text":"","template_catalog_categories_visible":"","demo_title":"Crea il tuo plugin per i pulsanti","demo_caption":"Configura il tuo pulsante e aggiungilo gratuitamente al tuo sito web Squarespace!","default_faq_hidden":"","app_template_category":[],"platform":"43","template_public_id":"","codecanyon_url":"","codecanyon_item_id":"","codecanyon_price":"","pricing_caption":"","pricing_elfsight_apps_hide_column":"","pricing_elfsight_apps_url":"","pricing_codecanyon_price_caption":"","integration_category":[],"integration_request_title":"","integration_request_cta":"","integration_platform":"","integrations":[],"platform_category":[],"video_schema_markup":"","price":"da $ 0 al mese","trial":"","benefits":[{"text":"Aiuto per l'installazione gratuito"},{"text":"Servizio clienti professionale"},{"text":"Garanzia di rimborso di 14 giorni"},{"text":"Sviluppo continuo"}],"button_url":"#demo","button_target_blank":"0","button_nofollow":"0","attributes":[{"name":"Installazioni"},{"name":"Reattivo","content":"S\u00cc"},{"name":"Browser compatibili","content":"Firefox, Safari, Opera, Chrome, Edge"}],"tags":[],"tags_disable_links":"0","hide_more_platforms":"0","video_object":"","demo_hide_cta":"0","demo_hide_cloud_options":"0","pricing_title":"","pricing":[{"pricing_icon":"platform","pricing_title":"Elfsight Apps","pricing_title_caption":"Versione multipiattaforma che funziona su qualsiasi sito web","pricing_price":"da $ 0 \/ mese","pricing_price_caption":"inizia con un piano gratuito","pricing_benefits":[{"text":"Domini illimitati"},{"text":"Supporto professionale e puntuale e ben documentato"},{"text":"Servizio di installazione gratuito"},{"text":"100% personalizzabile"}],"pricing_button_text":"Aggiungi al sito web","pricing_button_url":"#demo"}],"related_apps_title":"","related_apps_hidden":"0","author":"","image":[],"title":"","job":"","social_networks":[]},"_links":{"self":[{"href":"https:\/\/elfsight.com\/it\/wp-json\/wp\/v2\/pages\/3980","targetHints":{"allow":["GET"]}}],"collection":[{"href":"https:\/\/elfsight.com\/it\/wp-json\/wp\/v2\/pages"}],"about":[{"href":"https:\/\/elfsight.com\/it\/wp-json\/wp\/v2\/types\/page"}],"author":[{"embeddable":true,"href":"https:\/\/elfsight.com\/it\/wp-json\/wp\/v2\/users\/9"}],"replies":[{"embeddable":true,"href":"https:\/\/elfsight.com\/it\/wp-json\/wp\/v2\/comments?post=3980"}],"version-history":[{"count":3,"href":"https:\/\/elfsight.com\/it\/wp-json\/wp\/v2\/pages\/3980\/revisions"}],"predecessor-version":[{"id":10589,"href":"https:\/\/elfsight.com\/it\/wp-json\/wp\/v2\/pages\/3980\/revisions\/10589"}],"up":[{"embeddable":true,"href":"https:\/\/elfsight.com\/it\/wp-json\/wp\/v2\/pages\/2489"}],"wp:attachment":[{"href":"https:\/\/elfsight.com\/it\/wp-json\/wp\/v2\/media?parent=3980"}],"curies":[{"name":"wp","href":"https:\/\/api.w.org\/{rel}","templated":true}]}}