{"id":3979,"date":"2024-05-03T06:31:32","date_gmt":"2024-05-03T06:31:32","guid":{"rendered":"https:\/\/elfsight.com\/it\/?page_id=3979"},"modified":"2025-03-21T11:49:58","modified_gmt":"2025-03-21T11:49:58","slug":"webflow","status":"publish","type":"page","link":"https:\/\/elfsight.com\/it\/button-widget\/webflow\/","title":{"rendered":"Button &#8211; Webflow"},"content":{"rendered":"\n<div class=\"application-platform-content-item-description application-platform-content-item\" id=\"description\" data-nav-section=\"description\"> <h2>Incorpora il pulsante su Webflow con il widget Elfsight<\/h2> <p>Elfsight Button \u00e8 un widget per Webflow che ti d\u00e0 la possibilit\u00e0 di creare vari pulsanti per scopi diversi sul tuo sito. Ci sono tantissime azioni che possono essere intraprese non appena il visitatore del tuo sito web fa clic sul pulsante. Ad esempio, possono essere inviati a siti Web di terze parti, comporre un numero, comunicare tramite Messenger popolare e altro ancora. Il nostro pulsante \u00e8 altamente personalizzabile: puoi utilizzare qualsiasi testo e contenuto sopra e sotto il pulsante e regolarne dimensioni e colori. <\/p> <p><b>Utilizza un pulsante allettante per aumentare le vendite sul tuo sito web, ottenere pi\u00f9 nuovi abbonati sugli account dei social media e molto altro ancora! <\/b><\/p> <\/div> <div class=\"application-platform-content-item-features application-platform-content-item\" id=\"features\" data-nav-section=\"features\"> <h2>Di seguito trovi le caratteristiche fondamentali del widget: <\/h2> <ul><li>Modifica colori e caratteri<\/li><li>Due varianti del layout dei pulsanti: incorporato e mobile<\/li><li>Un&#8217;opportunit\u00e0 per aggiungere contenuti attorno al pulsante<\/li><li>Puoi occupare 2 righe<\/li><li>Sopra otto varianti di scenari dopo un clic<\/li><\/ul><p><a href=\"#demo\">Prova semplicemente questa demo per vedere quanto vale il widget<\/a><\/p> <\/div> <div class=\"application-platform-content-item-installazione application-platform-content-item\" id=\"installazione\" data-nav-section=\"installazione\"> <h2>Come posso incorporare Button nel mio sito Webflow? <\/h2> <p>Basta applicare le istruzioni seguenti per integrare il widget. <\/p> <ol><li><b>Utilizza il nostro editor gratuito e inizia a creare il tuo widget. <\/b><br> Trova il design e gli aspetti selezionati del widget e salva le correzioni. <\/li> <li><b>Ricevi il tuo codice personale rivelato nell&#8217;apposito modulo su Elfsight Apps. <\/b><br> Non appena terminata la personalizzazione del tuo strumento personale, copia il codice individuale nella finestra emersa e salvalo per occasioni future. <\/li> <li><b>Accedi utilizzando lo strumento sul sito Web Webflow. <\/b><br> Aggiungi il codice che hai copiato in precedenza nella tua home page e applica le modifiche. <\/li> <li><b>Il gioco \u00e8 fatto! L&#8217;incorporamento \u00e8 stato eseguito con successo. <\/b><br> Visita il tuo sito per verificare le prestazioni dello strumento. <\/li><\/ol> <p>In caso di problemi, non esitare a contattare il nostro team di supporto. I nostri consulenti sono ansiosi di risolvere tutti i problemi che potresti avere con il widget. <\/p> <div class=\"faq\" data-component=\"FAQ\"><div class=\"faq-item\">\r\n\t\t\t\t\t<div class=\"faq-item-question\">\r\n\t\t\t\t\t\t<h3 class=\"faq-item-question-text\">Come posso aggiungere Button al mio sito web Webflow senza competenze di codifica?<\/h3>\r\n\r\n\t\t\t\t\t\t<div class=\"faq-item-question-icon\"><\/div>\r\n\t\t\t\t\t<\/div>\r\n\r\n\t\t\t\t\t<div class=\"faq-item-answer\">\r\n\t\t\t\t\t\t<div class=\"faq-item-answer-text\"> <p>Elfsight fornisce una soluzione SaaS che ti consente di creare tu stesso un widget Button, scopri quanto \u00e8 semplice il processo: lavora direttamente nell&#8217;editor online per creare un widget pulsante che vorresti vedere sul tuo sito web Webflow. Scegli uno dei modelli predefiniti e regola le impostazioni del pulsante, aggiungi i tuoi contenuti, modifica il layout e i colori senza alcuna competenza di codifica. Salva il pulsante e copia il suo codice di installazione, che potrai semplicemente aggiungere nel tuo sito Webflow senza bisogno di acquistare una versione a pagamento. Con il nostro editor intuitivo qualsiasi utente di Internet pu\u00f2 creare un widget pulsante online e incorporarlo facilmente nel proprio sito Web Webflow. Non \u00e8 necessario pagare o inserire le credenziali della carta per accedere al servizio. In caso di problemi in qualsiasi momento, non esitare a contattare il nostro team di supporto tecnico.<\/p> <\/div>\r\n\t\t\t\t\t<\/div>\r\n\t\t\t\t<\/div> <\/div><\/div>\n","protected":false},"excerpt":{"rendered":"","protected":false},"author":9,"featured_media":0,"parent":2489,"menu_order":0,"comment_status":"closed","ping_status":"closed","template":"templates\/template-application-platform.php","meta":{"publish_to_discourse":"","publish_post_category":"","wpdc_auto_publish_overridden":"","wpdc_topic_tags":"","wpdc_pin_topic":"","wpdc_pin_until":"","discourse_post_id":"","discourse_permalink":"","wpdc_publishing_response":"","wpdc_publishing_error":"","footnotes":""},"class_list":["post-3979","page","type-page","status-publish","hentry"],"yoast_head":"<!-- This site is optimized with the Yoast SEO plugin v25.3.1 - https:\/\/yoast.com\/wordpress\/plugins\/seo\/ -->\n<title>Widget di creazione pulsanti: aggiungi widget pulsante a Webflow (2025)<\/title>\n<meta name=\"description\" content=\"Utilizza il nuovo widget Pulsante Elfsight per Webflow. Ottieni nuovi follower, aumenta le vendite e rendi il tuo business di successo con gli strumenti Elfsight!\" \/>\n<meta name=\"robots\" content=\"index, follow, max-snippet:-1, max-image-preview:large, max-video-preview:-1\" \/>\n<link rel=\"canonical\" href=\"https:\/\/elfsight.com\/it\/button-widget\/webflow\/\" \/>\n<meta property=\"og:locale\" content=\"it_IT\" \/>\n<meta property=\"og:type\" content=\"article\" \/>\n<meta property=\"og:title\" content=\"Widget di creazione pulsanti: aggiungi widget pulsante a Webflow (2025)\" \/>\n<meta property=\"og:description\" content=\"Utilizza il nuovo widget Pulsante Elfsight per Webflow. Ottieni nuovi follower, aumenta le vendite e rendi il tuo business di successo con gli strumenti Elfsight!\" \/>\n<meta property=\"og:url\" content=\"https:\/\/elfsight.com\/it\/button-widget\/webflow\/\" \/>\n<meta property=\"og:site_name\" content=\"Elfsight IT\" \/>\n<meta property=\"article:modified_time\" content=\"2025-03-21T11:49:58+00:00\" \/>\n<meta name=\"twitter:card\" content=\"summary_large_image\" \/>\n<meta name=\"twitter:label1\" content=\"Tempo di lettura stimato\" \/>\n\t<meta name=\"twitter:data1\" content=\"3 minuti\" \/>\n<!-- \/ Yoast SEO plugin. -->","yoast_head_json":{"title":"Widget di creazione pulsanti: aggiungi widget pulsante a Webflow (2025)","description":"Utilizza il nuovo widget Pulsante Elfsight per Webflow. Ottieni nuovi follower, aumenta le vendite e rendi il tuo business di successo con gli strumenti Elfsight!","robots":{"index":"index","follow":"follow","max-snippet":"max-snippet:-1","max-image-preview":"max-image-preview:large","max-video-preview":"max-video-preview:-1"},"canonical":"https:\/\/elfsight.com\/it\/button-widget\/webflow\/","og_locale":"it_IT","og_type":"article","og_title":"Widget di creazione pulsanti: aggiungi widget pulsante a Webflow (2025)","og_description":"Utilizza il nuovo widget Pulsante Elfsight per Webflow. Ottieni nuovi follower, aumenta le vendite e rendi il tuo business di successo con gli strumenti Elfsight!","og_url":"https:\/\/elfsight.com\/it\/button-widget\/webflow\/","og_site_name":"Elfsight IT","article_modified_time":"2025-03-21T11:49:58+00:00","twitter_card":"summary_large_image","twitter_misc":{"Tempo di lettura stimato":"3 minuti"},"schema":{"@context":"https:\/\/schema.org","@graph":[{"@type":"WebPage","@id":"https:\/\/elfsight.com\/it\/button-widget\/webflow\/","url":"https:\/\/elfsight.com\/it\/button-widget\/webflow\/","name":"Widget di creazione pulsanti: aggiungi widget pulsante a Webflow (2025)","isPartOf":{"@id":"https:\/\/elfsight.com\/it\/#website"},"datePublished":"2024-05-03T06:31:32+00:00","dateModified":"2025-03-21T11:49:58+00:00","description":"Utilizza il nuovo widget Pulsante Elfsight per Webflow. Ottieni nuovi follower, aumenta le vendite e rendi il tuo business di successo con gli strumenti Elfsight!","breadcrumb":{"@id":"https:\/\/elfsight.com\/it\/button-widget\/webflow\/#breadcrumb"},"inLanguage":"it-IT","potentialAction":[{"@type":"ReadAction","target":["https:\/\/elfsight.com\/it\/button-widget\/webflow\/"]}]},{"@type":"BreadcrumbList","@id":"https:\/\/elfsight.com\/it\/button-widget\/webflow\/#breadcrumb","itemListElement":[{"@type":"ListItem","position":1,"name":"Home","item":"https:\/\/elfsight.com\/it\/"},{"@type":"ListItem","position":2,"name":"Button","item":"https:\/\/elfsight.com\/it\/button-widget\/"},{"@type":"ListItem","position":3,"name":"Button &#8211; Webflow"}]},{"@type":"WebSite","@id":"https:\/\/elfsight.com\/it\/#website","url":"https:\/\/elfsight.com\/it\/","name":"Elfsight IT","description":"Just another Elfsight Sites site","potentialAction":[{"@type":"SearchAction","target":{"@type":"EntryPoint","urlTemplate":"https:\/\/elfsight.com\/it\/?s={search_term_string}"},"query-input":{"@type":"PropertyValueSpecification","valueRequired":true,"valueName":"search_term_string"}}],"inLanguage":"it-IT"}]}},"meta_box":{"industry":"","seo_heading":"","heading":"","description":"","cta_heading":"","cta_description":"","application":"2488","h1":"Widget del pulsante del flusso Web","h1_caption":"Aggiungi un pulsante di invito all'azione personalizzabile per incoraggiare i clic e guidare i tuoi utenti verso le conversioni nel tuo sito web Squarespace senza sforzo.","application_category":[],"applications_title":"","applications_request_title":"","applications_request_button_text":"","hero_text":"","hero_video":"","hero_video_schema_markup":"","selling_points_title":"","selling_points_caption":"","selling_points":[],"selling_points_cta_text":"","features_title":"","features":"","ed_cta_examples_text":"","ed_cta_examples_hidden":"","ed_cta_demo_text":"","ed_cta_demo_hidden":"","why_caption":"","why_editor_title":"","why_editor_text":"","why_team_title":"","why_team_text":"","why_service_title":"","why_service_text":"","template_catalog_visible":"0","template_catalog_title":"","template_catalog_text":"","template_catalog_categories_visible":"","demo_title":"Crea il tuo widget Pulsante","demo_caption":"Configura il tuo pulsante e aggiungilo gratuitamente al tuo sito Webflow!","default_faq_hidden":"","app_template_category":[],"platform":"44","template_public_id":"","codecanyon_url":"","codecanyon_item_id":"","codecanyon_price":"","pricing_caption":"","pricing_elfsight_apps_hide_column":"","pricing_elfsight_apps_url":"","pricing_codecanyon_price_caption":"","integration_category":[],"integration_request_title":"","integration_request_cta":"","integration_platform":"","integrations":[],"platform_category":[],"video_schema_markup":"","price":"da $ 0 al mese","trial":"","benefits":[{"text":"Servizio di installazione gratuito"},{"text":"Servizio clienti professionale"},{"text":"Garanzia di rimborso di 14 giorni"},{"text":"Miglioramenti gratuiti continui"}],"button_url":"#demo","button_target_blank":"0","button_nofollow":"0","attributes":[{"name":"Installazioni"},{"name":"Reattivo","content":"S\u00cc"},{"name":"Browser compatibili","content":"Safari, Chrome, Opera, Edge, Firefox"}],"tags":[],"tags_disable_links":"0","hide_more_platforms":"0","video_object":"","demo_hide_cta":"0","demo_hide_cloud_options":"0","pricing_title":"","pricing":[{"pricing_icon":"platform","pricing_title":"Elfsight Apps","pricing_title_caption":"Versione indipendente dalla piattaforma adatta a qualsiasi sito","pricing_price":"da $ 0 \/ mese","pricing_price_caption":"inizia con un piano gratuito","pricing_benefits":[{"text":"Siti web illimitati"},{"text":"Supporto rapido e puntuale e ben documentato"},{"text":"Aiuto per l'installazione gratuito"},{"text":"Completamente personalizzabile"}],"pricing_button_text":"Aggiungi al sito web","pricing_button_url":"#demo"}],"related_apps_title":"","related_apps_hidden":"0","author":"","image":[],"title":"","job":"","social_networks":[]},"_links":{"self":[{"href":"https:\/\/elfsight.com\/it\/wp-json\/wp\/v2\/pages\/3979","targetHints":{"allow":["GET"]}}],"collection":[{"href":"https:\/\/elfsight.com\/it\/wp-json\/wp\/v2\/pages"}],"about":[{"href":"https:\/\/elfsight.com\/it\/wp-json\/wp\/v2\/types\/page"}],"author":[{"embeddable":true,"href":"https:\/\/elfsight.com\/it\/wp-json\/wp\/v2\/users\/9"}],"replies":[{"embeddable":true,"href":"https:\/\/elfsight.com\/it\/wp-json\/wp\/v2\/comments?post=3979"}],"version-history":[{"count":2,"href":"https:\/\/elfsight.com\/it\/wp-json\/wp\/v2\/pages\/3979\/revisions"}],"predecessor-version":[{"id":9645,"href":"https:\/\/elfsight.com\/it\/wp-json\/wp\/v2\/pages\/3979\/revisions\/9645"}],"up":[{"embeddable":true,"href":"https:\/\/elfsight.com\/it\/wp-json\/wp\/v2\/pages\/2489"}],"wp:attachment":[{"href":"https:\/\/elfsight.com\/it\/wp-json\/wp\/v2\/media?parent=3979"}],"curies":[{"name":"wp","href":"https:\/\/api.w.org\/{rel}","templated":true}]}}