{"id":3973,"date":"2024-05-03T06:31:30","date_gmt":"2024-05-03T06:31:30","guid":{"rendered":"https:\/\/elfsight.com\/it\/?page_id=3973"},"modified":"2025-03-21T11:51:12","modified_gmt":"2025-03-21T11:51:12","slug":"weebly","status":"publish","type":"page","link":"https:\/\/elfsight.com\/it\/button-widget\/weebly\/","title":{"rendered":"Button &#8211; Weebly"},"content":{"rendered":"\n<div class=\"application-platform-content-item-description application-platform-content-item\" id=\"description\" data-nav-section=\"description\"> <h2>Descrizione<\/h2> <p>The Button \u00e8 un&#8217;app per Weebly che ti d\u00e0 l&#8217;opportunit\u00e0 di creare diversi pulsanti per diversi obiettivi sul tuo sito web . Ci sono molte azioni che possono essere intraprese non appena il visitatore del tuo sito web fa clic sul pulsante. Ad esempio, possono essere inviati ad alcune pagine di destinazione, comporre un numero, comunicare nel popolare messenger e altro ancora. Il pulsante \u00e8 altamente personalizzabile: sei libero di scrivere qualsiasi messaggio e contenuto attorno al pulsante e di modificarne le dimensioni e lo stile. <\/p> <p><b>Utilizza un pulsante accattivante per aumentare le vendite sul tuo sito web, ottenere pi\u00f9 abbonati sui social media e molto altro ancora! <\/b><\/p> <\/div> <div class=\"application-platform-content-item-features application-platform-content-item\" id=\"features\" data-nav-section=\"features\"> <h2>Il widget include funzionalit\u00e0 potenti e facili, visualizzane alcune: <\/h2> <ul><li>Modifica colori e caratteri <\/li><li>2 varianti di posizionamento dei pulsanti: incorporato e mobile<\/li><li>Una possibilit\u00e0 di aggiungere contenuti sopra e sotto il pulsante<\/li><li>Un&#8217;etichetta che pu\u00f2 occupare 2 righe<\/li><li>Pi\u00f9 di 8 varianti di azioni dopo un clic<\/li><\/ul><p><a href=\"#demo\">Prova tutte le impostazioni in una demo completamente funzionale<\/a><\/p> <\/div> <div class=\"application-platform-content-item-installazione application-platform-content-item\" id=\"installazione\" data-nav-section=\"installazione\"> <h2>Come incorporare Button nel mio sito web Weebly? <\/h2> <p>Segui semplicemente le istruzioni seguenti per iniziare a utilizzare l&#8217;app. <\/p> <ol><li><b>Utilizza il nostro configuratore gratuito e inizia a creare la tua app. <\/b><br> Scegli la forma e le caratteristiche preferite dello strumento e applica le modifiche. <\/li> <li><b>Acquisisci il tuo codice univoco esposto nell&#8217;apposito form su Elfsight Apps. <\/b><br> Una volta completata la configurazione del tuo strumento, copia il codice individuale nel popup emerso e salvalo per un utilizzo futuro. <\/li> <li><b>Inizia a utilizzare l&#8217;app sul sito Weebly. <\/b><br> Inserisci il codice copiato in precedenza nella tua home page e salva le modifiche. <\/li> <li><b>Fatto! La configurazione \u00e8 completamente eseguita. <\/b><br> Vai al tuo sito web per vedere il funzionamento dello strumento. <\/li><\/ol> <p>In caso di difficolt\u00e0, non esitare a chiedere assistenza al nostro team di supporto. I nostri consulenti non vedono l&#8217;ora di risolvere tutti i problemi che potresti avere con l&#8217;app. <\/p> <div class=\"faq\" data-component=\"FAQ\"><div class=\"faq-item\">\r\n\t\t\t\t\t<div class=\"faq-item-question\">\r\n\t\t\t\t\t\t<h3 class=\"faq-item-question-text\">Come posso aggiungere Button al mio sito Web Weebly senza competenze di programmazione?<\/h3>\r\n\r\n\t\t\t\t\t\t<div class=\"faq-item-question-icon\"><\/div>\r\n\t\t\t\t\t<\/div>\r\n\r\n\t\t\t\t\t<div class=\"faq-item-answer\">\r\n\t\t\t\t\t\t<div class=\"faq-item-answer-text\"> <p>Elfsight fornisce una soluzione SaaS che ti consente di creare tu stesso un widget Button, scopri quanto \u00e8 semplice il processo: lavora direttamente nell&#8217;editor online per creare un widget pulsante che vorresti vedere sul tuo sito web Weebly. Scegli uno dei modelli predefiniti e regola le impostazioni del pulsante, aggiungi i tuoi contenuti, modifica il layout e i colori senza alcuna competenza di codifica. Salva il pulsante e copia il suo codice di installazione, cos\u00ec potrai aggiungerlo facilmente al tuo sito Weebly senza acquistare un piano a pagamento. Con il nostro editor intuitivo qualsiasi utente di Internet pu\u00f2 creare un widget pulsante online e incorporarlo facilmente nel proprio sito Web Weebly. Non \u00e8 necessario pagare n\u00e9 inserire le credenziali della carta per accedere al servizio. In caso di problemi in qualsiasi momento, non esitare a contattare il nostro team di supporto tecnico.<\/p> <\/div>\r\n\t\t\t\t\t<\/div>\r\n\t\t\t\t<\/div> <\/div><\/div>\n","protected":false},"excerpt":{"rendered":"","protected":false},"author":9,"featured_media":0,"parent":2489,"menu_order":0,"comment_status":"closed","ping_status":"closed","template":"templates\/template-application-platform.php","meta":{"publish_to_discourse":"","publish_post_category":"","wpdc_auto_publish_overridden":"","wpdc_topic_tags":"","wpdc_pin_topic":"","wpdc_pin_until":"","discourse_post_id":"","discourse_permalink":"","wpdc_publishing_response":"","wpdc_publishing_error":"","footnotes":""},"class_list":["post-3973","page","type-page","status-publish","hentry"],"yoast_head":"<!-- This site is optimized with the Yoast SEO plugin v25.3.1 - https:\/\/yoast.com\/wordpress\/plugins\/seo\/ -->\n<title>App per la creazione di pulsanti: integra l&#039;app Button in Weebly (2025)<\/title>\n<meta name=\"description\" content=\"Prova l&#039;app Button per Weebly. Attira nuovi follower, aumenta le vendite e rendi la tua attivit\u00e0 ancora pi\u00f9 efficace applicando gli strumenti Elfsight!\" \/>\n<meta name=\"robots\" content=\"index, follow, max-snippet:-1, max-image-preview:large, max-video-preview:-1\" \/>\n<link rel=\"canonical\" href=\"https:\/\/elfsight.com\/it\/button-widget\/weebly\/\" \/>\n<meta property=\"og:locale\" content=\"it_IT\" \/>\n<meta property=\"og:type\" content=\"article\" \/>\n<meta property=\"og:title\" content=\"App per la creazione di pulsanti: integra l&#039;app Button in Weebly (2025)\" \/>\n<meta property=\"og:description\" content=\"Prova l&#039;app Button per Weebly. Attira nuovi follower, aumenta le vendite e rendi la tua attivit\u00e0 ancora pi\u00f9 efficace applicando gli strumenti Elfsight!\" \/>\n<meta property=\"og:url\" content=\"https:\/\/elfsight.com\/it\/button-widget\/weebly\/\" \/>\n<meta property=\"og:site_name\" content=\"Elfsight IT\" \/>\n<meta property=\"article:modified_time\" content=\"2025-03-21T11:51:12+00:00\" \/>\n<meta name=\"twitter:card\" content=\"summary_large_image\" \/>\n<meta name=\"twitter:label1\" content=\"Tempo di lettura stimato\" \/>\n\t<meta name=\"twitter:data1\" content=\"3 minuti\" \/>\n<!-- \/ Yoast SEO plugin. -->","yoast_head_json":{"title":"App per la creazione di pulsanti: integra l'app Button in Weebly (2025)","description":"Prova l'app Button per Weebly. Attira nuovi follower, aumenta le vendite e rendi la tua attivit\u00e0 ancora pi\u00f9 efficace applicando gli strumenti Elfsight!","robots":{"index":"index","follow":"follow","max-snippet":"max-snippet:-1","max-image-preview":"max-image-preview:large","max-video-preview":"max-video-preview:-1"},"canonical":"https:\/\/elfsight.com\/it\/button-widget\/weebly\/","og_locale":"it_IT","og_type":"article","og_title":"App per la creazione di pulsanti: integra l'app Button in Weebly (2025)","og_description":"Prova l'app Button per Weebly. Attira nuovi follower, aumenta le vendite e rendi la tua attivit\u00e0 ancora pi\u00f9 efficace applicando gli strumenti Elfsight!","og_url":"https:\/\/elfsight.com\/it\/button-widget\/weebly\/","og_site_name":"Elfsight IT","article_modified_time":"2025-03-21T11:51:12+00:00","twitter_card":"summary_large_image","twitter_misc":{"Tempo di lettura stimato":"3 minuti"},"schema":{"@context":"https:\/\/schema.org","@graph":[{"@type":"WebPage","@id":"https:\/\/elfsight.com\/it\/button-widget\/weebly\/","url":"https:\/\/elfsight.com\/it\/button-widget\/weebly\/","name":"App per la creazione di pulsanti: integra l'app Button in Weebly (2025)","isPartOf":{"@id":"https:\/\/elfsight.com\/it\/#website"},"datePublished":"2024-05-03T06:31:30+00:00","dateModified":"2025-03-21T11:51:12+00:00","description":"Prova l'app Button per Weebly. Attira nuovi follower, aumenta le vendite e rendi la tua attivit\u00e0 ancora pi\u00f9 efficace applicando gli strumenti Elfsight!","breadcrumb":{"@id":"https:\/\/elfsight.com\/it\/button-widget\/weebly\/#breadcrumb"},"inLanguage":"it-IT","potentialAction":[{"@type":"ReadAction","target":["https:\/\/elfsight.com\/it\/button-widget\/weebly\/"]}]},{"@type":"BreadcrumbList","@id":"https:\/\/elfsight.com\/it\/button-widget\/weebly\/#breadcrumb","itemListElement":[{"@type":"ListItem","position":1,"name":"Home","item":"https:\/\/elfsight.com\/it\/"},{"@type":"ListItem","position":2,"name":"Button","item":"https:\/\/elfsight.com\/it\/button-widget\/"},{"@type":"ListItem","position":3,"name":"Button &#8211; Weebly"}]},{"@type":"WebSite","@id":"https:\/\/elfsight.com\/it\/#website","url":"https:\/\/elfsight.com\/it\/","name":"Elfsight IT","description":"Just another Elfsight Sites site","potentialAction":[{"@type":"SearchAction","target":{"@type":"EntryPoint","urlTemplate":"https:\/\/elfsight.com\/it\/?s={search_term_string}"},"query-input":{"@type":"PropertyValueSpecification","valueRequired":true,"valueName":"search_term_string"}}],"inLanguage":"it-IT"}]}},"meta_box":{"industry":"","seo_heading":"","heading":"","description":"","cta_heading":"","cta_description":"","application":"2488","h1":"Applicazione Weebly Button","h1_caption":"Aggiungi un pulsante di invito all'azione personalizzabile per incoraggiare i clic e guidare i tuoi utenti verso le conversioni nel tuo sito Webnode senza sforzo.","application_category":[],"applications_title":"","applications_request_title":"","applications_request_button_text":"","hero_text":"","hero_video":"","hero_video_schema_markup":"","selling_points_title":"","selling_points_caption":"","selling_points":[],"selling_points_cta_text":"","features_title":"","features":"","ed_cta_examples_text":"","ed_cta_examples_hidden":"","ed_cta_demo_text":"","ed_cta_demo_hidden":"","why_caption":"","why_editor_title":"","why_editor_text":"","why_team_title":"","why_team_text":"","why_service_title":"","why_service_text":"","template_catalog_visible":"0","template_catalog_title":"","template_catalog_text":"","template_catalog_categories_visible":"","demo_title":"Crea la tua app per pulsanti","demo_caption":"Configura il tuo pulsante e aggiungilo gratuitamente al tuo sito web Weebly!","default_faq_hidden":"","app_template_category":[],"platform":"45","template_public_id":"","codecanyon_url":"","codecanyon_item_id":"","codecanyon_price":"","pricing_caption":"","pricing_elfsight_apps_hide_column":"","pricing_elfsight_apps_url":"","pricing_codecanyon_price_caption":"","integration_category":[],"integration_request_title":"","integration_request_cta":"","integration_platform":"","integrations":[],"platform_category":[],"video_schema_markup":"","price":"da $ 0 al mese","trial":"","benefits":[{"text":"Assistenza per l'installazione gratuita"},{"text":"Servizio clienti professionale"},{"text":"Garanzia di rimborso di 14 giorni"},{"text":"Aggiornamento costante"}],"button_url":"#demo","button_target_blank":"0","button_nofollow":"0","attributes":[{"name":"Installazioni"},{"name":"Reattivo","content":"S\u00cc"},{"name":"Browser compatibili","content":"Firefox, Safari, Opera, Chrome, Edge"}],"tags":[],"tags_disable_links":"0","hide_more_platforms":"0","video_object":"","demo_hide_cta":"0","demo_hide_cloud_options":"0","pricing_title":"","pricing":[{"pricing_icon":"platform","pricing_title":"Elfsight Apps","pricing_title_caption":"Soluzione digitale multipiattaforma che funziona su qualsiasi sito","pricing_price":"da $ 0 \/ mese","pricing_price_caption":"inizia con un piano gratuito","pricing_benefits":[{"text":"Domini illimitati"},{"text":"Assistenza clienti dedicata e ben documentata"},{"text":"Servizio di installazione gratuito"},{"text":"100% personalizzabile"}],"pricing_button_text":"Aggiungi al sito web","pricing_button_url":"#demo"}],"related_apps_title":"","related_apps_hidden":"0","author":"","image":[],"title":"","job":"","social_networks":[]},"_links":{"self":[{"href":"https:\/\/elfsight.com\/it\/wp-json\/wp\/v2\/pages\/3973","targetHints":{"allow":["GET"]}}],"collection":[{"href":"https:\/\/elfsight.com\/it\/wp-json\/wp\/v2\/pages"}],"about":[{"href":"https:\/\/elfsight.com\/it\/wp-json\/wp\/v2\/types\/page"}],"author":[{"embeddable":true,"href":"https:\/\/elfsight.com\/it\/wp-json\/wp\/v2\/users\/9"}],"replies":[{"embeddable":true,"href":"https:\/\/elfsight.com\/it\/wp-json\/wp\/v2\/comments?post=3973"}],"version-history":[{"count":2,"href":"https:\/\/elfsight.com\/it\/wp-json\/wp\/v2\/pages\/3973\/revisions"}],"predecessor-version":[{"id":9646,"href":"https:\/\/elfsight.com\/it\/wp-json\/wp\/v2\/pages\/3973\/revisions\/9646"}],"up":[{"embeddable":true,"href":"https:\/\/elfsight.com\/it\/wp-json\/wp\/v2\/pages\/2489"}],"wp:attachment":[{"href":"https:\/\/elfsight.com\/it\/wp-json\/wp\/v2\/media?parent=3973"}],"curies":[{"name":"wp","href":"https:\/\/api.w.org\/{rel}","templated":true}]}}