{"id":3971,"date":"2024-05-03T06:31:28","date_gmt":"2024-05-03T06:31:28","guid":{"rendered":"https:\/\/elfsight.com\/it\/?page_id=3971"},"modified":"2026-01-13T13:17:58","modified_gmt":"2026-01-13T13:17:58","slug":"wordpress","status":"publish","type":"page","link":"https:\/\/elfsight.com\/it\/button-widget\/wordpress\/","title":{"rendered":"Button &#8211; WordPress"},"content":{"rendered":"\n<div class=\"application-platform-content-item-description application-platform-content-item\" id=\"description\" data-nav-section=\"description\"> <h2>Incorpora il pulsante su WordPress con il widget Elfsight<\/h2> <p>Il pulsante \u00e8 un plugin per WordPress che ti d\u00e0 l&#8217;opportunit\u00e0 di creare vari pulsanti per molteplici scopi sul tuo sito web. Ci sono molte azioni che possono essere eseguite non appena un utente fa clic sul pulsante. Ad esempio, possono essere reindirizzati a qualche altro sito Web, comporre un numero, chattare in un noto messenger e altro ancora. Il nostro pulsante \u00e8 estremamente personalizzabile: sei libero di aggiungere qualsiasi testo, contenuto sopra e sotto il pulsante e modificarne le dimensioni e lo stile. <\/p> <p><b>Utilizza un pulsante attraente per aumentare le vendite sul tuo sito web, attirare pi\u00f9 iscritti sui social media e molto altro ancora! <\/b><\/p> <\/div> <div class=\"application-platform-content-item-features application-platform-content-item\" id=\"features\" data-nav-section=\"features\"> <h2>Offriamo funzionalit\u00e0 pratiche e veloci, controllane alcune: <\/h2> <ul><li>Cambia colori e caratteri<\/li><li>Due tipi di layout dei pulsanti: incorporato e mobile<\/li><li>Un&#8217;opzione per aggiungere contenuto attorno al pulsante<\/li><li>Puoi occupare 2 righe<\/li><li>Altro pi\u00f9 di 8 varianti di azioni dopo un clic<\/li><\/ul><p><a href=\"#demo\">Prova semplicemente questa demo per vedere come funziona<\/a><\/p> <\/div> <div class=\"application-platform-content-item-installation application-platform-content-item\" id=\"installation\" data-nav-section=\"installation\"> <h2>Come posso aggiungere un pulsante sul mio sito Web WordPress? <\/h2> <div class=\"video-container\">\n<iframe width=\"720\" height=\"405\" src=\"https:\/\/www.youtube.com\/embed\/mfMrNwhGVEM?si=fs1niSVe2jOTUV2O\" frameborder=\"0\" allowfullscreen=\"\"><\/iframe>\n<\/div><p>Segui semplicemente i passaggi indicati di seguito per integrare il plugin. <\/p> <ol><li><b>Lancia la nostra demo gratuita e inizia a creare il tuo plugin. <\/b><br> Trova il design e le opzioni preferite dello strumento e applica le modifiche. <\/li> <li><b>Copia il codice individuale che appare nella finestra sulle App Elfsight. <\/b><br> Una volta terminata la personalizzazione del tuo widget, copia il codice personale nella casella visualizzata e conservalo per un ulteriore utilizzo. <\/li> <li><b>Inizia a utilizzare il plug-in sul tuo sito WordPress. <\/b><br> Inserisci il codice copiato in precedenza nel tuo sito web e applica le modifiche. <\/li> <li><b>Fatto! La configurazione \u00e8 stata eseguita con successo. <\/b><br> Vai alla tua pagina per visualizzare le prestazioni del widget. <\/li><\/ol> <p>Nel caso in cui dovessi affrontare alcune complicazioni, non aver paura di chiedere assistenza al nostro team di supporto. I nostri consulenti non vedono l&#8217;ora di risolvere tutti i problemi che potresti avere con il plugin. <\/p> <div class=\"faq\" data-component=\"FAQ\"><div class=\"faq-item\">\r\n\t\t\t\t\t<div class=\"faq-item-question\">\r\n\t\t\t\t\t\t<h3 class=\"faq-item-question-text\">Come aggiungere Button al mio sito Web WordPress senza competenze di programmazione?<\/h3>\r\n\r\n\t\t\t\t\t\t<div class=\"faq-item-question-icon\"><\/div>\r\n\t\t\t\t\t<\/div>\r\n\r\n\t\t\t\t\t<div class=\"faq-item-answer\">\r\n\t\t\t\t\t\t<div class=\"faq-item-answer-text\"> <p>Elfsight fornisce una soluzione SaaS che ti consente di creare tu stesso un widget Button, scopri quanto \u00e8 semplice il processo: Lavora direttamente nell&#8217;editor online per creare un widget pulsante che vorresti vedere sul tuo sito web WordPress. Scegli uno dei modelli predefiniti e regola le impostazioni del pulsante, aggiungi i tuoi contenuti, modifica il layout e i colori senza alcuna competenza di codifica. Salva il pulsante e copia il suo codice di installazione, che potrai incollare facilmente nel tuo sito WordPress senza acquistare una versione a pagamento. Con il nostro editor intuitivo qualsiasi utente di Internet pu\u00f2 creare un widget pulsante online e incorporarlo facilmente nel proprio sito Web WordPress. Non \u00e8 necessario pagare o inserire le credenziali della carta per accedere al servizio. In caso di problemi in qualsiasi momento, non esitare a contattare il nostro team di supporto tecnico.<\/p> <\/div>\r\n\t\t\t\t\t<\/div>\r\n\t\t\t\t<\/div> <\/div><\/div>\n","protected":false},"excerpt":{"rendered":"","protected":false},"author":9,"featured_media":0,"parent":2489,"menu_order":0,"comment_status":"closed","ping_status":"closed","template":"templates\/template-application-platform.php","meta":{"publish_to_discourse":"","publish_post_category":"","wpdc_auto_publish_overridden":"","wpdc_topic_tags":"","wpdc_pin_topic":"","wpdc_pin_until":"","discourse_post_id":"","discourse_permalink":"","wpdc_publishing_response":"","wpdc_publishing_error":"","footnotes":""},"class_list":["post-3971","page","type-page","status-publish","hentry"],"yoast_head":"<!-- This site is optimized with the Yoast SEO plugin v25.3.1 - https:\/\/yoast.com\/wordpress\/plugins\/seo\/ -->\n<title>Widget plug-in pulsante - Aggiungi plug-in pulsante a WordPress ( 2025 )<\/title>\n<meta name=\"description\" content=\"Prova il plug-in del pulsante Elfsight per WordPress. Ottieni nuovi abbonati, aumenta le vendite e fai in modo che la tua azienda abbia successo applicando gli strumenti Elfsight!\" \/>\n<meta name=\"robots\" content=\"index, follow, max-snippet:-1, max-image-preview:large, max-video-preview:-1\" \/>\n<link rel=\"canonical\" href=\"https:\/\/elfsight.com\/it\/button-widget\/wordpress\/\" \/>\n<meta property=\"og:locale\" content=\"it_IT\" \/>\n<meta property=\"og:type\" content=\"article\" \/>\n<meta property=\"og:title\" content=\"Widget plug-in pulsante - Aggiungi plug-in pulsante a WordPress ( 2025 )\" \/>\n<meta property=\"og:description\" content=\"Prova il plug-in del pulsante Elfsight per WordPress. Ottieni nuovi abbonati, aumenta le vendite e fai in modo che la tua azienda abbia successo applicando gli strumenti Elfsight!\" \/>\n<meta property=\"og:url\" content=\"https:\/\/elfsight.com\/it\/button-widget\/wordpress\/\" \/>\n<meta property=\"og:site_name\" content=\"Elfsight IT\" \/>\n<meta property=\"article:modified_time\" content=\"2026-01-13T13:17:58+00:00\" \/>\n<meta name=\"twitter:card\" content=\"summary_large_image\" \/>\n<meta name=\"twitter:label1\" content=\"Tempo di lettura stimato\" \/>\n\t<meta name=\"twitter:data1\" content=\"3 minuti\" \/>\n<!-- \/ Yoast SEO plugin. -->","yoast_head_json":{"title":"Widget plug-in pulsante - Aggiungi plug-in pulsante a WordPress ( 2025 )","description":"Prova il plug-in del pulsante Elfsight per WordPress. Ottieni nuovi abbonati, aumenta le vendite e fai in modo che la tua azienda abbia successo applicando gli strumenti Elfsight!","robots":{"index":"index","follow":"follow","max-snippet":"max-snippet:-1","max-image-preview":"max-image-preview:large","max-video-preview":"max-video-preview:-1"},"canonical":"https:\/\/elfsight.com\/it\/button-widget\/wordpress\/","og_locale":"it_IT","og_type":"article","og_title":"Widget plug-in pulsante - Aggiungi plug-in pulsante a WordPress ( 2025 )","og_description":"Prova il plug-in del pulsante Elfsight per WordPress. Ottieni nuovi abbonati, aumenta le vendite e fai in modo che la tua azienda abbia successo applicando gli strumenti Elfsight!","og_url":"https:\/\/elfsight.com\/it\/button-widget\/wordpress\/","og_site_name":"Elfsight IT","article_modified_time":"2026-01-13T13:17:58+00:00","twitter_card":"summary_large_image","twitter_misc":{"Tempo di lettura stimato":"3 minuti"},"schema":{"@context":"https:\/\/schema.org","@graph":[{"@type":"WebPage","@id":"https:\/\/elfsight.com\/it\/button-widget\/wordpress\/","url":"https:\/\/elfsight.com\/it\/button-widget\/wordpress\/","name":"Widget plug-in pulsante - Aggiungi plug-in pulsante a WordPress ( 2025 )","isPartOf":{"@id":"https:\/\/elfsight.com\/it\/#website"},"datePublished":"2024-05-03T06:31:28+00:00","dateModified":"2026-01-13T13:17:58+00:00","description":"Prova il plug-in del pulsante Elfsight per WordPress. Ottieni nuovi abbonati, aumenta le vendite e fai in modo che la tua azienda abbia successo applicando gli strumenti Elfsight!","breadcrumb":{"@id":"https:\/\/elfsight.com\/it\/button-widget\/wordpress\/#breadcrumb"},"inLanguage":"it-IT","potentialAction":[{"@type":"ReadAction","target":["https:\/\/elfsight.com\/it\/button-widget\/wordpress\/"]}]},{"@type":"BreadcrumbList","@id":"https:\/\/elfsight.com\/it\/button-widget\/wordpress\/#breadcrumb","itemListElement":[{"@type":"ListItem","position":1,"name":"Home","item":"https:\/\/elfsight.com\/it\/"},{"@type":"ListItem","position":2,"name":"Button","item":"https:\/\/elfsight.com\/it\/button-widget\/"},{"@type":"ListItem","position":3,"name":"Button &#8211; WordPress"}]},{"@type":"WebSite","@id":"https:\/\/elfsight.com\/it\/#website","url":"https:\/\/elfsight.com\/it\/","name":"Elfsight IT","description":"Just another Elfsight Sites site","potentialAction":[{"@type":"SearchAction","target":{"@type":"EntryPoint","urlTemplate":"https:\/\/elfsight.com\/it\/?s={search_term_string}"},"query-input":{"@type":"PropertyValueSpecification","valueRequired":true,"valueName":"search_term_string"}}],"inLanguage":"it-IT"}]}},"meta_box":{"industry":"","seo_heading":"","heading":"","description":"","cta_heading":"","cta_description":"","application":"2488","h1":"Plug-in per pulsanti WordPress","h1_caption":"Porta il tuo pubblico direttamente all'azione target","application_category":[],"applications_title":"","applications_request_title":"","applications_request_button_text":"","hero_text":"","hero_video":"","hero_video_schema_markup":"","selling_points_title":"","selling_points_caption":"","selling_points":[],"selling_points_cta_text":"","features_title":"","features":"","ed_cta_examples_text":"","ed_cta_examples_hidden":"","ed_cta_demo_text":"","ed_cta_demo_hidden":"","why_caption":"","why_editor_title":"","why_editor_text":"","why_team_title":"","why_team_text":"","why_service_title":"","why_service_text":"","template_catalog_visible":"0","template_catalog_title":"","template_catalog_text":"","template_catalog_categories_visible":"","demo_title":"Crea il tuo plugin per i pulsanti","demo_caption":"Configura il tuo pulsante e aggiungilo gratuitamente al tuo sito WordPress!","default_faq_hidden":"","app_template_category":[],"platform":"28","template_public_id":"","codecanyon_url":"","codecanyon_item_id":"","codecanyon_price":"","pricing_caption":"","pricing_elfsight_apps_hide_column":"","pricing_elfsight_apps_url":"","pricing_codecanyon_price_caption":"","integration_category":[],"integration_request_title":"","integration_request_cta":"","integration_platform":"","integrations":[],"platform_category":[],"video_schema_markup":"","price":"da $ 0 al mese","trial":"","benefits":[{"text":"Servizio di installazione gratuito"},{"text":"Servizio clienti professionale"},{"text":"Garanzia di rimborso di 14 giorni"},{"text":"Aggiornamenti gratuiti a vita"}],"button_url":"#demo","button_target_blank":"0","button_nofollow":"0","attributes":[{"name":"Installazioni"},{"name":"Reattivo","content":"S\u00cc"},{"name":"Browser compatibili","content":"Firefox, Safari, Opera, Chrome, Edge"}],"tags":[],"tags_disable_links":"0","hide_more_platforms":"0","video_object":"","demo_hide_cta":"0","demo_hide_cloud_options":"0","pricing_title":"","pricing":[{"pricing_icon":"platform","pricing_title":"Elfsight Apps","pricing_title_caption":"Soluzione digitale multipiattaforma","pricing_price":"da $ 0 \/ mese","pricing_price_caption":"inizia con un piano gratuito","pricing_benefits":[{"text":"Domini illimitati"},{"text":"Supporto aziendale 24 ore su 24, 7 giorni su 7"},{"text":"Servizio di installazione gratuito"},{"text":"Progettazione flessibile"}],"pricing_button_text":"Aggiungi al sito web","pricing_button_url":"#demo"}],"related_apps_title":"","related_apps_hidden":"0","author":"","image":[],"title":"","job":"","social_networks":[]},"_links":{"self":[{"href":"https:\/\/elfsight.com\/it\/wp-json\/wp\/v2\/pages\/3971","targetHints":{"allow":["GET"]}}],"collection":[{"href":"https:\/\/elfsight.com\/it\/wp-json\/wp\/v2\/pages"}],"about":[{"href":"https:\/\/elfsight.com\/it\/wp-json\/wp\/v2\/types\/page"}],"author":[{"embeddable":true,"href":"https:\/\/elfsight.com\/it\/wp-json\/wp\/v2\/users\/9"}],"replies":[{"embeddable":true,"href":"https:\/\/elfsight.com\/it\/wp-json\/wp\/v2\/comments?post=3971"}],"version-history":[{"count":3,"href":"https:\/\/elfsight.com\/it\/wp-json\/wp\/v2\/pages\/3971\/revisions"}],"predecessor-version":[{"id":10578,"href":"https:\/\/elfsight.com\/it\/wp-json\/wp\/v2\/pages\/3971\/revisions\/10578"}],"up":[{"embeddable":true,"href":"https:\/\/elfsight.com\/it\/wp-json\/wp\/v2\/pages\/2489"}],"wp:attachment":[{"href":"https:\/\/elfsight.com\/it\/wp-json\/wp\/v2\/media?parent=3971"}],"curies":[{"name":"wp","href":"https:\/\/api.w.org\/{rel}","templated":true}]}}