{"id":3964,"date":"2024-05-03T06:31:25","date_gmt":"2024-05-03T06:31:25","guid":{"rendered":"https:\/\/elfsight.com\/it\/?page_id=3964"},"modified":"2025-03-21T11:38:39","modified_gmt":"2025-03-21T11:38:39","slug":"blogger","status":"publish","type":"page","link":"https:\/\/elfsight.com\/it\/button-widget\/blogger\/","title":{"rendered":"Button &#8211; Blogger"},"content":{"rendered":"\n<div class=\"application-platform-content-item-description application-platform-content-item\" id=\"description\" data-nav-section=\"description\"> <h2>Descrizione<\/h2> <p>Elfsight Button \u00e8 un widget per Blogger che ti consente di creare diversi pulsanti per numerosi obiettivi sul tuo sito. Ci sono molte azioni che possono essere eseguite non appena un utente fa clic sul pulsante. Ad esempio, possono essere reindirizzati a qualche altro sito Web, comporre il tuo numero di telefono, comunicare tramite Messenger popolare e altro ancora. Il nostro pulsante \u00e8 estremamente personalizzabile: puoi aggiungere qualsiasi testo, contenuto attorno al pulsante e modificarne le dimensioni e lo stile. <\/p> <p><b>Utilizza un pulsante allettante per aumentare le vendite sul tuo sito web, ottenere pi\u00f9 nuovi abbonati sui tuoi account sui social media e molto altro ancora! <\/b><\/p> <\/div> <div class=\"application-platform-content-item-features application-platform-content-item\" id=\"features\" data-nav-section=\"features\"> <h2>Il widget ha funzionalit\u00e0 utili e facili, controlla alcune di esse: <\/h2> <ul><li>Modifica colori e caratteri <\/li><li>2 tipi di layout dei pulsanti: incorporato e mobile<\/li><li>Un&#8217;opzione per aggiungere contenuto attorno al pulsante<\/li><li>Un&#8217;etichetta che pu\u00f2 occupare 2 righe<\/li><li>Otto varianti di azioni dopo un clic<\/li><\/ul><p><a href=\"#demo\">Puoi scoprire il valore del widget con l&#8217;aiuto della demo<\/a><\/p> <\/div> <div class=\"application-platform-content-item-installazione application-platform-content-item\" id=\"installazione\" data-nav-section=\"installazione\"> <h2>Come faccio a incorporare Button nel mio sito web Blogger? <\/h2> <p>Segui semplicemente le istruzioni seguenti per iniziare a lavorare con lo strumento. <\/p> <ol><li><b>Utilizza il nostro editor gratuito e inizia a creare il tuo widget personalizzato. <\/b><br> Determina l&#8217;aspetto e le caratteristiche adatti dello strumento e applica le modifiche. <\/li> <li><b>Acquisisci il codice individuale che appare nell&#8217;apposito modulo su Elfsight Apps. <\/b><br> Una volta completata la configurazione del widget, copia il codice individuale nel popup emerso e conservalo per un utilizzo successivo. <\/li> <li><b>Inizia a utilizzare lo strumento sul sito web di Blogger. <\/b><br> Incorpora il codice copiato in precedenza nella tua pagina e applica i miglioramenti. <\/li> <li><b>Fatto! La configurazione \u00e8 stata completata con successo. <\/b><br> Vai al tuo sito web per verificare le prestazioni del widget. <\/li><\/ol> <p>In caso di complicazioni, rivolgersi al nostro team di supporto. Il nostro personale sar\u00e0 felice di risolvere tutti i problemi che potresti avere con lo strumento. <\/p> <div class=\"faq\" data-component=\"FAQ\"><div class=\"faq-item\">\r\n\t\t\t\t\t<div class=\"faq-item-question\">\r\n\t\t\t\t\t\t<h3 class=\"faq-item-question-text\">Come posso aggiungere Button al mio sito web Blogger senza competenze di programmazione?<\/h3>\r\n\r\n\t\t\t\t\t\t<div class=\"faq-item-question-icon\"><\/div>\r\n\t\t\t\t\t<\/div>\r\n\r\n\t\t\t\t\t<div class=\"faq-item-answer\">\r\n\t\t\t\t\t\t<div class=\"faq-item-answer-text\"> <p>Elfsight fornisce una soluzione SaaS che ti consente di creare tu stesso un widget Button, scopri quanto \u00e8 semplice il processo: lavora direttamente nell&#8217;editor online per creare un widget pulsante che vorresti vedere sul tuo sito web Blogger. Scegli uno dei modelli predefiniti e regola le impostazioni del pulsante, aggiungi i tuoi contenuti, modifica il layout e i colori senza alcuna competenza di codifica. Salva il pulsante e copia il codice di installazione, che potrai incollare facilmente nel tuo sito Blogger senza acquistare una versione a pagamento. Con il nostro editor intuitivo qualsiasi utente di Internet pu\u00f2 creare un widget pulsante online e incorporarlo facilmente nel proprio sito Web Blogger. Non \u00e8 necessario pagare n\u00e9 inserire le credenziali della carta per accedere al servizio. In caso di problemi in qualsiasi momento, non esitare a contattare il nostro team di supporto tecnico.<\/p> <\/div>\r\n\t\t\t\t\t<\/div>\r\n\t\t\t\t<\/div> <\/div><\/div>\n","protected":false},"excerpt":{"rendered":"","protected":false},"author":9,"featured_media":0,"parent":2489,"menu_order":0,"comment_status":"closed","ping_status":"closed","template":"templates\/template-application-platform.php","meta":{"publish_to_discourse":"","publish_post_category":"","wpdc_auto_publish_overridden":"","wpdc_topic_tags":"","wpdc_pin_topic":"","wpdc_pin_until":"","discourse_post_id":"","discourse_permalink":"","wpdc_publishing_response":"","wpdc_publishing_error":"","footnotes":""},"class_list":["post-3964","page","type-page","status-publish","hentry"],"yoast_head":"<!-- This site is optimized with the Yoast SEO plugin v25.3.1 - https:\/\/yoast.com\/wordpress\/plugins\/seo\/ -->\n<title>Widget di creazione pulsanti: aggiungi widget pulsante a Blogger (2026)<\/title>\n<meta name=\"description\" content=\"Utilizza il nuovo widget Pulsante per Blogger. Acquisisci pi\u00f9 nuovi follower sui tuoi social media e rendi popolare la tua attivit\u00e0 con gli strumenti Elfsight!\" \/>\n<meta name=\"robots\" content=\"index, follow, max-snippet:-1, max-image-preview:large, max-video-preview:-1\" \/>\n<link rel=\"canonical\" href=\"https:\/\/elfsight.com\/it\/button-widget\/blogger\/\" \/>\n<meta property=\"og:locale\" content=\"it_IT\" \/>\n<meta property=\"og:type\" content=\"article\" \/>\n<meta property=\"og:title\" content=\"Widget di creazione pulsanti: aggiungi widget pulsante a Blogger (2026)\" \/>\n<meta property=\"og:description\" content=\"Utilizza il nuovo widget Pulsante per Blogger. Acquisisci pi\u00f9 nuovi follower sui tuoi social media e rendi popolare la tua attivit\u00e0 con gli strumenti Elfsight!\" \/>\n<meta property=\"og:url\" content=\"https:\/\/elfsight.com\/it\/button-widget\/blogger\/\" \/>\n<meta property=\"og:site_name\" content=\"Elfsight IT\" \/>\n<meta property=\"article:modified_time\" content=\"2025-03-21T11:38:39+00:00\" \/>\n<meta name=\"twitter:card\" content=\"summary_large_image\" \/>\n<meta name=\"twitter:label1\" content=\"Tempo di lettura stimato\" \/>\n\t<meta name=\"twitter:data1\" content=\"3 minuti\" \/>\n<!-- \/ Yoast SEO plugin. -->","yoast_head_json":{"title":"Widget di creazione pulsanti: aggiungi widget pulsante a Blogger (2026)","description":"Utilizza il nuovo widget Pulsante per Blogger. Acquisisci pi\u00f9 nuovi follower sui tuoi social media e rendi popolare la tua attivit\u00e0 con gli strumenti Elfsight!","robots":{"index":"index","follow":"follow","max-snippet":"max-snippet:-1","max-image-preview":"max-image-preview:large","max-video-preview":"max-video-preview:-1"},"canonical":"https:\/\/elfsight.com\/it\/button-widget\/blogger\/","og_locale":"it_IT","og_type":"article","og_title":"Widget di creazione pulsanti: aggiungi widget pulsante a Blogger (2026)","og_description":"Utilizza il nuovo widget Pulsante per Blogger. Acquisisci pi\u00f9 nuovi follower sui tuoi social media e rendi popolare la tua attivit\u00e0 con gli strumenti Elfsight!","og_url":"https:\/\/elfsight.com\/it\/button-widget\/blogger\/","og_site_name":"Elfsight IT","article_modified_time":"2025-03-21T11:38:39+00:00","twitter_card":"summary_large_image","twitter_misc":{"Tempo di lettura stimato":"3 minuti"},"schema":{"@context":"https:\/\/schema.org","@graph":[{"@type":"WebPage","@id":"https:\/\/elfsight.com\/it\/button-widget\/blogger\/","url":"https:\/\/elfsight.com\/it\/button-widget\/blogger\/","name":"Widget di creazione pulsanti: aggiungi widget pulsante a Blogger (2026)","isPartOf":{"@id":"https:\/\/elfsight.com\/it\/#website"},"datePublished":"2024-05-03T06:31:25+00:00","dateModified":"2025-03-21T11:38:39+00:00","description":"Utilizza il nuovo widget Pulsante per Blogger. Acquisisci pi\u00f9 nuovi follower sui tuoi social media e rendi popolare la tua attivit\u00e0 con gli strumenti Elfsight!","breadcrumb":{"@id":"https:\/\/elfsight.com\/it\/button-widget\/blogger\/#breadcrumb"},"inLanguage":"it-IT","potentialAction":[{"@type":"ReadAction","target":["https:\/\/elfsight.com\/it\/button-widget\/blogger\/"]}]},{"@type":"BreadcrumbList","@id":"https:\/\/elfsight.com\/it\/button-widget\/blogger\/#breadcrumb","itemListElement":[{"@type":"ListItem","position":1,"name":"Home","item":"https:\/\/elfsight.com\/it\/"},{"@type":"ListItem","position":2,"name":"Button","item":"https:\/\/elfsight.com\/it\/button-widget\/"},{"@type":"ListItem","position":3,"name":"Button &#8211; Blogger"}]},{"@type":"WebSite","@id":"https:\/\/elfsight.com\/it\/#website","url":"https:\/\/elfsight.com\/it\/","name":"Elfsight IT","description":"Just another Elfsight Sites site","potentialAction":[{"@type":"SearchAction","target":{"@type":"EntryPoint","urlTemplate":"https:\/\/elfsight.com\/it\/?s={search_term_string}"},"query-input":{"@type":"PropertyValueSpecification","valueRequired":true,"valueName":"search_term_string"}}],"inLanguage":"it-IT"}]}},"meta_box":{"industry":"","seo_heading":"","heading":"","description":"","cta_heading":"","cta_description":"","application":"2488","h1":"Widget del pulsante Blogger","h1_caption":"Aggiungi un pulsante di invito all'azione personalizzabile per incoraggiare i clic e guidare i tuoi utenti verso le conversioni nel tuo sito web BigCommerce senza sforzo.","application_category":[],"applications_title":"","applications_request_title":"","applications_request_button_text":"","hero_text":"","hero_video":"","hero_video_schema_markup":"","selling_points_title":"","selling_points_caption":"","selling_points":[],"selling_points_cta_text":"","features_title":"","features":"","ed_cta_examples_text":"","ed_cta_examples_hidden":"","ed_cta_demo_text":"","ed_cta_demo_hidden":"","why_caption":"","why_editor_title":"","why_editor_text":"","why_team_title":"","why_team_text":"","why_service_title":"","why_service_text":"","template_catalog_visible":"0","template_catalog_title":"","template_catalog_text":"","template_catalog_categories_visible":"","demo_title":"Crea il tuo widget Pulsante","demo_caption":"Configura il tuo pulsante e aggiungilo gratuitamente al tuo sito Blogger!","default_faq_hidden":"","app_template_category":[],"platform":"33","template_public_id":"","codecanyon_url":"","codecanyon_item_id":"","codecanyon_price":"","pricing_caption":"","pricing_elfsight_apps_hide_column":"","pricing_elfsight_apps_url":"","pricing_codecanyon_price_caption":"","integration_category":[],"integration_request_title":"","integration_request_cta":"","integration_platform":"","integrations":[],"platform_category":[],"video_schema_markup":"","price":"da $ 0 al mese","trial":"","benefits":[{"text":"Aiuto per l'installazione gratuito"},{"text":"Servizio clienti efficace"},{"text":"Garanzia di rimborso di 14 giorni"},{"text":"Miglioramenti gratuiti a vita"}],"button_url":"#demo","button_target_blank":"0","button_nofollow":"0","attributes":[{"name":"Installazioni"},{"name":"Reattivo","content":"S\u00cc"},{"name":"Browser compatibili","content":"Firefox, Safari, Opera, Chrome, Edge"}],"tags":[],"tags_disable_links":"0","hide_more_platforms":"0","video_object":"","demo_hide_cta":"0","demo_hide_cloud_options":"0","pricing_title":"","pricing":[{"pricing_icon":"platform","pricing_title":"Elfsight Apps","pricing_title_caption":"Versione indipendente dalla piattaforma che funziona su qualsiasi sito web","pricing_price":"da $ 0 \/ mese","pricing_price_caption":"inizia con un piano gratuito","pricing_benefits":[{"text":"Domini illimitati"},{"text":"Assistenza clienti professionale e ben documentata"},{"text":"Supporto gratuito per l'installazione"},{"text":"Completamente personalizzabile"}],"pricing_button_text":"Aggiungi al sito web","pricing_button_url":"#demo"}],"related_apps_title":"","related_apps_hidden":"0","author":"","image":[],"title":"","job":"","social_networks":[]},"_links":{"self":[{"href":"https:\/\/elfsight.com\/it\/wp-json\/wp\/v2\/pages\/3964","targetHints":{"allow":["GET"]}}],"collection":[{"href":"https:\/\/elfsight.com\/it\/wp-json\/wp\/v2\/pages"}],"about":[{"href":"https:\/\/elfsight.com\/it\/wp-json\/wp\/v2\/types\/page"}],"author":[{"embeddable":true,"href":"https:\/\/elfsight.com\/it\/wp-json\/wp\/v2\/users\/9"}],"replies":[{"embeddable":true,"href":"https:\/\/elfsight.com\/it\/wp-json\/wp\/v2\/comments?post=3964"}],"version-history":[{"count":2,"href":"https:\/\/elfsight.com\/it\/wp-json\/wp\/v2\/pages\/3964\/revisions"}],"predecessor-version":[{"id":9631,"href":"https:\/\/elfsight.com\/it\/wp-json\/wp\/v2\/pages\/3964\/revisions\/9631"}],"up":[{"embeddable":true,"href":"https:\/\/elfsight.com\/it\/wp-json\/wp\/v2\/pages\/2489"}],"wp:attachment":[{"href":"https:\/\/elfsight.com\/it\/wp-json\/wp\/v2\/media?parent=3964"}],"curies":[{"name":"wp","href":"https:\/\/api.w.org\/{rel}","templated":true}]}}