{"id":3957,"date":"2024-05-03T06:31:22","date_gmt":"2024-05-03T06:31:22","guid":{"rendered":"https:\/\/elfsight.com\/it\/?page_id=3957"},"modified":"2024-11-11T11:21:59","modified_gmt":"2024-11-11T11:21:59","slug":"jimdo","status":"publish","type":"page","link":"https:\/\/elfsight.com\/it\/button-widget\/jimdo\/","title":{"rendered":"Button &#8211; Jimdo"},"content":{"rendered":"<div class=\"application-platform-content-item-description application-platform-content-item\" id=\"description\" data-nav-section=\"description\"> <h2>Descrizione<\/h2> <p>Elfsight Button \u00e8 uno strumento per Jimdo che ti consente di creare vari pulsanti per diversi obiettivi sul tuo sito. Ci sono tantissime azioni che possono essere intraprese non appena il visitatore del tuo sito web fa clic sul pulsante. Ad esempio, possono essere inviati a un URL, comporre un numero, comunicare in un noto messenger e altro ancora. Il nostro pulsante \u00e8 straordinariamente personalizzabile: puoi scrivere qualsiasi messaggio e contenuto attorno al pulsante e modificarne le dimensioni e lo stile. <\/p> <p><b>Utilizza un pulsante accattivante per aumentare le vendite sul tuo sito web, ottenere pi\u00f9 abbonati sui tuoi social media e molto altro ancora! <\/b><\/p> <\/div> <div class=\"application-platform-content-item-features application-platform-content-item\" id=\"features\" data-nav-section=\"features\"> <h2>Il widget ha funzionalit\u00e0 utili e semplici, eccone alcune: <\/h2> &lt;<ul><li>Due tipi di posizionamento dei pulsanti: incorporato e mobile<\/li><li>Una possibilit\u00e0 di aggiungere contenuto attorno al pulsante<\/li><li>Un&#8217;etichetta che pu\u00f2 contenere 2 righe<\/li><li>Pi\u00f9 di 8 varianti di azioni dopo un clic<\/li><\/ul><p><a href=\"#demo\">Puoi vedere cosa offre il widget provando la demo<\/a><\/p> <\/div> <div class=\"application-platform-content-item-installazione application-platform-content-item\" id=\"installazione\" data-nav-section=\"installazione\"> <h2>Come aggiungo Button alla mia pagina web Jimdo? <\/h2> <p>Basta applicare le istruzioni seguenti per inserire il widget. <\/p> <ol><li><b>Apri la nostra demo gratuita e inizia a creare il tuo widget personalizzato. <\/b><br> Trova la forma personalizzata e i tratti funzionali del widget e applica le modifiche. <\/li> <li><b>Acquisisci il tuo codice individuale rivelato nella casella su Elfsight Apps. <\/b><br> Subito dopo aver terminato la creazione del tuo widget personale, copia il codice esclusivo dal popup emerso e conservalo per un uso futuro. <\/li> <li><b>Inizia a utilizzare il widget sulla tua home page Jimdo. <\/b><br> Implementa il codice che hai copiato di recente nella tua pagina web e applica le correzioni. <\/li> <li><b>Il gioco \u00e8 fatto! La configurazione \u00e8 completamente terminata. <\/b><br> Vai alla tua pagina web per esaminare le prestazioni del widget. <\/li><\/ol> <p>Nella condizione di affrontare domande o affrontare alcune complicazioni, non aver paura di metterti in contatto con il nostro personale del servizio clienti. I nostri specialisti saranno entusiasti di aiutarti con tutte le domande che potresti avere sul prodotto. <\/p> <div class=\"faq\" data-component=\"FAQ\"><div class=\"faq-item\">\r\n\t\t\t\t\t<div class=\"faq-item-question\">\r\n\t\t\t\t\t\t<h3 class=\"faq-item-question-text\">Come aggiungere Button al mio sito web Jimdo senza competenze di programmazione?<\/h3>\r\n\r\n\t\t\t\t\t\t<div class=\"faq-item-question-icon\"><\/div>\r\n\t\t\t\t\t<\/div>\r\n\r\n\t\t\t\t\t<div class=\"faq-item-answer\">\r\n\t\t\t\t\t\t<div class=\"faq-item-answer-text\"> <p>Elfsight fornisce una soluzione SaaS che ti consente di creare tu stesso un widget Button, scopri quanto \u00e8 semplice il processo: Lavora direttamente nell&#8217;editor online per creare un widget pulsante che vorresti vedere sul tuo sito Jimdo. Scegli uno dei modelli predefiniti e regola le impostazioni del pulsante, aggiungi i tuoi contenuti, modifica il layout e i colori senza alcuna competenza di codifica. Salva il pulsante e copia il codice di installazione, che potrai incorporare facilmente nel tuo sito Jimdo senza acquistare un piano a pagamento. Con il nostro editor intuitivo qualsiasi utente di Internet pu\u00f2 creare un widget pulsante online e incorporarlo facilmente nel proprio sito Jimdo. Non \u00e8 necessario pagare n\u00e9 inserire le credenziali della carta per accedere al servizio. In caso di problemi in qualsiasi momento, non esitare a contattare il nostro team di supporto tecnico.<\/p> <\/div>\r\n\t\t\t\t\t<\/div>\r\n\t\t\t\t<\/div> <\/div><\/div>","protected":false},"excerpt":{"rendered":"","protected":false},"author":9,"featured_media":0,"parent":2489,"menu_order":0,"comment_status":"closed","ping_status":"closed","template":"templates\/template-application-platform.php","meta":{"publish_to_discourse":"","publish_post_category":"","wpdc_auto_publish_overridden":"","wpdc_topic_tags":"","wpdc_pin_topic":"","wpdc_pin_until":"","discourse_post_id":"","discourse_permalink":"","wpdc_publishing_response":"","wpdc_publishing_error":"","footnotes":""},"class_list":["post-3957","page","type-page","status-publish","hentry"],"yoast_head":"<!-- This site is optimized with the Yoast SEO plugin v25.3.1 - https:\/\/yoast.com\/wordpress\/plugins\/seo\/ -->\n<title>Widget per la creazione di pulsanti: aggiungi il widget pulsante a Jimdo (2026)<\/title>\n<meta name=\"description\" content=\"Prova il widget del pulsante per Jimdo. Acquisisci nuovi follower, aumenta le vendite e raggiungi il successo della tua attivit\u00e0 con l&#039;aiuto degli strumenti Elfsight!\" \/>\n<meta name=\"robots\" content=\"index, follow, max-snippet:-1, max-image-preview:large, max-video-preview:-1\" \/>\n<link rel=\"canonical\" href=\"https:\/\/elfsight.com\/it\/button-widget\/jimdo\/\" \/>\n<meta property=\"og:locale\" content=\"it_IT\" \/>\n<meta property=\"og:type\" content=\"article\" \/>\n<meta property=\"og:title\" content=\"Widget per la creazione di pulsanti: aggiungi il widget pulsante a Jimdo (2026)\" \/>\n<meta property=\"og:description\" content=\"Prova il widget del pulsante per Jimdo. Acquisisci nuovi follower, aumenta le vendite e raggiungi il successo della tua attivit\u00e0 con l&#039;aiuto degli strumenti Elfsight!\" \/>\n<meta property=\"og:url\" content=\"https:\/\/elfsight.com\/it\/button-widget\/jimdo\/\" \/>\n<meta property=\"og:site_name\" content=\"Elfsight IT\" \/>\n<meta property=\"article:modified_time\" content=\"2024-11-11T11:21:59+00:00\" \/>\n<meta name=\"twitter:card\" content=\"summary_large_image\" \/>\n<meta name=\"twitter:label1\" content=\"Tempo di lettura stimato\" \/>\n\t<meta name=\"twitter:data1\" content=\"2 minuti\" \/>\n<!-- \/ Yoast SEO plugin. -->","yoast_head_json":{"title":"Widget per la creazione di pulsanti: aggiungi il widget pulsante a Jimdo (2026)","description":"Prova il widget del pulsante per Jimdo. Acquisisci nuovi follower, aumenta le vendite e raggiungi il successo della tua attivit\u00e0 con l'aiuto degli strumenti Elfsight!","robots":{"index":"index","follow":"follow","max-snippet":"max-snippet:-1","max-image-preview":"max-image-preview:large","max-video-preview":"max-video-preview:-1"},"canonical":"https:\/\/elfsight.com\/it\/button-widget\/jimdo\/","og_locale":"it_IT","og_type":"article","og_title":"Widget per la creazione di pulsanti: aggiungi il widget pulsante a Jimdo (2026)","og_description":"Prova il widget del pulsante per Jimdo. Acquisisci nuovi follower, aumenta le vendite e raggiungi il successo della tua attivit\u00e0 con l'aiuto degli strumenti Elfsight!","og_url":"https:\/\/elfsight.com\/it\/button-widget\/jimdo\/","og_site_name":"Elfsight IT","article_modified_time":"2024-11-11T11:21:59+00:00","twitter_card":"summary_large_image","twitter_misc":{"Tempo di lettura stimato":"2 minuti"},"schema":{"@context":"https:\/\/schema.org","@graph":[{"@type":"WebPage","@id":"https:\/\/elfsight.com\/it\/button-widget\/jimdo\/","url":"https:\/\/elfsight.com\/it\/button-widget\/jimdo\/","name":"Widget per la creazione di pulsanti: aggiungi il widget pulsante a Jimdo (2026)","isPartOf":{"@id":"https:\/\/elfsight.com\/it\/#website"},"datePublished":"2024-05-03T06:31:22+00:00","dateModified":"2024-11-11T11:21:59+00:00","description":"Prova il widget del pulsante per Jimdo. Acquisisci nuovi follower, aumenta le vendite e raggiungi il successo della tua attivit\u00e0 con l'aiuto degli strumenti Elfsight!","breadcrumb":{"@id":"https:\/\/elfsight.com\/it\/button-widget\/jimdo\/#breadcrumb"},"inLanguage":"it-IT","potentialAction":[{"@type":"ReadAction","target":["https:\/\/elfsight.com\/it\/button-widget\/jimdo\/"]}]},{"@type":"BreadcrumbList","@id":"https:\/\/elfsight.com\/it\/button-widget\/jimdo\/#breadcrumb","itemListElement":[{"@type":"ListItem","position":1,"name":"Home","item":"https:\/\/elfsight.com\/it\/"},{"@type":"ListItem","position":2,"name":"Button","item":"https:\/\/elfsight.com\/it\/button-widget\/"},{"@type":"ListItem","position":3,"name":"Button &#8211; Jimdo"}]},{"@type":"WebSite","@id":"https:\/\/elfsight.com\/it\/#website","url":"https:\/\/elfsight.com\/it\/","name":"Elfsight IT","description":"Just another Elfsight Sites site","potentialAction":[{"@type":"SearchAction","target":{"@type":"EntryPoint","urlTemplate":"https:\/\/elfsight.com\/it\/?s={search_term_string}"},"query-input":{"@type":"PropertyValueSpecification","valueRequired":true,"valueName":"search_term_string"}}],"inLanguage":"it-IT"}]}},"meta_box":{"industry":"","seo_heading":"","heading":"","description":"","cta_heading":"","cta_description":"","application":"2488","h1":"Widget pulsante Jimdo","h1_caption":"Aggiungi un pulsante di invito all'azione personalizzabile per incoraggiare i clic e guidare i tuoi utenti verso le conversioni nel tuo sito web iFrame senza sforzo.","application_category":[],"applications_title":"","applications_request_title":"","applications_request_button_text":"","hero_text":"","hero_video":"","hero_video_schema_markup":"","selling_points_title":"","selling_points_caption":"","selling_points":[],"selling_points_cta_text":"","features_title":"","features":"","ed_cta_examples_text":"","ed_cta_examples_hidden":"","ed_cta_demo_text":"","ed_cta_demo_hidden":"","why_caption":"","why_editor_title":"","why_editor_text":"","why_team_title":"","why_team_text":"","why_service_title":"","why_service_text":"","template_catalog_visible":"","template_catalog_title":"","template_catalog_text":"","template_catalog_categories_visible":"","demo_title":"Crea il tuo widget Pulsante","demo_caption":"Configura il tuo Button e aggiungilo gratuitamente al tuo sito Jimdo!","default_faq_hidden":"","app_template_category":[],"platform":"55","template_public_id":"","codecanyon_url":"","codecanyon_item_id":"","codecanyon_price":"","pricing_caption":"","pricing_elfsight_apps_hide_column":"","pricing_elfsight_apps_url":"","pricing_codecanyon_price_caption":"","integration_category":[],"integration_request_title":"","integration_request_cta":"","integration_platform":"","integrations":[],"platform_category":[],"video_schema_markup":"","price":"da $ 0 al mese","trial":"","benefits":[{"text":"Aiuto per l'installazione gratuito"},{"text":"Servizio clienti professionale"},{"text":"Garanzia di rimborso di 14 giorni"},{"text":"Sviluppo continuo"}],"button_url":"#demo","button_target_blank":"","button_nofollow":"","attributes":[{"name":"Installazioni"},{"name":"Reattivo","content":"S\u00cc"},{"name":"Browser compatibili","content":"IE11, Firefox, Safari, Opera, Chrome, Edge"}],"tags":[],"tags_disable_links":"","hide_more_platforms":"","video_object":"","demo_hide_cta":"","demo_hide_cloud_options":"","pricing_title":"","pricing":[{"pricing_icon":"platform","pricing_title":"Elfsight Apps","pricing_title_caption":"Versione multipiattaforma che funziona su qualsiasi sito web","pricing_price":"da $ 0 \/ mese","pricing_price_caption":"inizia con un piano gratuito","pricing_benefits":[{"text":"Domini illimitati"},{"text":"Supporto professionale e puntuale e ben documentato"},{"text":"Servizio di installazione gratuito"},{"text":"100% personalizzabile"}],"pricing_button_text":"Aggiungi al sito web","pricing_button_url":"#demo"}],"related_apps_title":"","related_apps_hidden":"","author":"","image":[],"title":"","job":"","social_networks":[]},"_links":{"self":[{"href":"https:\/\/elfsight.com\/it\/wp-json\/wp\/v2\/pages\/3957","targetHints":{"allow":["GET"]}}],"collection":[{"href":"https:\/\/elfsight.com\/it\/wp-json\/wp\/v2\/pages"}],"about":[{"href":"https:\/\/elfsight.com\/it\/wp-json\/wp\/v2\/types\/page"}],"author":[{"embeddable":true,"href":"https:\/\/elfsight.com\/it\/wp-json\/wp\/v2\/users\/9"}],"replies":[{"embeddable":true,"href":"https:\/\/elfsight.com\/it\/wp-json\/wp\/v2\/comments?post=3957"}],"version-history":[{"count":1,"href":"https:\/\/elfsight.com\/it\/wp-json\/wp\/v2\/pages\/3957\/revisions"}],"predecessor-version":[{"id":3961,"href":"https:\/\/elfsight.com\/it\/wp-json\/wp\/v2\/pages\/3957\/revisions\/3961"}],"up":[{"embeddable":true,"href":"https:\/\/elfsight.com\/it\/wp-json\/wp\/v2\/pages\/2489"}],"wp:attachment":[{"href":"https:\/\/elfsight.com\/it\/wp-json\/wp\/v2\/media?parent=3957"}],"curies":[{"name":"wp","href":"https:\/\/api.w.org\/{rel}","templated":true}]}}