{"id":3956,"date":"2024-05-03T06:31:21","date_gmt":"2024-05-03T06:31:21","guid":{"rendered":"https:\/\/elfsight.com\/it\/?page_id=3956"},"modified":"2025-03-21T11:24:19","modified_gmt":"2025-03-21T11:24:19","slug":"squarespace","status":"publish","type":"page","link":"https:\/\/elfsight.com\/it\/business-hours-widget\/squarespace\/","title":{"rendered":"Business Hours &#8211; Squarespace"},"content":{"rendered":"\n<div class=\"application-platform-content-item-description application-platform-content-item\" id=\"description\" data-nav-section=\"description\"> <h2>Incorpora l&#8217;orario lavorativo su Squarespace con un plugin Elfsight<\/h2> <p>Elfsight Business Hours per Squarespace \u00e8 un semplice widget che ti aiuta a proietta un simpatico biglietto da visita con i principali dati riguardanti la tua attivit\u00e0. Puoi visualizzare informazioni sul tuo stato lavorativo e abilitare i contatti per i tuoi clienti. Il widget ti consente di progettare design intuitivi, in modo che i clienti possano facilmente esplorare tutte le informazioni richieste in breve o in modo pi\u00f9 dettagliato.<\/p><p>Il meraviglioso widget include alcuni modelli, in modo che tu sia libero di scegliere l&#8217;opzione migliore per il tuo sito. Ogni modello ha impostazioni flessibili per consentirti di creare una soluzione personale con le opzioni necessarie come i pulsanti di ordine e registrazione. Incorporare l&#8217;orario di lavoro e i contatti della tua azienda nel tuo sito web \u00e8 assolutamente facile con Elfsight grazie a tutorial e linee guida chiari. Qualsiasi titolare di un sito web pu\u00f2 creare e incorporare gratuitamente l&#8217;orario lavorativo senza codice.<\/p><p><b>Aggiungi dettagli aziendali al tuo sito web per aumentare le conversioni e la fidelizzazione dei clienti. Condividi informazioni importanti sulle tue ore di attivit\u00e0 in modo chiaro sul sito web. <\/b><\/p><p>Con questo widget incorporato nel tuo sito web Squarespace, puoi rendere i tuoi clienti pi\u00f9 informati sui tuoi periodi lavorativi e ottenere vendite regolari. Esplora alcuni dei vantaggi pi\u00f9 evidenti per il tuo sito web quando aggiungi il widget dell&#8217;orario di lavoro.<\/p><ul><li><b>Lascia che i tuoi clienti siano sempre in orario.<\/b> Aumenta le vendite, mentre essendo sempre presente negli orari corrispondenti. I visitatori del tuo sito web ricorderanno i tuoi orari di disponibilit\u00e0 e saranno pi\u00f9 convinti a effettuare un acquisto di successo quando saranno pronti. <\/li><li><b>Evita confusione riguardo ai tuoi orari di lavoro.<\/b> Mostrare ai clienti i tuoi corretti orari di lavoro li render\u00e0 pi\u00f9 fedeli alla tua attivit\u00e0 perch\u00e9 potranno pianificare una prenotazione o una visita in Voi. Ci\u00f2 garantir\u00e0 pi\u00f9 vendite<\/li><li><b>Visualizza i contatti in modo conveniente.<\/b> L&#8217;aggiunta dei contatti al tuo orario lavorativo senza codice ti consente di creare una migliore comunicazione con il tuo pubblico e di aumentare le vendite pi\u00f9 velocemente. Dimostra che sei qui per rispondere alle loro domande sui tuoi prodotti e servizi, ottenendo cos\u00ec maggiore fiducia e approvazione. <\/li><\/ul><div class=\"faq\" data-component=\"FAQ\"><div class=\"faq-item\">\r\n\t\t\t\t\t<div class=\"faq-item-question\">\r\n\t\t\t\t\t\t<h3 class=\"faq-item-question-text\">Ci sono altri plugin per Squarespace che posso utilizzare sul mio sito web?<\/h3>\r\n\r\n\t\t\t\t\t\t<div class=\"faq-item-question-icon\"><\/div>\r\n\t\t\t\t\t<\/div>\r\n\r\n\t\t\t\t\t<div class=\"faq-item-answer\">\r\n\t\t\t\t\t\t<div class=\"faq-item-answer-text\">Possiamo garantirti molti plugin perfettamente funzionanti per raggiungere qualsiasi tipo di obiettivo sul tuo sito web e aumentare le vendite. Ad esempio, prova app come: <a href=\"https:\/\/elfsight.com\/google-reviews-widget\/squarespace\/\" target=\"_blank\" rel=\"noopener\">Google Recensioni<\/a>, <a href=\"https:\/\/elfsight.com\/whatsapp-chat-widget\/squarespace\/\" target=\"_blank\" rel=\"noopener\">Chat di WhatsApp<\/a>, <a href=\"https:\/\/elfsight.com\/event-calendar-widget\/squarespace\/\" target=\"_blank\" rel=\"noopener\">Calendario eventi<\/a>, <a href=\"https:\/\/elfsight.com\/countdown-timer-widget\/squarespace\/\" target=\"_blank\" rel=\"noopener\">Conto alla rovescia<\/a>, <a href=\"https:\/\/elfsight.com\/qr-code-widget\/squarespace\/\" target=\"_blank\" rel=\"noopener\">Codice QR<\/a>. <\/div>\r\n\t\t\t\t\t<\/div>\r\n\t\t\t\t<\/div><div class=\"faq-item\">\r\n\t\t\t\t\t<div class=\"faq-item-question\">\r\n\t\t\t\t\t\t<h3 class=\"faq-item-question-text\">Come posso trarre vantaggio dall'aggiunta dell'orario lavorativo senza codice al sito web Squarespace?<\/h3>\r\n\r\n\t\t\t\t\t\t<div class=\"faq-item-question-icon\"><\/div>\r\n\t\t\t\t\t<\/div>\r\n\r\n\t\t\t\t\t<div class=\"faq-item-answer\">\r\n\t\t\t\t\t\t<div class=\"faq-item-answer-text\"> Accedi a molti scenari per migliorare le statistiche di conversione e le vendite con l&#8217;orario lavorativo senza codice. Con i modelli di Elfsight per questa fantastica app, puoi scegliere tattiche aziendali personalizzate. Puoi mostrare informazioni approfondite sugli orari di apertura e sui modi per contattarti o semplicemente incorporare un popup minimalista sullo stato dell&#8217;attivit\u00e0 nel sito web. Puoi creare schede di contatto con la nostra app e inserirle nelle aree preferibili del sito per attirare l&#8217;attenzione e informare i clienti sullo stato della tua attivit\u00e0 e sull&#8217;attivit\u00e0 di vendita. <\/div>\r\n\t\t\t\t\t<\/div>\r\n\t\t\t\t<\/div><div class=\"faq-item\">\r\n\t\t\t\t\t<div class=\"faq-item-question\">\r\n\t\t\t\t\t\t<h3 class=\"faq-item-question-text\">Come incorporare gratuitamente l'orario di lavoro senza codice su Squarespace?<\/h3>\r\n\r\n\t\t\t\t\t\t<div class=\"faq-item-question-icon\"><\/div>\r\n\t\t\t\t\t<\/div>\r\n\r\n\t\t\t\t\t<div class=\"faq-item-answer\">\r\n\t\t\t\t\t\t<div class=\"faq-item-answer-text\">Integrare un plug-in per l&#8217;orario di lavoro senza codice nel tuo sito web Squarespace \u00e8 un ottimo modo per avviare la comunicazione con i clienti e parlare loro del tuo ora e stato validi. Qui puoi vedere i tutorial su come aggiungere il plugin Business Hours al tuo sito web. <ol><li>Per aggiungere gratuitamente un plug-in Elfsight Business Hours a Squarespace, vai al sito Web Elfsight e registrati.<\/li> <li>Regola il plug-in adattandone l&#8217;aspetto e le impostazioni per integrarlo con il design del tuo sito Web .<\/li> <li>Dopo aver modificato il plug-in dell&#8217;orario di lavoro, copia il codice fornito e incollalo nel punto in cui desideri che venga visualizzato il plug-in.<\/li><\/ol><p>Aggiungendo l&#8217;orario di lavoro al tuo sito web Squarespace, aumenter\u00e0 sicuramente la sua attrattiva visiva e aumenter\u00e0 il coinvolgimento continuo dei visitatori insieme ai tassi di entrate. Prova i vantaggi del plugin Elfsight Business Hours sul tuo sito web! <\/p><\/div>\r\n\t\t\t\t\t<\/div>\r\n\t\t\t\t<\/div><\/div><\/div><div class=\"application-platform-content-item-features application-platform-content-item\" id=\"features\" data-nav-section=\"features\"> <h2>Esplora l&#8217;elenco delle funzionalit\u00e0 pi\u00f9 importanti:<\/h2> <ul><li>Mostra le novit\u00e0 attuali della tua attivit\u00e0 stato di lavoro<\/li><li>Semplice modifica dell&#8217;orario <\/li><li>Configurazione di occasioni speciali<\/li><li>Stato attuale dell&#8217;azienda<\/li><li>Grafico degli orari di apertura inseribile o stato di efficienza dello spazio<\/li><\/ul><p><a href=\"#demo\">Prova tutte le impostazioni nella demo completamente funzionante<\/a><\/p> <\/div> <div class=\"application-platform-content-item-installation application-platform-content-item\" id=\"installation\" data-nav-section=\"installation\"> <h2>Come posso incorporare gli orari di apertura nel mio sito web Squarespace?<\/h2><p>Segui semplicemente le istruzioni seguenti per incorporare il plug-in.<\/p> <ol><li><b>Avvia il nostro editor e inizia a creare i tuoi orari di attivit\u00e0 personalizzati collegare. <\/b><br> Specifica l&#8217;aspetto personalizzato e le caratteristiche funzionali del plugin e apporta le correzioni desiderate. <\/li> <li><b>Copia il codice personale incorporato che appare nel modulo speciale sulle app Elfsight.<\/b><br> Subito dopo aver completato la creazione del tuo plugin, copia il codice individuale nella finestra visualizzata e conservarlo per necessit\u00e0 future. <\/li> <li><b>Inizia a utilizzare l&#8217;app aggiunta sul tuo sito web.<\/b><br> Inserisci il codice che hai ricevuto in precedenza nella home page di Squarespace e salva le correzioni. <\/li> <li><b>Fatto! La configurazione del tuo orario lavorativo senza codice \u00e8 completamente completata.<\/b><br> Vai al tuo sito web per vedere in azione le prestazioni del plug-in che attira clienti e vendite. <\/li><\/ol> <p>Se dovessi contestare eventuali complicazioni con questo widget Squarespace, rivolgiti al nostro team di supporto. I nostri consulenti saranno lieti di aiutarti con tutte le difficolt\u00e0 che potresti incontrare con il widget. <\/p><\/div>\n","protected":false},"excerpt":{"rendered":"","protected":false},"author":9,"featured_media":0,"parent":3120,"menu_order":0,"comment_status":"closed","ping_status":"closed","template":"templates\/template-application-platform.php","meta":{"publish_to_discourse":"","publish_post_category":"","wpdc_auto_publish_overridden":"","wpdc_topic_tags":"","wpdc_pin_topic":"","wpdc_pin_until":"","discourse_post_id":"","discourse_permalink":"","wpdc_publishing_response":"","wpdc_publishing_error":"","footnotes":""},"class_list":["post-3956","page","type-page","status-publish","hentry"],"yoast_head":"<!-- This site is optimized with the Yoast SEO plugin v25.3.1 - https:\/\/yoast.com\/wordpress\/plugins\/seo\/ -->\n<title>Aggiungi orari lavorativi a Squarespace: incorpora gli orari nelle pagine<\/title>\n<meta name=\"description\" content=\"Incorpora un widget Orario lavorativo personalizzabile in Squarespace per mostrare lo stato attuale. Crea la tua app personale per l&#039;orario di lavoro nella demo.\" \/>\n<meta name=\"robots\" content=\"index, follow, max-snippet:-1, max-image-preview:large, max-video-preview:-1\" \/>\n<link rel=\"canonical\" href=\"https:\/\/elfsight.com\/it\/business-hours-widget\/squarespace\/\" \/>\n<meta property=\"og:locale\" content=\"it_IT\" \/>\n<meta property=\"og:type\" content=\"article\" \/>\n<meta property=\"og:title\" content=\"Aggiungi orari lavorativi a Squarespace: incorpora gli orari nelle pagine\" \/>\n<meta property=\"og:description\" content=\"Incorpora un widget Orario lavorativo personalizzabile in Squarespace per mostrare lo stato attuale. Crea la tua app personale per l&#039;orario di lavoro nella demo.\" \/>\n<meta property=\"og:url\" content=\"https:\/\/elfsight.com\/it\/business-hours-widget\/squarespace\/\" \/>\n<meta property=\"og:site_name\" content=\"Elfsight IT\" \/>\n<meta property=\"article:modified_time\" content=\"2025-03-21T11:24:19+00:00\" \/>\n<meta name=\"twitter:card\" content=\"summary_large_image\" \/>\n<meta name=\"twitter:label1\" content=\"Tempo di lettura stimato\" \/>\n\t<meta name=\"twitter:data1\" content=\"5 minuti\" \/>\n<!-- \/ Yoast SEO plugin. -->","yoast_head_json":{"title":"Aggiungi orari lavorativi a Squarespace: incorpora gli orari nelle pagine","description":"Incorpora un widget Orario lavorativo personalizzabile in Squarespace per mostrare lo stato attuale. Crea la tua app personale per l'orario di lavoro nella demo.","robots":{"index":"index","follow":"follow","max-snippet":"max-snippet:-1","max-image-preview":"max-image-preview:large","max-video-preview":"max-video-preview:-1"},"canonical":"https:\/\/elfsight.com\/it\/business-hours-widget\/squarespace\/","og_locale":"it_IT","og_type":"article","og_title":"Aggiungi orari lavorativi a Squarespace: incorpora gli orari nelle pagine","og_description":"Incorpora un widget Orario lavorativo personalizzabile in Squarespace per mostrare lo stato attuale. Crea la tua app personale per l'orario di lavoro nella demo.","og_url":"https:\/\/elfsight.com\/it\/business-hours-widget\/squarespace\/","og_site_name":"Elfsight IT","article_modified_time":"2025-03-21T11:24:19+00:00","twitter_card":"summary_large_image","twitter_misc":{"Tempo di lettura stimato":"5 minuti"},"schema":{"@context":"https:\/\/schema.org","@graph":[{"@type":"WebPage","@id":"https:\/\/elfsight.com\/it\/business-hours-widget\/squarespace\/","url":"https:\/\/elfsight.com\/it\/business-hours-widget\/squarespace\/","name":"Aggiungi orari lavorativi a Squarespace: incorpora gli orari nelle pagine","isPartOf":{"@id":"https:\/\/elfsight.com\/it\/#website"},"datePublished":"2024-05-03T06:31:21+00:00","dateModified":"2025-03-21T11:24:19+00:00","description":"Incorpora un widget Orario lavorativo personalizzabile in Squarespace per mostrare lo stato attuale. Crea la tua app personale per l'orario di lavoro nella demo.","breadcrumb":{"@id":"https:\/\/elfsight.com\/it\/business-hours-widget\/squarespace\/#breadcrumb"},"inLanguage":"it-IT","potentialAction":[{"@type":"ReadAction","target":["https:\/\/elfsight.com\/it\/business-hours-widget\/squarespace\/"]}]},{"@type":"BreadcrumbList","@id":"https:\/\/elfsight.com\/it\/business-hours-widget\/squarespace\/#breadcrumb","itemListElement":[{"@type":"ListItem","position":1,"name":"Home","item":"https:\/\/elfsight.com\/it\/"},{"@type":"ListItem","position":2,"name":"Business Hours","item":"https:\/\/elfsight.com\/it\/business-hours-widget\/"},{"@type":"ListItem","position":3,"name":"Business Hours &#8211; Squarespace"}]},{"@type":"WebSite","@id":"https:\/\/elfsight.com\/it\/#website","url":"https:\/\/elfsight.com\/it\/","name":"Elfsight IT","description":"Just another Elfsight Sites site","potentialAction":[{"@type":"SearchAction","target":{"@type":"EntryPoint","urlTemplate":"https:\/\/elfsight.com\/it\/?s={search_term_string}"},"query-input":{"@type":"PropertyValueSpecification","valueRequired":true,"valueName":"search_term_string"}}],"inLanguage":"it-IT"}]}},"meta_box":{"industry":"","seo_heading":"","heading":"","description":"","cta_heading":"","cta_description":"","application":"3111","h1":"Plug-in per l'orario lavorativo di Squarespace","h1_caption":"Visualizza i tuoi orari di lavoro in un formato chiaro e accattivante per informare facilmente i visitatori della tua disponibilit\u00e0 nel tuo sito web Squarespace.","application_category":[],"applications_title":"","applications_request_title":"","applications_request_button_text":"","hero_text":"","hero_video":"","hero_video_schema_markup":"","selling_points_title":"","selling_points_caption":"","selling_points":[],"selling_points_cta_text":"","features_title":"","features":"","ed_cta_examples_text":"","ed_cta_examples_hidden":"","ed_cta_demo_text":"","ed_cta_demo_hidden":"","why_caption":"","why_editor_title":"","why_editor_text":"","why_team_title":"","why_team_text":"","why_service_title":"","why_service_text":"","template_catalog_visible":"0","template_catalog_title":"","template_catalog_text":"","template_catalog_categories_visible":"","demo_title":"Crea il tuo plug-in per l'orario lavorativo","demo_caption":"Configura il tuo orario lavorativo e aggiungilo gratuitamente al tuo sito web Squarespace!","default_faq_hidden":"","app_template_category":[],"platform":"43","template_public_id":"","codecanyon_url":"","codecanyon_item_id":"","codecanyon_price":"","pricing_caption":"","pricing_elfsight_apps_hide_column":"","pricing_elfsight_apps_url":"","pricing_codecanyon_price_caption":"","integration_category":[],"integration_request_title":"","integration_request_cta":"","integration_platform":"","integrations":[],"platform_category":[],"video_schema_markup":"","price":"da $ 0 al mese","trial":"","benefits":[{"text":"Servizio di installazione gratuito"},{"text":"Supporto premium"},{"text":"Garanzia di rimborso di 14 giorni"},{"text":"Aggiornamenti gratuiti a vita"}],"button_url":"#demo","button_target_blank":"0","button_nofollow":"0","attributes":[{"name":"Installazioni"},{"name":"Reattivo","content":"S\u00cc"},{"name":"Browser compatibili","content":"IE11, Firefox, Safari, Opera, Chrome, Edge"}],"tags":[],"tags_disable_links":"0","hide_more_platforms":"0","video_object":"","demo_hide_cta":"0","demo_hide_cloud_options":"0","pricing_title":"","pricing":[{"pricing_icon":"platform","pricing_title":"Elfsight Apps","pricing_title_caption":"Software multipiattaforma che funziona su qualsiasi sito web","pricing_price":"da $ 0 \/ mese","pricing_price_caption":"inizia con un piano gratuito","pricing_benefits":[{"text":"Siti web illimitati"},{"text":"Assistenza clienti premium"},{"text":"Servizio di installazione gratuito"},{"text":"Completamente personalizzabile"}],"pricing_button_text":"Aggiungi al sito web","pricing_button_url":"#demo"}],"related_apps_title":"","related_apps_hidden":"0","author":"","image":[],"title":"","job":"","social_networks":[]},"_links":{"self":[{"href":"https:\/\/elfsight.com\/it\/wp-json\/wp\/v2\/pages\/3956","targetHints":{"allow":["GET"]}}],"collection":[{"href":"https:\/\/elfsight.com\/it\/wp-json\/wp\/v2\/pages"}],"about":[{"href":"https:\/\/elfsight.com\/it\/wp-json\/wp\/v2\/types\/page"}],"author":[{"embeddable":true,"href":"https:\/\/elfsight.com\/it\/wp-json\/wp\/v2\/users\/9"}],"replies":[{"embeddable":true,"href":"https:\/\/elfsight.com\/it\/wp-json\/wp\/v2\/comments?post=3956"}],"version-history":[{"count":3,"href":"https:\/\/elfsight.com\/it\/wp-json\/wp\/v2\/pages\/3956\/revisions"}],"predecessor-version":[{"id":9619,"href":"https:\/\/elfsight.com\/it\/wp-json\/wp\/v2\/pages\/3956\/revisions\/9619"}],"up":[{"embeddable":true,"href":"https:\/\/elfsight.com\/it\/wp-json\/wp\/v2\/pages\/3120"}],"wp:attachment":[{"href":"https:\/\/elfsight.com\/it\/wp-json\/wp\/v2\/media?parent=3956"}],"curies":[{"name":"wp","href":"https:\/\/api.w.org\/{rel}","templated":true}]}}